{"id":49582,"date":"2024-11-22T10:19:29","date_gmt":"2024-11-22T13:19:29","guid":{"rendered":"https:\/\/produncan.cl\/trends-und-aktuelle-entwicklungen\/"},"modified":"2025-12-17T17:38:18","modified_gmt":"2025-12-17T20:38:18","slug":"trends-und-aktuelle-entwicklungen","status":"publish","type":"page","link":"https:\/\/produncan.cl\/de\/trends-und-aktuelle-entwicklungen\/","title":{"rendered":"Trends und aktuelle Entwicklungen"},"content":{"rendered":"\t\t<div data-elementor-type=\"wp-page\" data-elementor-id=\"49582\" class=\"elementor elementor-49582 elementor-36207\" data-elementor-post-type=\"page\">\n\t\t\t\t<div class=\"elementor-element elementor-element-4fcd912 e-con-full e-flex e-con e-parent\" data-id=\"4fcd912\" data-element_type=\"container\" data-e-type=\"container\" data-settings=\"{&quot;jet_parallax_layout_list&quot;:[]}\">\n\t\t\t\t<div class=\"elementor-element elementor-element-848d05d elementor-widget elementor-widget-jet-posts\" data-id=\"848d05d\" data-element_type=\"widget\" data-e-type=\"widget\" data-settings=\"{&quot;columns&quot;:&quot;1&quot;}\" data-widget_type=\"jet-posts.default\">\n\t\t\t\t<div class=\"elementor-widget-container\">\n\t\t\t\t\t<div class=\"elementor-jet-posts jet-elements\"><div class=\"jet-posts col-row  jet-equal-cols\"><div class=\"jet-posts__item\">\n\t<div class=\"jet-posts__inner-box\"><div class=\"jet-posts__inner-content\"><h4 class=\"entry-title\"><a href=\"https:\/\/produncan.cl\/de\/wirtschaft-und-markt-immobilien-september-2025\/\" target=\"_blank\">Wirtschaft und Markt Immobilien September 2025<\/a><\/h4><div class=\"post-meta\"><span class=\"post__date post-meta__item\"><a href=\"https:\/\/produncan.cl\/de\/2025\/10\/09\/\"  class=\"post__date-link\" ><time datetime=\"2025-10-09T17:37:25-03:00\" title=\"2025-10-09T17:37:25-03:00\">9 de October de 2025<\/time><\/a><\/span><span class=\"post__comments post-meta__item\">Comments: <a href=\"https:\/\/produncan.cl\/de\/wirtschaft-und-markt-immobilien-september-2025\/#respond\"  class=\"post__comments-link\">0<\/a><\/span><\/div><div class=\"entry-excerpt\">\n<p>Die chilenische Wirtschaftslage ist nach wie vor durch mehrere Spannungsfelder gekennzeichnet, die die sektorale Leistungsf\u00e4higkeit begrenzen. Auf politischer Ebene dr\u00e4ngt die laufende Debatte \u00fcber Strukturreformen die Vorsicht zwischen Investoren und Verbrauchern, wodurch eine h\u00f6here Risikopr\u00e4mie in den Erwartungen entsteht. Auf der Wirtschaftsfront zeigt das Bild ein moderates Wachstum, begleitet von anhaltender Inflation und Aufw\u00e4rtsdruck. Angesichts dieses Szenarios w\u00e4hlen die Zentralbanken in ihren geldpolitischen Entscheidungen mit Vorsicht zu handeln und das Ziel der Preisstabilit\u00e4t zu priorisieren.<\/p>\n\n<p>Auf externer Ebene versch\u00e4rft eine Reihe von Faktoren Unsicherheit: Die US-Handelspolitik, der russisch-ukrainische Konflikt, die Stagnation der T\u00e4tigkeit in Europa und die finanziellen Spannungen in China stellen latente Bedrohungen dar. Chiles hohe Exposition gegen\u00fcber externen Schocks erh\u00f6ht das Risiko von negativen Auswirkungen auf die Inlandsinflation.<\/p>\n\n<p>Auf lokaler Finanzebene waren die Zinss\u00e4tze f\u00fcr Kredite seit 2021 deutlich h\u00f6her als bei der Versch\u00e4rfung der Geldpolitik. Diese Erh\u00f6hungen erh\u00f6hten die Kosten der Wohnungsfinanzierung auf nicht seit 2009 gesehene Niveaus und f\u00fchrten zu einer Verringerung der Kreditzeiten von bis zu 30 Jahren auf 20- 25 Jahre. In den sp\u00e4ten 2025 und Anfang 2025 wurde jedoch eine leichte Erholung der langfristigen Zinss\u00e4tze beobachtet, wodurch der Hypothekenmarkt unter etwas g\u00fcnstigeren Bedingungen betrieben wird. Die Banking Credit Survey der Zentralbank best\u00e4tigt, dass die Banken im zweiten Quartal 2025 keine signifikanten \u00c4nderungen der Kreditstandards f\u00fcr Unternehmen melden, w\u00e4hrend f\u00fcr den Verbrauch einige Offenheit beobachtet wird.<\/p>\n\n<p>Der Arbeitsmarkt hat auch Konsequenzen: W\u00e4hrend der Gesundheitskrise gingen etwa 2 Millionen Arbeitspl\u00e4tze verloren, und obwohl die Erholung allm\u00e4hlich war und die Besch\u00e4ftigung jetzt die vor-pandemischen Zahlen in einigen Segmenten \u00fcbertrifft, ist die Arbeitslosenquote noch hoch, gesch\u00e4tzt um etwa 8,7% am Ende des zweiten Quartals. (Informationen auf Basis von Sektorberichten).<\/p>\n\n<p>Das Vertrauen des Verbraucherunternehmens bleibt trotz einiger spezifischer Verbesserungen gering. Der von ICARE und der UAI entwickelte monatliche Konjunkturindikator (IMCE) spiegelt eine anhaltende Wahrnehmung des Pessimismus in Sektoren wie Bauwesen wider, w\u00e4hrend Bergbau und Handel optimistischer zeigen. Diese Ma\u00dfst\u00e4be des Vertrauens machen Investitionen bedingt, da viele strategische Entscheidungen verschoben werden, bis es eine gr\u00f6\u00dfere makro\u00f6konomische Klarheit gibt.<\/p>\n\n<p>Wie f\u00fcr den Immobiliensektor zeigen die Ergebnisse des zweiten Quartals 2025 Mischzeichen. Der Wohnungsverkauf verzeichnete einen bescheidenen Vorschuss von 1 Prozent pro Jahr, w\u00e4hrend die Nachfrage gegen\u00fcber dem Vorquartal um 23 Prozent stieg. Die Wohnungstyp H\u00e4user steigerten ihren Umsatz um 2%, w\u00e4hrend die H\u00e4user einen R\u00fcckgang von 3% verzeichneten. Parallel stieg die Wohnungsversorgung um 4% und erreichte etwa 108.000 verf\u00fcgbare Einheiten (89% Abteilungen, 11% H\u00e4user). Die Verkaufsgeschwindigkeit verschlechterte sich jedoch: Es wird gesch\u00e4tzt, dass etwa 30 Monate ben\u00f6tigt werden, um das bestehende Angebot zu ersch\u00f6pfen, eine Zahl, die die als Balance betrachteten Bereiche \u00fcbersteigt.<\/p>\n\n<p>Kurz gesagt, die chilenische Wirtschaft geht durch eine Periode der Anpassungen und Betr\u00fcgereien. Die Kombination aus hohen Zinsen, politischer Unsicherheit, schwachen Erwartungen und einem herausfordernden Immobilienmarkt setzt die Akteure in Wartemodus. Unter diesen Bedingungen k\u00f6nnten Projekte, die in der Lage sind, das Risiko zu tolerieren und die Erholung zu antizipieren, Wert erfassen.<\/p>\n<\/div><\/div><\/div>\n<\/div>\n<\/div>\n<\/div>\t\t\t\t<\/div>\n\t\t\t\t<\/div>\n\t\t\t\t<\/div>\n\t\t\t\t<\/div>\n\t\t","protected":false},"excerpt":{"rendered":"<p>Econom\u00eda y Mercado Inmobiliario octubre 2025 9 de octubre de 2025Comments: 0 La coyuntura econ\u00f3mica chilena sigue marcada por m\u00faltiples focos de tensi\u00f3n que limitan el desempe\u00f1o sectorial. En el plano pol\u00edtico, el constante debate sobre reformas estructurales alimenta la cautela entre inversionistas y consumidores, generando mayor prima por riesgo en las expectativas. En el [&hellip;]<\/p>\n","protected":false},"author":1,"featured_media":0,"parent":0,"menu_order":0,"comment_status":"closed","ping_status":"closed","template":"","meta":{"_acf_changed":false,"footnotes":""},"class_list":["post-49582","page","type-page","status-publish","hentry"],"acf":[],"yoast_head":"<!-- This site is optimized with the Yoast SEO Premium plugin v26.0 (Yoast SEO v27.4) - https:\/\/yoast.com\/product\/yoast-seo-premium-wordpress\/ -->\n<title>Trends und aktuelle Entwicklungen - Produncan<\/title>\n<meta name=\"description\" content=\"Trend und aktuell: neueste Nachrichten auf dem Immobilienmarkt\" \/>\n<meta name=\"robots\" content=\"index, follow, max-snippet:-1, max-image-preview:large, max-video-preview:-1\" \/>\n<link rel=\"canonical\" href=\"https:\/\/produncan.cl\/de\/trends-und-aktuelle-entwicklungen\/\" \/>\n<meta property=\"og:locale\" content=\"de_DE\" \/>\n<meta property=\"og:type\" content=\"article\" \/>\n<meta property=\"og:title\" content=\"Trends und aktuelle Entwicklungen\" \/>\n<meta property=\"og:description\" content=\"Trend und aktuell: neueste Nachrichten auf dem Immobilienmarkt\" \/>\n<meta property=\"og:url\" content=\"https:\/\/produncan.cl\/de\/trends-und-aktuelle-entwicklungen\/\" \/>\n<meta property=\"og:site_name\" content=\"Produncan\" \/>\n<meta property=\"article:publisher\" content=\"https:\/\/web.facebook.com\/produncanland\" \/>\n<meta property=\"article:modified_time\" content=\"2025-12-17T20:38:18+00:00\" \/>\n<meta name=\"twitter:card\" content=\"summary_large_image\" \/>\n<meta name=\"twitter:label1\" content=\"Est. reading time\" \/>\n\t<meta name=\"twitter:data1\" content=\"33 minutes\" \/>\n<script type=\"application\/ld+json\" class=\"yoast-schema-graph\">{\"@context\":\"https:\\\/\\\/schema.org\",\"@graph\":[{\"@type\":[\"Article\",\"BlogPosting\"],\"@id\":\"https:\\\/\\\/produncan.cl\\\/de\\\/trends-und-aktuelle-entwicklungen\\\/#article\",\"isPartOf\":{\"@id\":\"https:\\\/\\\/produncan.cl\\\/de\\\/trends-und-aktuelle-entwicklungen\\\/\"},\"author\":{\"name\":\"Giovanni Alarc\u00f3n\",\"@id\":\"https:\\\/\\\/produncan.cl\\\/de\\\/#\\\/schema\\\/person\\\/3224dc0b09a83a61e116e35b282c8744\"},\"headline\":\"Trends und aktuelle Entwicklungen\",\"datePublished\":\"2024-11-22T13:19:29+00:00\",\"dateModified\":\"2025-12-17T20:38:18+00:00\",\"mainEntityOfPage\":{\"@id\":\"https:\\\/\\\/produncan.cl\\\/de\\\/trends-und-aktuelle-entwicklungen\\\/\"},\"wordCount\":6665,\"publisher\":{\"@id\":\"https:\\\/\\\/produncan.cl\\\/de\\\/#organization\"},\"inLanguage\":\"de-DE\"},{\"@type\":\"WebPage\",\"@id\":\"https:\\\/\\\/produncan.cl\\\/de\\\/trends-und-aktuelle-entwicklungen\\\/\",\"url\":\"https:\\\/\\\/produncan.cl\\\/de\\\/trends-und-aktuelle-entwicklungen\\\/\",\"name\":\"Trends und aktuelle Entwicklungen - Produncan\",\"isPartOf\":{\"@id\":\"https:\\\/\\\/produncan.cl\\\/de\\\/#website\"},\"datePublished\":\"2024-11-22T13:19:29+00:00\",\"dateModified\":\"2025-12-17T20:38:18+00:00\",\"description\":\"Trend und aktuell: neueste Nachrichten auf dem Immobilienmarkt\",\"breadcrumb\":{\"@id\":\"https:\\\/\\\/produncan.cl\\\/de\\\/trends-und-aktuelle-entwicklungen\\\/#breadcrumb\"},\"inLanguage\":\"de-DE\",\"potentialAction\":[{\"@type\":\"ReadAction\",\"target\":[\"https:\\\/\\\/produncan.cl\\\/de\\\/trends-und-aktuelle-entwicklungen\\\/\"]}]},{\"@type\":\"BreadcrumbList\",\"@id\":\"https:\\\/\\\/produncan.cl\\\/de\\\/trends-und-aktuelle-entwicklungen\\\/#breadcrumb\",\"itemListElement\":[{\"@type\":\"ListItem\",\"position\":1,\"name\":\"Inicio\",\"item\":\"https:\\\/\\\/produncan.cl\\\/de\\\/\"},{\"@type\":\"ListItem\",\"position\":2,\"name\":\"Trends und aktuelle Entwicklungen\"}]},{\"@type\":\"WebSite\",\"@id\":\"https:\\\/\\\/produncan.cl\\\/de\\\/#website\",\"url\":\"https:\\\/\\\/produncan.cl\\\/de\\\/\",\"name\":\"Produncan\",\"description\":\"Wir begleiten Sie bei Ihrem Lebensprojekt!\",\"publisher\":{\"@id\":\"https:\\\/\\\/produncan.cl\\\/de\\\/#organization\"},\"potentialAction\":[{\"@type\":\"SearchAction\",\"target\":{\"@type\":\"EntryPoint\",\"urlTemplate\":\"https:\\\/\\\/produncan.cl\\\/de\\\/?s={search_term_string}\"},\"query-input\":{\"@type\":\"PropertyValueSpecification\",\"valueRequired\":true,\"valueName\":\"search_term_string\"}}],\"inLanguage\":\"de-DE\"},{\"@type\":\"Organization\",\"@id\":\"https:\\\/\\\/produncan.cl\\\/de\\\/#organization\",\"name\":\"Produncan\",\"url\":\"https:\\\/\\\/produncan.cl\\\/de\\\/\",\"logo\":{\"@type\":\"ImageObject\",\"inLanguage\":\"de-DE\",\"@id\":\"https:\\\/\\\/produncan.cl\\\/de\\\/#\\\/schema\\\/logo\\\/image\\\/\",\"url\":\"https:\\\/\\\/produncan.cl\\\/wp-content\\\/uploads\\\/2021\\\/03\\\/LOGO.jpeg\",\"contentUrl\":\"https:\\\/\\\/produncan.cl\\\/wp-content\\\/uploads\\\/2021\\\/03\\\/LOGO.jpeg\",\"width\":1280,\"height\":903,\"caption\":\"Produncan\"},\"image\":{\"@id\":\"https:\\\/\\\/produncan.cl\\\/de\\\/#\\\/schema\\\/logo\\\/image\\\/\"},\"sameAs\":[\"https:\\\/\\\/web.facebook.com\\\/produncanland\",\"https:\\\/\\\/www.instagram.com\\\/pro_duncan\\\/\",\"https:\\\/\\\/www.linkedin.com\\\/company\\\/produncan-lands\\\/\",\"https:\\\/\\\/www.youtube.com\\\/channel\\\/UCu7N-f3x0svkazD-Eew1-QQ\"],\"description\":\"En Produncan somos especialistas en la venta de terrenos en el sur de Chile. Proveemos estancias, campos, parcelas y hoteles.\",\"email\":\"info@produncan.cl\"},{\"@type\":\"Person\",\"@id\":\"https:\\\/\\\/produncan.cl\\\/de\\\/#\\\/schema\\\/person\\\/3224dc0b09a83a61e116e35b282c8744\",\"name\":\"Giovanni Alarc\u00f3n\",\"image\":{\"@type\":\"ImageObject\",\"inLanguage\":\"de-DE\",\"@id\":\"https:\\\/\\\/secure.gravatar.com\\\/avatar\\\/64c465439fe8f4eee2cf6200c349a39727bdd86c547e989e30b1edae44dac264?s=96&d=mm&r=g\",\"url\":\"https:\\\/\\\/secure.gravatar.com\\\/avatar\\\/64c465439fe8f4eee2cf6200c349a39727bdd86c547e989e30b1edae44dac264?s=96&d=mm&r=g\",\"contentUrl\":\"https:\\\/\\\/secure.gravatar.com\\\/avatar\\\/64c465439fe8f4eee2cf6200c349a39727bdd86c547e989e30b1edae44dac264?s=96&d=mm&r=g\",\"caption\":\"Giovanni Alarc\u00f3n\"},\"sameAs\":[\"https:\\\/\\\/produncan.cl\"]}]}<\/script>\n<!-- \/ Yoast SEO Premium plugin. -->","yoast_head_json":{"title":"Trends und aktuelle Entwicklungen - Produncan","description":"Trend und aktuell: neueste Nachrichten auf dem Immobilienmarkt","robots":{"index":"index","follow":"follow","max-snippet":"max-snippet:-1","max-image-preview":"max-image-preview:large","max-video-preview":"max-video-preview:-1"},"canonical":"https:\/\/produncan.cl\/de\/trends-und-aktuelle-entwicklungen\/","og_locale":"de_DE","og_type":"article","og_title":"Trends und aktuelle Entwicklungen","og_description":"Trend und aktuell: neueste Nachrichten auf dem Immobilienmarkt","og_url":"https:\/\/produncan.cl\/de\/trends-und-aktuelle-entwicklungen\/","og_site_name":"Produncan","article_publisher":"https:\/\/web.facebook.com\/produncanland","article_modified_time":"2025-12-17T20:38:18+00:00","twitter_card":"summary_large_image","twitter_misc":{"Est. reading time":"33 minutes"},"schema":{"@context":"https:\/\/schema.org","@graph":[{"@type":["Article","BlogPosting"],"@id":"https:\/\/produncan.cl\/de\/trends-und-aktuelle-entwicklungen\/#article","isPartOf":{"@id":"https:\/\/produncan.cl\/de\/trends-und-aktuelle-entwicklungen\/"},"author":{"name":"Giovanni Alarc\u00f3n","@id":"https:\/\/produncan.cl\/de\/#\/schema\/person\/3224dc0b09a83a61e116e35b282c8744"},"headline":"Trends und aktuelle Entwicklungen","datePublished":"2024-11-22T13:19:29+00:00","dateModified":"2025-12-17T20:38:18+00:00","mainEntityOfPage":{"@id":"https:\/\/produncan.cl\/de\/trends-und-aktuelle-entwicklungen\/"},"wordCount":6665,"publisher":{"@id":"https:\/\/produncan.cl\/de\/#organization"},"inLanguage":"de-DE"},{"@type":"WebPage","@id":"https:\/\/produncan.cl\/de\/trends-und-aktuelle-entwicklungen\/","url":"https:\/\/produncan.cl\/de\/trends-und-aktuelle-entwicklungen\/","name":"Trends und aktuelle Entwicklungen - Produncan","isPartOf":{"@id":"https:\/\/produncan.cl\/de\/#website"},"datePublished":"2024-11-22T13:19:29+00:00","dateModified":"2025-12-17T20:38:18+00:00","description":"Trend und aktuell: neueste Nachrichten auf dem Immobilienmarkt","breadcrumb":{"@id":"https:\/\/produncan.cl\/de\/trends-und-aktuelle-entwicklungen\/#breadcrumb"},"inLanguage":"de-DE","potentialAction":[{"@type":"ReadAction","target":["https:\/\/produncan.cl\/de\/trends-und-aktuelle-entwicklungen\/"]}]},{"@type":"BreadcrumbList","@id":"https:\/\/produncan.cl\/de\/trends-und-aktuelle-entwicklungen\/#breadcrumb","itemListElement":[{"@type":"ListItem","position":1,"name":"Inicio","item":"https:\/\/produncan.cl\/de\/"},{"@type":"ListItem","position":2,"name":"Trends und aktuelle Entwicklungen"}]},{"@type":"WebSite","@id":"https:\/\/produncan.cl\/de\/#website","url":"https:\/\/produncan.cl\/de\/","name":"Produncan","description":"Wir begleiten Sie bei Ihrem Lebensprojekt!","publisher":{"@id":"https:\/\/produncan.cl\/de\/#organization"},"potentialAction":[{"@type":"SearchAction","target":{"@type":"EntryPoint","urlTemplate":"https:\/\/produncan.cl\/de\/?s={search_term_string}"},"query-input":{"@type":"PropertyValueSpecification","valueRequired":true,"valueName":"search_term_string"}}],"inLanguage":"de-DE"},{"@type":"Organization","@id":"https:\/\/produncan.cl\/de\/#organization","name":"Produncan","url":"https:\/\/produncan.cl\/de\/","logo":{"@type":"ImageObject","inLanguage":"de-DE","@id":"https:\/\/produncan.cl\/de\/#\/schema\/logo\/image\/","url":"https:\/\/produncan.cl\/wp-content\/uploads\/2021\/03\/LOGO.jpeg","contentUrl":"https:\/\/produncan.cl\/wp-content\/uploads\/2021\/03\/LOGO.jpeg","width":1280,"height":903,"caption":"Produncan"},"image":{"@id":"https:\/\/produncan.cl\/de\/#\/schema\/logo\/image\/"},"sameAs":["https:\/\/web.facebook.com\/produncanland","https:\/\/www.instagram.com\/pro_duncan\/","https:\/\/www.linkedin.com\/company\/produncan-lands\/","https:\/\/www.youtube.com\/channel\/UCu7N-f3x0svkazD-Eew1-QQ"],"description":"En Produncan somos especialistas en la venta de terrenos en el sur de Chile. Proveemos estancias, campos, parcelas y hoteles.","email":"info@produncan.cl"},{"@type":"Person","@id":"https:\/\/produncan.cl\/de\/#\/schema\/person\/3224dc0b09a83a61e116e35b282c8744","name":"Giovanni Alarc\u00f3n","image":{"@type":"ImageObject","inLanguage":"de-DE","@id":"https:\/\/secure.gravatar.com\/avatar\/64c465439fe8f4eee2cf6200c349a39727bdd86c547e989e30b1edae44dac264?s=96&d=mm&r=g","url":"https:\/\/secure.gravatar.com\/avatar\/64c465439fe8f4eee2cf6200c349a39727bdd86c547e989e30b1edae44dac264?s=96&d=mm&r=g","contentUrl":"https:\/\/secure.gravatar.com\/avatar\/64c465439fe8f4eee2cf6200c349a39727bdd86c547e989e30b1edae44dac264?s=96&d=mm&r=g","caption":"Giovanni Alarc\u00f3n"},"sameAs":["https:\/\/produncan.cl"]}]}},"_links":{"self":[{"href":"https:\/\/produncan.cl\/de\/wp-json\/wp\/v2\/pages\/49582","targetHints":{"allow":["GET"]}}],"collection":[{"href":"https:\/\/produncan.cl\/de\/wp-json\/wp\/v2\/pages"}],"about":[{"href":"https:\/\/produncan.cl\/de\/wp-json\/wp\/v2\/types\/page"}],"author":[{"embeddable":true,"href":"https:\/\/produncan.cl\/de\/wp-json\/wp\/v2\/users\/1"}],"replies":[{"embeddable":true,"href":"https:\/\/produncan.cl\/de\/wp-json\/wp\/v2\/comments?post=49582"}],"version-history":[{"count":38,"href":"https:\/\/produncan.cl\/de\/wp-json\/wp\/v2\/pages\/49582\/revisions"}],"predecessor-version":[{"id":53843,"href":"https:\/\/produncan.cl\/de\/wp-json\/wp\/v2\/pages\/49582\/revisions\/53843"}],"wp:attachment":[{"href":"https:\/\/produncan.cl\/de\/wp-json\/wp\/v2\/media?parent=49582"}],"curies":[{"name":"wp","href":"https:\/\/api.w.org\/{rel}","templated":true}]}}