{"id":7261,"date":"2021-03-23T22:19:00","date_gmt":"2021-03-24T01:19:00","guid":{"rendered":"https:\/\/produncan.cl\/datenschutzbestimmungen\/"},"modified":"2025-06-06T19:05:31","modified_gmt":"2025-06-06T23:05:31","slug":"datenschutzbestimmungen","status":"publish","type":"page","link":"https:\/\/produncan.cl\/de\/datenschutzbestimmungen\/","title":{"rendered":"Datenschutzbestimmungen"},"content":{"rendered":"\t\t<div data-elementor-type=\"wp-page\" data-elementor-id=\"7261\" class=\"elementor elementor-7261 elementor-265\" data-elementor-post-type=\"page\">\n\t\t\t\t\t\t<section class=\"elementor-section elementor-top-section elementor-element elementor-element-60d617e9 elementor-section-boxed elementor-section-height-default elementor-section-height-default\" data-id=\"60d617e9\" data-element_type=\"section\" data-e-type=\"section\" data-settings=\"{&quot;jet_parallax_layout_list&quot;:[]}\">\n\t\t\t\t\t\t<div class=\"elementor-container elementor-column-gap-default\">\n\t\t\t\t\t<div class=\"elementor-column elementor-col-100 elementor-top-column elementor-element elementor-element-68385928\" data-id=\"68385928\" data-element_type=\"column\" data-e-type=\"column\">\n\t\t\t<div class=\"elementor-widget-wrap elementor-element-populated\">\n\t\t\t\t\t\t<div class=\"elementor-element elementor-element-f53c91d elementor-align-left elementor-widget elementor-widget-global elementor-global-30836 elementor-global-416 elementor-widget-button\" data-id=\"f53c91d\" data-element_type=\"widget\" data-e-type=\"widget\" data-widget_type=\"button.default\">\n\t\t\t\t\t\t\t\t\t\t<a class=\"elementor-button elementor-button-link elementor-size-sm\" href=\"https:\/\/produncan.cl\/propiedades\">\n\t\t\t\t\t\t<span class=\"elementor-button-content-wrapper\">\n\t\t\t\t\t\t\t\t\t<span class=\"elementor-button-text\">Zur\u00fcck zum Anfang<\/span>\n\t\t\t\t\t<\/span>\n\t\t\t\t\t<\/a>\n\t\t\t\t\t\t\t\t<\/div>\n\t\t\t\t<div class=\"elementor-element elementor-element-2d370284 elementor-widget elementor-widget-text-editor\" data-id=\"2d370284\" data-element_type=\"widget\" data-e-type=\"widget\" data-widget_type=\"text-editor.default\">\n\t\t\t\t\t\t\t\t\t\n<h2>1. einleitung<\/h2>\n<p>Wir bei Produncan Lands SpA nehmen den Schutz und die Sicherheit der Daten unserer Nutzer und Kunden sehr ernst. In dieser Datenschutzrichtlinie wird erl\u00e4utert, wie wir personenbezogene Daten, die \u00fcber unsere Kontaktformulare auf unserer Website und andere Kommunikationskan\u00e4le \u00fcbermittelt werden, erfassen, verwenden und sch\u00fctzen. <\/p>\n<h2>2. Gesammelte Daten<\/h2>\n<p>Wenn Nutzer ein Kontaktformular auf unserer Website ausf\u00fcllen, erfassen wir die folgenden personenbezogenen Daten:<\/p>\n<p>&#8211; Vollst\u00e4ndiger Name<br>&#8211; E-Mail Adresse<br>&#8211; Telefonnummer<\/p>\n<h2>3. Nutzung von Informationen<\/h2>\n<p>&#8211; Die gesammelten Daten werden ausschlie\u00dflich zu folgenden Zwecken verwendet:<br>&#8211; Kontaktaufnahme mit Interessenten an unseren Immobilienvermittlungsdienstleistungen.<br>&#8211; Beantwortung von Anfragen und Bereitstellung von Informationen \u00fcber unsere Immobilien und Dienstleistungen.<br>&#8211; Aufrechterhaltung einer effizienten Kommunikation mit unseren Kunden und potenziellen K\u00e4ufern oder Mietern.<\/p>\n<h2>4. Datenschutz und Datenspeicherung<\/h2>\n<p>Wir verpflichten uns, die pers\u00f6nlichen Daten unserer Nutzer zu sch\u00fctzen, indem wir geeignete Sicherheitsma\u00dfnahmen ergreifen, um unbefugten Zugriff, Missbrauch oder die Offenlegung von Daten zu verhindern.<\/p>\n<h2>5. Wir geben keine Informationen an Dritte weiter<\/h2>\n<p>Unter keinen Umst\u00e4nden werden wir die pers\u00f6nlichen Daten unserer Nutzer an Dritte weitergeben, verkaufen oder verteilen. Die gesammelten Informationen werden ausschlie\u00dflich von Produncan Lands SpA f\u00fcr die in dieser Richtlinie genannten Zwecke verwendet. <\/p>\n<h2>6. Benutzerrechte<\/h2>\n<p>Die Nutzer haben das Recht auf:<\/p>\n<p>&#8211; Zugang zu den von uns erhobenen personenbezogenen Daten zu beantragen.<br>&#8211; Ihre pers\u00f6nlichen Daten zu \u00e4ndern oder zu korrigieren.<br>&#8211; die L\u00f6schung Ihrer Daten aus unseren Unterlagen beantragen.<\/p>\n<p>Um diese Rechte auszu\u00fcben, wenden Sie sich bitte an info@produncan.cl.<\/p>\n<h2>7. \u00c4nderungen der Datenschutzrichtlinie<\/h2>\n<p>Wir behalten uns das Recht vor, diese Datenschutzrichtlinie jederzeit zu aktualisieren. Alle \u00c4nderungen werden Ihnen \u00fcber unsere Website mitgeteilt. <\/p>\n<h2>8. Kontakt<\/h2>\n<p>Wenn Sie Fragen zu unserer Datenschutzpolitik oder zur Verarbeitung Ihrer pers\u00f6nlichen Daten haben, k\u00f6nnen Sie sich an uns wenden:<\/p>\n<p>Produncan Lands SpA<br>info@produncan.cl<br>M\u00f3vil (569) 78066038<br>WhatsApp (569) 93058903<\/p>\n\t\t\t\t\t\t\t\t<\/div>\n\t\t\t\t\t<\/div>\n\t\t<\/div>\n\t\t\t\t\t<\/div>\n\t\t<\/section>\n\t\t\t\t<\/div>\n\t\t","protected":false},"excerpt":{"rendered":"<p>Volver al inicio 1. einleitung Wir bei Produncan Lands SpA nehmen den Schutz und die Sicherheit der Daten unserer Nutzer und Kunden sehr ernst. In dieser Datenschutzrichtlinie wird erl\u00e4utert, wie wir personenbezogene Daten, die \u00fcber unsere Kontaktformulare auf unserer Website und andere Kommunikationskan\u00e4le \u00fcbermittelt werden, erfassen, verwenden und sch\u00fctzen. 2. Gesammelte Daten Wenn Nutzer ein [&hellip;]<\/p>\n","protected":false},"author":1,"featured_media":0,"parent":0,"menu_order":31,"comment_status":"closed","ping_status":"closed","template":"","meta":{"_acf_changed":false,"footnotes":""},"class_list":["post-7261","page","type-page","status-publish","hentry"],"acf":[],"yoast_head":"<!-- This site is optimized with the Yoast SEO Premium plugin v26.0 (Yoast SEO v27.3) - https:\/\/yoast.com\/product\/yoast-seo-premium-wordpress\/ -->\n<title>- Produncan Wir begleiten Ihr Lebensprojekt!<\/title>\n<meta name=\"description\" content=\"Lesen Sie die Datenschutzrichtlinie von Produncan, um sich \u00fcber die Verarbeitung personenbezogener Daten zu informieren, die wir bei Ihrem Besuch auf unserer Website erfassen.\" \/>\n<meta name=\"robots\" content=\"index, follow, max-snippet:-1, max-image-preview:large, max-video-preview:-1\" \/>\n<link rel=\"canonical\" href=\"https:\/\/produncan.cl\/de\/datenschutzbestimmungen\/\" \/>\n<meta property=\"og:locale\" content=\"de_DE\" \/>\n<meta property=\"og:type\" content=\"article\" \/>\n<meta property=\"og:title\" content=\"Datenschutzbestimmungen\" \/>\n<meta property=\"og:description\" content=\"Lesen Sie die Datenschutzrichtlinie von Produncan, um sich \u00fcber die Verarbeitung personenbezogener Daten zu informieren, die wir bei Ihrem Besuch auf unserer Website erfassen.\" \/>\n<meta property=\"og:url\" content=\"https:\/\/produncan.cl\/de\/datenschutzbestimmungen\/\" \/>\n<meta property=\"og:site_name\" content=\"Produncan\" \/>\n<meta property=\"article:publisher\" content=\"https:\/\/web.facebook.com\/produncanland\" \/>\n<meta property=\"article:modified_time\" content=\"2025-06-06T23:05:31+00:00\" \/>\n<meta name=\"twitter:card\" content=\"summary_large_image\" \/>\n<meta name=\"twitter:label1\" content=\"Est. reading time\" \/>\n\t<meta name=\"twitter:data1\" content=\"2 minutes\" \/>\n<script type=\"application\/ld+json\" class=\"yoast-schema-graph\">{\"@context\":\"https:\\\/\\\/schema.org\",\"@graph\":[{\"@type\":[\"Article\",\"BlogPosting\"],\"@id\":\"https:\\\/\\\/produncan.cl\\\/de\\\/datenschutzbestimmungen\\\/#article\",\"isPartOf\":{\"@id\":\"https:\\\/\\\/produncan.cl\\\/de\\\/datenschutzbestimmungen\\\/\"},\"author\":{\"name\":\"Giovanni Alarc\u00f3n\",\"@id\":\"https:\\\/\\\/produncan.cl\\\/de\\\/#\\\/schema\\\/person\\\/3224dc0b09a83a61e116e35b282c8744\"},\"headline\":\"Datenschutzbestimmungen\",\"datePublished\":\"2021-03-24T01:19:00+00:00\",\"dateModified\":\"2025-06-06T23:05:31+00:00\",\"mainEntityOfPage\":{\"@id\":\"https:\\\/\\\/produncan.cl\\\/de\\\/datenschutzbestimmungen\\\/\"},\"wordCount\":302,\"publisher\":{\"@id\":\"https:\\\/\\\/produncan.cl\\\/de\\\/#organization\"},\"inLanguage\":\"de-DE\"},{\"@type\":\"WebPage\",\"@id\":\"https:\\\/\\\/produncan.cl\\\/de\\\/datenschutzbestimmungen\\\/\",\"url\":\"https:\\\/\\\/produncan.cl\\\/de\\\/datenschutzbestimmungen\\\/\",\"name\":\"- Produncan Wir begleiten Ihr Lebensprojekt!\",\"isPartOf\":{\"@id\":\"https:\\\/\\\/produncan.cl\\\/de\\\/#website\"},\"datePublished\":\"2021-03-24T01:19:00+00:00\",\"dateModified\":\"2025-06-06T23:05:31+00:00\",\"description\":\"Lesen Sie die Datenschutzrichtlinie von Produncan, um sich \u00fcber die Verarbeitung personenbezogener Daten zu informieren, die wir bei Ihrem Besuch auf unserer Website erfassen.\",\"breadcrumb\":{\"@id\":\"https:\\\/\\\/produncan.cl\\\/de\\\/datenschutzbestimmungen\\\/#breadcrumb\"},\"inLanguage\":\"de-DE\",\"potentialAction\":[{\"@type\":\"ReadAction\",\"target\":[\"https:\\\/\\\/produncan.cl\\\/de\\\/datenschutzbestimmungen\\\/\"]}]},{\"@type\":\"BreadcrumbList\",\"@id\":\"https:\\\/\\\/produncan.cl\\\/de\\\/datenschutzbestimmungen\\\/#breadcrumb\",\"itemListElement\":[{\"@type\":\"ListItem\",\"position\":1,\"name\":\"Inicio\",\"item\":\"https:\\\/\\\/produncan.cl\\\/de\\\/\"},{\"@type\":\"ListItem\",\"position\":2,\"name\":\"Datenschutzbestimmungen\"}]},{\"@type\":\"WebSite\",\"@id\":\"https:\\\/\\\/produncan.cl\\\/de\\\/#website\",\"url\":\"https:\\\/\\\/produncan.cl\\\/de\\\/\",\"name\":\"Produncan\",\"description\":\"Wir begleiten Sie bei Ihrem Lebensprojekt!\",\"publisher\":{\"@id\":\"https:\\\/\\\/produncan.cl\\\/de\\\/#organization\"},\"potentialAction\":[{\"@type\":\"SearchAction\",\"target\":{\"@type\":\"EntryPoint\",\"urlTemplate\":\"https:\\\/\\\/produncan.cl\\\/de\\\/?s={search_term_string}\"},\"query-input\":{\"@type\":\"PropertyValueSpecification\",\"valueRequired\":true,\"valueName\":\"search_term_string\"}}],\"inLanguage\":\"de-DE\"},{\"@type\":\"Organization\",\"@id\":\"https:\\\/\\\/produncan.cl\\\/de\\\/#organization\",\"name\":\"Produncan\",\"url\":\"https:\\\/\\\/produncan.cl\\\/de\\\/\",\"logo\":{\"@type\":\"ImageObject\",\"inLanguage\":\"de-DE\",\"@id\":\"https:\\\/\\\/produncan.cl\\\/de\\\/#\\\/schema\\\/logo\\\/image\\\/\",\"url\":\"https:\\\/\\\/produncan.cl\\\/wp-content\\\/uploads\\\/2021\\\/03\\\/LOGO.jpeg\",\"contentUrl\":\"https:\\\/\\\/produncan.cl\\\/wp-content\\\/uploads\\\/2021\\\/03\\\/LOGO.jpeg\",\"width\":1280,\"height\":903,\"caption\":\"Produncan\"},\"image\":{\"@id\":\"https:\\\/\\\/produncan.cl\\\/de\\\/#\\\/schema\\\/logo\\\/image\\\/\"},\"sameAs\":[\"https:\\\/\\\/web.facebook.com\\\/produncanland\",\"https:\\\/\\\/www.instagram.com\\\/pro_duncan\\\/\",\"https:\\\/\\\/www.linkedin.com\\\/company\\\/produncan-lands\\\/\",\"https:\\\/\\\/www.youtube.com\\\/channel\\\/UCu7N-f3x0svkazD-Eew1-QQ\"],\"description\":\"En Produncan somos especialistas en la venta de terrenos en el sur de Chile. Proveemos estancias, campos, parcelas y hoteles.\",\"email\":\"info@produncan.cl\"},{\"@type\":\"Person\",\"@id\":\"https:\\\/\\\/produncan.cl\\\/de\\\/#\\\/schema\\\/person\\\/3224dc0b09a83a61e116e35b282c8744\",\"name\":\"Giovanni Alarc\u00f3n\",\"image\":{\"@type\":\"ImageObject\",\"inLanguage\":\"de-DE\",\"@id\":\"https:\\\/\\\/secure.gravatar.com\\\/avatar\\\/64c465439fe8f4eee2cf6200c349a39727bdd86c547e989e30b1edae44dac264?s=96&d=mm&r=g\",\"url\":\"https:\\\/\\\/secure.gravatar.com\\\/avatar\\\/64c465439fe8f4eee2cf6200c349a39727bdd86c547e989e30b1edae44dac264?s=96&d=mm&r=g\",\"contentUrl\":\"https:\\\/\\\/secure.gravatar.com\\\/avatar\\\/64c465439fe8f4eee2cf6200c349a39727bdd86c547e989e30b1edae44dac264?s=96&d=mm&r=g\",\"caption\":\"Giovanni Alarc\u00f3n\"},\"sameAs\":[\"https:\\\/\\\/produncan.cl\"]}]}<\/script>\n<!-- \/ Yoast SEO Premium plugin. -->","yoast_head_json":{"title":"- Produncan Wir begleiten Ihr Lebensprojekt!","description":"Lesen Sie die Datenschutzrichtlinie von Produncan, um sich \u00fcber die Verarbeitung personenbezogener Daten zu informieren, die wir bei Ihrem Besuch auf unserer Website erfassen.","robots":{"index":"index","follow":"follow","max-snippet":"max-snippet:-1","max-image-preview":"max-image-preview:large","max-video-preview":"max-video-preview:-1"},"canonical":"https:\/\/produncan.cl\/de\/datenschutzbestimmungen\/","og_locale":"de_DE","og_type":"article","og_title":"Datenschutzbestimmungen","og_description":"Lesen Sie die Datenschutzrichtlinie von Produncan, um sich \u00fcber die Verarbeitung personenbezogener Daten zu informieren, die wir bei Ihrem Besuch auf unserer Website erfassen.","og_url":"https:\/\/produncan.cl\/de\/datenschutzbestimmungen\/","og_site_name":"Produncan","article_publisher":"https:\/\/web.facebook.com\/produncanland","article_modified_time":"2025-06-06T23:05:31+00:00","twitter_card":"summary_large_image","twitter_misc":{"Est. reading time":"2 minutes"},"schema":{"@context":"https:\/\/schema.org","@graph":[{"@type":["Article","BlogPosting"],"@id":"https:\/\/produncan.cl\/de\/datenschutzbestimmungen\/#article","isPartOf":{"@id":"https:\/\/produncan.cl\/de\/datenschutzbestimmungen\/"},"author":{"name":"Giovanni Alarc\u00f3n","@id":"https:\/\/produncan.cl\/de\/#\/schema\/person\/3224dc0b09a83a61e116e35b282c8744"},"headline":"Datenschutzbestimmungen","datePublished":"2021-03-24T01:19:00+00:00","dateModified":"2025-06-06T23:05:31+00:00","mainEntityOfPage":{"@id":"https:\/\/produncan.cl\/de\/datenschutzbestimmungen\/"},"wordCount":302,"publisher":{"@id":"https:\/\/produncan.cl\/de\/#organization"},"inLanguage":"de-DE"},{"@type":"WebPage","@id":"https:\/\/produncan.cl\/de\/datenschutzbestimmungen\/","url":"https:\/\/produncan.cl\/de\/datenschutzbestimmungen\/","name":"- Produncan Wir begleiten Ihr Lebensprojekt!","isPartOf":{"@id":"https:\/\/produncan.cl\/de\/#website"},"datePublished":"2021-03-24T01:19:00+00:00","dateModified":"2025-06-06T23:05:31+00:00","description":"Lesen Sie die Datenschutzrichtlinie von Produncan, um sich \u00fcber die Verarbeitung personenbezogener Daten zu informieren, die wir bei Ihrem Besuch auf unserer Website erfassen.","breadcrumb":{"@id":"https:\/\/produncan.cl\/de\/datenschutzbestimmungen\/#breadcrumb"},"inLanguage":"de-DE","potentialAction":[{"@type":"ReadAction","target":["https:\/\/produncan.cl\/de\/datenschutzbestimmungen\/"]}]},{"@type":"BreadcrumbList","@id":"https:\/\/produncan.cl\/de\/datenschutzbestimmungen\/#breadcrumb","itemListElement":[{"@type":"ListItem","position":1,"name":"Inicio","item":"https:\/\/produncan.cl\/de\/"},{"@type":"ListItem","position":2,"name":"Datenschutzbestimmungen"}]},{"@type":"WebSite","@id":"https:\/\/produncan.cl\/de\/#website","url":"https:\/\/produncan.cl\/de\/","name":"Produncan","description":"Wir begleiten Sie bei Ihrem Lebensprojekt!","publisher":{"@id":"https:\/\/produncan.cl\/de\/#organization"},"potentialAction":[{"@type":"SearchAction","target":{"@type":"EntryPoint","urlTemplate":"https:\/\/produncan.cl\/de\/?s={search_term_string}"},"query-input":{"@type":"PropertyValueSpecification","valueRequired":true,"valueName":"search_term_string"}}],"inLanguage":"de-DE"},{"@type":"Organization","@id":"https:\/\/produncan.cl\/de\/#organization","name":"Produncan","url":"https:\/\/produncan.cl\/de\/","logo":{"@type":"ImageObject","inLanguage":"de-DE","@id":"https:\/\/produncan.cl\/de\/#\/schema\/logo\/image\/","url":"https:\/\/produncan.cl\/wp-content\/uploads\/2021\/03\/LOGO.jpeg","contentUrl":"https:\/\/produncan.cl\/wp-content\/uploads\/2021\/03\/LOGO.jpeg","width":1280,"height":903,"caption":"Produncan"},"image":{"@id":"https:\/\/produncan.cl\/de\/#\/schema\/logo\/image\/"},"sameAs":["https:\/\/web.facebook.com\/produncanland","https:\/\/www.instagram.com\/pro_duncan\/","https:\/\/www.linkedin.com\/company\/produncan-lands\/","https:\/\/www.youtube.com\/channel\/UCu7N-f3x0svkazD-Eew1-QQ"],"description":"En Produncan somos especialistas en la venta de terrenos en el sur de Chile. Proveemos estancias, campos, parcelas y hoteles.","email":"info@produncan.cl"},{"@type":"Person","@id":"https:\/\/produncan.cl\/de\/#\/schema\/person\/3224dc0b09a83a61e116e35b282c8744","name":"Giovanni Alarc\u00f3n","image":{"@type":"ImageObject","inLanguage":"de-DE","@id":"https:\/\/secure.gravatar.com\/avatar\/64c465439fe8f4eee2cf6200c349a39727bdd86c547e989e30b1edae44dac264?s=96&d=mm&r=g","url":"https:\/\/secure.gravatar.com\/avatar\/64c465439fe8f4eee2cf6200c349a39727bdd86c547e989e30b1edae44dac264?s=96&d=mm&r=g","contentUrl":"https:\/\/secure.gravatar.com\/avatar\/64c465439fe8f4eee2cf6200c349a39727bdd86c547e989e30b1edae44dac264?s=96&d=mm&r=g","caption":"Giovanni Alarc\u00f3n"},"sameAs":["https:\/\/produncan.cl"]}]}},"_links":{"self":[{"href":"https:\/\/produncan.cl\/de\/wp-json\/wp\/v2\/pages\/7261","targetHints":{"allow":["GET"]}}],"collection":[{"href":"https:\/\/produncan.cl\/de\/wp-json\/wp\/v2\/pages"}],"about":[{"href":"https:\/\/produncan.cl\/de\/wp-json\/wp\/v2\/types\/page"}],"author":[{"embeddable":true,"href":"https:\/\/produncan.cl\/de\/wp-json\/wp\/v2\/users\/1"}],"replies":[{"embeddable":true,"href":"https:\/\/produncan.cl\/de\/wp-json\/wp\/v2\/comments?post=7261"}],"version-history":[{"count":0,"href":"https:\/\/produncan.cl\/de\/wp-json\/wp\/v2\/pages\/7261\/revisions"}],"wp:attachment":[{"href":"https:\/\/produncan.cl\/de\/wp-json\/wp\/v2\/media?parent=7261"}],"curies":[{"name":"wp","href":"https:\/\/api.w.org\/{rel}","templated":true}]}}