{"id":7300,"date":"2021-03-22T10:41:57","date_gmt":"2021-03-22T13:41:57","guid":{"rendered":"https:\/\/produncan.cl\/verkauf-von-immobilienprojekten\/"},"modified":"2025-07-18T18:58:58","modified_gmt":"2025-07-18T22:58:58","slug":"verkauf-von-immobilienprojekten","status":"publish","type":"page","link":"https:\/\/produncan.cl\/de\/verkauf-von-immobilienprojekten\/","title":{"rendered":"Verkauf von Immobilienprojekten"},"content":{"rendered":"\t\t<div data-elementor-type=\"wp-page\" data-elementor-id=\"7300\" class=\"elementor elementor-7300 elementor-2901\" data-elementor-post-type=\"page\">\n\t\t\t\t<div class=\"elementor-element elementor-element-82ad6ed e-flex e-con-boxed e-con e-parent\" data-id=\"82ad6ed\" data-element_type=\"container\" data-e-type=\"container\" data-settings=\"{&quot;jet_parallax_layout_list&quot;:[]}\">\n\t\t\t\t\t<div class=\"e-con-inner\">\n\t\t<div class=\"elementor-element elementor-element-f73b981 e-con-full e-flex e-con e-child\" data-id=\"f73b981\" data-element_type=\"container\" data-e-type=\"container\" data-settings=\"{&quot;jet_parallax_layout_list&quot;:[]}\">\n\t\t\t\t<div class=\"elementor-element elementor-element-763b000 elementor-widget__width-initial elementor-widget-mobile__width-initial elementor-widget elementor-widget-image\" data-id=\"763b000\" data-element_type=\"widget\" data-e-type=\"widget\" data-widget_type=\"image.default\">\n\t\t\t\t\t\t\t\t\t\t\t\t\t\t\t<img fetchpriority=\"high\" decoding=\"async\" width=\"1813\" height=\"877\" src=\"https:\/\/produncan.cl\/wp-content\/uploads\/2022\/08\/MASTERPLAN.webp\" class=\"attachment-full size-full wp-image-6418\" alt=\"\" srcset=\"https:\/\/produncan.cl\/wp-content\/uploads\/2022\/08\/MASTERPLAN.webp 1813w, https:\/\/produncan.cl\/wp-content\/uploads\/2022\/08\/MASTERPLAN-300x145.webp 300w, https:\/\/produncan.cl\/wp-content\/uploads\/2022\/08\/MASTERPLAN-600x290.webp 600w, https:\/\/produncan.cl\/wp-content\/uploads\/2022\/08\/MASTERPLAN-1024x495.webp 1024w, https:\/\/produncan.cl\/wp-content\/uploads\/2022\/08\/MASTERPLAN-768x372.webp 768w, https:\/\/produncan.cl\/wp-content\/uploads\/2022\/08\/MASTERPLAN-1536x743.webp 1536w, https:\/\/produncan.cl\/wp-content\/uploads\/2022\/08\/MASTERPLAN-1568x758.webp 1568w, https:\/\/produncan.cl\/wp-content\/uploads\/2022\/08\/MASTERPLAN-450x218.webp 450w\" sizes=\"(max-width: 1813px) 100vw, 1813px\" \/>\t\t\t\t\t\t\t\t\t\t\t\t\t\t\t<\/div>\n\t\t\t\t<\/div>\n\t\t\t\t\t<\/div>\n\t\t\t\t<\/div>\n\t\t<div class=\"elementor-element elementor-element-78abca5 e-flex e-con-boxed e-con e-parent\" data-id=\"78abca5\" data-element_type=\"container\" data-e-type=\"container\" data-settings=\"{&quot;jet_parallax_layout_list&quot;:[]}\">\n\t\t\t\t\t<div class=\"e-con-inner\">\n\t\t<div class=\"elementor-element elementor-element-97bef76 e-con-full e-flex e-con e-child\" data-id=\"97bef76\" data-element_type=\"container\" data-e-type=\"container\" data-settings=\"{&quot;jet_parallax_layout_list&quot;:[]}\">\n\t\t\t\t<div class=\"elementor-element elementor-element-dcd8546 elementor-widget__width-initial elementor-widget-mobile__width-initial elementor-widget elementor-widget-text-editor\" data-id=\"dcd8546\" data-element_type=\"widget\" data-e-type=\"widget\" data-widget_type=\"text-editor.default\">\n\t\t\t\t\t\t\t\t\t<p class=\"MsoNormal\"><span lang=\"ES-CL\">Wir haben viele Kunden in ganz Chile und im Ausland, die den idealen Ort suchen, um sich mit der Natur zu verbinden, ihr eigenes Land zu bebauen und im Internet zu arbeiten.<\/span><\/p>\n<p class=\"MsoNormal\"><span lang=\"ES-CL\">Wenn Sie ein Immobilienprojekt haben, das die Lebensqualit\u00e4t verbessert und Sie Unterst\u00fctzung ben\u00f6tigen, lagern Sie dessen Verkauf und Nachverkauf aus, in Produncan k\u00f6nnen wir Sie beraten!<\/span><\/p>\n<p class=\"MsoNormal\"><span lang=\"ES-CL\">Wir verf\u00fcgen \u00fcber umfangreiche Erfahrungen beim Verkauf von Immobilienprojekten in l\u00e4ndlichen Gebieten. Und aus unserer Erfahrung heraus wissen wir, wie man Fehler vermeidet, Teams managt und Ihr Projekt zu einem wirklich attraktiven Angebot macht.<\/span><\/p>\n<p class=\"MsoNormal\"><span lang=\"ES-CL\">Wenn Sie unsere Dienste in Anspruch nehmen, erhalten Sie Unterst\u00fctzung bei allen rechtlichen Aspekten, der Kommunikation, der Marktforschung, dem Verkauf und der Nachbearbeitung.<\/span><\/p>\n<p class=\"MsoNormal\">Kontaktieren Sie uns und finden Sie heraus, wie Produncan Ihnen helfen kann, Ihr Ziel zu erreichen.<\/p>\t\t\t\t\t\t\t\t<\/div>\n\t\t\t\t<\/div>\n\t\t\t\t\t<\/div>\n\t\t\t\t<\/div>\n\t\t<div class=\"elementor-element elementor-element-262362b e-flex e-con-boxed e-con e-parent\" data-id=\"262362b\" data-element_type=\"container\" data-e-type=\"container\" data-settings=\"{&quot;jet_parallax_layout_list&quot;:[]}\">\n\t\t\t\t\t<div class=\"e-con-inner\">\n\t\t<div class=\"elementor-element elementor-element-03b2366 e-con-full e-flex e-con e-child\" data-id=\"03b2366\" data-element_type=\"container\" data-e-type=\"container\" data-settings=\"{&quot;jet_parallax_layout_list&quot;:[]}\">\n\t\t\t\t<div class=\"elementor-element elementor-element-d9f9b3f elementor-button-align-center elementor-widget__width-initial elementor-widget-mobile__width-inherit elementor-widget elementor-widget-form\" data-id=\"d9f9b3f\" data-element_type=\"widget\" data-e-type=\"widget\" data-settings=\"{&quot;step_next_label&quot;:&quot;Weiter&quot;,&quot;step_previous_label&quot;:&quot;Vorherige&quot;,&quot;button_width&quot;:&quot;100&quot;,&quot;step_type&quot;:&quot;number_text&quot;,&quot;step_icon_shape&quot;:&quot;circle&quot;}\" data-widget_type=\"form.default\">\n\t\t\t\t\t\t\t<form class=\"elementor-form\" method=\"post\" name=\"Kontakt-Formular\" aria-label=\"Kontakt-Formular\">\n\t\t\t<input type=\"hidden\" name=\"post_id\" value=\"7300\"\/>\n\t\t\t<input type=\"hidden\" name=\"form_id\" value=\"d9f9b3f\"\/>\n\t\t\t<input type=\"hidden\" name=\"referer_title\" value=\"Verkauf von Immobilienprojekten - Produncan\" \/>\n\n\t\t\t\t\t\t\t<input type=\"hidden\" name=\"queried_id\" value=\"7300\"\/>\n\t\t\t\n\t\t\t<div class=\"elementor-form-fields-wrapper elementor-labels-above\">\n\t\t\t\t\t\t\t\t<div class=\"elementor-field-type-text elementor-field-group elementor-column elementor-field-group-name elementor-col-50 elementor-field-required elementor-mark-required\">\n\t\t\t\t\t\t\t\t\t\t\t\t<label for=\"form-field-name\" class=\"elementor-field-label\">\n\t\t\t\t\t\t\t\tName\t\t\t\t\t\t\t<\/label>\n\t\t\t\t\t\t\t\t\t\t\t\t\t\t<input size=\"1\" type=\"text\" name=\"form_fields[name]\" id=\"form-field-name\" class=\"elementor-field elementor-size-sm  elementor-field-textual\" placeholder=\"Geben Sie Ihren Namen ein\" required=\"required\">\n\t\t\t\t\t\t\t\t\t\t\t<\/div>\n\t\t\t\t\t\t\t\t<div class=\"elementor-field-type-email elementor-field-group elementor-column elementor-field-group-email elementor-col-50 elementor-field-required elementor-mark-required\">\n\t\t\t\t\t\t\t\t\t\t\t\t<label for=\"form-field-email\" class=\"elementor-field-label\">\n\t\t\t\t\t\t\t\tE-Mail\t\t\t\t\t\t\t<\/label>\n\t\t\t\t\t\t\t\t\t\t\t\t\t\t<input size=\"1\" type=\"email\" name=\"form_fields[email]\" id=\"form-field-email\" class=\"elementor-field elementor-size-sm  elementor-field-textual\" placeholder=\"Bitte geben Sie Ihre E-Mail Adresse ein\" required=\"required\">\n\t\t\t\t\t\t\t\t\t\t\t<\/div>\n\t\t\t\t\t\t\t\t<div class=\"elementor-field-type-number elementor-field-group elementor-column elementor-field-group-field_926888e elementor-col-100 elementor-field-required elementor-mark-required\">\n\t\t\t\t\t\t\t\t\t\t\t\t<label for=\"form-field-field_926888e\" class=\"elementor-field-label\">\n\t\t\t\t\t\t\t\tTelefon\t\t\t\t\t\t\t<\/label>\n\t\t\t\t\t\t\t\t\t<input type=\"number\" name=\"form_fields[field_926888e]\" id=\"form-field-field_926888e\" class=\"elementor-field elementor-size-sm  elementor-field-textual\" placeholder=\"Bitte geben Sie Ihre Telefonnummer ein\" required=\"required\" min=\"\" max=\"\" >\n\t\t\t\t\t\t<\/div>\n\t\t\t\t\t\t\t\t<div class=\"elementor-field-type-textarea elementor-field-group elementor-column elementor-field-group-message elementor-col-100\">\n\t\t\t\t\t\t\t\t\t\t\t\t<label for=\"form-field-message\" class=\"elementor-field-label\">\n\t\t\t\t\t\t\t\tNachricht\t\t\t\t\t\t\t<\/label>\n\t\t\t\t\t\t<textarea class=\"elementor-field-textual elementor-field  elementor-size-sm\" name=\"form_fields[message]\" id=\"form-field-message\" rows=\"4\" placeholder=\"Ihre Nachricht\"><\/textarea>\t\t\t\t<\/div>\n\t\t\t\t\t\t\t\t<div class=\"elementor-field-group elementor-column elementor-field-type-submit elementor-col-100 e-form__buttons\">\n\t\t\t\t\t<button class=\"elementor-button elementor-size-sm\" type=\"submit\">\n\t\t\t\t\t\t<span class=\"elementor-button-content-wrapper\">\n\t\t\t\t\t\t\t\t\t\t\t\t\t\t\t<span class=\"elementor-button-icon\">\n\t\t\t\t\t\t\t\t\t<svg aria-hidden=\"true\" class=\"e-font-icon-svg e-far-envelope\" viewBox=\"0 0 512 512\" xmlns=\"http:\/\/www.w3.org\/2000\/svg\"><path d=\"M464 64H48C21.49 64 0 85.49 0 112v288c0 26.51 21.49 48 48 48h416c26.51 0 48-21.49 48-48V112c0-26.51-21.49-48-48-48zm0 48v40.805c-22.422 18.259-58.168 46.651-134.587 106.49-16.841 13.247-50.201 45.072-73.413 44.701-23.208.375-56.579-31.459-73.413-44.701C106.18 199.465 70.425 171.067 48 152.805V112h416zM48 400V214.398c22.914 18.251 55.409 43.862 104.938 82.646 21.857 17.205 60.134 55.186 103.062 54.955 42.717.231 80.509-37.199 103.053-54.947 49.528-38.783 82.032-64.401 104.947-82.653V400H48z\"><\/path><\/svg>\t\t\t\t\t\t\t\t\t\t\t\t\t\t\t\t\t<\/span>\n\t\t\t\t\t\t\t\t\t\t\t\t\t\t\t\t\t\t\t\t\t\t<span class=\"elementor-button-text\">Senden Sie<\/span>\n\t\t\t\t\t\t\t\t\t\t\t\t\t<\/span>\n\t\t\t\t\t<\/button>\n\t\t\t\t<\/div>\n\t\t\t<\/div>\n\t\t<\/form>\n\t\t\t\t\t\t<\/div>\n\t\t\t\t<\/div>\n\t\t\t\t\t<\/div>\n\t\t\t\t<\/div>\n\t\t<div class=\"elementor-element elementor-element-e8a2e6e e-flex e-con-boxed e-con e-parent\" data-id=\"e8a2e6e\" data-element_type=\"container\" data-e-type=\"container\" data-settings=\"{&quot;jet_parallax_layout_list&quot;:[]}\">\n\t\t\t\t\t<div class=\"e-con-inner\">\n\t\t<div class=\"elementor-element elementor-element-8a08395 e-con-full e-flex e-con e-child\" data-id=\"8a08395\" data-element_type=\"container\" data-e-type=\"container\" data-settings=\"{&quot;jet_parallax_layout_list&quot;:[]}\">\n\t\t\t\t<div class=\"elementor-element elementor-element-cb912d5 elementor-align-left elementor-widget elementor-widget-button\" data-id=\"cb912d5\" data-element_type=\"widget\" data-e-type=\"widget\" data-widget_type=\"button.default\">\n\t\t\t\t\t\t\t\t\t\t<a class=\"elementor-button elementor-button-link elementor-size-sm\" href=\"https:\/\/produncan.cl\/de\/\">\n\t\t\t\t\t\t<span class=\"elementor-button-content-wrapper\">\n\t\t\t\t\t\t\t\t\t<span class=\"elementor-button-text\">Zur\u00fcck zum Anfang<\/span>\n\t\t\t\t\t<\/span>\n\t\t\t\t\t<\/a>\n\t\t\t\t\t\t\t\t<\/div>\n\t\t\t\t<\/div>\n\t\t\t\t\t<\/div>\n\t\t\t\t<\/div>\n\t\t\t\t<\/div>\n\t\t","protected":false},"excerpt":{"rendered":"<p>Wir haben viele Kunden in ganz Chile und im Ausland, die den idealen Ort suchen, um sich mit der Natur zu verbinden, ihr eigenes Land zu bebauen und im Internet zu arbeiten. Wenn Sie ein Immobilienprojekt haben, das die Lebensqualit\u00e4t verbessert und Sie Unterst\u00fctzung ben\u00f6tigen, lagern Sie dessen Verkauf und Nachverkauf aus, in Produncan k\u00f6nnen [&hellip;]<\/p>\n","protected":false},"author":1,"featured_media":0,"parent":0,"menu_order":34,"comment_status":"closed","ping_status":"closed","template":"","meta":{"_acf_changed":false,"footnotes":""},"class_list":["post-7300","page","type-page","status-publish","hentry"],"acf":[],"yoast_head":"<!-- This site is optimized with the Yoast SEO Premium plugin v26.0 (Yoast SEO v27.4) - https:\/\/yoast.com\/product\/yoast-seo-premium-wordpress\/ -->\n<title>Verkauf von Immobilienprojekten - Produncan<\/title>\n<meta name=\"description\" content=\"Wenn Sie ein Immobilienprojekt haben und Ihren Verkauf und Kundendienst auslagern m\u00f6chten, unterst\u00fctzt Produncan Sie dabei!\" \/>\n<meta name=\"robots\" content=\"index, follow, max-snippet:-1, max-image-preview:large, max-video-preview:-1\" \/>\n<link rel=\"canonical\" href=\"https:\/\/produncan.cl\/de\/verkauf-von-immobilienprojekten\/\" \/>\n<meta property=\"og:locale\" content=\"de_DE\" \/>\n<meta property=\"og:type\" content=\"article\" \/>\n<meta property=\"og:title\" content=\"Verkauf von Immobilienprojekten\" \/>\n<meta property=\"og:description\" content=\"Wenn Sie ein Immobilienprojekt haben und Ihren Verkauf und Kundendienst auslagern m\u00f6chten, unterst\u00fctzt Produncan Sie dabei!\" \/>\n<meta property=\"og:url\" content=\"https:\/\/produncan.cl\/de\/verkauf-von-immobilienprojekten\/\" \/>\n<meta property=\"og:site_name\" content=\"Produncan\" \/>\n<meta property=\"article:publisher\" content=\"https:\/\/web.facebook.com\/produncanland\" \/>\n<meta property=\"article:modified_time\" content=\"2025-07-18T22:58:58+00:00\" \/>\n<meta property=\"og:image\" content=\"https:\/\/produncan.cl\/wp-content\/uploads\/2022\/08\/MASTERPLAN.webp\" \/>\n<meta name=\"twitter:card\" content=\"summary_large_image\" \/>\n<meta name=\"twitter:label1\" content=\"Est. reading time\" \/>\n\t<meta name=\"twitter:data1\" content=\"1 minute\" \/>\n<script type=\"application\/ld+json\" class=\"yoast-schema-graph\">{\"@context\":\"https:\\\/\\\/schema.org\",\"@graph\":[{\"@type\":[\"Article\",\"BlogPosting\"],\"@id\":\"https:\\\/\\\/produncan.cl\\\/de\\\/verkauf-von-immobilienprojekten\\\/#article\",\"isPartOf\":{\"@id\":\"https:\\\/\\\/produncan.cl\\\/de\\\/verkauf-von-immobilienprojekten\\\/\"},\"author\":{\"name\":\"Giovanni Alarc\u00f3n\",\"@id\":\"https:\\\/\\\/produncan.cl\\\/de\\\/#\\\/schema\\\/person\\\/3224dc0b09a83a61e116e35b282c8744\"},\"headline\":\"Verkauf von Immobilienprojekten\",\"datePublished\":\"2021-03-22T13:41:57+00:00\",\"dateModified\":\"2025-07-18T22:58:58+00:00\",\"mainEntityOfPage\":{\"@id\":\"https:\\\/\\\/produncan.cl\\\/de\\\/verkauf-von-immobilienprojekten\\\/\"},\"wordCount\":145,\"publisher\":{\"@id\":\"https:\\\/\\\/produncan.cl\\\/de\\\/#organization\"},\"image\":{\"@id\":\"https:\\\/\\\/produncan.cl\\\/de\\\/verkauf-von-immobilienprojekten\\\/#primaryimage\"},\"thumbnailUrl\":\"https:\\\/\\\/produncan.cl\\\/wp-content\\\/uploads\\\/2022\\\/08\\\/MASTERPLAN.webp\",\"inLanguage\":\"de-DE\"},{\"@type\":\"WebPage\",\"@id\":\"https:\\\/\\\/produncan.cl\\\/de\\\/verkauf-von-immobilienprojekten\\\/\",\"url\":\"https:\\\/\\\/produncan.cl\\\/de\\\/verkauf-von-immobilienprojekten\\\/\",\"name\":\"Verkauf von Immobilienprojekten - Produncan\",\"isPartOf\":{\"@id\":\"https:\\\/\\\/produncan.cl\\\/de\\\/#website\"},\"primaryImageOfPage\":{\"@id\":\"https:\\\/\\\/produncan.cl\\\/de\\\/verkauf-von-immobilienprojekten\\\/#primaryimage\"},\"image\":{\"@id\":\"https:\\\/\\\/produncan.cl\\\/de\\\/verkauf-von-immobilienprojekten\\\/#primaryimage\"},\"thumbnailUrl\":\"https:\\\/\\\/produncan.cl\\\/wp-content\\\/uploads\\\/2022\\\/08\\\/MASTERPLAN.webp\",\"datePublished\":\"2021-03-22T13:41:57+00:00\",\"dateModified\":\"2025-07-18T22:58:58+00:00\",\"description\":\"Wenn Sie ein Immobilienprojekt haben und Ihren Verkauf und Kundendienst auslagern m\u00f6chten, unterst\u00fctzt Produncan Sie dabei!\",\"breadcrumb\":{\"@id\":\"https:\\\/\\\/produncan.cl\\\/de\\\/verkauf-von-immobilienprojekten\\\/#breadcrumb\"},\"inLanguage\":\"de-DE\",\"potentialAction\":[{\"@type\":\"ReadAction\",\"target\":[\"https:\\\/\\\/produncan.cl\\\/de\\\/verkauf-von-immobilienprojekten\\\/\"]}]},{\"@type\":\"ImageObject\",\"inLanguage\":\"de-DE\",\"@id\":\"https:\\\/\\\/produncan.cl\\\/de\\\/verkauf-von-immobilienprojekten\\\/#primaryimage\",\"url\":\"https:\\\/\\\/produncan.cl\\\/wp-content\\\/uploads\\\/2022\\\/08\\\/MASTERPLAN.webp\",\"contentUrl\":\"https:\\\/\\\/produncan.cl\\\/wp-content\\\/uploads\\\/2022\\\/08\\\/MASTERPLAN.webp\"},{\"@type\":\"BreadcrumbList\",\"@id\":\"https:\\\/\\\/produncan.cl\\\/de\\\/verkauf-von-immobilienprojekten\\\/#breadcrumb\",\"itemListElement\":[{\"@type\":\"ListItem\",\"position\":1,\"name\":\"Inicio\",\"item\":\"https:\\\/\\\/produncan.cl\\\/de\\\/\"},{\"@type\":\"ListItem\",\"position\":2,\"name\":\"Verkauf von Immobilienprojekten\"}]},{\"@type\":\"WebSite\",\"@id\":\"https:\\\/\\\/produncan.cl\\\/de\\\/#website\",\"url\":\"https:\\\/\\\/produncan.cl\\\/de\\\/\",\"name\":\"Produncan\",\"description\":\"Wir begleiten Sie bei Ihrem Lebensprojekt!\",\"publisher\":{\"@id\":\"https:\\\/\\\/produncan.cl\\\/de\\\/#organization\"},\"potentialAction\":[{\"@type\":\"SearchAction\",\"target\":{\"@type\":\"EntryPoint\",\"urlTemplate\":\"https:\\\/\\\/produncan.cl\\\/de\\\/?s={search_term_string}\"},\"query-input\":{\"@type\":\"PropertyValueSpecification\",\"valueRequired\":true,\"valueName\":\"search_term_string\"}}],\"inLanguage\":\"de-DE\"},{\"@type\":\"Organization\",\"@id\":\"https:\\\/\\\/produncan.cl\\\/de\\\/#organization\",\"name\":\"Produncan\",\"url\":\"https:\\\/\\\/produncan.cl\\\/de\\\/\",\"logo\":{\"@type\":\"ImageObject\",\"inLanguage\":\"de-DE\",\"@id\":\"https:\\\/\\\/produncan.cl\\\/de\\\/#\\\/schema\\\/logo\\\/image\\\/\",\"url\":\"https:\\\/\\\/produncan.cl\\\/wp-content\\\/uploads\\\/2021\\\/03\\\/LOGO.jpeg\",\"contentUrl\":\"https:\\\/\\\/produncan.cl\\\/wp-content\\\/uploads\\\/2021\\\/03\\\/LOGO.jpeg\",\"width\":1280,\"height\":903,\"caption\":\"Produncan\"},\"image\":{\"@id\":\"https:\\\/\\\/produncan.cl\\\/de\\\/#\\\/schema\\\/logo\\\/image\\\/\"},\"sameAs\":[\"https:\\\/\\\/web.facebook.com\\\/produncanland\",\"https:\\\/\\\/www.instagram.com\\\/pro_duncan\\\/\",\"https:\\\/\\\/www.linkedin.com\\\/company\\\/produncan-lands\\\/\",\"https:\\\/\\\/www.youtube.com\\\/channel\\\/UCu7N-f3x0svkazD-Eew1-QQ\"],\"description\":\"En Produncan somos especialistas en la venta de terrenos en el sur de Chile. Proveemos estancias, campos, parcelas y hoteles.\",\"email\":\"info@produncan.cl\"},{\"@type\":\"Person\",\"@id\":\"https:\\\/\\\/produncan.cl\\\/de\\\/#\\\/schema\\\/person\\\/3224dc0b09a83a61e116e35b282c8744\",\"name\":\"Giovanni Alarc\u00f3n\",\"image\":{\"@type\":\"ImageObject\",\"inLanguage\":\"de-DE\",\"@id\":\"https:\\\/\\\/secure.gravatar.com\\\/avatar\\\/64c465439fe8f4eee2cf6200c349a39727bdd86c547e989e30b1edae44dac264?s=96&d=mm&r=g\",\"url\":\"https:\\\/\\\/secure.gravatar.com\\\/avatar\\\/64c465439fe8f4eee2cf6200c349a39727bdd86c547e989e30b1edae44dac264?s=96&d=mm&r=g\",\"contentUrl\":\"https:\\\/\\\/secure.gravatar.com\\\/avatar\\\/64c465439fe8f4eee2cf6200c349a39727bdd86c547e989e30b1edae44dac264?s=96&d=mm&r=g\",\"caption\":\"Giovanni Alarc\u00f3n\"},\"sameAs\":[\"https:\\\/\\\/produncan.cl\"]}]}<\/script>\n<!-- \/ Yoast SEO Premium plugin. -->","yoast_head_json":{"title":"Verkauf von Immobilienprojekten - Produncan","description":"Wenn Sie ein Immobilienprojekt haben und Ihren Verkauf und Kundendienst auslagern m\u00f6chten, unterst\u00fctzt Produncan Sie dabei!","robots":{"index":"index","follow":"follow","max-snippet":"max-snippet:-1","max-image-preview":"max-image-preview:large","max-video-preview":"max-video-preview:-1"},"canonical":"https:\/\/produncan.cl\/de\/verkauf-von-immobilienprojekten\/","og_locale":"de_DE","og_type":"article","og_title":"Verkauf von Immobilienprojekten","og_description":"Wenn Sie ein Immobilienprojekt haben und Ihren Verkauf und Kundendienst auslagern m\u00f6chten, unterst\u00fctzt Produncan Sie dabei!","og_url":"https:\/\/produncan.cl\/de\/verkauf-von-immobilienprojekten\/","og_site_name":"Produncan","article_publisher":"https:\/\/web.facebook.com\/produncanland","article_modified_time":"2025-07-18T22:58:58+00:00","og_image":[{"url":"https:\/\/produncan.cl\/wp-content\/uploads\/2022\/08\/MASTERPLAN.webp","type":"","width":"","height":""}],"twitter_card":"summary_large_image","twitter_misc":{"Est. reading time":"1 minute"},"schema":{"@context":"https:\/\/schema.org","@graph":[{"@type":["Article","BlogPosting"],"@id":"https:\/\/produncan.cl\/de\/verkauf-von-immobilienprojekten\/#article","isPartOf":{"@id":"https:\/\/produncan.cl\/de\/verkauf-von-immobilienprojekten\/"},"author":{"name":"Giovanni Alarc\u00f3n","@id":"https:\/\/produncan.cl\/de\/#\/schema\/person\/3224dc0b09a83a61e116e35b282c8744"},"headline":"Verkauf von Immobilienprojekten","datePublished":"2021-03-22T13:41:57+00:00","dateModified":"2025-07-18T22:58:58+00:00","mainEntityOfPage":{"@id":"https:\/\/produncan.cl\/de\/verkauf-von-immobilienprojekten\/"},"wordCount":145,"publisher":{"@id":"https:\/\/produncan.cl\/de\/#organization"},"image":{"@id":"https:\/\/produncan.cl\/de\/verkauf-von-immobilienprojekten\/#primaryimage"},"thumbnailUrl":"https:\/\/produncan.cl\/wp-content\/uploads\/2022\/08\/MASTERPLAN.webp","inLanguage":"de-DE"},{"@type":"WebPage","@id":"https:\/\/produncan.cl\/de\/verkauf-von-immobilienprojekten\/","url":"https:\/\/produncan.cl\/de\/verkauf-von-immobilienprojekten\/","name":"Verkauf von Immobilienprojekten - Produncan","isPartOf":{"@id":"https:\/\/produncan.cl\/de\/#website"},"primaryImageOfPage":{"@id":"https:\/\/produncan.cl\/de\/verkauf-von-immobilienprojekten\/#primaryimage"},"image":{"@id":"https:\/\/produncan.cl\/de\/verkauf-von-immobilienprojekten\/#primaryimage"},"thumbnailUrl":"https:\/\/produncan.cl\/wp-content\/uploads\/2022\/08\/MASTERPLAN.webp","datePublished":"2021-03-22T13:41:57+00:00","dateModified":"2025-07-18T22:58:58+00:00","description":"Wenn Sie ein Immobilienprojekt haben und Ihren Verkauf und Kundendienst auslagern m\u00f6chten, unterst\u00fctzt Produncan Sie dabei!","breadcrumb":{"@id":"https:\/\/produncan.cl\/de\/verkauf-von-immobilienprojekten\/#breadcrumb"},"inLanguage":"de-DE","potentialAction":[{"@type":"ReadAction","target":["https:\/\/produncan.cl\/de\/verkauf-von-immobilienprojekten\/"]}]},{"@type":"ImageObject","inLanguage":"de-DE","@id":"https:\/\/produncan.cl\/de\/verkauf-von-immobilienprojekten\/#primaryimage","url":"https:\/\/produncan.cl\/wp-content\/uploads\/2022\/08\/MASTERPLAN.webp","contentUrl":"https:\/\/produncan.cl\/wp-content\/uploads\/2022\/08\/MASTERPLAN.webp"},{"@type":"BreadcrumbList","@id":"https:\/\/produncan.cl\/de\/verkauf-von-immobilienprojekten\/#breadcrumb","itemListElement":[{"@type":"ListItem","position":1,"name":"Inicio","item":"https:\/\/produncan.cl\/de\/"},{"@type":"ListItem","position":2,"name":"Verkauf von Immobilienprojekten"}]},{"@type":"WebSite","@id":"https:\/\/produncan.cl\/de\/#website","url":"https:\/\/produncan.cl\/de\/","name":"Produncan","description":"Wir begleiten Sie bei Ihrem Lebensprojekt!","publisher":{"@id":"https:\/\/produncan.cl\/de\/#organization"},"potentialAction":[{"@type":"SearchAction","target":{"@type":"EntryPoint","urlTemplate":"https:\/\/produncan.cl\/de\/?s={search_term_string}"},"query-input":{"@type":"PropertyValueSpecification","valueRequired":true,"valueName":"search_term_string"}}],"inLanguage":"de-DE"},{"@type":"Organization","@id":"https:\/\/produncan.cl\/de\/#organization","name":"Produncan","url":"https:\/\/produncan.cl\/de\/","logo":{"@type":"ImageObject","inLanguage":"de-DE","@id":"https:\/\/produncan.cl\/de\/#\/schema\/logo\/image\/","url":"https:\/\/produncan.cl\/wp-content\/uploads\/2021\/03\/LOGO.jpeg","contentUrl":"https:\/\/produncan.cl\/wp-content\/uploads\/2021\/03\/LOGO.jpeg","width":1280,"height":903,"caption":"Produncan"},"image":{"@id":"https:\/\/produncan.cl\/de\/#\/schema\/logo\/image\/"},"sameAs":["https:\/\/web.facebook.com\/produncanland","https:\/\/www.instagram.com\/pro_duncan\/","https:\/\/www.linkedin.com\/company\/produncan-lands\/","https:\/\/www.youtube.com\/channel\/UCu7N-f3x0svkazD-Eew1-QQ"],"description":"En Produncan somos especialistas en la venta de terrenos en el sur de Chile. Proveemos estancias, campos, parcelas y hoteles.","email":"info@produncan.cl"},{"@type":"Person","@id":"https:\/\/produncan.cl\/de\/#\/schema\/person\/3224dc0b09a83a61e116e35b282c8744","name":"Giovanni Alarc\u00f3n","image":{"@type":"ImageObject","inLanguage":"de-DE","@id":"https:\/\/secure.gravatar.com\/avatar\/64c465439fe8f4eee2cf6200c349a39727bdd86c547e989e30b1edae44dac264?s=96&d=mm&r=g","url":"https:\/\/secure.gravatar.com\/avatar\/64c465439fe8f4eee2cf6200c349a39727bdd86c547e989e30b1edae44dac264?s=96&d=mm&r=g","contentUrl":"https:\/\/secure.gravatar.com\/avatar\/64c465439fe8f4eee2cf6200c349a39727bdd86c547e989e30b1edae44dac264?s=96&d=mm&r=g","caption":"Giovanni Alarc\u00f3n"},"sameAs":["https:\/\/produncan.cl"]}]}},"_links":{"self":[{"href":"https:\/\/produncan.cl\/de\/wp-json\/wp\/v2\/pages\/7300","targetHints":{"allow":["GET"]}}],"collection":[{"href":"https:\/\/produncan.cl\/de\/wp-json\/wp\/v2\/pages"}],"about":[{"href":"https:\/\/produncan.cl\/de\/wp-json\/wp\/v2\/types\/page"}],"author":[{"embeddable":true,"href":"https:\/\/produncan.cl\/de\/wp-json\/wp\/v2\/users\/1"}],"replies":[{"embeddable":true,"href":"https:\/\/produncan.cl\/de\/wp-json\/wp\/v2\/comments?post=7300"}],"version-history":[{"count":0,"href":"https:\/\/produncan.cl\/de\/wp-json\/wp\/v2\/pages\/7300\/revisions"}],"wp:attachment":[{"href":"https:\/\/produncan.cl\/de\/wp-json\/wp\/v2\/media?parent=7300"}],"curies":[{"name":"wp","href":"https:\/\/api.w.org\/{rel}","templated":true}]}}