{"id":7390,"date":"2021-08-20T23:52:00","date_gmt":"2021-08-21T03:52:00","guid":{"rendered":"https:\/\/produncan.cl\/arbeiten-sie-mit-uns\/"},"modified":"2025-08-01T01:09:11","modified_gmt":"2025-08-01T05:09:11","slug":"arbeiten-sie-mit-uns","status":"publish","type":"page","link":"https:\/\/produncan.cl\/de\/arbeiten-sie-mit-uns\/","title":{"rendered":"Arbeiten Sie mit uns"},"content":{"rendered":"\t\t<div data-elementor-type=\"wp-page\" data-elementor-id=\"7390\" class=\"elementor elementor-7390 elementor-340\" data-elementor-post-type=\"page\">\n\t\t\t\t\t\t<section class=\"elementor-section elementor-top-section elementor-element elementor-element-72289cf elementor-section-boxed elementor-section-height-default elementor-section-height-default\" data-id=\"72289cf\" data-element_type=\"section\" data-e-type=\"section\" data-settings=\"{&quot;jet_parallax_layout_list&quot;:[]}\">\n\t\t\t\t\t\t<div class=\"elementor-container elementor-column-gap-default\">\n\t\t\t\t\t<div class=\"elementor-column elementor-col-100 elementor-top-column elementor-element elementor-element-3a8831a\" data-id=\"3a8831a\" data-element_type=\"column\" data-e-type=\"column\">\n\t\t\t<div class=\"elementor-widget-wrap elementor-element-populated\">\n\t\t\t\t\t\t<div class=\"elementor-element elementor-element-ab09e44 elementor-align-left elementor-widget elementor-widget-global elementor-global-30836 elementor-global-416 elementor-widget-button\" data-id=\"ab09e44\" data-element_type=\"widget\" data-e-type=\"widget\" data-widget_type=\"button.default\">\n\t\t\t\t\t\t\t\t\t\t<a class=\"elementor-button elementor-button-link elementor-size-sm\" href=\"https:\/\/produncan.cl\/propiedades\">\n\t\t\t\t\t\t<span class=\"elementor-button-content-wrapper\">\n\t\t\t\t\t\t\t\t\t<span class=\"elementor-button-text\">Zur\u00fcck zum Anfang<\/span>\n\t\t\t\t\t<\/span>\n\t\t\t\t\t<\/a>\n\t\t\t\t\t\t\t\t<\/div>\n\t\t\t\t\t<\/div>\n\t\t<\/div>\n\t\t\t\t\t<\/div>\n\t\t<\/section>\n\t\t\t\t<section class=\"elementor-section elementor-top-section elementor-element elementor-element-34f1138 elementor-section-boxed elementor-section-height-default elementor-section-height-default\" data-id=\"34f1138\" data-element_type=\"section\" data-e-type=\"section\" data-settings=\"{&quot;jet_parallax_layout_list&quot;:[]}\">\n\t\t\t\t\t\t<div class=\"elementor-container elementor-column-gap-default\">\n\t\t\t\t\t<div class=\"elementor-column elementor-col-100 elementor-top-column elementor-element elementor-element-ab9128a\" data-id=\"ab9128a\" data-element_type=\"column\" data-e-type=\"column\">\n\t\t\t<div class=\"elementor-widget-wrap elementor-element-populated\">\n\t\t\t\t\t\t<div class=\"elementor-element elementor-element-50a7219 elementor-widget elementor-widget-text-editor\" data-id=\"50a7219\" data-element_type=\"widget\" data-e-type=\"widget\" data-widget_type=\"text-editor.default\">\n\t\t\t\t\t\t\t\t\t<h2>Schlie\u00dfen Sie sich Produncan Lands an!<\/h2><p>Bei Produncan Lands suchen wir Menschen wie Sie, die sich f\u00fcr die Welt der Immobilien begeistern und den Wunsch haben, etwas auf dem Immobilienmarkt zu bewegen. Wir laden Sie ein, unserem Netzwerk strategischer Partner beizutreten, wo Sie die M\u00f6glichkeit haben, Immobilien effizient und effektiv zu vermarkten.<\/p><h3><strong>Was bieten wir an?<\/strong><\/h3><p><strong>Wachstumschancen:<\/strong> Mit Produncan Lands haben Sie Zugang zu einem breiten Portfolio an Immobilien, das es Ihnen erm\u00f6glicht, Ihr Gesch\u00e4ft zu erweitern und neue M\u00e4rkte zu erschlie\u00dfen.<br><strong>Support und Tools:<\/strong> Wir bieten Ihnen die Tools und die Unterst\u00fctzung , die Sie ben\u00f6tigen , um in der Immobilienvermittlung erfolgreich zu sein.<\/p><h3><strong>Wen suchen wir?<\/strong><\/h3><p><strong>Unternehmer:<\/strong> Personen mit der Initiative und Vision, Chancen auf dem Immobilienmarkt zu erkennen und zu nutzen.<br><strong>Engagierte:<\/strong> Personen, die bereit sind, Zeit und M\u00fche in den Aufbau starker und dauerhafter Beziehungen zu Kunden und Eigent\u00fcmern zu investieren.<br><strong>Innovatoren:<\/strong> Partner, die frische Ideen und innovative Ans\u00e4tze einbringen, um neue M\u00e4rkte zu erschlie\u00dfen und den Verkaufsprozess zu optimieren.<\/p><h3><strong>Werden Sie Teil unserer Gemeinschaft!<\/strong><\/h3><p>Wir bei Produncan Lands glauben an die Kraft der Zusammenarbeit und an das Potenzial jedes unserer Partner. Wenn Sie sich f\u00fcr die Vermarktung von Immobilien interessieren und Teil eines Netzwerks sein wollen, das Wert auf Schnelligkeit und Effektivit\u00e4t im Verkauf legt, z\u00f6gern Sie nicht, sich uns anzuschlie\u00dfen. Gemeinsam k\u00f6nnen wir den Immobilienmarkt ver\u00e4ndern und unseren Kunden einen au\u00dfergew\u00f6hnlichen Service bieten.<br>Kontaktieren Sie uns noch heute und finden Sie heraus, wie Sie Teil von Produncan Lands werden k\u00f6nnen, wo die M\u00f6glichkeiten endlos sind und der Erfolg eine gemeinsame Realit\u00e4t ist.<\/p>\t\t\t\t\t\t\t\t<\/div>\n\t\t\t\t\t<\/div>\n\t\t<\/div>\n\t\t\t\t\t<\/div>\n\t\t<\/section>\n\t\t\t\t<section class=\"elementor-section elementor-top-section elementor-element elementor-element-51d75f2 elementor-section-boxed elementor-section-height-default elementor-section-height-default\" data-id=\"51d75f2\" data-element_type=\"section\" data-e-type=\"section\" data-settings=\"{&quot;jet_parallax_layout_list&quot;:[]}\">\n\t\t\t\t\t\t<div class=\"elementor-container elementor-column-gap-default\">\n\t\t\t\t\t<div class=\"elementor-column elementor-col-100 elementor-top-column elementor-element elementor-element-30c1a5c\" data-id=\"30c1a5c\" data-element_type=\"column\" data-e-type=\"column\">\n\t\t\t<div class=\"elementor-widget-wrap elementor-element-populated\">\n\t\t\t\t\t\t<div class=\"elementor-element elementor-element-7590782 elementor-button-align-stretch elementor-widget elementor-widget-form\" data-id=\"7590782\" data-element_type=\"widget\" data-e-type=\"widget\" data-settings=\"{&quot;step_next_label&quot;:&quot;Weiter&quot;,&quot;step_previous_label&quot;:&quot;Vorherige&quot;,&quot;button_width&quot;:&quot;100&quot;,&quot;step_type&quot;:&quot;number_text&quot;,&quot;step_icon_shape&quot;:&quot;circle&quot;}\" data-widget_type=\"form.default\">\n\t\t\t\t\t\t\t<form class=\"elementor-form\" method=\"post\" name=\"Arbeiten Sie mit uns\" aria-label=\"Arbeiten Sie mit uns\">\n\t\t\t<input type=\"hidden\" name=\"post_id\" value=\"7390\"\/>\n\t\t\t<input type=\"hidden\" name=\"form_id\" value=\"7590782\"\/>\n\t\t\t<input type=\"hidden\" name=\"referer_title\" value=\"- Wir suchen einen Immobilienunternehmer - Produncan\" \/>\n\n\t\t\t\t\t\t\t<input type=\"hidden\" name=\"queried_id\" value=\"7390\"\/>\n\t\t\t\n\t\t\t<div class=\"elementor-form-fields-wrapper elementor-labels-above\">\n\t\t\t\t\t\t\t\t<div class=\"elementor-field-type-text elementor-field-group elementor-column elementor-field-group-name elementor-col-100 elementor-field-required elementor-mark-required\">\n\t\t\t\t\t\t\t\t\t\t\t\t<label for=\"form-field-name\" class=\"elementor-field-label\">\n\t\t\t\t\t\t\t\tName\t\t\t\t\t\t\t<\/label>\n\t\t\t\t\t\t\t\t\t\t\t\t\t\t<input size=\"1\" type=\"text\" name=\"form_fields[name]\" id=\"form-field-name\" class=\"elementor-field elementor-size-sm  elementor-field-textual\" placeholder=\"Name\" required=\"required\">\n\t\t\t\t\t\t\t\t\t\t\t<\/div>\n\t\t\t\t\t\t\t\t<div class=\"elementor-field-type-email elementor-field-group elementor-column elementor-field-group-email elementor-col-100 elementor-field-required elementor-mark-required\">\n\t\t\t\t\t\t\t\t\t\t\t\t<label for=\"form-field-email\" class=\"elementor-field-label\">\n\t\t\t\t\t\t\t\tE-Mail\t\t\t\t\t\t\t<\/label>\n\t\t\t\t\t\t\t\t\t\t\t\t\t\t<input size=\"1\" type=\"email\" name=\"form_fields[email]\" id=\"form-field-email\" class=\"elementor-field elementor-size-sm  elementor-field-textual\" placeholder=\"E-Mail\" required=\"required\">\n\t\t\t\t\t\t\t\t\t\t\t<\/div>\n\t\t\t\t\t\t\t\t<div class=\"elementor-field-type-textarea elementor-field-group elementor-column elementor-field-group-message elementor-col-100 elementor-field-required elementor-mark-required\">\n\t\t\t\t\t\t\t\t\t\t\t\t<label for=\"form-field-message\" class=\"elementor-field-label\">\n\t\t\t\t\t\t\t\tNachricht\t\t\t\t\t\t\t<\/label>\n\t\t\t\t\t\t<textarea class=\"elementor-field-textual elementor-field  elementor-size-sm\" name=\"form_fields[message]\" id=\"form-field-message\" rows=\"4\" placeholder=\"Einleitende Botschaft\" required=\"required\"><\/textarea>\t\t\t\t<\/div>\n\t\t\t\t\t\t\t\t<div class=\"elementor-field-type-upload elementor-field-group elementor-column elementor-field-group-field_aea5b63 elementor-col-100 elementor-field-required elementor-mark-required\">\n\t\t\t\t\t\t\t\t\t\t\t\t<label for=\"form-field-field_aea5b63\" class=\"elementor-field-label\">\n\t\t\t\t\t\t\t\tLebenslauf hochladen (Erlaubte Formate pdf, docx, doc)\t\t\t\t\t\t\t<\/label>\n\t\t\t\t\t\t\t\t<input type=\"file\" name=\"form_fields[field_aea5b63]\" id=\"form-field-field_aea5b63\" class=\"elementor-field elementor-size-sm  elementor-upload-field\" required=\"required\" data-maxsize=\"2\" data-maxsize-message=\"This file exceeds the maximum allowed size.\">\n\n\t\t\t\t\t\t<\/div>\n\t\t\t\t\t\t\t\t<div class=\"elementor-field-group elementor-column elementor-field-type-submit elementor-col-100 e-form__buttons\">\n\t\t\t\t\t<button class=\"elementor-button elementor-size-sm\" type=\"submit\">\n\t\t\t\t\t\t<span class=\"elementor-button-content-wrapper\">\n\t\t\t\t\t\t\t\t\t\t\t\t\t\t\t\t\t\t\t\t\t\t<span class=\"elementor-button-text\">Senden Sie<\/span>\n\t\t\t\t\t\t\t\t\t\t\t\t\t<\/span>\n\t\t\t\t\t<\/button>\n\t\t\t\t<\/div>\n\t\t\t<\/div>\n\t\t<\/form>\n\t\t\t\t\t\t<\/div>\n\t\t\t\t\t<\/div>\n\t\t<\/div>\n\t\t\t\t\t<\/div>\n\t\t<\/section>\n\t\t\t\t<\/div>\n\t\t","protected":false},"excerpt":{"rendered":"<p>Volver al inicio Schlie\u00dfen Sie sich Produncan Lands an! Bei Produncan Lands suchen wir Menschen wie Sie, die sich f\u00fcr die Welt der Immobilien begeistern und den Wunsch haben, etwas auf dem Immobilienmarkt zu bewegen. Wir laden Sie ein, unserem Netzwerk strategischer Partner beizutreten, wo Sie die M\u00f6glichkeit haben, Immobilien effizient und effektiv zu vermarkten. [&hellip;]<\/p>\n","protected":false},"author":1,"featured_media":0,"parent":0,"menu_order":8,"comment_status":"closed","ping_status":"closed","template":"","meta":{"_acf_changed":false,"footnotes":""},"class_list":["post-7390","page","type-page","status-publish","hentry"],"acf":[],"yoast_head":"<!-- This site is optimized with the Yoast SEO Premium plugin v26.0 (Yoast SEO v27.3) - https:\/\/yoast.com\/product\/yoast-seo-premium-wordpress\/ -->\n<title>- Wir suchen einen Immobilienunternehmer - Produncan<\/title>\n<meta name=\"description\" content=\"Arbeiten Sie mit uns zusammen, wir suchen strategische Partner und Lieferanten von H\u00e4usern, Parzellen, Feldern und Grundst\u00fccken in ganz Chile und Patagonien.\" \/>\n<meta name=\"robots\" content=\"index, follow, max-snippet:-1, max-image-preview:large, max-video-preview:-1\" \/>\n<link rel=\"canonical\" href=\"https:\/\/produncan.cl\/de\/arbeiten-sie-mit-uns\/\" \/>\n<meta property=\"og:locale\" content=\"de_DE\" \/>\n<meta property=\"og:type\" content=\"article\" \/>\n<meta property=\"og:title\" content=\"Arbeiten Sie mit uns\" \/>\n<meta property=\"og:description\" content=\"Arbeiten Sie mit uns zusammen, wir suchen strategische Partner und Lieferanten von H\u00e4usern, Parzellen, Feldern und Grundst\u00fccken in ganz Chile und Patagonien.\" \/>\n<meta property=\"og:url\" content=\"https:\/\/produncan.cl\/de\/arbeiten-sie-mit-uns\/\" \/>\n<meta property=\"og:site_name\" content=\"Produncan\" \/>\n<meta property=\"article:publisher\" content=\"https:\/\/web.facebook.com\/produncanland\" \/>\n<meta property=\"article:modified_time\" content=\"2025-08-01T05:09:11+00:00\" \/>\n<meta name=\"twitter:card\" content=\"summary_large_image\" \/>\n<meta name=\"twitter:label1\" content=\"Est. reading time\" \/>\n\t<meta name=\"twitter:data1\" content=\"1 minute\" \/>\n<script type=\"application\/ld+json\" class=\"yoast-schema-graph\">{\"@context\":\"https:\\\/\\\/schema.org\",\"@graph\":[{\"@type\":[\"Article\",\"BlogPosting\"],\"@id\":\"https:\\\/\\\/produncan.cl\\\/de\\\/arbeiten-sie-mit-uns\\\/#article\",\"isPartOf\":{\"@id\":\"https:\\\/\\\/produncan.cl\\\/de\\\/arbeiten-sie-mit-uns\\\/\"},\"author\":{\"name\":\"Giovanni Alarc\u00f3n\",\"@id\":\"https:\\\/\\\/produncan.cl\\\/de\\\/#\\\/schema\\\/person\\\/3224dc0b09a83a61e116e35b282c8744\"},\"headline\":\"Arbeiten Sie mit uns\",\"datePublished\":\"2021-08-21T03:52:00+00:00\",\"dateModified\":\"2025-08-01T05:09:11+00:00\",\"mainEntityOfPage\":{\"@id\":\"https:\\\/\\\/produncan.cl\\\/de\\\/arbeiten-sie-mit-uns\\\/\"},\"wordCount\":288,\"publisher\":{\"@id\":\"https:\\\/\\\/produncan.cl\\\/de\\\/#organization\"},\"inLanguage\":\"de-DE\"},{\"@type\":\"WebPage\",\"@id\":\"https:\\\/\\\/produncan.cl\\\/de\\\/arbeiten-sie-mit-uns\\\/\",\"url\":\"https:\\\/\\\/produncan.cl\\\/de\\\/arbeiten-sie-mit-uns\\\/\",\"name\":\"- Wir suchen einen Immobilienunternehmer - Produncan\",\"isPartOf\":{\"@id\":\"https:\\\/\\\/produncan.cl\\\/de\\\/#website\"},\"datePublished\":\"2021-08-21T03:52:00+00:00\",\"dateModified\":\"2025-08-01T05:09:11+00:00\",\"description\":\"Arbeiten Sie mit uns zusammen, wir suchen strategische Partner und Lieferanten von H\u00e4usern, Parzellen, Feldern und Grundst\u00fccken in ganz Chile und Patagonien.\",\"breadcrumb\":{\"@id\":\"https:\\\/\\\/produncan.cl\\\/de\\\/arbeiten-sie-mit-uns\\\/#breadcrumb\"},\"inLanguage\":\"de-DE\",\"potentialAction\":[{\"@type\":\"ReadAction\",\"target\":[\"https:\\\/\\\/produncan.cl\\\/de\\\/arbeiten-sie-mit-uns\\\/\"]}]},{\"@type\":\"BreadcrumbList\",\"@id\":\"https:\\\/\\\/produncan.cl\\\/de\\\/arbeiten-sie-mit-uns\\\/#breadcrumb\",\"itemListElement\":[{\"@type\":\"ListItem\",\"position\":1,\"name\":\"Inicio\",\"item\":\"https:\\\/\\\/produncan.cl\\\/de\\\/\"},{\"@type\":\"ListItem\",\"position\":2,\"name\":\"Arbeiten Sie mit uns\"}]},{\"@type\":\"WebSite\",\"@id\":\"https:\\\/\\\/produncan.cl\\\/de\\\/#website\",\"url\":\"https:\\\/\\\/produncan.cl\\\/de\\\/\",\"name\":\"Produncan\",\"description\":\"Wir begleiten Sie bei Ihrem Lebensprojekt!\",\"publisher\":{\"@id\":\"https:\\\/\\\/produncan.cl\\\/de\\\/#organization\"},\"potentialAction\":[{\"@type\":\"SearchAction\",\"target\":{\"@type\":\"EntryPoint\",\"urlTemplate\":\"https:\\\/\\\/produncan.cl\\\/de\\\/?s={search_term_string}\"},\"query-input\":{\"@type\":\"PropertyValueSpecification\",\"valueRequired\":true,\"valueName\":\"search_term_string\"}}],\"inLanguage\":\"de-DE\"},{\"@type\":\"Organization\",\"@id\":\"https:\\\/\\\/produncan.cl\\\/de\\\/#organization\",\"name\":\"Produncan\",\"url\":\"https:\\\/\\\/produncan.cl\\\/de\\\/\",\"logo\":{\"@type\":\"ImageObject\",\"inLanguage\":\"de-DE\",\"@id\":\"https:\\\/\\\/produncan.cl\\\/de\\\/#\\\/schema\\\/logo\\\/image\\\/\",\"url\":\"https:\\\/\\\/produncan.cl\\\/wp-content\\\/uploads\\\/2021\\\/03\\\/LOGO.jpeg\",\"contentUrl\":\"https:\\\/\\\/produncan.cl\\\/wp-content\\\/uploads\\\/2021\\\/03\\\/LOGO.jpeg\",\"width\":1280,\"height\":903,\"caption\":\"Produncan\"},\"image\":{\"@id\":\"https:\\\/\\\/produncan.cl\\\/de\\\/#\\\/schema\\\/logo\\\/image\\\/\"},\"sameAs\":[\"https:\\\/\\\/web.facebook.com\\\/produncanland\",\"https:\\\/\\\/www.instagram.com\\\/pro_duncan\\\/\",\"https:\\\/\\\/www.linkedin.com\\\/company\\\/produncan-lands\\\/\",\"https:\\\/\\\/www.youtube.com\\\/channel\\\/UCu7N-f3x0svkazD-Eew1-QQ\"],\"description\":\"En Produncan somos especialistas en la venta de terrenos en el sur de Chile. Proveemos estancias, campos, parcelas y hoteles.\",\"email\":\"info@produncan.cl\"},{\"@type\":\"Person\",\"@id\":\"https:\\\/\\\/produncan.cl\\\/de\\\/#\\\/schema\\\/person\\\/3224dc0b09a83a61e116e35b282c8744\",\"name\":\"Giovanni Alarc\u00f3n\",\"image\":{\"@type\":\"ImageObject\",\"inLanguage\":\"de-DE\",\"@id\":\"https:\\\/\\\/secure.gravatar.com\\\/avatar\\\/64c465439fe8f4eee2cf6200c349a39727bdd86c547e989e30b1edae44dac264?s=96&d=mm&r=g\",\"url\":\"https:\\\/\\\/secure.gravatar.com\\\/avatar\\\/64c465439fe8f4eee2cf6200c349a39727bdd86c547e989e30b1edae44dac264?s=96&d=mm&r=g\",\"contentUrl\":\"https:\\\/\\\/secure.gravatar.com\\\/avatar\\\/64c465439fe8f4eee2cf6200c349a39727bdd86c547e989e30b1edae44dac264?s=96&d=mm&r=g\",\"caption\":\"Giovanni Alarc\u00f3n\"},\"sameAs\":[\"https:\\\/\\\/produncan.cl\"]}]}<\/script>\n<!-- \/ Yoast SEO Premium plugin. -->","yoast_head_json":{"title":"- Wir suchen einen Immobilienunternehmer - Produncan","description":"Arbeiten Sie mit uns zusammen, wir suchen strategische Partner und Lieferanten von H\u00e4usern, Parzellen, Feldern und Grundst\u00fccken in ganz Chile und Patagonien.","robots":{"index":"index","follow":"follow","max-snippet":"max-snippet:-1","max-image-preview":"max-image-preview:large","max-video-preview":"max-video-preview:-1"},"canonical":"https:\/\/produncan.cl\/de\/arbeiten-sie-mit-uns\/","og_locale":"de_DE","og_type":"article","og_title":"Arbeiten Sie mit uns","og_description":"Arbeiten Sie mit uns zusammen, wir suchen strategische Partner und Lieferanten von H\u00e4usern, Parzellen, Feldern und Grundst\u00fccken in ganz Chile und Patagonien.","og_url":"https:\/\/produncan.cl\/de\/arbeiten-sie-mit-uns\/","og_site_name":"Produncan","article_publisher":"https:\/\/web.facebook.com\/produncanland","article_modified_time":"2025-08-01T05:09:11+00:00","twitter_card":"summary_large_image","twitter_misc":{"Est. reading time":"1 minute"},"schema":{"@context":"https:\/\/schema.org","@graph":[{"@type":["Article","BlogPosting"],"@id":"https:\/\/produncan.cl\/de\/arbeiten-sie-mit-uns\/#article","isPartOf":{"@id":"https:\/\/produncan.cl\/de\/arbeiten-sie-mit-uns\/"},"author":{"name":"Giovanni Alarc\u00f3n","@id":"https:\/\/produncan.cl\/de\/#\/schema\/person\/3224dc0b09a83a61e116e35b282c8744"},"headline":"Arbeiten Sie mit uns","datePublished":"2021-08-21T03:52:00+00:00","dateModified":"2025-08-01T05:09:11+00:00","mainEntityOfPage":{"@id":"https:\/\/produncan.cl\/de\/arbeiten-sie-mit-uns\/"},"wordCount":288,"publisher":{"@id":"https:\/\/produncan.cl\/de\/#organization"},"inLanguage":"de-DE"},{"@type":"WebPage","@id":"https:\/\/produncan.cl\/de\/arbeiten-sie-mit-uns\/","url":"https:\/\/produncan.cl\/de\/arbeiten-sie-mit-uns\/","name":"- Wir suchen einen Immobilienunternehmer - Produncan","isPartOf":{"@id":"https:\/\/produncan.cl\/de\/#website"},"datePublished":"2021-08-21T03:52:00+00:00","dateModified":"2025-08-01T05:09:11+00:00","description":"Arbeiten Sie mit uns zusammen, wir suchen strategische Partner und Lieferanten von H\u00e4usern, Parzellen, Feldern und Grundst\u00fccken in ganz Chile und Patagonien.","breadcrumb":{"@id":"https:\/\/produncan.cl\/de\/arbeiten-sie-mit-uns\/#breadcrumb"},"inLanguage":"de-DE","potentialAction":[{"@type":"ReadAction","target":["https:\/\/produncan.cl\/de\/arbeiten-sie-mit-uns\/"]}]},{"@type":"BreadcrumbList","@id":"https:\/\/produncan.cl\/de\/arbeiten-sie-mit-uns\/#breadcrumb","itemListElement":[{"@type":"ListItem","position":1,"name":"Inicio","item":"https:\/\/produncan.cl\/de\/"},{"@type":"ListItem","position":2,"name":"Arbeiten Sie mit uns"}]},{"@type":"WebSite","@id":"https:\/\/produncan.cl\/de\/#website","url":"https:\/\/produncan.cl\/de\/","name":"Produncan","description":"Wir begleiten Sie bei Ihrem Lebensprojekt!","publisher":{"@id":"https:\/\/produncan.cl\/de\/#organization"},"potentialAction":[{"@type":"SearchAction","target":{"@type":"EntryPoint","urlTemplate":"https:\/\/produncan.cl\/de\/?s={search_term_string}"},"query-input":{"@type":"PropertyValueSpecification","valueRequired":true,"valueName":"search_term_string"}}],"inLanguage":"de-DE"},{"@type":"Organization","@id":"https:\/\/produncan.cl\/de\/#organization","name":"Produncan","url":"https:\/\/produncan.cl\/de\/","logo":{"@type":"ImageObject","inLanguage":"de-DE","@id":"https:\/\/produncan.cl\/de\/#\/schema\/logo\/image\/","url":"https:\/\/produncan.cl\/wp-content\/uploads\/2021\/03\/LOGO.jpeg","contentUrl":"https:\/\/produncan.cl\/wp-content\/uploads\/2021\/03\/LOGO.jpeg","width":1280,"height":903,"caption":"Produncan"},"image":{"@id":"https:\/\/produncan.cl\/de\/#\/schema\/logo\/image\/"},"sameAs":["https:\/\/web.facebook.com\/produncanland","https:\/\/www.instagram.com\/pro_duncan\/","https:\/\/www.linkedin.com\/company\/produncan-lands\/","https:\/\/www.youtube.com\/channel\/UCu7N-f3x0svkazD-Eew1-QQ"],"description":"En Produncan somos especialistas en la venta de terrenos en el sur de Chile. Proveemos estancias, campos, parcelas y hoteles.","email":"info@produncan.cl"},{"@type":"Person","@id":"https:\/\/produncan.cl\/de\/#\/schema\/person\/3224dc0b09a83a61e116e35b282c8744","name":"Giovanni Alarc\u00f3n","image":{"@type":"ImageObject","inLanguage":"de-DE","@id":"https:\/\/secure.gravatar.com\/avatar\/64c465439fe8f4eee2cf6200c349a39727bdd86c547e989e30b1edae44dac264?s=96&d=mm&r=g","url":"https:\/\/secure.gravatar.com\/avatar\/64c465439fe8f4eee2cf6200c349a39727bdd86c547e989e30b1edae44dac264?s=96&d=mm&r=g","contentUrl":"https:\/\/secure.gravatar.com\/avatar\/64c465439fe8f4eee2cf6200c349a39727bdd86c547e989e30b1edae44dac264?s=96&d=mm&r=g","caption":"Giovanni Alarc\u00f3n"},"sameAs":["https:\/\/produncan.cl"]}]}},"_links":{"self":[{"href":"https:\/\/produncan.cl\/de\/wp-json\/wp\/v2\/pages\/7390","targetHints":{"allow":["GET"]}}],"collection":[{"href":"https:\/\/produncan.cl\/de\/wp-json\/wp\/v2\/pages"}],"about":[{"href":"https:\/\/produncan.cl\/de\/wp-json\/wp\/v2\/types\/page"}],"author":[{"embeddable":true,"href":"https:\/\/produncan.cl\/de\/wp-json\/wp\/v2\/users\/1"}],"replies":[{"embeddable":true,"href":"https:\/\/produncan.cl\/de\/wp-json\/wp\/v2\/comments?post=7390"}],"version-history":[{"count":0,"href":"https:\/\/produncan.cl\/de\/wp-json\/wp\/v2\/pages\/7390\/revisions"}],"wp:attachment":[{"href":"https:\/\/produncan.cl\/de\/wp-json\/wp\/v2\/media?parent=7390"}],"curies":[{"name":"wp","href":"https:\/\/api.w.org\/{rel}","templated":true}]}}