{"id":7431,"date":"2021-05-22T11:41:16","date_gmt":"2021-05-22T15:41:16","guid":{"rendered":"https:\/\/produncan.cl\/regularisierung-laendlicher-grundstuecke\/"},"modified":"2025-08-02T18:47:16","modified_gmt":"2025-08-02T22:47:16","slug":"regularisierung-laendlicher-grundstuecke","status":"publish","type":"page","link":"https:\/\/produncan.cl\/de\/regularisierung-laendlicher-grundstuecke\/","title":{"rendered":"Regularisierung l\u00e4ndlicher Grundst\u00fccke"},"content":{"rendered":"\t\t<div data-elementor-type=\"wp-page\" data-elementor-id=\"7431\" class=\"elementor elementor-7431 elementor-2911\" data-elementor-post-type=\"page\">\n\t\t\t\t<div class=\"elementor-element elementor-element-fae1d12 e-flex e-con-boxed e-con e-parent\" data-id=\"fae1d12\" data-element_type=\"container\" data-e-type=\"container\" data-settings=\"{&quot;jet_parallax_layout_list&quot;:[]}\">\n\t\t\t\t\t<div class=\"e-con-inner\">\n\t\t<div class=\"elementor-element elementor-element-c811244 e-con-full e-flex e-con e-child\" data-id=\"c811244\" data-element_type=\"container\" data-e-type=\"container\" data-settings=\"{&quot;jet_parallax_layout_list&quot;:[]}\">\n\t\t\t\t<div class=\"elementor-element elementor-element-94a3d54 elementor-widget__width-initial elementor-widget-mobile__width-inherit elementor-widget elementor-widget-text-editor\" data-id=\"94a3d54\" data-element_type=\"widget\" data-e-type=\"widget\" data-widget_type=\"text-editor.default\">\n\t\t\t\t\t\t\t\t\t<p class=\"MsoNormal\"><span lang=\"ES-CL\">Wenn Sie Eigent\u00fcmer einer Immobilie sind und sich in einer unregelm\u00e4\u00dfigen Besitzsituation befinden, kann Ihnen unser juristisches Team bei Produncan helfen, Ihr Eigentum zu bereinigen!<\/span><\/p>\n<p class=\"MsoNormal\"><span lang=\"ES-CL\">Diejenigen, die ihr Eigentum regularisieren und eine Eigentumsurkunde erhalten, k\u00f6nnen alle Vorteile des Immobilienbesitzes in Anspruch nehmen:<\/span><\/p>\n<ul>\n<li><span lang=\"ES-CL\">Steigerung des Handelswerts<\/span><\/li>\n<li><span lang=\"ES-CL\">M\u00f6glichkeit der Vermietung und des Verkaufs in \u00dcbereinstimmung mit dem Gesetz<\/span><\/li>\n<li><span lang=\"ES-CL\">M\u00f6glichkeit des Zugangs zu Krediten<\/span><\/li>\n<li><span lang=\"ES-CL\">Entsch\u00e4digung im Falle einer Enteignung<\/span><\/li>\n<li><span lang=\"ES-CL\">M\u00f6glichkeit der Vererbung an Erben<\/span><\/li>\n<li><span lang=\"ES-CL\">Ihr Eigentum versichern<\/span><\/li>\n<li>Zugang zu staatlichen Leistungen: Pflasterung von Stra\u00dfen, Sanit\u00e4ranlagen und Wohnbeihilfen, Trinkwasser und Abwasserentsorgung, u.a.\n<\/li>\n<\/ul>\n<p class=\"MsoNormal\"><span lang=\"ES-CL\">Setzen Sie sich mit uns in Verbindung, um herauszufinden, wie unser Anwaltsteam Ihnen bei der Sanierung Ihrer Immobilie helfen kann.<\/span><\/p>\n\t\t\t\t\t\t\t\t<\/div>\n\t\t\t\t<\/div>\n\t\t\t\t\t<\/div>\n\t\t\t\t<\/div>\n\t\t<div class=\"elementor-element elementor-element-b7e334e e-flex e-con-boxed e-con e-parent\" data-id=\"b7e334e\" data-element_type=\"container\" data-e-type=\"container\" data-settings=\"{&quot;jet_parallax_layout_list&quot;:[]}\">\n\t\t\t\t\t<div class=\"e-con-inner\">\n\t\t<div class=\"elementor-element elementor-element-ec9b415 e-con-full e-flex e-con e-child\" data-id=\"ec9b415\" data-element_type=\"container\" data-e-type=\"container\" data-settings=\"{&quot;jet_parallax_layout_list&quot;:[]}\">\n\t\t\t\t<div class=\"elementor-element elementor-element-58e7a00 elementor-button-align-center elementor-widget__width-initial elementor-widget-mobile__width-inherit elementor-widget elementor-widget-form\" data-id=\"58e7a00\" data-element_type=\"widget\" data-e-type=\"widget\" data-settings=\"{&quot;step_next_label&quot;:&quot;Weiter&quot;,&quot;step_previous_label&quot;:&quot;Vorherige&quot;,&quot;button_width&quot;:&quot;100&quot;,&quot;step_type&quot;:&quot;number_text&quot;,&quot;step_icon_shape&quot;:&quot;circle&quot;}\" data-widget_type=\"form.default\">\n\t\t\t\t\t\t\t<form class=\"elementor-form\" method=\"post\" name=\"Kontakt-Formular\" aria-label=\"Kontakt-Formular\">\n\t\t\t<input type=\"hidden\" name=\"post_id\" value=\"7431\"\/>\n\t\t\t<input type=\"hidden\" name=\"form_id\" value=\"58e7a00\"\/>\n\t\t\t<input type=\"hidden\" name=\"referer_title\" value=\"Regularisierung l\u00e4ndlicher Grundst\u00fccke - Produncan\" \/>\n\n\t\t\t\t\t\t\t<input type=\"hidden\" name=\"queried_id\" value=\"7431\"\/>\n\t\t\t\n\t\t\t<div class=\"elementor-form-fields-wrapper elementor-labels-above\">\n\t\t\t\t\t\t\t\t<div class=\"elementor-field-type-text elementor-field-group elementor-column elementor-field-group-name elementor-col-50 elementor-field-required elementor-mark-required\">\n\t\t\t\t\t\t\t\t\t\t\t\t<label for=\"form-field-name\" class=\"elementor-field-label\">\n\t\t\t\t\t\t\t\tName\t\t\t\t\t\t\t<\/label>\n\t\t\t\t\t\t\t\t\t\t\t\t\t\t<input size=\"1\" type=\"text\" name=\"form_fields[name]\" id=\"form-field-name\" class=\"elementor-field elementor-size-sm  elementor-field-textual\" placeholder=\"Geben Sie Ihren Namen ein\" required=\"required\">\n\t\t\t\t\t\t\t\t\t\t\t<\/div>\n\t\t\t\t\t\t\t\t<div class=\"elementor-field-type-email elementor-field-group elementor-column elementor-field-group-email elementor-col-50 elementor-field-required elementor-mark-required\">\n\t\t\t\t\t\t\t\t\t\t\t\t<label for=\"form-field-email\" class=\"elementor-field-label\">\n\t\t\t\t\t\t\t\tE-Mail\t\t\t\t\t\t\t<\/label>\n\t\t\t\t\t\t\t\t\t\t\t\t\t\t<input size=\"1\" type=\"email\" name=\"form_fields[email]\" id=\"form-field-email\" class=\"elementor-field elementor-size-sm  elementor-field-textual\" placeholder=\"Bitte geben Sie Ihre E-Mail Adresse ein\" required=\"required\">\n\t\t\t\t\t\t\t\t\t\t\t<\/div>\n\t\t\t\t\t\t\t\t<div class=\"elementor-field-type-number elementor-field-group elementor-column elementor-field-group-field_926888e elementor-col-100 elementor-field-required elementor-mark-required\">\n\t\t\t\t\t\t\t\t\t\t\t\t<label for=\"form-field-field_926888e\" class=\"elementor-field-label\">\n\t\t\t\t\t\t\t\tTelefon\t\t\t\t\t\t\t<\/label>\n\t\t\t\t\t\t\t\t\t<input type=\"number\" name=\"form_fields[field_926888e]\" id=\"form-field-field_926888e\" class=\"elementor-field elementor-size-sm  elementor-field-textual\" placeholder=\"Bitte geben Sie Ihre Telefonnummer ein\" required=\"required\" min=\"\" max=\"\" >\n\t\t\t\t\t\t<\/div>\n\t\t\t\t\t\t\t\t<div class=\"elementor-field-type-textarea elementor-field-group elementor-column elementor-field-group-message elementor-col-100\">\n\t\t\t\t\t\t\t\t\t\t\t\t<label for=\"form-field-message\" class=\"elementor-field-label\">\n\t\t\t\t\t\t\t\tNachricht\t\t\t\t\t\t\t<\/label>\n\t\t\t\t\t\t<textarea class=\"elementor-field-textual elementor-field  elementor-size-sm\" name=\"form_fields[message]\" id=\"form-field-message\" rows=\"4\" placeholder=\"Ihre Nachricht\"><\/textarea>\t\t\t\t<\/div>\n\t\t\t\t\t\t\t\t<div class=\"elementor-field-group elementor-column elementor-field-type-submit elementor-col-100 e-form__buttons\">\n\t\t\t\t\t<button class=\"elementor-button elementor-size-sm\" type=\"submit\">\n\t\t\t\t\t\t<span class=\"elementor-button-content-wrapper\">\n\t\t\t\t\t\t\t\t\t\t\t\t\t\t\t<span class=\"elementor-button-icon\">\n\t\t\t\t\t\t\t\t\t<svg aria-hidden=\"true\" class=\"e-font-icon-svg e-far-envelope\" viewBox=\"0 0 512 512\" xmlns=\"http:\/\/www.w3.org\/2000\/svg\"><path d=\"M464 64H48C21.49 64 0 85.49 0 112v288c0 26.51 21.49 48 48 48h416c26.51 0 48-21.49 48-48V112c0-26.51-21.49-48-48-48zm0 48v40.805c-22.422 18.259-58.168 46.651-134.587 106.49-16.841 13.247-50.201 45.072-73.413 44.701-23.208.375-56.579-31.459-73.413-44.701C106.18 199.465 70.425 171.067 48 152.805V112h416zM48 400V214.398c22.914 18.251 55.409 43.862 104.938 82.646 21.857 17.205 60.134 55.186 103.062 54.955 42.717.231 80.509-37.199 103.053-54.947 49.528-38.783 82.032-64.401 104.947-82.653V400H48z\"><\/path><\/svg>\t\t\t\t\t\t\t\t\t\t\t\t\t\t\t\t\t<\/span>\n\t\t\t\t\t\t\t\t\t\t\t\t\t\t\t\t\t\t\t\t\t\t<span class=\"elementor-button-text\">Senden Sie<\/span>\n\t\t\t\t\t\t\t\t\t\t\t\t\t<\/span>\n\t\t\t\t\t<\/button>\n\t\t\t\t<\/div>\n\t\t\t<\/div>\n\t\t<\/form>\n\t\t\t\t\t\t<\/div>\n\t\t\t\t<\/div>\n\t\t\t\t\t<\/div>\n\t\t\t\t<\/div>\n\t\t<div class=\"elementor-element elementor-element-285d076 e-flex e-con-boxed e-con e-parent\" data-id=\"285d076\" data-element_type=\"container\" data-e-type=\"container\" data-settings=\"{&quot;jet_parallax_layout_list&quot;:[]}\">\n\t\t\t\t\t<div class=\"e-con-inner\">\n\t\t\t\t<div class=\"elementor-element elementor-element-cd14f8a elementor-align-left elementor-widget elementor-widget-global elementor-global-30836 elementor-global-416 elementor-widget-button\" data-id=\"cd14f8a\" data-element_type=\"widget\" data-e-type=\"widget\" data-widget_type=\"button.default\">\n\t\t\t\t\t\t\t\t\t\t<a class=\"elementor-button elementor-button-link elementor-size-sm\" href=\"https:\/\/produncan.cl\/propiedades\">\n\t\t\t\t\t\t<span class=\"elementor-button-content-wrapper\">\n\t\t\t\t\t\t\t\t\t<span class=\"elementor-button-text\">Zur\u00fcck zum Anfang<\/span>\n\t\t\t\t\t<\/span>\n\t\t\t\t\t<\/a>\n\t\t\t\t\t\t\t\t<\/div>\n\t\t\t\t\t<\/div>\n\t\t\t\t<\/div>\n\t\t\t\t<\/div>\n\t\t","protected":false},"excerpt":{"rendered":"<p>Wenn Sie Eigent\u00fcmer einer Immobilie sind und sich in einer unregelm\u00e4\u00dfigen Besitzsituation befinden, kann Ihnen unser juristisches Team bei Produncan helfen, Ihr Eigentum zu bereinigen! Diejenigen, die ihr Eigentum regularisieren und eine Eigentumsurkunde erhalten, k\u00f6nnen alle Vorteile des Immobilienbesitzes in Anspruch nehmen: Steigerung des Handelswerts M\u00f6glichkeit der Vermietung und des Verkaufs in \u00dcbereinstimmung mit dem [&hellip;]<\/p>\n","protected":false},"author":1,"featured_media":0,"parent":0,"menu_order":30,"comment_status":"closed","ping_status":"closed","template":"","meta":{"_acf_changed":false,"footnotes":""},"class_list":["post-7431","page","type-page","status-publish","hentry"],"acf":[],"yoast_head":"<!-- This site is optimized with the Yoast SEO Premium plugin v26.0 (Yoast SEO v27.4) - https:\/\/yoast.com\/product\/yoast-seo-premium-wordpress\/ -->\n<title>Regularisierung l\u00e4ndlicher Grundst\u00fccke - Produncan<\/title>\n<meta name=\"description\" content=\"Unser Anwaltsteam unterst\u00fctzt Sie bei der Legalisierung von unrechtm\u00e4\u00dfig in Besitz genommenem Land;\" \/>\n<meta name=\"robots\" content=\"index, follow, max-snippet:-1, max-image-preview:large, max-video-preview:-1\" \/>\n<link rel=\"canonical\" href=\"https:\/\/produncan.cl\/de\/regularisierung-laendlicher-grundstuecke\/\" \/>\n<meta property=\"og:locale\" content=\"de_DE\" \/>\n<meta property=\"og:type\" content=\"article\" \/>\n<meta property=\"og:title\" content=\"Regularisierung l\u00e4ndlicher Grundst\u00fccke\" \/>\n<meta property=\"og:description\" content=\"Unser Anwaltsteam unterst\u00fctzt Sie bei der Legalisierung von unrechtm\u00e4\u00dfig in Besitz genommenem Land;\" \/>\n<meta property=\"og:url\" content=\"https:\/\/produncan.cl\/de\/regularisierung-laendlicher-grundstuecke\/\" \/>\n<meta property=\"og:site_name\" content=\"Produncan\" \/>\n<meta property=\"article:publisher\" content=\"https:\/\/web.facebook.com\/produncanland\" \/>\n<meta property=\"article:modified_time\" content=\"2025-08-02T22:47:16+00:00\" \/>\n<meta name=\"twitter:card\" content=\"summary_large_image\" \/>\n<meta name=\"twitter:label1\" content=\"Est. reading time\" \/>\n\t<meta name=\"twitter:data1\" content=\"1 minute\" \/>\n<script type=\"application\/ld+json\" class=\"yoast-schema-graph\">{\"@context\":\"https:\\\/\\\/schema.org\",\"@graph\":[{\"@type\":[\"Article\",\"BlogPosting\"],\"@id\":\"https:\\\/\\\/produncan.cl\\\/de\\\/regularisierung-laendlicher-grundstuecke\\\/#article\",\"isPartOf\":{\"@id\":\"https:\\\/\\\/produncan.cl\\\/de\\\/regularisierung-laendlicher-grundstuecke\\\/\"},\"author\":{\"name\":\"Giovanni Alarc\u00f3n\",\"@id\":\"https:\\\/\\\/produncan.cl\\\/de\\\/#\\\/schema\\\/person\\\/3224dc0b09a83a61e116e35b282c8744\"},\"headline\":\"Regularisierung l\u00e4ndlicher Grundst\u00fccke\",\"datePublished\":\"2021-05-22T15:41:16+00:00\",\"dateModified\":\"2025-08-02T22:47:16+00:00\",\"mainEntityOfPage\":{\"@id\":\"https:\\\/\\\/produncan.cl\\\/de\\\/regularisierung-laendlicher-grundstuecke\\\/\"},\"wordCount\":126,\"publisher\":{\"@id\":\"https:\\\/\\\/produncan.cl\\\/de\\\/#organization\"},\"inLanguage\":\"de-DE\"},{\"@type\":\"WebPage\",\"@id\":\"https:\\\/\\\/produncan.cl\\\/de\\\/regularisierung-laendlicher-grundstuecke\\\/\",\"url\":\"https:\\\/\\\/produncan.cl\\\/de\\\/regularisierung-laendlicher-grundstuecke\\\/\",\"name\":\"Regularisierung l\u00e4ndlicher Grundst\u00fccke - Produncan\",\"isPartOf\":{\"@id\":\"https:\\\/\\\/produncan.cl\\\/de\\\/#website\"},\"datePublished\":\"2021-05-22T15:41:16+00:00\",\"dateModified\":\"2025-08-02T22:47:16+00:00\",\"description\":\"Unser Anwaltsteam unterst\u00fctzt Sie bei der Legalisierung von unrechtm\u00e4\u00dfig in Besitz genommenem Land;\",\"breadcrumb\":{\"@id\":\"https:\\\/\\\/produncan.cl\\\/de\\\/regularisierung-laendlicher-grundstuecke\\\/#breadcrumb\"},\"inLanguage\":\"de-DE\",\"potentialAction\":[{\"@type\":\"ReadAction\",\"target\":[\"https:\\\/\\\/produncan.cl\\\/de\\\/regularisierung-laendlicher-grundstuecke\\\/\"]}]},{\"@type\":\"BreadcrumbList\",\"@id\":\"https:\\\/\\\/produncan.cl\\\/de\\\/regularisierung-laendlicher-grundstuecke\\\/#breadcrumb\",\"itemListElement\":[{\"@type\":\"ListItem\",\"position\":1,\"name\":\"Inicio\",\"item\":\"https:\\\/\\\/produncan.cl\\\/de\\\/\"},{\"@type\":\"ListItem\",\"position\":2,\"name\":\"Regularisierung l\u00e4ndlicher Grundst\u00fccke\"}]},{\"@type\":\"WebSite\",\"@id\":\"https:\\\/\\\/produncan.cl\\\/de\\\/#website\",\"url\":\"https:\\\/\\\/produncan.cl\\\/de\\\/\",\"name\":\"Produncan\",\"description\":\"Wir begleiten Sie bei Ihrem Lebensprojekt!\",\"publisher\":{\"@id\":\"https:\\\/\\\/produncan.cl\\\/de\\\/#organization\"},\"potentialAction\":[{\"@type\":\"SearchAction\",\"target\":{\"@type\":\"EntryPoint\",\"urlTemplate\":\"https:\\\/\\\/produncan.cl\\\/de\\\/?s={search_term_string}\"},\"query-input\":{\"@type\":\"PropertyValueSpecification\",\"valueRequired\":true,\"valueName\":\"search_term_string\"}}],\"inLanguage\":\"de-DE\"},{\"@type\":\"Organization\",\"@id\":\"https:\\\/\\\/produncan.cl\\\/de\\\/#organization\",\"name\":\"Produncan\",\"url\":\"https:\\\/\\\/produncan.cl\\\/de\\\/\",\"logo\":{\"@type\":\"ImageObject\",\"inLanguage\":\"de-DE\",\"@id\":\"https:\\\/\\\/produncan.cl\\\/de\\\/#\\\/schema\\\/logo\\\/image\\\/\",\"url\":\"https:\\\/\\\/produncan.cl\\\/wp-content\\\/uploads\\\/2021\\\/03\\\/LOGO.jpeg\",\"contentUrl\":\"https:\\\/\\\/produncan.cl\\\/wp-content\\\/uploads\\\/2021\\\/03\\\/LOGO.jpeg\",\"width\":1280,\"height\":903,\"caption\":\"Produncan\"},\"image\":{\"@id\":\"https:\\\/\\\/produncan.cl\\\/de\\\/#\\\/schema\\\/logo\\\/image\\\/\"},\"sameAs\":[\"https:\\\/\\\/web.facebook.com\\\/produncanland\",\"https:\\\/\\\/www.instagram.com\\\/pro_duncan\\\/\",\"https:\\\/\\\/www.linkedin.com\\\/company\\\/produncan-lands\\\/\",\"https:\\\/\\\/www.youtube.com\\\/channel\\\/UCu7N-f3x0svkazD-Eew1-QQ\"],\"description\":\"En Produncan somos especialistas en la venta de terrenos en el sur de Chile. Proveemos estancias, campos, parcelas y hoteles.\",\"email\":\"info@produncan.cl\"},{\"@type\":\"Person\",\"@id\":\"https:\\\/\\\/produncan.cl\\\/de\\\/#\\\/schema\\\/person\\\/3224dc0b09a83a61e116e35b282c8744\",\"name\":\"Giovanni Alarc\u00f3n\",\"image\":{\"@type\":\"ImageObject\",\"inLanguage\":\"de-DE\",\"@id\":\"https:\\\/\\\/secure.gravatar.com\\\/avatar\\\/64c465439fe8f4eee2cf6200c349a39727bdd86c547e989e30b1edae44dac264?s=96&d=mm&r=g\",\"url\":\"https:\\\/\\\/secure.gravatar.com\\\/avatar\\\/64c465439fe8f4eee2cf6200c349a39727bdd86c547e989e30b1edae44dac264?s=96&d=mm&r=g\",\"contentUrl\":\"https:\\\/\\\/secure.gravatar.com\\\/avatar\\\/64c465439fe8f4eee2cf6200c349a39727bdd86c547e989e30b1edae44dac264?s=96&d=mm&r=g\",\"caption\":\"Giovanni Alarc\u00f3n\"},\"sameAs\":[\"https:\\\/\\\/produncan.cl\"]}]}<\/script>\n<!-- \/ Yoast SEO Premium plugin. -->","yoast_head_json":{"title":"Regularisierung l\u00e4ndlicher Grundst\u00fccke - Produncan","description":"Unser Anwaltsteam unterst\u00fctzt Sie bei der Legalisierung von unrechtm\u00e4\u00dfig in Besitz genommenem Land;","robots":{"index":"index","follow":"follow","max-snippet":"max-snippet:-1","max-image-preview":"max-image-preview:large","max-video-preview":"max-video-preview:-1"},"canonical":"https:\/\/produncan.cl\/de\/regularisierung-laendlicher-grundstuecke\/","og_locale":"de_DE","og_type":"article","og_title":"Regularisierung l\u00e4ndlicher Grundst\u00fccke","og_description":"Unser Anwaltsteam unterst\u00fctzt Sie bei der Legalisierung von unrechtm\u00e4\u00dfig in Besitz genommenem Land;","og_url":"https:\/\/produncan.cl\/de\/regularisierung-laendlicher-grundstuecke\/","og_site_name":"Produncan","article_publisher":"https:\/\/web.facebook.com\/produncanland","article_modified_time":"2025-08-02T22:47:16+00:00","twitter_card":"summary_large_image","twitter_misc":{"Est. reading time":"1 minute"},"schema":{"@context":"https:\/\/schema.org","@graph":[{"@type":["Article","BlogPosting"],"@id":"https:\/\/produncan.cl\/de\/regularisierung-laendlicher-grundstuecke\/#article","isPartOf":{"@id":"https:\/\/produncan.cl\/de\/regularisierung-laendlicher-grundstuecke\/"},"author":{"name":"Giovanni Alarc\u00f3n","@id":"https:\/\/produncan.cl\/de\/#\/schema\/person\/3224dc0b09a83a61e116e35b282c8744"},"headline":"Regularisierung l\u00e4ndlicher Grundst\u00fccke","datePublished":"2021-05-22T15:41:16+00:00","dateModified":"2025-08-02T22:47:16+00:00","mainEntityOfPage":{"@id":"https:\/\/produncan.cl\/de\/regularisierung-laendlicher-grundstuecke\/"},"wordCount":126,"publisher":{"@id":"https:\/\/produncan.cl\/de\/#organization"},"inLanguage":"de-DE"},{"@type":"WebPage","@id":"https:\/\/produncan.cl\/de\/regularisierung-laendlicher-grundstuecke\/","url":"https:\/\/produncan.cl\/de\/regularisierung-laendlicher-grundstuecke\/","name":"Regularisierung l\u00e4ndlicher Grundst\u00fccke - Produncan","isPartOf":{"@id":"https:\/\/produncan.cl\/de\/#website"},"datePublished":"2021-05-22T15:41:16+00:00","dateModified":"2025-08-02T22:47:16+00:00","description":"Unser Anwaltsteam unterst\u00fctzt Sie bei der Legalisierung von unrechtm\u00e4\u00dfig in Besitz genommenem Land;","breadcrumb":{"@id":"https:\/\/produncan.cl\/de\/regularisierung-laendlicher-grundstuecke\/#breadcrumb"},"inLanguage":"de-DE","potentialAction":[{"@type":"ReadAction","target":["https:\/\/produncan.cl\/de\/regularisierung-laendlicher-grundstuecke\/"]}]},{"@type":"BreadcrumbList","@id":"https:\/\/produncan.cl\/de\/regularisierung-laendlicher-grundstuecke\/#breadcrumb","itemListElement":[{"@type":"ListItem","position":1,"name":"Inicio","item":"https:\/\/produncan.cl\/de\/"},{"@type":"ListItem","position":2,"name":"Regularisierung l\u00e4ndlicher Grundst\u00fccke"}]},{"@type":"WebSite","@id":"https:\/\/produncan.cl\/de\/#website","url":"https:\/\/produncan.cl\/de\/","name":"Produncan","description":"Wir begleiten Sie bei Ihrem Lebensprojekt!","publisher":{"@id":"https:\/\/produncan.cl\/de\/#organization"},"potentialAction":[{"@type":"SearchAction","target":{"@type":"EntryPoint","urlTemplate":"https:\/\/produncan.cl\/de\/?s={search_term_string}"},"query-input":{"@type":"PropertyValueSpecification","valueRequired":true,"valueName":"search_term_string"}}],"inLanguage":"de-DE"},{"@type":"Organization","@id":"https:\/\/produncan.cl\/de\/#organization","name":"Produncan","url":"https:\/\/produncan.cl\/de\/","logo":{"@type":"ImageObject","inLanguage":"de-DE","@id":"https:\/\/produncan.cl\/de\/#\/schema\/logo\/image\/","url":"https:\/\/produncan.cl\/wp-content\/uploads\/2021\/03\/LOGO.jpeg","contentUrl":"https:\/\/produncan.cl\/wp-content\/uploads\/2021\/03\/LOGO.jpeg","width":1280,"height":903,"caption":"Produncan"},"image":{"@id":"https:\/\/produncan.cl\/de\/#\/schema\/logo\/image\/"},"sameAs":["https:\/\/web.facebook.com\/produncanland","https:\/\/www.instagram.com\/pro_duncan\/","https:\/\/www.linkedin.com\/company\/produncan-lands\/","https:\/\/www.youtube.com\/channel\/UCu7N-f3x0svkazD-Eew1-QQ"],"description":"En Produncan somos especialistas en la venta de terrenos en el sur de Chile. Proveemos estancias, campos, parcelas y hoteles.","email":"info@produncan.cl"},{"@type":"Person","@id":"https:\/\/produncan.cl\/de\/#\/schema\/person\/3224dc0b09a83a61e116e35b282c8744","name":"Giovanni Alarc\u00f3n","image":{"@type":"ImageObject","inLanguage":"de-DE","@id":"https:\/\/secure.gravatar.com\/avatar\/64c465439fe8f4eee2cf6200c349a39727bdd86c547e989e30b1edae44dac264?s=96&d=mm&r=g","url":"https:\/\/secure.gravatar.com\/avatar\/64c465439fe8f4eee2cf6200c349a39727bdd86c547e989e30b1edae44dac264?s=96&d=mm&r=g","contentUrl":"https:\/\/secure.gravatar.com\/avatar\/64c465439fe8f4eee2cf6200c349a39727bdd86c547e989e30b1edae44dac264?s=96&d=mm&r=g","caption":"Giovanni Alarc\u00f3n"},"sameAs":["https:\/\/produncan.cl"]}]}},"_links":{"self":[{"href":"https:\/\/produncan.cl\/de\/wp-json\/wp\/v2\/pages\/7431","targetHints":{"allow":["GET"]}}],"collection":[{"href":"https:\/\/produncan.cl\/de\/wp-json\/wp\/v2\/pages"}],"about":[{"href":"https:\/\/produncan.cl\/de\/wp-json\/wp\/v2\/types\/page"}],"author":[{"embeddable":true,"href":"https:\/\/produncan.cl\/de\/wp-json\/wp\/v2\/users\/1"}],"replies":[{"embeddable":true,"href":"https:\/\/produncan.cl\/de\/wp-json\/wp\/v2\/comments?post=7431"}],"version-history":[{"count":0,"href":"https:\/\/produncan.cl\/de\/wp-json\/wp\/v2\/pages\/7431\/revisions"}],"wp:attachment":[{"href":"https:\/\/produncan.cl\/de\/wp-json\/wp\/v2\/media?parent=7431"}],"curies":[{"name":"wp","href":"https:\/\/api.w.org\/{rel}","templated":true}]}}