{"id":10129,"date":"2023-09-20T17:54:44","date_gmt":"2023-09-20T20:54:44","guid":{"rendered":"https:\/\/produncan.cl\/producto\/projekt-rio-condor-fischereiroute-puerto-aysen\/"},"modified":"2025-12-26T17:19:54","modified_gmt":"2025-12-26T20:19:54","slug":"projekt-rio-condor-fischereiroute-puerto-aysen","status":"publish","type":"product","link":"https:\/\/produncan.cl\/de\/produkt\/projekt-rio-condor-fischereiroute-puerto-aysen\/","title":{"rendered":"Projekt Aguas de la Patagonia &#8211; R\u00edo C\u00f3ndor &#8211; Ruta de la Pesca, Puerto Ays\u00e9n"},"content":{"rendered":"\t\t<div data-elementor-type=\"product-post\" data-elementor-id=\"10129\" class=\"elementor elementor-10129 elementor-9528\" data-elementor-post-type=\"product\">\n\t\t\t\t<div class=\"elementor-element elementor-element-925e2d1 e-flex e-con-boxed e-con e-parent\" data-id=\"925e2d1\" data-element_type=\"container\" data-e-type=\"container\" data-settings=\"{&quot;jet_parallax_layout_list&quot;:[]}\">\n\t\t\t\t\t<div class=\"e-con-inner\">\n\t\t\t\t<div class=\"elementor-element elementor-element-d1298b8 elementor-widget elementor-widget-heading\" data-id=\"d1298b8\" data-element_type=\"widget\" data-e-type=\"widget\" data-widget_type=\"heading.default\">\n\t\t\t\t\t<h2 class=\"elementor-heading-title elementor-size-default\">Konsolidiertes Projekt in der N\u00e4he von Puerto Ays\u00e9n<\/h2>\t\t\t\t<\/div>\n\t\t\t\t\t<\/div>\n\t\t\t\t<\/div>\n\t\t<div class=\"elementor-element elementor-element-e505c5d e-flex e-con-boxed e-con e-parent\" data-id=\"e505c5d\" data-element_type=\"container\" data-e-type=\"container\" data-settings=\"{&quot;jet_parallax_layout_list&quot;:[]}\">\n\t\t\t\t\t<div class=\"e-con-inner\">\n\t\t\t\t<div class=\"elementor-element elementor-element-4d149b1 elementor-widget elementor-widget-text-editor\" data-id=\"4d149b1\" data-element_type=\"widget\" data-e-type=\"widget\" data-widget_type=\"text-editor.default\">\n\t\t\t\t\t\t\t\t\t<p>In Produncan bieten wir Ihnen diese ausgezeichnete Gelegenheit, ein Grundst\u00fcck in einem konsolidierten Projekt zu erwerben, mit Stra\u00dfe, Rollen und 45 km s\u00fcdlich von Puerto Aysen, auf der bekannten Fishing Route.<\/p>\n<p><span style=\"color: var( --e-global-color-text ); font-family: var( --e-global-typography-text-font-family ), Sans-serif; font-weight: var( --e-global-typography-text-font-weight ); text-align: var(--text-align);\">Das Projekt befindet sich in einem Tal mit Nebenfl\u00fcssen und einem gro\u00dfen Fluss eiszeitlichen Ursprungs (Valle del R\u00edo C\u00f3ndor), der die Wasserversorgung f\u00fcr mehrere Jahrhunderte gew\u00e4hrleistet.<\/span><\/p>\n<p><span style=\"color: var( --e-global-color-text ); font-family: var( --e-global-typography-text-font-family ), Sans-serif; font-weight: var( --e-global-typography-text-font-weight ); text-align: var(--text-align);\">Die Geografie des Projekts ist freundlich, 70 % flach und 30 % abfallend, was sch\u00f6ne Ausblicke auf das Tal und die Gletscher erm\u00f6glicht.<\/span><\/p>\n<p><span style=\"color: var( --e-global-color-text ); font-family: var( --e-global-typography-text-font-family ), Sans-serif; font-weight: var( --e-global-typography-text-font-weight ); text-align: var(--text-align);\">Zu den nahe gelegenen Attraktionen geh\u00f6rt der Gletscher &#8220;El Condor&#8221;, ein wenig bekanntes Juwel mit 5 Seen an seinen H\u00e4ngen, dessen Gipfel nur 4 km vom Projekt entfernt ist. Zweifellos die gro\u00dfe Attraktion des Sektors in der Zukunft.<\/span><\/p>\n<p><span style=\"color: var( --e-global-color-text ); font-family: var( --e-global-typography-text-font-family ), Sans-serif; font-weight: var( --e-global-typography-text-font-weight ); text-align: var(--text-align);\">Die etwa 10 km vom Projekt entfernte Fischereiroute ist ein internationaler Fischereikreis mit mehreren Seen und Fl\u00fcssen, die durch \u00fcppige T\u00e4ler und Berge nach Coyhaique f\u00fchren, einer Stadt, die 1 Stunde und 45 Minuten vom Projekt entfernt liegt.<\/span><\/p>\n<p><span style=\"color: var( --e-global-color-text ); font-family: var( --e-global-typography-text-font-family ), Sans-serif; font-weight: var( --e-global-typography-text-font-weight ); text-align: var(--text-align);\">In Puerto Chacabuco, 57 km entfernt, befindet sich das renommierte Hotel Lober\u00edas del Sur, das hohe internationale Qualit\u00e4tsstandards erf\u00fcllt.<\/span><\/p>\n<p><span style=\"color: var( --e-global-color-text ); font-family: var( --e-global-typography-text-font-family ), Sans-serif; font-weight: var( --e-global-typography-text-font-weight ); text-align: var(--text-align);\">Die Preise reichen von $18.000.000 x 2,5 Hektar. Mehrere Grundst\u00fccke grenzen an den Fluss und an B\u00e4che.<\/span><\/p>\n<p><span style=\"color: var( --e-global-color-text ); font-family: var( --e-global-typography-text-font-family ), Sans-serif; font-weight: var( --e-global-typography-text-font-weight ); text-align: var(--text-align);\">Sie k\u00f6nnen bei uns den Masterplan anfordern, um den Standort und seine Merkmale zu \u00fcberpr\u00fcfen.<\/span><\/p>\n<p><span style=\"color: var( --e-global-color-text ); font-family: var( --e-global-typography-text-font-family ), Sans-serif; font-weight: var( --e-global-typography-text-font-weight ); text-align: var(--text-align);\">Es gibt nur noch wenige Lose, nutzen Sie den Vorteil und sichern Sie sich jetzt Ihr Los!<\/span><\/p>\n\t\t\t\t\t\t\t\t<\/div>\n\t\t\t\t\t<\/div>\n\t\t\t\t<\/div>\n\t\t\t\t<\/div>\n\t\t","protected":false},"excerpt":{"rendered":"<p>Grundst\u00fccke in Ays\u00e9n, 45 Minuten s\u00fcdlich von Puerto Ays\u00e9n, Ruta de la Pesca. Verf\u00fcgbare Grundst\u00fccke werden von den Eigent\u00fcmern verkauft. Mit Fl\u00e4chen von 1 bis 6 Hektar. Einheiten mit Fluss, Zugang zum Gletscher C\u00f3ndor. Funktionierende K\u00f6rperschaft.    <\/p>\n","protected":false},"featured_media":9665,"template":"","meta":{"_acf_changed":false},"product_brand":[],"product_cat":[116],"product_tag":[232],"regiones":[225],"ciudades":[448],"class_list":{"0":"post-10129","1":"product","2":"type-product","3":"status-publish","4":"has-post-thumbnail","6":"product_cat-aysen-magallanes-de","7":"product_tag-grundstuecke","8":"regiones-aysen-magallanes","9":"ciudades-puerto-aysen","11":"first","12":"instock","13":"shipping-taxable","14":"purchasable","15":"product-type-simple"},"acf":[],"yoast_head":"<!-- This site is optimized with the Yoast SEO Premium plugin v26.0 (Yoast SEO v27.3) - https:\/\/yoast.com\/product\/yoast-seo-premium-wordpress\/ -->\n<title>Projekt Aguas de la Patagonia - Fluss Condor - Produncan<\/title>\n<meta name=\"description\" content=\"Projekt Aguas de la Patagonia: eine einzigartige Investitionsm\u00f6glichkeit am Ufer des Flusses Condor in der Region Aysen. Grundst\u00fccke ab 2,5 Hektar.\" \/>\n<meta name=\"robots\" content=\"index, follow, max-snippet:-1, max-image-preview:large, max-video-preview:-1\" \/>\n<link rel=\"canonical\" href=\"https:\/\/produncan.cl\/de\/produkt\/projekt-rio-condor-fischereiroute-puerto-aysen\/\" \/>\n<meta property=\"og:locale\" content=\"de_DE\" \/>\n<meta property=\"og:type\" content=\"article\" \/>\n<meta property=\"og:title\" content=\"Projekt Aguas de la Patagonia - R\u00edo C\u00f3ndor - Ruta de la Pesca, Puerto Ays\u00e9n\" \/>\n<meta property=\"og:description\" content=\"Projekt Aguas de la Patagonia: eine einzigartige Investitionsm\u00f6glichkeit am Ufer des Flusses Condor in der Region Aysen. Grundst\u00fccke ab 2,5 Hektar.\" \/>\n<meta property=\"og:url\" content=\"https:\/\/produncan.cl\/de\/produkt\/projekt-rio-condor-fischereiroute-puerto-aysen\/\" \/>\n<meta property=\"og:site_name\" content=\"Produncan\" \/>\n<meta property=\"article:publisher\" content=\"https:\/\/web.facebook.com\/produncanland\" \/>\n<meta property=\"article:modified_time\" content=\"2025-12-26T20:19:54+00:00\" \/>\n<meta property=\"og:image\" content=\"https:\/\/produncan.cl\/wp-content\/uploads\/2022\/12\/Portada-Rio-Condor.webp\" \/>\n\t<meta property=\"og:image:width\" content=\"600\" \/>\n\t<meta property=\"og:image:height\" content=\"450\" \/>\n\t<meta property=\"og:image:type\" content=\"image\/webp\" \/>\n<meta name=\"twitter:card\" content=\"summary_large_image\" \/>\n<meta name=\"twitter:label1\" content=\"Price\" \/>\n\t<meta name=\"twitter:data1\" content=\"USD19.600,00\" \/>\n\t<meta name=\"twitter:label2\" content=\"Availability\" \/>\n\t<meta name=\"twitter:data2\" content=\"In stock\" \/>\n<script type=\"application\/ld+json\" class=\"yoast-schema-graph\">{\"@context\":\"https:\\\/\\\/schema.org\",\"@graph\":[{\"@type\":\"WebPage\",\"@id\":\"https:\\\/\\\/produncan.cl\\\/de\\\/produkt\\\/projekt-rio-condor-fischereiroute-puerto-aysen\\\/\",\"url\":\"https:\\\/\\\/produncan.cl\\\/de\\\/produkt\\\/projekt-rio-condor-fischereiroute-puerto-aysen\\\/\",\"name\":\"Projekt Aguas de la Patagonia - Fluss Condor - Produncan\",\"isPartOf\":{\"@id\":\"https:\\\/\\\/produncan.cl\\\/de\\\/#website\"},\"primaryImageOfPage\":{\"@id\":\"https:\\\/\\\/produncan.cl\\\/de\\\/produkt\\\/projekt-rio-condor-fischereiroute-puerto-aysen\\\/#primaryimage\"},\"image\":{\"@id\":\"https:\\\/\\\/produncan.cl\\\/de\\\/produkt\\\/projekt-rio-condor-fischereiroute-puerto-aysen\\\/#primaryimage\"},\"thumbnailUrl\":\"https:\\\/\\\/produncan.cl\\\/wp-content\\\/uploads\\\/2022\\\/12\\\/Portada-Rio-Condor.webp\",\"datePublished\":\"2023-09-20T20:54:44+00:00\",\"dateModified\":\"2025-12-26T20:19:54+00:00\",\"description\":\"Projekt Aguas de la Patagonia: eine einzigartige Investitionsm\u00f6glichkeit am Ufer des Flusses Condor in der Region Aysen. Grundst\u00fccke ab 2,5 Hektar.\",\"breadcrumb\":{\"@id\":\"https:\\\/\\\/produncan.cl\\\/de\\\/produkt\\\/projekt-rio-condor-fischereiroute-puerto-aysen\\\/#breadcrumb\"},\"inLanguage\":\"de-DE\",\"potentialAction\":[{\"@type\":\"ReadAction\",\"target\":[\"https:\\\/\\\/produncan.cl\\\/de\\\/produkt\\\/projekt-rio-condor-fischereiroute-puerto-aysen\\\/\"]}]},{\"@type\":\"ImageObject\",\"inLanguage\":\"de-DE\",\"@id\":\"https:\\\/\\\/produncan.cl\\\/de\\\/produkt\\\/projekt-rio-condor-fischereiroute-puerto-aysen\\\/#primaryimage\",\"url\":\"https:\\\/\\\/produncan.cl\\\/wp-content\\\/uploads\\\/2022\\\/12\\\/Portada-Rio-Condor.webp\",\"contentUrl\":\"https:\\\/\\\/produncan.cl\\\/wp-content\\\/uploads\\\/2022\\\/12\\\/Portada-Rio-Condor.webp\",\"width\":600,\"height\":450,\"caption\":\"Rio Condor Projekt\"},{\"@type\":\"BreadcrumbList\",\"@id\":\"https:\\\/\\\/produncan.cl\\\/de\\\/produkt\\\/projekt-rio-condor-fischereiroute-puerto-aysen\\\/#breadcrumb\",\"itemListElement\":[{\"@type\":\"ListItem\",\"position\":1,\"name\":\"Inicio\",\"item\":\"https:\\\/\\\/produncan.cl\\\/de\\\/\"},{\"@type\":\"ListItem\",\"position\":2,\"name\":\"Eigenschaften\",\"item\":\"https:\\\/\\\/produncan.cl\\\/propiedades\\\/\"},{\"@type\":\"ListItem\",\"position\":3,\"name\":\"Grundst\u00fccke\",\"item\":\"https:\\\/\\\/produncan.cl\\\/de\\\/kategorie\\\/grundstuecke\\\/\"},{\"@type\":\"ListItem\",\"position\":4,\"name\":\"Projekt Aguas de la Patagonia &#8211; R\u00edo C\u00f3ndor &#8211; Ruta de la Pesca, Puerto Ays\u00e9n\"}]},{\"@type\":\"WebSite\",\"@id\":\"https:\\\/\\\/produncan.cl\\\/de\\\/#website\",\"url\":\"https:\\\/\\\/produncan.cl\\\/de\\\/\",\"name\":\"Produncan\",\"description\":\"Wir begleiten Sie bei Ihrem Lebensprojekt!\",\"publisher\":{\"@id\":\"https:\\\/\\\/produncan.cl\\\/de\\\/#organization\"},\"potentialAction\":[{\"@type\":\"SearchAction\",\"target\":{\"@type\":\"EntryPoint\",\"urlTemplate\":\"https:\\\/\\\/produncan.cl\\\/de\\\/?s={search_term_string}\"},\"query-input\":{\"@type\":\"PropertyValueSpecification\",\"valueRequired\":true,\"valueName\":\"search_term_string\"}}],\"inLanguage\":\"de-DE\"},{\"@type\":\"Organization\",\"@id\":\"https:\\\/\\\/produncan.cl\\\/de\\\/#organization\",\"name\":\"Produncan\",\"url\":\"https:\\\/\\\/produncan.cl\\\/de\\\/\",\"logo\":{\"@type\":\"ImageObject\",\"inLanguage\":\"de-DE\",\"@id\":\"https:\\\/\\\/produncan.cl\\\/de\\\/#\\\/schema\\\/logo\\\/image\\\/\",\"url\":\"https:\\\/\\\/produncan.cl\\\/wp-content\\\/uploads\\\/2021\\\/03\\\/LOGO.jpeg\",\"contentUrl\":\"https:\\\/\\\/produncan.cl\\\/wp-content\\\/uploads\\\/2021\\\/03\\\/LOGO.jpeg\",\"width\":1280,\"height\":903,\"caption\":\"Produncan\"},\"image\":{\"@id\":\"https:\\\/\\\/produncan.cl\\\/de\\\/#\\\/schema\\\/logo\\\/image\\\/\"},\"sameAs\":[\"https:\\\/\\\/web.facebook.com\\\/produncanland\",\"https:\\\/\\\/www.instagram.com\\\/pro_duncan\\\/\",\"https:\\\/\\\/www.linkedin.com\\\/company\\\/produncan-lands\\\/\",\"https:\\\/\\\/www.youtube.com\\\/channel\\\/UCu7N-f3x0svkazD-Eew1-QQ\"],\"description\":\"En Produncan somos especialistas en la venta de terrenos en el sur de Chile. Proveemos estancias, campos, parcelas y hoteles.\",\"email\":\"info@produncan.cl\"}]}<\/script>\n<meta property=\"og:video\" content=\"https:\/\/www.youtube.com\/embed\/5gfExDg3Uq4\" \/>\n<meta property=\"og:video:type\" content=\"text\/html\" \/>\n<meta property=\"og:video:duration\" content=\"126\" \/>\n<meta property=\"og:video:width\" content=\"480\" \/>\n<meta property=\"og:video:height\" content=\"360\" \/>\n<meta property=\"ya:ovs:adult\" content=\"false\" \/>\n<meta property=\"ya:ovs:upload_date\" content=\"2023-09-20T20:54:44+00:00\" \/>\n<meta property=\"ya:ovs:allow_embed\" content=\"true\" \/>\n<meta property=\"product:price:amount\" content=\"19600.00\" \/>\n<meta property=\"product:price:currency\" content=\"USD\" \/>\n<meta property=\"og:availability\" content=\"instock\" \/>\n<meta property=\"product:availability\" content=\"instock\" \/>\n<meta property=\"product:condition\" content=\"new\" \/>\n<!-- \/ Yoast SEO Premium plugin. -->","yoast_head_json":{"title":"Projekt Aguas de la Patagonia - Fluss Condor - Produncan","description":"Projekt Aguas de la Patagonia: eine einzigartige Investitionsm\u00f6glichkeit am Ufer des Flusses Condor in der Region Aysen. Grundst\u00fccke ab 2,5 Hektar.","robots":{"index":"index","follow":"follow","max-snippet":"max-snippet:-1","max-image-preview":"max-image-preview:large","max-video-preview":"max-video-preview:-1"},"canonical":"https:\/\/produncan.cl\/de\/produkt\/projekt-rio-condor-fischereiroute-puerto-aysen\/","og_locale":"de_DE","og_type":"article","og_title":"Projekt Aguas de la Patagonia - R\u00edo C\u00f3ndor - Ruta de la Pesca, Puerto Ays\u00e9n","og_description":"Projekt Aguas de la Patagonia: eine einzigartige Investitionsm\u00f6glichkeit am Ufer des Flusses Condor in der Region Aysen. Grundst\u00fccke ab 2,5 Hektar.","og_url":"https:\/\/produncan.cl\/de\/produkt\/projekt-rio-condor-fischereiroute-puerto-aysen\/","og_site_name":"Produncan","article_publisher":"https:\/\/web.facebook.com\/produncanland","article_modified_time":"2025-12-26T20:19:54+00:00","og_image":[{"width":600,"height":450,"url":"https:\/\/produncan.cl\/wp-content\/uploads\/2022\/12\/Portada-Rio-Condor.webp","type":"image\/webp"}],"twitter_card":"summary_large_image","twitter_misc":{"Price":"USD19.600,00","Availability":"In stock"},"schema":{"@context":"https:\/\/schema.org","@graph":[{"@type":"WebPage","@id":"https:\/\/produncan.cl\/de\/produkt\/projekt-rio-condor-fischereiroute-puerto-aysen\/","url":"https:\/\/produncan.cl\/de\/produkt\/projekt-rio-condor-fischereiroute-puerto-aysen\/","name":"Projekt Aguas de la Patagonia - Fluss Condor - Produncan","isPartOf":{"@id":"https:\/\/produncan.cl\/de\/#website"},"primaryImageOfPage":{"@id":"https:\/\/produncan.cl\/de\/produkt\/projekt-rio-condor-fischereiroute-puerto-aysen\/#primaryimage"},"image":{"@id":"https:\/\/produncan.cl\/de\/produkt\/projekt-rio-condor-fischereiroute-puerto-aysen\/#primaryimage"},"thumbnailUrl":"https:\/\/produncan.cl\/wp-content\/uploads\/2022\/12\/Portada-Rio-Condor.webp","datePublished":"2023-09-20T20:54:44+00:00","dateModified":"2025-12-26T20:19:54+00:00","description":"Projekt Aguas de la Patagonia: eine einzigartige Investitionsm\u00f6glichkeit am Ufer des Flusses Condor in der Region Aysen. Grundst\u00fccke ab 2,5 Hektar.","breadcrumb":{"@id":"https:\/\/produncan.cl\/de\/produkt\/projekt-rio-condor-fischereiroute-puerto-aysen\/#breadcrumb"},"inLanguage":"de-DE","potentialAction":[{"@type":"ReadAction","target":["https:\/\/produncan.cl\/de\/produkt\/projekt-rio-condor-fischereiroute-puerto-aysen\/"]}]},{"@type":"ImageObject","inLanguage":"de-DE","@id":"https:\/\/produncan.cl\/de\/produkt\/projekt-rio-condor-fischereiroute-puerto-aysen\/#primaryimage","url":"https:\/\/produncan.cl\/wp-content\/uploads\/2022\/12\/Portada-Rio-Condor.webp","contentUrl":"https:\/\/produncan.cl\/wp-content\/uploads\/2022\/12\/Portada-Rio-Condor.webp","width":600,"height":450,"caption":"Rio Condor Projekt"},{"@type":"BreadcrumbList","@id":"https:\/\/produncan.cl\/de\/produkt\/projekt-rio-condor-fischereiroute-puerto-aysen\/#breadcrumb","itemListElement":[{"@type":"ListItem","position":1,"name":"Inicio","item":"https:\/\/produncan.cl\/de\/"},{"@type":"ListItem","position":2,"name":"Eigenschaften","item":"https:\/\/produncan.cl\/propiedades\/"},{"@type":"ListItem","position":3,"name":"Grundst\u00fccke","item":"https:\/\/produncan.cl\/de\/kategorie\/grundstuecke\/"},{"@type":"ListItem","position":4,"name":"Projekt Aguas de la Patagonia &#8211; R\u00edo C\u00f3ndor &#8211; Ruta de la Pesca, Puerto Ays\u00e9n"}]},{"@type":"WebSite","@id":"https:\/\/produncan.cl\/de\/#website","url":"https:\/\/produncan.cl\/de\/","name":"Produncan","description":"Wir begleiten Sie bei Ihrem Lebensprojekt!","publisher":{"@id":"https:\/\/produncan.cl\/de\/#organization"},"potentialAction":[{"@type":"SearchAction","target":{"@type":"EntryPoint","urlTemplate":"https:\/\/produncan.cl\/de\/?s={search_term_string}"},"query-input":{"@type":"PropertyValueSpecification","valueRequired":true,"valueName":"search_term_string"}}],"inLanguage":"de-DE"},{"@type":"Organization","@id":"https:\/\/produncan.cl\/de\/#organization","name":"Produncan","url":"https:\/\/produncan.cl\/de\/","logo":{"@type":"ImageObject","inLanguage":"de-DE","@id":"https:\/\/produncan.cl\/de\/#\/schema\/logo\/image\/","url":"https:\/\/produncan.cl\/wp-content\/uploads\/2021\/03\/LOGO.jpeg","contentUrl":"https:\/\/produncan.cl\/wp-content\/uploads\/2021\/03\/LOGO.jpeg","width":1280,"height":903,"caption":"Produncan"},"image":{"@id":"https:\/\/produncan.cl\/de\/#\/schema\/logo\/image\/"},"sameAs":["https:\/\/web.facebook.com\/produncanland","https:\/\/www.instagram.com\/pro_duncan\/","https:\/\/www.linkedin.com\/company\/produncan-lands\/","https:\/\/www.youtube.com\/channel\/UCu7N-f3x0svkazD-Eew1-QQ"],"description":"En Produncan somos especialistas en la venta de terrenos en el sur de Chile. Proveemos estancias, campos, parcelas y hoteles.","email":"info@produncan.cl"}]},"og_video":"https:\/\/www.youtube.com\/embed\/5gfExDg3Uq4","og_video_type":"text\/html","og_video_duration":"126","og_video_width":"480","og_video_height":"360","ya_ovs_adult":"false","ya_ovs_upload_date":"2023-09-20T20:54:44+00:00","ya_ovs_allow_embed":"true","product_price_amount":"19600.00","product_price_currency":"USD","og_availability":"instock","product_availability":"instock","product_condition":"new"},"_links":{"self":[{"href":"https:\/\/produncan.cl\/de\/wp-json\/wp\/v2\/product\/10129","targetHints":{"allow":["GET"]}}],"collection":[{"href":"https:\/\/produncan.cl\/de\/wp-json\/wp\/v2\/product"}],"about":[{"href":"https:\/\/produncan.cl\/de\/wp-json\/wp\/v2\/types\/product"}],"version-history":[{"count":8,"href":"https:\/\/produncan.cl\/de\/wp-json\/wp\/v2\/product\/10129\/revisions"}],"predecessor-version":[{"id":54016,"href":"https:\/\/produncan.cl\/de\/wp-json\/wp\/v2\/product\/10129\/revisions\/54016"}],"wp:featuredmedia":[{"embeddable":true,"href":"https:\/\/produncan.cl\/de\/wp-json\/wp\/v2\/media\/9665"}],"wp:attachment":[{"href":"https:\/\/produncan.cl\/de\/wp-json\/wp\/v2\/media?parent=10129"}],"wp:term":[{"taxonomy":"product_brand","embeddable":true,"href":"https:\/\/produncan.cl\/de\/wp-json\/wp\/v2\/product_brand?post=10129"},{"taxonomy":"product_cat","embeddable":true,"href":"https:\/\/produncan.cl\/de\/wp-json\/wp\/v2\/product_cat?post=10129"},{"taxonomy":"product_tag","embeddable":true,"href":"https:\/\/produncan.cl\/de\/wp-json\/wp\/v2\/product_tag?post=10129"},{"taxonomy":"regiones","embeddable":true,"href":"https:\/\/produncan.cl\/de\/wp-json\/wp\/v2\/regiones?post=10129"},{"taxonomy":"ciudades","embeddable":true,"href":"https:\/\/produncan.cl\/de\/wp-json\/wp\/v2\/ciudades?post=10129"}],"curies":[{"name":"wp","href":"https:\/\/api.w.org\/{rel}","templated":true}]}}