{"id":11356,"date":"2023-08-10T11:50:17","date_gmt":"2023-08-10T15:50:17","guid":{"rendered":"https:\/\/produncan.cl\/producto\/parcelas-emperador-guillermo-coyhaique-r-von-aysen\/"},"modified":"2025-11-24T18:14:48","modified_gmt":"2025-11-24T21:14:48","slug":"parcelas-emperador-guillermo-coyhaique-r-von-aysen","status":"publish","type":"product","link":"https:\/\/produncan.cl\/de\/produkt\/parcelas-emperador-guillermo-coyhaique-r-von-aysen\/","title":{"rendered":"Kaiser-Wilhelm-Pl\u00e4ne &#8211; Coyhaique, Region Ays\u00e9n"},"content":{"rendered":"\t\t<div data-elementor-type=\"product-post\" data-elementor-id=\"11356\" class=\"elementor elementor-11356 elementor-11102\" data-elementor-post-type=\"product\">\n\t\t\t\t<div class=\"elementor-element elementor-element-cb811a3 e-flex e-con-boxed e-con e-parent\" data-id=\"cb811a3\" data-element_type=\"container\" data-e-type=\"container\" data-settings=\"{&quot;jet_parallax_layout_list&quot;:[]}\">\n\t\t\t\t\t<div class=\"e-con-inner\">\n\t\t\t\t<div class=\"elementor-element elementor-element-904dd3f elementor-widget elementor-widget-heading\" data-id=\"904dd3f\" data-element_type=\"widget\" data-e-type=\"widget\" data-widget_type=\"heading.default\">\n\t\t\t\t\t<h2 class=\"elementor-heading-title elementor-size-default\">Beginnen Sie Ihr Projekt direkt an der Carretera Austral!<\/h2>\t\t\t\t<\/div>\n\t\t\t\t\t<\/div>\n\t\t\t\t<\/div>\n\t\t<div class=\"elementor-element elementor-element-ab48f9e e-flex e-con-boxed e-con e-parent\" data-id=\"ab48f9e\" data-element_type=\"container\" data-e-type=\"container\" data-settings=\"{&quot;jet_parallax_layout_list&quot;:[]}\">\n\t\t\t\t\t<div class=\"e-con-inner\">\n\t\t\t\t<div class=\"elementor-element elementor-element-d370a33 elementor-widget elementor-widget-text-editor\" data-id=\"d370a33\" data-element_type=\"widget\" data-e-type=\"widget\" data-widget_type=\"text-editor.default\">\n\t\t\t\t\t\t\t\t\t<p>Emperador Guillermo ist ein Projekt mit nur 23 Grundst\u00fccken, die am Ufer eines Flusses im Herzen der Region Ays\u00e9n liegen, der f\u00fcr seine guten Fischgr\u00fcnde und seine sch\u00f6nen Panoramablicke bekannt ist.<\/p><p>Das Projekt liegt 52 km n\u00f6rdlich der Stadt Coyhaique, direkt an der Carretera Austral und kann von Puerto Ays\u00e9n im Osten, von Coyhaique im Norden oder von Villa Ma\u00f1ihuales im S\u00fcden aus erreicht werden.<\/p><p>Dar\u00fcber hinaus verf\u00fcgt das Projekt \u00fcber eine Gemeinschaftsfl\u00e4che von 1000 m\u00b2 am Flussufer, geschotterte Innenwege, alle Grundst\u00fccke sind eben und haben einen Stromanschluss.<\/p><p>F\u00fcr die Wasserversorgung k\u00f6nnen Sie au\u00dferdem Wasserrechte f\u00fcr den Fluss beantragen oder einen Brunnen bauen.<\/p><p>In der N\u00e4he gibt es wundersch\u00f6ne Naturattraktionen, die es Ihnen erm\u00f6glichen, \u00f6kotouristische Aktivit\u00e4ten, Agrotourismus, Sportfischen, Kajakfahren, Trekking, Klettern, Wandern und Reiten zu entwickeln.<\/p><p>Das Projekt wird aufgrund seiner Lage an der Route 7 (Carretera Austral), die in 3 bis 5 Jahren asphaltiert werden soll und die St\u00e4dte Villa Ma\u00f1ihuales und Villa Ortega miteinander verbindet, einen hohen Mehrwert erfahren.<\/p><p>Das Projekt ist gr\u00f6\u00dftenteils ausverkauft, wobei die an die Carretera Austral angrenzenden Grundst\u00fccke noch verf\u00fcgbar sind, die sich ideal f\u00fcr ein Projekt eignen, da sie direkt an der Stra\u00dfe liegen.<\/p><p>VERGEUDEN SIE KEINE ZEIT UND NUTZEN SIE DIE GELEGENHEIT, SICH AUF DIE S\u00dcDAUTOBAHN ZU BEGEBEN!<\/p>\t\t\t\t\t\t\t\t<\/div>\n\t\t\t\t\t<\/div>\n\t\t\t\t<\/div>\n\t\t\t\t<\/div>\n\t\t","protected":false},"excerpt":{"rendered":"<p>23 freie und ebene Grundst\u00fccke an der Carretera Austral, mit Stromanschluss und Zugang zum Fluss Emperador Guillermo, ideal f\u00fcr ein Tourismusprojekt.<\/p>\n","protected":false},"featured_media":11163,"template":"","meta":{"_acf_changed":false},"product_brand":[],"product_cat":[116],"product_tag":[232,231],"regiones":[225],"ciudades":[209],"class_list":{"0":"post-11356","1":"product","2":"type-product","3":"status-publish","4":"has-post-thumbnail","6":"product_cat-aysen-magallanes-de","7":"product_tag-grundstuecke","8":"product_tag-touristische-immobilien","9":"regiones-aysen-magallanes","10":"ciudades-coyhaique","12":"first","13":"instock","14":"shipping-taxable","15":"purchasable","16":"product-type-simple"},"acf":[],"yoast_head":"<!-- This site is optimized with the Yoast SEO Premium plugin v26.0 (Yoast SEO v27.3) - https:\/\/yoast.com\/product\/yoast-seo-premium-wordpress\/ -->\n<title>Parzelle Fluss Petrohu\u00e9<\/title>\n<meta name=\"description\" content=\"Emperador Guillermo ist ein Projekt mit nur 23 Rollenspielplots, das an den Ufern eines Flusses liegt, der f\u00fcr seine guten Fischgr\u00fcnde bekannt ist.\" \/>\n<meta name=\"robots\" content=\"index, follow, max-snippet:-1, max-image-preview:large, max-video-preview:-1\" \/>\n<link rel=\"canonical\" href=\"https:\/\/produncan.cl\/de\/produkt\/parcelas-emperador-guillermo-coyhaique-r-von-aysen\/\" \/>\n<meta property=\"og:locale\" content=\"de_DE\" \/>\n<meta property=\"og:type\" content=\"article\" \/>\n<meta property=\"og:title\" content=\"Kaiser-Wilhelm-Pl\u00e4ne - Coyhaique, Region Ays\u00e9n\" \/>\n<meta property=\"og:description\" content=\"Emperador Guillermo ist ein Projekt mit nur 23 Rollenspielplots, das an den Ufern eines Flusses liegt, der f\u00fcr seine guten Fischgr\u00fcnde bekannt ist.\" \/>\n<meta property=\"og:url\" content=\"https:\/\/produncan.cl\/de\/produkt\/parcelas-emperador-guillermo-coyhaique-r-von-aysen\/\" \/>\n<meta property=\"og:site_name\" content=\"Produncan\" \/>\n<meta property=\"article:publisher\" content=\"https:\/\/web.facebook.com\/produncanland\" \/>\n<meta property=\"article:modified_time\" content=\"2025-11-24T21:14:48+00:00\" \/>\n<meta property=\"og:image\" content=\"https:\/\/produncan.cl\/wp-content\/uploads\/2023\/01\/Presentacion-Emperador-Guillermo.webp\" \/>\n\t<meta property=\"og:image:width\" content=\"600\" \/>\n\t<meta property=\"og:image:height\" content=\"450\" \/>\n\t<meta property=\"og:image:type\" content=\"image\/webp\" \/>\n<meta name=\"twitter:card\" content=\"summary_large_image\" \/>\n<meta name=\"twitter:label1\" content=\"Price\" \/>\n\t<meta name=\"twitter:data1\" content=\"USD32.700,00\" \/>\n\t<meta name=\"twitter:label2\" content=\"Availability\" \/>\n\t<meta name=\"twitter:data2\" content=\"In stock\" \/>\n<script type=\"application\/ld+json\" class=\"yoast-schema-graph\">{\"@context\":\"https:\\\/\\\/schema.org\",\"@graph\":[{\"@type\":\"WebPage\",\"@id\":\"https:\\\/\\\/produncan.cl\\\/de\\\/produkt\\\/parcelas-emperador-guillermo-coyhaique-r-von-aysen\\\/\",\"url\":\"https:\\\/\\\/produncan.cl\\\/de\\\/produkt\\\/parcelas-emperador-guillermo-coyhaique-r-von-aysen\\\/\",\"name\":\"Parzelle Fluss Petrohu\u00e9\",\"isPartOf\":{\"@id\":\"https:\\\/\\\/produncan.cl\\\/de\\\/#website\"},\"primaryImageOfPage\":{\"@id\":\"https:\\\/\\\/produncan.cl\\\/de\\\/produkt\\\/parcelas-emperador-guillermo-coyhaique-r-von-aysen\\\/#primaryimage\"},\"image\":{\"@id\":\"https:\\\/\\\/produncan.cl\\\/de\\\/produkt\\\/parcelas-emperador-guillermo-coyhaique-r-von-aysen\\\/#primaryimage\"},\"thumbnailUrl\":\"https:\\\/\\\/produncan.cl\\\/wp-content\\\/uploads\\\/2023\\\/01\\\/Presentacion-Emperador-Guillermo.webp\",\"datePublished\":\"2023-08-10T15:50:17+00:00\",\"dateModified\":\"2025-11-24T21:14:48+00:00\",\"description\":\"Emperador Guillermo ist ein Projekt mit nur 23 Rollenspielplots, das an den Ufern eines Flusses liegt, der f\u00fcr seine guten Fischgr\u00fcnde bekannt ist.\",\"breadcrumb\":{\"@id\":\"https:\\\/\\\/produncan.cl\\\/de\\\/produkt\\\/parcelas-emperador-guillermo-coyhaique-r-von-aysen\\\/#breadcrumb\"},\"inLanguage\":\"de-DE\",\"potentialAction\":[{\"@type\":\"ReadAction\",\"target\":[\"https:\\\/\\\/produncan.cl\\\/de\\\/produkt\\\/parcelas-emperador-guillermo-coyhaique-r-von-aysen\\\/\"]}]},{\"@type\":\"ImageObject\",\"inLanguage\":\"de-DE\",\"@id\":\"https:\\\/\\\/produncan.cl\\\/de\\\/produkt\\\/parcelas-emperador-guillermo-coyhaique-r-von-aysen\\\/#primaryimage\",\"url\":\"https:\\\/\\\/produncan.cl\\\/wp-content\\\/uploads\\\/2023\\\/01\\\/Presentacion-Emperador-Guillermo.webp\",\"contentUrl\":\"https:\\\/\\\/produncan.cl\\\/wp-content\\\/uploads\\\/2023\\\/01\\\/Presentacion-Emperador-Guillermo.webp\",\"width\":600,\"height\":450,\"caption\":\"Pr\u00e4sentation Kaiser William\"},{\"@type\":\"BreadcrumbList\",\"@id\":\"https:\\\/\\\/produncan.cl\\\/de\\\/produkt\\\/parcelas-emperador-guillermo-coyhaique-r-von-aysen\\\/#breadcrumb\",\"itemListElement\":[{\"@type\":\"ListItem\",\"position\":1,\"name\":\"Inicio\",\"item\":\"https:\\\/\\\/produncan.cl\\\/de\\\/\"},{\"@type\":\"ListItem\",\"position\":2,\"name\":\"Eigenschaften\",\"item\":\"https:\\\/\\\/produncan.cl\\\/propiedades\\\/\"},{\"@type\":\"ListItem\",\"position\":3,\"name\":\"Grundst\u00fccke\",\"item\":\"https:\\\/\\\/produncan.cl\\\/de\\\/kategorie\\\/grundstuecke\\\/\"},{\"@type\":\"ListItem\",\"position\":4,\"name\":\"Kaiser-Wilhelm-Pl\u00e4ne &#8211; Coyhaique, Region Ays\u00e9n\"}]},{\"@type\":\"WebSite\",\"@id\":\"https:\\\/\\\/produncan.cl\\\/de\\\/#website\",\"url\":\"https:\\\/\\\/produncan.cl\\\/de\\\/\",\"name\":\"Produncan\",\"description\":\"Wir begleiten Sie bei Ihrem Lebensprojekt!\",\"publisher\":{\"@id\":\"https:\\\/\\\/produncan.cl\\\/de\\\/#organization\"},\"potentialAction\":[{\"@type\":\"SearchAction\",\"target\":{\"@type\":\"EntryPoint\",\"urlTemplate\":\"https:\\\/\\\/produncan.cl\\\/de\\\/?s={search_term_string}\"},\"query-input\":{\"@type\":\"PropertyValueSpecification\",\"valueRequired\":true,\"valueName\":\"search_term_string\"}}],\"inLanguage\":\"de-DE\"},{\"@type\":\"Organization\",\"@id\":\"https:\\\/\\\/produncan.cl\\\/de\\\/#organization\",\"name\":\"Produncan\",\"url\":\"https:\\\/\\\/produncan.cl\\\/de\\\/\",\"logo\":{\"@type\":\"ImageObject\",\"inLanguage\":\"de-DE\",\"@id\":\"https:\\\/\\\/produncan.cl\\\/de\\\/#\\\/schema\\\/logo\\\/image\\\/\",\"url\":\"https:\\\/\\\/produncan.cl\\\/wp-content\\\/uploads\\\/2021\\\/03\\\/LOGO.jpeg\",\"contentUrl\":\"https:\\\/\\\/produncan.cl\\\/wp-content\\\/uploads\\\/2021\\\/03\\\/LOGO.jpeg\",\"width\":1280,\"height\":903,\"caption\":\"Produncan\"},\"image\":{\"@id\":\"https:\\\/\\\/produncan.cl\\\/de\\\/#\\\/schema\\\/logo\\\/image\\\/\"},\"sameAs\":[\"https:\\\/\\\/web.facebook.com\\\/produncanland\",\"https:\\\/\\\/www.instagram.com\\\/pro_duncan\\\/\",\"https:\\\/\\\/www.linkedin.com\\\/company\\\/produncan-lands\\\/\",\"https:\\\/\\\/www.youtube.com\\\/channel\\\/UCu7N-f3x0svkazD-Eew1-QQ\"],\"description\":\"En Produncan somos especialistas en la venta de terrenos en el sur de Chile. Proveemos estancias, campos, parcelas y hoteles.\",\"email\":\"info@produncan.cl\"}]}<\/script>\n<meta property=\"og:video\" content=\"https:\/\/www.youtube.com\/embed\/Darr9YKPFEA\" \/>\n<meta property=\"og:video:type\" content=\"text\/html\" \/>\n<meta property=\"og:video:duration\" content=\"121\" \/>\n<meta property=\"og:video:width\" content=\"480\" \/>\n<meta property=\"og:video:height\" content=\"360\" \/>\n<meta property=\"ya:ovs:adult\" content=\"false\" \/>\n<meta property=\"ya:ovs:upload_date\" content=\"2023-08-10T15:50:17+00:00\" \/>\n<meta property=\"ya:ovs:allow_embed\" content=\"true\" \/>\n<meta property=\"product:price:amount\" content=\"32700.00\" \/>\n<meta property=\"product:price:currency\" content=\"USD\" \/>\n<meta property=\"og:availability\" content=\"instock\" \/>\n<meta property=\"product:availability\" content=\"instock\" \/>\n<meta property=\"product:condition\" content=\"new\" \/>\n<!-- \/ Yoast SEO Premium plugin. -->","yoast_head_json":{"title":"Parzelle Fluss Petrohu\u00e9","description":"Emperador Guillermo ist ein Projekt mit nur 23 Rollenspielplots, das an den Ufern eines Flusses liegt, der f\u00fcr seine guten Fischgr\u00fcnde bekannt ist.","robots":{"index":"index","follow":"follow","max-snippet":"max-snippet:-1","max-image-preview":"max-image-preview:large","max-video-preview":"max-video-preview:-1"},"canonical":"https:\/\/produncan.cl\/de\/produkt\/parcelas-emperador-guillermo-coyhaique-r-von-aysen\/","og_locale":"de_DE","og_type":"article","og_title":"Kaiser-Wilhelm-Pl\u00e4ne - Coyhaique, Region Ays\u00e9n","og_description":"Emperador Guillermo ist ein Projekt mit nur 23 Rollenspielplots, das an den Ufern eines Flusses liegt, der f\u00fcr seine guten Fischgr\u00fcnde bekannt ist.","og_url":"https:\/\/produncan.cl\/de\/produkt\/parcelas-emperador-guillermo-coyhaique-r-von-aysen\/","og_site_name":"Produncan","article_publisher":"https:\/\/web.facebook.com\/produncanland","article_modified_time":"2025-11-24T21:14:48+00:00","og_image":[{"width":600,"height":450,"url":"https:\/\/produncan.cl\/wp-content\/uploads\/2023\/01\/Presentacion-Emperador-Guillermo.webp","type":"image\/webp"}],"twitter_card":"summary_large_image","twitter_misc":{"Price":"USD32.700,00","Availability":"In stock"},"schema":{"@context":"https:\/\/schema.org","@graph":[{"@type":"WebPage","@id":"https:\/\/produncan.cl\/de\/produkt\/parcelas-emperador-guillermo-coyhaique-r-von-aysen\/","url":"https:\/\/produncan.cl\/de\/produkt\/parcelas-emperador-guillermo-coyhaique-r-von-aysen\/","name":"Parzelle Fluss Petrohu\u00e9","isPartOf":{"@id":"https:\/\/produncan.cl\/de\/#website"},"primaryImageOfPage":{"@id":"https:\/\/produncan.cl\/de\/produkt\/parcelas-emperador-guillermo-coyhaique-r-von-aysen\/#primaryimage"},"image":{"@id":"https:\/\/produncan.cl\/de\/produkt\/parcelas-emperador-guillermo-coyhaique-r-von-aysen\/#primaryimage"},"thumbnailUrl":"https:\/\/produncan.cl\/wp-content\/uploads\/2023\/01\/Presentacion-Emperador-Guillermo.webp","datePublished":"2023-08-10T15:50:17+00:00","dateModified":"2025-11-24T21:14:48+00:00","description":"Emperador Guillermo ist ein Projekt mit nur 23 Rollenspielplots, das an den Ufern eines Flusses liegt, der f\u00fcr seine guten Fischgr\u00fcnde bekannt ist.","breadcrumb":{"@id":"https:\/\/produncan.cl\/de\/produkt\/parcelas-emperador-guillermo-coyhaique-r-von-aysen\/#breadcrumb"},"inLanguage":"de-DE","potentialAction":[{"@type":"ReadAction","target":["https:\/\/produncan.cl\/de\/produkt\/parcelas-emperador-guillermo-coyhaique-r-von-aysen\/"]}]},{"@type":"ImageObject","inLanguage":"de-DE","@id":"https:\/\/produncan.cl\/de\/produkt\/parcelas-emperador-guillermo-coyhaique-r-von-aysen\/#primaryimage","url":"https:\/\/produncan.cl\/wp-content\/uploads\/2023\/01\/Presentacion-Emperador-Guillermo.webp","contentUrl":"https:\/\/produncan.cl\/wp-content\/uploads\/2023\/01\/Presentacion-Emperador-Guillermo.webp","width":600,"height":450,"caption":"Pr\u00e4sentation Kaiser William"},{"@type":"BreadcrumbList","@id":"https:\/\/produncan.cl\/de\/produkt\/parcelas-emperador-guillermo-coyhaique-r-von-aysen\/#breadcrumb","itemListElement":[{"@type":"ListItem","position":1,"name":"Inicio","item":"https:\/\/produncan.cl\/de\/"},{"@type":"ListItem","position":2,"name":"Eigenschaften","item":"https:\/\/produncan.cl\/propiedades\/"},{"@type":"ListItem","position":3,"name":"Grundst\u00fccke","item":"https:\/\/produncan.cl\/de\/kategorie\/grundstuecke\/"},{"@type":"ListItem","position":4,"name":"Kaiser-Wilhelm-Pl\u00e4ne &#8211; Coyhaique, Region Ays\u00e9n"}]},{"@type":"WebSite","@id":"https:\/\/produncan.cl\/de\/#website","url":"https:\/\/produncan.cl\/de\/","name":"Produncan","description":"Wir begleiten Sie bei Ihrem Lebensprojekt!","publisher":{"@id":"https:\/\/produncan.cl\/de\/#organization"},"potentialAction":[{"@type":"SearchAction","target":{"@type":"EntryPoint","urlTemplate":"https:\/\/produncan.cl\/de\/?s={search_term_string}"},"query-input":{"@type":"PropertyValueSpecification","valueRequired":true,"valueName":"search_term_string"}}],"inLanguage":"de-DE"},{"@type":"Organization","@id":"https:\/\/produncan.cl\/de\/#organization","name":"Produncan","url":"https:\/\/produncan.cl\/de\/","logo":{"@type":"ImageObject","inLanguage":"de-DE","@id":"https:\/\/produncan.cl\/de\/#\/schema\/logo\/image\/","url":"https:\/\/produncan.cl\/wp-content\/uploads\/2021\/03\/LOGO.jpeg","contentUrl":"https:\/\/produncan.cl\/wp-content\/uploads\/2021\/03\/LOGO.jpeg","width":1280,"height":903,"caption":"Produncan"},"image":{"@id":"https:\/\/produncan.cl\/de\/#\/schema\/logo\/image\/"},"sameAs":["https:\/\/web.facebook.com\/produncanland","https:\/\/www.instagram.com\/pro_duncan\/","https:\/\/www.linkedin.com\/company\/produncan-lands\/","https:\/\/www.youtube.com\/channel\/UCu7N-f3x0svkazD-Eew1-QQ"],"description":"En Produncan somos especialistas en la venta de terrenos en el sur de Chile. Proveemos estancias, campos, parcelas y hoteles.","email":"info@produncan.cl"}]},"og_video":"https:\/\/www.youtube.com\/embed\/Darr9YKPFEA","og_video_type":"text\/html","og_video_duration":"121","og_video_width":"480","og_video_height":"360","ya_ovs_adult":"false","ya_ovs_upload_date":"2023-08-10T15:50:17+00:00","ya_ovs_allow_embed":"true","product_price_amount":"32700.00","product_price_currency":"USD","og_availability":"instock","product_availability":"instock","product_condition":"new"},"_links":{"self":[{"href":"https:\/\/produncan.cl\/de\/wp-json\/wp\/v2\/product\/11356","targetHints":{"allow":["GET"]}}],"collection":[{"href":"https:\/\/produncan.cl\/de\/wp-json\/wp\/v2\/product"}],"about":[{"href":"https:\/\/produncan.cl\/de\/wp-json\/wp\/v2\/types\/product"}],"version-history":[{"count":4,"href":"https:\/\/produncan.cl\/de\/wp-json\/wp\/v2\/product\/11356\/revisions"}],"predecessor-version":[{"id":52716,"href":"https:\/\/produncan.cl\/de\/wp-json\/wp\/v2\/product\/11356\/revisions\/52716"}],"wp:featuredmedia":[{"embeddable":true,"href":"https:\/\/produncan.cl\/de\/wp-json\/wp\/v2\/media\/11163"}],"wp:attachment":[{"href":"https:\/\/produncan.cl\/de\/wp-json\/wp\/v2\/media?parent=11356"}],"wp:term":[{"taxonomy":"product_brand","embeddable":true,"href":"https:\/\/produncan.cl\/de\/wp-json\/wp\/v2\/product_brand?post=11356"},{"taxonomy":"product_cat","embeddable":true,"href":"https:\/\/produncan.cl\/de\/wp-json\/wp\/v2\/product_cat?post=11356"},{"taxonomy":"product_tag","embeddable":true,"href":"https:\/\/produncan.cl\/de\/wp-json\/wp\/v2\/product_tag?post=11356"},{"taxonomy":"regiones","embeddable":true,"href":"https:\/\/produncan.cl\/de\/wp-json\/wp\/v2\/regiones?post=11356"},{"taxonomy":"ciudades","embeddable":true,"href":"https:\/\/produncan.cl\/de\/wp-json\/wp\/v2\/ciudades?post=11356"}],"curies":[{"name":"wp","href":"https:\/\/api.w.org\/{rel}","templated":true}]}}