{"id":11358,"date":"2021-01-12T18:32:39","date_gmt":"2021-01-12T21:32:39","guid":{"rendered":"https:\/\/produncan.cl\/producto\/grundstuecke-las-tortolas-estate\/"},"modified":"2024-01-24T10:37:53","modified_gmt":"2024-01-24T13:37:53","slug":"grundstuecke-las-tortolas-estate","status":"publish","type":"product","link":"https:\/\/produncan.cl\/de\/produkt\/grundstuecke-las-tortolas-estate\/","title":{"rendered":"Grundst\u00fccke Fundo Las T\u00f3rtolas"},"content":{"rendered":"\t\t<div data-elementor-type=\"product-post\" data-elementor-id=\"11358\" class=\"elementor elementor-11358\" data-elementor-post-type=\"product\">\n\t\t\t\t<div class=\"elementor-element elementor-element-aad3711 e-flex e-con-boxed e-con e-parent\" data-id=\"aad3711\" data-element_type=\"container\" data-e-type=\"container\" data-settings=\"{&quot;jet_parallax_layout_list&quot;:[]}\">\n\t\t\t\t\t<div class=\"e-con-inner\">\n\t\t\t\t<div class=\"elementor-element elementor-element-2e6aab6 elementor-widget elementor-widget-heading\" data-id=\"2e6aab6\" data-element_type=\"widget\" data-e-type=\"widget\" data-widget_type=\"heading.default\">\n\t\t\t\t\t<h2 class=\"elementor-heading-title elementor-size-default\">Planen Sie Ihr Treffen<\/h2>\t\t\t\t<\/div>\n\t\t\t\t\t<\/div>\n\t\t\t\t<\/div>\n\t\t<div class=\"elementor-element elementor-element-d4ea119 e-flex e-con-boxed e-con e-parent\" data-id=\"d4ea119\" data-element_type=\"container\" data-e-type=\"container\" data-settings=\"{&quot;jet_parallax_layout_list&quot;:[]}\">\n\t\t\t\t\t<div class=\"e-con-inner\">\n\t\t\t\t<div class=\"elementor-element elementor-element-3dfa769 elementor-widget elementor-widget-text-editor\" data-id=\"3dfa769\" data-element_type=\"widget\" data-e-type=\"widget\" data-widget_type=\"text-editor.default\">\n\t\t\t\t\t\t\t\t\t<p>Parcelas Fundo las T\u00f3rtolas ist ein Projekt, das 35 Minuten westlich von Puerto Varas liegt, an einem Ort mit perfekten Wiesen, alten einheimischen B\u00e4umen, sch\u00f6nen Aussichten und einem gepflasterten Zugang zu seinem Eingang.<\/p><p><br><\/p>\n<p>Das Projekt umfasst Grundst\u00fccke zwischen 1,3 und 4 Hektar, die \u00fcber zwei Tiefbrunnen mit eingetragenen Rechten mit Trinkwasser versorgt werden, sowie unterirdischen Strom, ein gutes Telefonsignal und einen Glasfaseranschluss. Dar\u00fcber hinaus wird jede Parzelle \u00fcber eine vom SEREMI de Salud zertifizierte Wasserquelle verf\u00fcgen.<\/p><p><br><\/p>\n<p>Das Projekt verf\u00fcgt \u00fcber eine Umz\u00e4unung, ein Zugangstor, Innenwege aus verdichtetem Material und ein nasses Netz f\u00fcr den Fall eines Brandes.<br>Bei dem Projekt handelt es sich nicht um eine Eigentumswohnung, sondern es ist ausschlie\u00dflich f\u00fcr Wohnzwecke vorgesehen.<\/p><p><br><\/p>\n<p>Was die Flora betrifft, so besteht der einheimische Wald aus alten B\u00e4umen: Pellines, Arrayanes und Ma\u00f1\u00edos, um nur einige zu nennen.<\/p><p><br><\/p>\n<p>Das Projekt wird direkt finanziert, indem 50 % in bar und der Restbetrag in zinsfreien Raten \u00fcber 12, 24 oder 36 Monate gezahlt wird.<\/p><p><br><\/p>\n<p>Der Ort liegt 35 Minuten von Puerto Varas, 45 Minuten von Puerto Montt, 25 Minuten vom Flughafen und 10 Minuten von Los Muermos entfernt, einer Stadt mit allen grundlegenden Dienstleistungen, in der Sie alles finden k\u00f6nnen, was Sie brauchen.<\/p><p><br><\/p>\n<p>Durch seine westliche Lage haben Sie leichten Zugang zu den paradiesischen Landschaften von Estaquilla, Puerto Godoy und Llico Bajo, die Ihnen viele M\u00f6glichkeiten er\u00f6ffnen.<\/p><p><br><\/p>\n<p>Der Sektor hat derzeit einen hohen Mehrwert aufgrund seiner Sch\u00f6nheit, der starken Entwicklung in seiner Umgebung und als hervorragende Option f\u00fcr diejenigen, die in den S\u00fcden ziehen wollen.<\/p><p><br>WARTEN SIE NICHT L\u00c4NGER, LEBEN SIE IHRE BESTEN JAHRE IN EINER SCH\u00d6NEN UMGEBUNG UND IN DER N\u00c4HE!<\/p>\t\t\t\t\t\t\t\t<\/div>\n\t\t\t\t\t<\/div>\n\t\t\t\t<\/div>\n\t\t\t\t<\/div>\n\t\t","protected":false},"excerpt":{"rendered":"<p>Grundst\u00fccke Fundo las T\u00f3rtolas, 35 Minuten von Puerto Varas entfernt, Wiesen, einheimische B\u00e4ume.<\/p>\n","protected":false},"featured_media":12814,"template":"","meta":{"_acf_changed":false},"product_brand":[],"product_cat":[104],"product_tag":[],"regiones":[226],"ciudades":[216],"class_list":{"0":"post-11358","1":"product","2":"type-product","3":"status-publish","4":"has-post-thumbnail","6":"product_cat-ohiggins-los-lagos","7":"regiones-nuble-los_lagos","8":"ciudades-los-muermos","10":"first","11":"outofstock","12":"sold-individually","13":"shipping-taxable","14":"purchasable","15":"product-type-simple"},"acf":[],"yoast_head":"<!-- This site is optimized with the Yoast SEO Premium plugin v26.0 (Yoast SEO v27.3) - https:\/\/yoast.com\/product\/yoast-seo-premium-wordpress\/ -->\n<title>Grundst\u00fccke Fundo Las T\u00f3rtolas - Produncan<\/title>\n<meta name=\"description\" content=\"Das Projekt befindet sich 35 Minuten westlich von Puerto Varas, an einem Ort mit perfekten Wiesen, sch\u00f6nen Aussichten und asphaltiertem Zugang zu seinem Eingang.\" \/>\n<meta name=\"robots\" content=\"index, follow, max-snippet:-1, max-image-preview:large, max-video-preview:-1\" \/>\n<link rel=\"canonical\" href=\"https:\/\/produncan.cl\/de\/produkt\/grundstuecke-las-tortolas-estate\/\" \/>\n<meta property=\"og:locale\" content=\"de_DE\" \/>\n<meta property=\"og:type\" content=\"article\" \/>\n<meta property=\"og:title\" content=\"Grundst\u00fccke Fundo Las T\u00f3rtolas\" \/>\n<meta property=\"og:description\" content=\"Das Projekt befindet sich 35 Minuten westlich von Puerto Varas, an einem Ort mit perfekten Wiesen, sch\u00f6nen Aussichten und asphaltiertem Zugang zu seinem Eingang.\" \/>\n<meta property=\"og:url\" content=\"https:\/\/produncan.cl\/de\/produkt\/grundstuecke-las-tortolas-estate\/\" \/>\n<meta property=\"og:site_name\" content=\"Produncan\" \/>\n<meta property=\"article:publisher\" content=\"https:\/\/web.facebook.com\/produncanland\" \/>\n<meta property=\"article:modified_time\" content=\"2024-01-24T13:37:53+00:00\" \/>\n<meta property=\"og:image\" content=\"https:\/\/produncan.cl\/wp-content\/uploads\/2023\/01\/Presentacion-Fundo-Las-Tortolas-vendido.webp\" \/>\n\t<meta property=\"og:image:width\" content=\"600\" \/>\n\t<meta property=\"og:image:height\" content=\"450\" \/>\n\t<meta property=\"og:image:type\" content=\"image\/webp\" \/>\n<meta name=\"twitter:card\" content=\"summary_large_image\" \/>\n<meta name=\"twitter:label1\" content=\"Price\" \/>\n\t<meta name=\"twitter:data1\" content=\"USD52.200,00\" \/>\n\t<meta name=\"twitter:label2\" content=\"Availability\" \/>\n\t<meta name=\"twitter:data2\" content=\"Out of stock\" \/>\n<script type=\"application\/ld+json\" class=\"yoast-schema-graph\">{\"@context\":\"https:\\\/\\\/schema.org\",\"@graph\":[{\"@type\":\"WebPage\",\"@id\":\"https:\\\/\\\/produncan.cl\\\/de\\\/produkt\\\/grundstuecke-las-tortolas-estate\\\/\",\"url\":\"https:\\\/\\\/produncan.cl\\\/de\\\/produkt\\\/grundstuecke-las-tortolas-estate\\\/\",\"name\":\"Grundst\u00fccke Fundo Las T\u00f3rtolas - Produncan\",\"isPartOf\":{\"@id\":\"https:\\\/\\\/produncan.cl\\\/de\\\/#website\"},\"primaryImageOfPage\":{\"@id\":\"https:\\\/\\\/produncan.cl\\\/de\\\/produkt\\\/grundstuecke-las-tortolas-estate\\\/#primaryimage\"},\"image\":{\"@id\":\"https:\\\/\\\/produncan.cl\\\/de\\\/produkt\\\/grundstuecke-las-tortolas-estate\\\/#primaryimage\"},\"thumbnailUrl\":\"https:\\\/\\\/produncan.cl\\\/wp-content\\\/uploads\\\/2023\\\/01\\\/Presentacion-Fundo-Las-Tortolas-vendido.webp\",\"datePublished\":\"2021-01-12T21:32:39+00:00\",\"dateModified\":\"2024-01-24T13:37:53+00:00\",\"description\":\"Das Projekt befindet sich 35 Minuten westlich von Puerto Varas, an einem Ort mit perfekten Wiesen, sch\u00f6nen Aussichten und asphaltiertem Zugang zu seinem Eingang.\",\"breadcrumb\":{\"@id\":\"https:\\\/\\\/produncan.cl\\\/de\\\/produkt\\\/grundstuecke-las-tortolas-estate\\\/#breadcrumb\"},\"inLanguage\":\"de-DE\",\"potentialAction\":[{\"@type\":\"ReadAction\",\"target\":[\"https:\\\/\\\/produncan.cl\\\/de\\\/produkt\\\/grundstuecke-las-tortolas-estate\\\/\"]}]},{\"@type\":\"ImageObject\",\"inLanguage\":\"de-DE\",\"@id\":\"https:\\\/\\\/produncan.cl\\\/de\\\/produkt\\\/grundstuecke-las-tortolas-estate\\\/#primaryimage\",\"url\":\"https:\\\/\\\/produncan.cl\\\/wp-content\\\/uploads\\\/2023\\\/01\\\/Presentacion-Fundo-Las-Tortolas-vendido.webp\",\"contentUrl\":\"https:\\\/\\\/produncan.cl\\\/wp-content\\\/uploads\\\/2023\\\/01\\\/Presentacion-Fundo-Las-Tortolas-vendido.webp\",\"width\":600,\"height\":450},{\"@type\":\"BreadcrumbList\",\"@id\":\"https:\\\/\\\/produncan.cl\\\/de\\\/produkt\\\/grundstuecke-las-tortolas-estate\\\/#breadcrumb\",\"itemListElement\":[{\"@type\":\"ListItem\",\"position\":1,\"name\":\"Inicio\",\"item\":\"https:\\\/\\\/produncan.cl\\\/de\\\/\"},{\"@type\":\"ListItem\",\"position\":2,\"name\":\"Eigenschaften\",\"item\":\"https:\\\/\\\/produncan.cl\\\/propiedades\\\/\"},{\"@type\":\"ListItem\",\"position\":3,\"name\":\"Grundst\u00fccke Fundo Las T\u00f3rtolas\"}]},{\"@type\":\"WebSite\",\"@id\":\"https:\\\/\\\/produncan.cl\\\/de\\\/#website\",\"url\":\"https:\\\/\\\/produncan.cl\\\/de\\\/\",\"name\":\"Produncan\",\"description\":\"Wir begleiten Sie bei Ihrem Lebensprojekt!\",\"publisher\":{\"@id\":\"https:\\\/\\\/produncan.cl\\\/de\\\/#organization\"},\"potentialAction\":[{\"@type\":\"SearchAction\",\"target\":{\"@type\":\"EntryPoint\",\"urlTemplate\":\"https:\\\/\\\/produncan.cl\\\/de\\\/?s={search_term_string}\"},\"query-input\":{\"@type\":\"PropertyValueSpecification\",\"valueRequired\":true,\"valueName\":\"search_term_string\"}}],\"inLanguage\":\"de-DE\"},{\"@type\":\"Organization\",\"@id\":\"https:\\\/\\\/produncan.cl\\\/de\\\/#organization\",\"name\":\"Produncan\",\"url\":\"https:\\\/\\\/produncan.cl\\\/de\\\/\",\"logo\":{\"@type\":\"ImageObject\",\"inLanguage\":\"de-DE\",\"@id\":\"https:\\\/\\\/produncan.cl\\\/de\\\/#\\\/schema\\\/logo\\\/image\\\/\",\"url\":\"https:\\\/\\\/produncan.cl\\\/wp-content\\\/uploads\\\/2021\\\/03\\\/LOGO.jpeg\",\"contentUrl\":\"https:\\\/\\\/produncan.cl\\\/wp-content\\\/uploads\\\/2021\\\/03\\\/LOGO.jpeg\",\"width\":1280,\"height\":903,\"caption\":\"Produncan\"},\"image\":{\"@id\":\"https:\\\/\\\/produncan.cl\\\/de\\\/#\\\/schema\\\/logo\\\/image\\\/\"},\"sameAs\":[\"https:\\\/\\\/web.facebook.com\\\/produncanland\",\"https:\\\/\\\/www.instagram.com\\\/pro_duncan\\\/\",\"https:\\\/\\\/www.linkedin.com\\\/company\\\/produncan-lands\\\/\",\"https:\\\/\\\/www.youtube.com\\\/channel\\\/UCu7N-f3x0svkazD-Eew1-QQ\"],\"description\":\"En Produncan somos especialistas en la venta de terrenos en el sur de Chile. Proveemos estancias, campos, parcelas y hoteles.\",\"email\":\"info@produncan.cl\"}]}<\/script>\n<meta property=\"og:video\" content=\"https:\/\/www.youtube.com\/embed\/2v_Ufpl6CFA\" \/>\n<meta property=\"og:video:type\" content=\"text\/html\" \/>\n<meta property=\"og:video:duration\" content=\"165\" \/>\n<meta property=\"og:video:width\" content=\"480\" \/>\n<meta property=\"og:video:height\" content=\"360\" \/>\n<meta property=\"ya:ovs:adult\" content=\"false\" \/>\n<meta property=\"ya:ovs:upload_date\" content=\"2021-01-12T21:32:39+00:00\" \/>\n<meta property=\"ya:ovs:allow_embed\" content=\"true\" \/>\n<meta property=\"product:price:amount\" content=\"52200.00\" \/>\n<meta property=\"product:price:currency\" content=\"USD\" \/>\n<meta property=\"og:availability\" content=\"out of stock\" \/>\n<meta property=\"product:availability\" content=\"out of stock\" \/>\n<meta property=\"product:condition\" content=\"new\" \/>\n<!-- \/ Yoast SEO Premium plugin. -->","yoast_head_json":{"title":"Grundst\u00fccke Fundo Las T\u00f3rtolas - Produncan","description":"Das Projekt befindet sich 35 Minuten westlich von Puerto Varas, an einem Ort mit perfekten Wiesen, sch\u00f6nen Aussichten und asphaltiertem Zugang zu seinem Eingang.","robots":{"index":"index","follow":"follow","max-snippet":"max-snippet:-1","max-image-preview":"max-image-preview:large","max-video-preview":"max-video-preview:-1"},"canonical":"https:\/\/produncan.cl\/de\/produkt\/grundstuecke-las-tortolas-estate\/","og_locale":"de_DE","og_type":"article","og_title":"Grundst\u00fccke Fundo Las T\u00f3rtolas","og_description":"Das Projekt befindet sich 35 Minuten westlich von Puerto Varas, an einem Ort mit perfekten Wiesen, sch\u00f6nen Aussichten und asphaltiertem Zugang zu seinem Eingang.","og_url":"https:\/\/produncan.cl\/de\/produkt\/grundstuecke-las-tortolas-estate\/","og_site_name":"Produncan","article_publisher":"https:\/\/web.facebook.com\/produncanland","article_modified_time":"2024-01-24T13:37:53+00:00","og_image":[{"width":600,"height":450,"url":"https:\/\/produncan.cl\/wp-content\/uploads\/2023\/01\/Presentacion-Fundo-Las-Tortolas-vendido.webp","type":"image\/webp"}],"twitter_card":"summary_large_image","twitter_misc":{"Price":"USD52.200,00","Availability":"Out of stock"},"schema":{"@context":"https:\/\/schema.org","@graph":[{"@type":"WebPage","@id":"https:\/\/produncan.cl\/de\/produkt\/grundstuecke-las-tortolas-estate\/","url":"https:\/\/produncan.cl\/de\/produkt\/grundstuecke-las-tortolas-estate\/","name":"Grundst\u00fccke Fundo Las T\u00f3rtolas - Produncan","isPartOf":{"@id":"https:\/\/produncan.cl\/de\/#website"},"primaryImageOfPage":{"@id":"https:\/\/produncan.cl\/de\/produkt\/grundstuecke-las-tortolas-estate\/#primaryimage"},"image":{"@id":"https:\/\/produncan.cl\/de\/produkt\/grundstuecke-las-tortolas-estate\/#primaryimage"},"thumbnailUrl":"https:\/\/produncan.cl\/wp-content\/uploads\/2023\/01\/Presentacion-Fundo-Las-Tortolas-vendido.webp","datePublished":"2021-01-12T21:32:39+00:00","dateModified":"2024-01-24T13:37:53+00:00","description":"Das Projekt befindet sich 35 Minuten westlich von Puerto Varas, an einem Ort mit perfekten Wiesen, sch\u00f6nen Aussichten und asphaltiertem Zugang zu seinem Eingang.","breadcrumb":{"@id":"https:\/\/produncan.cl\/de\/produkt\/grundstuecke-las-tortolas-estate\/#breadcrumb"},"inLanguage":"de-DE","potentialAction":[{"@type":"ReadAction","target":["https:\/\/produncan.cl\/de\/produkt\/grundstuecke-las-tortolas-estate\/"]}]},{"@type":"ImageObject","inLanguage":"de-DE","@id":"https:\/\/produncan.cl\/de\/produkt\/grundstuecke-las-tortolas-estate\/#primaryimage","url":"https:\/\/produncan.cl\/wp-content\/uploads\/2023\/01\/Presentacion-Fundo-Las-Tortolas-vendido.webp","contentUrl":"https:\/\/produncan.cl\/wp-content\/uploads\/2023\/01\/Presentacion-Fundo-Las-Tortolas-vendido.webp","width":600,"height":450},{"@type":"BreadcrumbList","@id":"https:\/\/produncan.cl\/de\/produkt\/grundstuecke-las-tortolas-estate\/#breadcrumb","itemListElement":[{"@type":"ListItem","position":1,"name":"Inicio","item":"https:\/\/produncan.cl\/de\/"},{"@type":"ListItem","position":2,"name":"Eigenschaften","item":"https:\/\/produncan.cl\/propiedades\/"},{"@type":"ListItem","position":3,"name":"Grundst\u00fccke Fundo Las T\u00f3rtolas"}]},{"@type":"WebSite","@id":"https:\/\/produncan.cl\/de\/#website","url":"https:\/\/produncan.cl\/de\/","name":"Produncan","description":"Wir begleiten Sie bei Ihrem Lebensprojekt!","publisher":{"@id":"https:\/\/produncan.cl\/de\/#organization"},"potentialAction":[{"@type":"SearchAction","target":{"@type":"EntryPoint","urlTemplate":"https:\/\/produncan.cl\/de\/?s={search_term_string}"},"query-input":{"@type":"PropertyValueSpecification","valueRequired":true,"valueName":"search_term_string"}}],"inLanguage":"de-DE"},{"@type":"Organization","@id":"https:\/\/produncan.cl\/de\/#organization","name":"Produncan","url":"https:\/\/produncan.cl\/de\/","logo":{"@type":"ImageObject","inLanguage":"de-DE","@id":"https:\/\/produncan.cl\/de\/#\/schema\/logo\/image\/","url":"https:\/\/produncan.cl\/wp-content\/uploads\/2021\/03\/LOGO.jpeg","contentUrl":"https:\/\/produncan.cl\/wp-content\/uploads\/2021\/03\/LOGO.jpeg","width":1280,"height":903,"caption":"Produncan"},"image":{"@id":"https:\/\/produncan.cl\/de\/#\/schema\/logo\/image\/"},"sameAs":["https:\/\/web.facebook.com\/produncanland","https:\/\/www.instagram.com\/pro_duncan\/","https:\/\/www.linkedin.com\/company\/produncan-lands\/","https:\/\/www.youtube.com\/channel\/UCu7N-f3x0svkazD-Eew1-QQ"],"description":"En Produncan somos especialistas en la venta de terrenos en el sur de Chile. Proveemos estancias, campos, parcelas y hoteles.","email":"info@produncan.cl"}]},"og_video":"https:\/\/www.youtube.com\/embed\/2v_Ufpl6CFA","og_video_type":"text\/html","og_video_duration":"165","og_video_width":"480","og_video_height":"360","ya_ovs_adult":"false","ya_ovs_upload_date":"2021-01-12T21:32:39+00:00","ya_ovs_allow_embed":"true","product_price_amount":"52200.00","product_price_currency":"USD","og_availability":"out of stock","product_availability":"out of stock","product_condition":"new"},"_links":{"self":[{"href":"https:\/\/produncan.cl\/de\/wp-json\/wp\/v2\/product\/11358","targetHints":{"allow":["GET"]}}],"collection":[{"href":"https:\/\/produncan.cl\/de\/wp-json\/wp\/v2\/product"}],"about":[{"href":"https:\/\/produncan.cl\/de\/wp-json\/wp\/v2\/types\/product"}],"version-history":[{"count":0,"href":"https:\/\/produncan.cl\/de\/wp-json\/wp\/v2\/product\/11358\/revisions"}],"wp:featuredmedia":[{"embeddable":true,"href":"https:\/\/produncan.cl\/de\/wp-json\/wp\/v2\/media\/12814"}],"wp:attachment":[{"href":"https:\/\/produncan.cl\/de\/wp-json\/wp\/v2\/media?parent=11358"}],"wp:term":[{"taxonomy":"product_brand","embeddable":true,"href":"https:\/\/produncan.cl\/de\/wp-json\/wp\/v2\/product_brand?post=11358"},{"taxonomy":"product_cat","embeddable":true,"href":"https:\/\/produncan.cl\/de\/wp-json\/wp\/v2\/product_cat?post=11358"},{"taxonomy":"product_tag","embeddable":true,"href":"https:\/\/produncan.cl\/de\/wp-json\/wp\/v2\/product_tag?post=11358"},{"taxonomy":"regiones","embeddable":true,"href":"https:\/\/produncan.cl\/de\/wp-json\/wp\/v2\/regiones?post=11358"},{"taxonomy":"ciudades","embeddable":true,"href":"https:\/\/produncan.cl\/de\/wp-json\/wp\/v2\/ciudades?post=11358"}],"curies":[{"name":"wp","href":"https:\/\/api.w.org\/{rel}","templated":true}]}}