{"id":11394,"date":"2023-07-26T10:02:42","date_gmt":"2023-07-26T14:02:42","guid":{"rendered":"https:\/\/produncan.cl\/producto\/feld-255-ha-tambor-bajo-los-muermos-r-de-los-lagos\/"},"modified":"2026-03-12T13:03:07","modified_gmt":"2026-03-12T16:03:07","slug":"feld-255-ha-tambor-bajo-los-muermos-r-de-los-lagos","status":"publish","type":"product","link":"https:\/\/produncan.cl\/de\/produkt\/feld-255-ha-tambor-bajo-los-muermos-r-de-los-lagos\/","title":{"rendered":"Landleben in Los Muermos &#8211; Tambor Bajo, Region Los Lagos"},"content":{"rendered":"\t\t<div data-elementor-type=\"product-post\" data-elementor-id=\"11394\" class=\"elementor elementor-11394 elementor-9461\" data-elementor-post-type=\"product\">\n\t\t\t\t<div class=\"elementor-element elementor-element-88e6531 e-flex e-con-boxed e-con e-parent\" data-id=\"88e6531\" data-element_type=\"container\" data-e-type=\"container\" data-settings=\"{&quot;jet_parallax_layout_list&quot;:[]}\">\n\t\t\t\t\t<div class=\"e-con-inner\">\n\t\t\t\t<div class=\"elementor-element elementor-element-c4ada86 elementor-widget elementor-widget-heading\" data-id=\"c4ada86\" data-element_type=\"widget\" data-e-type=\"widget\" data-widget_type=\"heading.default\">\n\t\t\t\t\t<h2 class=\"elementor-heading-title elementor-size-default\">Ein 25 Hektar gro\u00dfes Feld mit sch\u00f6ner Aussicht und reichlich Wasser!<\/h2>\t\t\t\t<\/div>\n\t\t\t\t\t<\/div>\n\t\t\t\t<\/div>\n\t\t<div class=\"elementor-element elementor-element-0f0b522 e-flex e-con-boxed e-con e-parent\" data-id=\"0f0b522\" data-element_type=\"container\" data-e-type=\"container\" data-settings=\"{&quot;jet_parallax_layout_list&quot;:[]}\">\n\t\t\t\t\t<div class=\"e-con-inner\">\n\t\t\t\t<div class=\"elementor-element elementor-element-46c77b0 elementor-widget elementor-widget-text-editor\" data-id=\"46c77b0\" data-element_type=\"widget\" data-e-type=\"widget\" data-widget_type=\"text-editor.default\">\n\t\t\t\t\t\t\t\t\t<p>Wir laden Sie ein, ein 25,5 Hektar gro\u00dfes, hochgelegenes Feld im Sektor Tambor Bajo zu besuchen, 16 km westlich der Stadt Los Muermos und 1:20 Stunden von Puerto Varas entfernt, mit gro\u00dfartigem Blick nach Osten auf die Vulkane Osorno und Calbuco und nach Westen auf die M\u00fcndung des Maull\u00edn-Flusses.<\/p>\n<p><span style=\"color: var( --e-global-color-text ); font-family: var( --e-global-typography-text-font-family ), Sans-serif; font-weight: var( --e-global-typography-text-font-weight ); text-align: var(--text-align);\">Der Zugang zum Grundst\u00fcck erfolgt von Los Muermos aus \u00fcber eine asphaltierte Stra\u00dfe und anschlie\u00dfend \u00fcber eine 2 km lange Schotterstra\u00dfe in gutem Zustand. Die Zufahrt erfolgt \u00fcber eine wenige Meter lange Grunddienstbarkeit, die zun\u00e4chst einem Nachbarn Zugang gew\u00e4hrt und dann zum Feld f\u00fchrt.<\/span><\/p>\n<p><span style=\"color: var( --e-global-color-text ); font-family: var( --e-global-typography-text-font-family ), Sans-serif; font-weight: var( --e-global-typography-text-font-weight ); text-align: var(--text-align);\">Das Grundst\u00fcck verf\u00fcgt \u00fcber einen Stromanschluss, der \u00fcber die Landstra\u00dfe verl\u00e4uft und dann \u00fcber die Dienstbarkeit zum Nachbarhaus f\u00fchrt, das 250 m vom Feld entfernt ist.<\/span><\/p>\n<p><span style=\"color: var( --e-global-color-text ); font-family: var( --e-global-typography-text-font-family ), Sans-serif; font-weight: var( --e-global-typography-text-font-weight ); text-align: var(--text-align);\">Das Feld verf\u00fcgt \u00fcber reichlich Wasser durch mehrere Quellen und einen etwa 700 Meter langen Bach, der mitten durch das Feld flie\u00dft.<\/span><\/p>\n<p><span style=\"color: var( --e-global-color-text ); font-family: var( --e-global-typography-text-font-family ), Sans-serif; font-weight: var( --e-global-typography-text-font-weight ); text-align: var(--text-align);\">Es gibt ein gutes Telefonsignal, es gibt keine aktuellen Geb\u00e4ude und ein Teil des Gel\u00e4ndes ist eingez\u00e4unt.<\/span><\/p>\n<p><span style=\"color: var( --e-global-color-text ); font-family: var( --e-global-typography-text-font-family ), Sans-serif; font-weight: var( --e-global-typography-text-font-weight ); text-align: var(--text-align);\">Das Grundst\u00fcck besteht zum gr\u00f6\u00dften Teil aus renoviertem und altem einheimischem Wald, in dem Coigue, Canelo und Tepa sowie Arrayanes und Luma vorherrschen, die alle auf leichten bis mittleren H\u00e4ngen wachsen. Es gibt auch gerodete Wiesen mit sanften H\u00e4ngen und in einigen Teilen flach.<\/span><\/p>\n<p><span style=\"color: var( --e-global-color-text ); font-family: var( --e-global-typography-text-font-family ), Sans-serif; font-weight: var( --e-global-typography-text-font-weight ); text-align: var(--text-align);\">In der N\u00e4he gibt es ein Postamt, einen Minimarkt und eine Kirche. In 16 km Entfernung befindet sich Los Muermos, wo Sie sich mit allem Notwendigen eindecken k\u00f6nnen.<\/span><\/p>\n<p><span style=\"color: var( --e-global-color-text ); font-family: var( --e-global-typography-text-font-family ), Sans-serif; font-weight: var( --e-global-typography-text-font-weight ); text-align: var(--text-align);\">Im Umkreis von 30 Minuten um das Camp gibt es wundersch\u00f6ne Orte mit gro\u00dfem Potenzial f\u00fcr die touristische Entwicklung, wie Estaquilla, Quenir, Huar Huar, R\u00edo Llico und Maull\u00edn.<\/span><\/p>\n<p><span style=\"color: var( --e-global-color-text ); font-family: var( --e-global-typography-text-font-family ), Sans-serif; font-weight: var( --e-global-typography-text-font-weight ); text-align: var(--text-align);\">KONTAKTIEREN SIE UNS, UM DIESE SCH\u00d6NE LANDSCHAFT KENNENZULERNEN!<\/span><\/p>\t\t\t\t\t\t\t\t<\/div>\n\t\t\t\t\t<\/div>\n\t\t\t\t<\/div>\n\t\t\t\t<\/div>\n\t\t","protected":false},"excerpt":{"rendered":"<p>Bauernhof in der N\u00e4he von Los Muermos. Hang, Flussm\u00fcndung, gr\u00f6\u00dftenteils Wald, gute Zufahrt, Strommast in wenigen Metern Entfernung, Panoramablick.<\/p>\n","protected":false},"featured_media":51993,"template":"","meta":{"_acf_changed":false},"product_brand":[],"product_cat":[104],"product_tag":[235],"regiones":[226],"ciudades":[216],"class_list":{"0":"post-11394","1":"product","2":"type-product","3":"status-publish","4":"has-post-thumbnail","6":"product_cat-ohiggins-los-lagos","7":"product_tag-felder","8":"regiones-nuble-los_lagos","9":"ciudades-los-muermos","11":"first","12":"outofstock","13":"sold-individually","14":"shipping-taxable","15":"product-type-simple"},"acf":[],"yoast_head":"<!-- This site is optimized with the Yoast SEO Premium plugin v26.0 (Yoast SEO v27.3) - https:\/\/yoast.com\/product\/yoast-seo-premium-wordpress\/ -->\n<title>Feld zu verkaufen Tambor Bajo - Los Muermos - Produncan<\/title>\n<meta name=\"description\" content=\"Ein 25,5 Hektar gro\u00dfes, hoch gelegenes Feld im Sektor Tambor Bajo, 16 km westlich der Stadt Los Muermos und 1:20 Stunden von Puerto Varas entfernt.\" \/>\n<meta name=\"robots\" content=\"index, follow, max-snippet:-1, max-image-preview:large, max-video-preview:-1\" \/>\n<link rel=\"canonical\" href=\"https:\/\/produncan.cl\/de\/produkt\/feld-255-ha-tambor-bajo-los-muermos-r-de-los-lagos\/\" \/>\n<meta property=\"og:locale\" content=\"de_DE\" \/>\n<meta property=\"og:type\" content=\"article\" \/>\n<meta property=\"og:title\" content=\"Landleben in Los Muermos - Tambor Bajo, Region Los Lagos\" \/>\n<meta property=\"og:description\" content=\"Ein 25,5 Hektar gro\u00dfes, hoch gelegenes Feld im Sektor Tambor Bajo, 16 km westlich der Stadt Los Muermos und 1:20 Stunden von Puerto Varas entfernt.\" \/>\n<meta property=\"og:url\" content=\"https:\/\/produncan.cl\/de\/produkt\/feld-255-ha-tambor-bajo-los-muermos-r-de-los-lagos\/\" \/>\n<meta property=\"og:site_name\" content=\"Produncan\" \/>\n<meta property=\"article:publisher\" content=\"https:\/\/web.facebook.com\/produncanland\" \/>\n<meta property=\"article:modified_time\" content=\"2026-03-12T16:03:07+00:00\" \/>\n<meta property=\"og:image\" content=\"https:\/\/produncan.cl\/wp-content\/uploads\/2023\/07\/Campo-Tambor-Bajo-vendido.webp\" \/>\n\t<meta property=\"og:image:width\" content=\"600\" \/>\n\t<meta property=\"og:image:height\" content=\"450\" \/>\n\t<meta property=\"og:image:type\" content=\"image\/webp\" \/>\n<meta name=\"twitter:card\" content=\"summary_large_image\" \/>\n<meta name=\"twitter:label1\" content=\"Price\" \/>\n\t<meta name=\"twitter:data1\" content=\"\" \/>\n\t<meta name=\"twitter:label2\" content=\"Availability\" \/>\n\t<meta name=\"twitter:data2\" content=\"Out of stock\" \/>\n<script type=\"application\/ld+json\" class=\"yoast-schema-graph\">{\"@context\":\"https:\\\/\\\/schema.org\",\"@graph\":[{\"@type\":\"WebPage\",\"@id\":\"https:\\\/\\\/produncan.cl\\\/de\\\/produkt\\\/feld-255-ha-tambor-bajo-los-muermos-r-de-los-lagos\\\/\",\"url\":\"https:\\\/\\\/produncan.cl\\\/de\\\/produkt\\\/feld-255-ha-tambor-bajo-los-muermos-r-de-los-lagos\\\/\",\"name\":\"Feld zu verkaufen Tambor Bajo - Los Muermos - Produncan\",\"isPartOf\":{\"@id\":\"https:\\\/\\\/produncan.cl\\\/de\\\/#website\"},\"primaryImageOfPage\":{\"@id\":\"https:\\\/\\\/produncan.cl\\\/de\\\/produkt\\\/feld-255-ha-tambor-bajo-los-muermos-r-de-los-lagos\\\/#primaryimage\"},\"image\":{\"@id\":\"https:\\\/\\\/produncan.cl\\\/de\\\/produkt\\\/feld-255-ha-tambor-bajo-los-muermos-r-de-los-lagos\\\/#primaryimage\"},\"thumbnailUrl\":\"https:\\\/\\\/produncan.cl\\\/wp-content\\\/uploads\\\/2023\\\/07\\\/Campo-Tambor-Bajo-vendido.webp\",\"datePublished\":\"2023-07-26T14:02:42+00:00\",\"dateModified\":\"2026-03-12T16:03:07+00:00\",\"description\":\"Ein 25,5 Hektar gro\u00dfes, hoch gelegenes Feld im Sektor Tambor Bajo, 16 km westlich der Stadt Los Muermos und 1:20 Stunden von Puerto Varas entfernt.\",\"breadcrumb\":{\"@id\":\"https:\\\/\\\/produncan.cl\\\/de\\\/produkt\\\/feld-255-ha-tambor-bajo-los-muermos-r-de-los-lagos\\\/#breadcrumb\"},\"inLanguage\":\"de-DE\",\"potentialAction\":[{\"@type\":\"ReadAction\",\"target\":[\"https:\\\/\\\/produncan.cl\\\/de\\\/produkt\\\/feld-255-ha-tambor-bajo-los-muermos-r-de-los-lagos\\\/\"]}]},{\"@type\":\"ImageObject\",\"inLanguage\":\"de-DE\",\"@id\":\"https:\\\/\\\/produncan.cl\\\/de\\\/produkt\\\/feld-255-ha-tambor-bajo-los-muermos-r-de-los-lagos\\\/#primaryimage\",\"url\":\"https:\\\/\\\/produncan.cl\\\/wp-content\\\/uploads\\\/2023\\\/07\\\/Campo-Tambor-Bajo-vendido.webp\",\"contentUrl\":\"https:\\\/\\\/produncan.cl\\\/wp-content\\\/uploads\\\/2023\\\/07\\\/Campo-Tambor-Bajo-vendido.webp\",\"width\":600,\"height\":450,\"caption\":\"Low Tambor Field verkauft\"},{\"@type\":\"BreadcrumbList\",\"@id\":\"https:\\\/\\\/produncan.cl\\\/de\\\/produkt\\\/feld-255-ha-tambor-bajo-los-muermos-r-de-los-lagos\\\/#breadcrumb\",\"itemListElement\":[{\"@type\":\"ListItem\",\"position\":1,\"name\":\"Inicio\",\"item\":\"https:\\\/\\\/produncan.cl\\\/de\\\/\"},{\"@type\":\"ListItem\",\"position\":2,\"name\":\"Eigenschaften\",\"item\":\"https:\\\/\\\/produncan.cl\\\/propiedades\\\/\"},{\"@type\":\"ListItem\",\"position\":3,\"name\":\"Felder\",\"item\":\"https:\\\/\\\/produncan.cl\\\/de\\\/kategorie\\\/felder\\\/\"},{\"@type\":\"ListItem\",\"position\":4,\"name\":\"Landleben in Los Muermos &#8211; Tambor Bajo, Region Los Lagos\"}]},{\"@type\":\"WebSite\",\"@id\":\"https:\\\/\\\/produncan.cl\\\/de\\\/#website\",\"url\":\"https:\\\/\\\/produncan.cl\\\/de\\\/\",\"name\":\"Produncan\",\"description\":\"Wir begleiten Sie bei Ihrem Lebensprojekt!\",\"publisher\":{\"@id\":\"https:\\\/\\\/produncan.cl\\\/de\\\/#organization\"},\"potentialAction\":[{\"@type\":\"SearchAction\",\"target\":{\"@type\":\"EntryPoint\",\"urlTemplate\":\"https:\\\/\\\/produncan.cl\\\/de\\\/?s={search_term_string}\"},\"query-input\":{\"@type\":\"PropertyValueSpecification\",\"valueRequired\":true,\"valueName\":\"search_term_string\"}}],\"inLanguage\":\"de-DE\"},{\"@type\":\"Organization\",\"@id\":\"https:\\\/\\\/produncan.cl\\\/de\\\/#organization\",\"name\":\"Produncan\",\"url\":\"https:\\\/\\\/produncan.cl\\\/de\\\/\",\"logo\":{\"@type\":\"ImageObject\",\"inLanguage\":\"de-DE\",\"@id\":\"https:\\\/\\\/produncan.cl\\\/de\\\/#\\\/schema\\\/logo\\\/image\\\/\",\"url\":\"https:\\\/\\\/produncan.cl\\\/wp-content\\\/uploads\\\/2021\\\/03\\\/LOGO.jpeg\",\"contentUrl\":\"https:\\\/\\\/produncan.cl\\\/wp-content\\\/uploads\\\/2021\\\/03\\\/LOGO.jpeg\",\"width\":1280,\"height\":903,\"caption\":\"Produncan\"},\"image\":{\"@id\":\"https:\\\/\\\/produncan.cl\\\/de\\\/#\\\/schema\\\/logo\\\/image\\\/\"},\"sameAs\":[\"https:\\\/\\\/web.facebook.com\\\/produncanland\",\"https:\\\/\\\/www.instagram.com\\\/pro_duncan\\\/\",\"https:\\\/\\\/www.linkedin.com\\\/company\\\/produncan-lands\\\/\",\"https:\\\/\\\/www.youtube.com\\\/channel\\\/UCu7N-f3x0svkazD-Eew1-QQ\"],\"description\":\"En Produncan somos especialistas en la venta de terrenos en el sur de Chile. Proveemos estancias, campos, parcelas y hoteles.\",\"email\":\"info@produncan.cl\"}]}<\/script>\n<meta property=\"og:video\" content=\"https:\/\/www.youtube.com\/embed\/GhPK-Z2GQ-A\" \/>\n<meta property=\"og:video:type\" content=\"text\/html\" \/>\n<meta property=\"og:video:duration\" content=\"54\" \/>\n<meta property=\"og:video:width\" content=\"480\" \/>\n<meta property=\"og:video:height\" content=\"360\" \/>\n<meta property=\"ya:ovs:adult\" content=\"false\" \/>\n<meta property=\"ya:ovs:upload_date\" content=\"2023-07-26T14:02:42+00:00\" \/>\n<meta property=\"ya:ovs:allow_embed\" content=\"true\" \/>\n<meta property=\"product:price:currency\" content=\"USD\" \/>\n<meta property=\"og:availability\" content=\"out of stock\" \/>\n<meta property=\"product:availability\" content=\"out of stock\" \/>\n<meta property=\"product:condition\" content=\"new\" \/>\n<!-- \/ Yoast SEO Premium plugin. -->","yoast_head_json":{"title":"Feld zu verkaufen Tambor Bajo - Los Muermos - Produncan","description":"Ein 25,5 Hektar gro\u00dfes, hoch gelegenes Feld im Sektor Tambor Bajo, 16 km westlich der Stadt Los Muermos und 1:20 Stunden von Puerto Varas entfernt.","robots":{"index":"index","follow":"follow","max-snippet":"max-snippet:-1","max-image-preview":"max-image-preview:large","max-video-preview":"max-video-preview:-1"},"canonical":"https:\/\/produncan.cl\/de\/produkt\/feld-255-ha-tambor-bajo-los-muermos-r-de-los-lagos\/","og_locale":"de_DE","og_type":"article","og_title":"Landleben in Los Muermos - Tambor Bajo, Region Los Lagos","og_description":"Ein 25,5 Hektar gro\u00dfes, hoch gelegenes Feld im Sektor Tambor Bajo, 16 km westlich der Stadt Los Muermos und 1:20 Stunden von Puerto Varas entfernt.","og_url":"https:\/\/produncan.cl\/de\/produkt\/feld-255-ha-tambor-bajo-los-muermos-r-de-los-lagos\/","og_site_name":"Produncan","article_publisher":"https:\/\/web.facebook.com\/produncanland","article_modified_time":"2026-03-12T16:03:07+00:00","og_image":[{"width":600,"height":450,"url":"https:\/\/produncan.cl\/wp-content\/uploads\/2023\/07\/Campo-Tambor-Bajo-vendido.webp","type":"image\/webp"}],"twitter_card":"summary_large_image","twitter_misc":{"Price":"","Availability":"Out of stock"},"schema":{"@context":"https:\/\/schema.org","@graph":[{"@type":"WebPage","@id":"https:\/\/produncan.cl\/de\/produkt\/feld-255-ha-tambor-bajo-los-muermos-r-de-los-lagos\/","url":"https:\/\/produncan.cl\/de\/produkt\/feld-255-ha-tambor-bajo-los-muermos-r-de-los-lagos\/","name":"Feld zu verkaufen Tambor Bajo - Los Muermos - Produncan","isPartOf":{"@id":"https:\/\/produncan.cl\/de\/#website"},"primaryImageOfPage":{"@id":"https:\/\/produncan.cl\/de\/produkt\/feld-255-ha-tambor-bajo-los-muermos-r-de-los-lagos\/#primaryimage"},"image":{"@id":"https:\/\/produncan.cl\/de\/produkt\/feld-255-ha-tambor-bajo-los-muermos-r-de-los-lagos\/#primaryimage"},"thumbnailUrl":"https:\/\/produncan.cl\/wp-content\/uploads\/2023\/07\/Campo-Tambor-Bajo-vendido.webp","datePublished":"2023-07-26T14:02:42+00:00","dateModified":"2026-03-12T16:03:07+00:00","description":"Ein 25,5 Hektar gro\u00dfes, hoch gelegenes Feld im Sektor Tambor Bajo, 16 km westlich der Stadt Los Muermos und 1:20 Stunden von Puerto Varas entfernt.","breadcrumb":{"@id":"https:\/\/produncan.cl\/de\/produkt\/feld-255-ha-tambor-bajo-los-muermos-r-de-los-lagos\/#breadcrumb"},"inLanguage":"de-DE","potentialAction":[{"@type":"ReadAction","target":["https:\/\/produncan.cl\/de\/produkt\/feld-255-ha-tambor-bajo-los-muermos-r-de-los-lagos\/"]}]},{"@type":"ImageObject","inLanguage":"de-DE","@id":"https:\/\/produncan.cl\/de\/produkt\/feld-255-ha-tambor-bajo-los-muermos-r-de-los-lagos\/#primaryimage","url":"https:\/\/produncan.cl\/wp-content\/uploads\/2023\/07\/Campo-Tambor-Bajo-vendido.webp","contentUrl":"https:\/\/produncan.cl\/wp-content\/uploads\/2023\/07\/Campo-Tambor-Bajo-vendido.webp","width":600,"height":450,"caption":"Low Tambor Field verkauft"},{"@type":"BreadcrumbList","@id":"https:\/\/produncan.cl\/de\/produkt\/feld-255-ha-tambor-bajo-los-muermos-r-de-los-lagos\/#breadcrumb","itemListElement":[{"@type":"ListItem","position":1,"name":"Inicio","item":"https:\/\/produncan.cl\/de\/"},{"@type":"ListItem","position":2,"name":"Eigenschaften","item":"https:\/\/produncan.cl\/propiedades\/"},{"@type":"ListItem","position":3,"name":"Felder","item":"https:\/\/produncan.cl\/de\/kategorie\/felder\/"},{"@type":"ListItem","position":4,"name":"Landleben in Los Muermos &#8211; Tambor Bajo, Region Los Lagos"}]},{"@type":"WebSite","@id":"https:\/\/produncan.cl\/de\/#website","url":"https:\/\/produncan.cl\/de\/","name":"Produncan","description":"Wir begleiten Sie bei Ihrem Lebensprojekt!","publisher":{"@id":"https:\/\/produncan.cl\/de\/#organization"},"potentialAction":[{"@type":"SearchAction","target":{"@type":"EntryPoint","urlTemplate":"https:\/\/produncan.cl\/de\/?s={search_term_string}"},"query-input":{"@type":"PropertyValueSpecification","valueRequired":true,"valueName":"search_term_string"}}],"inLanguage":"de-DE"},{"@type":"Organization","@id":"https:\/\/produncan.cl\/de\/#organization","name":"Produncan","url":"https:\/\/produncan.cl\/de\/","logo":{"@type":"ImageObject","inLanguage":"de-DE","@id":"https:\/\/produncan.cl\/de\/#\/schema\/logo\/image\/","url":"https:\/\/produncan.cl\/wp-content\/uploads\/2021\/03\/LOGO.jpeg","contentUrl":"https:\/\/produncan.cl\/wp-content\/uploads\/2021\/03\/LOGO.jpeg","width":1280,"height":903,"caption":"Produncan"},"image":{"@id":"https:\/\/produncan.cl\/de\/#\/schema\/logo\/image\/"},"sameAs":["https:\/\/web.facebook.com\/produncanland","https:\/\/www.instagram.com\/pro_duncan\/","https:\/\/www.linkedin.com\/company\/produncan-lands\/","https:\/\/www.youtube.com\/channel\/UCu7N-f3x0svkazD-Eew1-QQ"],"description":"En Produncan somos especialistas en la venta de terrenos en el sur de Chile. Proveemos estancias, campos, parcelas y hoteles.","email":"info@produncan.cl"}]},"og_video":"https:\/\/www.youtube.com\/embed\/GhPK-Z2GQ-A","og_video_type":"text\/html","og_video_duration":"54","og_video_width":"480","og_video_height":"360","ya_ovs_adult":"false","ya_ovs_upload_date":"2023-07-26T14:02:42+00:00","ya_ovs_allow_embed":"true","product_price_currency":"USD","og_availability":"out of stock","product_availability":"out of stock","product_condition":"new"},"_links":{"self":[{"href":"https:\/\/produncan.cl\/de\/wp-json\/wp\/v2\/product\/11394","targetHints":{"allow":["GET"]}}],"collection":[{"href":"https:\/\/produncan.cl\/de\/wp-json\/wp\/v2\/product"}],"about":[{"href":"https:\/\/produncan.cl\/de\/wp-json\/wp\/v2\/types\/product"}],"version-history":[{"count":4,"href":"https:\/\/produncan.cl\/de\/wp-json\/wp\/v2\/product\/11394\/revisions"}],"predecessor-version":[{"id":52724,"href":"https:\/\/produncan.cl\/de\/wp-json\/wp\/v2\/product\/11394\/revisions\/52724"}],"wp:featuredmedia":[{"embeddable":true,"href":"https:\/\/produncan.cl\/de\/wp-json\/wp\/v2\/media\/51993"}],"wp:attachment":[{"href":"https:\/\/produncan.cl\/de\/wp-json\/wp\/v2\/media?parent=11394"}],"wp:term":[{"taxonomy":"product_brand","embeddable":true,"href":"https:\/\/produncan.cl\/de\/wp-json\/wp\/v2\/product_brand?post=11394"},{"taxonomy":"product_cat","embeddable":true,"href":"https:\/\/produncan.cl\/de\/wp-json\/wp\/v2\/product_cat?post=11394"},{"taxonomy":"product_tag","embeddable":true,"href":"https:\/\/produncan.cl\/de\/wp-json\/wp\/v2\/product_tag?post=11394"},{"taxonomy":"regiones","embeddable":true,"href":"https:\/\/produncan.cl\/de\/wp-json\/wp\/v2\/regiones?post=11394"},{"taxonomy":"ciudades","embeddable":true,"href":"https:\/\/produncan.cl\/de\/wp-json\/wp\/v2\/ciudades?post=11394"}],"curies":[{"name":"wp","href":"https:\/\/api.w.org\/{rel}","templated":true}]}}