{"id":11613,"date":"2022-01-24T16:21:02","date_gmt":"2022-01-24T19:21:02","guid":{"rendered":"https:\/\/produncan.cl\/producto\/grundstuecke-aldea-centinela-malalcahuello\/"},"modified":"2026-03-12T13:04:00","modified_gmt":"2026-03-12T16:04:00","slug":"grundstuecke-aldea-centinela-malalcahuello","status":"publish","type":"product","link":"https:\/\/produncan.cl\/de\/produkt\/grundstuecke-aldea-centinela-malalcahuello\/","title":{"rendered":"Grundst\u00fccke Aldea Centinela &#8211; Malalcahuello"},"content":{"rendered":"\t\t<div data-elementor-type=\"product-post\" data-elementor-id=\"11613\" class=\"elementor elementor-11613 elementor-11436\" data-elementor-post-type=\"product\">\n\t\t\t\t<div class=\"elementor-element elementor-element-5c1d85b e-flex e-con-boxed e-con e-parent\" data-id=\"5c1d85b\" data-element_type=\"container\" data-e-type=\"container\" data-settings=\"{&quot;jet_parallax_layout_list&quot;:[]}\">\n\t\t\t\t\t<div class=\"e-con-inner\">\n\t\t\t\t<div class=\"elementor-element elementor-element-3a441f2 elementor-widget elementor-widget-heading\" data-id=\"3a441f2\" data-element_type=\"widget\" data-e-type=\"widget\" data-widget_type=\"heading.default\">\n\t\t\t\t\t<h2 class=\"elementor-heading-title elementor-size-default\">Ein super Wohnprojekt mit kommerzieller Linie in der N\u00e4he von Malalcahuello und Corralco Ski Centre!<\/h2>\t\t\t\t<\/div>\n\t\t\t\t\t<\/div>\n\t\t\t\t<\/div>\n\t\t<div class=\"elementor-element elementor-element-17b7703 e-flex e-con-boxed e-con e-parent\" data-id=\"17b7703\" data-element_type=\"container\" data-e-type=\"container\" data-settings=\"{&quot;jet_parallax_layout_list&quot;:[]}\">\n\t\t\t\t\t<div class=\"e-con-inner\">\n\t\t\t\t<div class=\"elementor-element elementor-element-6bbb829 elementor-widget elementor-widget-text-editor\" data-id=\"6bbb829\" data-element_type=\"widget\" data-e-type=\"widget\" data-widget_type=\"text-editor.default\">\n\t\t\t\t\t\t\t\t\t<p>Aldea Centinela ist ein Projekt mit Wohn- und Gewerbegrundst\u00fccken, das 15 Minuten vom Dorf Malalcahuello, 25 Minuten vom Zentrum von Sk\u00ed Corralco und 1:30 Stunden von Temuco entfernt ist. Von hier aus hat man einen herrlichen Blick nach Norden auf den Vulkan Lonquimay und nach S\u00fcden auf die Sierra Nevada.<\/p>\n<p><span style=\"color: var( --e-global-color-text ); font-family: var( --e-global-typography-text-font-family ), Sans-serif; font-weight: var( --e-global-typography-text-font-weight ); text-align: var(--text-align);\">Das Wohnbauprojekt besteht aus 24 Parzellen von 5000 m\u00b2, die gr\u00f6\u00dftenteils durch sanft abfallende Wiesen und einheimische B\u00e4ume gekennzeichnet sind.<\/span><\/p>\n<p><span style=\"color: var( --e-global-color-text ); font-family: var( --e-global-typography-text-font-family ), Sans-serif; font-weight: var( --e-global-typography-text-font-weight ); text-align: var(--text-align);\">Am Eingang hat das Projekt 5 kommerzielle Parzellen von 5000m\u00b2, mit gr\u00f6\u00dferer Exposition gegen\u00fcber der \u00d6ffentlichkeit und gro\u00dfen Panoramablick.<\/span><\/p>\n<p><span style=\"color: var( --e-global-color-text ); font-family: var( --e-global-typography-text-font-family ), Sans-serif; font-weight: var( --e-global-typography-text-font-weight ); text-align: var(--text-align);\">Das Projekt umfasst eine unterirdische Stromversorgung, zertifiziertes Trinkwasser, ein ferngesteuertes Zugangstor und eine interne Stra\u00dfenreinigung.<\/span><\/p>\n<p><span style=\"color: var( --e-global-color-text ); font-family: var( --e-global-typography-text-font-family ), Sans-serif; font-weight: var( --e-global-typography-text-font-weight ); text-align: var(--text-align);\">Die Zufahrt zu Aldea Centinela erfolgt \u00fcber eine asphaltierte Stra\u00dfe nach Malalcahuello und dann \u00fcber eine l\u00e4ndliche Schotterstra\u00dfe in ausgezeichnetem Zustand. Bevor man das Projekt betritt, durchquert man einen Bereich mit H\u00e4usern, deren Architektur sich sehr gut in die Landschaft einf\u00fcgt und so zum Mehrwert des Bereichs beitr\u00e4gt. Schlie\u00dflich geht man einen kurzen, absch\u00fcssigen Weg hinauf zum Eingang, von dem aus man einen unglaublichen Panoramablick auf das Gebiet genie\u00dfen kann.<\/span><\/p>\n<p><span style=\"color: var( --e-global-color-text ); font-family: var( --e-global-typography-text-font-family ), Sans-serif; font-weight: var( --e-global-typography-text-font-weight ); text-align: var(--text-align);\">In der N\u00e4he befinden sich die hei\u00dfen Quellen von Malalcahuello, ein Fahrradpark, Aussichtspunkte, Wasserf\u00e4lle, Wanderwege, verschiedene Restaurants, das Skizentrum Corralco, Yogazentren, Kajak- und Raftingm\u00f6glichkeiten, die Nationalparks Conguillio und Tolhuaca, das Naturschutzgebiet Malalcahuello, der Salto de La Princesa, T\u00fanel Las Ra\u00edces, Ciclov\u00eda Manzanar &#8211; Malalcahuello, Cr\u00e1ter Navidad und Cuesta Las Ra\u00edces.<\/span><\/p>\n<p><span style=\"color: var( --e-global-color-text ); font-family: var( --e-global-typography-text-font-family ), Sans-serif; font-weight: var( --e-global-typography-text-font-weight ); text-align: var(--text-align);\">Reservieren Sie Ihr Grundst\u00fcck mit UF100. <\/span><\/p>\n<\/p>\n<p>Sie k\u00f6nnen mit Zahlungsm\u00f6glichkeiten kaufen:<\/p>\n<ul>\n<li>12 feste Raten ohne Zinsen, wir gew\u00e4hren 5% Rabatt,<\/li>\n<li>18 feste Raten ohne Zinsen (kein Rabatt)<\/li>\n<li>Und nat\u00fcrlich k\u00f6nnen Sie mit einem Hypothekarkredit kaufen, fragen Sie die entsprechenden Banken.<\/li>\n<\/ul>\n<div> <\/div>\n<p>KOMMEN SIE INS SENTINEL VILLAGE UND ERLEBEN SIE EINE EINZIGARTIGE ERFAHRUNG!<\/p>\n\t\t\t\t\t\t\t\t<\/div>\n\t\t\t\t\t<\/div>\n\t\t\t\t<\/div>\n\t\t\t\t<\/div>\n\t\t","protected":false},"excerpt":{"rendered":"<p>Wohnprojekt in der N\u00e4he von Malalcahuello, Blick auf den Vulkan Lonquimay, Sierra Nevada.<\/p>\n","protected":false},"featured_media":21538,"template":"","meta":{"_acf_changed":false},"product_brand":[],"product_cat":[104],"product_tag":[],"regiones":[226],"ciudades":[],"class_list":{"0":"post-11613","1":"product","2":"type-product","3":"status-publish","4":"has-post-thumbnail","6":"product_cat-ohiggins-los-lagos","7":"regiones-nuble-los_lagos","9":"first","10":"outofstock","11":"shipping-taxable","12":"product-type-simple"},"acf":[],"yoast_head":"<!-- This site is optimized with the Yoast SEO Premium plugin v26.0 (Yoast SEO v27.4) - https:\/\/yoast.com\/product\/yoast-seo-premium-wordpress\/ -->\n<title>Grundst\u00fccke Aldea Centinela - Malalcahuello - Produncan<\/title>\n<meta name=\"description\" content=\"Aldea Centinela ist ein Wohn- und Gesch\u00e4ftsprojekt, das 15 Minuten vom Dorf Malalcahuello entfernt liegt und einen herrlichen Blick auf den Vulkan Lonquimay bietet.\" \/>\n<meta name=\"robots\" content=\"index, follow, max-snippet:-1, max-image-preview:large, max-video-preview:-1\" \/>\n<link rel=\"canonical\" href=\"https:\/\/produncan.cl\/de\/produkt\/grundstuecke-aldea-centinela-malalcahuello\/\" \/>\n<meta property=\"og:locale\" content=\"de_DE\" \/>\n<meta property=\"og:type\" content=\"article\" \/>\n<meta property=\"og:title\" content=\"Grundst\u00fccke Aldea Centinela - Malalcahuello\" \/>\n<meta property=\"og:description\" content=\"Aldea Centinela ist ein Wohn- und Gesch\u00e4ftsprojekt, das 15 Minuten vom Dorf Malalcahuello entfernt liegt und einen herrlichen Blick auf den Vulkan Lonquimay bietet.\" \/>\n<meta property=\"og:url\" content=\"https:\/\/produncan.cl\/de\/produkt\/grundstuecke-aldea-centinela-malalcahuello\/\" \/>\n<meta property=\"og:site_name\" content=\"Produncan\" \/>\n<meta property=\"article:publisher\" content=\"https:\/\/web.facebook.com\/produncanland\" \/>\n<meta property=\"article:modified_time\" content=\"2026-03-12T16:04:00+00:00\" \/>\n<meta property=\"og:image\" content=\"https:\/\/produncan.cl\/wp-content\/uploads\/2023\/01\/Aldea-Centinela-Vendido.webp\" \/>\n\t<meta property=\"og:image:width\" content=\"600\" \/>\n\t<meta property=\"og:image:height\" content=\"450\" \/>\n\t<meta property=\"og:image:type\" content=\"image\/webp\" \/>\n<meta name=\"twitter:card\" content=\"summary_large_image\" \/>\n<meta name=\"twitter:label1\" content=\"Price\" \/>\n\t<meta name=\"twitter:data1\" content=\"\" \/>\n\t<meta name=\"twitter:label2\" content=\"Availability\" \/>\n\t<meta name=\"twitter:data2\" content=\"Out of stock\" \/>\n<script type=\"application\/ld+json\" class=\"yoast-schema-graph\">{\"@context\":\"https:\\\/\\\/schema.org\",\"@graph\":[{\"@type\":\"WebPage\",\"@id\":\"https:\\\/\\\/produncan.cl\\\/de\\\/produkt\\\/grundstuecke-aldea-centinela-malalcahuello\\\/\",\"url\":\"https:\\\/\\\/produncan.cl\\\/de\\\/produkt\\\/grundstuecke-aldea-centinela-malalcahuello\\\/\",\"name\":\"Grundst\u00fccke Aldea Centinela - Malalcahuello - Produncan\",\"isPartOf\":{\"@id\":\"https:\\\/\\\/produncan.cl\\\/de\\\/#website\"},\"primaryImageOfPage\":{\"@id\":\"https:\\\/\\\/produncan.cl\\\/de\\\/produkt\\\/grundstuecke-aldea-centinela-malalcahuello\\\/#primaryimage\"},\"image\":{\"@id\":\"https:\\\/\\\/produncan.cl\\\/de\\\/produkt\\\/grundstuecke-aldea-centinela-malalcahuello\\\/#primaryimage\"},\"thumbnailUrl\":\"https:\\\/\\\/produncan.cl\\\/wp-content\\\/uploads\\\/2023\\\/01\\\/Aldea-Centinela-Vendido.webp\",\"datePublished\":\"2022-01-24T19:21:02+00:00\",\"dateModified\":\"2026-03-12T16:04:00+00:00\",\"description\":\"Aldea Centinela ist ein Wohn- und Gesch\u00e4ftsprojekt, das 15 Minuten vom Dorf Malalcahuello entfernt liegt und einen herrlichen Blick auf den Vulkan Lonquimay bietet.\",\"breadcrumb\":{\"@id\":\"https:\\\/\\\/produncan.cl\\\/de\\\/produkt\\\/grundstuecke-aldea-centinela-malalcahuello\\\/#breadcrumb\"},\"inLanguage\":\"de-DE\",\"potentialAction\":[{\"@type\":\"ReadAction\",\"target\":[\"https:\\\/\\\/produncan.cl\\\/de\\\/produkt\\\/grundstuecke-aldea-centinela-malalcahuello\\\/\"]}]},{\"@type\":\"ImageObject\",\"inLanguage\":\"de-DE\",\"@id\":\"https:\\\/\\\/produncan.cl\\\/de\\\/produkt\\\/grundstuecke-aldea-centinela-malalcahuello\\\/#primaryimage\",\"url\":\"https:\\\/\\\/produncan.cl\\\/wp-content\\\/uploads\\\/2023\\\/01\\\/Aldea-Centinela-Vendido.webp\",\"contentUrl\":\"https:\\\/\\\/produncan.cl\\\/wp-content\\\/uploads\\\/2023\\\/01\\\/Aldea-Centinela-Vendido.webp\",\"width\":600,\"height\":450},{\"@type\":\"BreadcrumbList\",\"@id\":\"https:\\\/\\\/produncan.cl\\\/de\\\/produkt\\\/grundstuecke-aldea-centinela-malalcahuello\\\/#breadcrumb\",\"itemListElement\":[{\"@type\":\"ListItem\",\"position\":1,\"name\":\"Inicio\",\"item\":\"https:\\\/\\\/produncan.cl\\\/de\\\/\"},{\"@type\":\"ListItem\",\"position\":2,\"name\":\"Eigenschaften\",\"item\":\"https:\\\/\\\/produncan.cl\\\/propiedades\\\/\"},{\"@type\":\"ListItem\",\"position\":3,\"name\":\"Grundst\u00fccke Aldea Centinela &#8211; Malalcahuello\"}]},{\"@type\":\"WebSite\",\"@id\":\"https:\\\/\\\/produncan.cl\\\/de\\\/#website\",\"url\":\"https:\\\/\\\/produncan.cl\\\/de\\\/\",\"name\":\"Produncan\",\"description\":\"Wir begleiten Sie bei Ihrem Lebensprojekt!\",\"publisher\":{\"@id\":\"https:\\\/\\\/produncan.cl\\\/de\\\/#organization\"},\"potentialAction\":[{\"@type\":\"SearchAction\",\"target\":{\"@type\":\"EntryPoint\",\"urlTemplate\":\"https:\\\/\\\/produncan.cl\\\/de\\\/?s={search_term_string}\"},\"query-input\":{\"@type\":\"PropertyValueSpecification\",\"valueRequired\":true,\"valueName\":\"search_term_string\"}}],\"inLanguage\":\"de-DE\"},{\"@type\":\"Organization\",\"@id\":\"https:\\\/\\\/produncan.cl\\\/de\\\/#organization\",\"name\":\"Produncan\",\"url\":\"https:\\\/\\\/produncan.cl\\\/de\\\/\",\"logo\":{\"@type\":\"ImageObject\",\"inLanguage\":\"de-DE\",\"@id\":\"https:\\\/\\\/produncan.cl\\\/de\\\/#\\\/schema\\\/logo\\\/image\\\/\",\"url\":\"https:\\\/\\\/produncan.cl\\\/wp-content\\\/uploads\\\/2021\\\/03\\\/LOGO.jpeg\",\"contentUrl\":\"https:\\\/\\\/produncan.cl\\\/wp-content\\\/uploads\\\/2021\\\/03\\\/LOGO.jpeg\",\"width\":1280,\"height\":903,\"caption\":\"Produncan\"},\"image\":{\"@id\":\"https:\\\/\\\/produncan.cl\\\/de\\\/#\\\/schema\\\/logo\\\/image\\\/\"},\"sameAs\":[\"https:\\\/\\\/web.facebook.com\\\/produncanland\",\"https:\\\/\\\/www.instagram.com\\\/pro_duncan\\\/\",\"https:\\\/\\\/www.linkedin.com\\\/company\\\/produncan-lands\\\/\",\"https:\\\/\\\/www.youtube.com\\\/channel\\\/UCu7N-f3x0svkazD-Eew1-QQ\"],\"description\":\"En Produncan somos especialistas en la venta de terrenos en el sur de Chile. Proveemos estancias, campos, parcelas y hoteles.\",\"email\":\"info@produncan.cl\"}]}<\/script>\n<meta property=\"og:video\" content=\"https:\/\/www.youtube.com\/embed\/XHhxpf05Cco\" \/>\n<meta property=\"og:video:type\" content=\"text\/html\" \/>\n<meta property=\"og:video:duration\" content=\"231\" \/>\n<meta property=\"og:video:width\" content=\"480\" \/>\n<meta property=\"og:video:height\" content=\"360\" \/>\n<meta property=\"ya:ovs:adult\" content=\"false\" \/>\n<meta property=\"ya:ovs:upload_date\" content=\"2022-01-24T19:21:02+00:00\" \/>\n<meta property=\"ya:ovs:allow_embed\" content=\"true\" \/>\n<meta property=\"product:price:currency\" content=\"USD\" \/>\n<meta property=\"og:availability\" content=\"out of stock\" \/>\n<meta property=\"product:availability\" content=\"out of stock\" \/>\n<meta property=\"product:condition\" content=\"new\" \/>\n<!-- \/ Yoast SEO Premium plugin. -->","yoast_head_json":{"title":"Grundst\u00fccke Aldea Centinela - Malalcahuello - Produncan","description":"Aldea Centinela ist ein Wohn- und Gesch\u00e4ftsprojekt, das 15 Minuten vom Dorf Malalcahuello entfernt liegt und einen herrlichen Blick auf den Vulkan Lonquimay bietet.","robots":{"index":"index","follow":"follow","max-snippet":"max-snippet:-1","max-image-preview":"max-image-preview:large","max-video-preview":"max-video-preview:-1"},"canonical":"https:\/\/produncan.cl\/de\/produkt\/grundstuecke-aldea-centinela-malalcahuello\/","og_locale":"de_DE","og_type":"article","og_title":"Grundst\u00fccke Aldea Centinela - Malalcahuello","og_description":"Aldea Centinela ist ein Wohn- und Gesch\u00e4ftsprojekt, das 15 Minuten vom Dorf Malalcahuello entfernt liegt und einen herrlichen Blick auf den Vulkan Lonquimay bietet.","og_url":"https:\/\/produncan.cl\/de\/produkt\/grundstuecke-aldea-centinela-malalcahuello\/","og_site_name":"Produncan","article_publisher":"https:\/\/web.facebook.com\/produncanland","article_modified_time":"2026-03-12T16:04:00+00:00","og_image":[{"width":600,"height":450,"url":"https:\/\/produncan.cl\/wp-content\/uploads\/2023\/01\/Aldea-Centinela-Vendido.webp","type":"image\/webp"}],"twitter_card":"summary_large_image","twitter_misc":{"Price":"","Availability":"Out of stock"},"schema":{"@context":"https:\/\/schema.org","@graph":[{"@type":"WebPage","@id":"https:\/\/produncan.cl\/de\/produkt\/grundstuecke-aldea-centinela-malalcahuello\/","url":"https:\/\/produncan.cl\/de\/produkt\/grundstuecke-aldea-centinela-malalcahuello\/","name":"Grundst\u00fccke Aldea Centinela - Malalcahuello - Produncan","isPartOf":{"@id":"https:\/\/produncan.cl\/de\/#website"},"primaryImageOfPage":{"@id":"https:\/\/produncan.cl\/de\/produkt\/grundstuecke-aldea-centinela-malalcahuello\/#primaryimage"},"image":{"@id":"https:\/\/produncan.cl\/de\/produkt\/grundstuecke-aldea-centinela-malalcahuello\/#primaryimage"},"thumbnailUrl":"https:\/\/produncan.cl\/wp-content\/uploads\/2023\/01\/Aldea-Centinela-Vendido.webp","datePublished":"2022-01-24T19:21:02+00:00","dateModified":"2026-03-12T16:04:00+00:00","description":"Aldea Centinela ist ein Wohn- und Gesch\u00e4ftsprojekt, das 15 Minuten vom Dorf Malalcahuello entfernt liegt und einen herrlichen Blick auf den Vulkan Lonquimay bietet.","breadcrumb":{"@id":"https:\/\/produncan.cl\/de\/produkt\/grundstuecke-aldea-centinela-malalcahuello\/#breadcrumb"},"inLanguage":"de-DE","potentialAction":[{"@type":"ReadAction","target":["https:\/\/produncan.cl\/de\/produkt\/grundstuecke-aldea-centinela-malalcahuello\/"]}]},{"@type":"ImageObject","inLanguage":"de-DE","@id":"https:\/\/produncan.cl\/de\/produkt\/grundstuecke-aldea-centinela-malalcahuello\/#primaryimage","url":"https:\/\/produncan.cl\/wp-content\/uploads\/2023\/01\/Aldea-Centinela-Vendido.webp","contentUrl":"https:\/\/produncan.cl\/wp-content\/uploads\/2023\/01\/Aldea-Centinela-Vendido.webp","width":600,"height":450},{"@type":"BreadcrumbList","@id":"https:\/\/produncan.cl\/de\/produkt\/grundstuecke-aldea-centinela-malalcahuello\/#breadcrumb","itemListElement":[{"@type":"ListItem","position":1,"name":"Inicio","item":"https:\/\/produncan.cl\/de\/"},{"@type":"ListItem","position":2,"name":"Eigenschaften","item":"https:\/\/produncan.cl\/propiedades\/"},{"@type":"ListItem","position":3,"name":"Grundst\u00fccke Aldea Centinela &#8211; Malalcahuello"}]},{"@type":"WebSite","@id":"https:\/\/produncan.cl\/de\/#website","url":"https:\/\/produncan.cl\/de\/","name":"Produncan","description":"Wir begleiten Sie bei Ihrem Lebensprojekt!","publisher":{"@id":"https:\/\/produncan.cl\/de\/#organization"},"potentialAction":[{"@type":"SearchAction","target":{"@type":"EntryPoint","urlTemplate":"https:\/\/produncan.cl\/de\/?s={search_term_string}"},"query-input":{"@type":"PropertyValueSpecification","valueRequired":true,"valueName":"search_term_string"}}],"inLanguage":"de-DE"},{"@type":"Organization","@id":"https:\/\/produncan.cl\/de\/#organization","name":"Produncan","url":"https:\/\/produncan.cl\/de\/","logo":{"@type":"ImageObject","inLanguage":"de-DE","@id":"https:\/\/produncan.cl\/de\/#\/schema\/logo\/image\/","url":"https:\/\/produncan.cl\/wp-content\/uploads\/2021\/03\/LOGO.jpeg","contentUrl":"https:\/\/produncan.cl\/wp-content\/uploads\/2021\/03\/LOGO.jpeg","width":1280,"height":903,"caption":"Produncan"},"image":{"@id":"https:\/\/produncan.cl\/de\/#\/schema\/logo\/image\/"},"sameAs":["https:\/\/web.facebook.com\/produncanland","https:\/\/www.instagram.com\/pro_duncan\/","https:\/\/www.linkedin.com\/company\/produncan-lands\/","https:\/\/www.youtube.com\/channel\/UCu7N-f3x0svkazD-Eew1-QQ"],"description":"En Produncan somos especialistas en la venta de terrenos en el sur de Chile. Proveemos estancias, campos, parcelas y hoteles.","email":"info@produncan.cl"}]},"og_video":"https:\/\/www.youtube.com\/embed\/XHhxpf05Cco","og_video_type":"text\/html","og_video_duration":"231","og_video_width":"480","og_video_height":"360","ya_ovs_adult":"false","ya_ovs_upload_date":"2022-01-24T19:21:02+00:00","ya_ovs_allow_embed":"true","product_price_currency":"USD","og_availability":"out of stock","product_availability":"out of stock","product_condition":"new"},"_links":{"self":[{"href":"https:\/\/produncan.cl\/de\/wp-json\/wp\/v2\/product\/11613","targetHints":{"allow":["GET"]}}],"collection":[{"href":"https:\/\/produncan.cl\/de\/wp-json\/wp\/v2\/product"}],"about":[{"href":"https:\/\/produncan.cl\/de\/wp-json\/wp\/v2\/types\/product"}],"version-history":[{"count":1,"href":"https:\/\/produncan.cl\/de\/wp-json\/wp\/v2\/product\/11613\/revisions"}],"predecessor-version":[{"id":54883,"href":"https:\/\/produncan.cl\/de\/wp-json\/wp\/v2\/product\/11613\/revisions\/54883"}],"wp:featuredmedia":[{"embeddable":true,"href":"https:\/\/produncan.cl\/de\/wp-json\/wp\/v2\/media\/21538"}],"wp:attachment":[{"href":"https:\/\/produncan.cl\/de\/wp-json\/wp\/v2\/media?parent=11613"}],"wp:term":[{"taxonomy":"product_brand","embeddable":true,"href":"https:\/\/produncan.cl\/de\/wp-json\/wp\/v2\/product_brand?post=11613"},{"taxonomy":"product_cat","embeddable":true,"href":"https:\/\/produncan.cl\/de\/wp-json\/wp\/v2\/product_cat?post=11613"},{"taxonomy":"product_tag","embeddable":true,"href":"https:\/\/produncan.cl\/de\/wp-json\/wp\/v2\/product_tag?post=11613"},{"taxonomy":"regiones","embeddable":true,"href":"https:\/\/produncan.cl\/de\/wp-json\/wp\/v2\/regiones?post=11613"},{"taxonomy":"ciudades","embeddable":true,"href":"https:\/\/produncan.cl\/de\/wp-json\/wp\/v2\/ciudades?post=11613"}],"curies":[{"name":"wp","href":"https:\/\/api.w.org\/{rel}","templated":true}]}}