{"id":11912,"date":"2022-08-05T13:13:20","date_gmt":"2022-08-05T17:13:20","guid":{"rendered":"https:\/\/produncan.cl\/producto\/campito-picaflor-623ha-los-muermos-r-de-los-lagos\/"},"modified":"2025-12-26T17:29:21","modified_gmt":"2025-12-26T20:29:21","slug":"campito-picaflor-623ha-los-muermos-r-de-los-lagos","status":"publish","type":"product","link":"https:\/\/produncan.cl\/de\/produkt\/campito-picaflor-623ha-los-muermos-r-de-los-lagos\/","title":{"rendered":"Campito Picaflor 6,23 Hektar \u2013 Los Muermos, Region der Seen"},"content":{"rendered":"\t\t<div data-elementor-type=\"product-post\" data-elementor-id=\"11912\" class=\"elementor elementor-11912 elementor-11698\" data-elementor-post-type=\"product\">\n\t\t\t\t<div class=\"elementor-element elementor-element-f1f662f e-flex e-con-boxed e-con e-parent\" data-id=\"f1f662f\" data-element_type=\"container\" data-e-type=\"container\" data-settings=\"{&quot;jet_parallax_layout_list&quot;:[]}\">\n\t\t\t\t\t<div class=\"e-con-inner\">\n\t\t\t\t<div class=\"elementor-element elementor-element-e1749e5 elementor-widget elementor-widget-heading\" data-id=\"e1749e5\" data-element_type=\"widget\" data-e-type=\"widget\" data-widget_type=\"heading.default\">\n\t\t\t\t\t<h2 class=\"elementor-heading-title elementor-size-default\">6,23 Hektar Land mit reichlich Wasser und sch\u00f6ner Aussicht, eine Stunde von Puerto Varas entfernt!<\/h2>\t\t\t\t<\/div>\n\t\t\t\t\t<\/div>\n\t\t\t\t<\/div>\n\t\t<div class=\"elementor-element elementor-element-75d1655 e-flex e-con-boxed e-con e-parent\" data-id=\"75d1655\" data-element_type=\"container\" data-e-type=\"container\" data-settings=\"{&quot;jet_parallax_layout_list&quot;:[]}\">\n\t\t\t\t\t<div class=\"e-con-inner\">\n\t\t\t\t<div class=\"elementor-element elementor-element-f1ec3fe elementor-widget elementor-widget-text-editor\" data-id=\"f1ec3fe\" data-element_type=\"widget\" data-e-type=\"widget\" data-widget_type=\"text-editor.default\">\n\t\t\t\t\t\t\t\t\t<p>Wir laden Sie ein, dieses kleine Camp von 6,23 Hektar zu besuchen, das am Anfang der K\u00fcstengebirgskette mit Bach, Fluss und einer sch\u00f6nen Aussicht liegt, nur eine Stunde westlich von Puerto Varas.<\/p>\n<p><span style=\"color: var( --e-global-color-text ); font-family: var( --e-global-typography-text-font-family ), Sans-serif; font-weight: var( --e-global-typography-text-font-weight ); text-align: var(--text-align);\">Die Zufahrt zum Grundst\u00fcck erfolgt von der Route 5 aus \u00fcber eine gr\u00f6\u00dftenteils asphaltierte Stra\u00dfe, die durch die Estaci\u00f3n R\u00edo fr\u00edo f\u00fchrt und dann in den Strandort Llico Bajo m\u00fcndet. Zum Camp gelangt man \u00fcber eine 4,2 km lange Schotterstra\u00dfe, die gerade asphaltiert wird. <\/span><\/p>\n<p><span style=\"color: var( --e-global-color-text ); font-family: var( --e-global-typography-text-font-family ), Sans-serif; font-weight: var( --e-global-typography-text-font-weight ); text-align: var(--text-align);\">Eine Stromleitung verl\u00e4uft entlang der \u00f6ffentlichen Stra\u00dfe und grenzt an das Grundst\u00fcck. Dar\u00fcber hinaus gibt es reichlich Wasser durch Quellen, eine Flussm\u00fcndung namens Picaflor und einen Fluss namens Pato llico. Und in dem Sektor kommt ein gutes Telefonsignal an.<\/span><\/p>\n<p><span style=\"color: var( --e-global-color-text ); font-family: var( --e-global-typography-text-font-family ), Sans-serif; font-weight: var( --e-global-typography-text-font-weight ); text-align: var(--text-align);\">Das Grundst\u00fcck ist nicht bebaut und gr\u00f6\u00dftenteils umz\u00e4unt.<\/span><\/p>\n<p><span style=\"color: var( --e-global-color-text ); font-family: var( --e-global-typography-text-font-family ), Sans-serif; font-weight: var( --e-global-typography-text-font-weight ); text-align: var(--text-align);\">Das kleine, nach Norden ausgerichtete Feld hat eine flache Wiese mit einer sch\u00f6nen Aussicht, ideal f\u00fcr den Bau eines Hauses oder einer Ferienanlage. Dann geht es leicht bergab und schlie\u00dflich mit mittlerem Gef\u00e4lle bis zum Fluss.<\/span><\/p>\n<p><span style=\"color: var( --e-global-color-text ); font-family: var( --e-global-typography-text-font-family ), Sans-serif; font-weight: var( --e-global-typography-text-font-weight ); text-align: var(--text-align);\">Das Grundst\u00fcck besteht gr\u00f6\u00dftenteils aus renovierten und alten einheimischen W\u00e4ldern in der N\u00e4he des Flusses, in denen Coigue, Canelo, Avellano, Rabal, Ma\u00f1io, Ulmo und Timeo vorherrschen;<\/span><\/p>\n<p><span style=\"color: var( --e-global-color-text ); font-family: var( --e-global-typography-text-font-family ), Sans-serif; font-weight: var( --e-global-typography-text-font-weight ); text-align: var(--text-align);\">Was die Fauna betrifft, so k\u00f6nnen Sie unter anderem F\u00fcchse, Hasen, Chucao, Wet Wet und Tiuque sehen.<\/span><\/p>\n<p><span style=\"color: var( --e-global-color-text ); font-family: var( --e-global-typography-text-font-family ), Sans-serif; font-weight: var( --e-global-typography-text-font-weight ); text-align: var(--text-align);\">Das Gebiet verf\u00fcgt \u00fcber ein touristisches Potenzial, da es an eine Stra\u00dfe grenzt, die bald asphaltiert wird und die in Zukunft eine starke Str\u00f6mung in Richtung des K\u00fcstenstreifens im Gebiet von Llico bajo haben wird.<\/span><\/p>\n<p><span style=\"color: var( --e-global-color-text ); font-family: var( --e-global-typography-text-font-family ), Sans-serif; font-weight: var( --e-global-typography-text-font-weight ); text-align: var(--text-align);\">Das Grundst\u00fcck liegt relativ nah an der K\u00fcste, die sich aufgrund ihrer paradiesischen Orte wie den Strandb\u00e4dern Llico Bajo, Puerto Godoy, Quenir und Estaquilla stark entwickelt.<\/span><\/p>\n<p><span style=\"color: var( --e-global-color-text ); font-family: var( --e-global-typography-text-font-family ), Sans-serif; font-weight: var( --e-global-typography-text-font-weight ); text-align: var(--text-align);\">KONTAKTIEREN SIE UNS, VERPASSEN SIE NICHT DEN PERFEKTEN ORT F\u00dcR EIN GROSSARTIGES LEBENSPROJEKT!<\/span><\/p>\n\t\t\t\t\t\t\t\t<\/div>\n\t\t\t\t\t<\/div>\n\t\t\t\t<\/div>\n\t\t\t\t<\/div>\n\t\t","protected":false},"excerpt":{"rendered":"<p>Landgut in Fresia, eine Stunde von Puerto Varas entfernt. Es liegt an der Stra\u00dfe nach Llico Bajo und ist \u00fcber eine \u00f6ffentliche Stra\u00dfe erreichbar. Es verf\u00fcgt \u00fcber Strom, Mobilfunkempfang, einen Fluss, einen Bach, Quellen und eine sch\u00f6ne Aussicht. 4 Kilometer Schotterstra\u00dfe, die derzeit asphaltiert wird.   <\/p>\n","protected":false},"featured_media":11704,"template":"","meta":{"_acf_changed":false},"product_brand":[],"product_cat":[104],"product_tag":[235,232],"regiones":[226],"ciudades":[514,214,216,515],"class_list":{"0":"post-11912","1":"product","2":"type-product","3":"status-publish","4":"has-post-thumbnail","6":"product_cat-ohiggins-los-lagos","7":"product_tag-felder","8":"product_tag-grundstuecke","9":"regiones-nuble-los_lagos","10":"ciudades-canitas","11":"ciudades-fresia","12":"ciudades-los-muermos","13":"ciudades-rio-frio","15":"first","16":"instock","17":"sold-individually","18":"shipping-taxable","19":"purchasable","20":"product-type-simple"},"acf":[],"yoast_head":"<!-- This site is optimized with the Yoast SEO Premium plugin v26.0 (Yoast SEO v27.3) - https:\/\/yoast.com\/product\/yoast-seo-premium-wordpress\/ -->\n<title>Campito Picafloro - Los Muermos, Region Los Lagos - Produncan<\/title>\n<meta name=\"description\" content=\"Kleiner Bauernhof von 6,23ha mit Strom, Wasser, sch\u00f6ner Aussicht und eine Stunde westlich von Puerto Varas. Die Stra\u00dfe wird bald asphaltiert werden.\" \/>\n<meta name=\"robots\" content=\"index, follow, max-snippet:-1, max-image-preview:large, max-video-preview:-1\" \/>\n<link rel=\"canonical\" href=\"https:\/\/produncan.cl\/de\/produkt\/campito-picaflor-623ha-los-muermos-r-de-los-lagos\/\" \/>\n<meta property=\"og:locale\" content=\"de_DE\" \/>\n<meta property=\"og:type\" content=\"article\" \/>\n<meta property=\"og:title\" content=\"Campito Picaflor 6,23 Hektar \u2013 Los Muermos, Region der Seen\" \/>\n<meta property=\"og:description\" content=\"Kleiner Bauernhof von 6,23ha mit Strom, Wasser, sch\u00f6ner Aussicht und eine Stunde westlich von Puerto Varas. Die Stra\u00dfe wird bald asphaltiert werden.\" \/>\n<meta property=\"og:url\" content=\"https:\/\/produncan.cl\/de\/produkt\/campito-picaflor-623ha-los-muermos-r-de-los-lagos\/\" \/>\n<meta property=\"og:site_name\" content=\"Produncan\" \/>\n<meta property=\"article:publisher\" content=\"https:\/\/web.facebook.com\/produncanland\" \/>\n<meta property=\"article:modified_time\" content=\"2025-12-26T20:29:21+00:00\" \/>\n<meta property=\"og:image\" content=\"https:\/\/produncan.cl\/wp-content\/uploads\/2023\/02\/Presentacion-Campito-Picaflor.webp\" \/>\n\t<meta property=\"og:image:width\" content=\"600\" \/>\n\t<meta property=\"og:image:height\" content=\"450\" \/>\n\t<meta property=\"og:image:type\" content=\"image\/webp\" \/>\n<meta name=\"twitter:card\" content=\"summary_large_image\" \/>\n<meta name=\"twitter:label1\" content=\"Price\" \/>\n\t<meta name=\"twitter:data1\" content=\"USD97.900,00\" \/>\n\t<meta name=\"twitter:label2\" content=\"Availability\" \/>\n\t<meta name=\"twitter:data2\" content=\"In stock\" \/>\n<script type=\"application\/ld+json\" class=\"yoast-schema-graph\">{\"@context\":\"https:\\\/\\\/schema.org\",\"@graph\":[{\"@type\":\"WebPage\",\"@id\":\"https:\\\/\\\/produncan.cl\\\/de\\\/produkt\\\/campito-picaflor-623ha-los-muermos-r-de-los-lagos\\\/\",\"url\":\"https:\\\/\\\/produncan.cl\\\/de\\\/produkt\\\/campito-picaflor-623ha-los-muermos-r-de-los-lagos\\\/\",\"name\":\"Campito Picafloro - Los Muermos, Region Los Lagos - Produncan\",\"isPartOf\":{\"@id\":\"https:\\\/\\\/produncan.cl\\\/de\\\/#website\"},\"primaryImageOfPage\":{\"@id\":\"https:\\\/\\\/produncan.cl\\\/de\\\/produkt\\\/campito-picaflor-623ha-los-muermos-r-de-los-lagos\\\/#primaryimage\"},\"image\":{\"@id\":\"https:\\\/\\\/produncan.cl\\\/de\\\/produkt\\\/campito-picaflor-623ha-los-muermos-r-de-los-lagos\\\/#primaryimage\"},\"thumbnailUrl\":\"https:\\\/\\\/produncan.cl\\\/wp-content\\\/uploads\\\/2023\\\/02\\\/Presentacion-Campito-Picaflor.webp\",\"datePublished\":\"2022-08-05T17:13:20+00:00\",\"dateModified\":\"2025-12-26T20:29:21+00:00\",\"description\":\"Kleiner Bauernhof von 6,23ha mit Strom, Wasser, sch\u00f6ner Aussicht und eine Stunde westlich von Puerto Varas. Die Stra\u00dfe wird bald asphaltiert werden.\",\"breadcrumb\":{\"@id\":\"https:\\\/\\\/produncan.cl\\\/de\\\/produkt\\\/campito-picaflor-623ha-los-muermos-r-de-los-lagos\\\/#breadcrumb\"},\"inLanguage\":\"de-DE\",\"potentialAction\":[{\"@type\":\"ReadAction\",\"target\":[\"https:\\\/\\\/produncan.cl\\\/de\\\/produkt\\\/campito-picaflor-623ha-los-muermos-r-de-los-lagos\\\/\"]}]},{\"@type\":\"ImageObject\",\"inLanguage\":\"de-DE\",\"@id\":\"https:\\\/\\\/produncan.cl\\\/de\\\/produkt\\\/campito-picaflor-623ha-los-muermos-r-de-los-lagos\\\/#primaryimage\",\"url\":\"https:\\\/\\\/produncan.cl\\\/wp-content\\\/uploads\\\/2023\\\/02\\\/Presentacion-Campito-Picaflor.webp\",\"contentUrl\":\"https:\\\/\\\/produncan.cl\\\/wp-content\\\/uploads\\\/2023\\\/02\\\/Presentacion-Campito-Picaflor.webp\",\"width\":600,\"height\":450},{\"@type\":\"BreadcrumbList\",\"@id\":\"https:\\\/\\\/produncan.cl\\\/de\\\/produkt\\\/campito-picaflor-623ha-los-muermos-r-de-los-lagos\\\/#breadcrumb\",\"itemListElement\":[{\"@type\":\"ListItem\",\"position\":1,\"name\":\"Inicio\",\"item\":\"https:\\\/\\\/produncan.cl\\\/de\\\/\"},{\"@type\":\"ListItem\",\"position\":2,\"name\":\"Eigenschaften\",\"item\":\"https:\\\/\\\/produncan.cl\\\/propiedades\\\/\"},{\"@type\":\"ListItem\",\"position\":3,\"name\":\"Felder\",\"item\":\"https:\\\/\\\/produncan.cl\\\/de\\\/kategorie\\\/felder\\\/\"},{\"@type\":\"ListItem\",\"position\":4,\"name\":\"Campito Picaflor 6,23 Hektar \u2013 Los Muermos, Region der Seen\"}]},{\"@type\":\"WebSite\",\"@id\":\"https:\\\/\\\/produncan.cl\\\/de\\\/#website\",\"url\":\"https:\\\/\\\/produncan.cl\\\/de\\\/\",\"name\":\"Produncan\",\"description\":\"Wir begleiten Sie bei Ihrem Lebensprojekt!\",\"publisher\":{\"@id\":\"https:\\\/\\\/produncan.cl\\\/de\\\/#organization\"},\"potentialAction\":[{\"@type\":\"SearchAction\",\"target\":{\"@type\":\"EntryPoint\",\"urlTemplate\":\"https:\\\/\\\/produncan.cl\\\/de\\\/?s={search_term_string}\"},\"query-input\":{\"@type\":\"PropertyValueSpecification\",\"valueRequired\":true,\"valueName\":\"search_term_string\"}}],\"inLanguage\":\"de-DE\"},{\"@type\":\"Organization\",\"@id\":\"https:\\\/\\\/produncan.cl\\\/de\\\/#organization\",\"name\":\"Produncan\",\"url\":\"https:\\\/\\\/produncan.cl\\\/de\\\/\",\"logo\":{\"@type\":\"ImageObject\",\"inLanguage\":\"de-DE\",\"@id\":\"https:\\\/\\\/produncan.cl\\\/de\\\/#\\\/schema\\\/logo\\\/image\\\/\",\"url\":\"https:\\\/\\\/produncan.cl\\\/wp-content\\\/uploads\\\/2021\\\/03\\\/LOGO.jpeg\",\"contentUrl\":\"https:\\\/\\\/produncan.cl\\\/wp-content\\\/uploads\\\/2021\\\/03\\\/LOGO.jpeg\",\"width\":1280,\"height\":903,\"caption\":\"Produncan\"},\"image\":{\"@id\":\"https:\\\/\\\/produncan.cl\\\/de\\\/#\\\/schema\\\/logo\\\/image\\\/\"},\"sameAs\":[\"https:\\\/\\\/web.facebook.com\\\/produncanland\",\"https:\\\/\\\/www.instagram.com\\\/pro_duncan\\\/\",\"https:\\\/\\\/www.linkedin.com\\\/company\\\/produncan-lands\\\/\",\"https:\\\/\\\/www.youtube.com\\\/channel\\\/UCu7N-f3x0svkazD-Eew1-QQ\"],\"description\":\"En Produncan somos especialistas en la venta de terrenos en el sur de Chile. Proveemos estancias, campos, parcelas y hoteles.\",\"email\":\"info@produncan.cl\"}]}<\/script>\n<meta property=\"og:video\" content=\"https:\/\/www.youtube.com\/embed\/wydwM-kdIzs\" \/>\n<meta property=\"og:video:type\" content=\"text\/html\" \/>\n<meta property=\"og:video:duration\" content=\"104\" \/>\n<meta property=\"og:video:width\" content=\"480\" \/>\n<meta property=\"og:video:height\" content=\"360\" \/>\n<meta property=\"ya:ovs:adult\" content=\"false\" \/>\n<meta property=\"ya:ovs:upload_date\" content=\"2022-08-05T17:13:20+00:00\" \/>\n<meta property=\"ya:ovs:allow_embed\" content=\"true\" \/>\n<meta property=\"product:price:amount\" content=\"97900.00\" \/>\n<meta property=\"product:price:currency\" content=\"USD\" \/>\n<meta property=\"og:availability\" content=\"instock\" \/>\n<meta property=\"product:availability\" content=\"instock\" \/>\n<meta property=\"product:condition\" content=\"new\" \/>\n<!-- \/ Yoast SEO Premium plugin. -->","yoast_head_json":{"title":"Campito Picafloro - Los Muermos, Region Los Lagos - Produncan","description":"Kleiner Bauernhof von 6,23ha mit Strom, Wasser, sch\u00f6ner Aussicht und eine Stunde westlich von Puerto Varas. Die Stra\u00dfe wird bald asphaltiert werden.","robots":{"index":"index","follow":"follow","max-snippet":"max-snippet:-1","max-image-preview":"max-image-preview:large","max-video-preview":"max-video-preview:-1"},"canonical":"https:\/\/produncan.cl\/de\/produkt\/campito-picaflor-623ha-los-muermos-r-de-los-lagos\/","og_locale":"de_DE","og_type":"article","og_title":"Campito Picaflor 6,23 Hektar \u2013 Los Muermos, Region der Seen","og_description":"Kleiner Bauernhof von 6,23ha mit Strom, Wasser, sch\u00f6ner Aussicht und eine Stunde westlich von Puerto Varas. Die Stra\u00dfe wird bald asphaltiert werden.","og_url":"https:\/\/produncan.cl\/de\/produkt\/campito-picaflor-623ha-los-muermos-r-de-los-lagos\/","og_site_name":"Produncan","article_publisher":"https:\/\/web.facebook.com\/produncanland","article_modified_time":"2025-12-26T20:29:21+00:00","og_image":[{"width":600,"height":450,"url":"https:\/\/produncan.cl\/wp-content\/uploads\/2023\/02\/Presentacion-Campito-Picaflor.webp","type":"image\/webp"}],"twitter_card":"summary_large_image","twitter_misc":{"Price":"USD97.900,00","Availability":"In stock"},"schema":{"@context":"https:\/\/schema.org","@graph":[{"@type":"WebPage","@id":"https:\/\/produncan.cl\/de\/produkt\/campito-picaflor-623ha-los-muermos-r-de-los-lagos\/","url":"https:\/\/produncan.cl\/de\/produkt\/campito-picaflor-623ha-los-muermos-r-de-los-lagos\/","name":"Campito Picafloro - Los Muermos, Region Los Lagos - Produncan","isPartOf":{"@id":"https:\/\/produncan.cl\/de\/#website"},"primaryImageOfPage":{"@id":"https:\/\/produncan.cl\/de\/produkt\/campito-picaflor-623ha-los-muermos-r-de-los-lagos\/#primaryimage"},"image":{"@id":"https:\/\/produncan.cl\/de\/produkt\/campito-picaflor-623ha-los-muermos-r-de-los-lagos\/#primaryimage"},"thumbnailUrl":"https:\/\/produncan.cl\/wp-content\/uploads\/2023\/02\/Presentacion-Campito-Picaflor.webp","datePublished":"2022-08-05T17:13:20+00:00","dateModified":"2025-12-26T20:29:21+00:00","description":"Kleiner Bauernhof von 6,23ha mit Strom, Wasser, sch\u00f6ner Aussicht und eine Stunde westlich von Puerto Varas. Die Stra\u00dfe wird bald asphaltiert werden.","breadcrumb":{"@id":"https:\/\/produncan.cl\/de\/produkt\/campito-picaflor-623ha-los-muermos-r-de-los-lagos\/#breadcrumb"},"inLanguage":"de-DE","potentialAction":[{"@type":"ReadAction","target":["https:\/\/produncan.cl\/de\/produkt\/campito-picaflor-623ha-los-muermos-r-de-los-lagos\/"]}]},{"@type":"ImageObject","inLanguage":"de-DE","@id":"https:\/\/produncan.cl\/de\/produkt\/campito-picaflor-623ha-los-muermos-r-de-los-lagos\/#primaryimage","url":"https:\/\/produncan.cl\/wp-content\/uploads\/2023\/02\/Presentacion-Campito-Picaflor.webp","contentUrl":"https:\/\/produncan.cl\/wp-content\/uploads\/2023\/02\/Presentacion-Campito-Picaflor.webp","width":600,"height":450},{"@type":"BreadcrumbList","@id":"https:\/\/produncan.cl\/de\/produkt\/campito-picaflor-623ha-los-muermos-r-de-los-lagos\/#breadcrumb","itemListElement":[{"@type":"ListItem","position":1,"name":"Inicio","item":"https:\/\/produncan.cl\/de\/"},{"@type":"ListItem","position":2,"name":"Eigenschaften","item":"https:\/\/produncan.cl\/propiedades\/"},{"@type":"ListItem","position":3,"name":"Felder","item":"https:\/\/produncan.cl\/de\/kategorie\/felder\/"},{"@type":"ListItem","position":4,"name":"Campito Picaflor 6,23 Hektar \u2013 Los Muermos, Region der Seen"}]},{"@type":"WebSite","@id":"https:\/\/produncan.cl\/de\/#website","url":"https:\/\/produncan.cl\/de\/","name":"Produncan","description":"Wir begleiten Sie bei Ihrem Lebensprojekt!","publisher":{"@id":"https:\/\/produncan.cl\/de\/#organization"},"potentialAction":[{"@type":"SearchAction","target":{"@type":"EntryPoint","urlTemplate":"https:\/\/produncan.cl\/de\/?s={search_term_string}"},"query-input":{"@type":"PropertyValueSpecification","valueRequired":true,"valueName":"search_term_string"}}],"inLanguage":"de-DE"},{"@type":"Organization","@id":"https:\/\/produncan.cl\/de\/#organization","name":"Produncan","url":"https:\/\/produncan.cl\/de\/","logo":{"@type":"ImageObject","inLanguage":"de-DE","@id":"https:\/\/produncan.cl\/de\/#\/schema\/logo\/image\/","url":"https:\/\/produncan.cl\/wp-content\/uploads\/2021\/03\/LOGO.jpeg","contentUrl":"https:\/\/produncan.cl\/wp-content\/uploads\/2021\/03\/LOGO.jpeg","width":1280,"height":903,"caption":"Produncan"},"image":{"@id":"https:\/\/produncan.cl\/de\/#\/schema\/logo\/image\/"},"sameAs":["https:\/\/web.facebook.com\/produncanland","https:\/\/www.instagram.com\/pro_duncan\/","https:\/\/www.linkedin.com\/company\/produncan-lands\/","https:\/\/www.youtube.com\/channel\/UCu7N-f3x0svkazD-Eew1-QQ"],"description":"En Produncan somos especialistas en la venta de terrenos en el sur de Chile. Proveemos estancias, campos, parcelas y hoteles.","email":"info@produncan.cl"}]},"og_video":"https:\/\/www.youtube.com\/embed\/wydwM-kdIzs","og_video_type":"text\/html","og_video_duration":"104","og_video_width":"480","og_video_height":"360","ya_ovs_adult":"false","ya_ovs_upload_date":"2022-08-05T17:13:20+00:00","ya_ovs_allow_embed":"true","product_price_amount":"97900.00","product_price_currency":"USD","og_availability":"instock","product_availability":"instock","product_condition":"new"},"_links":{"self":[{"href":"https:\/\/produncan.cl\/de\/wp-json\/wp\/v2\/product\/11912","targetHints":{"allow":["GET"]}}],"collection":[{"href":"https:\/\/produncan.cl\/de\/wp-json\/wp\/v2\/product"}],"about":[{"href":"https:\/\/produncan.cl\/de\/wp-json\/wp\/v2\/types\/product"}],"version-history":[{"count":2,"href":"https:\/\/produncan.cl\/de\/wp-json\/wp\/v2\/product\/11912\/revisions"}],"predecessor-version":[{"id":54257,"href":"https:\/\/produncan.cl\/de\/wp-json\/wp\/v2\/product\/11912\/revisions\/54257"}],"wp:featuredmedia":[{"embeddable":true,"href":"https:\/\/produncan.cl\/de\/wp-json\/wp\/v2\/media\/11704"}],"wp:attachment":[{"href":"https:\/\/produncan.cl\/de\/wp-json\/wp\/v2\/media?parent=11912"}],"wp:term":[{"taxonomy":"product_brand","embeddable":true,"href":"https:\/\/produncan.cl\/de\/wp-json\/wp\/v2\/product_brand?post=11912"},{"taxonomy":"product_cat","embeddable":true,"href":"https:\/\/produncan.cl\/de\/wp-json\/wp\/v2\/product_cat?post=11912"},{"taxonomy":"product_tag","embeddable":true,"href":"https:\/\/produncan.cl\/de\/wp-json\/wp\/v2\/product_tag?post=11912"},{"taxonomy":"regiones","embeddable":true,"href":"https:\/\/produncan.cl\/de\/wp-json\/wp\/v2\/regiones?post=11912"},{"taxonomy":"ciudades","embeddable":true,"href":"https:\/\/produncan.cl\/de\/wp-json\/wp\/v2\/ciudades?post=11912"}],"curies":[{"name":"wp","href":"https:\/\/api.w.org\/{rel}","templated":true}]}}