{"id":13555,"date":"2024-05-11T19:06:29","date_gmt":"2024-05-11T23:06:29","guid":{"rendered":"https:\/\/produncan.cl\/producto\/isla-pollux-6400m%c2%b2-coyhaique-aysen\/"},"modified":"2026-03-30T18:48:20","modified_gmt":"2026-03-30T21:48:20","slug":"isla-pollux-6400m%c2%b2-coyhaique-aysen","status":"publish","type":"product","link":"https:\/\/produncan.cl\/de\/produkt\/isla-pollux-6400m%c2%b2-coyhaique-aysen\/","title":{"rendered":"Insel in Coyhaique, Pollux-See &#8211; Region Ays\u00e9n"},"content":{"rendered":"\t\t<div data-elementor-type=\"product-post\" data-elementor-id=\"13555\" class=\"elementor elementor-13555 elementor-11961\" data-elementor-post-type=\"product\">\n\t\t\t\t<div class=\"elementor-element elementor-element-3571b46 e-flex e-con-boxed e-con e-parent\" data-id=\"3571b46\" data-element_type=\"container\" data-e-type=\"container\" data-settings=\"{&quot;jet_parallax_layout_list&quot;:[]}\">\n\t\t\t\t\t<div class=\"e-con-inner\">\n\t\t\t\t<div class=\"elementor-element elementor-element-fb1414d elementor-widget elementor-widget-heading\" data-id=\"fb1414d\" data-element_type=\"widget\" data-e-type=\"widget\" data-widget_type=\"heading.default\">\n\t\t\t\t\t<h2 class=\"elementor-heading-title elementor-size-default\">Planen Sie Ihr Treffen<\/h2>\t\t\t\t<\/div>\n\t\t\t\t\t<\/div>\n\t\t\t\t<\/div>\n\t\t<div class=\"elementor-element elementor-element-a83a6a5 e-flex e-con-boxed e-con e-parent\" data-id=\"a83a6a5\" data-element_type=\"container\" data-e-type=\"container\" data-settings=\"{&quot;jet_parallax_layout_list&quot;:[]}\">\n\t\t\t\t\t<div class=\"e-con-inner\">\n\t\t\t\t<div class=\"elementor-element elementor-element-d2e1f4a elementor-widget elementor-widget-text-editor\" data-id=\"d2e1f4a\" data-element_type=\"widget\" data-e-type=\"widget\" data-widget_type=\"text-editor.default\">\n\t\t\t\t\t\t\t\t\t<p>Willkommen auf einer kleinen und sch\u00f6nen Insel von 6400 m\u00b2 im Pollux-See, 30 km von der Stadt Coyhaique in der Region Ays\u00e9n entfernt.<\/p>\n<p>Diese Insel in Coyhaique ist die einzige im Pollux-See und liegt nur 170 m vom n\u00e4chsten Ufer und 1,5 km von der Zufahrtsstra\u00dfe entfernt, auf der Sie Ihr Fahrzeug und Ihr Boot parken k\u00f6nnen, um Zugang zum Gel\u00e4nde zu erhalten.<\/p>\n<p>Das Grundst\u00fcck hat weder Geb\u00e4ude noch Wasser oder Strom. Sie k\u00f6nnen jedoch ein Wasserrad oder einen Brunnen bauen und ihn mit Sonnenkollektoren oder einem Flugzeuggenerator betreiben. Auf der anderen Seite, wenn Sie ein Telefonsignal und mobile Daten haben.<\/p>\n<p>Die Topographie der Insel ist flach, und es gibt keine \u00dcberschwemmungen, da der See durch den Grundwasserspiegel gespeist wird, der einen stabilen Wasserstand mit einer maximalen Schwankung von einem Meter im Jahr erm\u00f6glicht.<\/p>\n<p><span style=\"color: var( --e-global-color-text ); font-family: var( --e-global-typography-text-font-family ), Sans-serif; font-weight: var( --e-global-typography-text-font-weight ); text-align: var(--text-align);\">In der Flora finden Sie haupts\u00e4chlich Langas, \u00f1ire, Calafate und Gras, alles in einem geordneten und sauberen Wald. In der Tierwelt gibt es eine Vielzahl von V\u00f6geln, darunter Schwalben, Taguas, Enten, Schwarzhalsschw\u00e4ne und Regenbogenforellen.<\/span><\/p>\n<p><span style=\"color: var( --e-global-color-text ); font-family: var( --e-global-typography-text-font-family ), Sans-serif; font-weight: var( --e-global-typography-text-font-weight ); text-align: var(--text-align);\">Die Zufahrt zum Gel\u00e4nde erfolgt von der Stadt Coyhaique aus \u00fcber die s\u00fcdliche Autobahn und dann \u00fcber eine 14 km lange Schotterpiste. Sie k\u00f6nnen auch direkt vom Flughafen Balmaceda aus anreisen und ben\u00f6tigen 20 Minuten bis zum Ufer, wo Sie Ihr Boot \u00fcbernehmen k\u00f6nnen.<\/span><\/p>\n<p><span style=\"color: var( --e-global-color-text ); font-family: var( --e-global-typography-text-font-family ), Sans-serif; font-weight: var( --e-global-typography-text-font-weight ); text-align: var(--text-align);\">WENN SIE AUF DER SUCHE NACH PRIVATSPH\u00c4RE IN EINER AUSSERGEW\u00d6HNLICHEN LAGE SIND, KONTAKTIEREN SIE UNS BITTE F\u00dcR WEITERE INFORMATIONEN!<\/span><\/p>\t\t\t\t\t\t\t\t<\/div>\n\t\t\t\t\t<\/div>\n\t\t\t\t<\/div>\n\t\t\t\t<\/div>\n\t\t","protected":false},"excerpt":{"rendered":"<p>Insel in Coyhaique einzigartig in der Pollux See, mit einer Fl\u00e4che von 6400m\u00b2. Bei 20 Minuten vom Flughafen entfernt.  F\u00fcr das Abstellen von Booten und Fahrzeugen werden entsprechende Fl\u00e4chen zur Verf\u00fcgung gestellt.<\/p>\n","protected":false},"featured_media":11967,"template":"","meta":{"_acf_changed":false},"product_brand":[],"product_cat":[116],"product_tag":[232,231],"regiones":[],"ciudades":[],"class_list":{"0":"post-13555","1":"product","2":"type-product","3":"status-publish","4":"has-post-thumbnail","6":"product_cat-aysen-magallanes-de","7":"product_tag-grundstuecke","8":"product_tag-touristische-immobilien","10":"first","11":"instock","12":"featured","13":"sold-individually","14":"shipping-taxable","15":"purchasable","16":"product-type-simple"},"acf":[],"yoast_head":"<!-- This site is optimized with the Yoast SEO Premium plugin v26.0 (Yoast SEO v27.3) - https:\/\/yoast.com\/product\/yoast-seo-premium-wordpress\/ -->\n<title>Insel in Coyhaique, Pollux-See - Region Ays\u00e9n - Produncan<\/title>\n<meta name=\"description\" content=\"Kleine und sch\u00f6ne Insel von 6400 m\u00b2 im Pollux-See, 30 km von der Stadt Coyhaique in der Region Ays\u00e9n entfernt. Sie ist die einzige Insel im See.\" \/>\n<meta name=\"robots\" content=\"index, follow, max-snippet:-1, max-image-preview:large, max-video-preview:-1\" \/>\n<link rel=\"canonical\" href=\"https:\/\/produncan.cl\/de\/produkt\/isla-pollux-6400m%c2%b2-coyhaique-aysen\/\" \/>\n<meta property=\"og:locale\" content=\"de_DE\" \/>\n<meta property=\"og:type\" content=\"article\" \/>\n<meta property=\"og:title\" content=\"Insel in Coyhaique, Pollux-See - Region Ays\u00e9n\" \/>\n<meta property=\"og:description\" content=\"Kleine und sch\u00f6ne Insel von 6400 m\u00b2 im Pollux-See, 30 km von der Stadt Coyhaique in der Region Ays\u00e9n entfernt. Sie ist die einzige Insel im See.\" \/>\n<meta property=\"og:url\" content=\"https:\/\/produncan.cl\/de\/produkt\/isla-pollux-6400m%c2%b2-coyhaique-aysen\/\" \/>\n<meta property=\"og:site_name\" content=\"Produncan\" \/>\n<meta property=\"article:publisher\" content=\"https:\/\/web.facebook.com\/produncanland\" \/>\n<meta property=\"article:modified_time\" content=\"2026-03-30T21:48:20+00:00\" \/>\n<meta property=\"og:image\" content=\"https:\/\/produncan.cl\/wp-content\/uploads\/2023\/03\/Portada-Isla-Pollux.webp\" \/>\n\t<meta property=\"og:image:width\" content=\"600\" \/>\n\t<meta property=\"og:image:height\" content=\"450\" \/>\n\t<meta property=\"og:image:type\" content=\"image\/webp\" \/>\n<meta name=\"twitter:card\" content=\"summary_large_image\" \/>\n<meta name=\"twitter:label1\" content=\"Price\" \/>\n\t<meta name=\"twitter:data1\" content=\"USD97.900,00\" \/>\n\t<meta name=\"twitter:label2\" content=\"Availability\" \/>\n\t<meta name=\"twitter:data2\" content=\"In stock\" \/>\n<script type=\"application\/ld+json\" class=\"yoast-schema-graph\">{\"@context\":\"https:\\\/\\\/schema.org\",\"@graph\":[{\"@type\":\"WebPage\",\"@id\":\"https:\\\/\\\/produncan.cl\\\/de\\\/produkt\\\/isla-pollux-6400m%c2%b2-coyhaique-aysen\\\/\",\"url\":\"https:\\\/\\\/produncan.cl\\\/de\\\/produkt\\\/isla-pollux-6400m%c2%b2-coyhaique-aysen\\\/\",\"name\":\"Insel in Coyhaique, Pollux-See - Region Ays\u00e9n - Produncan\",\"isPartOf\":{\"@id\":\"https:\\\/\\\/produncan.cl\\\/de\\\/#website\"},\"primaryImageOfPage\":{\"@id\":\"https:\\\/\\\/produncan.cl\\\/de\\\/produkt\\\/isla-pollux-6400m%c2%b2-coyhaique-aysen\\\/#primaryimage\"},\"image\":{\"@id\":\"https:\\\/\\\/produncan.cl\\\/de\\\/produkt\\\/isla-pollux-6400m%c2%b2-coyhaique-aysen\\\/#primaryimage\"},\"thumbnailUrl\":\"https:\\\/\\\/produncan.cl\\\/wp-content\\\/uploads\\\/2023\\\/03\\\/Portada-Isla-Pollux.webp\",\"datePublished\":\"2024-05-11T23:06:29+00:00\",\"dateModified\":\"2026-03-30T21:48:20+00:00\",\"description\":\"Kleine und sch\u00f6ne Insel von 6400 m\u00b2 im Pollux-See, 30 km von der Stadt Coyhaique in der Region Ays\u00e9n entfernt. Sie ist die einzige Insel im See.\",\"breadcrumb\":{\"@id\":\"https:\\\/\\\/produncan.cl\\\/de\\\/produkt\\\/isla-pollux-6400m%c2%b2-coyhaique-aysen\\\/#breadcrumb\"},\"inLanguage\":\"de-DE\",\"potentialAction\":[{\"@type\":\"ReadAction\",\"target\":[\"https:\\\/\\\/produncan.cl\\\/de\\\/produkt\\\/isla-pollux-6400m%c2%b2-coyhaique-aysen\\\/\"]}]},{\"@type\":\"ImageObject\",\"inLanguage\":\"de-DE\",\"@id\":\"https:\\\/\\\/produncan.cl\\\/de\\\/produkt\\\/isla-pollux-6400m%c2%b2-coyhaique-aysen\\\/#primaryimage\",\"url\":\"https:\\\/\\\/produncan.cl\\\/wp-content\\\/uploads\\\/2023\\\/03\\\/Portada-Isla-Pollux.webp\",\"contentUrl\":\"https:\\\/\\\/produncan.cl\\\/wp-content\\\/uploads\\\/2023\\\/03\\\/Portada-Isla-Pollux.webp\",\"width\":600,\"height\":450,\"caption\":\"Porta Pollux Insel\"},{\"@type\":\"BreadcrumbList\",\"@id\":\"https:\\\/\\\/produncan.cl\\\/de\\\/produkt\\\/isla-pollux-6400m%c2%b2-coyhaique-aysen\\\/#breadcrumb\",\"itemListElement\":[{\"@type\":\"ListItem\",\"position\":1,\"name\":\"Inicio\",\"item\":\"https:\\\/\\\/produncan.cl\\\/de\\\/\"},{\"@type\":\"ListItem\",\"position\":2,\"name\":\"Eigenschaften\",\"item\":\"https:\\\/\\\/produncan.cl\\\/propiedades\\\/\"},{\"@type\":\"ListItem\",\"position\":3,\"name\":\"Grundst\u00fccke\",\"item\":\"https:\\\/\\\/produncan.cl\\\/de\\\/kategorie\\\/grundstuecke\\\/\"},{\"@type\":\"ListItem\",\"position\":4,\"name\":\"Insel in Coyhaique, Pollux-See &#8211; Region Ays\u00e9n\"}]},{\"@type\":\"WebSite\",\"@id\":\"https:\\\/\\\/produncan.cl\\\/de\\\/#website\",\"url\":\"https:\\\/\\\/produncan.cl\\\/de\\\/\",\"name\":\"Produncan\",\"description\":\"Wir begleiten Sie bei Ihrem Lebensprojekt!\",\"publisher\":{\"@id\":\"https:\\\/\\\/produncan.cl\\\/de\\\/#organization\"},\"potentialAction\":[{\"@type\":\"SearchAction\",\"target\":{\"@type\":\"EntryPoint\",\"urlTemplate\":\"https:\\\/\\\/produncan.cl\\\/de\\\/?s={search_term_string}\"},\"query-input\":{\"@type\":\"PropertyValueSpecification\",\"valueRequired\":true,\"valueName\":\"search_term_string\"}}],\"inLanguage\":\"de-DE\"},{\"@type\":\"Organization\",\"@id\":\"https:\\\/\\\/produncan.cl\\\/de\\\/#organization\",\"name\":\"Produncan\",\"url\":\"https:\\\/\\\/produncan.cl\\\/de\\\/\",\"logo\":{\"@type\":\"ImageObject\",\"inLanguage\":\"de-DE\",\"@id\":\"https:\\\/\\\/produncan.cl\\\/de\\\/#\\\/schema\\\/logo\\\/image\\\/\",\"url\":\"https:\\\/\\\/produncan.cl\\\/wp-content\\\/uploads\\\/2021\\\/03\\\/LOGO.jpeg\",\"contentUrl\":\"https:\\\/\\\/produncan.cl\\\/wp-content\\\/uploads\\\/2021\\\/03\\\/LOGO.jpeg\",\"width\":1280,\"height\":903,\"caption\":\"Produncan\"},\"image\":{\"@id\":\"https:\\\/\\\/produncan.cl\\\/de\\\/#\\\/schema\\\/logo\\\/image\\\/\"},\"sameAs\":[\"https:\\\/\\\/web.facebook.com\\\/produncanland\",\"https:\\\/\\\/www.instagram.com\\\/pro_duncan\\\/\",\"https:\\\/\\\/www.linkedin.com\\\/company\\\/produncan-lands\\\/\",\"https:\\\/\\\/www.youtube.com\\\/channel\\\/UCu7N-f3x0svkazD-Eew1-QQ\"],\"description\":\"En Produncan somos especialistas en la venta de terrenos en el sur de Chile. Proveemos estancias, campos, parcelas y hoteles.\",\"email\":\"info@produncan.cl\"}]}<\/script>\n<meta property=\"og:video\" content=\"https:\/\/www.youtube.com\/embed\/73fJaeAhc00\" \/>\n<meta property=\"og:video:type\" content=\"text\/html\" \/>\n<meta property=\"og:video:duration\" content=\"93\" \/>\n<meta property=\"og:video:width\" content=\"480\" \/>\n<meta property=\"og:video:height\" content=\"360\" \/>\n<meta property=\"ya:ovs:adult\" content=\"false\" \/>\n<meta property=\"ya:ovs:upload_date\" content=\"2024-05-11T23:06:29+00:00\" \/>\n<meta property=\"ya:ovs:allow_embed\" content=\"true\" \/>\n<meta property=\"product:price:amount\" content=\"97900.00\" \/>\n<meta property=\"product:price:currency\" content=\"USD\" \/>\n<meta property=\"og:availability\" content=\"instock\" \/>\n<meta property=\"product:availability\" content=\"instock\" \/>\n<meta property=\"product:condition\" content=\"new\" \/>\n<!-- \/ Yoast SEO Premium plugin. -->","yoast_head_json":{"title":"Insel in Coyhaique, Pollux-See - Region Ays\u00e9n - Produncan","description":"Kleine und sch\u00f6ne Insel von 6400 m\u00b2 im Pollux-See, 30 km von der Stadt Coyhaique in der Region Ays\u00e9n entfernt. Sie ist die einzige Insel im See.","robots":{"index":"index","follow":"follow","max-snippet":"max-snippet:-1","max-image-preview":"max-image-preview:large","max-video-preview":"max-video-preview:-1"},"canonical":"https:\/\/produncan.cl\/de\/produkt\/isla-pollux-6400m%c2%b2-coyhaique-aysen\/","og_locale":"de_DE","og_type":"article","og_title":"Insel in Coyhaique, Pollux-See - Region Ays\u00e9n","og_description":"Kleine und sch\u00f6ne Insel von 6400 m\u00b2 im Pollux-See, 30 km von der Stadt Coyhaique in der Region Ays\u00e9n entfernt. Sie ist die einzige Insel im See.","og_url":"https:\/\/produncan.cl\/de\/produkt\/isla-pollux-6400m%c2%b2-coyhaique-aysen\/","og_site_name":"Produncan","article_publisher":"https:\/\/web.facebook.com\/produncanland","article_modified_time":"2026-03-30T21:48:20+00:00","og_image":[{"width":600,"height":450,"url":"https:\/\/produncan.cl\/wp-content\/uploads\/2023\/03\/Portada-Isla-Pollux.webp","type":"image\/webp"}],"twitter_card":"summary_large_image","twitter_misc":{"Price":"USD97.900,00","Availability":"In stock"},"schema":{"@context":"https:\/\/schema.org","@graph":[{"@type":"WebPage","@id":"https:\/\/produncan.cl\/de\/produkt\/isla-pollux-6400m%c2%b2-coyhaique-aysen\/","url":"https:\/\/produncan.cl\/de\/produkt\/isla-pollux-6400m%c2%b2-coyhaique-aysen\/","name":"Insel in Coyhaique, Pollux-See - Region Ays\u00e9n - Produncan","isPartOf":{"@id":"https:\/\/produncan.cl\/de\/#website"},"primaryImageOfPage":{"@id":"https:\/\/produncan.cl\/de\/produkt\/isla-pollux-6400m%c2%b2-coyhaique-aysen\/#primaryimage"},"image":{"@id":"https:\/\/produncan.cl\/de\/produkt\/isla-pollux-6400m%c2%b2-coyhaique-aysen\/#primaryimage"},"thumbnailUrl":"https:\/\/produncan.cl\/wp-content\/uploads\/2023\/03\/Portada-Isla-Pollux.webp","datePublished":"2024-05-11T23:06:29+00:00","dateModified":"2026-03-30T21:48:20+00:00","description":"Kleine und sch\u00f6ne Insel von 6400 m\u00b2 im Pollux-See, 30 km von der Stadt Coyhaique in der Region Ays\u00e9n entfernt. Sie ist die einzige Insel im See.","breadcrumb":{"@id":"https:\/\/produncan.cl\/de\/produkt\/isla-pollux-6400m%c2%b2-coyhaique-aysen\/#breadcrumb"},"inLanguage":"de-DE","potentialAction":[{"@type":"ReadAction","target":["https:\/\/produncan.cl\/de\/produkt\/isla-pollux-6400m%c2%b2-coyhaique-aysen\/"]}]},{"@type":"ImageObject","inLanguage":"de-DE","@id":"https:\/\/produncan.cl\/de\/produkt\/isla-pollux-6400m%c2%b2-coyhaique-aysen\/#primaryimage","url":"https:\/\/produncan.cl\/wp-content\/uploads\/2023\/03\/Portada-Isla-Pollux.webp","contentUrl":"https:\/\/produncan.cl\/wp-content\/uploads\/2023\/03\/Portada-Isla-Pollux.webp","width":600,"height":450,"caption":"Porta Pollux Insel"},{"@type":"BreadcrumbList","@id":"https:\/\/produncan.cl\/de\/produkt\/isla-pollux-6400m%c2%b2-coyhaique-aysen\/#breadcrumb","itemListElement":[{"@type":"ListItem","position":1,"name":"Inicio","item":"https:\/\/produncan.cl\/de\/"},{"@type":"ListItem","position":2,"name":"Eigenschaften","item":"https:\/\/produncan.cl\/propiedades\/"},{"@type":"ListItem","position":3,"name":"Grundst\u00fccke","item":"https:\/\/produncan.cl\/de\/kategorie\/grundstuecke\/"},{"@type":"ListItem","position":4,"name":"Insel in Coyhaique, Pollux-See &#8211; Region Ays\u00e9n"}]},{"@type":"WebSite","@id":"https:\/\/produncan.cl\/de\/#website","url":"https:\/\/produncan.cl\/de\/","name":"Produncan","description":"Wir begleiten Sie bei Ihrem Lebensprojekt!","publisher":{"@id":"https:\/\/produncan.cl\/de\/#organization"},"potentialAction":[{"@type":"SearchAction","target":{"@type":"EntryPoint","urlTemplate":"https:\/\/produncan.cl\/de\/?s={search_term_string}"},"query-input":{"@type":"PropertyValueSpecification","valueRequired":true,"valueName":"search_term_string"}}],"inLanguage":"de-DE"},{"@type":"Organization","@id":"https:\/\/produncan.cl\/de\/#organization","name":"Produncan","url":"https:\/\/produncan.cl\/de\/","logo":{"@type":"ImageObject","inLanguage":"de-DE","@id":"https:\/\/produncan.cl\/de\/#\/schema\/logo\/image\/","url":"https:\/\/produncan.cl\/wp-content\/uploads\/2021\/03\/LOGO.jpeg","contentUrl":"https:\/\/produncan.cl\/wp-content\/uploads\/2021\/03\/LOGO.jpeg","width":1280,"height":903,"caption":"Produncan"},"image":{"@id":"https:\/\/produncan.cl\/de\/#\/schema\/logo\/image\/"},"sameAs":["https:\/\/web.facebook.com\/produncanland","https:\/\/www.instagram.com\/pro_duncan\/","https:\/\/www.linkedin.com\/company\/produncan-lands\/","https:\/\/www.youtube.com\/channel\/UCu7N-f3x0svkazD-Eew1-QQ"],"description":"En Produncan somos especialistas en la venta de terrenos en el sur de Chile. Proveemos estancias, campos, parcelas y hoteles.","email":"info@produncan.cl"}]},"og_video":"https:\/\/www.youtube.com\/embed\/73fJaeAhc00","og_video_type":"text\/html","og_video_duration":"93","og_video_width":"480","og_video_height":"360","ya_ovs_adult":"false","ya_ovs_upload_date":"2024-05-11T23:06:29+00:00","ya_ovs_allow_embed":"true","product_price_amount":"97900.00","product_price_currency":"USD","og_availability":"instock","product_availability":"instock","product_condition":"new"},"_links":{"self":[{"href":"https:\/\/produncan.cl\/de\/wp-json\/wp\/v2\/product\/13555","targetHints":{"allow":["GET"]}}],"collection":[{"href":"https:\/\/produncan.cl\/de\/wp-json\/wp\/v2\/product"}],"about":[{"href":"https:\/\/produncan.cl\/de\/wp-json\/wp\/v2\/types\/product"}],"version-history":[{"count":2,"href":"https:\/\/produncan.cl\/de\/wp-json\/wp\/v2\/product\/13555\/revisions"}],"predecessor-version":[{"id":53106,"href":"https:\/\/produncan.cl\/de\/wp-json\/wp\/v2\/product\/13555\/revisions\/53106"}],"wp:featuredmedia":[{"embeddable":true,"href":"https:\/\/produncan.cl\/de\/wp-json\/wp\/v2\/media\/11967"}],"wp:attachment":[{"href":"https:\/\/produncan.cl\/de\/wp-json\/wp\/v2\/media?parent=13555"}],"wp:term":[{"taxonomy":"product_brand","embeddable":true,"href":"https:\/\/produncan.cl\/de\/wp-json\/wp\/v2\/product_brand?post=13555"},{"taxonomy":"product_cat","embeddable":true,"href":"https:\/\/produncan.cl\/de\/wp-json\/wp\/v2\/product_cat?post=13555"},{"taxonomy":"product_tag","embeddable":true,"href":"https:\/\/produncan.cl\/de\/wp-json\/wp\/v2\/product_tag?post=13555"},{"taxonomy":"regiones","embeddable":true,"href":"https:\/\/produncan.cl\/de\/wp-json\/wp\/v2\/regiones?post=13555"},{"taxonomy":"ciudades","embeddable":true,"href":"https:\/\/produncan.cl\/de\/wp-json\/wp\/v2\/ciudades?post=13555"}],"curies":[{"name":"wp","href":"https:\/\/api.w.org\/{rel}","templated":true}]}}