{"id":13557,"date":"2021-02-02T16:55:06","date_gmt":"2021-02-02T19:55:06","guid":{"rendered":"https:\/\/produncan.cl\/producto\/grundstueck-bahia-el-encanto-rupanco-see-seengebiet\/"},"modified":"2025-08-07T16:54:07","modified_gmt":"2025-08-07T20:54:07","slug":"grundstueck-bahia-el-encanto-rupanco-see-seengebiet","status":"publish","type":"product","link":"https:\/\/produncan.cl\/de\/produkt\/grundstueck-bahia-el-encanto-rupanco-see-seengebiet\/","title":{"rendered":"&#8220;Grundst\u00fcck Bucht El Encanto &#8211; Lago Rupanco, Regi\u00f3n de los Lagos&#8221;"},"content":{"rendered":"\t\t<div data-elementor-type=\"product-post\" data-elementor-id=\"13557\" class=\"elementor elementor-13557 elementor-12044\" data-elementor-post-type=\"product\">\n\t\t\t\t<div class=\"elementor-element elementor-element-de805b0 e-flex e-con-boxed e-con e-parent\" data-id=\"de805b0\" data-element_type=\"container\" data-e-type=\"container\" data-settings=\"{&quot;jet_parallax_layout_list&quot;:[]}\">\n\t\t\t\t\t<div class=\"e-con-inner\">\n\t\t\t\t<div class=\"elementor-element elementor-element-fa0b9f2 elementor-widget elementor-widget-heading\" data-id=\"fa0b9f2\" data-element_type=\"widget\" data-e-type=\"widget\" data-widget_type=\"heading.default\">\n\t\t\t\t\t<h2 class=\"elementor-heading-title elementor-size-default\">\"Ein Grundst\u00fcck am Lago Rupanco \u00f6stlich von Osorno!\"<\/h2>\t\t\t\t<\/div>\n\t\t\t\t\t<\/div>\n\t\t\t\t<\/div>\n\t\t<div class=\"elementor-element elementor-element-858ac07 e-flex e-con-boxed e-con e-parent\" data-id=\"858ac07\" data-element_type=\"container\" data-e-type=\"container\" data-settings=\"{&quot;jet_parallax_layout_list&quot;:[]}\">\n\t\t\t\t\t<div class=\"e-con-inner\">\n\t\t\t\t<div class=\"elementor-element elementor-element-51780a8 elementor-widget elementor-widget-text-editor\" data-id=\"51780a8\" data-element_type=\"widget\" data-e-type=\"widget\" data-widget_type=\"text-editor.default\">\n\t\t\t\t\t\t\t\t\t&#8220;`html\n<p>Wir laden Sie ein, dieses sch\u00f6ne Grundst\u00fcck im Bereich Bah\u00eda el Encanto am Rupanco-See, \u00f6stlich der Stadt Osorno, kennenzulernen.<\/p><p><br><\/p>\n<p><\/p>\n<p>Das 5000m\u00b2 gro\u00dfe Grundst\u00fcck grenzt auf 23,76 m an den See, verf\u00fcgt \u00fcber einen Anschluss an die l\u00e4ndliche Trinkwasserversorgung (APR), Elektrizit\u00e4t und eine gute Telekommunikationsverbindung.<\/p><p><br><\/p>\n<p><\/p>\n<p>Das Grundst\u00fcck ist Teil eines kleinen Projekts mit nur insgesamt 5 Parzellen, die eine Zufahrtsdienstbarkeit, eine Bootsgarage und ein Haus f\u00fcr den Hausmeister teilen.<\/p><p><br><\/p>\n<p><\/p>\n<p>Au\u00dferdem wird das 5000m\u00b2 gro\u00dfe Grundst\u00fcck von einem wenig befahrenen Landweg geteilt, der das Grundst\u00fcck in zwei Teile teilt: den zum See hin gelegenen Teil, der eine leichte Neigung zum See und einen sch\u00f6nen Wald aus Arrayanes und Gras aufweist, und auf der anderen Seite den Teil auf der anderen Seite des Weges, der aus reiner Wiese mit etwas st\u00e4rkerer Neigung besteht und einen gro\u00dfartigen Blick auf den See und die Vulkane bietet.<\/p><p><br><\/p>\n<p><\/p>\n<p>Der Zugang erfolgt von Entre Lagos \u00fcber die internationale asphaltierte Stra\u00dfe nach Argentinien und dann \u00fcber einen 4 km langen Schotterweg in ausgezeichnetem Zustand. Es gibt ein gemeinsames Zugangstor f\u00fcr die 5 Parzellen.<\/p><p><br><\/p>\n<p><\/p>\n<p>Die benachbarten H\u00e4user sind von hohem Profil und die Nachbarn erstklassig. Alle haben sich darauf geeinigt, ca. 120.000 $ monatlich an Gemeinschaftskosten zu zahlen, um den Hausmeister zu bezahlen, der alle Wartungsarbeiten durchf\u00fchrt.<\/p><p><br><\/p>\n<p><\/p>\n<p>Nur wenige Kilometer entfernt liegt Villa la Angostura in Argentinien, und in der N\u00e4he befinden sich unter anderem die Thermen von Puyehue und viele andere Sch\u00f6nheiten der Gegend.<\/p><p><br><\/p>\n<p><\/p>\n<p>Verpassen Sie nicht die Gelegenheit, eines der wenigen Grundst\u00fccke mit Seeufer am Rupanco-See zu besitzen.<\/p><p><br><\/p><p>Der Preis betr\u00e4gt UF5200<\/p>\n&#8220;`\t\t\t\t\t\t\t\t<\/div>\n\t\t\t\t\t<\/div>\n\t\t\t\t<\/div>\n\t\t\t\t<\/div>\n\t\t","protected":false},"excerpt":{"rendered":"<p>&#8220;Grundst\u00fcck in Bah\u00eda el Encanto, Lago Rupanco, Osorno, Trinkwasser, Strom.&#8221;<\/p>\n","protected":false},"featured_media":12203,"template":"","meta":{"_acf_changed":false},"product_brand":[],"product_cat":[104],"product_tag":[],"regiones":[226],"ciudades":[],"class_list":{"0":"post-13557","1":"product","2":"type-product","3":"status-publish","4":"has-post-thumbnail","6":"product_cat-ohiggins-los-lagos","7":"regiones-nuble-los_lagos","9":"first","10":"outofstock","11":"sold-individually","12":"shipping-taxable","13":"purchasable","14":"product-type-simple"},"acf":[],"yoast_head":"<!-- This site is optimized with the Yoast SEO Premium plugin v26.0 (Yoast SEO v27.3) - https:\/\/yoast.com\/product\/yoast-seo-premium-wordpress\/ -->\n<title>&quot;&quot;Grundst\u00fcck Bucht El Encanto - Lago Rupanco, Regi\u00f3n de los Lagos&quot; &quot;<\/title>\n<meta name=\"description\" content=\"Parzelle im Sektor Bah\u00eda el Encanto, am Rupanco-See, \u00f6stlich der Stadt Osorno gelegen. APR, Strom und Telekommunikationssignal.\" \/>\n<meta name=\"robots\" content=\"index, follow, max-snippet:-1, max-image-preview:large, max-video-preview:-1\" \/>\n<link rel=\"canonical\" href=\"https:\/\/produncan.cl\/de\/produkt\/grundstueck-bahia-el-encanto-rupanco-see-seengebiet\/\" \/>\n<meta property=\"og:locale\" content=\"de_DE\" \/>\n<meta property=\"og:type\" content=\"article\" \/>\n<meta property=\"og:title\" content=\"&quot;Grundst\u00fcck Bucht El Encanto - Lago Rupanco, Regi\u00f3n de los Lagos&quot;\" \/>\n<meta property=\"og:description\" content=\"Parzelle im Sektor Bah\u00eda el Encanto, am Rupanco-See, \u00f6stlich der Stadt Osorno gelegen. APR, Strom und Telekommunikationssignal.\" \/>\n<meta property=\"og:url\" content=\"https:\/\/produncan.cl\/de\/produkt\/grundstueck-bahia-el-encanto-rupanco-see-seengebiet\/\" \/>\n<meta property=\"og:site_name\" content=\"Produncan\" \/>\n<meta property=\"article:publisher\" content=\"https:\/\/web.facebook.com\/produncanland\" \/>\n<meta property=\"article:modified_time\" content=\"2025-08-07T20:54:07+00:00\" \/>\n<meta property=\"og:image\" content=\"https:\/\/produncan.cl\/wp-content\/uploads\/2023\/03\/BAHIA-EL-ENCANTO-VENDIDO.webp\" \/>\n\t<meta property=\"og:image:width\" content=\"600\" \/>\n\t<meta property=\"og:image:height\" content=\"450\" \/>\n\t<meta property=\"og:image:type\" content=\"image\/webp\" \/>\n<meta name=\"twitter:card\" content=\"summary_large_image\" \/>\n<meta name=\"twitter:label1\" content=\"Price\" \/>\n\t<meta name=\"twitter:data1\" content=\"USD206.100,00\" \/>\n\t<meta name=\"twitter:label2\" content=\"Availability\" \/>\n\t<meta name=\"twitter:data2\" content=\"Out of stock\" \/>\n<script type=\"application\/ld+json\" class=\"yoast-schema-graph\">{\"@context\":\"https:\\\/\\\/schema.org\",\"@graph\":[{\"@type\":\"WebPage\",\"@id\":\"https:\\\/\\\/produncan.cl\\\/de\\\/produkt\\\/grundstueck-bahia-el-encanto-rupanco-see-seengebiet\\\/\",\"url\":\"https:\\\/\\\/produncan.cl\\\/de\\\/produkt\\\/grundstueck-bahia-el-encanto-rupanco-see-seengebiet\\\/\",\"name\":\"\\\"\\\"Grundst\u00fcck Bucht El Encanto - Lago Rupanco, Regi\u00f3n de los Lagos\\\" \\\"\",\"isPartOf\":{\"@id\":\"https:\\\/\\\/produncan.cl\\\/de\\\/#website\"},\"primaryImageOfPage\":{\"@id\":\"https:\\\/\\\/produncan.cl\\\/de\\\/produkt\\\/grundstueck-bahia-el-encanto-rupanco-see-seengebiet\\\/#primaryimage\"},\"image\":{\"@id\":\"https:\\\/\\\/produncan.cl\\\/de\\\/produkt\\\/grundstueck-bahia-el-encanto-rupanco-see-seengebiet\\\/#primaryimage\"},\"thumbnailUrl\":\"https:\\\/\\\/produncan.cl\\\/wp-content\\\/uploads\\\/2023\\\/03\\\/BAHIA-EL-ENCANTO-VENDIDO.webp\",\"datePublished\":\"2021-02-02T19:55:06+00:00\",\"dateModified\":\"2025-08-07T20:54:07+00:00\",\"description\":\"Parzelle im Sektor Bah\u00eda el Encanto, am Rupanco-See, \u00f6stlich der Stadt Osorno gelegen. APR, Strom und Telekommunikationssignal.\",\"breadcrumb\":{\"@id\":\"https:\\\/\\\/produncan.cl\\\/de\\\/produkt\\\/grundstueck-bahia-el-encanto-rupanco-see-seengebiet\\\/#breadcrumb\"},\"inLanguage\":\"de-DE\",\"potentialAction\":[{\"@type\":\"ReadAction\",\"target\":[\"https:\\\/\\\/produncan.cl\\\/de\\\/produkt\\\/grundstueck-bahia-el-encanto-rupanco-see-seengebiet\\\/\"]}]},{\"@type\":\"ImageObject\",\"inLanguage\":\"de-DE\",\"@id\":\"https:\\\/\\\/produncan.cl\\\/de\\\/produkt\\\/grundstueck-bahia-el-encanto-rupanco-see-seengebiet\\\/#primaryimage\",\"url\":\"https:\\\/\\\/produncan.cl\\\/wp-content\\\/uploads\\\/2023\\\/03\\\/BAHIA-EL-ENCANTO-VENDIDO.webp\",\"contentUrl\":\"https:\\\/\\\/produncan.cl\\\/wp-content\\\/uploads\\\/2023\\\/03\\\/BAHIA-EL-ENCANTO-VENDIDO.webp\",\"width\":600,\"height\":450},{\"@type\":\"BreadcrumbList\",\"@id\":\"https:\\\/\\\/produncan.cl\\\/de\\\/produkt\\\/grundstueck-bahia-el-encanto-rupanco-see-seengebiet\\\/#breadcrumb\",\"itemListElement\":[{\"@type\":\"ListItem\",\"position\":1,\"name\":\"Inicio\",\"item\":\"https:\\\/\\\/produncan.cl\\\/de\\\/\"},{\"@type\":\"ListItem\",\"position\":2,\"name\":\"Eigenschaften\",\"item\":\"https:\\\/\\\/produncan.cl\\\/propiedades\\\/\"},{\"@type\":\"ListItem\",\"position\":3,\"name\":\"&#8220;Grundst\u00fcck Bucht El Encanto &#8211; Lago Rupanco, Regi\u00f3n de los Lagos&#8221;\"}]},{\"@type\":\"WebSite\",\"@id\":\"https:\\\/\\\/produncan.cl\\\/de\\\/#website\",\"url\":\"https:\\\/\\\/produncan.cl\\\/de\\\/\",\"name\":\"Produncan\",\"description\":\"Wir begleiten Sie bei Ihrem Lebensprojekt!\",\"publisher\":{\"@id\":\"https:\\\/\\\/produncan.cl\\\/de\\\/#organization\"},\"potentialAction\":[{\"@type\":\"SearchAction\",\"target\":{\"@type\":\"EntryPoint\",\"urlTemplate\":\"https:\\\/\\\/produncan.cl\\\/de\\\/?s={search_term_string}\"},\"query-input\":{\"@type\":\"PropertyValueSpecification\",\"valueRequired\":true,\"valueName\":\"search_term_string\"}}],\"inLanguage\":\"de-DE\"},{\"@type\":\"Organization\",\"@id\":\"https:\\\/\\\/produncan.cl\\\/de\\\/#organization\",\"name\":\"Produncan\",\"url\":\"https:\\\/\\\/produncan.cl\\\/de\\\/\",\"logo\":{\"@type\":\"ImageObject\",\"inLanguage\":\"de-DE\",\"@id\":\"https:\\\/\\\/produncan.cl\\\/de\\\/#\\\/schema\\\/logo\\\/image\\\/\",\"url\":\"https:\\\/\\\/produncan.cl\\\/wp-content\\\/uploads\\\/2021\\\/03\\\/LOGO.jpeg\",\"contentUrl\":\"https:\\\/\\\/produncan.cl\\\/wp-content\\\/uploads\\\/2021\\\/03\\\/LOGO.jpeg\",\"width\":1280,\"height\":903,\"caption\":\"Produncan\"},\"image\":{\"@id\":\"https:\\\/\\\/produncan.cl\\\/de\\\/#\\\/schema\\\/logo\\\/image\\\/\"},\"sameAs\":[\"https:\\\/\\\/web.facebook.com\\\/produncanland\",\"https:\\\/\\\/www.instagram.com\\\/pro_duncan\\\/\",\"https:\\\/\\\/www.linkedin.com\\\/company\\\/produncan-lands\\\/\",\"https:\\\/\\\/www.youtube.com\\\/channel\\\/UCu7N-f3x0svkazD-Eew1-QQ\"],\"description\":\"En Produncan somos especialistas en la venta de terrenos en el sur de Chile. Proveemos estancias, campos, parcelas y hoteles.\",\"email\":\"info@produncan.cl\"}]}<\/script>\n<meta property=\"og:video\" content=\"https:\/\/www.youtube.com\/embed\/InK3e0K6_dI\" \/>\n<meta property=\"og:video:type\" content=\"text\/html\" \/>\n<meta property=\"og:video:duration\" content=\"57\" \/>\n<meta property=\"og:video:width\" content=\"480\" \/>\n<meta property=\"og:video:height\" content=\"360\" \/>\n<meta property=\"ya:ovs:adult\" content=\"false\" \/>\n<meta property=\"ya:ovs:upload_date\" content=\"2021-02-02T19:55:06+00:00\" \/>\n<meta property=\"ya:ovs:allow_embed\" content=\"true\" \/>\n<meta property=\"product:price:amount\" content=\"206100.00\" \/>\n<meta property=\"product:price:currency\" content=\"USD\" \/>\n<meta property=\"og:availability\" content=\"out of stock\" \/>\n<meta property=\"product:availability\" content=\"out of stock\" \/>\n<meta property=\"product:condition\" content=\"new\" \/>\n<!-- \/ Yoast SEO Premium plugin. -->","yoast_head_json":{"title":"\"\"Grundst\u00fcck Bucht El Encanto - Lago Rupanco, Regi\u00f3n de los Lagos\" \"","description":"Parzelle im Sektor Bah\u00eda el Encanto, am Rupanco-See, \u00f6stlich der Stadt Osorno gelegen. APR, Strom und Telekommunikationssignal.","robots":{"index":"index","follow":"follow","max-snippet":"max-snippet:-1","max-image-preview":"max-image-preview:large","max-video-preview":"max-video-preview:-1"},"canonical":"https:\/\/produncan.cl\/de\/produkt\/grundstueck-bahia-el-encanto-rupanco-see-seengebiet\/","og_locale":"de_DE","og_type":"article","og_title":"\"Grundst\u00fcck Bucht El Encanto - Lago Rupanco, Regi\u00f3n de los Lagos\"","og_description":"Parzelle im Sektor Bah\u00eda el Encanto, am Rupanco-See, \u00f6stlich der Stadt Osorno gelegen. APR, Strom und Telekommunikationssignal.","og_url":"https:\/\/produncan.cl\/de\/produkt\/grundstueck-bahia-el-encanto-rupanco-see-seengebiet\/","og_site_name":"Produncan","article_publisher":"https:\/\/web.facebook.com\/produncanland","article_modified_time":"2025-08-07T20:54:07+00:00","og_image":[{"width":600,"height":450,"url":"https:\/\/produncan.cl\/wp-content\/uploads\/2023\/03\/BAHIA-EL-ENCANTO-VENDIDO.webp","type":"image\/webp"}],"twitter_card":"summary_large_image","twitter_misc":{"Price":"USD206.100,00","Availability":"Out of stock"},"schema":{"@context":"https:\/\/schema.org","@graph":[{"@type":"WebPage","@id":"https:\/\/produncan.cl\/de\/produkt\/grundstueck-bahia-el-encanto-rupanco-see-seengebiet\/","url":"https:\/\/produncan.cl\/de\/produkt\/grundstueck-bahia-el-encanto-rupanco-see-seengebiet\/","name":"\"\"Grundst\u00fcck Bucht El Encanto - Lago Rupanco, Regi\u00f3n de los Lagos\" \"","isPartOf":{"@id":"https:\/\/produncan.cl\/de\/#website"},"primaryImageOfPage":{"@id":"https:\/\/produncan.cl\/de\/produkt\/grundstueck-bahia-el-encanto-rupanco-see-seengebiet\/#primaryimage"},"image":{"@id":"https:\/\/produncan.cl\/de\/produkt\/grundstueck-bahia-el-encanto-rupanco-see-seengebiet\/#primaryimage"},"thumbnailUrl":"https:\/\/produncan.cl\/wp-content\/uploads\/2023\/03\/BAHIA-EL-ENCANTO-VENDIDO.webp","datePublished":"2021-02-02T19:55:06+00:00","dateModified":"2025-08-07T20:54:07+00:00","description":"Parzelle im Sektor Bah\u00eda el Encanto, am Rupanco-See, \u00f6stlich der Stadt Osorno gelegen. APR, Strom und Telekommunikationssignal.","breadcrumb":{"@id":"https:\/\/produncan.cl\/de\/produkt\/grundstueck-bahia-el-encanto-rupanco-see-seengebiet\/#breadcrumb"},"inLanguage":"de-DE","potentialAction":[{"@type":"ReadAction","target":["https:\/\/produncan.cl\/de\/produkt\/grundstueck-bahia-el-encanto-rupanco-see-seengebiet\/"]}]},{"@type":"ImageObject","inLanguage":"de-DE","@id":"https:\/\/produncan.cl\/de\/produkt\/grundstueck-bahia-el-encanto-rupanco-see-seengebiet\/#primaryimage","url":"https:\/\/produncan.cl\/wp-content\/uploads\/2023\/03\/BAHIA-EL-ENCANTO-VENDIDO.webp","contentUrl":"https:\/\/produncan.cl\/wp-content\/uploads\/2023\/03\/BAHIA-EL-ENCANTO-VENDIDO.webp","width":600,"height":450},{"@type":"BreadcrumbList","@id":"https:\/\/produncan.cl\/de\/produkt\/grundstueck-bahia-el-encanto-rupanco-see-seengebiet\/#breadcrumb","itemListElement":[{"@type":"ListItem","position":1,"name":"Inicio","item":"https:\/\/produncan.cl\/de\/"},{"@type":"ListItem","position":2,"name":"Eigenschaften","item":"https:\/\/produncan.cl\/propiedades\/"},{"@type":"ListItem","position":3,"name":"&#8220;Grundst\u00fcck Bucht El Encanto &#8211; Lago Rupanco, Regi\u00f3n de los Lagos&#8221;"}]},{"@type":"WebSite","@id":"https:\/\/produncan.cl\/de\/#website","url":"https:\/\/produncan.cl\/de\/","name":"Produncan","description":"Wir begleiten Sie bei Ihrem Lebensprojekt!","publisher":{"@id":"https:\/\/produncan.cl\/de\/#organization"},"potentialAction":[{"@type":"SearchAction","target":{"@type":"EntryPoint","urlTemplate":"https:\/\/produncan.cl\/de\/?s={search_term_string}"},"query-input":{"@type":"PropertyValueSpecification","valueRequired":true,"valueName":"search_term_string"}}],"inLanguage":"de-DE"},{"@type":"Organization","@id":"https:\/\/produncan.cl\/de\/#organization","name":"Produncan","url":"https:\/\/produncan.cl\/de\/","logo":{"@type":"ImageObject","inLanguage":"de-DE","@id":"https:\/\/produncan.cl\/de\/#\/schema\/logo\/image\/","url":"https:\/\/produncan.cl\/wp-content\/uploads\/2021\/03\/LOGO.jpeg","contentUrl":"https:\/\/produncan.cl\/wp-content\/uploads\/2021\/03\/LOGO.jpeg","width":1280,"height":903,"caption":"Produncan"},"image":{"@id":"https:\/\/produncan.cl\/de\/#\/schema\/logo\/image\/"},"sameAs":["https:\/\/web.facebook.com\/produncanland","https:\/\/www.instagram.com\/pro_duncan\/","https:\/\/www.linkedin.com\/company\/produncan-lands\/","https:\/\/www.youtube.com\/channel\/UCu7N-f3x0svkazD-Eew1-QQ"],"description":"En Produncan somos especialistas en la venta de terrenos en el sur de Chile. Proveemos estancias, campos, parcelas y hoteles.","email":"info@produncan.cl"}]},"og_video":"https:\/\/www.youtube.com\/embed\/InK3e0K6_dI","og_video_type":"text\/html","og_video_duration":"57","og_video_width":"480","og_video_height":"360","ya_ovs_adult":"false","ya_ovs_upload_date":"2021-02-02T19:55:06+00:00","ya_ovs_allow_embed":"true","product_price_amount":"206100.00","product_price_currency":"USD","og_availability":"out of stock","product_availability":"out of stock","product_condition":"new"},"_links":{"self":[{"href":"https:\/\/produncan.cl\/de\/wp-json\/wp\/v2\/product\/13557","targetHints":{"allow":["GET"]}}],"collection":[{"href":"https:\/\/produncan.cl\/de\/wp-json\/wp\/v2\/product"}],"about":[{"href":"https:\/\/produncan.cl\/de\/wp-json\/wp\/v2\/types\/product"}],"version-history":[{"count":0,"href":"https:\/\/produncan.cl\/de\/wp-json\/wp\/v2\/product\/13557\/revisions"}],"wp:featuredmedia":[{"embeddable":true,"href":"https:\/\/produncan.cl\/de\/wp-json\/wp\/v2\/media\/12203"}],"wp:attachment":[{"href":"https:\/\/produncan.cl\/de\/wp-json\/wp\/v2\/media?parent=13557"}],"wp:term":[{"taxonomy":"product_brand","embeddable":true,"href":"https:\/\/produncan.cl\/de\/wp-json\/wp\/v2\/product_brand?post=13557"},{"taxonomy":"product_cat","embeddable":true,"href":"https:\/\/produncan.cl\/de\/wp-json\/wp\/v2\/product_cat?post=13557"},{"taxonomy":"product_tag","embeddable":true,"href":"https:\/\/produncan.cl\/de\/wp-json\/wp\/v2\/product_tag?post=13557"},{"taxonomy":"regiones","embeddable":true,"href":"https:\/\/produncan.cl\/de\/wp-json\/wp\/v2\/regiones?post=13557"},{"taxonomy":"ciudades","embeddable":true,"href":"https:\/\/produncan.cl\/de\/wp-json\/wp\/v2\/ciudades?post=13557"}],"curies":[{"name":"wp","href":"https:\/\/api.w.org\/{rel}","templated":true}]}}