{"id":13561,"date":"2021-01-01T12:34:44","date_gmt":"2021-01-01T15:34:44","guid":{"rendered":"https:\/\/produncan.cl\/producto\/agroparcelas-panguipulli-r-de-los-rios\/"},"modified":"2026-03-12T13:04:40","modified_gmt":"2026-03-12T16:04:40","slug":"agroparcelas-panguipulli-r-de-los-rios","status":"publish","type":"product","link":"https:\/\/produncan.cl\/de\/produkt\/agroparcelas-panguipulli-r-de-los-rios\/","title":{"rendered":"Agroparcelas Panguipulli &#8211; Regi\u00f3n de los R\u00edos"},"content":{"rendered":"\t\t<div data-elementor-type=\"product-post\" data-elementor-id=\"13561\" class=\"elementor elementor-13561 elementor-12259\" data-elementor-post-type=\"product\">\n\t\t\t\t<div class=\"elementor-element elementor-element-40c70d2 e-flex e-con-boxed e-con e-parent\" data-id=\"40c70d2\" data-element_type=\"container\" data-e-type=\"container\" data-settings=\"{&quot;jet_parallax_layout_list&quot;:[]}\">\n\t\t\t\t\t<div class=\"e-con-inner\">\n\t\t\t\t<div class=\"elementor-element elementor-element-bdc01fe elementor-widget elementor-widget-heading\" data-id=\"bdc01fe\" data-element_type=\"widget\" data-e-type=\"widget\" data-widget_type=\"heading.default\">\n\t\t\t\t\t<h2 class=\"elementor-heading-title elementor-size-default\">Planen Sie Ihr Treffen<\/h2>\t\t\t\t<\/div>\n\t\t\t\t\t<\/div>\n\t\t\t\t<\/div>\n\t\t<div class=\"elementor-element elementor-element-63363cf e-flex e-con-boxed e-con e-parent\" data-id=\"63363cf\" data-element_type=\"container\" data-e-type=\"container\" data-settings=\"{&quot;jet_parallax_layout_list&quot;:[]}\">\n\t\t\t\t\t<div class=\"e-con-inner\">\n\t\t\t\t<div class=\"elementor-element elementor-element-cd8c3c6 elementor-widget elementor-widget-text-editor\" data-id=\"cd8c3c6\" data-element_type=\"widget\" data-e-type=\"widget\" data-widget_type=\"text-editor.default\">\n\t\t\t\t\t\t\t\t\t<p><span style=\"color: var( --e-global-color-text ); font-family: var( --e-global-typography-text-font-family ), Sans-serif; font-weight: var( --e-global-typography-text-font-weight ); text-align: var(--text-align);\">Agroparcelas Panguipulli ist ein Projekt von nur 4 Parzellen von 5000m\u00b2 mit eigenem Grundbuch, das nur 10 Minuten von der Stadt Panguipulli und 7 Minuten vom Panguipulli-See entfernt ist, wo sich das Seebad Playa El Monje befindet, das sch\u00f6ne Aussichten bietet und der perfekte Ort ist, um mit der Familie zu genie\u00dfen.<\/span><\/p><p><span style=\"color: var( --e-global-color-text ); font-family: var( --e-global-typography-text-font-family ), Sans-serif; font-weight: var( --e-global-typography-text-font-weight ); text-align: var(--text-align);\"><br><\/span><\/p>\n<p>Die Grundst\u00fccke haben direkten Zugang zur asphaltierten Stra\u00dfe und zeichnen sich durch weite, flache Wiesen aus, die von sch\u00f6nen einheimischen W\u00e4ldern umgeben sind.<\/p><p><br><\/p>\n<p>Jedes Grundst\u00fcck verf\u00fcgt \u00fcber einen eigenen Stromanschluss, der nur noch bei der Elektrizit\u00e4tsgesellschaft beantragt werden muss.<\/p><p><br><\/p>\n<p>Obwohl sie keinen direkten Zugang zu Wasser haben, ist es m\u00f6glich, es \u00fcber einen Brunnen oder ein Wasserrad zu erhalten. Es ist auch m\u00f6glich, sich beim Nachbarschaftsrat zu registrieren und gemeinsam das APR-Verfahren einzuleiten.<\/p><p><br><\/p>\n<p>Es gibt ein elektrisches Tor an der Einfahrt, eine geschotterte Innenstra\u00dfe in ausgezeichnetem Zustand und einen ausgezeichneten Telefonempfang.<\/p><p><br><\/p>\n<p>Dar\u00fcber hinaus finden Sie in der Region zahlreiche Attraktionen wie hei\u00dfe Quellen, Wanderwege, Reitm\u00f6glichkeiten, Wasserf\u00e4lle und unz\u00e4hlige Outdoor-Aktivit\u00e4ten sowie das gro\u00dfe kulturelle Erbe, das Sie in den Casas Culturales in der Stadt Panguipulli entdecken k\u00f6nnen.<\/p><p><br><\/p>\n<p>NEHMEN SIE KONTAKT MIT UNS AUF, KOMMEN SIE UND LEBEN SIE AN DIESEM SCH\u00d6NEN ORT UND \u00c4NDERN SIE IHREN LEBENSSTIL!<\/p>\t\t\t\t\t\t\t\t<\/div>\n\t\t\t\t\t<\/div>\n\t\t\t\t<\/div>\n\t\t\t\t<\/div>\n\t\t","protected":false},"excerpt":{"rendered":"<p>4 Grundst\u00fccke von 5000m\u00b2 in der N\u00e4he von Panguipulli, Wiesen, Wald, Strom, Wasser.<\/p>\n","protected":false},"featured_media":21313,"template":"","meta":{"_acf_changed":false},"product_brand":[],"product_cat":[104],"product_tag":[],"regiones":[226],"ciudades":[],"class_list":{"0":"post-13561","1":"product","2":"type-product","3":"status-publish","4":"has-post-thumbnail","6":"product_cat-ohiggins-los-lagos","7":"regiones-nuble-los_lagos","9":"first","10":"outofstock","11":"sold-individually","12":"shipping-taxable","13":"product-type-simple"},"acf":[],"yoast_head":"<!-- This site is optimized with the Yoast SEO Premium plugin v26.0 (Yoast SEO v27.4) - https:\/\/yoast.com\/product\/yoast-seo-premium-wordpress\/ -->\n<title>Agroparcelas Panguipulli - Regi\u00f3n de los R\u00edos - Produncan<\/title>\n<meta name=\"description\" content=\"Parcelas Panguipulli ist ein Projekt, das sich 10 Minuten von Panguipulli und 7 Minuten vom Panguipulli-See entfernt befindet, mit sch\u00f6ner Aussicht und ausgezeichneter Lage.\" \/>\n<meta name=\"robots\" content=\"index, follow, max-snippet:-1, max-image-preview:large, max-video-preview:-1\" \/>\n<link rel=\"canonical\" href=\"https:\/\/produncan.cl\/de\/produkt\/agroparcelas-panguipulli-r-de-los-rios\/\" \/>\n<meta property=\"og:locale\" content=\"de_DE\" \/>\n<meta property=\"og:type\" content=\"article\" \/>\n<meta property=\"og:title\" content=\"Agroparcelas Panguipulli - Regi\u00f3n de los R\u00edos\" \/>\n<meta property=\"og:description\" content=\"Parcelas Panguipulli ist ein Projekt, das sich 10 Minuten von Panguipulli und 7 Minuten vom Panguipulli-See entfernt befindet, mit sch\u00f6ner Aussicht und ausgezeichneter Lage.\" \/>\n<meta property=\"og:url\" content=\"https:\/\/produncan.cl\/de\/produkt\/agroparcelas-panguipulli-r-de-los-rios\/\" \/>\n<meta property=\"og:site_name\" content=\"Produncan\" \/>\n<meta property=\"article:publisher\" content=\"https:\/\/web.facebook.com\/produncanland\" \/>\n<meta property=\"article:modified_time\" content=\"2026-03-12T16:04:40+00:00\" \/>\n<meta property=\"og:image\" content=\"https:\/\/produncan.cl\/wp-content\/uploads\/2023\/03\/Panguipulli-Vendido.webp\" \/>\n\t<meta property=\"og:image:width\" content=\"600\" \/>\n\t<meta property=\"og:image:height\" content=\"450\" \/>\n\t<meta property=\"og:image:type\" content=\"image\/webp\" \/>\n<meta name=\"twitter:card\" content=\"summary_large_image\" \/>\n<meta name=\"twitter:label1\" content=\"Price\" \/>\n\t<meta name=\"twitter:data1\" content=\"\" \/>\n\t<meta name=\"twitter:label2\" content=\"Availability\" \/>\n\t<meta name=\"twitter:data2\" content=\"Out of stock\" \/>\n<script type=\"application\/ld+json\" class=\"yoast-schema-graph\">{\"@context\":\"https:\\\/\\\/schema.org\",\"@graph\":[{\"@type\":\"WebPage\",\"@id\":\"https:\\\/\\\/produncan.cl\\\/de\\\/produkt\\\/agroparcelas-panguipulli-r-de-los-rios\\\/\",\"url\":\"https:\\\/\\\/produncan.cl\\\/de\\\/produkt\\\/agroparcelas-panguipulli-r-de-los-rios\\\/\",\"name\":\"Agroparcelas Panguipulli - Regi\u00f3n de los R\u00edos - Produncan\",\"isPartOf\":{\"@id\":\"https:\\\/\\\/produncan.cl\\\/de\\\/#website\"},\"primaryImageOfPage\":{\"@id\":\"https:\\\/\\\/produncan.cl\\\/de\\\/produkt\\\/agroparcelas-panguipulli-r-de-los-rios\\\/#primaryimage\"},\"image\":{\"@id\":\"https:\\\/\\\/produncan.cl\\\/de\\\/produkt\\\/agroparcelas-panguipulli-r-de-los-rios\\\/#primaryimage\"},\"thumbnailUrl\":\"https:\\\/\\\/produncan.cl\\\/wp-content\\\/uploads\\\/2023\\\/03\\\/Panguipulli-Vendido.webp\",\"datePublished\":\"2021-01-01T15:34:44+00:00\",\"dateModified\":\"2026-03-12T16:04:40+00:00\",\"description\":\"Parcelas Panguipulli ist ein Projekt, das sich 10 Minuten von Panguipulli und 7 Minuten vom Panguipulli-See entfernt befindet, mit sch\u00f6ner Aussicht und ausgezeichneter Lage.\",\"breadcrumb\":{\"@id\":\"https:\\\/\\\/produncan.cl\\\/de\\\/produkt\\\/agroparcelas-panguipulli-r-de-los-rios\\\/#breadcrumb\"},\"inLanguage\":\"de-DE\",\"potentialAction\":[{\"@type\":\"ReadAction\",\"target\":[\"https:\\\/\\\/produncan.cl\\\/de\\\/produkt\\\/agroparcelas-panguipulli-r-de-los-rios\\\/\"]}]},{\"@type\":\"ImageObject\",\"inLanguage\":\"de-DE\",\"@id\":\"https:\\\/\\\/produncan.cl\\\/de\\\/produkt\\\/agroparcelas-panguipulli-r-de-los-rios\\\/#primaryimage\",\"url\":\"https:\\\/\\\/produncan.cl\\\/wp-content\\\/uploads\\\/2023\\\/03\\\/Panguipulli-Vendido.webp\",\"contentUrl\":\"https:\\\/\\\/produncan.cl\\\/wp-content\\\/uploads\\\/2023\\\/03\\\/Panguipulli-Vendido.webp\",\"width\":600,\"height\":450},{\"@type\":\"BreadcrumbList\",\"@id\":\"https:\\\/\\\/produncan.cl\\\/de\\\/produkt\\\/agroparcelas-panguipulli-r-de-los-rios\\\/#breadcrumb\",\"itemListElement\":[{\"@type\":\"ListItem\",\"position\":1,\"name\":\"Inicio\",\"item\":\"https:\\\/\\\/produncan.cl\\\/de\\\/\"},{\"@type\":\"ListItem\",\"position\":2,\"name\":\"Eigenschaften\",\"item\":\"https:\\\/\\\/produncan.cl\\\/propiedades\\\/\"},{\"@type\":\"ListItem\",\"position\":3,\"name\":\"Agroparcelas Panguipulli &#8211; Regi\u00f3n de los R\u00edos\"}]},{\"@type\":\"WebSite\",\"@id\":\"https:\\\/\\\/produncan.cl\\\/de\\\/#website\",\"url\":\"https:\\\/\\\/produncan.cl\\\/de\\\/\",\"name\":\"Produncan\",\"description\":\"Wir begleiten Sie bei Ihrem Lebensprojekt!\",\"publisher\":{\"@id\":\"https:\\\/\\\/produncan.cl\\\/de\\\/#organization\"},\"potentialAction\":[{\"@type\":\"SearchAction\",\"target\":{\"@type\":\"EntryPoint\",\"urlTemplate\":\"https:\\\/\\\/produncan.cl\\\/de\\\/?s={search_term_string}\"},\"query-input\":{\"@type\":\"PropertyValueSpecification\",\"valueRequired\":true,\"valueName\":\"search_term_string\"}}],\"inLanguage\":\"de-DE\"},{\"@type\":\"Organization\",\"@id\":\"https:\\\/\\\/produncan.cl\\\/de\\\/#organization\",\"name\":\"Produncan\",\"url\":\"https:\\\/\\\/produncan.cl\\\/de\\\/\",\"logo\":{\"@type\":\"ImageObject\",\"inLanguage\":\"de-DE\",\"@id\":\"https:\\\/\\\/produncan.cl\\\/de\\\/#\\\/schema\\\/logo\\\/image\\\/\",\"url\":\"https:\\\/\\\/produncan.cl\\\/wp-content\\\/uploads\\\/2021\\\/03\\\/LOGO.jpeg\",\"contentUrl\":\"https:\\\/\\\/produncan.cl\\\/wp-content\\\/uploads\\\/2021\\\/03\\\/LOGO.jpeg\",\"width\":1280,\"height\":903,\"caption\":\"Produncan\"},\"image\":{\"@id\":\"https:\\\/\\\/produncan.cl\\\/de\\\/#\\\/schema\\\/logo\\\/image\\\/\"},\"sameAs\":[\"https:\\\/\\\/web.facebook.com\\\/produncanland\",\"https:\\\/\\\/www.instagram.com\\\/pro_duncan\\\/\",\"https:\\\/\\\/www.linkedin.com\\\/company\\\/produncan-lands\\\/\",\"https:\\\/\\\/www.youtube.com\\\/channel\\\/UCu7N-f3x0svkazD-Eew1-QQ\"],\"description\":\"En Produncan somos especialistas en la venta de terrenos en el sur de Chile. Proveemos estancias, campos, parcelas y hoteles.\",\"email\":\"info@produncan.cl\"}]}<\/script>\n<meta property=\"og:video\" content=\"https:\/\/www.youtube.com\/embed\/kQybWFWQML0\" \/>\n<meta property=\"og:video:type\" content=\"text\/html\" \/>\n<meta property=\"og:video:duration\" content=\"89\" \/>\n<meta property=\"og:video:width\" content=\"480\" \/>\n<meta property=\"og:video:height\" content=\"360\" \/>\n<meta property=\"ya:ovs:adult\" content=\"false\" \/>\n<meta property=\"ya:ovs:upload_date\" content=\"2021-01-01T15:34:44+00:00\" \/>\n<meta property=\"ya:ovs:allow_embed\" content=\"true\" \/>\n<meta property=\"product:price:currency\" content=\"USD\" \/>\n<meta property=\"og:availability\" content=\"out of stock\" \/>\n<meta property=\"product:availability\" content=\"out of stock\" \/>\n<meta property=\"product:condition\" content=\"new\" \/>\n<!-- \/ Yoast SEO Premium plugin. -->","yoast_head_json":{"title":"Agroparcelas Panguipulli - Regi\u00f3n de los R\u00edos - Produncan","description":"Parcelas Panguipulli ist ein Projekt, das sich 10 Minuten von Panguipulli und 7 Minuten vom Panguipulli-See entfernt befindet, mit sch\u00f6ner Aussicht und ausgezeichneter Lage.","robots":{"index":"index","follow":"follow","max-snippet":"max-snippet:-1","max-image-preview":"max-image-preview:large","max-video-preview":"max-video-preview:-1"},"canonical":"https:\/\/produncan.cl\/de\/produkt\/agroparcelas-panguipulli-r-de-los-rios\/","og_locale":"de_DE","og_type":"article","og_title":"Agroparcelas Panguipulli - Regi\u00f3n de los R\u00edos","og_description":"Parcelas Panguipulli ist ein Projekt, das sich 10 Minuten von Panguipulli und 7 Minuten vom Panguipulli-See entfernt befindet, mit sch\u00f6ner Aussicht und ausgezeichneter Lage.","og_url":"https:\/\/produncan.cl\/de\/produkt\/agroparcelas-panguipulli-r-de-los-rios\/","og_site_name":"Produncan","article_publisher":"https:\/\/web.facebook.com\/produncanland","article_modified_time":"2026-03-12T16:04:40+00:00","og_image":[{"width":600,"height":450,"url":"https:\/\/produncan.cl\/wp-content\/uploads\/2023\/03\/Panguipulli-Vendido.webp","type":"image\/webp"}],"twitter_card":"summary_large_image","twitter_misc":{"Price":"","Availability":"Out of stock"},"schema":{"@context":"https:\/\/schema.org","@graph":[{"@type":"WebPage","@id":"https:\/\/produncan.cl\/de\/produkt\/agroparcelas-panguipulli-r-de-los-rios\/","url":"https:\/\/produncan.cl\/de\/produkt\/agroparcelas-panguipulli-r-de-los-rios\/","name":"Agroparcelas Panguipulli - Regi\u00f3n de los R\u00edos - Produncan","isPartOf":{"@id":"https:\/\/produncan.cl\/de\/#website"},"primaryImageOfPage":{"@id":"https:\/\/produncan.cl\/de\/produkt\/agroparcelas-panguipulli-r-de-los-rios\/#primaryimage"},"image":{"@id":"https:\/\/produncan.cl\/de\/produkt\/agroparcelas-panguipulli-r-de-los-rios\/#primaryimage"},"thumbnailUrl":"https:\/\/produncan.cl\/wp-content\/uploads\/2023\/03\/Panguipulli-Vendido.webp","datePublished":"2021-01-01T15:34:44+00:00","dateModified":"2026-03-12T16:04:40+00:00","description":"Parcelas Panguipulli ist ein Projekt, das sich 10 Minuten von Panguipulli und 7 Minuten vom Panguipulli-See entfernt befindet, mit sch\u00f6ner Aussicht und ausgezeichneter Lage.","breadcrumb":{"@id":"https:\/\/produncan.cl\/de\/produkt\/agroparcelas-panguipulli-r-de-los-rios\/#breadcrumb"},"inLanguage":"de-DE","potentialAction":[{"@type":"ReadAction","target":["https:\/\/produncan.cl\/de\/produkt\/agroparcelas-panguipulli-r-de-los-rios\/"]}]},{"@type":"ImageObject","inLanguage":"de-DE","@id":"https:\/\/produncan.cl\/de\/produkt\/agroparcelas-panguipulli-r-de-los-rios\/#primaryimage","url":"https:\/\/produncan.cl\/wp-content\/uploads\/2023\/03\/Panguipulli-Vendido.webp","contentUrl":"https:\/\/produncan.cl\/wp-content\/uploads\/2023\/03\/Panguipulli-Vendido.webp","width":600,"height":450},{"@type":"BreadcrumbList","@id":"https:\/\/produncan.cl\/de\/produkt\/agroparcelas-panguipulli-r-de-los-rios\/#breadcrumb","itemListElement":[{"@type":"ListItem","position":1,"name":"Inicio","item":"https:\/\/produncan.cl\/de\/"},{"@type":"ListItem","position":2,"name":"Eigenschaften","item":"https:\/\/produncan.cl\/propiedades\/"},{"@type":"ListItem","position":3,"name":"Agroparcelas Panguipulli &#8211; Regi\u00f3n de los R\u00edos"}]},{"@type":"WebSite","@id":"https:\/\/produncan.cl\/de\/#website","url":"https:\/\/produncan.cl\/de\/","name":"Produncan","description":"Wir begleiten Sie bei Ihrem Lebensprojekt!","publisher":{"@id":"https:\/\/produncan.cl\/de\/#organization"},"potentialAction":[{"@type":"SearchAction","target":{"@type":"EntryPoint","urlTemplate":"https:\/\/produncan.cl\/de\/?s={search_term_string}"},"query-input":{"@type":"PropertyValueSpecification","valueRequired":true,"valueName":"search_term_string"}}],"inLanguage":"de-DE"},{"@type":"Organization","@id":"https:\/\/produncan.cl\/de\/#organization","name":"Produncan","url":"https:\/\/produncan.cl\/de\/","logo":{"@type":"ImageObject","inLanguage":"de-DE","@id":"https:\/\/produncan.cl\/de\/#\/schema\/logo\/image\/","url":"https:\/\/produncan.cl\/wp-content\/uploads\/2021\/03\/LOGO.jpeg","contentUrl":"https:\/\/produncan.cl\/wp-content\/uploads\/2021\/03\/LOGO.jpeg","width":1280,"height":903,"caption":"Produncan"},"image":{"@id":"https:\/\/produncan.cl\/de\/#\/schema\/logo\/image\/"},"sameAs":["https:\/\/web.facebook.com\/produncanland","https:\/\/www.instagram.com\/pro_duncan\/","https:\/\/www.linkedin.com\/company\/produncan-lands\/","https:\/\/www.youtube.com\/channel\/UCu7N-f3x0svkazD-Eew1-QQ"],"description":"En Produncan somos especialistas en la venta de terrenos en el sur de Chile. Proveemos estancias, campos, parcelas y hoteles.","email":"info@produncan.cl"}]},"og_video":"https:\/\/www.youtube.com\/embed\/kQybWFWQML0","og_video_type":"text\/html","og_video_duration":"89","og_video_width":"480","og_video_height":"360","ya_ovs_adult":"false","ya_ovs_upload_date":"2021-01-01T15:34:44+00:00","ya_ovs_allow_embed":"true","product_price_currency":"USD","og_availability":"out of stock","product_availability":"out of stock","product_condition":"new"},"_links":{"self":[{"href":"https:\/\/produncan.cl\/de\/wp-json\/wp\/v2\/product\/13561","targetHints":{"allow":["GET"]}}],"collection":[{"href":"https:\/\/produncan.cl\/de\/wp-json\/wp\/v2\/product"}],"about":[{"href":"https:\/\/produncan.cl\/de\/wp-json\/wp\/v2\/types\/product"}],"version-history":[{"count":1,"href":"https:\/\/produncan.cl\/de\/wp-json\/wp\/v2\/product\/13561\/revisions"}],"predecessor-version":[{"id":54896,"href":"https:\/\/produncan.cl\/de\/wp-json\/wp\/v2\/product\/13561\/revisions\/54896"}],"wp:featuredmedia":[{"embeddable":true,"href":"https:\/\/produncan.cl\/de\/wp-json\/wp\/v2\/media\/21313"}],"wp:attachment":[{"href":"https:\/\/produncan.cl\/de\/wp-json\/wp\/v2\/media?parent=13561"}],"wp:term":[{"taxonomy":"product_brand","embeddable":true,"href":"https:\/\/produncan.cl\/de\/wp-json\/wp\/v2\/product_brand?post=13561"},{"taxonomy":"product_cat","embeddable":true,"href":"https:\/\/produncan.cl\/de\/wp-json\/wp\/v2\/product_cat?post=13561"},{"taxonomy":"product_tag","embeddable":true,"href":"https:\/\/produncan.cl\/de\/wp-json\/wp\/v2\/product_tag?post=13561"},{"taxonomy":"regiones","embeddable":true,"href":"https:\/\/produncan.cl\/de\/wp-json\/wp\/v2\/regiones?post=13561"},{"taxonomy":"ciudades","embeddable":true,"href":"https:\/\/produncan.cl\/de\/wp-json\/wp\/v2\/ciudades?post=13561"}],"curies":[{"name":"wp","href":"https:\/\/api.w.org\/{rel}","templated":true}]}}