{"id":13563,"date":"2021-12-18T18:20:54","date_gmt":"2021-12-18T21:20:54","guid":{"rendered":"https:\/\/produncan.cl\/producto\/parcela-rio-petrohue-puerto-varas-region-los-lagos\/"},"modified":"2025-08-14T16:20:20","modified_gmt":"2025-08-14T20:20:20","slug":"parcela-rio-petrohue-puerto-varas-region-los-lagos","status":"publish","type":"product","link":"https:\/\/produncan.cl\/de\/produkt\/parcela-rio-petrohue-puerto-varas-region-los-lagos\/","title":{"rendered":"Parzelle Fluss Petrohu\u00e9 &#8211; Puerto Varas, Region Los Lagos"},"content":{"rendered":"\t\t<div data-elementor-type=\"product-post\" data-elementor-id=\"13563\" class=\"elementor elementor-13563 elementor-12336\" data-elementor-post-type=\"product\">\n\t\t\t\t<div class=\"elementor-element elementor-element-3a16324 e-flex e-con-boxed e-con e-parent\" data-id=\"3a16324\" data-element_type=\"container\" data-e-type=\"container\" data-settings=\"{&quot;jet_parallax_layout_list&quot;:[]}\">\n\t\t\t\t\t<div class=\"e-con-inner\">\n\t\t\t\t<div class=\"elementor-element elementor-element-87daa91 elementor-widget elementor-widget-heading\" data-id=\"87daa91\" data-element_type=\"widget\" data-e-type=\"widget\" data-widget_type=\"heading.default\">\n\t\t\t\t\t<h2 class=\"elementor-heading-title elementor-size-default\">Ein Traumgrundst\u00fcck mit 35 m Ufer des Petrohu\u00e9-Flusses!<\/h2>\t\t\t\t<\/div>\n\t\t\t\t\t<\/div>\n\t\t\t\t<\/div>\n\t\t<div class=\"elementor-element elementor-element-19b4cb5 e-flex e-con-boxed e-con e-parent\" data-id=\"19b4cb5\" data-element_type=\"container\" data-e-type=\"container\" data-settings=\"{&quot;jet_parallax_layout_list&quot;:[]}\">\n\t\t\t\t\t<div class=\"e-con-inner\">\n\t\t\t\t<div class=\"elementor-element elementor-element-d80632f elementor-widget elementor-widget-text-editor\" data-id=\"d80632f\" data-element_type=\"widget\" data-e-type=\"widget\" data-widget_type=\"text-editor.default\">\n\t\t\t\t\t\t\t\t\t<p>Wir laden Sie ein, dieses spektakul\u00e4re Grundst\u00fcck von 6143 m\u00b2 mit 35 m Ufer des Flusses Petrohu\u00e9 zu besichtigen, einem der beliebtesten Orte f\u00fcr Sportfischen und Kajakfahren in der Welt.<span style=\"color: var( --e-global-color-text ); font-family: var( --e-global-typography-text-font-family ), Sans-serif; font-weight: var( --e-global-typography-text-font-weight ); text-align: var(--text-align); font-size: 1rem;\"> <\/span><\/p><p>Das Anwesen liegt in einem majest\u00e4tischen Urwald, umgeben von Bergen, mit herrlicher Aussicht und nur 59 km von Puerto Varas entfernt.<span style=\"color: var( --e-global-color-text ); font-family: var( --e-global-typography-text-font-family ), Sans-serif; font-weight: var( --e-global-typography-text-font-weight ); text-align: var(--text-align); font-size: 1rem;\"> <\/span><\/p><p>Das Gel\u00e4nde ist durch ein elektrisches Tor zug\u00e4nglich und befindet sich in einem einzigartigen Projekt mit Grillplatz, Wanderwegen, Aussichtspunkten, Picknickplatz, Bootsanleger und Kinderspielplatz.<span style=\"color: var( --e-global-color-text ); font-family: var( --e-global-typography-text-font-family ), Sans-serif; font-weight: var( --e-global-typography-text-font-weight ); text-align: var(--text-align); font-size: 1rem;\"> <\/span><\/p><p>Man erreicht den Ort \u00fcber eine 59 Kilometer lange asphaltierte Stra\u00dfe von Puerto Varas \u00fcber Ensenada in Richtung Ral\u00fan. Der Zugang erfolgt dann \u00fcber eine 1,4 km lange Schotterstra\u00dfe.<\/p><p>Das Grundst\u00fcck hat keinen Stromanschluss, kann aber mit Solarzellen versorgt werden. Es soll ein Brunnen gebaut werden, um die Grundst\u00fccke mit Wasser zu versorgen, wenn ein Ausschuss mit den Nachbarn gebildet wird.<span style=\"color: var( --e-global-color-text ); font-family: var( --e-global-typography-text-font-family ), Sans-serif; font-weight: var( --e-global-typography-text-font-weight ); text-align: var(--text-align); font-size: 1rem;\"> <\/span><\/p><p>Kurzfristig k\u00f6nnen Sie jedoch das Regenwasser in Ihren eigenen Teichen sammeln und sich so problemlos selbst versorgen.<\/p><p>In der N\u00e4he k\u00f6nnen Sie unter anderem Ensenada, die hei\u00dfen Quellen von Ral\u00fan, die Petrohu\u00e9-Wasserf\u00e4lle, das Vulkanskizentrum Osorno, die Reloncav\u00ed-M\u00fcndung und Termas del Sol besuchen.<\/p><p>KONTAKTIEREN SIE UNS UND FORDERN SIE WEITERE INFORMATIONEN AN, UM MEHR \u00dcBER DIESE GROSSARTIGE GELEGENHEIT ZU ERFAHREN!<\/p>\t\t\t\t\t\t\t\t<\/div>\n\t\t\t\t\t<\/div>\n\t\t\t\t<\/div>\n\t\t\t\t<\/div>\n\t\t","protected":false},"excerpt":{"rendered":"<p>Grundst\u00fcck in Puerto Varas mit 35 Metern Uferlinie am Fluss Petrohu\u00e9. Eingebettet in einen nat\u00fcrlichen Wald. Elektrisches Tor, Gemeinschaftsbereiche, Grillplatz, Bootsrampe und aktive Nachbarschaft. Direkter Zugang von einer asphaltierten Stra\u00dfe.   <\/p>\n","protected":false},"featured_media":26093,"template":"","meta":{"_acf_changed":false},"product_brand":[],"product_cat":[104],"product_tag":[232,231],"regiones":[226],"ciudades":[218,219],"class_list":{"0":"post-13563","1":"product","2":"type-product","3":"status-publish","4":"has-post-thumbnail","6":"product_cat-ohiggins-los-lagos","7":"product_tag-grundstuecke","8":"product_tag-touristische-immobilien","9":"regiones-nuble-los_lagos","10":"ciudades-puerto-montt","11":"ciudades-puerto-varas","13":"first","14":"instock","15":"sold-individually","16":"shipping-taxable","17":"purchasable","18":"product-type-simple"},"acf":[],"yoast_head":"<!-- This site is optimized with the Yoast SEO Premium plugin v26.0 (Yoast SEO v27.4) - https:\/\/yoast.com\/product\/yoast-seo-premium-wordpress\/ -->\n<title>Parzelle Fluss Petrohu\u00e9<\/title>\n<meta name=\"description\" content=\"Wir laden Sie ein, ein 6143 m\u00b2 gro\u00dfes Grundst\u00fcck mit einem 35 m langen Ufer am Fluss Petrohu\u00e9 zu besichtigen, einem der beliebtesten Fl\u00fcsse der Welt f\u00fcr Sportfischer und Kajakfahrer.\" \/>\n<meta name=\"robots\" content=\"index, follow, max-snippet:-1, max-image-preview:large, max-video-preview:-1\" \/>\n<link rel=\"canonical\" href=\"https:\/\/produncan.cl\/de\/produkt\/parcela-rio-petrohue-puerto-varas-region-los-lagos\/\" \/>\n<meta property=\"og:locale\" content=\"de_DE\" \/>\n<meta property=\"og:type\" content=\"article\" \/>\n<meta property=\"og:title\" content=\"Parzelle Fluss Petrohu\u00e9 - Puerto Varas, Region Los Lagos\" \/>\n<meta property=\"og:description\" content=\"Wir laden Sie ein, ein 6143 m\u00b2 gro\u00dfes Grundst\u00fcck mit einem 35 m langen Ufer am Fluss Petrohu\u00e9 zu besichtigen, einem der beliebtesten Fl\u00fcsse der Welt f\u00fcr Sportfischer und Kajakfahrer.\" \/>\n<meta property=\"og:url\" content=\"https:\/\/produncan.cl\/de\/produkt\/parcela-rio-petrohue-puerto-varas-region-los-lagos\/\" \/>\n<meta property=\"og:site_name\" content=\"Produncan\" \/>\n<meta property=\"article:publisher\" content=\"https:\/\/web.facebook.com\/produncanland\" \/>\n<meta property=\"article:modified_time\" content=\"2025-08-14T20:20:20+00:00\" \/>\n<meta property=\"og:image\" content=\"https:\/\/produncan.cl\/wp-content\/uploads\/2023\/04\/Presentacion-Parcela-Rio-Petrohue-Puerto-Varas.webp\" \/>\n\t<meta property=\"og:image:width\" content=\"600\" \/>\n\t<meta property=\"og:image:height\" content=\"450\" \/>\n\t<meta property=\"og:image:type\" content=\"image\/webp\" \/>\n<meta name=\"twitter:card\" content=\"summary_large_image\" \/>\n<meta name=\"twitter:label1\" content=\"Price\" \/>\n\t<meta name=\"twitter:data1\" content=\"USD76.400,00\" \/>\n\t<meta name=\"twitter:label2\" content=\"Availability\" \/>\n\t<meta name=\"twitter:data2\" content=\"In stock\" \/>\n<script type=\"application\/ld+json\" class=\"yoast-schema-graph\">{\"@context\":\"https:\\\/\\\/schema.org\",\"@graph\":[{\"@type\":\"WebPage\",\"@id\":\"https:\\\/\\\/produncan.cl\\\/de\\\/produkt\\\/parcela-rio-petrohue-puerto-varas-region-los-lagos\\\/\",\"url\":\"https:\\\/\\\/produncan.cl\\\/de\\\/produkt\\\/parcela-rio-petrohue-puerto-varas-region-los-lagos\\\/\",\"name\":\"Parzelle Fluss Petrohu\u00e9\",\"isPartOf\":{\"@id\":\"https:\\\/\\\/produncan.cl\\\/de\\\/#website\"},\"primaryImageOfPage\":{\"@id\":\"https:\\\/\\\/produncan.cl\\\/de\\\/produkt\\\/parcela-rio-petrohue-puerto-varas-region-los-lagos\\\/#primaryimage\"},\"image\":{\"@id\":\"https:\\\/\\\/produncan.cl\\\/de\\\/produkt\\\/parcela-rio-petrohue-puerto-varas-region-los-lagos\\\/#primaryimage\"},\"thumbnailUrl\":\"https:\\\/\\\/produncan.cl\\\/wp-content\\\/uploads\\\/2023\\\/04\\\/Presentacion-Parcela-Rio-Petrohue-Puerto-Varas.webp\",\"datePublished\":\"2021-12-18T21:20:54+00:00\",\"dateModified\":\"2025-08-14T20:20:20+00:00\",\"description\":\"Wir laden Sie ein, ein 6143 m\u00b2 gro\u00dfes Grundst\u00fcck mit einem 35 m langen Ufer am Fluss Petrohu\u00e9 zu besichtigen, einem der beliebtesten Fl\u00fcsse der Welt f\u00fcr Sportfischer und Kajakfahrer.\",\"breadcrumb\":{\"@id\":\"https:\\\/\\\/produncan.cl\\\/de\\\/produkt\\\/parcela-rio-petrohue-puerto-varas-region-los-lagos\\\/#breadcrumb\"},\"inLanguage\":\"de-DE\",\"potentialAction\":[{\"@type\":\"ReadAction\",\"target\":[\"https:\\\/\\\/produncan.cl\\\/de\\\/produkt\\\/parcela-rio-petrohue-puerto-varas-region-los-lagos\\\/\"]}]},{\"@type\":\"ImageObject\",\"inLanguage\":\"de-DE\",\"@id\":\"https:\\\/\\\/produncan.cl\\\/de\\\/produkt\\\/parcela-rio-petrohue-puerto-varas-region-los-lagos\\\/#primaryimage\",\"url\":\"https:\\\/\\\/produncan.cl\\\/wp-content\\\/uploads\\\/2023\\\/04\\\/Presentacion-Parcela-Rio-Petrohue-Puerto-Varas.webp\",\"contentUrl\":\"https:\\\/\\\/produncan.cl\\\/wp-content\\\/uploads\\\/2023\\\/04\\\/Presentacion-Parcela-Rio-Petrohue-Puerto-Varas.webp\",\"width\":600,\"height\":450},{\"@type\":\"BreadcrumbList\",\"@id\":\"https:\\\/\\\/produncan.cl\\\/de\\\/produkt\\\/parcela-rio-petrohue-puerto-varas-region-los-lagos\\\/#breadcrumb\",\"itemListElement\":[{\"@type\":\"ListItem\",\"position\":1,\"name\":\"Inicio\",\"item\":\"https:\\\/\\\/produncan.cl\\\/de\\\/\"},{\"@type\":\"ListItem\",\"position\":2,\"name\":\"Eigenschaften\",\"item\":\"https:\\\/\\\/produncan.cl\\\/propiedades\\\/\"},{\"@type\":\"ListItem\",\"position\":3,\"name\":\"Grundst\u00fccke\",\"item\":\"https:\\\/\\\/produncan.cl\\\/de\\\/kategorie\\\/grundstuecke\\\/\"},{\"@type\":\"ListItem\",\"position\":4,\"name\":\"Parzelle Fluss Petrohu\u00e9 &#8211; Puerto Varas, Region Los Lagos\"}]},{\"@type\":\"WebSite\",\"@id\":\"https:\\\/\\\/produncan.cl\\\/de\\\/#website\",\"url\":\"https:\\\/\\\/produncan.cl\\\/de\\\/\",\"name\":\"Produncan\",\"description\":\"Wir begleiten Sie bei Ihrem Lebensprojekt!\",\"publisher\":{\"@id\":\"https:\\\/\\\/produncan.cl\\\/de\\\/#organization\"},\"potentialAction\":[{\"@type\":\"SearchAction\",\"target\":{\"@type\":\"EntryPoint\",\"urlTemplate\":\"https:\\\/\\\/produncan.cl\\\/de\\\/?s={search_term_string}\"},\"query-input\":{\"@type\":\"PropertyValueSpecification\",\"valueRequired\":true,\"valueName\":\"search_term_string\"}}],\"inLanguage\":\"de-DE\"},{\"@type\":\"Organization\",\"@id\":\"https:\\\/\\\/produncan.cl\\\/de\\\/#organization\",\"name\":\"Produncan\",\"url\":\"https:\\\/\\\/produncan.cl\\\/de\\\/\",\"logo\":{\"@type\":\"ImageObject\",\"inLanguage\":\"de-DE\",\"@id\":\"https:\\\/\\\/produncan.cl\\\/de\\\/#\\\/schema\\\/logo\\\/image\\\/\",\"url\":\"https:\\\/\\\/produncan.cl\\\/wp-content\\\/uploads\\\/2021\\\/03\\\/LOGO.jpeg\",\"contentUrl\":\"https:\\\/\\\/produncan.cl\\\/wp-content\\\/uploads\\\/2021\\\/03\\\/LOGO.jpeg\",\"width\":1280,\"height\":903,\"caption\":\"Produncan\"},\"image\":{\"@id\":\"https:\\\/\\\/produncan.cl\\\/de\\\/#\\\/schema\\\/logo\\\/image\\\/\"},\"sameAs\":[\"https:\\\/\\\/web.facebook.com\\\/produncanland\",\"https:\\\/\\\/www.instagram.com\\\/pro_duncan\\\/\",\"https:\\\/\\\/www.linkedin.com\\\/company\\\/produncan-lands\\\/\",\"https:\\\/\\\/www.youtube.com\\\/channel\\\/UCu7N-f3x0svkazD-Eew1-QQ\"],\"description\":\"En Produncan somos especialistas en la venta de terrenos en el sur de Chile. Proveemos estancias, campos, parcelas y hoteles.\",\"email\":\"info@produncan.cl\"}]}<\/script>\n<meta property=\"og:video\" content=\"https:\/\/www.youtube.com\/embed\/icKsXs8Kdf4\" \/>\n<meta property=\"og:video:type\" content=\"text\/html\" \/>\n<meta property=\"og:video:duration\" content=\"55\" \/>\n<meta property=\"og:video:width\" content=\"480\" \/>\n<meta property=\"og:video:height\" content=\"360\" \/>\n<meta property=\"ya:ovs:adult\" content=\"false\" \/>\n<meta property=\"ya:ovs:upload_date\" content=\"2021-12-18T21:20:54+00:00\" \/>\n<meta property=\"ya:ovs:allow_embed\" content=\"true\" \/>\n<meta property=\"product:price:amount\" content=\"76400.00\" \/>\n<meta property=\"product:price:currency\" content=\"USD\" \/>\n<meta property=\"og:availability\" content=\"instock\" \/>\n<meta property=\"product:availability\" content=\"instock\" \/>\n<meta property=\"product:condition\" content=\"new\" \/>\n<!-- \/ Yoast SEO Premium plugin. -->","yoast_head_json":{"title":"Parzelle Fluss Petrohu\u00e9","description":"Wir laden Sie ein, ein 6143 m\u00b2 gro\u00dfes Grundst\u00fcck mit einem 35 m langen Ufer am Fluss Petrohu\u00e9 zu besichtigen, einem der beliebtesten Fl\u00fcsse der Welt f\u00fcr Sportfischer und Kajakfahrer.","robots":{"index":"index","follow":"follow","max-snippet":"max-snippet:-1","max-image-preview":"max-image-preview:large","max-video-preview":"max-video-preview:-1"},"canonical":"https:\/\/produncan.cl\/de\/produkt\/parcela-rio-petrohue-puerto-varas-region-los-lagos\/","og_locale":"de_DE","og_type":"article","og_title":"Parzelle Fluss Petrohu\u00e9 - Puerto Varas, Region Los Lagos","og_description":"Wir laden Sie ein, ein 6143 m\u00b2 gro\u00dfes Grundst\u00fcck mit einem 35 m langen Ufer am Fluss Petrohu\u00e9 zu besichtigen, einem der beliebtesten Fl\u00fcsse der Welt f\u00fcr Sportfischer und Kajakfahrer.","og_url":"https:\/\/produncan.cl\/de\/produkt\/parcela-rio-petrohue-puerto-varas-region-los-lagos\/","og_site_name":"Produncan","article_publisher":"https:\/\/web.facebook.com\/produncanland","article_modified_time":"2025-08-14T20:20:20+00:00","og_image":[{"width":600,"height":450,"url":"https:\/\/produncan.cl\/wp-content\/uploads\/2023\/04\/Presentacion-Parcela-Rio-Petrohue-Puerto-Varas.webp","type":"image\/webp"}],"twitter_card":"summary_large_image","twitter_misc":{"Price":"USD76.400,00","Availability":"In stock"},"schema":{"@context":"https:\/\/schema.org","@graph":[{"@type":"WebPage","@id":"https:\/\/produncan.cl\/de\/produkt\/parcela-rio-petrohue-puerto-varas-region-los-lagos\/","url":"https:\/\/produncan.cl\/de\/produkt\/parcela-rio-petrohue-puerto-varas-region-los-lagos\/","name":"Parzelle Fluss Petrohu\u00e9","isPartOf":{"@id":"https:\/\/produncan.cl\/de\/#website"},"primaryImageOfPage":{"@id":"https:\/\/produncan.cl\/de\/produkt\/parcela-rio-petrohue-puerto-varas-region-los-lagos\/#primaryimage"},"image":{"@id":"https:\/\/produncan.cl\/de\/produkt\/parcela-rio-petrohue-puerto-varas-region-los-lagos\/#primaryimage"},"thumbnailUrl":"https:\/\/produncan.cl\/wp-content\/uploads\/2023\/04\/Presentacion-Parcela-Rio-Petrohue-Puerto-Varas.webp","datePublished":"2021-12-18T21:20:54+00:00","dateModified":"2025-08-14T20:20:20+00:00","description":"Wir laden Sie ein, ein 6143 m\u00b2 gro\u00dfes Grundst\u00fcck mit einem 35 m langen Ufer am Fluss Petrohu\u00e9 zu besichtigen, einem der beliebtesten Fl\u00fcsse der Welt f\u00fcr Sportfischer und Kajakfahrer.","breadcrumb":{"@id":"https:\/\/produncan.cl\/de\/produkt\/parcela-rio-petrohue-puerto-varas-region-los-lagos\/#breadcrumb"},"inLanguage":"de-DE","potentialAction":[{"@type":"ReadAction","target":["https:\/\/produncan.cl\/de\/produkt\/parcela-rio-petrohue-puerto-varas-region-los-lagos\/"]}]},{"@type":"ImageObject","inLanguage":"de-DE","@id":"https:\/\/produncan.cl\/de\/produkt\/parcela-rio-petrohue-puerto-varas-region-los-lagos\/#primaryimage","url":"https:\/\/produncan.cl\/wp-content\/uploads\/2023\/04\/Presentacion-Parcela-Rio-Petrohue-Puerto-Varas.webp","contentUrl":"https:\/\/produncan.cl\/wp-content\/uploads\/2023\/04\/Presentacion-Parcela-Rio-Petrohue-Puerto-Varas.webp","width":600,"height":450},{"@type":"BreadcrumbList","@id":"https:\/\/produncan.cl\/de\/produkt\/parcela-rio-petrohue-puerto-varas-region-los-lagos\/#breadcrumb","itemListElement":[{"@type":"ListItem","position":1,"name":"Inicio","item":"https:\/\/produncan.cl\/de\/"},{"@type":"ListItem","position":2,"name":"Eigenschaften","item":"https:\/\/produncan.cl\/propiedades\/"},{"@type":"ListItem","position":3,"name":"Grundst\u00fccke","item":"https:\/\/produncan.cl\/de\/kategorie\/grundstuecke\/"},{"@type":"ListItem","position":4,"name":"Parzelle Fluss Petrohu\u00e9 &#8211; Puerto Varas, Region Los Lagos"}]},{"@type":"WebSite","@id":"https:\/\/produncan.cl\/de\/#website","url":"https:\/\/produncan.cl\/de\/","name":"Produncan","description":"Wir begleiten Sie bei Ihrem Lebensprojekt!","publisher":{"@id":"https:\/\/produncan.cl\/de\/#organization"},"potentialAction":[{"@type":"SearchAction","target":{"@type":"EntryPoint","urlTemplate":"https:\/\/produncan.cl\/de\/?s={search_term_string}"},"query-input":{"@type":"PropertyValueSpecification","valueRequired":true,"valueName":"search_term_string"}}],"inLanguage":"de-DE"},{"@type":"Organization","@id":"https:\/\/produncan.cl\/de\/#organization","name":"Produncan","url":"https:\/\/produncan.cl\/de\/","logo":{"@type":"ImageObject","inLanguage":"de-DE","@id":"https:\/\/produncan.cl\/de\/#\/schema\/logo\/image\/","url":"https:\/\/produncan.cl\/wp-content\/uploads\/2021\/03\/LOGO.jpeg","contentUrl":"https:\/\/produncan.cl\/wp-content\/uploads\/2021\/03\/LOGO.jpeg","width":1280,"height":903,"caption":"Produncan"},"image":{"@id":"https:\/\/produncan.cl\/de\/#\/schema\/logo\/image\/"},"sameAs":["https:\/\/web.facebook.com\/produncanland","https:\/\/www.instagram.com\/pro_duncan\/","https:\/\/www.linkedin.com\/company\/produncan-lands\/","https:\/\/www.youtube.com\/channel\/UCu7N-f3x0svkazD-Eew1-QQ"],"description":"En Produncan somos especialistas en la venta de terrenos en el sur de Chile. Proveemos estancias, campos, parcelas y hoteles.","email":"info@produncan.cl"}]},"og_video":"https:\/\/www.youtube.com\/embed\/icKsXs8Kdf4","og_video_type":"text\/html","og_video_duration":"55","og_video_width":"480","og_video_height":"360","ya_ovs_adult":"false","ya_ovs_upload_date":"2021-12-18T21:20:54+00:00","ya_ovs_allow_embed":"true","product_price_amount":"76400.00","product_price_currency":"USD","og_availability":"instock","product_availability":"instock","product_condition":"new"},"_links":{"self":[{"href":"https:\/\/produncan.cl\/de\/wp-json\/wp\/v2\/product\/13563","targetHints":{"allow":["GET"]}}],"collection":[{"href":"https:\/\/produncan.cl\/de\/wp-json\/wp\/v2\/product"}],"about":[{"href":"https:\/\/produncan.cl\/de\/wp-json\/wp\/v2\/types\/product"}],"version-history":[{"count":0,"href":"https:\/\/produncan.cl\/de\/wp-json\/wp\/v2\/product\/13563\/revisions"}],"wp:featuredmedia":[{"embeddable":true,"href":"https:\/\/produncan.cl\/de\/wp-json\/wp\/v2\/media\/26093"}],"wp:attachment":[{"href":"https:\/\/produncan.cl\/de\/wp-json\/wp\/v2\/media?parent=13563"}],"wp:term":[{"taxonomy":"product_brand","embeddable":true,"href":"https:\/\/produncan.cl\/de\/wp-json\/wp\/v2\/product_brand?post=13563"},{"taxonomy":"product_cat","embeddable":true,"href":"https:\/\/produncan.cl\/de\/wp-json\/wp\/v2\/product_cat?post=13563"},{"taxonomy":"product_tag","embeddable":true,"href":"https:\/\/produncan.cl\/de\/wp-json\/wp\/v2\/product_tag?post=13563"},{"taxonomy":"regiones","embeddable":true,"href":"https:\/\/produncan.cl\/de\/wp-json\/wp\/v2\/regiones?post=13563"},{"taxonomy":"ciudades","embeddable":true,"href":"https:\/\/produncan.cl\/de\/wp-json\/wp\/v2\/ciudades?post=13563"}],"curies":[{"name":"wp","href":"https:\/\/api.w.org\/{rel}","templated":true}]}}