{"id":13567,"date":"2022-01-27T12:08:30","date_gmt":"2022-01-27T15:08:30","guid":{"rendered":"https:\/\/produncan.cl\/producto\/buero-la-dehesa-lo-barnechea\/"},"modified":"2025-08-02T11:06:35","modified_gmt":"2025-08-02T15:06:35","slug":"buero-la-dehesa-lo-barnechea","status":"publish","type":"product","link":"https:\/\/produncan.cl\/de\/produkt\/buero-la-dehesa-lo-barnechea\/","title":{"rendered":"B\u00fcro La Dehesa &#8211; Lo Barnechea"},"content":{"rendered":"\t\t<div data-elementor-type=\"product-post\" data-elementor-id=\"13567\" class=\"elementor elementor-13567 elementor-12992\" data-elementor-post-type=\"product\">\n\t\t\t\t<div class=\"elementor-element elementor-element-db3b5a7 e-flex e-con-boxed e-con e-parent\" data-id=\"db3b5a7\" data-element_type=\"container\" data-e-type=\"container\" data-settings=\"{&quot;jet_parallax_layout_list&quot;:[]}\">\n\t\t\t\t\t<div class=\"e-con-inner\">\n\t\t\t\t<div class=\"elementor-element elementor-element-f2127c3 elementor-widget elementor-widget-heading\" data-id=\"f2127c3\" data-element_type=\"widget\" data-e-type=\"widget\" data-widget_type=\"heading.default\">\n\t\t\t\t\t<h2 class=\"elementor-heading-title elementor-size-default\">Ein hochkar\u00e4tiges, einladendes und modernes B\u00fcro, in dem Sie gerne arbeiten werden!<\/h2>\t\t\t\t<\/div>\n\t\t\t\t\t<\/div>\n\t\t\t\t<\/div>\n\t\t<div class=\"elementor-element elementor-element-954e082 e-flex e-con-boxed e-con e-parent\" data-id=\"954e082\" data-element_type=\"container\" data-e-type=\"container\" data-settings=\"{&quot;jet_parallax_layout_list&quot;:[]}\">\n\t\t\t\t\t<div class=\"e-con-inner\">\n\t\t\t\t<div class=\"elementor-element elementor-element-46d9314 elementor-widget elementor-widget-text-editor\" data-id=\"46d9314\" data-element_type=\"widget\" data-e-type=\"widget\" data-widget_type=\"text-editor.default\">\n\t\t\t\t\t\t\t\t\t<p>Wir laden Sie ein, dieses spektakul\u00e4re 124,79 m\u00b2 gro\u00dfe, voll eingerichtete B\u00fcro in La Dehesa, Lo Barnechea, zu besichtigen.<\/p>\n<p>Das Geb\u00e4ude verf\u00fcgt \u00fcber 5 Privatr\u00e4ume und einen Arbeitsplatz f\u00fcr 3 Arbeitspl\u00e4tze, 2 Sitzungsr\u00e4ume, eine Rezeption mit Warteraum, 2 B\u00e4der sowie eine Cafeteria und eine K\u00fcchenzeile.<\/p>\n<p>Das Anwesen verf\u00fcgt \u00fcber 4 Parkpl\u00e4tze, 1 Parkplatz in einem Polygon mit exklusiver Nutzung und 2 Abstellr\u00e4ume.<\/p>\n<p>Die Immobilie wird mit dem gesamten Mobiliar verkauft, das Folgendes umfasst:<\/p>\n<ol>\n<li>Rollos an all Ihren Fenstern<\/li>\n<li>5 Schreibtische und 10 St\u00fchle in den Privatzimmern<\/li>\n<li>1 Schreibtisch plus 3 St\u00fchle im Gro\u00dfraumb\u00fcro f\u00fcr 3 Arbeitspl\u00e4tze<\/li>\n<li>1 Schreibtisch mit eingebautem Regal und Stuhl im Empfangsbereich<\/li>\n<li>1 runder Glastisch mit 6 St\u00fchlen, ein gro\u00dfes eingebautes Regal und ein Fernsehger\u00e4t im Hauptsitzungsraum<\/li>\n<li>2 Sessel im zweiten Sitzungssaal<\/li>\n<li>1 Sessel plus Auflagetisch im Wartezimmer<\/li>\n<li>1 Sessel im Korridor<\/li>\n<li>K\u00fchlschrank und Elektroherd in der Kochnische<\/li>\n<\/ol>\n<p>Dar\u00fcber hinaus hat das Anwesen eine Klimaanlage f\u00fcr warme und kalte, thermopanel Fenster f\u00fcr K\u00e4lte und L\u00e4rm, hervorragende Beleuchtung, Glasplatten, Porzellanboden, moderne und Design-Badezimmer, indirekte Beleuchtung in der Decke mittels foseado und einen sch\u00f6nen Panoramablick.<\/p><p><span style=\"color: var( --e-global-color-text ); font-family: var( --e-global-typography-text-font-family ), Sans-serif; font-weight: var( --e-global-typography-text-font-weight ); text-align: var(--text-align); font-size: 1rem;\">Das Geb\u00e4ude verf\u00fcgt \u00fcber einen kontrollierten Zugang und einen 24-Stunden-Sicherheitsdienst, einen Warteraum an der Rezeption, Restaurants und Gesch\u00e4fte in der N\u00e4he und ganz in der N\u00e4he des Zugangs zum Nordufer.<\/span><\/p><p><span style=\"color: var( --e-global-color-text ); font-family: var( --e-global-typography-text-font-family ), Sans-serif; font-weight: var( --e-global-typography-text-font-weight ); text-align: var(--text-align); font-size: 1rem;\">Das Anwesen wurde fr\u00fcher von seri\u00f6sen, hochrangigen F\u00fchrungskr\u00e4ften genutzt, ist aber seit der Pandemie weitgehend ungenutzt, so dass es sich in einem neuwertigen Zustand befindet.<\/span><\/p><p><span style=\"color: var( --e-global-color-text ); font-family: var( --e-global-typography-text-font-family ), Sans-serif; font-weight: var( --e-global-typography-text-font-weight ); text-align: var(--text-align); font-size: 1rem;\">NEHMEN SIE KONTAKT MIT UNS AUF UND LERNEN SIE EIN B\u00dcRO KENNEN, IN DEM SIE GERNE ARBEITEN M\u00d6CHTEN!<\/span><\/p>\t\t\t\t\t\t\t\t<\/div>\n\t\t\t\t\t<\/div>\n\t\t\t\t<\/div>\n\t\t\t\t<\/div>\n\t\t","protected":false},"excerpt":{"rendered":"<p>B\u00fcro von 124,79m\u00b2 in La Dehesa , 5 private R\u00e4ume, Konferenzr\u00e4ume, Rezeption, 2 B\u00e4der.<\/p>\n","protected":false},"featured_media":13058,"template":"","meta":{"_acf_changed":false},"product_brand":[],"product_cat":[163],"product_tag":[443],"regiones":[227],"ciudades":[244],"class_list":{"0":"post-13567","1":"product","2":"type-product","3":"status-publish","4":"has-post-thumbnail","6":"product_cat-valparaiso-maule-de","7":"product_tag-stadtische-immobilien","8":"regiones-valparaiso-maule","9":"ciudades-santiago","11":"first","12":"instock","13":"sold-individually","14":"shipping-taxable","15":"purchasable","16":"product-type-simple"},"acf":[],"yoast_head":"<!-- This site is optimized with the Yoast SEO Premium plugin v26.0 (Yoast SEO v27.3) - https:\/\/yoast.com\/product\/yoast-seo-premium-wordpress\/ -->\n<title>B\u00fcro La Dehesa - Lo Barnechea - Produncan<\/title>\n<meta name=\"description\" content=\"Vollst\u00e4ndig eingerichtetes B\u00fcro von 124,79m\u00b2 in La Dehesa, mit 5 privaten Zimmern, Arbeitsplatz, 2 Besprechungsr\u00e4umen, Empfang mit Warteraum, 2 Badezimmern, einem Cafeteriabereich und einer K\u00fcchenzeile.\" \/>\n<meta name=\"robots\" content=\"index, follow, max-snippet:-1, max-image-preview:large, max-video-preview:-1\" \/>\n<link rel=\"canonical\" href=\"https:\/\/produncan.cl\/de\/produkt\/buero-la-dehesa-lo-barnechea\/\" \/>\n<meta property=\"og:locale\" content=\"de_DE\" \/>\n<meta property=\"og:type\" content=\"article\" \/>\n<meta property=\"og:title\" content=\"B\u00fcro La Dehesa - Lo Barnechea\" \/>\n<meta property=\"og:description\" content=\"Vollst\u00e4ndig eingerichtetes B\u00fcro von 124,79m\u00b2 in La Dehesa, mit 5 privaten Zimmern, Arbeitsplatz, 2 Besprechungsr\u00e4umen, Empfang mit Warteraum, 2 Badezimmern, einem Cafeteriabereich und einer K\u00fcchenzeile.\" \/>\n<meta property=\"og:url\" content=\"https:\/\/produncan.cl\/de\/produkt\/buero-la-dehesa-lo-barnechea\/\" \/>\n<meta property=\"og:site_name\" content=\"Produncan\" \/>\n<meta property=\"article:publisher\" content=\"https:\/\/web.facebook.com\/produncanland\" \/>\n<meta property=\"article:modified_time\" content=\"2025-08-02T15:06:35+00:00\" \/>\n<meta property=\"og:image\" content=\"https:\/\/produncan.cl\/wp-content\/uploads\/2023\/03\/Oficina-La-Dehesa.webp\" \/>\n\t<meta property=\"og:image:width\" content=\"600\" \/>\n\t<meta property=\"og:image:height\" content=\"450\" \/>\n\t<meta property=\"og:image:type\" content=\"image\/webp\" \/>\n<meta name=\"twitter:card\" content=\"summary_large_image\" \/>\n<meta name=\"twitter:label1\" content=\"Price\" \/>\n\t<meta name=\"twitter:data1\" content=\"USD580.500,00\" \/>\n\t<meta name=\"twitter:label2\" content=\"Availability\" \/>\n\t<meta name=\"twitter:data2\" content=\"In stock\" \/>\n<script type=\"application\/ld+json\" class=\"yoast-schema-graph\">{\"@context\":\"https:\\\/\\\/schema.org\",\"@graph\":[{\"@type\":\"WebPage\",\"@id\":\"https:\\\/\\\/produncan.cl\\\/de\\\/produkt\\\/buero-la-dehesa-lo-barnechea\\\/\",\"url\":\"https:\\\/\\\/produncan.cl\\\/de\\\/produkt\\\/buero-la-dehesa-lo-barnechea\\\/\",\"name\":\"B\u00fcro La Dehesa - Lo Barnechea - Produncan\",\"isPartOf\":{\"@id\":\"https:\\\/\\\/produncan.cl\\\/de\\\/#website\"},\"primaryImageOfPage\":{\"@id\":\"https:\\\/\\\/produncan.cl\\\/de\\\/produkt\\\/buero-la-dehesa-lo-barnechea\\\/#primaryimage\"},\"image\":{\"@id\":\"https:\\\/\\\/produncan.cl\\\/de\\\/produkt\\\/buero-la-dehesa-lo-barnechea\\\/#primaryimage\"},\"thumbnailUrl\":\"https:\\\/\\\/produncan.cl\\\/wp-content\\\/uploads\\\/2023\\\/03\\\/Oficina-La-Dehesa.webp\",\"datePublished\":\"2022-01-27T15:08:30+00:00\",\"dateModified\":\"2025-08-02T15:06:35+00:00\",\"description\":\"Vollst\u00e4ndig eingerichtetes B\u00fcro von 124,79m\u00b2 in La Dehesa, mit 5 privaten Zimmern, Arbeitsplatz, 2 Besprechungsr\u00e4umen, Empfang mit Warteraum, 2 Badezimmern, einem Cafeteriabereich und einer K\u00fcchenzeile.\",\"breadcrumb\":{\"@id\":\"https:\\\/\\\/produncan.cl\\\/de\\\/produkt\\\/buero-la-dehesa-lo-barnechea\\\/#breadcrumb\"},\"inLanguage\":\"de-DE\",\"potentialAction\":[{\"@type\":\"ReadAction\",\"target\":[\"https:\\\/\\\/produncan.cl\\\/de\\\/produkt\\\/buero-la-dehesa-lo-barnechea\\\/\"]}]},{\"@type\":\"ImageObject\",\"inLanguage\":\"de-DE\",\"@id\":\"https:\\\/\\\/produncan.cl\\\/de\\\/produkt\\\/buero-la-dehesa-lo-barnechea\\\/#primaryimage\",\"url\":\"https:\\\/\\\/produncan.cl\\\/wp-content\\\/uploads\\\/2023\\\/03\\\/Oficina-La-Dehesa.webp\",\"contentUrl\":\"https:\\\/\\\/produncan.cl\\\/wp-content\\\/uploads\\\/2023\\\/03\\\/Oficina-La-Dehesa.webp\",\"width\":600,\"height\":450},{\"@type\":\"BreadcrumbList\",\"@id\":\"https:\\\/\\\/produncan.cl\\\/de\\\/produkt\\\/buero-la-dehesa-lo-barnechea\\\/#breadcrumb\",\"itemListElement\":[{\"@type\":\"ListItem\",\"position\":1,\"name\":\"Inicio\",\"item\":\"https:\\\/\\\/produncan.cl\\\/de\\\/\"},{\"@type\":\"ListItem\",\"position\":2,\"name\":\"Eigenschaften\",\"item\":\"https:\\\/\\\/produncan.cl\\\/propiedades\\\/\"},{\"@type\":\"ListItem\",\"position\":3,\"name\":\"St\u00e4dtische Immobilien\",\"item\":\"https:\\\/\\\/produncan.cl\\\/de\\\/kategorie\\\/stadtische-immobilien\\\/\"},{\"@type\":\"ListItem\",\"position\":4,\"name\":\"B\u00fcro La Dehesa &#8211; Lo Barnechea\"}]},{\"@type\":\"WebSite\",\"@id\":\"https:\\\/\\\/produncan.cl\\\/de\\\/#website\",\"url\":\"https:\\\/\\\/produncan.cl\\\/de\\\/\",\"name\":\"Produncan\",\"description\":\"Wir begleiten Sie bei Ihrem Lebensprojekt!\",\"publisher\":{\"@id\":\"https:\\\/\\\/produncan.cl\\\/de\\\/#organization\"},\"potentialAction\":[{\"@type\":\"SearchAction\",\"target\":{\"@type\":\"EntryPoint\",\"urlTemplate\":\"https:\\\/\\\/produncan.cl\\\/de\\\/?s={search_term_string}\"},\"query-input\":{\"@type\":\"PropertyValueSpecification\",\"valueRequired\":true,\"valueName\":\"search_term_string\"}}],\"inLanguage\":\"de-DE\"},{\"@type\":\"Organization\",\"@id\":\"https:\\\/\\\/produncan.cl\\\/de\\\/#organization\",\"name\":\"Produncan\",\"url\":\"https:\\\/\\\/produncan.cl\\\/de\\\/\",\"logo\":{\"@type\":\"ImageObject\",\"inLanguage\":\"de-DE\",\"@id\":\"https:\\\/\\\/produncan.cl\\\/de\\\/#\\\/schema\\\/logo\\\/image\\\/\",\"url\":\"https:\\\/\\\/produncan.cl\\\/wp-content\\\/uploads\\\/2021\\\/03\\\/LOGO.jpeg\",\"contentUrl\":\"https:\\\/\\\/produncan.cl\\\/wp-content\\\/uploads\\\/2021\\\/03\\\/LOGO.jpeg\",\"width\":1280,\"height\":903,\"caption\":\"Produncan\"},\"image\":{\"@id\":\"https:\\\/\\\/produncan.cl\\\/de\\\/#\\\/schema\\\/logo\\\/image\\\/\"},\"sameAs\":[\"https:\\\/\\\/web.facebook.com\\\/produncanland\",\"https:\\\/\\\/www.instagram.com\\\/pro_duncan\\\/\",\"https:\\\/\\\/www.linkedin.com\\\/company\\\/produncan-lands\\\/\",\"https:\\\/\\\/www.youtube.com\\\/channel\\\/UCu7N-f3x0svkazD-Eew1-QQ\"],\"description\":\"En Produncan somos especialistas en la venta de terrenos en el sur de Chile. Proveemos estancias, campos, parcelas y hoteles.\",\"email\":\"info@produncan.cl\"}]}<\/script>\n<meta property=\"og:video\" content=\"https:\/\/www.youtube.com\/embed\/WO5TEHjrKgo\" \/>\n<meta property=\"og:video:type\" content=\"text\/html\" \/>\n<meta property=\"og:video:duration\" content=\"95\" \/>\n<meta property=\"og:video:width\" content=\"480\" \/>\n<meta property=\"og:video:height\" content=\"360\" \/>\n<meta property=\"ya:ovs:adult\" content=\"false\" \/>\n<meta property=\"ya:ovs:upload_date\" content=\"2022-01-27T15:08:30+00:00\" \/>\n<meta property=\"ya:ovs:allow_embed\" content=\"true\" \/>\n<meta property=\"product:price:amount\" content=\"580500.00\" \/>\n<meta property=\"product:price:currency\" content=\"USD\" \/>\n<meta property=\"og:availability\" content=\"instock\" \/>\n<meta property=\"product:availability\" content=\"instock\" \/>\n<meta property=\"product:condition\" content=\"new\" \/>\n<!-- \/ Yoast SEO Premium plugin. -->","yoast_head_json":{"title":"B\u00fcro La Dehesa - Lo Barnechea - Produncan","description":"Vollst\u00e4ndig eingerichtetes B\u00fcro von 124,79m\u00b2 in La Dehesa, mit 5 privaten Zimmern, Arbeitsplatz, 2 Besprechungsr\u00e4umen, Empfang mit Warteraum, 2 Badezimmern, einem Cafeteriabereich und einer K\u00fcchenzeile.","robots":{"index":"index","follow":"follow","max-snippet":"max-snippet:-1","max-image-preview":"max-image-preview:large","max-video-preview":"max-video-preview:-1"},"canonical":"https:\/\/produncan.cl\/de\/produkt\/buero-la-dehesa-lo-barnechea\/","og_locale":"de_DE","og_type":"article","og_title":"B\u00fcro La Dehesa - Lo Barnechea","og_description":"Vollst\u00e4ndig eingerichtetes B\u00fcro von 124,79m\u00b2 in La Dehesa, mit 5 privaten Zimmern, Arbeitsplatz, 2 Besprechungsr\u00e4umen, Empfang mit Warteraum, 2 Badezimmern, einem Cafeteriabereich und einer K\u00fcchenzeile.","og_url":"https:\/\/produncan.cl\/de\/produkt\/buero-la-dehesa-lo-barnechea\/","og_site_name":"Produncan","article_publisher":"https:\/\/web.facebook.com\/produncanland","article_modified_time":"2025-08-02T15:06:35+00:00","og_image":[{"width":600,"height":450,"url":"https:\/\/produncan.cl\/wp-content\/uploads\/2023\/03\/Oficina-La-Dehesa.webp","type":"image\/webp"}],"twitter_card":"summary_large_image","twitter_misc":{"Price":"USD580.500,00","Availability":"In stock"},"schema":{"@context":"https:\/\/schema.org","@graph":[{"@type":"WebPage","@id":"https:\/\/produncan.cl\/de\/produkt\/buero-la-dehesa-lo-barnechea\/","url":"https:\/\/produncan.cl\/de\/produkt\/buero-la-dehesa-lo-barnechea\/","name":"B\u00fcro La Dehesa - Lo Barnechea - Produncan","isPartOf":{"@id":"https:\/\/produncan.cl\/de\/#website"},"primaryImageOfPage":{"@id":"https:\/\/produncan.cl\/de\/produkt\/buero-la-dehesa-lo-barnechea\/#primaryimage"},"image":{"@id":"https:\/\/produncan.cl\/de\/produkt\/buero-la-dehesa-lo-barnechea\/#primaryimage"},"thumbnailUrl":"https:\/\/produncan.cl\/wp-content\/uploads\/2023\/03\/Oficina-La-Dehesa.webp","datePublished":"2022-01-27T15:08:30+00:00","dateModified":"2025-08-02T15:06:35+00:00","description":"Vollst\u00e4ndig eingerichtetes B\u00fcro von 124,79m\u00b2 in La Dehesa, mit 5 privaten Zimmern, Arbeitsplatz, 2 Besprechungsr\u00e4umen, Empfang mit Warteraum, 2 Badezimmern, einem Cafeteriabereich und einer K\u00fcchenzeile.","breadcrumb":{"@id":"https:\/\/produncan.cl\/de\/produkt\/buero-la-dehesa-lo-barnechea\/#breadcrumb"},"inLanguage":"de-DE","potentialAction":[{"@type":"ReadAction","target":["https:\/\/produncan.cl\/de\/produkt\/buero-la-dehesa-lo-barnechea\/"]}]},{"@type":"ImageObject","inLanguage":"de-DE","@id":"https:\/\/produncan.cl\/de\/produkt\/buero-la-dehesa-lo-barnechea\/#primaryimage","url":"https:\/\/produncan.cl\/wp-content\/uploads\/2023\/03\/Oficina-La-Dehesa.webp","contentUrl":"https:\/\/produncan.cl\/wp-content\/uploads\/2023\/03\/Oficina-La-Dehesa.webp","width":600,"height":450},{"@type":"BreadcrumbList","@id":"https:\/\/produncan.cl\/de\/produkt\/buero-la-dehesa-lo-barnechea\/#breadcrumb","itemListElement":[{"@type":"ListItem","position":1,"name":"Inicio","item":"https:\/\/produncan.cl\/de\/"},{"@type":"ListItem","position":2,"name":"Eigenschaften","item":"https:\/\/produncan.cl\/propiedades\/"},{"@type":"ListItem","position":3,"name":"St\u00e4dtische Immobilien","item":"https:\/\/produncan.cl\/de\/kategorie\/stadtische-immobilien\/"},{"@type":"ListItem","position":4,"name":"B\u00fcro La Dehesa &#8211; Lo Barnechea"}]},{"@type":"WebSite","@id":"https:\/\/produncan.cl\/de\/#website","url":"https:\/\/produncan.cl\/de\/","name":"Produncan","description":"Wir begleiten Sie bei Ihrem Lebensprojekt!","publisher":{"@id":"https:\/\/produncan.cl\/de\/#organization"},"potentialAction":[{"@type":"SearchAction","target":{"@type":"EntryPoint","urlTemplate":"https:\/\/produncan.cl\/de\/?s={search_term_string}"},"query-input":{"@type":"PropertyValueSpecification","valueRequired":true,"valueName":"search_term_string"}}],"inLanguage":"de-DE"},{"@type":"Organization","@id":"https:\/\/produncan.cl\/de\/#organization","name":"Produncan","url":"https:\/\/produncan.cl\/de\/","logo":{"@type":"ImageObject","inLanguage":"de-DE","@id":"https:\/\/produncan.cl\/de\/#\/schema\/logo\/image\/","url":"https:\/\/produncan.cl\/wp-content\/uploads\/2021\/03\/LOGO.jpeg","contentUrl":"https:\/\/produncan.cl\/wp-content\/uploads\/2021\/03\/LOGO.jpeg","width":1280,"height":903,"caption":"Produncan"},"image":{"@id":"https:\/\/produncan.cl\/de\/#\/schema\/logo\/image\/"},"sameAs":["https:\/\/web.facebook.com\/produncanland","https:\/\/www.instagram.com\/pro_duncan\/","https:\/\/www.linkedin.com\/company\/produncan-lands\/","https:\/\/www.youtube.com\/channel\/UCu7N-f3x0svkazD-Eew1-QQ"],"description":"En Produncan somos especialistas en la venta de terrenos en el sur de Chile. Proveemos estancias, campos, parcelas y hoteles.","email":"info@produncan.cl"}]},"og_video":"https:\/\/www.youtube.com\/embed\/WO5TEHjrKgo","og_video_type":"text\/html","og_video_duration":"95","og_video_width":"480","og_video_height":"360","ya_ovs_adult":"false","ya_ovs_upload_date":"2022-01-27T15:08:30+00:00","ya_ovs_allow_embed":"true","product_price_amount":"580500.00","product_price_currency":"USD","og_availability":"instock","product_availability":"instock","product_condition":"new"},"_links":{"self":[{"href":"https:\/\/produncan.cl\/de\/wp-json\/wp\/v2\/product\/13567","targetHints":{"allow":["GET"]}}],"collection":[{"href":"https:\/\/produncan.cl\/de\/wp-json\/wp\/v2\/product"}],"about":[{"href":"https:\/\/produncan.cl\/de\/wp-json\/wp\/v2\/types\/product"}],"version-history":[{"count":0,"href":"https:\/\/produncan.cl\/de\/wp-json\/wp\/v2\/product\/13567\/revisions"}],"wp:featuredmedia":[{"embeddable":true,"href":"https:\/\/produncan.cl\/de\/wp-json\/wp\/v2\/media\/13058"}],"wp:attachment":[{"href":"https:\/\/produncan.cl\/de\/wp-json\/wp\/v2\/media?parent=13567"}],"wp:term":[{"taxonomy":"product_brand","embeddable":true,"href":"https:\/\/produncan.cl\/de\/wp-json\/wp\/v2\/product_brand?post=13567"},{"taxonomy":"product_cat","embeddable":true,"href":"https:\/\/produncan.cl\/de\/wp-json\/wp\/v2\/product_cat?post=13567"},{"taxonomy":"product_tag","embeddable":true,"href":"https:\/\/produncan.cl\/de\/wp-json\/wp\/v2\/product_tag?post=13567"},{"taxonomy":"regiones","embeddable":true,"href":"https:\/\/produncan.cl\/de\/wp-json\/wp\/v2\/regiones?post=13567"},{"taxonomy":"ciudades","embeddable":true,"href":"https:\/\/produncan.cl\/de\/wp-json\/wp\/v2\/ciudades?post=13567"}],"curies":[{"name":"wp","href":"https:\/\/api.w.org\/{rel}","templated":true}]}}