{"id":13569,"date":"2024-03-23T13:14:50","date_gmt":"2024-03-23T16:14:50","guid":{"rendered":"https:\/\/produncan.cl\/producto\/grundstueck-mit-containerhaus-colina\/"},"modified":"2025-08-18T16:59:37","modified_gmt":"2025-08-18T20:59:37","slug":"grundstueck-mit-containerhaus-colina","status":"publish","type":"product","link":"https:\/\/produncan.cl\/de\/produkt\/grundstueck-mit-containerhaus-colina\/","title":{"rendered":"Grundst\u00fcck mit Containerhaus &#8211; Colina"},"content":{"rendered":"\t\t<div data-elementor-type=\"product-post\" data-elementor-id=\"13569\" class=\"elementor elementor-13569 elementor-13075\" data-elementor-post-type=\"product\">\n\t\t\t\t<div class=\"elementor-element elementor-element-f2faf46 e-flex e-con-boxed e-con e-parent\" data-id=\"f2faf46\" data-element_type=\"container\" data-e-type=\"container\" data-settings=\"{&quot;jet_parallax_layout_list&quot;:[]}\">\n\t\t\t\t\t<div class=\"e-con-inner\">\n\t\t\t\t<div class=\"elementor-element elementor-element-3867f25 elementor-widget elementor-widget-heading\" data-id=\"3867f25\" data-element_type=\"widget\" data-e-type=\"widget\" data-widget_type=\"heading.default\">\n\t\t\t\t\t<h2 class=\"elementor-heading-title elementor-size-default\">Wohnen Sie in einem Containerhaus auf einem 5000m\u00b2 gro\u00dfen Grundst\u00fcck 25 Minuten von Vitacura entfernt!<\/h2>\t\t\t\t<\/div>\n\t\t\t\t\t<\/div>\n\t\t\t\t<\/div>\n\t\t<div class=\"elementor-element elementor-element-85eca4e e-flex e-con-boxed e-con e-parent\" data-id=\"85eca4e\" data-element_type=\"container\" data-e-type=\"container\" data-settings=\"{&quot;jet_parallax_layout_list&quot;:[]}\">\n\t\t\t\t\t<div class=\"e-con-inner\">\n\t\t\t\t<div class=\"elementor-element elementor-element-cc48530 elementor-widget elementor-widget-text-editor\" data-id=\"cc48530\" data-element_type=\"widget\" data-e-type=\"widget\" data-widget_type=\"text-editor.default\">\n\t\t\t\t\t\t\t\t\t<p>Wir laden Sie ein, in einem spektakul\u00e4ren 60 m\u00b2 gro\u00dfen Containerhaus auf einem 5000 m\u00b2 gro\u00dfen Grundst\u00fcck zu wohnen, das sich in einer kleinen Wohnanlage mit 30 H\u00e4usern befindet, die bewacht und bewacht wird, mit guter Anbindung an die Autobahn Los Libertadores und nur 25 Minuten von Vitacura entfernt.<\/p>\n<p><br><\/p>\n<p><\/p>\n<p>Das Grundst\u00fcck verf\u00fcgt \u00fcber Trinkwasser aus einem 50 Meter tiefen Brunnen und einen unterirdischen Teich mit einem Fassungsverm\u00f6gen von 12.000 Litern.<\/p>\n<p><br><\/p>\n<p><\/p>\n<p>Das Grundst\u00fcck verf\u00fcgt \u00fcber Strom mit Drehstromanschluss, Kanalisation, eine gro\u00dfe Kl\u00e4rgrube, ein 30 m\u00b2 gro\u00dfes Lager (Gro\u00dfcontainer), eine solide Umz\u00e4unung und einen ausgezeichneten Telefonempfang.<\/p>\n<p><br><\/p>\n<p><\/p>\n<p>Das Haus hat ein integriertes Wohnzimmer, ein Schlafzimmer und eine K\u00fcche mit Backofen und Elektroherd, ein Esszimmer, M\u00f6bel mit Zypressenverkleidung und Platz f\u00fcr Geschirrsp\u00fcler, Waschmaschine und W\u00e4schekorb.&nbsp;<span style=\"color: var( --e-global-color-text ); font-family: var( --e-global-typography-text-font-family ), Sans-serif; font-weight: var( --e-global-typography-text-font-weight ); text-align: var(--text-align);\">Es ist, als w\u00fcrde man in einem Loft wohnen!<\/span><\/p>\n<p><span style=\"color: var( --e-global-color-text ); font-family: var( --e-global-typography-text-font-family ), Sans-serif; font-weight: var( --e-global-typography-text-font-weight ); text-align: var(--text-align);\"><br><\/span><\/p>\n<p><\/p>\n<p>Es hat auch ein komplettes Badezimmer, Thermofenster, Klimaanlage\/Heizung und einen elektrischen Warmwasserbereiter von 190 Litern. Der Boden, die W\u00e4nde und die Decke sind mit Holz verkleidet, und alles ist w\u00e4rmeisoliert.<\/p>\n<p><br><\/p>\n<p><\/p>\n<p>Sie betreten das Grundst\u00fcck durch ein elektrisches Tor, von dem aus Sie eine sch\u00f6ne Pappelwand sehen k\u00f6nnen.<\/p>\n<p><br><\/p>\n<p><\/p>\n<p>Das Haus hat gemeinsame Ausgaben in H\u00f6he von 80.000 Dollar pro Monat.<\/p>\n<p><br><\/p>\n<p><\/p>\n<p>FRAGEN SIE UNS NACH WEITEREN INFORMATIONEN UND WIR ZEIGEN IHNEN GERNE DIESE SCH\u00d6NE IMMOBILIE!<\/p>\t\t\t\t\t\t\t\t<\/div>\n\t\t\t\t\t<\/div>\n\t\t\t\t<\/div>\n\t\t\t\t<\/div>\n\t\t","protected":false},"excerpt":{"rendered":"<p>Containerhaus von 60m\u00b2 auf einem Grundst\u00fcck von 5000m\u00b2, eingez\u00e4unt, 25 Minuten von Vitacura entfernt.<\/p>\n","protected":false},"featured_media":14981,"template":"","meta":{"_acf_changed":false},"product_brand":[],"product_cat":[163],"product_tag":[232],"regiones":[227],"ciudades":[244],"class_list":{"0":"post-13569","1":"product","2":"type-product","3":"status-publish","4":"has-post-thumbnail","6":"product_cat-valparaiso-maule-de","7":"product_tag-grundstuecke","8":"regiones-valparaiso-maule","9":"ciudades-santiago","11":"first","12":"outofstock","13":"sold-individually","14":"shipping-taxable","15":"product-type-simple"},"acf":[],"yoast_head":"<!-- This site is optimized with the Yoast SEO Premium plugin v26.0 (Yoast SEO v27.3) - https:\/\/yoast.com\/product\/yoast-seo-premium-wordpress\/ -->\n<title>Grundst\u00fcck mit Containerhaus - Colina - Produncan<\/title>\n<meta name=\"description\" content=\"Container-Haus von 60m\u00b2 in einem Grundst\u00fcck von 5000mts und befindet sich in einer kleinen Wohnanlage von 30 H\u00e4usern, geschlossen, mit Wache nur 25 Minuten von Vitacura.\" \/>\n<meta name=\"robots\" content=\"index, follow, max-snippet:-1, max-image-preview:large, max-video-preview:-1\" \/>\n<link rel=\"canonical\" href=\"https:\/\/produncan.cl\/de\/produkt\/grundstueck-mit-containerhaus-colina\/\" \/>\n<meta property=\"og:locale\" content=\"de_DE\" \/>\n<meta property=\"og:type\" content=\"article\" \/>\n<meta property=\"og:title\" content=\"Grundst\u00fcck mit Containerhaus - Colina\" \/>\n<meta property=\"og:description\" content=\"Container-Haus von 60m\u00b2 in einem Grundst\u00fcck von 5000mts und befindet sich in einer kleinen Wohnanlage von 30 H\u00e4usern, geschlossen, mit Wache nur 25 Minuten von Vitacura.\" \/>\n<meta property=\"og:url\" content=\"https:\/\/produncan.cl\/de\/produkt\/grundstueck-mit-containerhaus-colina\/\" \/>\n<meta property=\"og:site_name\" content=\"Produncan\" \/>\n<meta property=\"article:publisher\" content=\"https:\/\/web.facebook.com\/produncanland\" \/>\n<meta property=\"article:modified_time\" content=\"2025-08-18T20:59:37+00:00\" \/>\n<meta property=\"og:image\" content=\"https:\/\/produncan.cl\/wp-content\/uploads\/2023\/03\/PARCELA-ARRIENDO-COLINA-ARRENDADO.webp\" \/>\n\t<meta property=\"og:image:width\" content=\"600\" \/>\n\t<meta property=\"og:image:height\" content=\"450\" \/>\n\t<meta property=\"og:image:type\" content=\"image\/webp\" \/>\n<meta name=\"twitter:card\" content=\"summary_large_image\" \/>\n<meta name=\"twitter:label1\" content=\"Price\" \/>\n\t<meta name=\"twitter:data1\" content=\"\" \/>\n\t<meta name=\"twitter:label2\" content=\"Availability\" \/>\n\t<meta name=\"twitter:data2\" content=\"Out of stock\" \/>\n<script type=\"application\/ld+json\" class=\"yoast-schema-graph\">{\"@context\":\"https:\\\/\\\/schema.org\",\"@graph\":[{\"@type\":\"WebPage\",\"@id\":\"https:\\\/\\\/produncan.cl\\\/de\\\/produkt\\\/grundstueck-mit-containerhaus-colina\\\/\",\"url\":\"https:\\\/\\\/produncan.cl\\\/de\\\/produkt\\\/grundstueck-mit-containerhaus-colina\\\/\",\"name\":\"Grundst\u00fcck mit Containerhaus - Colina - Produncan\",\"isPartOf\":{\"@id\":\"https:\\\/\\\/produncan.cl\\\/de\\\/#website\"},\"primaryImageOfPage\":{\"@id\":\"https:\\\/\\\/produncan.cl\\\/de\\\/produkt\\\/grundstueck-mit-containerhaus-colina\\\/#primaryimage\"},\"image\":{\"@id\":\"https:\\\/\\\/produncan.cl\\\/de\\\/produkt\\\/grundstueck-mit-containerhaus-colina\\\/#primaryimage\"},\"thumbnailUrl\":\"https:\\\/\\\/produncan.cl\\\/wp-content\\\/uploads\\\/2023\\\/03\\\/PARCELA-ARRIENDO-COLINA-ARRENDADO.webp\",\"datePublished\":\"2024-03-23T16:14:50+00:00\",\"dateModified\":\"2025-08-18T20:59:37+00:00\",\"description\":\"Container-Haus von 60m\u00b2 in einem Grundst\u00fcck von 5000mts und befindet sich in einer kleinen Wohnanlage von 30 H\u00e4usern, geschlossen, mit Wache nur 25 Minuten von Vitacura.\",\"breadcrumb\":{\"@id\":\"https:\\\/\\\/produncan.cl\\\/de\\\/produkt\\\/grundstueck-mit-containerhaus-colina\\\/#breadcrumb\"},\"inLanguage\":\"de-DE\",\"potentialAction\":[{\"@type\":\"ReadAction\",\"target\":[\"https:\\\/\\\/produncan.cl\\\/de\\\/produkt\\\/grundstueck-mit-containerhaus-colina\\\/\"]}]},{\"@type\":\"ImageObject\",\"inLanguage\":\"de-DE\",\"@id\":\"https:\\\/\\\/produncan.cl\\\/de\\\/produkt\\\/grundstueck-mit-containerhaus-colina\\\/#primaryimage\",\"url\":\"https:\\\/\\\/produncan.cl\\\/wp-content\\\/uploads\\\/2023\\\/03\\\/PARCELA-ARRIENDO-COLINA-ARRENDADO.webp\",\"contentUrl\":\"https:\\\/\\\/produncan.cl\\\/wp-content\\\/uploads\\\/2023\\\/03\\\/PARCELA-ARRIENDO-COLINA-ARRENDADO.webp\",\"width\":600,\"height\":450},{\"@type\":\"BreadcrumbList\",\"@id\":\"https:\\\/\\\/produncan.cl\\\/de\\\/produkt\\\/grundstueck-mit-containerhaus-colina\\\/#breadcrumb\",\"itemListElement\":[{\"@type\":\"ListItem\",\"position\":1,\"name\":\"Inicio\",\"item\":\"https:\\\/\\\/produncan.cl\\\/de\\\/\"},{\"@type\":\"ListItem\",\"position\":2,\"name\":\"Eigenschaften\",\"item\":\"https:\\\/\\\/produncan.cl\\\/propiedades\\\/\"},{\"@type\":\"ListItem\",\"position\":3,\"name\":\"Grundst\u00fccke\",\"item\":\"https:\\\/\\\/produncan.cl\\\/de\\\/kategorie\\\/grundstuecke\\\/\"},{\"@type\":\"ListItem\",\"position\":4,\"name\":\"Grundst\u00fcck mit Containerhaus &#8211; Colina\"}]},{\"@type\":\"WebSite\",\"@id\":\"https:\\\/\\\/produncan.cl\\\/de\\\/#website\",\"url\":\"https:\\\/\\\/produncan.cl\\\/de\\\/\",\"name\":\"Produncan\",\"description\":\"Wir begleiten Sie bei Ihrem Lebensprojekt!\",\"publisher\":{\"@id\":\"https:\\\/\\\/produncan.cl\\\/de\\\/#organization\"},\"potentialAction\":[{\"@type\":\"SearchAction\",\"target\":{\"@type\":\"EntryPoint\",\"urlTemplate\":\"https:\\\/\\\/produncan.cl\\\/de\\\/?s={search_term_string}\"},\"query-input\":{\"@type\":\"PropertyValueSpecification\",\"valueRequired\":true,\"valueName\":\"search_term_string\"}}],\"inLanguage\":\"de-DE\"},{\"@type\":\"Organization\",\"@id\":\"https:\\\/\\\/produncan.cl\\\/de\\\/#organization\",\"name\":\"Produncan\",\"url\":\"https:\\\/\\\/produncan.cl\\\/de\\\/\",\"logo\":{\"@type\":\"ImageObject\",\"inLanguage\":\"de-DE\",\"@id\":\"https:\\\/\\\/produncan.cl\\\/de\\\/#\\\/schema\\\/logo\\\/image\\\/\",\"url\":\"https:\\\/\\\/produncan.cl\\\/wp-content\\\/uploads\\\/2021\\\/03\\\/LOGO.jpeg\",\"contentUrl\":\"https:\\\/\\\/produncan.cl\\\/wp-content\\\/uploads\\\/2021\\\/03\\\/LOGO.jpeg\",\"width\":1280,\"height\":903,\"caption\":\"Produncan\"},\"image\":{\"@id\":\"https:\\\/\\\/produncan.cl\\\/de\\\/#\\\/schema\\\/logo\\\/image\\\/\"},\"sameAs\":[\"https:\\\/\\\/web.facebook.com\\\/produncanland\",\"https:\\\/\\\/www.instagram.com\\\/pro_duncan\\\/\",\"https:\\\/\\\/www.linkedin.com\\\/company\\\/produncan-lands\\\/\",\"https:\\\/\\\/www.youtube.com\\\/channel\\\/UCu7N-f3x0svkazD-Eew1-QQ\"],\"description\":\"En Produncan somos especialistas en la venta de terrenos en el sur de Chile. Proveemos estancias, campos, parcelas y hoteles.\",\"email\":\"info@produncan.cl\"}]}<\/script>\n<meta property=\"og:video\" content=\"https:\/\/www.youtube.com\/embed\/D4S16JWy8Pc\" \/>\n<meta property=\"og:video:type\" content=\"text\/html\" \/>\n<meta property=\"og:video:duration\" content=\"50\" \/>\n<meta property=\"og:video:width\" content=\"480\" \/>\n<meta property=\"og:video:height\" content=\"360\" \/>\n<meta property=\"ya:ovs:adult\" content=\"false\" \/>\n<meta property=\"ya:ovs:upload_date\" content=\"2024-03-23T16:14:50+00:00\" \/>\n<meta property=\"ya:ovs:allow_embed\" content=\"true\" \/>\n<meta property=\"product:price:currency\" content=\"USD\" \/>\n<meta property=\"og:availability\" content=\"out of stock\" \/>\n<meta property=\"product:availability\" content=\"out of stock\" \/>\n<meta property=\"product:condition\" content=\"new\" \/>\n<!-- \/ Yoast SEO Premium plugin. -->","yoast_head_json":{"title":"Grundst\u00fcck mit Containerhaus - Colina - Produncan","description":"Container-Haus von 60m\u00b2 in einem Grundst\u00fcck von 5000mts und befindet sich in einer kleinen Wohnanlage von 30 H\u00e4usern, geschlossen, mit Wache nur 25 Minuten von Vitacura.","robots":{"index":"index","follow":"follow","max-snippet":"max-snippet:-1","max-image-preview":"max-image-preview:large","max-video-preview":"max-video-preview:-1"},"canonical":"https:\/\/produncan.cl\/de\/produkt\/grundstueck-mit-containerhaus-colina\/","og_locale":"de_DE","og_type":"article","og_title":"Grundst\u00fcck mit Containerhaus - Colina","og_description":"Container-Haus von 60m\u00b2 in einem Grundst\u00fcck von 5000mts und befindet sich in einer kleinen Wohnanlage von 30 H\u00e4usern, geschlossen, mit Wache nur 25 Minuten von Vitacura.","og_url":"https:\/\/produncan.cl\/de\/produkt\/grundstueck-mit-containerhaus-colina\/","og_site_name":"Produncan","article_publisher":"https:\/\/web.facebook.com\/produncanland","article_modified_time":"2025-08-18T20:59:37+00:00","og_image":[{"width":600,"height":450,"url":"https:\/\/produncan.cl\/wp-content\/uploads\/2023\/03\/PARCELA-ARRIENDO-COLINA-ARRENDADO.webp","type":"image\/webp"}],"twitter_card":"summary_large_image","twitter_misc":{"Price":"","Availability":"Out of stock"},"schema":{"@context":"https:\/\/schema.org","@graph":[{"@type":"WebPage","@id":"https:\/\/produncan.cl\/de\/produkt\/grundstueck-mit-containerhaus-colina\/","url":"https:\/\/produncan.cl\/de\/produkt\/grundstueck-mit-containerhaus-colina\/","name":"Grundst\u00fcck mit Containerhaus - Colina - Produncan","isPartOf":{"@id":"https:\/\/produncan.cl\/de\/#website"},"primaryImageOfPage":{"@id":"https:\/\/produncan.cl\/de\/produkt\/grundstueck-mit-containerhaus-colina\/#primaryimage"},"image":{"@id":"https:\/\/produncan.cl\/de\/produkt\/grundstueck-mit-containerhaus-colina\/#primaryimage"},"thumbnailUrl":"https:\/\/produncan.cl\/wp-content\/uploads\/2023\/03\/PARCELA-ARRIENDO-COLINA-ARRENDADO.webp","datePublished":"2024-03-23T16:14:50+00:00","dateModified":"2025-08-18T20:59:37+00:00","description":"Container-Haus von 60m\u00b2 in einem Grundst\u00fcck von 5000mts und befindet sich in einer kleinen Wohnanlage von 30 H\u00e4usern, geschlossen, mit Wache nur 25 Minuten von Vitacura.","breadcrumb":{"@id":"https:\/\/produncan.cl\/de\/produkt\/grundstueck-mit-containerhaus-colina\/#breadcrumb"},"inLanguage":"de-DE","potentialAction":[{"@type":"ReadAction","target":["https:\/\/produncan.cl\/de\/produkt\/grundstueck-mit-containerhaus-colina\/"]}]},{"@type":"ImageObject","inLanguage":"de-DE","@id":"https:\/\/produncan.cl\/de\/produkt\/grundstueck-mit-containerhaus-colina\/#primaryimage","url":"https:\/\/produncan.cl\/wp-content\/uploads\/2023\/03\/PARCELA-ARRIENDO-COLINA-ARRENDADO.webp","contentUrl":"https:\/\/produncan.cl\/wp-content\/uploads\/2023\/03\/PARCELA-ARRIENDO-COLINA-ARRENDADO.webp","width":600,"height":450},{"@type":"BreadcrumbList","@id":"https:\/\/produncan.cl\/de\/produkt\/grundstueck-mit-containerhaus-colina\/#breadcrumb","itemListElement":[{"@type":"ListItem","position":1,"name":"Inicio","item":"https:\/\/produncan.cl\/de\/"},{"@type":"ListItem","position":2,"name":"Eigenschaften","item":"https:\/\/produncan.cl\/propiedades\/"},{"@type":"ListItem","position":3,"name":"Grundst\u00fccke","item":"https:\/\/produncan.cl\/de\/kategorie\/grundstuecke\/"},{"@type":"ListItem","position":4,"name":"Grundst\u00fcck mit Containerhaus &#8211; Colina"}]},{"@type":"WebSite","@id":"https:\/\/produncan.cl\/de\/#website","url":"https:\/\/produncan.cl\/de\/","name":"Produncan","description":"Wir begleiten Sie bei Ihrem Lebensprojekt!","publisher":{"@id":"https:\/\/produncan.cl\/de\/#organization"},"potentialAction":[{"@type":"SearchAction","target":{"@type":"EntryPoint","urlTemplate":"https:\/\/produncan.cl\/de\/?s={search_term_string}"},"query-input":{"@type":"PropertyValueSpecification","valueRequired":true,"valueName":"search_term_string"}}],"inLanguage":"de-DE"},{"@type":"Organization","@id":"https:\/\/produncan.cl\/de\/#organization","name":"Produncan","url":"https:\/\/produncan.cl\/de\/","logo":{"@type":"ImageObject","inLanguage":"de-DE","@id":"https:\/\/produncan.cl\/de\/#\/schema\/logo\/image\/","url":"https:\/\/produncan.cl\/wp-content\/uploads\/2021\/03\/LOGO.jpeg","contentUrl":"https:\/\/produncan.cl\/wp-content\/uploads\/2021\/03\/LOGO.jpeg","width":1280,"height":903,"caption":"Produncan"},"image":{"@id":"https:\/\/produncan.cl\/de\/#\/schema\/logo\/image\/"},"sameAs":["https:\/\/web.facebook.com\/produncanland","https:\/\/www.instagram.com\/pro_duncan\/","https:\/\/www.linkedin.com\/company\/produncan-lands\/","https:\/\/www.youtube.com\/channel\/UCu7N-f3x0svkazD-Eew1-QQ"],"description":"En Produncan somos especialistas en la venta de terrenos en el sur de Chile. Proveemos estancias, campos, parcelas y hoteles.","email":"info@produncan.cl"}]},"og_video":"https:\/\/www.youtube.com\/embed\/D4S16JWy8Pc","og_video_type":"text\/html","og_video_duration":"50","og_video_width":"480","og_video_height":"360","ya_ovs_adult":"false","ya_ovs_upload_date":"2024-03-23T16:14:50+00:00","ya_ovs_allow_embed":"true","product_price_currency":"USD","og_availability":"out of stock","product_availability":"out of stock","product_condition":"new"},"_links":{"self":[{"href":"https:\/\/produncan.cl\/de\/wp-json\/wp\/v2\/product\/13569","targetHints":{"allow":["GET"]}}],"collection":[{"href":"https:\/\/produncan.cl\/de\/wp-json\/wp\/v2\/product"}],"about":[{"href":"https:\/\/produncan.cl\/de\/wp-json\/wp\/v2\/types\/product"}],"version-history":[{"count":0,"href":"https:\/\/produncan.cl\/de\/wp-json\/wp\/v2\/product\/13569\/revisions"}],"wp:featuredmedia":[{"embeddable":true,"href":"https:\/\/produncan.cl\/de\/wp-json\/wp\/v2\/media\/14981"}],"wp:attachment":[{"href":"https:\/\/produncan.cl\/de\/wp-json\/wp\/v2\/media?parent=13569"}],"wp:term":[{"taxonomy":"product_brand","embeddable":true,"href":"https:\/\/produncan.cl\/de\/wp-json\/wp\/v2\/product_brand?post=13569"},{"taxonomy":"product_cat","embeddable":true,"href":"https:\/\/produncan.cl\/de\/wp-json\/wp\/v2\/product_cat?post=13569"},{"taxonomy":"product_tag","embeddable":true,"href":"https:\/\/produncan.cl\/de\/wp-json\/wp\/v2\/product_tag?post=13569"},{"taxonomy":"regiones","embeddable":true,"href":"https:\/\/produncan.cl\/de\/wp-json\/wp\/v2\/regiones?post=13569"},{"taxonomy":"ciudades","embeddable":true,"href":"https:\/\/produncan.cl\/de\/wp-json\/wp\/v2\/ciudades?post=13569"}],"curies":[{"name":"wp","href":"https:\/\/api.w.org\/{rel}","templated":true}]}}