{"id":13571,"date":"2022-04-16T17:58:09","date_gmt":"2022-04-16T21:58:09","guid":{"rendered":"https:\/\/produncan.cl\/producto\/casa-faro-los-colonos-puerto-varas-r-de-los-lagos\/"},"modified":"2025-07-19T14:01:57","modified_gmt":"2025-07-19T18:01:57","slug":"casa-faro-los-colonos-puerto-varas-r-de-los-lagos","status":"publish","type":"product","link":"https:\/\/produncan.cl\/de\/produkt\/casa-faro-los-colonos-puerto-varas-r-de-los-lagos\/","title":{"rendered":"Haus zu verkaufen Faro Los Colonos &#8211; Puerto Varas &#8211; Regi\u00f3n de los Lagos"},"content":{"rendered":"\t\t<div data-elementor-type=\"product-post\" data-elementor-id=\"13571\" class=\"elementor elementor-13571 elementor-13192\" data-elementor-post-type=\"product\">\n\t\t\t\t<div class=\"elementor-element elementor-element-90cab51 e-flex e-con-boxed e-con e-parent\" data-id=\"90cab51\" data-element_type=\"container\" data-e-type=\"container\" data-settings=\"{&quot;jet_parallax_layout_list&quot;:[]}\">\n\t\t\t\t\t<div class=\"e-con-inner\">\n\t\t\t\t<div class=\"elementor-element elementor-element-354b6e2 elementor-widget elementor-widget-heading\" data-id=\"354b6e2\" data-element_type=\"widget\" data-e-type=\"widget\" data-widget_type=\"heading.default\">\n\t\t\t\t\t<h2 class=\"elementor-heading-title elementor-size-default\">Ein sch\u00f6nes Haus in Puerto Varas, gut gelegen und in einer ruhigen Gegend!<\/h2>\t\t\t\t<\/div>\n\t\t\t\t\t<\/div>\n\t\t\t\t<\/div>\n\t\t<div class=\"elementor-element elementor-element-b86a2a7 e-flex e-con-boxed e-con e-parent\" data-id=\"b86a2a7\" data-element_type=\"container\" data-e-type=\"container\" data-settings=\"{&quot;jet_parallax_layout_list&quot;:[]}\">\n\t\t\t\t\t<div class=\"e-con-inner\">\n\t\t\t\t<div class=\"elementor-element elementor-element-32b8ac4 elementor-widget elementor-widget-text-editor\" data-id=\"32b8ac4\" data-element_type=\"widget\" data-e-type=\"widget\" data-widget_type=\"text-editor.default\">\n\t\t\t\t\t\t\t\t\t<p>Wir pr\u00e4sentieren Ihnen ein wundersch\u00f6nes zweist\u00f6ckiges Haus mit 147m\u00b2 in Puerto Varas, auf einem Grundst\u00fcck von 410m\u00b2, das sich durch seine hervorragende Lage, seine gro\u00dfz\u00fcgigen R\u00e4umlichkeiten und seine Annehmlichkeiten auszeichnet.<\/p>\n<p><\/p>\n<p>Das Haus verf\u00fcgt \u00fcber 4 Schlafzimmer und 4 B\u00e4der und ist ideal f\u00fcr eine gro\u00dfe Familie oder f\u00fcr diejenigen, die gerne mehr Platz haben.<\/p>\n<p><\/p>\n<p>Au\u00dferdem gibt es eine Terrasse, einen vorderen Innenhof und einen hinteren Garten, die zum Entspannen oder f\u00fcr ein Barbecue mit Freunden und Familie einladen.<\/p>\n<p><\/p>\n<p>Die geschlossene K\u00fcche hat einen Geschirrsp\u00fcler und Speisekammer, die es praktisch und funktional macht, und das Wohnzimmer hat eine langsame Verbrennung, die eine heimelige und warme Note zu dem ganzen Haus gibt, hat auch einen Gas-Heizkessel, um das Wasser zu erhitzen und die Verteilung auf Heizk\u00f6rper, um das Haus temperiert zu halten.<\/p>\n<p><\/p>\n<p>Das Hauptschlafzimmer hat einen begehbaren Kleiderschrank, in dem Sie sich wie in einem Luxushotel f\u00fchlen werden, und die Thermopanel-Fenster sorgen f\u00fcr eine hervorragende Schall- und W\u00e4rmed\u00e4mmung.<\/p>\n<p><\/p>\n<p>Dar\u00fcber hinaus verf\u00fcgt das Haus \u00fcber 3 Parkpl\u00e4tze (einer davon \u00fcberdacht), einen Abstellraum und eine Loggia, die es Ihnen erm\u00f6glicht, alles in Ordnung zu halten und zu organisieren. Und wenn Sie sich Sorgen um die Sicherheit machen, brauchen Sie sich keine Sorgen zu machen, denn es gibt ein elektrisches Tor.<\/p>\n<p><\/p>\n<p>Das Grundst\u00fcck ist nach Osten ausgerichtet, was eine gute Sonneneinstrahlung w\u00e4hrend des Tages erm\u00f6glicht.<\/p>\n<p><span style=\"color: var( --e-global-color-text ); font-family: var( --e-global-typography-text-font-family ), Sans-serif; font-weight: var( --e-global-typography-text-font-weight ); text-align: var(--text-align);\">Das Haus befindet sich in einem ruhigen und sicheren Viertel, mit einfachem Zugang, Gr\u00fcnfl\u00e4chen, Spielpl\u00e4tzen, Spielpl\u00e4tzen f\u00fcr Kinder, in der N\u00e4he von \u00f6ffentlichen Verkehrsmitteln und mit gutem Telekommunikationssignal. Die gemeinsamen Ausgaben betragen 10.000 Dollar pro Monat, es werden 90.000 Dollar pro Quartal an Beitr\u00e4gen gezahlt und es gibt einen Ausschuss von Eigent\u00fcmern, der f\u00fcr die Instandhaltung des Gel\u00e4ndes zust\u00e4ndig ist.<\/span><\/p>\n<p><span style=\"color: var( --e-global-color-text ); font-family: var( --e-global-typography-text-font-family ), Sans-serif; font-weight: var( --e-global-typography-text-font-weight ); text-align: var(--text-align);\">Sein Preis ist UF9200.<\/span><\/p>\n<p>Verpassen Sie nicht die Gelegenheit, dieses sch\u00f6ne Haus zu Ihrem Zuhause zu machen!<\/p>\t\t\t\t\t\t\t\t<\/div>\n\t\t\t\t\t<\/div>\n\t\t\t\t<\/div>\n\t\t\t\t<\/div>\n\t\t","protected":false},"excerpt":{"rendered":"<p>4 Schlafzimmer Haus in Puerto Varas, ger\u00e4umig, Terrasse, Garten, langsame Verbrennung.<\/p>\n","protected":false},"featured_media":13259,"template":"","meta":{"_acf_changed":false},"product_brand":[],"product_cat":[104],"product_tag":[443],"regiones":[226],"ciudades":[219],"class_list":{"0":"post-13571","1":"product","2":"type-product","3":"status-publish","4":"has-post-thumbnail","6":"product_cat-ohiggins-los-lagos","7":"product_tag-stadtische-immobilien","8":"regiones-nuble-los_lagos","9":"ciudades-puerto-varas","11":"first","12":"instock","13":"sold-individually","14":"shipping-taxable","15":"purchasable","16":"product-type-simple"},"acf":[],"yoast_head":"<!-- This site is optimized with the Yoast SEO Premium plugin v26.0 (Yoast SEO v27.3) - https:\/\/yoast.com\/product\/yoast-seo-premium-wordpress\/ -->\n<title>Haus zu verkaufen Faro Los Colonos - Puerto Varas - Produncan<\/title>\n<meta name=\"description\" content=\"Zweist\u00f6ckiges Haus in Puerto Varas, mit 4 Schlafzimmern und 4 B\u00e4dern, ger\u00e4umigen Zimmern, Terrasse, hinterem Garten, praktischer und funktioneller K\u00fcche.\" \/>\n<meta name=\"robots\" content=\"index, follow, max-snippet:-1, max-image-preview:large, max-video-preview:-1\" \/>\n<link rel=\"canonical\" href=\"https:\/\/produncan.cl\/de\/produkt\/casa-faro-los-colonos-puerto-varas-r-de-los-lagos\/\" \/>\n<meta property=\"og:locale\" content=\"de_DE\" \/>\n<meta property=\"og:type\" content=\"article\" \/>\n<meta property=\"og:title\" content=\"Haus zu verkaufen Faro Los Colonos - Puerto Varas - Regi\u00f3n de los Lagos\" \/>\n<meta property=\"og:description\" content=\"Zweist\u00f6ckiges Haus in Puerto Varas, mit 4 Schlafzimmern und 4 B\u00e4dern, ger\u00e4umigen Zimmern, Terrasse, hinterem Garten, praktischer und funktioneller K\u00fcche.\" \/>\n<meta property=\"og:url\" content=\"https:\/\/produncan.cl\/de\/produkt\/casa-faro-los-colonos-puerto-varas-r-de-los-lagos\/\" \/>\n<meta property=\"og:site_name\" content=\"Produncan\" \/>\n<meta property=\"article:publisher\" content=\"https:\/\/web.facebook.com\/produncanland\" \/>\n<meta property=\"article:modified_time\" content=\"2025-07-19T18:01:57+00:00\" \/>\n<meta property=\"og:image\" content=\"https:\/\/produncan.cl\/wp-content\/uploads\/2023\/03\/Presentacion-Casa-Faro-Los-Colonos.webp\" \/>\n\t<meta property=\"og:image:width\" content=\"600\" \/>\n\t<meta property=\"og:image:height\" content=\"450\" \/>\n\t<meta property=\"og:image:type\" content=\"image\/webp\" \/>\n<meta name=\"twitter:card\" content=\"summary_large_image\" \/>\n<meta name=\"twitter:label1\" content=\"Price\" \/>\n\t<meta name=\"twitter:data1\" content=\"USD384.800,00\" \/>\n\t<meta name=\"twitter:label2\" content=\"Availability\" \/>\n\t<meta name=\"twitter:data2\" content=\"In stock\" \/>\n<script type=\"application\/ld+json\" class=\"yoast-schema-graph\">{\"@context\":\"https:\\\/\\\/schema.org\",\"@graph\":[{\"@type\":\"WebPage\",\"@id\":\"https:\\\/\\\/produncan.cl\\\/de\\\/produkt\\\/casa-faro-los-colonos-puerto-varas-r-de-los-lagos\\\/\",\"url\":\"https:\\\/\\\/produncan.cl\\\/de\\\/produkt\\\/casa-faro-los-colonos-puerto-varas-r-de-los-lagos\\\/\",\"name\":\"Haus zu verkaufen Faro Los Colonos - Puerto Varas - Produncan\",\"isPartOf\":{\"@id\":\"https:\\\/\\\/produncan.cl\\\/de\\\/#website\"},\"primaryImageOfPage\":{\"@id\":\"https:\\\/\\\/produncan.cl\\\/de\\\/produkt\\\/casa-faro-los-colonos-puerto-varas-r-de-los-lagos\\\/#primaryimage\"},\"image\":{\"@id\":\"https:\\\/\\\/produncan.cl\\\/de\\\/produkt\\\/casa-faro-los-colonos-puerto-varas-r-de-los-lagos\\\/#primaryimage\"},\"thumbnailUrl\":\"https:\\\/\\\/produncan.cl\\\/wp-content\\\/uploads\\\/2023\\\/03\\\/Presentacion-Casa-Faro-Los-Colonos.webp\",\"datePublished\":\"2022-04-16T21:58:09+00:00\",\"dateModified\":\"2025-07-19T18:01:57+00:00\",\"description\":\"Zweist\u00f6ckiges Haus in Puerto Varas, mit 4 Schlafzimmern und 4 B\u00e4dern, ger\u00e4umigen Zimmern, Terrasse, hinterem Garten, praktischer und funktioneller K\u00fcche.\",\"breadcrumb\":{\"@id\":\"https:\\\/\\\/produncan.cl\\\/de\\\/produkt\\\/casa-faro-los-colonos-puerto-varas-r-de-los-lagos\\\/#breadcrumb\"},\"inLanguage\":\"de-DE\",\"potentialAction\":[{\"@type\":\"ReadAction\",\"target\":[\"https:\\\/\\\/produncan.cl\\\/de\\\/produkt\\\/casa-faro-los-colonos-puerto-varas-r-de-los-lagos\\\/\"]}]},{\"@type\":\"ImageObject\",\"inLanguage\":\"de-DE\",\"@id\":\"https:\\\/\\\/produncan.cl\\\/de\\\/produkt\\\/casa-faro-los-colonos-puerto-varas-r-de-los-lagos\\\/#primaryimage\",\"url\":\"https:\\\/\\\/produncan.cl\\\/wp-content\\\/uploads\\\/2023\\\/03\\\/Presentacion-Casa-Faro-Los-Colonos.webp\",\"contentUrl\":\"https:\\\/\\\/produncan.cl\\\/wp-content\\\/uploads\\\/2023\\\/03\\\/Presentacion-Casa-Faro-Los-Colonos.webp\",\"width\":600,\"height\":450},{\"@type\":\"BreadcrumbList\",\"@id\":\"https:\\\/\\\/produncan.cl\\\/de\\\/produkt\\\/casa-faro-los-colonos-puerto-varas-r-de-los-lagos\\\/#breadcrumb\",\"itemListElement\":[{\"@type\":\"ListItem\",\"position\":1,\"name\":\"Inicio\",\"item\":\"https:\\\/\\\/produncan.cl\\\/de\\\/\"},{\"@type\":\"ListItem\",\"position\":2,\"name\":\"Eigenschaften\",\"item\":\"https:\\\/\\\/produncan.cl\\\/propiedades\\\/\"},{\"@type\":\"ListItem\",\"position\":3,\"name\":\"St\u00e4dtische Immobilien\",\"item\":\"https:\\\/\\\/produncan.cl\\\/de\\\/kategorie\\\/stadtische-immobilien\\\/\"},{\"@type\":\"ListItem\",\"position\":4,\"name\":\"Haus zu verkaufen Faro Los Colonos &#8211; Puerto Varas &#8211; Regi\u00f3n de los Lagos\"}]},{\"@type\":\"WebSite\",\"@id\":\"https:\\\/\\\/produncan.cl\\\/de\\\/#website\",\"url\":\"https:\\\/\\\/produncan.cl\\\/de\\\/\",\"name\":\"Produncan\",\"description\":\"Wir begleiten Sie bei Ihrem Lebensprojekt!\",\"publisher\":{\"@id\":\"https:\\\/\\\/produncan.cl\\\/de\\\/#organization\"},\"potentialAction\":[{\"@type\":\"SearchAction\",\"target\":{\"@type\":\"EntryPoint\",\"urlTemplate\":\"https:\\\/\\\/produncan.cl\\\/de\\\/?s={search_term_string}\"},\"query-input\":{\"@type\":\"PropertyValueSpecification\",\"valueRequired\":true,\"valueName\":\"search_term_string\"}}],\"inLanguage\":\"de-DE\"},{\"@type\":\"Organization\",\"@id\":\"https:\\\/\\\/produncan.cl\\\/de\\\/#organization\",\"name\":\"Produncan\",\"url\":\"https:\\\/\\\/produncan.cl\\\/de\\\/\",\"logo\":{\"@type\":\"ImageObject\",\"inLanguage\":\"de-DE\",\"@id\":\"https:\\\/\\\/produncan.cl\\\/de\\\/#\\\/schema\\\/logo\\\/image\\\/\",\"url\":\"https:\\\/\\\/produncan.cl\\\/wp-content\\\/uploads\\\/2021\\\/03\\\/LOGO.jpeg\",\"contentUrl\":\"https:\\\/\\\/produncan.cl\\\/wp-content\\\/uploads\\\/2021\\\/03\\\/LOGO.jpeg\",\"width\":1280,\"height\":903,\"caption\":\"Produncan\"},\"image\":{\"@id\":\"https:\\\/\\\/produncan.cl\\\/de\\\/#\\\/schema\\\/logo\\\/image\\\/\"},\"sameAs\":[\"https:\\\/\\\/web.facebook.com\\\/produncanland\",\"https:\\\/\\\/www.instagram.com\\\/pro_duncan\\\/\",\"https:\\\/\\\/www.linkedin.com\\\/company\\\/produncan-lands\\\/\",\"https:\\\/\\\/www.youtube.com\\\/channel\\\/UCu7N-f3x0svkazD-Eew1-QQ\"],\"description\":\"En Produncan somos especialistas en la venta de terrenos en el sur de Chile. Proveemos estancias, campos, parcelas y hoteles.\",\"email\":\"info@produncan.cl\"}]}<\/script>\n<meta property=\"og:video\" content=\"https:\/\/www.youtube.com\/embed\/d4EJm7FbW3o\" \/>\n<meta property=\"og:video:type\" content=\"text\/html\" \/>\n<meta property=\"og:video:duration\" content=\"80\" \/>\n<meta property=\"og:video:width\" content=\"480\" \/>\n<meta property=\"og:video:height\" content=\"360\" \/>\n<meta property=\"ya:ovs:adult\" content=\"false\" \/>\n<meta property=\"ya:ovs:upload_date\" content=\"2022-04-16T21:58:09+00:00\" \/>\n<meta property=\"ya:ovs:allow_embed\" content=\"true\" \/>\n<meta property=\"product:price:amount\" content=\"384800.00\" \/>\n<meta property=\"product:price:currency\" content=\"USD\" \/>\n<meta property=\"og:availability\" content=\"instock\" \/>\n<meta property=\"product:availability\" content=\"instock\" \/>\n<meta property=\"product:condition\" content=\"new\" \/>\n<!-- \/ Yoast SEO Premium plugin. -->","yoast_head_json":{"title":"Haus zu verkaufen Faro Los Colonos - Puerto Varas - Produncan","description":"Zweist\u00f6ckiges Haus in Puerto Varas, mit 4 Schlafzimmern und 4 B\u00e4dern, ger\u00e4umigen Zimmern, Terrasse, hinterem Garten, praktischer und funktioneller K\u00fcche.","robots":{"index":"index","follow":"follow","max-snippet":"max-snippet:-1","max-image-preview":"max-image-preview:large","max-video-preview":"max-video-preview:-1"},"canonical":"https:\/\/produncan.cl\/de\/produkt\/casa-faro-los-colonos-puerto-varas-r-de-los-lagos\/","og_locale":"de_DE","og_type":"article","og_title":"Haus zu verkaufen Faro Los Colonos - Puerto Varas - Regi\u00f3n de los Lagos","og_description":"Zweist\u00f6ckiges Haus in Puerto Varas, mit 4 Schlafzimmern und 4 B\u00e4dern, ger\u00e4umigen Zimmern, Terrasse, hinterem Garten, praktischer und funktioneller K\u00fcche.","og_url":"https:\/\/produncan.cl\/de\/produkt\/casa-faro-los-colonos-puerto-varas-r-de-los-lagos\/","og_site_name":"Produncan","article_publisher":"https:\/\/web.facebook.com\/produncanland","article_modified_time":"2025-07-19T18:01:57+00:00","og_image":[{"width":600,"height":450,"url":"https:\/\/produncan.cl\/wp-content\/uploads\/2023\/03\/Presentacion-Casa-Faro-Los-Colonos.webp","type":"image\/webp"}],"twitter_card":"summary_large_image","twitter_misc":{"Price":"USD384.800,00","Availability":"In stock"},"schema":{"@context":"https:\/\/schema.org","@graph":[{"@type":"WebPage","@id":"https:\/\/produncan.cl\/de\/produkt\/casa-faro-los-colonos-puerto-varas-r-de-los-lagos\/","url":"https:\/\/produncan.cl\/de\/produkt\/casa-faro-los-colonos-puerto-varas-r-de-los-lagos\/","name":"Haus zu verkaufen Faro Los Colonos - Puerto Varas - Produncan","isPartOf":{"@id":"https:\/\/produncan.cl\/de\/#website"},"primaryImageOfPage":{"@id":"https:\/\/produncan.cl\/de\/produkt\/casa-faro-los-colonos-puerto-varas-r-de-los-lagos\/#primaryimage"},"image":{"@id":"https:\/\/produncan.cl\/de\/produkt\/casa-faro-los-colonos-puerto-varas-r-de-los-lagos\/#primaryimage"},"thumbnailUrl":"https:\/\/produncan.cl\/wp-content\/uploads\/2023\/03\/Presentacion-Casa-Faro-Los-Colonos.webp","datePublished":"2022-04-16T21:58:09+00:00","dateModified":"2025-07-19T18:01:57+00:00","description":"Zweist\u00f6ckiges Haus in Puerto Varas, mit 4 Schlafzimmern und 4 B\u00e4dern, ger\u00e4umigen Zimmern, Terrasse, hinterem Garten, praktischer und funktioneller K\u00fcche.","breadcrumb":{"@id":"https:\/\/produncan.cl\/de\/produkt\/casa-faro-los-colonos-puerto-varas-r-de-los-lagos\/#breadcrumb"},"inLanguage":"de-DE","potentialAction":[{"@type":"ReadAction","target":["https:\/\/produncan.cl\/de\/produkt\/casa-faro-los-colonos-puerto-varas-r-de-los-lagos\/"]}]},{"@type":"ImageObject","inLanguage":"de-DE","@id":"https:\/\/produncan.cl\/de\/produkt\/casa-faro-los-colonos-puerto-varas-r-de-los-lagos\/#primaryimage","url":"https:\/\/produncan.cl\/wp-content\/uploads\/2023\/03\/Presentacion-Casa-Faro-Los-Colonos.webp","contentUrl":"https:\/\/produncan.cl\/wp-content\/uploads\/2023\/03\/Presentacion-Casa-Faro-Los-Colonos.webp","width":600,"height":450},{"@type":"BreadcrumbList","@id":"https:\/\/produncan.cl\/de\/produkt\/casa-faro-los-colonos-puerto-varas-r-de-los-lagos\/#breadcrumb","itemListElement":[{"@type":"ListItem","position":1,"name":"Inicio","item":"https:\/\/produncan.cl\/de\/"},{"@type":"ListItem","position":2,"name":"Eigenschaften","item":"https:\/\/produncan.cl\/propiedades\/"},{"@type":"ListItem","position":3,"name":"St\u00e4dtische Immobilien","item":"https:\/\/produncan.cl\/de\/kategorie\/stadtische-immobilien\/"},{"@type":"ListItem","position":4,"name":"Haus zu verkaufen Faro Los Colonos &#8211; Puerto Varas &#8211; Regi\u00f3n de los Lagos"}]},{"@type":"WebSite","@id":"https:\/\/produncan.cl\/de\/#website","url":"https:\/\/produncan.cl\/de\/","name":"Produncan","description":"Wir begleiten Sie bei Ihrem Lebensprojekt!","publisher":{"@id":"https:\/\/produncan.cl\/de\/#organization"},"potentialAction":[{"@type":"SearchAction","target":{"@type":"EntryPoint","urlTemplate":"https:\/\/produncan.cl\/de\/?s={search_term_string}"},"query-input":{"@type":"PropertyValueSpecification","valueRequired":true,"valueName":"search_term_string"}}],"inLanguage":"de-DE"},{"@type":"Organization","@id":"https:\/\/produncan.cl\/de\/#organization","name":"Produncan","url":"https:\/\/produncan.cl\/de\/","logo":{"@type":"ImageObject","inLanguage":"de-DE","@id":"https:\/\/produncan.cl\/de\/#\/schema\/logo\/image\/","url":"https:\/\/produncan.cl\/wp-content\/uploads\/2021\/03\/LOGO.jpeg","contentUrl":"https:\/\/produncan.cl\/wp-content\/uploads\/2021\/03\/LOGO.jpeg","width":1280,"height":903,"caption":"Produncan"},"image":{"@id":"https:\/\/produncan.cl\/de\/#\/schema\/logo\/image\/"},"sameAs":["https:\/\/web.facebook.com\/produncanland","https:\/\/www.instagram.com\/pro_duncan\/","https:\/\/www.linkedin.com\/company\/produncan-lands\/","https:\/\/www.youtube.com\/channel\/UCu7N-f3x0svkazD-Eew1-QQ"],"description":"En Produncan somos especialistas en la venta de terrenos en el sur de Chile. Proveemos estancias, campos, parcelas y hoteles.","email":"info@produncan.cl"}]},"og_video":"https:\/\/www.youtube.com\/embed\/d4EJm7FbW3o","og_video_type":"text\/html","og_video_duration":"80","og_video_width":"480","og_video_height":"360","ya_ovs_adult":"false","ya_ovs_upload_date":"2022-04-16T21:58:09+00:00","ya_ovs_allow_embed":"true","product_price_amount":"384800.00","product_price_currency":"USD","og_availability":"instock","product_availability":"instock","product_condition":"new"},"_links":{"self":[{"href":"https:\/\/produncan.cl\/de\/wp-json\/wp\/v2\/product\/13571","targetHints":{"allow":["GET"]}}],"collection":[{"href":"https:\/\/produncan.cl\/de\/wp-json\/wp\/v2\/product"}],"about":[{"href":"https:\/\/produncan.cl\/de\/wp-json\/wp\/v2\/types\/product"}],"version-history":[{"count":0,"href":"https:\/\/produncan.cl\/de\/wp-json\/wp\/v2\/product\/13571\/revisions"}],"wp:featuredmedia":[{"embeddable":true,"href":"https:\/\/produncan.cl\/de\/wp-json\/wp\/v2\/media\/13259"}],"wp:attachment":[{"href":"https:\/\/produncan.cl\/de\/wp-json\/wp\/v2\/media?parent=13571"}],"wp:term":[{"taxonomy":"product_brand","embeddable":true,"href":"https:\/\/produncan.cl\/de\/wp-json\/wp\/v2\/product_brand?post=13571"},{"taxonomy":"product_cat","embeddable":true,"href":"https:\/\/produncan.cl\/de\/wp-json\/wp\/v2\/product_cat?post=13571"},{"taxonomy":"product_tag","embeddable":true,"href":"https:\/\/produncan.cl\/de\/wp-json\/wp\/v2\/product_tag?post=13571"},{"taxonomy":"regiones","embeddable":true,"href":"https:\/\/produncan.cl\/de\/wp-json\/wp\/v2\/regiones?post=13571"},{"taxonomy":"ciudades","embeddable":true,"href":"https:\/\/produncan.cl\/de\/wp-json\/wp\/v2\/ciudades?post=13571"}],"curies":[{"name":"wp","href":"https:\/\/api.w.org\/{rel}","templated":true}]}}