{"id":13573,"date":"2022-04-16T18:28:27","date_gmt":"2022-04-16T22:28:27","guid":{"rendered":"https:\/\/produncan.cl\/producto\/geschaeftshaus-plaza-de-armas-puerto-natales-magallanes\/"},"modified":"2025-12-26T17:29:21","modified_gmt":"2025-12-26T20:29:21","slug":"geschaeftshaus-plaza-de-armas-puerto-natales-magallanes","status":"publish","type":"product","link":"https:\/\/produncan.cl\/de\/produkt\/geschaeftshaus-plaza-de-armas-puerto-natales-magallanes\/","title":{"rendered":"Gesch\u00e4ftshaus Plaza de Armas &#8211; Puerto Natales, Magallanes"},"content":{"rendered":"\t\t<div data-elementor-type=\"product-post\" data-elementor-id=\"13573\" class=\"elementor elementor-13573 elementor-13264\" data-elementor-post-type=\"product\">\n\t\t\t\t<div class=\"elementor-element elementor-element-22cec22 e-flex e-con-boxed e-con e-parent\" data-id=\"22cec22\" data-element_type=\"container\" data-e-type=\"container\" data-settings=\"{&quot;jet_parallax_layout_list&quot;:[]}\">\n\t\t\t\t\t<div class=\"e-con-inner\">\n\t\t\t\t<div class=\"elementor-element elementor-element-7d90912 elementor-widget elementor-widget-heading\" data-id=\"7d90912\" data-element_type=\"widget\" data-e-type=\"widget\" data-widget_type=\"heading.default\">\n\t\t\t\t\t<h2 class=\"elementor-heading-title elementor-size-default\">Willkommen bei einem idealen Grundst\u00fcck f\u00fcr ein gro\u00dfartiges Projekt in Puerto Natales!<\/h2>\t\t\t\t<\/div>\n\t\t\t\t\t<\/div>\n\t\t\t\t<\/div>\n\t\t<div class=\"elementor-element elementor-element-78b598c e-flex e-con-boxed e-con e-parent\" data-id=\"78b598c\" data-element_type=\"container\" data-e-type=\"container\" data-settings=\"{&quot;jet_parallax_layout_list&quot;:[]}\">\n\t\t\t\t\t<div class=\"e-con-inner\">\n\t\t\t\t<div class=\"elementor-element elementor-element-9fd1450 elementor-widget elementor-widget-text-editor\" data-id=\"9fd1450\" data-element_type=\"widget\" data-e-type=\"widget\" data-widget_type=\"text-editor.default\">\n\t\t\t\t\t\t\t\t\t<p>Diese Immobilie befindet sich in der exklusivsten Gegend der Stadt, direkt an der Plaza de Armas.<\/p>\n<p><\/p>\n<p>Dieses sch\u00f6ne, 1961 erbaute Haus hat eine Fl\u00e4che von 157,7 m\u00b2 auf einer Gesamtfl\u00e4che von 910 m\u00b2 (18,2 x 50), was viel Platz f\u00fcr Ihr Projekt bedeutet. Dar\u00fcber hinaus hat die Immobilie eine Front von 18,2 m, so dass eine gro\u00dfe Exposition gegen\u00fcber dem belebtesten Ort in Puerto Natales.<\/p>\n<p><\/p>\n<p>Es handelt sich um das gr\u00f6\u00dfte Grundst\u00fcck vor der Plaza, das sich ideal f\u00fcr die Entwicklung von Immobilien eignen w\u00fcrde. Der Bebauungsplan l\u00e4sst eine H\u00f6he von bis zu 4 Stockwerken zu.<\/p>\n<p><\/p>\n<p>Im Inneren des Hauses finden Sie drei ger\u00e4umige und komfortable Schlafzimmer sowie ein komplettes Badezimmer, das k\u00fcrzlich renoviert wurde. Au\u00dferdem gibt es einen Wirtschaftsraum au\u00dferhalb des Haupthauses mit einer bebauten Fl\u00e4che von 30 m\u00b2.<\/p>\n<p><\/p>\n<p>Auf dem Grundst\u00fcck befindet sich au\u00dferdem ein 87,6 m\u00b2 gro\u00dfer Schuppen, in dem Sie Ihr Hab und Gut unterbringen k\u00f6nnen. Au\u00dferdem ist es mit einer Gaszentralheizung und einem Warmwassersystem ausgestattet, so dass Sie das ganze Jahr \u00fcber einen angenehmen Aufenthalt haben werden.<\/p>\n<p><\/p>\n<p>Eines der Merkmale dieses Anwesens ist die M\u00f6glichkeit, bis zu 10 Fahrzeuge zu parken, wobei bis zu 6 Fahrzeuge \u00fcberdacht werden k\u00f6nnen.<\/p>\n<p><span style=\"color: var( --e-global-color-text ); font-family: var( --e-global-typography-text-font-family ), Sans-serif; font-weight: var( --e-global-typography-text-font-weight ); text-align: var(--text-align); font-size: 1rem;\">Au\u00dferdem verf\u00fcgt die Immobilie \u00fcber eine geschlossene K\u00fcche, eine Eingangshalle von 12 m\u00b2, ein Esszimmer mit 21 m\u00b2, eine Speisekammer, einen Schreibtisch, ein Wohnzimmer von 19 m\u00b2 und einen Vorgarten und einen Hintergarten. \u00d6ffentliche Verkehrsmittel und ein Telekommunikationssignal sind ebenfalls zu Fu\u00df zu erreichen.<\/span><\/p>\n<p><\/p>\n<p>Die Immobilie befindet sich gegen\u00fcber der Plaza de Armas. Und im Umkreis von 200 m befinden sich fast alle \u00f6ffentlichen Einrichtungen: Carabineros, Feuerwehr, PDI, Notar, die Kathedrale, das Spielkasino, mehrere Hotels, Restaurants und Tourismusb\u00fcros. Die Costanera ist 6 Blocks entfernt.<\/p>\n<p><\/p>\n<p>Verpassen Sie nicht die Gelegenheit, diese atemberaubende Immobilie in einer der exklusivsten Gegenden von Puerto Natales zu besitzen.<\/p>\n<p><\/p>\n<p>Kontaktieren Sie uns noch heute und erfahren Sie mehr \u00fcber diese Immobilie!<\/p>\t\t\t\t\t\t\t\t<\/div>\n\t\t\t\t\t<\/div>\n\t\t\t\t<\/div>\n\t\t\t\t<\/div>\n\t\t","protected":false},"excerpt":{"rendered":"<p>Haus in Plaza de Armas von Puerto Natales, 158m\u00b2, ideal f\u00fcr neues Projekt.<\/p>\n","protected":false},"featured_media":13429,"template":"","meta":{"_acf_changed":false},"product_brand":[],"product_cat":[116],"product_tag":[232],"regiones":[225],"ciudades":[210],"class_list":{"0":"post-13573","1":"product","2":"type-product","3":"status-publish","4":"has-post-thumbnail","6":"product_cat-aysen-magallanes-de","7":"product_tag-grundstuecke","8":"regiones-aysen-magallanes","9":"ciudades-puerto-natales","11":"first","12":"instock","13":"sold-individually","14":"shipping-taxable","15":"purchasable","16":"product-type-simple"},"acf":[],"yoast_head":"<!-- This site is optimized with the Yoast SEO Premium plugin v26.0 (Yoast SEO v27.3) - https:\/\/yoast.com\/product\/yoast-seo-premium-wordpress\/ -->\n<title>Gesch\u00e4ftshaus - Plaza de Armas Puerto Natales - Produncan<\/title>\n<meta name=\"description\" content=\"Haus von 910m\u00b2 in Natales in ausgezeichnetem Zustand vor der Plaza de Armas und 6 Blocks von der Costanera. N\u00e4he zu \u00f6ffentlichen Dienstleistungen\" \/>\n<meta name=\"robots\" content=\"index, follow, max-snippet:-1, max-image-preview:large, max-video-preview:-1\" \/>\n<link rel=\"canonical\" href=\"https:\/\/produncan.cl\/de\/produkt\/geschaeftshaus-plaza-de-armas-puerto-natales-magallanes\/\" \/>\n<meta property=\"og:locale\" content=\"de_DE\" \/>\n<meta property=\"og:type\" content=\"article\" \/>\n<meta property=\"og:title\" content=\"Gesch\u00e4ftshaus Plaza de Armas - Puerto Natales, Magallanes\" \/>\n<meta property=\"og:description\" content=\"Haus von 910m\u00b2 in Natales in ausgezeichnetem Zustand vor der Plaza de Armas und 6 Blocks von der Costanera. N\u00e4he zu \u00f6ffentlichen Dienstleistungen\" \/>\n<meta property=\"og:url\" content=\"https:\/\/produncan.cl\/de\/produkt\/geschaeftshaus-plaza-de-armas-puerto-natales-magallanes\/\" \/>\n<meta property=\"og:site_name\" content=\"Produncan\" \/>\n<meta property=\"article:publisher\" content=\"https:\/\/web.facebook.com\/produncanland\" \/>\n<meta property=\"article:modified_time\" content=\"2025-12-26T20:29:21+00:00\" \/>\n<meta property=\"og:image\" content=\"https:\/\/produncan.cl\/wp-content\/uploads\/2023\/03\/Casa-Comercial-Plaza-de-armas-Puerto-Natales-1.webp\" \/>\n\t<meta property=\"og:image:width\" content=\"600\" \/>\n\t<meta property=\"og:image:height\" content=\"450\" \/>\n\t<meta property=\"og:image:type\" content=\"image\/webp\" \/>\n<meta name=\"twitter:card\" content=\"summary_large_image\" \/>\n<meta name=\"twitter:label1\" content=\"Price\" \/>\n\t<meta name=\"twitter:data1\" content=\"USD1.304.400,00\" \/>\n\t<meta name=\"twitter:label2\" content=\"Availability\" \/>\n\t<meta name=\"twitter:data2\" content=\"In stock\" \/>\n<script type=\"application\/ld+json\" class=\"yoast-schema-graph\">{\"@context\":\"https:\\\/\\\/schema.org\",\"@graph\":[{\"@type\":\"WebPage\",\"@id\":\"https:\\\/\\\/produncan.cl\\\/de\\\/produkt\\\/geschaeftshaus-plaza-de-armas-puerto-natales-magallanes\\\/\",\"url\":\"https:\\\/\\\/produncan.cl\\\/de\\\/produkt\\\/geschaeftshaus-plaza-de-armas-puerto-natales-magallanes\\\/\",\"name\":\"Gesch\u00e4ftshaus - Plaza de Armas Puerto Natales - Produncan\",\"isPartOf\":{\"@id\":\"https:\\\/\\\/produncan.cl\\\/de\\\/#website\"},\"primaryImageOfPage\":{\"@id\":\"https:\\\/\\\/produncan.cl\\\/de\\\/produkt\\\/geschaeftshaus-plaza-de-armas-puerto-natales-magallanes\\\/#primaryimage\"},\"image\":{\"@id\":\"https:\\\/\\\/produncan.cl\\\/de\\\/produkt\\\/geschaeftshaus-plaza-de-armas-puerto-natales-magallanes\\\/#primaryimage\"},\"thumbnailUrl\":\"https:\\\/\\\/produncan.cl\\\/wp-content\\\/uploads\\\/2023\\\/03\\\/Casa-Comercial-Plaza-de-armas-Puerto-Natales-1.webp\",\"datePublished\":\"2022-04-16T22:28:27+00:00\",\"dateModified\":\"2025-12-26T20:29:21+00:00\",\"description\":\"Haus von 910m\u00b2 in Natales in ausgezeichnetem Zustand vor der Plaza de Armas und 6 Blocks von der Costanera. N\u00e4he zu \u00f6ffentlichen Dienstleistungen\",\"breadcrumb\":{\"@id\":\"https:\\\/\\\/produncan.cl\\\/de\\\/produkt\\\/geschaeftshaus-plaza-de-armas-puerto-natales-magallanes\\\/#breadcrumb\"},\"inLanguage\":\"de-DE\",\"potentialAction\":[{\"@type\":\"ReadAction\",\"target\":[\"https:\\\/\\\/produncan.cl\\\/de\\\/produkt\\\/geschaeftshaus-plaza-de-armas-puerto-natales-magallanes\\\/\"]}]},{\"@type\":\"ImageObject\",\"inLanguage\":\"de-DE\",\"@id\":\"https:\\\/\\\/produncan.cl\\\/de\\\/produkt\\\/geschaeftshaus-plaza-de-armas-puerto-natales-magallanes\\\/#primaryimage\",\"url\":\"https:\\\/\\\/produncan.cl\\\/wp-content\\\/uploads\\\/2023\\\/03\\\/Casa-Comercial-Plaza-de-armas-Puerto-Natales-1.webp\",\"contentUrl\":\"https:\\\/\\\/produncan.cl\\\/wp-content\\\/uploads\\\/2023\\\/03\\\/Casa-Comercial-Plaza-de-armas-Puerto-Natales-1.webp\",\"width\":600,\"height\":450},{\"@type\":\"BreadcrumbList\",\"@id\":\"https:\\\/\\\/produncan.cl\\\/de\\\/produkt\\\/geschaeftshaus-plaza-de-armas-puerto-natales-magallanes\\\/#breadcrumb\",\"itemListElement\":[{\"@type\":\"ListItem\",\"position\":1,\"name\":\"Inicio\",\"item\":\"https:\\\/\\\/produncan.cl\\\/de\\\/\"},{\"@type\":\"ListItem\",\"position\":2,\"name\":\"Eigenschaften\",\"item\":\"https:\\\/\\\/produncan.cl\\\/propiedades\\\/\"},{\"@type\":\"ListItem\",\"position\":3,\"name\":\"Grundst\u00fccke\",\"item\":\"https:\\\/\\\/produncan.cl\\\/de\\\/kategorie\\\/grundstuecke\\\/\"},{\"@type\":\"ListItem\",\"position\":4,\"name\":\"Gesch\u00e4ftshaus Plaza de Armas &#8211; Puerto Natales, Magallanes\"}]},{\"@type\":\"WebSite\",\"@id\":\"https:\\\/\\\/produncan.cl\\\/de\\\/#website\",\"url\":\"https:\\\/\\\/produncan.cl\\\/de\\\/\",\"name\":\"Produncan\",\"description\":\"Wir begleiten Sie bei Ihrem Lebensprojekt!\",\"publisher\":{\"@id\":\"https:\\\/\\\/produncan.cl\\\/de\\\/#organization\"},\"potentialAction\":[{\"@type\":\"SearchAction\",\"target\":{\"@type\":\"EntryPoint\",\"urlTemplate\":\"https:\\\/\\\/produncan.cl\\\/de\\\/?s={search_term_string}\"},\"query-input\":{\"@type\":\"PropertyValueSpecification\",\"valueRequired\":true,\"valueName\":\"search_term_string\"}}],\"inLanguage\":\"de-DE\"},{\"@type\":\"Organization\",\"@id\":\"https:\\\/\\\/produncan.cl\\\/de\\\/#organization\",\"name\":\"Produncan\",\"url\":\"https:\\\/\\\/produncan.cl\\\/de\\\/\",\"logo\":{\"@type\":\"ImageObject\",\"inLanguage\":\"de-DE\",\"@id\":\"https:\\\/\\\/produncan.cl\\\/de\\\/#\\\/schema\\\/logo\\\/image\\\/\",\"url\":\"https:\\\/\\\/produncan.cl\\\/wp-content\\\/uploads\\\/2021\\\/03\\\/LOGO.jpeg\",\"contentUrl\":\"https:\\\/\\\/produncan.cl\\\/wp-content\\\/uploads\\\/2021\\\/03\\\/LOGO.jpeg\",\"width\":1280,\"height\":903,\"caption\":\"Produncan\"},\"image\":{\"@id\":\"https:\\\/\\\/produncan.cl\\\/de\\\/#\\\/schema\\\/logo\\\/image\\\/\"},\"sameAs\":[\"https:\\\/\\\/web.facebook.com\\\/produncanland\",\"https:\\\/\\\/www.instagram.com\\\/pro_duncan\\\/\",\"https:\\\/\\\/www.linkedin.com\\\/company\\\/produncan-lands\\\/\",\"https:\\\/\\\/www.youtube.com\\\/channel\\\/UCu7N-f3x0svkazD-Eew1-QQ\"],\"description\":\"En Produncan somos especialistas en la venta de terrenos en el sur de Chile. Proveemos estancias, campos, parcelas y hoteles.\",\"email\":\"info@produncan.cl\"}]}<\/script>\n<meta property=\"og:video\" content=\"https:\/\/www.youtube.com\/embed\/5vhsLesqVcE\" \/>\n<meta property=\"og:video:type\" content=\"text\/html\" \/>\n<meta property=\"og:video:duration\" content=\"73\" \/>\n<meta property=\"og:video:width\" content=\"480\" \/>\n<meta property=\"og:video:height\" content=\"360\" \/>\n<meta property=\"ya:ovs:adult\" content=\"false\" \/>\n<meta property=\"ya:ovs:upload_date\" content=\"2022-04-16T22:28:27+00:00\" \/>\n<meta property=\"ya:ovs:allow_embed\" content=\"true\" \/>\n<meta property=\"product:price:amount\" content=\"1304400.00\" \/>\n<meta property=\"product:price:currency\" content=\"USD\" \/>\n<meta property=\"og:availability\" content=\"instock\" \/>\n<meta property=\"product:availability\" content=\"instock\" \/>\n<meta property=\"product:condition\" content=\"new\" \/>\n<!-- \/ Yoast SEO Premium plugin. -->","yoast_head_json":{"title":"Gesch\u00e4ftshaus - Plaza de Armas Puerto Natales - Produncan","description":"Haus von 910m\u00b2 in Natales in ausgezeichnetem Zustand vor der Plaza de Armas und 6 Blocks von der Costanera. N\u00e4he zu \u00f6ffentlichen Dienstleistungen","robots":{"index":"index","follow":"follow","max-snippet":"max-snippet:-1","max-image-preview":"max-image-preview:large","max-video-preview":"max-video-preview:-1"},"canonical":"https:\/\/produncan.cl\/de\/produkt\/geschaeftshaus-plaza-de-armas-puerto-natales-magallanes\/","og_locale":"de_DE","og_type":"article","og_title":"Gesch\u00e4ftshaus Plaza de Armas - Puerto Natales, Magallanes","og_description":"Haus von 910m\u00b2 in Natales in ausgezeichnetem Zustand vor der Plaza de Armas und 6 Blocks von der Costanera. N\u00e4he zu \u00f6ffentlichen Dienstleistungen","og_url":"https:\/\/produncan.cl\/de\/produkt\/geschaeftshaus-plaza-de-armas-puerto-natales-magallanes\/","og_site_name":"Produncan","article_publisher":"https:\/\/web.facebook.com\/produncanland","article_modified_time":"2025-12-26T20:29:21+00:00","og_image":[{"width":600,"height":450,"url":"https:\/\/produncan.cl\/wp-content\/uploads\/2023\/03\/Casa-Comercial-Plaza-de-armas-Puerto-Natales-1.webp","type":"image\/webp"}],"twitter_card":"summary_large_image","twitter_misc":{"Price":"USD1.304.400,00","Availability":"In stock"},"schema":{"@context":"https:\/\/schema.org","@graph":[{"@type":"WebPage","@id":"https:\/\/produncan.cl\/de\/produkt\/geschaeftshaus-plaza-de-armas-puerto-natales-magallanes\/","url":"https:\/\/produncan.cl\/de\/produkt\/geschaeftshaus-plaza-de-armas-puerto-natales-magallanes\/","name":"Gesch\u00e4ftshaus - Plaza de Armas Puerto Natales - Produncan","isPartOf":{"@id":"https:\/\/produncan.cl\/de\/#website"},"primaryImageOfPage":{"@id":"https:\/\/produncan.cl\/de\/produkt\/geschaeftshaus-plaza-de-armas-puerto-natales-magallanes\/#primaryimage"},"image":{"@id":"https:\/\/produncan.cl\/de\/produkt\/geschaeftshaus-plaza-de-armas-puerto-natales-magallanes\/#primaryimage"},"thumbnailUrl":"https:\/\/produncan.cl\/wp-content\/uploads\/2023\/03\/Casa-Comercial-Plaza-de-armas-Puerto-Natales-1.webp","datePublished":"2022-04-16T22:28:27+00:00","dateModified":"2025-12-26T20:29:21+00:00","description":"Haus von 910m\u00b2 in Natales in ausgezeichnetem Zustand vor der Plaza de Armas und 6 Blocks von der Costanera. N\u00e4he zu \u00f6ffentlichen Dienstleistungen","breadcrumb":{"@id":"https:\/\/produncan.cl\/de\/produkt\/geschaeftshaus-plaza-de-armas-puerto-natales-magallanes\/#breadcrumb"},"inLanguage":"de-DE","potentialAction":[{"@type":"ReadAction","target":["https:\/\/produncan.cl\/de\/produkt\/geschaeftshaus-plaza-de-armas-puerto-natales-magallanes\/"]}]},{"@type":"ImageObject","inLanguage":"de-DE","@id":"https:\/\/produncan.cl\/de\/produkt\/geschaeftshaus-plaza-de-armas-puerto-natales-magallanes\/#primaryimage","url":"https:\/\/produncan.cl\/wp-content\/uploads\/2023\/03\/Casa-Comercial-Plaza-de-armas-Puerto-Natales-1.webp","contentUrl":"https:\/\/produncan.cl\/wp-content\/uploads\/2023\/03\/Casa-Comercial-Plaza-de-armas-Puerto-Natales-1.webp","width":600,"height":450},{"@type":"BreadcrumbList","@id":"https:\/\/produncan.cl\/de\/produkt\/geschaeftshaus-plaza-de-armas-puerto-natales-magallanes\/#breadcrumb","itemListElement":[{"@type":"ListItem","position":1,"name":"Inicio","item":"https:\/\/produncan.cl\/de\/"},{"@type":"ListItem","position":2,"name":"Eigenschaften","item":"https:\/\/produncan.cl\/propiedades\/"},{"@type":"ListItem","position":3,"name":"Grundst\u00fccke","item":"https:\/\/produncan.cl\/de\/kategorie\/grundstuecke\/"},{"@type":"ListItem","position":4,"name":"Gesch\u00e4ftshaus Plaza de Armas &#8211; Puerto Natales, Magallanes"}]},{"@type":"WebSite","@id":"https:\/\/produncan.cl\/de\/#website","url":"https:\/\/produncan.cl\/de\/","name":"Produncan","description":"Wir begleiten Sie bei Ihrem Lebensprojekt!","publisher":{"@id":"https:\/\/produncan.cl\/de\/#organization"},"potentialAction":[{"@type":"SearchAction","target":{"@type":"EntryPoint","urlTemplate":"https:\/\/produncan.cl\/de\/?s={search_term_string}"},"query-input":{"@type":"PropertyValueSpecification","valueRequired":true,"valueName":"search_term_string"}}],"inLanguage":"de-DE"},{"@type":"Organization","@id":"https:\/\/produncan.cl\/de\/#organization","name":"Produncan","url":"https:\/\/produncan.cl\/de\/","logo":{"@type":"ImageObject","inLanguage":"de-DE","@id":"https:\/\/produncan.cl\/de\/#\/schema\/logo\/image\/","url":"https:\/\/produncan.cl\/wp-content\/uploads\/2021\/03\/LOGO.jpeg","contentUrl":"https:\/\/produncan.cl\/wp-content\/uploads\/2021\/03\/LOGO.jpeg","width":1280,"height":903,"caption":"Produncan"},"image":{"@id":"https:\/\/produncan.cl\/de\/#\/schema\/logo\/image\/"},"sameAs":["https:\/\/web.facebook.com\/produncanland","https:\/\/www.instagram.com\/pro_duncan\/","https:\/\/www.linkedin.com\/company\/produncan-lands\/","https:\/\/www.youtube.com\/channel\/UCu7N-f3x0svkazD-Eew1-QQ"],"description":"En Produncan somos especialistas en la venta de terrenos en el sur de Chile. Proveemos estancias, campos, parcelas y hoteles.","email":"info@produncan.cl"}]},"og_video":"https:\/\/www.youtube.com\/embed\/5vhsLesqVcE","og_video_type":"text\/html","og_video_duration":"73","og_video_width":"480","og_video_height":"360","ya_ovs_adult":"false","ya_ovs_upload_date":"2022-04-16T22:28:27+00:00","ya_ovs_allow_embed":"true","product_price_amount":"1304400.00","product_price_currency":"USD","og_availability":"instock","product_availability":"instock","product_condition":"new"},"_links":{"self":[{"href":"https:\/\/produncan.cl\/de\/wp-json\/wp\/v2\/product\/13573","targetHints":{"allow":["GET"]}}],"collection":[{"href":"https:\/\/produncan.cl\/de\/wp-json\/wp\/v2\/product"}],"about":[{"href":"https:\/\/produncan.cl\/de\/wp-json\/wp\/v2\/types\/product"}],"version-history":[{"count":2,"href":"https:\/\/produncan.cl\/de\/wp-json\/wp\/v2\/product\/13573\/revisions"}],"predecessor-version":[{"id":54231,"href":"https:\/\/produncan.cl\/de\/wp-json\/wp\/v2\/product\/13573\/revisions\/54231"}],"wp:featuredmedia":[{"embeddable":true,"href":"https:\/\/produncan.cl\/de\/wp-json\/wp\/v2\/media\/13429"}],"wp:attachment":[{"href":"https:\/\/produncan.cl\/de\/wp-json\/wp\/v2\/media?parent=13573"}],"wp:term":[{"taxonomy":"product_brand","embeddable":true,"href":"https:\/\/produncan.cl\/de\/wp-json\/wp\/v2\/product_brand?post=13573"},{"taxonomy":"product_cat","embeddable":true,"href":"https:\/\/produncan.cl\/de\/wp-json\/wp\/v2\/product_cat?post=13573"},{"taxonomy":"product_tag","embeddable":true,"href":"https:\/\/produncan.cl\/de\/wp-json\/wp\/v2\/product_tag?post=13573"},{"taxonomy":"regiones","embeddable":true,"href":"https:\/\/produncan.cl\/de\/wp-json\/wp\/v2\/regiones?post=13573"},{"taxonomy":"ciudades","embeddable":true,"href":"https:\/\/produncan.cl\/de\/wp-json\/wp\/v2\/ciudades?post=13573"}],"curies":[{"name":"wp","href":"https:\/\/api.w.org\/{rel}","templated":true}]}}