{"id":13983,"date":"2024-04-06T15:46:59","date_gmt":"2024-04-06T18:46:59","guid":{"rendered":"https:\/\/produncan.cl\/producto\/estancia-el-morro-laguna-blanca-magallanes\/"},"modified":"2026-03-16T09:35:18","modified_gmt":"2026-03-16T12:35:18","slug":"estancia-el-morro-laguna-blanca-magallanes","status":"publish","type":"product","link":"https:\/\/produncan.cl\/de\/produkt\/estancia-el-morro-laguna-blanca-magallanes\/","title":{"rendered":"Estancia El Morro &#8211; Laguna Blanca, Magallanes"},"content":{"rendered":"\t\t<div data-elementor-type=\"product-post\" data-elementor-id=\"13983\" class=\"elementor elementor-13983 elementor-13903\" data-elementor-post-type=\"product\">\n\t\t\t\t<div class=\"elementor-element elementor-element-663adbd e-flex e-con-boxed e-con e-parent\" data-id=\"663adbd\" data-element_type=\"container\" data-e-type=\"container\" data-settings=\"{&quot;jet_parallax_layout_list&quot;:[]}\">\n\t\t\t\t\t<div class=\"e-con-inner\">\n\t\t\t\t<div class=\"elementor-element elementor-element-8f4427e elementor-widget elementor-widget-heading\" data-id=\"8f4427e\" data-element_type=\"widget\" data-e-type=\"widget\" data-widget_type=\"heading.default\">\n\t\t\t\t\t<h2 class=\"elementor-heading-title elementor-size-default\">Willkommen auf der Estancia Ihrer Tr\u00e4ume!<\/h2>\t\t\t\t<\/div>\n\t\t\t\t\t<\/div>\n\t\t\t\t<\/div>\n\t\t<div class=\"elementor-element elementor-element-8437332 e-flex e-con-boxed e-con e-parent\" data-id=\"8437332\" data-element_type=\"container\" data-e-type=\"container\" data-settings=\"{&quot;jet_parallax_layout_list&quot;:[]}\">\n\t\t\t\t\t<div class=\"e-con-inner\">\n\t\t\t\t<div class=\"elementor-element elementor-element-c8162ba elementor-widget elementor-widget-text-editor\" data-id=\"c8162ba\" data-element_type=\"widget\" data-e-type=\"widget\" data-widget_type=\"text-editor.default\">\n\t\t\t\t\t\t\t\t\t<p>Diese sch\u00f6ne magellanische Estancia hat eine Gesamtfl\u00e4che von 4788,28 ha, ist direkt von einer asphaltierten Stra\u00dfe aus zug\u00e4nglich und verf\u00fcgt \u00fcber alle Einrichtungen.<\/p>\n<p><span style=\"color: var( --e-global-color-text ); font-family: var( --e-global-typography-text-font-family ), Sans-serif; font-weight: var( --e-global-typography-text-font-weight ); text-align: var(--text-align);\">Das Grundst\u00fcck wird \u00fcber einen \u00d6lmotor mit Strom und subventioniertem Gas versorgt, die Wasserversorgung erfolgt \u00fcber einen Tiefbrunnen, der 2 Liter pro Sekunde liefert, und ist f\u00fcr die Tierhaltung eingez\u00e4unt.<\/span><\/p>\n<p><span style=\"color: var( --e-global-color-text ); font-family: var( --e-global-typography-text-font-family ), Sans-serif; font-weight: var( --e-global-typography-text-font-weight ); text-align: var(--text-align);\">Das Anwesen umfasst mehrere Geb\u00e4ude, darunter ein sch\u00f6nes 226m\u00b2 gro\u00dfes Herrenhaus mit 3 Schlafzimmern, 2 B\u00e4dern, Wohnzimmer, K\u00fcche, Speisekammer und B\u00fcro. Au\u00dferdem gibt es ein komfortables Arbeiterhaus von 120 m\u00b2, St\u00e4lle von 68 m\u00b2, einen Schafstall von 500 m\u00b2 und ein Lagerhaus von 67 m\u00b2.<\/span><\/p>\n<p><span style=\"color: var( --e-global-color-text ); font-family: var( --e-global-typography-text-font-family ), Sans-serif; font-weight: var( --e-global-typography-text-font-weight ); text-align: var(--text-align);\">Das Grundst\u00fcck hat eine einzigartige Topographie, die durch eine h\u00fcgelige Ebene mit Wiesen in den Niederungen, einigen niedrigen H\u00fcgeln und einem Bach, der durch die Estancia flie\u00dft, gekennzeichnet ist.<\/span><\/p>\n<p><span style=\"color: var( --e-global-color-text ); font-family: var( --e-global-typography-text-font-family ), Sans-serif; font-weight: var( --e-global-typography-text-font-weight ); text-align: var(--text-align);\">Dar\u00fcber hinaus ist die Flora und Fauna beeindruckend, vor allem mit \u00d1ire-, Lenga- und Coigue-B\u00e4umen und einer Vielzahl von Tieren wie G\u00fcrteltieren, Hasen, Chilla-F\u00fcchsen, Culpeo-F\u00fcchsen, patagonischen Chingue, Pumas und einer gro\u00dfen Vielfalt an V\u00f6geln.<\/span><\/p>\n<p><span style=\"color: var( --e-global-color-text ); font-family: var( --e-global-typography-text-font-family ), Sans-serif; font-weight: var( --e-global-typography-text-font-weight ); text-align: var(--text-align);\">Das Klima ist kalt und trocken, was bedeutet, dass es nur wenig regnet und die Luftfeuchtigkeit gering ist.<\/span><\/p>\n<p><span style=\"color: var( --e-global-color-text ); font-family: var( --e-global-typography-text-font-family ), Sans-serif; font-weight: var( --e-global-typography-text-font-weight ); text-align: var(--text-align);\">Das Grundst\u00fcck befindet sich in der Gemeinde Laguna Blanca und ist \u00fcber eine asphaltierte Stra\u00dfe zwischen Punta Arenas und Puerto Natales zu erreichen. In der N\u00e4he befinden sich auch die Estancia San Lucas, das Restaurant Rubens, das Hotel Caja Compensaci\u00f3n de Los Andes und das Museum der Familie Kusanovic.<\/span><\/p>\n<p><span style=\"color: var( --e-global-color-text ); font-family: var( --e-global-typography-text-font-family ), Sans-serif; font-weight: var( --e-global-typography-text-font-weight ); text-align: var(--text-align);\">Der Flughafen Punta Arenas ist nur 2 Stunden entfernt<\/span>, <span style=\"color: var( --e-global-color-text ); font-family: var( --e-global-typography-text-font-family ), Sans-serif; font-weight: var( --e-global-typography-text-font-weight ); text-align: var(--text-align);\">und die Estancia ist mit \u00f6ffentlichen Verkehrsmitteln erreichbar und verf\u00fcgt \u00fcber Telekommunikation. Die Estancia ist mit \u00f6ffentlichen Verkehrsmitteln erreichbar und verf\u00fcgt \u00fcber ein Telekommunikationssignal.<\/span><\/p>\n<p><span style=\"color: var( --e-global-color-text ); font-family: var( --e-global-typography-text-font-family ), Sans-serif; font-weight: var( --e-global-typography-text-font-weight ); text-align: var(--text-align);\">Sein Preis betr\u00e4gt $4.000.000.000<\/span><\/p>\n<p><span style=\"color: var( --e-global-color-text ); font-family: var( --e-global-typography-text-font-family ), Sans-serif; font-weight: var( --e-global-typography-text-font-weight ); text-align: var(--text-align);\">Lassen Sie sich diese Gelegenheit nicht entgehen, in einem Naturparadies zu leben und alles zu genie\u00dfen, was Patagonien zu bieten hat! Vereinbaren Sie noch heute einen Besuch!<\/span><\/p>\n\t\t\t\t\t\t\t\t<\/div>\n\t\t\t\t\t<\/div>\n\t\t\t\t<\/div>\n\t\t\t\t<\/div>\n\t\t","protected":false},"excerpt":{"rendered":"<p>Estancia mit h\u00fcgeligen Ebenen zwischen Punta Arenas und Puerto Natales, direkt an der Route 9. Das Bauernhaus, das Arbeiterhaus, die Schafschurhallen, der Schafschurschuppen und der Tiefbrunnen.<\/p>\n","protected":false},"featured_media":35435,"template":"","meta":{"_acf_changed":false},"product_brand":[],"product_cat":[116],"product_tag":[235,234],"regiones":[225],"ciudades":[211],"class_list":{"0":"post-13983","1":"product","2":"type-product","3":"status-publish","4":"has-post-thumbnail","6":"product_cat-aysen-magallanes-de","7":"product_tag-felder","8":"product_tag-felder-fuer-den-schutz","9":"regiones-aysen-magallanes","10":"ciudades-punta-arenas","12":"first","13":"outofstock","14":"sold-individually","15":"shipping-taxable","16":"product-type-simple"},"acf":[],"yoast_head":"<!-- This site is optimized with the Yoast SEO Premium plugin v26.0 (Yoast SEO v27.3) - https:\/\/yoast.com\/product\/yoast-seo-premium-wordpress\/ -->\n<title>Estancia El Morro - Laguna Blanca, Magallanes - Produncan<\/title>\n<meta name=\"description\" content=\"Entdecken Sie die Estancia Ihrer Tr\u00e4ume im chilenischen Patagonien. Mit einer Fl\u00e4che von 4788,28 ha bietet dieses Anwesen ein 226 m\u00b2 gro\u00dfes Herrenhaus.\" \/>\n<meta name=\"robots\" content=\"index, follow, max-snippet:-1, max-image-preview:large, max-video-preview:-1\" \/>\n<link rel=\"canonical\" href=\"https:\/\/produncan.cl\/de\/produkt\/estancia-el-morro-laguna-blanca-magallanes\/\" \/>\n<meta property=\"og:locale\" content=\"de_DE\" \/>\n<meta property=\"og:type\" content=\"article\" \/>\n<meta property=\"og:title\" content=\"Estancia El Morro - Laguna Blanca, Magallanes\" \/>\n<meta property=\"og:description\" content=\"Entdecken Sie die Estancia Ihrer Tr\u00e4ume im chilenischen Patagonien. Mit einer Fl\u00e4che von 4788,28 ha bietet dieses Anwesen ein 226 m\u00b2 gro\u00dfes Herrenhaus.\" \/>\n<meta property=\"og:url\" content=\"https:\/\/produncan.cl\/de\/produkt\/estancia-el-morro-laguna-blanca-magallanes\/\" \/>\n<meta property=\"og:site_name\" content=\"Produncan\" \/>\n<meta property=\"article:publisher\" content=\"https:\/\/web.facebook.com\/produncanland\" \/>\n<meta property=\"article:modified_time\" content=\"2026-03-16T12:35:18+00:00\" \/>\n<meta property=\"og:image\" content=\"https:\/\/produncan.cl\/wp-content\/uploads\/2023\/04\/Estancia-El-Morro-Vendido.jpg\" \/>\n\t<meta property=\"og:image:width\" content=\"600\" \/>\n\t<meta property=\"og:image:height\" content=\"450\" \/>\n\t<meta property=\"og:image:type\" content=\"image\/jpeg\" \/>\n<meta name=\"twitter:card\" content=\"summary_large_image\" \/>\n<meta name=\"twitter:label1\" content=\"Price\" \/>\n\t<meta name=\"twitter:data1\" content=\"\" \/>\n\t<meta name=\"twitter:label2\" content=\"Availability\" \/>\n\t<meta name=\"twitter:data2\" content=\"Out of stock\" \/>\n<script type=\"application\/ld+json\" class=\"yoast-schema-graph\">{\"@context\":\"https:\\\/\\\/schema.org\",\"@graph\":[{\"@type\":\"WebPage\",\"@id\":\"https:\\\/\\\/produncan.cl\\\/de\\\/produkt\\\/estancia-el-morro-laguna-blanca-magallanes\\\/\",\"url\":\"https:\\\/\\\/produncan.cl\\\/de\\\/produkt\\\/estancia-el-morro-laguna-blanca-magallanes\\\/\",\"name\":\"Estancia El Morro - Laguna Blanca, Magallanes - Produncan\",\"isPartOf\":{\"@id\":\"https:\\\/\\\/produncan.cl\\\/de\\\/#website\"},\"primaryImageOfPage\":{\"@id\":\"https:\\\/\\\/produncan.cl\\\/de\\\/produkt\\\/estancia-el-morro-laguna-blanca-magallanes\\\/#primaryimage\"},\"image\":{\"@id\":\"https:\\\/\\\/produncan.cl\\\/de\\\/produkt\\\/estancia-el-morro-laguna-blanca-magallanes\\\/#primaryimage\"},\"thumbnailUrl\":\"https:\\\/\\\/produncan.cl\\\/wp-content\\\/uploads\\\/2023\\\/04\\\/Estancia-El-Morro-Vendido.jpg\",\"datePublished\":\"2024-04-06T18:46:59+00:00\",\"dateModified\":\"2026-03-16T12:35:18+00:00\",\"description\":\"Entdecken Sie die Estancia Ihrer Tr\u00e4ume im chilenischen Patagonien. Mit einer Fl\u00e4che von 4788,28 ha bietet dieses Anwesen ein 226 m\u00b2 gro\u00dfes Herrenhaus.\",\"breadcrumb\":{\"@id\":\"https:\\\/\\\/produncan.cl\\\/de\\\/produkt\\\/estancia-el-morro-laguna-blanca-magallanes\\\/#breadcrumb\"},\"inLanguage\":\"de-DE\",\"potentialAction\":[{\"@type\":\"ReadAction\",\"target\":[\"https:\\\/\\\/produncan.cl\\\/de\\\/produkt\\\/estancia-el-morro-laguna-blanca-magallanes\\\/\"]}]},{\"@type\":\"ImageObject\",\"inLanguage\":\"de-DE\",\"@id\":\"https:\\\/\\\/produncan.cl\\\/de\\\/produkt\\\/estancia-el-morro-laguna-blanca-magallanes\\\/#primaryimage\",\"url\":\"https:\\\/\\\/produncan.cl\\\/wp-content\\\/uploads\\\/2023\\\/04\\\/Estancia-El-Morro-Vendido.jpg\",\"contentUrl\":\"https:\\\/\\\/produncan.cl\\\/wp-content\\\/uploads\\\/2023\\\/04\\\/Estancia-El-Morro-Vendido.jpg\",\"width\":600,\"height\":450},{\"@type\":\"BreadcrumbList\",\"@id\":\"https:\\\/\\\/produncan.cl\\\/de\\\/produkt\\\/estancia-el-morro-laguna-blanca-magallanes\\\/#breadcrumb\",\"itemListElement\":[{\"@type\":\"ListItem\",\"position\":1,\"name\":\"Inicio\",\"item\":\"https:\\\/\\\/produncan.cl\\\/de\\\/\"},{\"@type\":\"ListItem\",\"position\":2,\"name\":\"Eigenschaften\",\"item\":\"https:\\\/\\\/produncan.cl\\\/propiedades\\\/\"},{\"@type\":\"ListItem\",\"position\":3,\"name\":\"Felder\",\"item\":\"https:\\\/\\\/produncan.cl\\\/de\\\/kategorie\\\/felder\\\/\"},{\"@type\":\"ListItem\",\"position\":4,\"name\":\"Estancia El Morro &#8211; Laguna Blanca, Magallanes\"}]},{\"@type\":\"WebSite\",\"@id\":\"https:\\\/\\\/produncan.cl\\\/de\\\/#website\",\"url\":\"https:\\\/\\\/produncan.cl\\\/de\\\/\",\"name\":\"Produncan\",\"description\":\"Wir begleiten Sie bei Ihrem Lebensprojekt!\",\"publisher\":{\"@id\":\"https:\\\/\\\/produncan.cl\\\/de\\\/#organization\"},\"potentialAction\":[{\"@type\":\"SearchAction\",\"target\":{\"@type\":\"EntryPoint\",\"urlTemplate\":\"https:\\\/\\\/produncan.cl\\\/de\\\/?s={search_term_string}\"},\"query-input\":{\"@type\":\"PropertyValueSpecification\",\"valueRequired\":true,\"valueName\":\"search_term_string\"}}],\"inLanguage\":\"de-DE\"},{\"@type\":\"Organization\",\"@id\":\"https:\\\/\\\/produncan.cl\\\/de\\\/#organization\",\"name\":\"Produncan\",\"url\":\"https:\\\/\\\/produncan.cl\\\/de\\\/\",\"logo\":{\"@type\":\"ImageObject\",\"inLanguage\":\"de-DE\",\"@id\":\"https:\\\/\\\/produncan.cl\\\/de\\\/#\\\/schema\\\/logo\\\/image\\\/\",\"url\":\"https:\\\/\\\/produncan.cl\\\/wp-content\\\/uploads\\\/2021\\\/03\\\/LOGO.jpeg\",\"contentUrl\":\"https:\\\/\\\/produncan.cl\\\/wp-content\\\/uploads\\\/2021\\\/03\\\/LOGO.jpeg\",\"width\":1280,\"height\":903,\"caption\":\"Produncan\"},\"image\":{\"@id\":\"https:\\\/\\\/produncan.cl\\\/de\\\/#\\\/schema\\\/logo\\\/image\\\/\"},\"sameAs\":[\"https:\\\/\\\/web.facebook.com\\\/produncanland\",\"https:\\\/\\\/www.instagram.com\\\/pro_duncan\\\/\",\"https:\\\/\\\/www.linkedin.com\\\/company\\\/produncan-lands\\\/\",\"https:\\\/\\\/www.youtube.com\\\/channel\\\/UCu7N-f3x0svkazD-Eew1-QQ\"],\"description\":\"En Produncan somos especialistas en la venta de terrenos en el sur de Chile. Proveemos estancias, campos, parcelas y hoteles.\",\"email\":\"info@produncan.cl\"}]}<\/script>\n<meta property=\"og:video\" content=\"https:\/\/www.youtube.com\/embed\/n4JWN9_7jvQ\" \/>\n<meta property=\"og:video:type\" content=\"text\/html\" \/>\n<meta property=\"og:video:duration\" content=\"103\" \/>\n<meta property=\"og:video:width\" content=\"480\" \/>\n<meta property=\"og:video:height\" content=\"360\" \/>\n<meta property=\"ya:ovs:adult\" content=\"false\" \/>\n<meta property=\"ya:ovs:upload_date\" content=\"2024-04-06T18:46:59+00:00\" \/>\n<meta property=\"ya:ovs:allow_embed\" content=\"true\" \/>\n<meta property=\"product:price:currency\" content=\"USD\" \/>\n<meta property=\"og:availability\" content=\"out of stock\" \/>\n<meta property=\"product:availability\" content=\"out of stock\" \/>\n<meta property=\"product:condition\" content=\"new\" \/>\n<!-- \/ Yoast SEO Premium plugin. -->","yoast_head_json":{"title":"Estancia El Morro - Laguna Blanca, Magallanes - Produncan","description":"Entdecken Sie die Estancia Ihrer Tr\u00e4ume im chilenischen Patagonien. Mit einer Fl\u00e4che von 4788,28 ha bietet dieses Anwesen ein 226 m\u00b2 gro\u00dfes Herrenhaus.","robots":{"index":"index","follow":"follow","max-snippet":"max-snippet:-1","max-image-preview":"max-image-preview:large","max-video-preview":"max-video-preview:-1"},"canonical":"https:\/\/produncan.cl\/de\/produkt\/estancia-el-morro-laguna-blanca-magallanes\/","og_locale":"de_DE","og_type":"article","og_title":"Estancia El Morro - Laguna Blanca, Magallanes","og_description":"Entdecken Sie die Estancia Ihrer Tr\u00e4ume im chilenischen Patagonien. Mit einer Fl\u00e4che von 4788,28 ha bietet dieses Anwesen ein 226 m\u00b2 gro\u00dfes Herrenhaus.","og_url":"https:\/\/produncan.cl\/de\/produkt\/estancia-el-morro-laguna-blanca-magallanes\/","og_site_name":"Produncan","article_publisher":"https:\/\/web.facebook.com\/produncanland","article_modified_time":"2026-03-16T12:35:18+00:00","og_image":[{"width":600,"height":450,"url":"https:\/\/produncan.cl\/wp-content\/uploads\/2023\/04\/Estancia-El-Morro-Vendido.jpg","type":"image\/jpeg"}],"twitter_card":"summary_large_image","twitter_misc":{"Price":"","Availability":"Out of stock"},"schema":{"@context":"https:\/\/schema.org","@graph":[{"@type":"WebPage","@id":"https:\/\/produncan.cl\/de\/produkt\/estancia-el-morro-laguna-blanca-magallanes\/","url":"https:\/\/produncan.cl\/de\/produkt\/estancia-el-morro-laguna-blanca-magallanes\/","name":"Estancia El Morro - Laguna Blanca, Magallanes - Produncan","isPartOf":{"@id":"https:\/\/produncan.cl\/de\/#website"},"primaryImageOfPage":{"@id":"https:\/\/produncan.cl\/de\/produkt\/estancia-el-morro-laguna-blanca-magallanes\/#primaryimage"},"image":{"@id":"https:\/\/produncan.cl\/de\/produkt\/estancia-el-morro-laguna-blanca-magallanes\/#primaryimage"},"thumbnailUrl":"https:\/\/produncan.cl\/wp-content\/uploads\/2023\/04\/Estancia-El-Morro-Vendido.jpg","datePublished":"2024-04-06T18:46:59+00:00","dateModified":"2026-03-16T12:35:18+00:00","description":"Entdecken Sie die Estancia Ihrer Tr\u00e4ume im chilenischen Patagonien. Mit einer Fl\u00e4che von 4788,28 ha bietet dieses Anwesen ein 226 m\u00b2 gro\u00dfes Herrenhaus.","breadcrumb":{"@id":"https:\/\/produncan.cl\/de\/produkt\/estancia-el-morro-laguna-blanca-magallanes\/#breadcrumb"},"inLanguage":"de-DE","potentialAction":[{"@type":"ReadAction","target":["https:\/\/produncan.cl\/de\/produkt\/estancia-el-morro-laguna-blanca-magallanes\/"]}]},{"@type":"ImageObject","inLanguage":"de-DE","@id":"https:\/\/produncan.cl\/de\/produkt\/estancia-el-morro-laguna-blanca-magallanes\/#primaryimage","url":"https:\/\/produncan.cl\/wp-content\/uploads\/2023\/04\/Estancia-El-Morro-Vendido.jpg","contentUrl":"https:\/\/produncan.cl\/wp-content\/uploads\/2023\/04\/Estancia-El-Morro-Vendido.jpg","width":600,"height":450},{"@type":"BreadcrumbList","@id":"https:\/\/produncan.cl\/de\/produkt\/estancia-el-morro-laguna-blanca-magallanes\/#breadcrumb","itemListElement":[{"@type":"ListItem","position":1,"name":"Inicio","item":"https:\/\/produncan.cl\/de\/"},{"@type":"ListItem","position":2,"name":"Eigenschaften","item":"https:\/\/produncan.cl\/propiedades\/"},{"@type":"ListItem","position":3,"name":"Felder","item":"https:\/\/produncan.cl\/de\/kategorie\/felder\/"},{"@type":"ListItem","position":4,"name":"Estancia El Morro &#8211; Laguna Blanca, Magallanes"}]},{"@type":"WebSite","@id":"https:\/\/produncan.cl\/de\/#website","url":"https:\/\/produncan.cl\/de\/","name":"Produncan","description":"Wir begleiten Sie bei Ihrem Lebensprojekt!","publisher":{"@id":"https:\/\/produncan.cl\/de\/#organization"},"potentialAction":[{"@type":"SearchAction","target":{"@type":"EntryPoint","urlTemplate":"https:\/\/produncan.cl\/de\/?s={search_term_string}"},"query-input":{"@type":"PropertyValueSpecification","valueRequired":true,"valueName":"search_term_string"}}],"inLanguage":"de-DE"},{"@type":"Organization","@id":"https:\/\/produncan.cl\/de\/#organization","name":"Produncan","url":"https:\/\/produncan.cl\/de\/","logo":{"@type":"ImageObject","inLanguage":"de-DE","@id":"https:\/\/produncan.cl\/de\/#\/schema\/logo\/image\/","url":"https:\/\/produncan.cl\/wp-content\/uploads\/2021\/03\/LOGO.jpeg","contentUrl":"https:\/\/produncan.cl\/wp-content\/uploads\/2021\/03\/LOGO.jpeg","width":1280,"height":903,"caption":"Produncan"},"image":{"@id":"https:\/\/produncan.cl\/de\/#\/schema\/logo\/image\/"},"sameAs":["https:\/\/web.facebook.com\/produncanland","https:\/\/www.instagram.com\/pro_duncan\/","https:\/\/www.linkedin.com\/company\/produncan-lands\/","https:\/\/www.youtube.com\/channel\/UCu7N-f3x0svkazD-Eew1-QQ"],"description":"En Produncan somos especialistas en la venta de terrenos en el sur de Chile. Proveemos estancias, campos, parcelas y hoteles.","email":"info@produncan.cl"}]},"og_video":"https:\/\/www.youtube.com\/embed\/n4JWN9_7jvQ","og_video_type":"text\/html","og_video_duration":"103","og_video_width":"480","og_video_height":"360","ya_ovs_adult":"false","ya_ovs_upload_date":"2024-04-06T18:46:59+00:00","ya_ovs_allow_embed":"true","product_price_currency":"USD","og_availability":"out of stock","product_availability":"out of stock","product_condition":"new"},"_links":{"self":[{"href":"https:\/\/produncan.cl\/de\/wp-json\/wp\/v2\/product\/13983","targetHints":{"allow":["GET"]}}],"collection":[{"href":"https:\/\/produncan.cl\/de\/wp-json\/wp\/v2\/product"}],"about":[{"href":"https:\/\/produncan.cl\/de\/wp-json\/wp\/v2\/types\/product"}],"version-history":[{"count":3,"href":"https:\/\/produncan.cl\/de\/wp-json\/wp\/v2\/product\/13983\/revisions"}],"predecessor-version":[{"id":54949,"href":"https:\/\/produncan.cl\/de\/wp-json\/wp\/v2\/product\/13983\/revisions\/54949"}],"wp:featuredmedia":[{"embeddable":true,"href":"https:\/\/produncan.cl\/de\/wp-json\/wp\/v2\/media\/35435"}],"wp:attachment":[{"href":"https:\/\/produncan.cl\/de\/wp-json\/wp\/v2\/media?parent=13983"}],"wp:term":[{"taxonomy":"product_brand","embeddable":true,"href":"https:\/\/produncan.cl\/de\/wp-json\/wp\/v2\/product_brand?post=13983"},{"taxonomy":"product_cat","embeddable":true,"href":"https:\/\/produncan.cl\/de\/wp-json\/wp\/v2\/product_cat?post=13983"},{"taxonomy":"product_tag","embeddable":true,"href":"https:\/\/produncan.cl\/de\/wp-json\/wp\/v2\/product_tag?post=13983"},{"taxonomy":"regiones","embeddable":true,"href":"https:\/\/produncan.cl\/de\/wp-json\/wp\/v2\/regiones?post=13983"},{"taxonomy":"ciudades","embeddable":true,"href":"https:\/\/produncan.cl\/de\/wp-json\/wp\/v2\/ciudades?post=13983"}],"curies":[{"name":"wp","href":"https:\/\/api.w.org\/{rel}","templated":true}]}}