{"id":14249,"date":"2024-05-14T11:45:11","date_gmt":"2024-05-14T15:45:11","guid":{"rendered":"https:\/\/produncan.cl\/producto\/talingotinto-farm-36ha-region-los-rios\/"},"modified":"2025-12-17T14:09:44","modified_gmt":"2025-12-17T17:09:44","slug":"talingotinto-farm-36ha-region-los-rios","status":"publish","type":"product","link":"https:\/\/produncan.cl\/de\/produkt\/talingotinto-farm-36ha-region-los-rios\/","title":{"rendered":"Feld mit Haus in La Uni\u00f3n &#8211; Region Los R\u00edos"},"content":{"rendered":"\t\t<div data-elementor-type=\"product-post\" data-elementor-id=\"14249\" class=\"elementor elementor-14249 elementor-13989\" data-elementor-post-type=\"product\">\n\t\t\t\t<div class=\"elementor-element elementor-element-4dabd16 e-flex e-con-boxed e-con e-parent\" data-id=\"4dabd16\" data-element_type=\"container\" data-e-type=\"container\" data-settings=\"{&quot;jet_parallax_layout_list&quot;:[]}\">\n\t\t\t\t\t<div class=\"e-con-inner\">\n\t\t\t\t<div class=\"elementor-element elementor-element-7b884a3 elementor-widget elementor-widget-heading\" data-id=\"7b884a3\" data-element_type=\"widget\" data-e-type=\"widget\" data-widget_type=\"heading.default\">\n\t\t\t\t\t<h2 class=\"elementor-heading-title elementor-size-default\">Spektakul\u00e4res Landgrundst\u00fcck mit Haus 10 Minuten von La Uni\u00f3n entfernt! Ehemals UF16920 Jetzt UF13422 <\/h2>\t\t\t\t<\/div>\n\t\t\t\t\t<\/div>\n\t\t\t\t<\/div>\n\t\t<div class=\"elementor-element elementor-element-f32182d e-flex e-con-boxed e-con e-parent\" data-id=\"f32182d\" data-element_type=\"container\" data-e-type=\"container\" data-settings=\"{&quot;jet_parallax_layout_list&quot;:[]}\">\n\t\t\t\t\t<div class=\"e-con-inner\">\n\t\t\t\t<div class=\"elementor-element elementor-element-d1e2718 elementor-widget elementor-widget-text-editor\" data-id=\"d1e2718\" data-element_type=\"widget\" data-e-type=\"widget\" data-widget_type=\"text-editor.default\">\n\t\t\t\t\t\t\t\t\t<p>Wir pr\u00e4sentieren dieses spektakul\u00e4re l\u00e4ndliche Anwesen auf einer Fl\u00e4che von 10,5 Hektar.<\/p><p>Es besteht aus einem spektakul\u00e4ren Haupthaus, einem gem\u00fctlichen Cottage und einem Arbeiterhaus am Zugang zum Grundst\u00fcck. Es gibt auch einen Stall f\u00fcr Tiere.<\/p><p>Das Haupthaus hat eine moderne Architektur und hochwertige Materialien, Es hat eine Wohnfl\u00e4che von 237 m\u00b2 und ist auf 3 Etagen verteilt. Es hat auch 3 Schlafzimmer und 3 B\u00e4der, eines en suite, begehbarer Kleiderschrank, Wohnzimmer, Esszimmer, offene K\u00fcche, B\u00fcro, Wohnzimmer, geschlossener Parkplatz, Waschk\u00fcche, Keller, eine gro\u00dfe Terrasse mit Whirlpool, Canil und vieles mehr.<\/p><p>Der Bauernhof mit Wohnhaus in La Uni\u00f3n verf\u00fcgt \u00fcber zwei bei der Wasserbeh\u00f6rde registrierte Brunnen mit einer Tiefe von 5 und 9 Metern, die das ganze Jahr \u00fcber Wasser f\u00fcr den tierischen und menschlichen Verbrauch liefern, sowie \u00fcber eine nutzbare Quelle, f\u00fcr die alle Untersuchungen durchgef\u00fchrt wurden. Es gibt auch l\u00e4ndliches Trinkwasser (APR).<\/p><p>Au\u00dferdem gibt es dort Strom und ein gutes Telekommunikationssignal.<\/p><p>Die Topographie der Landschaft besteht aus Gebieten mit sanftem Relief und bietet einen privilegierten Blick auf die Vulkane.<\/p><p>Das Feld ist komplett eingez\u00e4unt, mit einem Tierschutzzaun und einem ferngesteuerten Metalltor.<\/p><p>Das Feld hat auch ein Bew\u00e4sserungssystem von einem Teich in den Park mit Hydro-Pack, die Bew\u00e4sserung aller B\u00e4ume im Park und Garten des Hauses.<\/p><p>Auf dem Grundst\u00fcck befinden sich zahlreiche B\u00e4ume und Pflanzen, darunter Kiefern, Eukalyptus, Coig\u00fces, Weiden, \u00c4pfel, Quitten, Birnen, Pfirsiche, Kastanien, Pflaumen, Waln\u00fcsse, Murta, Acer japonica, Tannen und Zierkiefern, um nur einige zu nennen.<\/p><p>Die \u00f6rtliche Tierwelt umfasst Hasen, Tigerkatzen, Wanderwege, Drosseln und Kolibris;<\/p><p>Die Stra\u00dfe zum Camp ist asphaltiert und vom Flughafen Osorno aus in ca. 45 Minuten zu erreichen; \u00f6ffentliche Verkehrsmittel sind vorhanden.<\/p><p>Zu den nahe gelegenen Attraktionen geh\u00f6ren das Feuchtgebiet Trumao, die K\u00fcstenl\u00e4rche, Hueicoya am Strand, La Barra und La Union.<\/p><p>Kontaktieren Sie uns und fragen Sie nach allen Details dieser spektakul\u00e4ren Immobilie. Verpassen Sie nicht die Gelegenheit, im Haus Ihrer Tr\u00e4ume zu wohnen!<\/p>\t\t\t\t\t\t\t\t<\/div>\n\t\t\t\t\t<\/div>\n\t\t\t\t<\/div>\n\t\t\t\t<\/div>\n\t\t","protected":false},"excerpt":{"rendered":"<p>Grundst\u00fcck in La Uni\u00f3n, 10 Minuten von der Stadt entfernt. Modernes Haus mit 237 m\u00b2, H\u00fctte, Stall, Hausmeisterhaus, Trinkwasser, 2 bei der DGA registrierte Wasserr\u00e4der, Quellen, unterirdische Stromversorgung, Obstgarten und asphaltierte Zufahrt. <\/p>\n","protected":false},"featured_media":35655,"template":"","meta":{"_acf_changed":false},"product_brand":[],"product_cat":[104],"product_tag":[235,231],"regiones":[226],"ciudades":[215],"class_list":{"0":"post-14249","1":"product","2":"type-product","3":"status-publish","4":"has-post-thumbnail","6":"product_cat-ohiggins-los-lagos","7":"product_tag-felder","8":"product_tag-touristische-immobilien","9":"regiones-nuble-los_lagos","10":"ciudades-la-union","12":"first","13":"instock","14":"featured","15":"shipping-taxable","16":"purchasable","17":"product-type-simple"},"acf":[],"yoast_head":"<!-- This site is optimized with the Yoast SEO Premium plugin v26.0 (Yoast SEO v27.3) - https:\/\/yoast.com\/product\/yoast-seo-premium-wordpress\/ -->\n<title>Feld mit Haus in La Uni\u00f3n - Region Los R\u00edos - Produncan<\/title>\n<meta name=\"description\" content=\"10 ha Feld in der Region R\u00edos, 10 min von der Union. Haus, Kabine, stabil, Trinkwasser APR, H\u00e4nge, Strom und Asphalt Zugang.\" \/>\n<meta name=\"robots\" content=\"index, follow, max-snippet:-1, max-image-preview:large, max-video-preview:-1\" \/>\n<link rel=\"canonical\" href=\"https:\/\/produncan.cl\/de\/produkt\/talingotinto-farm-36ha-region-los-rios\/\" \/>\n<meta property=\"og:locale\" content=\"de_DE\" \/>\n<meta property=\"og:type\" content=\"article\" \/>\n<meta property=\"og:title\" content=\"Feld mit Haus in La Uni\u00f3n - Region Los R\u00edos\" \/>\n<meta property=\"og:description\" content=\"10 ha Feld in der Region R\u00edos, 10 min von der Union. Haus, Kabine, stabil, Trinkwasser APR, H\u00e4nge, Strom und Asphalt Zugang.\" \/>\n<meta property=\"og:url\" content=\"https:\/\/produncan.cl\/de\/produkt\/talingotinto-farm-36ha-region-los-rios\/\" \/>\n<meta property=\"og:site_name\" content=\"Produncan\" \/>\n<meta property=\"article:publisher\" content=\"https:\/\/web.facebook.com\/produncanland\" \/>\n<meta property=\"article:modified_time\" content=\"2025-12-17T17:09:44+00:00\" \/>\n<meta property=\"og:image\" content=\"https:\/\/produncan.cl\/wp-content\/uploads\/2023\/04\/Portada-Campo-Talingotinto-1.webp\" \/>\n<meta name=\"twitter:card\" content=\"summary_large_image\" \/>\n<meta name=\"twitter:label1\" content=\"Price\" \/>\n\t<meta name=\"twitter:data1\" content=\"USD576.200,00\" \/>\n\t<meta name=\"twitter:label2\" content=\"Availability\" \/>\n\t<meta name=\"twitter:data2\" content=\"In stock\" \/>\n<script type=\"application\/ld+json\" class=\"yoast-schema-graph\">{\"@context\":\"https:\\\/\\\/schema.org\",\"@graph\":[{\"@type\":\"WebPage\",\"@id\":\"https:\\\/\\\/produncan.cl\\\/de\\\/produkt\\\/talingotinto-farm-36ha-region-los-rios\\\/\",\"url\":\"https:\\\/\\\/produncan.cl\\\/de\\\/produkt\\\/talingotinto-farm-36ha-region-los-rios\\\/\",\"name\":\"Feld mit Haus in La Uni\u00f3n - Region Los R\u00edos - Produncan\",\"isPartOf\":{\"@id\":\"https:\\\/\\\/produncan.cl\\\/de\\\/#website\"},\"primaryImageOfPage\":{\"@id\":\"https:\\\/\\\/produncan.cl\\\/de\\\/produkt\\\/talingotinto-farm-36ha-region-los-rios\\\/#primaryimage\"},\"image\":{\"@id\":\"https:\\\/\\\/produncan.cl\\\/de\\\/produkt\\\/talingotinto-farm-36ha-region-los-rios\\\/#primaryimage\"},\"thumbnailUrl\":\"https:\\\/\\\/produncan.cl\\\/wp-content\\\/uploads\\\/2024\\\/05\\\/Campito-La-Union.webp\",\"datePublished\":\"2024-05-14T15:45:11+00:00\",\"dateModified\":\"2025-12-17T17:09:44+00:00\",\"description\":\"10 ha Feld in der Region R\u00edos, 10 min von der Union. Haus, Kabine, stabil, Trinkwasser APR, H\u00e4nge, Strom und Asphalt Zugang.\",\"breadcrumb\":{\"@id\":\"https:\\\/\\\/produncan.cl\\\/de\\\/produkt\\\/talingotinto-farm-36ha-region-los-rios\\\/#breadcrumb\"},\"inLanguage\":\"de-DE\",\"potentialAction\":[{\"@type\":\"ReadAction\",\"target\":[\"https:\\\/\\\/produncan.cl\\\/de\\\/produkt\\\/talingotinto-farm-36ha-region-los-rios\\\/\"]}]},{\"@type\":\"ImageObject\",\"inLanguage\":\"de-DE\",\"@id\":\"https:\\\/\\\/produncan.cl\\\/de\\\/produkt\\\/talingotinto-farm-36ha-region-los-rios\\\/#primaryimage\",\"url\":\"https:\\\/\\\/produncan.cl\\\/wp-content\\\/uploads\\\/2024\\\/05\\\/Campito-La-Union.webp\",\"contentUrl\":\"https:\\\/\\\/produncan.cl\\\/wp-content\\\/uploads\\\/2024\\\/05\\\/Campito-La-Union.webp\",\"width\":600,\"height\":450,\"caption\":\"Die Union\"},{\"@type\":\"BreadcrumbList\",\"@id\":\"https:\\\/\\\/produncan.cl\\\/de\\\/produkt\\\/talingotinto-farm-36ha-region-los-rios\\\/#breadcrumb\",\"itemListElement\":[{\"@type\":\"ListItem\",\"position\":1,\"name\":\"Inicio\",\"item\":\"https:\\\/\\\/produncan.cl\\\/de\\\/\"},{\"@type\":\"ListItem\",\"position\":2,\"name\":\"Eigenschaften\",\"item\":\"https:\\\/\\\/produncan.cl\\\/propiedades\\\/\"},{\"@type\":\"ListItem\",\"position\":3,\"name\":\"Felder\",\"item\":\"https:\\\/\\\/produncan.cl\\\/de\\\/kategorie\\\/felder\\\/\"},{\"@type\":\"ListItem\",\"position\":4,\"name\":\"Feld mit Haus in La Uni\u00f3n &#8211; Region Los R\u00edos\"}]},{\"@type\":\"WebSite\",\"@id\":\"https:\\\/\\\/produncan.cl\\\/de\\\/#website\",\"url\":\"https:\\\/\\\/produncan.cl\\\/de\\\/\",\"name\":\"Produncan\",\"description\":\"Wir begleiten Sie bei Ihrem Lebensprojekt!\",\"publisher\":{\"@id\":\"https:\\\/\\\/produncan.cl\\\/de\\\/#organization\"},\"potentialAction\":[{\"@type\":\"SearchAction\",\"target\":{\"@type\":\"EntryPoint\",\"urlTemplate\":\"https:\\\/\\\/produncan.cl\\\/de\\\/?s={search_term_string}\"},\"query-input\":{\"@type\":\"PropertyValueSpecification\",\"valueRequired\":true,\"valueName\":\"search_term_string\"}}],\"inLanguage\":\"de-DE\"},{\"@type\":\"Organization\",\"@id\":\"https:\\\/\\\/produncan.cl\\\/de\\\/#organization\",\"name\":\"Produncan\",\"url\":\"https:\\\/\\\/produncan.cl\\\/de\\\/\",\"logo\":{\"@type\":\"ImageObject\",\"inLanguage\":\"de-DE\",\"@id\":\"https:\\\/\\\/produncan.cl\\\/de\\\/#\\\/schema\\\/logo\\\/image\\\/\",\"url\":\"https:\\\/\\\/produncan.cl\\\/wp-content\\\/uploads\\\/2021\\\/03\\\/LOGO.jpeg\",\"contentUrl\":\"https:\\\/\\\/produncan.cl\\\/wp-content\\\/uploads\\\/2021\\\/03\\\/LOGO.jpeg\",\"width\":1280,\"height\":903,\"caption\":\"Produncan\"},\"image\":{\"@id\":\"https:\\\/\\\/produncan.cl\\\/de\\\/#\\\/schema\\\/logo\\\/image\\\/\"},\"sameAs\":[\"https:\\\/\\\/web.facebook.com\\\/produncanland\",\"https:\\\/\\\/www.instagram.com\\\/pro_duncan\\\/\",\"https:\\\/\\\/www.linkedin.com\\\/company\\\/produncan-lands\\\/\",\"https:\\\/\\\/www.youtube.com\\\/channel\\\/UCu7N-f3x0svkazD-Eew1-QQ\"],\"description\":\"En Produncan somos especialistas en la venta de terrenos en el sur de Chile. Proveemos estancias, campos, parcelas y hoteles.\",\"email\":\"info@produncan.cl\"}]}<\/script>\n<meta property=\"og:video\" content=\"https:\/\/www.youtube.com\/embed\/3HT6vJ3Vj-E\" \/>\n<meta property=\"og:video:type\" content=\"text\/html\" \/>\n<meta property=\"og:video:duration\" content=\"109\" \/>\n<meta property=\"og:video:width\" content=\"480\" \/>\n<meta property=\"og:video:height\" content=\"270\" \/>\n<meta property=\"ya:ovs:adult\" content=\"false\" \/>\n<meta property=\"ya:ovs:upload_date\" content=\"2024-05-14T15:45:11+00:00\" \/>\n<meta property=\"ya:ovs:allow_embed\" content=\"true\" \/>\n<meta property=\"product:price:amount\" content=\"576200.00\" \/>\n<meta property=\"product:price:currency\" content=\"USD\" \/>\n<meta property=\"og:availability\" content=\"instock\" \/>\n<meta property=\"product:availability\" content=\"instock\" \/>\n<meta property=\"product:condition\" content=\"new\" \/>\n<!-- \/ Yoast SEO Premium plugin. -->","yoast_head_json":{"title":"Feld mit Haus in La Uni\u00f3n - Region Los R\u00edos - Produncan","description":"10 ha Feld in der Region R\u00edos, 10 min von der Union. Haus, Kabine, stabil, Trinkwasser APR, H\u00e4nge, Strom und Asphalt Zugang.","robots":{"index":"index","follow":"follow","max-snippet":"max-snippet:-1","max-image-preview":"max-image-preview:large","max-video-preview":"max-video-preview:-1"},"canonical":"https:\/\/produncan.cl\/de\/produkt\/talingotinto-farm-36ha-region-los-rios\/","og_locale":"de_DE","og_type":"article","og_title":"Feld mit Haus in La Uni\u00f3n - Region Los R\u00edos","og_description":"10 ha Feld in der Region R\u00edos, 10 min von der Union. Haus, Kabine, stabil, Trinkwasser APR, H\u00e4nge, Strom und Asphalt Zugang.","og_url":"https:\/\/produncan.cl\/de\/produkt\/talingotinto-farm-36ha-region-los-rios\/","og_site_name":"Produncan","article_publisher":"https:\/\/web.facebook.com\/produncanland","article_modified_time":"2025-12-17T17:09:44+00:00","og_image":[{"url":"https:\/\/produncan.cl\/wp-content\/uploads\/2023\/04\/Portada-Campo-Talingotinto-1.webp","type":"","width":"","height":""}],"twitter_card":"summary_large_image","twitter_misc":{"Price":"USD576.200,00","Availability":"In stock"},"schema":{"@context":"https:\/\/schema.org","@graph":[{"@type":"WebPage","@id":"https:\/\/produncan.cl\/de\/produkt\/talingotinto-farm-36ha-region-los-rios\/","url":"https:\/\/produncan.cl\/de\/produkt\/talingotinto-farm-36ha-region-los-rios\/","name":"Feld mit Haus in La Uni\u00f3n - Region Los R\u00edos - Produncan","isPartOf":{"@id":"https:\/\/produncan.cl\/de\/#website"},"primaryImageOfPage":{"@id":"https:\/\/produncan.cl\/de\/produkt\/talingotinto-farm-36ha-region-los-rios\/#primaryimage"},"image":{"@id":"https:\/\/produncan.cl\/de\/produkt\/talingotinto-farm-36ha-region-los-rios\/#primaryimage"},"thumbnailUrl":"https:\/\/produncan.cl\/wp-content\/uploads\/2024\/05\/Campito-La-Union.webp","datePublished":"2024-05-14T15:45:11+00:00","dateModified":"2025-12-17T17:09:44+00:00","description":"10 ha Feld in der Region R\u00edos, 10 min von der Union. Haus, Kabine, stabil, Trinkwasser APR, H\u00e4nge, Strom und Asphalt Zugang.","breadcrumb":{"@id":"https:\/\/produncan.cl\/de\/produkt\/talingotinto-farm-36ha-region-los-rios\/#breadcrumb"},"inLanguage":"de-DE","potentialAction":[{"@type":"ReadAction","target":["https:\/\/produncan.cl\/de\/produkt\/talingotinto-farm-36ha-region-los-rios\/"]}]},{"@type":"ImageObject","inLanguage":"de-DE","@id":"https:\/\/produncan.cl\/de\/produkt\/talingotinto-farm-36ha-region-los-rios\/#primaryimage","url":"https:\/\/produncan.cl\/wp-content\/uploads\/2024\/05\/Campito-La-Union.webp","contentUrl":"https:\/\/produncan.cl\/wp-content\/uploads\/2024\/05\/Campito-La-Union.webp","width":600,"height":450,"caption":"Die Union"},{"@type":"BreadcrumbList","@id":"https:\/\/produncan.cl\/de\/produkt\/talingotinto-farm-36ha-region-los-rios\/#breadcrumb","itemListElement":[{"@type":"ListItem","position":1,"name":"Inicio","item":"https:\/\/produncan.cl\/de\/"},{"@type":"ListItem","position":2,"name":"Eigenschaften","item":"https:\/\/produncan.cl\/propiedades\/"},{"@type":"ListItem","position":3,"name":"Felder","item":"https:\/\/produncan.cl\/de\/kategorie\/felder\/"},{"@type":"ListItem","position":4,"name":"Feld mit Haus in La Uni\u00f3n &#8211; Region Los R\u00edos"}]},{"@type":"WebSite","@id":"https:\/\/produncan.cl\/de\/#website","url":"https:\/\/produncan.cl\/de\/","name":"Produncan","description":"Wir begleiten Sie bei Ihrem Lebensprojekt!","publisher":{"@id":"https:\/\/produncan.cl\/de\/#organization"},"potentialAction":[{"@type":"SearchAction","target":{"@type":"EntryPoint","urlTemplate":"https:\/\/produncan.cl\/de\/?s={search_term_string}"},"query-input":{"@type":"PropertyValueSpecification","valueRequired":true,"valueName":"search_term_string"}}],"inLanguage":"de-DE"},{"@type":"Organization","@id":"https:\/\/produncan.cl\/de\/#organization","name":"Produncan","url":"https:\/\/produncan.cl\/de\/","logo":{"@type":"ImageObject","inLanguage":"de-DE","@id":"https:\/\/produncan.cl\/de\/#\/schema\/logo\/image\/","url":"https:\/\/produncan.cl\/wp-content\/uploads\/2021\/03\/LOGO.jpeg","contentUrl":"https:\/\/produncan.cl\/wp-content\/uploads\/2021\/03\/LOGO.jpeg","width":1280,"height":903,"caption":"Produncan"},"image":{"@id":"https:\/\/produncan.cl\/de\/#\/schema\/logo\/image\/"},"sameAs":["https:\/\/web.facebook.com\/produncanland","https:\/\/www.instagram.com\/pro_duncan\/","https:\/\/www.linkedin.com\/company\/produncan-lands\/","https:\/\/www.youtube.com\/channel\/UCu7N-f3x0svkazD-Eew1-QQ"],"description":"En Produncan somos especialistas en la venta de terrenos en el sur de Chile. Proveemos estancias, campos, parcelas y hoteles.","email":"info@produncan.cl"}]},"og_video":"https:\/\/www.youtube.com\/embed\/3HT6vJ3Vj-E","og_video_type":"text\/html","og_video_duration":"109","og_video_width":"480","og_video_height":"270","ya_ovs_adult":"false","ya_ovs_upload_date":"2024-05-14T15:45:11+00:00","ya_ovs_allow_embed":"true","product_price_amount":"576200.00","product_price_currency":"USD","og_availability":"instock","product_availability":"instock","product_condition":"new"},"_links":{"self":[{"href":"https:\/\/produncan.cl\/de\/wp-json\/wp\/v2\/product\/14249","targetHints":{"allow":["GET"]}}],"collection":[{"href":"https:\/\/produncan.cl\/de\/wp-json\/wp\/v2\/product"}],"about":[{"href":"https:\/\/produncan.cl\/de\/wp-json\/wp\/v2\/types\/product"}],"version-history":[{"count":2,"href":"https:\/\/produncan.cl\/de\/wp-json\/wp\/v2\/product\/14249\/revisions"}],"predecessor-version":[{"id":53378,"href":"https:\/\/produncan.cl\/de\/wp-json\/wp\/v2\/product\/14249\/revisions\/53378"}],"wp:featuredmedia":[{"embeddable":true,"href":"https:\/\/produncan.cl\/de\/wp-json\/wp\/v2\/media\/35655"}],"wp:attachment":[{"href":"https:\/\/produncan.cl\/de\/wp-json\/wp\/v2\/media?parent=14249"}],"wp:term":[{"taxonomy":"product_brand","embeddable":true,"href":"https:\/\/produncan.cl\/de\/wp-json\/wp\/v2\/product_brand?post=14249"},{"taxonomy":"product_cat","embeddable":true,"href":"https:\/\/produncan.cl\/de\/wp-json\/wp\/v2\/product_cat?post=14249"},{"taxonomy":"product_tag","embeddable":true,"href":"https:\/\/produncan.cl\/de\/wp-json\/wp\/v2\/product_tag?post=14249"},{"taxonomy":"regiones","embeddable":true,"href":"https:\/\/produncan.cl\/de\/wp-json\/wp\/v2\/regiones?post=14249"},{"taxonomy":"ciudades","embeddable":true,"href":"https:\/\/produncan.cl\/de\/wp-json\/wp\/v2\/ciudades?post=14249"}],"curies":[{"name":"wp","href":"https:\/\/api.w.org\/{rel}","templated":true}]}}