{"id":14559,"date":"2023-04-28T18:09:23","date_gmt":"2023-04-28T22:09:23","guid":{"rendered":"https:\/\/produncan.cl\/producto\/campito-lago-rupanco-puyehue-r-de-los-lagos\/"},"modified":"2025-12-04T17:17:20","modified_gmt":"2025-12-04T20:17:20","slug":"campito-lago-rupanco-puyehue-r-de-los-lagos","status":"publish","type":"product","link":"https:\/\/produncan.cl\/de\/produkt\/campito-lago-rupanco-puyehue-r-de-los-lagos\/","title":{"rendered":"Landleben in Puyehue &#8211; Rupanco-See, Seengebiet"},"content":{"rendered":"\t\t<div data-elementor-type=\"product-post\" data-elementor-id=\"14559\" class=\"elementor elementor-14559 elementor-14342\" data-elementor-post-type=\"product\">\n\t\t\t\t<div class=\"elementor-element elementor-element-a8ae1b8 e-flex e-con-boxed e-con e-parent\" data-id=\"a8ae1b8\" data-element_type=\"container\" data-e-type=\"container\" data-settings=\"{&quot;jet_parallax_layout_list&quot;:[]}\">\n\t\t\t\t\t<div class=\"e-con-inner\">\n\t\t\t\t<div class=\"elementor-element elementor-element-86f44a4 elementor-widget elementor-widget-heading\" data-id=\"86f44a4\" data-element_type=\"widget\" data-e-type=\"widget\" data-widget_type=\"heading.default\">\n\t\t\t\t\t<h2 class=\"elementor-heading-title elementor-size-default\">Willkommen in einem Campito mit herrlichem Blick auf den Rupanco-See und die Kordillere!<\/h2>\t\t\t\t<\/div>\n\t\t\t\t\t<\/div>\n\t\t\t\t<\/div>\n\t\t<div class=\"elementor-element elementor-element-1653669 e-flex e-con-boxed e-con e-parent\" data-id=\"1653669\" data-element_type=\"container\" data-e-type=\"container\" data-settings=\"{&quot;jet_parallax_layout_list&quot;:[]}\">\n\t\t\t\t\t<div class=\"e-con-inner\">\n\t\t\t\t<div class=\"elementor-element elementor-element-397237e elementor-widget elementor-widget-text-editor\" data-id=\"397237e\" data-element_type=\"widget\" data-e-type=\"widget\" data-widget_type=\"text-editor.default\">\n\t\t\t\t\t\t\t\t\t<p>Am wundersch\u00f6nen Rupanco-See in der Gemeinde Puyehue gelegen, wartet dieses 6 Hektar gro\u00dfe Grundst\u00fcck auf diejenigen, die von einer traumhaften Landschaft umgeben sein und eine friedliche und unber\u00fchrte Umgebung genie\u00dfen m\u00f6chten.<\/p>\n<p><span style=\"text-align: var(--text-align);\">Dieses Feld in Puyehue, Osorno<\/span><span style=\"color: var( --e-global-color-text ); font-family: var( --e-global-typography-text-font-family ), Sans-serif; font-weight: var( --e-global-typography-text-font-weight ); text-align: var(--text-align);\">&nbsp;hat ein sch\u00f6nes Haus im Jahr 2018 gebaut, praktisch unbenutzt, mit 80m\u00b2 Nutzfl\u00e4che und 100m\u00b2 insgesamt. Es verf\u00fcgt \u00fcber ein gro\u00dfes Wohnzimmer, eine offene K\u00fcche, die in das Wohnzimmer integriert ist, ein gro\u00dfes Schlafzimmer, ein Badezimmer, eine Loggia und eine Terrasse von 20 m\u00b2. Das Haus ist nach Westen ausgerichtet, so dass Sie wundersch\u00f6ne Sonnenunterg\u00e4nge genie\u00dfen k\u00f6nnen.<\/span><\/p>\n<p><span style=\"color: var( --e-global-color-text ); font-family: var( --e-global-typography-text-font-family ), Sans-serif; font-weight: var( --e-global-typography-text-font-weight ); text-align: var(--text-align);\">Dar\u00fcber hinaus verf\u00fcgt das Anwesen \u00fcber einen Keller von 15m\u00b2.<\/span><\/p>\n<p>Der Campito besteht zu 75 % aus einheimischen B\u00e4umen und zu 25 % aus Grasland mit einer gro\u00dfen Vielfalt an einheimischer Flora und Fauna. Durch das Grundst\u00fcck flie\u00dfen ein Fluss, zwei B\u00e4che und mehrere Quellen, die eine st\u00e4ndige Wasserversorgung gew\u00e4hrleisten. Der Strom ist unterirdisch verlegt, es gibt ein gutes Telefonsignal, und in ein bis zwei Jahren wird das Grundst\u00fcck an das l\u00e4ndliche Trinkwassernetz (APR) angeschlossen.<\/p>\n<p><span style=\"color: var( --e-global-color-text ); font-family: var( --e-global-typography-text-font-family ), Sans-serif; font-weight: var( --e-global-typography-text-font-weight ); text-align: var(--text-align);\">Im oberen Teil des Grundst\u00fccks, an dem die Landstra\u00dfe vorbeif\u00fchrt und zu dem man Zugang hat, gibt es einen leichten Hang mit flachen und \u00fcbersichtlichen Bereichen. Im unteren Teil des Gel\u00e4ndes, wo sich der Fluss kreuzt, weisen die letzten 200 Meter ein schroffes Relief auf.<\/span><\/p>\n<p><span style=\"color: var( --e-global-color-text ); font-family: var( --e-global-typography-text-font-family ), Sans-serif; font-weight: var( --e-global-typography-text-font-weight ); text-align: var(--text-align);\">Das Grundst\u00fcck liegt 4,7 km von der Landebahn entfernt und ist sehr gut angebunden, nur 50 Minuten vom Flughafen Osorno und 20-25 Minuten von Entre Lagos, der n\u00e4chstgelegenen Stadt. Die Zufahrt erfolgt \u00fcber eine Schotterstra\u00dfe in gutem Zustand, die in einigen Jahren asphaltiert werden soll. \u00d6ffentliche Verkehrsmittel gibt es auf der asphaltierten Stra\u00dfe und sporadisch vor dem Haus.<\/span><\/p>\n<p><span style=\"color: var( --e-global-color-text ); font-family: var( --e-global-typography-text-font-family ), Sans-serif; font-weight: var( --e-global-typography-text-font-weight ); text-align: var(--text-align);\">In El Campito herrscht ein gem\u00e4\u00dfigtes und regnerisches Klima mit Temperaturen zwischen 10\u00b0C und 25\u00b0C im Sommer und zwischen 2\u00b0C und 15\u00b0C im Winter. Das Grundst\u00fcck liegt knapp unterhalb der 0\u00b0-Isotherme, was bedeutet, dass wenig oder gar kein Schnee f\u00e4llt.<\/span><\/p>\n<p><span style=\"color: var( --e-global-color-text ); font-family: var( --e-global-typography-text-font-family ), Sans-serif; font-weight: var( --e-global-typography-text-font-weight ); text-align: var(--text-align);\">In der Umgebung gibt es zahlreiche Attraktionen wie den Rupanco-See, den El Palmar-See, die hei\u00dfen Quellen von Puyehue, das Skizentrum Antillanca, die Calzoncillo-Wasserf\u00e4lle, den Puyehue-See und die Villa La Angostura;<\/span><\/p>\n<p><span style=\"color: var( --e-global-color-text ); font-family: var( --e-global-typography-text-font-family ), Sans-serif; font-weight: var( --e-global-typography-text-font-weight ); text-align: var(--text-align);\">Dieses Grundst\u00fcck ist f\u00fcr $235.000.000 erh\u00e4ltlich und bietet die einmalige Gelegenheit, Land in einem Biosph\u00e4renreservat zu erwerben, das die Forstwirtschaft in der Umgebung verhindert.<\/span><\/p>\n<p><span style=\"color: var( --e-global-color-text ); font-family: var( --e-global-typography-text-font-family ), Sans-serif; font-weight: var( --e-global-typography-text-font-weight ); text-align: var(--text-align);\">Verpassen Sie nicht die Gelegenheit, dieses kleine Camp zu Ihrem Zuhause in der Natur zu machen!<\/span><\/p>\t\t\t\t\t\t\t\t<\/div>\n\t\t\t\t\t<\/div>\n\t\t\t\t<\/div>\n\t\t\t\t<\/div>\n\t\t","protected":false},"excerpt":{"rendered":"<p>Bauernhof in Puyehue, Osorno, mit modernem Haus. Hoher Blick auf den Rupanco-See, Wiesen, einheimische W\u00e4lder, Fluss und S\u00fcmpfe. Elektrizit\u00e4t und Trinkwasser APR. 4,7 km vom Asphalt entfernt.<\/p>\n","protected":false},"featured_media":14348,"template":"","meta":{"_acf_changed":false},"product_brand":[],"product_cat":[104],"product_tag":[232],"regiones":[226],"ciudades":[217],"class_list":{"0":"post-14559","1":"product","2":"type-product","3":"status-publish","4":"has-post-thumbnail","6":"product_cat-ohiggins-los-lagos","7":"product_tag-grundstuecke","8":"regiones-nuble-los_lagos","9":"ciudades-osorno","11":"first","12":"instock","13":"shipping-taxable","14":"purchasable","15":"product-type-simple"},"acf":[],"yoast_head":"<!-- This site is optimized with the Yoast SEO Premium plugin v26.0 (Yoast SEO v27.3) - https:\/\/yoast.com\/product\/yoast-seo-premium-wordpress\/ -->\n<title>Landleben in Puyehue - Rupanco-See, Seengebiet - Produncan<\/title>\n<meta name=\"description\" content=\"Die Landschaft am Lago Rupanco: ein idyllischer Ort, um die Natur im S\u00fcden Chiles zu genie\u00dfen. Mit 6 Hektar, Fluss Wald, Strom und APR.\" \/>\n<meta name=\"robots\" content=\"index, follow, max-snippet:-1, max-image-preview:large, max-video-preview:-1\" \/>\n<link rel=\"canonical\" href=\"https:\/\/produncan.cl\/de\/produkt\/campito-lago-rupanco-puyehue-r-de-los-lagos\/\" \/>\n<meta property=\"og:locale\" content=\"de_DE\" \/>\n<meta property=\"og:type\" content=\"article\" \/>\n<meta property=\"og:title\" content=\"Landleben in Puyehue - Rupanco-See, Seengebiet\" \/>\n<meta property=\"og:description\" content=\"Die Landschaft am Lago Rupanco: ein idyllischer Ort, um die Natur im S\u00fcden Chiles zu genie\u00dfen. Mit 6 Hektar, Fluss Wald, Strom und APR.\" \/>\n<meta property=\"og:url\" content=\"https:\/\/produncan.cl\/de\/produkt\/campito-lago-rupanco-puyehue-r-de-los-lagos\/\" \/>\n<meta property=\"og:site_name\" content=\"Produncan\" \/>\n<meta property=\"article:publisher\" content=\"https:\/\/web.facebook.com\/produncanland\" \/>\n<meta property=\"article:modified_time\" content=\"2025-12-04T20:17:20+00:00\" \/>\n<meta property=\"og:image\" content=\"https:\/\/produncan.cl\/wp-content\/uploads\/2023\/04\/Presentacion-Campito-Lago-Rupanco.webp\" \/>\n<meta name=\"twitter:card\" content=\"summary_large_image\" \/>\n<meta name=\"twitter:label1\" content=\"Price\" \/>\n\t<meta name=\"twitter:data1\" content=\"USD255.500,00\" \/>\n\t<meta name=\"twitter:label2\" content=\"Availability\" \/>\n\t<meta name=\"twitter:data2\" content=\"In stock\" \/>\n<script type=\"application\/ld+json\" class=\"yoast-schema-graph\">{\"@context\":\"https:\\\/\\\/schema.org\",\"@graph\":[{\"@type\":\"WebPage\",\"@id\":\"https:\\\/\\\/produncan.cl\\\/de\\\/produkt\\\/campito-lago-rupanco-puyehue-r-de-los-lagos\\\/\",\"url\":\"https:\\\/\\\/produncan.cl\\\/de\\\/produkt\\\/campito-lago-rupanco-puyehue-r-de-los-lagos\\\/\",\"name\":\"Landleben in Puyehue - Rupanco-See, Seengebiet - Produncan\",\"isPartOf\":{\"@id\":\"https:\\\/\\\/produncan.cl\\\/de\\\/#website\"},\"primaryImageOfPage\":{\"@id\":\"https:\\\/\\\/produncan.cl\\\/de\\\/produkt\\\/campito-lago-rupanco-puyehue-r-de-los-lagos\\\/#primaryimage\"},\"image\":{\"@id\":\"https:\\\/\\\/produncan.cl\\\/de\\\/produkt\\\/campito-lago-rupanco-puyehue-r-de-los-lagos\\\/#primaryimage\"},\"thumbnailUrl\":\"https:\\\/\\\/produncan.cl\\\/wp-content\\\/uploads\\\/2023\\\/04\\\/Presentacion-Campito-Lago-Rupanco.webp\",\"datePublished\":\"2023-04-28T22:09:23+00:00\",\"dateModified\":\"2025-12-04T20:17:20+00:00\",\"description\":\"Die Landschaft am Lago Rupanco: ein idyllischer Ort, um die Natur im S\u00fcden Chiles zu genie\u00dfen. Mit 6 Hektar, Fluss Wald, Strom und APR.\",\"breadcrumb\":{\"@id\":\"https:\\\/\\\/produncan.cl\\\/de\\\/produkt\\\/campito-lago-rupanco-puyehue-r-de-los-lagos\\\/#breadcrumb\"},\"inLanguage\":\"de-DE\",\"potentialAction\":[{\"@type\":\"ReadAction\",\"target\":[\"https:\\\/\\\/produncan.cl\\\/de\\\/produkt\\\/campito-lago-rupanco-puyehue-r-de-los-lagos\\\/\"]}]},{\"@type\":\"ImageObject\",\"inLanguage\":\"de-DE\",\"@id\":\"https:\\\/\\\/produncan.cl\\\/de\\\/produkt\\\/campito-lago-rupanco-puyehue-r-de-los-lagos\\\/#primaryimage\",\"url\":\"https:\\\/\\\/produncan.cl\\\/wp-content\\\/uploads\\\/2023\\\/04\\\/Presentacion-Campito-Lago-Rupanco.webp\",\"contentUrl\":\"https:\\\/\\\/produncan.cl\\\/wp-content\\\/uploads\\\/2023\\\/04\\\/Presentacion-Campito-Lago-Rupanco.webp\",\"width\":600,\"height\":450},{\"@type\":\"BreadcrumbList\",\"@id\":\"https:\\\/\\\/produncan.cl\\\/de\\\/produkt\\\/campito-lago-rupanco-puyehue-r-de-los-lagos\\\/#breadcrumb\",\"itemListElement\":[{\"@type\":\"ListItem\",\"position\":1,\"name\":\"Inicio\",\"item\":\"https:\\\/\\\/produncan.cl\\\/de\\\/\"},{\"@type\":\"ListItem\",\"position\":2,\"name\":\"Eigenschaften\",\"item\":\"https:\\\/\\\/produncan.cl\\\/propiedades\\\/\"},{\"@type\":\"ListItem\",\"position\":3,\"name\":\"Grundst\u00fccke\",\"item\":\"https:\\\/\\\/produncan.cl\\\/de\\\/kategorie\\\/grundstuecke\\\/\"},{\"@type\":\"ListItem\",\"position\":4,\"name\":\"Landleben in Puyehue &#8211; Rupanco-See, Seengebiet\"}]},{\"@type\":\"WebSite\",\"@id\":\"https:\\\/\\\/produncan.cl\\\/de\\\/#website\",\"url\":\"https:\\\/\\\/produncan.cl\\\/de\\\/\",\"name\":\"Produncan\",\"description\":\"Wir begleiten Sie bei Ihrem Lebensprojekt!\",\"publisher\":{\"@id\":\"https:\\\/\\\/produncan.cl\\\/de\\\/#organization\"},\"potentialAction\":[{\"@type\":\"SearchAction\",\"target\":{\"@type\":\"EntryPoint\",\"urlTemplate\":\"https:\\\/\\\/produncan.cl\\\/de\\\/?s={search_term_string}\"},\"query-input\":{\"@type\":\"PropertyValueSpecification\",\"valueRequired\":true,\"valueName\":\"search_term_string\"}}],\"inLanguage\":\"de-DE\"},{\"@type\":\"Organization\",\"@id\":\"https:\\\/\\\/produncan.cl\\\/de\\\/#organization\",\"name\":\"Produncan\",\"url\":\"https:\\\/\\\/produncan.cl\\\/de\\\/\",\"logo\":{\"@type\":\"ImageObject\",\"inLanguage\":\"de-DE\",\"@id\":\"https:\\\/\\\/produncan.cl\\\/de\\\/#\\\/schema\\\/logo\\\/image\\\/\",\"url\":\"https:\\\/\\\/produncan.cl\\\/wp-content\\\/uploads\\\/2021\\\/03\\\/LOGO.jpeg\",\"contentUrl\":\"https:\\\/\\\/produncan.cl\\\/wp-content\\\/uploads\\\/2021\\\/03\\\/LOGO.jpeg\",\"width\":1280,\"height\":903,\"caption\":\"Produncan\"},\"image\":{\"@id\":\"https:\\\/\\\/produncan.cl\\\/de\\\/#\\\/schema\\\/logo\\\/image\\\/\"},\"sameAs\":[\"https:\\\/\\\/web.facebook.com\\\/produncanland\",\"https:\\\/\\\/www.instagram.com\\\/pro_duncan\\\/\",\"https:\\\/\\\/www.linkedin.com\\\/company\\\/produncan-lands\\\/\",\"https:\\\/\\\/www.youtube.com\\\/channel\\\/UCu7N-f3x0svkazD-Eew1-QQ\"],\"description\":\"En Produncan somos especialistas en la venta de terrenos en el sur de Chile. Proveemos estancias, campos, parcelas y hoteles.\",\"email\":\"info@produncan.cl\"}]}<\/script>\n<meta property=\"og:video\" content=\"https:\/\/www.youtube.com\/embed\/_Eja5wDTSig\" \/>\n<meta property=\"og:video:type\" content=\"text\/html\" \/>\n<meta property=\"og:video:duration\" content=\"115\" \/>\n<meta property=\"og:video:width\" content=\"480\" \/>\n<meta property=\"og:video:height\" content=\"360\" \/>\n<meta property=\"ya:ovs:adult\" content=\"false\" \/>\n<meta property=\"ya:ovs:upload_date\" content=\"2023-04-28T22:09:23+00:00\" \/>\n<meta property=\"ya:ovs:allow_embed\" content=\"true\" \/>\n<meta property=\"product:price:amount\" content=\"255500.00\" \/>\n<meta property=\"product:price:currency\" content=\"USD\" \/>\n<meta property=\"og:availability\" content=\"instock\" \/>\n<meta property=\"product:availability\" content=\"instock\" \/>\n<meta property=\"product:condition\" content=\"new\" \/>\n<!-- \/ Yoast SEO Premium plugin. -->","yoast_head_json":{"title":"Landleben in Puyehue - Rupanco-See, Seengebiet - Produncan","description":"Die Landschaft am Lago Rupanco: ein idyllischer Ort, um die Natur im S\u00fcden Chiles zu genie\u00dfen. Mit 6 Hektar, Fluss Wald, Strom und APR.","robots":{"index":"index","follow":"follow","max-snippet":"max-snippet:-1","max-image-preview":"max-image-preview:large","max-video-preview":"max-video-preview:-1"},"canonical":"https:\/\/produncan.cl\/de\/produkt\/campito-lago-rupanco-puyehue-r-de-los-lagos\/","og_locale":"de_DE","og_type":"article","og_title":"Landleben in Puyehue - Rupanco-See, Seengebiet","og_description":"Die Landschaft am Lago Rupanco: ein idyllischer Ort, um die Natur im S\u00fcden Chiles zu genie\u00dfen. Mit 6 Hektar, Fluss Wald, Strom und APR.","og_url":"https:\/\/produncan.cl\/de\/produkt\/campito-lago-rupanco-puyehue-r-de-los-lagos\/","og_site_name":"Produncan","article_publisher":"https:\/\/web.facebook.com\/produncanland","article_modified_time":"2025-12-04T20:17:20+00:00","og_image":[{"url":"https:\/\/produncan.cl\/wp-content\/uploads\/2023\/04\/Presentacion-Campito-Lago-Rupanco.webp","type":"","width":"","height":""}],"twitter_card":"summary_large_image","twitter_misc":{"Price":"USD255.500,00","Availability":"In stock"},"schema":{"@context":"https:\/\/schema.org","@graph":[{"@type":"WebPage","@id":"https:\/\/produncan.cl\/de\/produkt\/campito-lago-rupanco-puyehue-r-de-los-lagos\/","url":"https:\/\/produncan.cl\/de\/produkt\/campito-lago-rupanco-puyehue-r-de-los-lagos\/","name":"Landleben in Puyehue - Rupanco-See, Seengebiet - Produncan","isPartOf":{"@id":"https:\/\/produncan.cl\/de\/#website"},"primaryImageOfPage":{"@id":"https:\/\/produncan.cl\/de\/produkt\/campito-lago-rupanco-puyehue-r-de-los-lagos\/#primaryimage"},"image":{"@id":"https:\/\/produncan.cl\/de\/produkt\/campito-lago-rupanco-puyehue-r-de-los-lagos\/#primaryimage"},"thumbnailUrl":"https:\/\/produncan.cl\/wp-content\/uploads\/2023\/04\/Presentacion-Campito-Lago-Rupanco.webp","datePublished":"2023-04-28T22:09:23+00:00","dateModified":"2025-12-04T20:17:20+00:00","description":"Die Landschaft am Lago Rupanco: ein idyllischer Ort, um die Natur im S\u00fcden Chiles zu genie\u00dfen. Mit 6 Hektar, Fluss Wald, Strom und APR.","breadcrumb":{"@id":"https:\/\/produncan.cl\/de\/produkt\/campito-lago-rupanco-puyehue-r-de-los-lagos\/#breadcrumb"},"inLanguage":"de-DE","potentialAction":[{"@type":"ReadAction","target":["https:\/\/produncan.cl\/de\/produkt\/campito-lago-rupanco-puyehue-r-de-los-lagos\/"]}]},{"@type":"ImageObject","inLanguage":"de-DE","@id":"https:\/\/produncan.cl\/de\/produkt\/campito-lago-rupanco-puyehue-r-de-los-lagos\/#primaryimage","url":"https:\/\/produncan.cl\/wp-content\/uploads\/2023\/04\/Presentacion-Campito-Lago-Rupanco.webp","contentUrl":"https:\/\/produncan.cl\/wp-content\/uploads\/2023\/04\/Presentacion-Campito-Lago-Rupanco.webp","width":600,"height":450},{"@type":"BreadcrumbList","@id":"https:\/\/produncan.cl\/de\/produkt\/campito-lago-rupanco-puyehue-r-de-los-lagos\/#breadcrumb","itemListElement":[{"@type":"ListItem","position":1,"name":"Inicio","item":"https:\/\/produncan.cl\/de\/"},{"@type":"ListItem","position":2,"name":"Eigenschaften","item":"https:\/\/produncan.cl\/propiedades\/"},{"@type":"ListItem","position":3,"name":"Grundst\u00fccke","item":"https:\/\/produncan.cl\/de\/kategorie\/grundstuecke\/"},{"@type":"ListItem","position":4,"name":"Landleben in Puyehue &#8211; Rupanco-See, Seengebiet"}]},{"@type":"WebSite","@id":"https:\/\/produncan.cl\/de\/#website","url":"https:\/\/produncan.cl\/de\/","name":"Produncan","description":"Wir begleiten Sie bei Ihrem Lebensprojekt!","publisher":{"@id":"https:\/\/produncan.cl\/de\/#organization"},"potentialAction":[{"@type":"SearchAction","target":{"@type":"EntryPoint","urlTemplate":"https:\/\/produncan.cl\/de\/?s={search_term_string}"},"query-input":{"@type":"PropertyValueSpecification","valueRequired":true,"valueName":"search_term_string"}}],"inLanguage":"de-DE"},{"@type":"Organization","@id":"https:\/\/produncan.cl\/de\/#organization","name":"Produncan","url":"https:\/\/produncan.cl\/de\/","logo":{"@type":"ImageObject","inLanguage":"de-DE","@id":"https:\/\/produncan.cl\/de\/#\/schema\/logo\/image\/","url":"https:\/\/produncan.cl\/wp-content\/uploads\/2021\/03\/LOGO.jpeg","contentUrl":"https:\/\/produncan.cl\/wp-content\/uploads\/2021\/03\/LOGO.jpeg","width":1280,"height":903,"caption":"Produncan"},"image":{"@id":"https:\/\/produncan.cl\/de\/#\/schema\/logo\/image\/"},"sameAs":["https:\/\/web.facebook.com\/produncanland","https:\/\/www.instagram.com\/pro_duncan\/","https:\/\/www.linkedin.com\/company\/produncan-lands\/","https:\/\/www.youtube.com\/channel\/UCu7N-f3x0svkazD-Eew1-QQ"],"description":"En Produncan somos especialistas en la venta de terrenos en el sur de Chile. Proveemos estancias, campos, parcelas y hoteles.","email":"info@produncan.cl"}]},"og_video":"https:\/\/www.youtube.com\/embed\/_Eja5wDTSig","og_video_type":"text\/html","og_video_duration":"115","og_video_width":"480","og_video_height":"360","ya_ovs_adult":"false","ya_ovs_upload_date":"2023-04-28T22:09:23+00:00","ya_ovs_allow_embed":"true","product_price_amount":"255500.00","product_price_currency":"USD","og_availability":"instock","product_availability":"instock","product_condition":"new"},"_links":{"self":[{"href":"https:\/\/produncan.cl\/de\/wp-json\/wp\/v2\/product\/14559","targetHints":{"allow":["GET"]}}],"collection":[{"href":"https:\/\/produncan.cl\/de\/wp-json\/wp\/v2\/product"}],"about":[{"href":"https:\/\/produncan.cl\/de\/wp-json\/wp\/v2\/types\/product"}],"version-history":[{"count":1,"href":"https:\/\/produncan.cl\/de\/wp-json\/wp\/v2\/product\/14559\/revisions"}],"predecessor-version":[{"id":51177,"href":"https:\/\/produncan.cl\/de\/wp-json\/wp\/v2\/product\/14559\/revisions\/51177"}],"wp:featuredmedia":[{"embeddable":true,"href":"https:\/\/produncan.cl\/de\/wp-json\/wp\/v2\/media\/14348"}],"wp:attachment":[{"href":"https:\/\/produncan.cl\/de\/wp-json\/wp\/v2\/media?parent=14559"}],"wp:term":[{"taxonomy":"product_brand","embeddable":true,"href":"https:\/\/produncan.cl\/de\/wp-json\/wp\/v2\/product_brand?post=14559"},{"taxonomy":"product_cat","embeddable":true,"href":"https:\/\/produncan.cl\/de\/wp-json\/wp\/v2\/product_cat?post=14559"},{"taxonomy":"product_tag","embeddable":true,"href":"https:\/\/produncan.cl\/de\/wp-json\/wp\/v2\/product_tag?post=14559"},{"taxonomy":"regiones","embeddable":true,"href":"https:\/\/produncan.cl\/de\/wp-json\/wp\/v2\/regiones?post=14559"},{"taxonomy":"ciudades","embeddable":true,"href":"https:\/\/produncan.cl\/de\/wp-json\/wp\/v2\/ciudades?post=14559"}],"curies":[{"name":"wp","href":"https:\/\/api.w.org\/{rel}","templated":true}]}}