{"id":14736,"date":"2023-05-11T16:40:41","date_gmt":"2023-05-11T20:40:41","guid":{"rendered":"https:\/\/produncan.cl\/producto\/parcela-prado-norte-los-muermos-r-von-los-lagos\/"},"modified":"2025-08-19T12:00:45","modified_gmt":"2025-08-19T16:00:45","slug":"parcela-prado-norte-los-muermos-r-von-los-lagos","status":"publish","type":"product","link":"https:\/\/produncan.cl\/de\/produkt\/parcela-prado-norte-los-muermos-r-von-los-lagos\/","title":{"rendered":"Parcela Prado Norte &#8211; Los Muermos, Regi\u00f3n de los Lagos"},"content":{"rendered":"\t\t<div data-elementor-type=\"product-post\" data-elementor-id=\"14736\" class=\"elementor elementor-14736 elementor-14642\" data-elementor-post-type=\"product\">\n\t\t\t\t<div class=\"elementor-element elementor-element-aa4fca1 e-flex e-con-boxed e-con e-parent\" data-id=\"aa4fca1\" data-element_type=\"container\" data-e-type=\"container\" data-settings=\"{&quot;jet_parallax_layout_list&quot;:[]}\">\n\t\t\t\t\t<div class=\"e-con-inner\">\n\t\t\t\t<div class=\"elementor-element elementor-element-15aaa5d elementor-widget elementor-widget-heading\" data-id=\"15aaa5d\" data-element_type=\"widget\" data-e-type=\"widget\" data-widget_type=\"heading.default\">\n\t\t\t\t\t<h2 class=\"elementor-heading-title elementor-size-default\">Sch\u00f6nes Grundst\u00fcck von 1 Hektar nur 20 Minuten von Los Muermos entfernt!<\/h2>\t\t\t\t<\/div>\n\t\t\t\t\t<\/div>\n\t\t\t\t<\/div>\n\t\t<div class=\"elementor-element elementor-element-e9f86a7 e-flex e-con-boxed e-con e-parent\" data-id=\"e9f86a7\" data-element_type=\"container\" data-e-type=\"container\" data-settings=\"{&quot;jet_parallax_layout_list&quot;:[]}\">\n\t\t\t\t\t<div class=\"e-con-inner\">\n\t\t\t\t<div class=\"elementor-element elementor-element-4042aa6 elementor-widget elementor-widget-text-editor\" data-id=\"4042aa6\" data-element_type=\"widget\" data-e-type=\"widget\" data-widget_type=\"text-editor.default\">\n\t\t\t\t\t\t\t\t\t<p>Diese charmante Immobilie hat eine sehr attraktive Preisvorstellung von nur $29.000.000.000 und verf\u00fcgt \u00fcber eine eigene Rolle.<\/p>\n<p>Die Topographie des Grundst\u00fccks weist eine leichte Neigung auf, mit gr\u00f6\u00dftenteils ger\u00e4umter Wiese und bestem Gras, ideal um eine sch\u00f6ne Aussicht zu haben und Kulturen oder Projekte zu entwickeln. Au\u00dferdem genie\u00dft es eine unschlagbare Sonnenausrichtung nach Osten.<\/p>\n<p>Das Grundst\u00fcck ist komplett eingez\u00e4unt, was f\u00fcr Sicherheit und Privatsph\u00e4re sorgt. Rund um das Gel\u00e4nde stehen wundersch\u00f6ne einheimische B\u00e4ume.<\/p>\n<p>Um Strom m\u00fcssen Sie sich keine Sorgen machen, denn er ist \u00fcber einen Mast an der angrenzenden Landstra\u00dfe verf\u00fcgbar. Au\u00dferdem ist das Grundst\u00fcck nicht Teil einer Parzelle, was Ihnen v\u00f6llige Unabh\u00e4ngigkeit bietet!<\/p>\n<p>Obwohl es keinen direkten Zugang zu Wasser gibt, ist es m\u00f6glich, Wasser aus einem Brunnen oder von einem nahe gelegenen Nachbarn mit einem Wasserrad zu erhalten. Es ist auch m\u00f6glich, sich beim Nachbarschaftsrat zu registrieren und gemeinsam das APR-Verfahren einzuleiten.<\/p>\n<p>Das Grundst\u00fcck liegt nur 3,5 km von der asphaltierten Stra\u00dfe entfernt und ist \u00fcber einen gut ausgebauten Schotterweg zu erreichen. Die n\u00e4chstgelegene Stadt, Los Muermos, ist nur 20 Minuten (18 km) entfernt. Vom Flughafen aus sind Sie in etwa 50 Minuten dort.<\/p>\n<p>Genie\u00dfen Sie die Ruhe und den Frieden auf dem Lande, ohne auf den Komfort eines guten Telekommunikationssignals zu verzichten. Die Gegend bietet auch nahe gelegene Touristenattraktionen wie La Pasada, Maull\u00edn, Los Muermos, Estaquilla und andere.<\/p>\n<p><span style=\"color: var( --e-global-color-text ); font-family: var( --e-global-typography-text-font-family ), Sans-serif; font-weight: var( --e-global-typography-text-font-weight ); text-align: var(--text-align);\">Verpassen Sie nicht die Gelegenheit, in dieses St\u00fcck Paradies zu investieren.&nbsp;<\/span><span style=\"color: var( --e-global-color-text ); font-family: var( --e-global-typography-text-font-family ), Sans-serif; font-weight: var( --e-global-typography-text-font-weight ); text-align: var(--text-align);\">in Los Muermos! Kontaktieren Sie uns jetzt, um weitere Informationen zu erhalten und einen Termin zu vereinbaren&nbsp;<\/span><span style=\"color: var( --e-global-color-text ); font-family: var( --e-global-typography-text-font-family ), Sans-serif; font-weight: var( --e-global-typography-text-font-weight ); text-align: var(--text-align);\">einen Besuch!<\/span><\/p>\t\t\t\t\t\t\t\t<\/div>\n\t\t\t\t\t<\/div>\n\t\t\t\t<\/div>\n\t\t\t\t<\/div>\n\t\t","protected":false},"excerpt":{"rendered":"<p>Freies Grundst\u00fcck mit sch\u00f6ner Aussicht, 20 Minuten von Los Muermos entfernt. Es hat Strom, ist 3,5 km vom Asphalt entfernt und ist nicht Teil eines Projekts.<\/p>\n","protected":false},"featured_media":14648,"template":"","meta":{"_acf_changed":false},"product_brand":[],"product_cat":[104],"product_tag":[232],"regiones":[226],"ciudades":[216],"class_list":{"0":"post-14736","1":"product","2":"type-product","3":"status-publish","4":"has-post-thumbnail","6":"product_cat-ohiggins-los-lagos","7":"product_tag-grundstuecke","8":"regiones-nuble-los_lagos","9":"ciudades-los-muermos","11":"first","12":"instock","13":"sold-individually","14":"shipping-taxable","15":"purchasable","16":"product-type-simple"},"acf":[],"yoast_head":"<!-- This site is optimized with the Yoast SEO Premium plugin v26.0 (Yoast SEO v27.3) - https:\/\/yoast.com\/product\/yoast-seo-premium-wordpress\/ -->\n<title>Parcela Prado Norte - Los Muermos, Regi\u00f3n de los Lagos - Produncan<\/title>\n<meta name=\"description\" content=\"Grundst\u00fcck von 1 Hektar bei 20 Minuten von Los Muermos mit klaren Wiese, sch\u00f6ne Aussicht, Strom, Wasser und in der N\u00e4he der Stra\u00dfe.\" \/>\n<meta name=\"robots\" content=\"index, follow, max-snippet:-1, max-image-preview:large, max-video-preview:-1\" \/>\n<link rel=\"canonical\" href=\"https:\/\/produncan.cl\/de\/produkt\/parcela-prado-norte-los-muermos-r-von-los-lagos\/\" \/>\n<meta property=\"og:locale\" content=\"de_DE\" \/>\n<meta property=\"og:type\" content=\"article\" \/>\n<meta property=\"og:title\" content=\"Parcela Prado Norte - Los Muermos, Regi\u00f3n de los Lagos\" \/>\n<meta property=\"og:description\" content=\"Grundst\u00fcck von 1 Hektar bei 20 Minuten von Los Muermos mit klaren Wiese, sch\u00f6ne Aussicht, Strom, Wasser und in der N\u00e4he der Stra\u00dfe.\" \/>\n<meta property=\"og:url\" content=\"https:\/\/produncan.cl\/de\/produkt\/parcela-prado-norte-los-muermos-r-von-los-lagos\/\" \/>\n<meta property=\"og:site_name\" content=\"Produncan\" \/>\n<meta property=\"article:publisher\" content=\"https:\/\/web.facebook.com\/produncanland\" \/>\n<meta property=\"article:modified_time\" content=\"2025-08-19T16:00:45+00:00\" \/>\n<meta property=\"og:image\" content=\"https:\/\/produncan.cl\/wp-content\/uploads\/2023\/05\/Presentacion-Parcela-1ha-Los-Muermos.webp\" \/>\n\t<meta property=\"og:image:width\" content=\"600\" \/>\n\t<meta property=\"og:image:height\" content=\"450\" \/>\n\t<meta property=\"og:image:type\" content=\"image\/webp\" \/>\n<meta name=\"twitter:card\" content=\"summary_large_image\" \/>\n<meta name=\"twitter:label1\" content=\"Price\" \/>\n\t<meta name=\"twitter:data1\" content=\"USD31.600,00\" \/>\n\t<meta name=\"twitter:label2\" content=\"Availability\" \/>\n\t<meta name=\"twitter:data2\" content=\"In stock\" \/>\n<script type=\"application\/ld+json\" class=\"yoast-schema-graph\">{\"@context\":\"https:\\\/\\\/schema.org\",\"@graph\":[{\"@type\":\"WebPage\",\"@id\":\"https:\\\/\\\/produncan.cl\\\/de\\\/produkt\\\/parcela-prado-norte-los-muermos-r-von-los-lagos\\\/\",\"url\":\"https:\\\/\\\/produncan.cl\\\/de\\\/produkt\\\/parcela-prado-norte-los-muermos-r-von-los-lagos\\\/\",\"name\":\"Parcela Prado Norte - Los Muermos, Regi\u00f3n de los Lagos - Produncan\",\"isPartOf\":{\"@id\":\"https:\\\/\\\/produncan.cl\\\/de\\\/#website\"},\"primaryImageOfPage\":{\"@id\":\"https:\\\/\\\/produncan.cl\\\/de\\\/produkt\\\/parcela-prado-norte-los-muermos-r-von-los-lagos\\\/#primaryimage\"},\"image\":{\"@id\":\"https:\\\/\\\/produncan.cl\\\/de\\\/produkt\\\/parcela-prado-norte-los-muermos-r-von-los-lagos\\\/#primaryimage\"},\"thumbnailUrl\":\"https:\\\/\\\/produncan.cl\\\/wp-content\\\/uploads\\\/2023\\\/05\\\/Presentacion-Parcela-1ha-Los-Muermos.webp\",\"datePublished\":\"2023-05-11T20:40:41+00:00\",\"dateModified\":\"2025-08-19T16:00:45+00:00\",\"description\":\"Grundst\u00fcck von 1 Hektar bei 20 Minuten von Los Muermos mit klaren Wiese, sch\u00f6ne Aussicht, Strom, Wasser und in der N\u00e4he der Stra\u00dfe.\",\"breadcrumb\":{\"@id\":\"https:\\\/\\\/produncan.cl\\\/de\\\/produkt\\\/parcela-prado-norte-los-muermos-r-von-los-lagos\\\/#breadcrumb\"},\"inLanguage\":\"de-DE\",\"potentialAction\":[{\"@type\":\"ReadAction\",\"target\":[\"https:\\\/\\\/produncan.cl\\\/de\\\/produkt\\\/parcela-prado-norte-los-muermos-r-von-los-lagos\\\/\"]}]},{\"@type\":\"ImageObject\",\"inLanguage\":\"de-DE\",\"@id\":\"https:\\\/\\\/produncan.cl\\\/de\\\/produkt\\\/parcela-prado-norte-los-muermos-r-von-los-lagos\\\/#primaryimage\",\"url\":\"https:\\\/\\\/produncan.cl\\\/wp-content\\\/uploads\\\/2023\\\/05\\\/Presentacion-Parcela-1ha-Los-Muermos.webp\",\"contentUrl\":\"https:\\\/\\\/produncan.cl\\\/wp-content\\\/uploads\\\/2023\\\/05\\\/Presentacion-Parcela-1ha-Los-Muermos.webp\",\"width\":600,\"height\":450},{\"@type\":\"BreadcrumbList\",\"@id\":\"https:\\\/\\\/produncan.cl\\\/de\\\/produkt\\\/parcela-prado-norte-los-muermos-r-von-los-lagos\\\/#breadcrumb\",\"itemListElement\":[{\"@type\":\"ListItem\",\"position\":1,\"name\":\"Inicio\",\"item\":\"https:\\\/\\\/produncan.cl\\\/de\\\/\"},{\"@type\":\"ListItem\",\"position\":2,\"name\":\"Eigenschaften\",\"item\":\"https:\\\/\\\/produncan.cl\\\/propiedades\\\/\"},{\"@type\":\"ListItem\",\"position\":3,\"name\":\"Grundst\u00fccke\",\"item\":\"https:\\\/\\\/produncan.cl\\\/de\\\/kategorie\\\/grundstuecke\\\/\"},{\"@type\":\"ListItem\",\"position\":4,\"name\":\"Parcela Prado Norte &#8211; Los Muermos, Regi\u00f3n de los Lagos\"}]},{\"@type\":\"WebSite\",\"@id\":\"https:\\\/\\\/produncan.cl\\\/de\\\/#website\",\"url\":\"https:\\\/\\\/produncan.cl\\\/de\\\/\",\"name\":\"Produncan\",\"description\":\"Wir begleiten Sie bei Ihrem Lebensprojekt!\",\"publisher\":{\"@id\":\"https:\\\/\\\/produncan.cl\\\/de\\\/#organization\"},\"potentialAction\":[{\"@type\":\"SearchAction\",\"target\":{\"@type\":\"EntryPoint\",\"urlTemplate\":\"https:\\\/\\\/produncan.cl\\\/de\\\/?s={search_term_string}\"},\"query-input\":{\"@type\":\"PropertyValueSpecification\",\"valueRequired\":true,\"valueName\":\"search_term_string\"}}],\"inLanguage\":\"de-DE\"},{\"@type\":\"Organization\",\"@id\":\"https:\\\/\\\/produncan.cl\\\/de\\\/#organization\",\"name\":\"Produncan\",\"url\":\"https:\\\/\\\/produncan.cl\\\/de\\\/\",\"logo\":{\"@type\":\"ImageObject\",\"inLanguage\":\"de-DE\",\"@id\":\"https:\\\/\\\/produncan.cl\\\/de\\\/#\\\/schema\\\/logo\\\/image\\\/\",\"url\":\"https:\\\/\\\/produncan.cl\\\/wp-content\\\/uploads\\\/2021\\\/03\\\/LOGO.jpeg\",\"contentUrl\":\"https:\\\/\\\/produncan.cl\\\/wp-content\\\/uploads\\\/2021\\\/03\\\/LOGO.jpeg\",\"width\":1280,\"height\":903,\"caption\":\"Produncan\"},\"image\":{\"@id\":\"https:\\\/\\\/produncan.cl\\\/de\\\/#\\\/schema\\\/logo\\\/image\\\/\"},\"sameAs\":[\"https:\\\/\\\/web.facebook.com\\\/produncanland\",\"https:\\\/\\\/www.instagram.com\\\/pro_duncan\\\/\",\"https:\\\/\\\/www.linkedin.com\\\/company\\\/produncan-lands\\\/\",\"https:\\\/\\\/www.youtube.com\\\/channel\\\/UCu7N-f3x0svkazD-Eew1-QQ\"],\"description\":\"En Produncan somos especialistas en la venta de terrenos en el sur de Chile. Proveemos estancias, campos, parcelas y hoteles.\",\"email\":\"info@produncan.cl\"}]}<\/script>\n<meta property=\"og:video\" content=\"https:\/\/www.youtube.com\/embed\/UanYlunINE0\" \/>\n<meta property=\"og:video:type\" content=\"text\/html\" \/>\n<meta property=\"og:video:duration\" content=\"65\" \/>\n<meta property=\"og:video:width\" content=\"480\" \/>\n<meta property=\"og:video:height\" content=\"360\" \/>\n<meta property=\"ya:ovs:adult\" content=\"false\" \/>\n<meta property=\"ya:ovs:upload_date\" content=\"2023-05-11T20:40:41+00:00\" \/>\n<meta property=\"ya:ovs:allow_embed\" content=\"true\" \/>\n<meta property=\"product:price:amount\" content=\"31600.00\" \/>\n<meta property=\"product:price:currency\" content=\"USD\" \/>\n<meta property=\"og:availability\" content=\"instock\" \/>\n<meta property=\"product:availability\" content=\"instock\" \/>\n<meta property=\"product:condition\" content=\"new\" \/>\n<!-- \/ Yoast SEO Premium plugin. -->","yoast_head_json":{"title":"Parcela Prado Norte - Los Muermos, Regi\u00f3n de los Lagos - Produncan","description":"Grundst\u00fcck von 1 Hektar bei 20 Minuten von Los Muermos mit klaren Wiese, sch\u00f6ne Aussicht, Strom, Wasser und in der N\u00e4he der Stra\u00dfe.","robots":{"index":"index","follow":"follow","max-snippet":"max-snippet:-1","max-image-preview":"max-image-preview:large","max-video-preview":"max-video-preview:-1"},"canonical":"https:\/\/produncan.cl\/de\/produkt\/parcela-prado-norte-los-muermos-r-von-los-lagos\/","og_locale":"de_DE","og_type":"article","og_title":"Parcela Prado Norte - Los Muermos, Regi\u00f3n de los Lagos","og_description":"Grundst\u00fcck von 1 Hektar bei 20 Minuten von Los Muermos mit klaren Wiese, sch\u00f6ne Aussicht, Strom, Wasser und in der N\u00e4he der Stra\u00dfe.","og_url":"https:\/\/produncan.cl\/de\/produkt\/parcela-prado-norte-los-muermos-r-von-los-lagos\/","og_site_name":"Produncan","article_publisher":"https:\/\/web.facebook.com\/produncanland","article_modified_time":"2025-08-19T16:00:45+00:00","og_image":[{"width":600,"height":450,"url":"https:\/\/produncan.cl\/wp-content\/uploads\/2023\/05\/Presentacion-Parcela-1ha-Los-Muermos.webp","type":"image\/webp"}],"twitter_card":"summary_large_image","twitter_misc":{"Price":"USD31.600,00","Availability":"In stock"},"schema":{"@context":"https:\/\/schema.org","@graph":[{"@type":"WebPage","@id":"https:\/\/produncan.cl\/de\/produkt\/parcela-prado-norte-los-muermos-r-von-los-lagos\/","url":"https:\/\/produncan.cl\/de\/produkt\/parcela-prado-norte-los-muermos-r-von-los-lagos\/","name":"Parcela Prado Norte - Los Muermos, Regi\u00f3n de los Lagos - Produncan","isPartOf":{"@id":"https:\/\/produncan.cl\/de\/#website"},"primaryImageOfPage":{"@id":"https:\/\/produncan.cl\/de\/produkt\/parcela-prado-norte-los-muermos-r-von-los-lagos\/#primaryimage"},"image":{"@id":"https:\/\/produncan.cl\/de\/produkt\/parcela-prado-norte-los-muermos-r-von-los-lagos\/#primaryimage"},"thumbnailUrl":"https:\/\/produncan.cl\/wp-content\/uploads\/2023\/05\/Presentacion-Parcela-1ha-Los-Muermos.webp","datePublished":"2023-05-11T20:40:41+00:00","dateModified":"2025-08-19T16:00:45+00:00","description":"Grundst\u00fcck von 1 Hektar bei 20 Minuten von Los Muermos mit klaren Wiese, sch\u00f6ne Aussicht, Strom, Wasser und in der N\u00e4he der Stra\u00dfe.","breadcrumb":{"@id":"https:\/\/produncan.cl\/de\/produkt\/parcela-prado-norte-los-muermos-r-von-los-lagos\/#breadcrumb"},"inLanguage":"de-DE","potentialAction":[{"@type":"ReadAction","target":["https:\/\/produncan.cl\/de\/produkt\/parcela-prado-norte-los-muermos-r-von-los-lagos\/"]}]},{"@type":"ImageObject","inLanguage":"de-DE","@id":"https:\/\/produncan.cl\/de\/produkt\/parcela-prado-norte-los-muermos-r-von-los-lagos\/#primaryimage","url":"https:\/\/produncan.cl\/wp-content\/uploads\/2023\/05\/Presentacion-Parcela-1ha-Los-Muermos.webp","contentUrl":"https:\/\/produncan.cl\/wp-content\/uploads\/2023\/05\/Presentacion-Parcela-1ha-Los-Muermos.webp","width":600,"height":450},{"@type":"BreadcrumbList","@id":"https:\/\/produncan.cl\/de\/produkt\/parcela-prado-norte-los-muermos-r-von-los-lagos\/#breadcrumb","itemListElement":[{"@type":"ListItem","position":1,"name":"Inicio","item":"https:\/\/produncan.cl\/de\/"},{"@type":"ListItem","position":2,"name":"Eigenschaften","item":"https:\/\/produncan.cl\/propiedades\/"},{"@type":"ListItem","position":3,"name":"Grundst\u00fccke","item":"https:\/\/produncan.cl\/de\/kategorie\/grundstuecke\/"},{"@type":"ListItem","position":4,"name":"Parcela Prado Norte &#8211; Los Muermos, Regi\u00f3n de los Lagos"}]},{"@type":"WebSite","@id":"https:\/\/produncan.cl\/de\/#website","url":"https:\/\/produncan.cl\/de\/","name":"Produncan","description":"Wir begleiten Sie bei Ihrem Lebensprojekt!","publisher":{"@id":"https:\/\/produncan.cl\/de\/#organization"},"potentialAction":[{"@type":"SearchAction","target":{"@type":"EntryPoint","urlTemplate":"https:\/\/produncan.cl\/de\/?s={search_term_string}"},"query-input":{"@type":"PropertyValueSpecification","valueRequired":true,"valueName":"search_term_string"}}],"inLanguage":"de-DE"},{"@type":"Organization","@id":"https:\/\/produncan.cl\/de\/#organization","name":"Produncan","url":"https:\/\/produncan.cl\/de\/","logo":{"@type":"ImageObject","inLanguage":"de-DE","@id":"https:\/\/produncan.cl\/de\/#\/schema\/logo\/image\/","url":"https:\/\/produncan.cl\/wp-content\/uploads\/2021\/03\/LOGO.jpeg","contentUrl":"https:\/\/produncan.cl\/wp-content\/uploads\/2021\/03\/LOGO.jpeg","width":1280,"height":903,"caption":"Produncan"},"image":{"@id":"https:\/\/produncan.cl\/de\/#\/schema\/logo\/image\/"},"sameAs":["https:\/\/web.facebook.com\/produncanland","https:\/\/www.instagram.com\/pro_duncan\/","https:\/\/www.linkedin.com\/company\/produncan-lands\/","https:\/\/www.youtube.com\/channel\/UCu7N-f3x0svkazD-Eew1-QQ"],"description":"En Produncan somos especialistas en la venta de terrenos en el sur de Chile. Proveemos estancias, campos, parcelas y hoteles.","email":"info@produncan.cl"}]},"og_video":"https:\/\/www.youtube.com\/embed\/UanYlunINE0","og_video_type":"text\/html","og_video_duration":"65","og_video_width":"480","og_video_height":"360","ya_ovs_adult":"false","ya_ovs_upload_date":"2023-05-11T20:40:41+00:00","ya_ovs_allow_embed":"true","product_price_amount":"31600.00","product_price_currency":"USD","og_availability":"instock","product_availability":"instock","product_condition":"new"},"_links":{"self":[{"href":"https:\/\/produncan.cl\/de\/wp-json\/wp\/v2\/product\/14736","targetHints":{"allow":["GET"]}}],"collection":[{"href":"https:\/\/produncan.cl\/de\/wp-json\/wp\/v2\/product"}],"about":[{"href":"https:\/\/produncan.cl\/de\/wp-json\/wp\/v2\/types\/product"}],"version-history":[{"count":0,"href":"https:\/\/produncan.cl\/de\/wp-json\/wp\/v2\/product\/14736\/revisions"}],"wp:featuredmedia":[{"embeddable":true,"href":"https:\/\/produncan.cl\/de\/wp-json\/wp\/v2\/media\/14648"}],"wp:attachment":[{"href":"https:\/\/produncan.cl\/de\/wp-json\/wp\/v2\/media?parent=14736"}],"wp:term":[{"taxonomy":"product_brand","embeddable":true,"href":"https:\/\/produncan.cl\/de\/wp-json\/wp\/v2\/product_brand?post=14736"},{"taxonomy":"product_cat","embeddable":true,"href":"https:\/\/produncan.cl\/de\/wp-json\/wp\/v2\/product_cat?post=14736"},{"taxonomy":"product_tag","embeddable":true,"href":"https:\/\/produncan.cl\/de\/wp-json\/wp\/v2\/product_tag?post=14736"},{"taxonomy":"regiones","embeddable":true,"href":"https:\/\/produncan.cl\/de\/wp-json\/wp\/v2\/regiones?post=14736"},{"taxonomy":"ciudades","embeddable":true,"href":"https:\/\/produncan.cl\/de\/wp-json\/wp\/v2\/ciudades?post=14736"}],"curies":[{"name":"wp","href":"https:\/\/api.w.org\/{rel}","templated":true}]}}