{"id":15271,"date":"2022-04-16T12:29:14","date_gmt":"2022-04-16T16:29:14","guid":{"rendered":"https:\/\/produncan.cl\/producto\/aemter-codegua-renca-r-of-ohiggins\/"},"modified":"2025-12-26T17:29:20","modified_gmt":"2025-12-26T20:29:20","slug":"aemter-codegua-renca-r-of-ohiggins","status":"publish","type":"product","link":"https:\/\/produncan.cl\/de\/produkt\/aemter-codegua-renca-r-of-ohiggins\/","title":{"rendered":"Codegua Offices &#8211; Renca, Region O&#8217;Higgins"},"content":{"rendered":"\t\t<div data-elementor-type=\"product-post\" data-elementor-id=\"15271\" class=\"elementor elementor-15271\" data-elementor-post-type=\"product\">\n\t\t\t\t<div class=\"elementor-element elementor-element-1bc963e e-flex e-con-boxed e-con e-parent\" data-id=\"1bc963e\" data-element_type=\"container\" data-e-type=\"container\" data-settings=\"{&quot;jet_parallax_layout_list&quot;:[]}\">\n\t\t\t\t\t<div class=\"e-con-inner\">\n\t\t\t\t<div class=\"elementor-element elementor-element-01aa5d0 elementor-widget elementor-widget-heading\" data-id=\"01aa5d0\" data-element_type=\"widget\" data-e-type=\"widget\" data-widget_type=\"heading.default\">\n\t\t\t\t\t<h2 class=\"elementor-heading-title elementor-size-default\">Willkommen in diesem spektakul\u00e4ren B\u00fcro zur Miete in Codegua, Rancagua!<\/h2>\t\t\t\t<\/div>\n\t\t\t\t\t<\/div>\n\t\t\t\t<\/div>\n\t\t<div class=\"elementor-element elementor-element-635d910 e-flex e-con-boxed e-con e-parent\" data-id=\"635d910\" data-element_type=\"container\" data-e-type=\"container\" data-settings=\"{&quot;jet_parallax_layout_list&quot;:[]}\">\n\t\t\t\t\t<div class=\"e-con-inner\">\n\t\t\t\t<div class=\"elementor-element elementor-element-9043882 elementor-widget elementor-widget-text-editor\" data-id=\"9043882\" data-element_type=\"widget\" data-e-type=\"widget\" data-widget_type=\"text-editor.default\">\n\t\t\t\t\t\t\t\t\t<p>Die Immobilie wurde 2012 erbaut und verf\u00fcgt \u00fcber eine Nutzfl\u00e4che von 420 m\u00b2, die sich auf zwei Etagen verteilt, in denen sich 15 ger\u00e4umige B\u00fcros befinden, die perfekt f\u00fcr Ihr Arbeitsteam ausgestattet sind.<\/p>\n<\/p>\n<p>Au\u00dferdem verf\u00fcgt es \u00fcber zwei Tagungsr\u00e4ume, in denen Sie Ihre Gesch\u00e4fte abwickeln und Ideen in einem professionellen und komfortablen Umfeld austauschen k\u00f6nnen, sowie \u00fcber 7 B\u00e4der, die ausschlie\u00dflich dem Haus zur Verf\u00fcgung stehen.<\/p>\n<\/p>\n<p>Das Haus verf\u00fcgt \u00fcber einen Speisesaal, in dem Sie sich entspannen und mit Ihren Kollegen austauschen k\u00f6nnen, sowie \u00fcber eine Tagesk\u00fcche, in der Sie Ihre Mahlzeiten zubereiten und genie\u00dfen k\u00f6nnen.<\/p>\n<\/p>\n<p>Au\u00dferdem verf\u00fcgt er \u00fcber einen Serverraum, damit Sie Ihre Computersysteme und Netzwerke in einwandfreiem Zustand halten k\u00f6nnen, sowie \u00fcber eine Heizungsanlage, die f\u00fcr ein angenehmes Raumklima sorgt.<\/p>\n<\/p>\n<p>Drau\u00dfen gibt es 20 Parkpl\u00e4tze, damit Sie und Ihr Team Ihre Fahrzeuge sicher abstellen k\u00f6nnen.<\/p>\n<\/p>\n<p>Das B\u00fcro verf\u00fcgt \u00fcber Fliesenb\u00f6den in den B\u00e4dern, Schlafzimmern und im Wohnzimmer, die ihm einen modernen und hochwertigen Charakter verleihen. Die Fenster sind aus Aluminium gefertigt, was Langlebigkeit und Qualit\u00e4t garantiert.<\/p>\n<\/p>\n<p>Die Konstruktion besteht aus einer Stahlstruktur, einer Au\u00dfenverkleidung, einer Innenverkleidung und einer Isolierung, was sie stark und langlebig macht.<\/p>\n<\/p>\n<p>Dar\u00fcber hinaus verf\u00fcgt die Immobilie \u00fcber einen Flur im ersten und zweiten Stock, der einen flie\u00dfenden Personenverkehr erm\u00f6glicht.<\/p>\n<\/p>\n<p>Es gibt ein gutes Telekommunikationssignal. Au\u00dferdem fahren Busse zum Grundst\u00fcck, so dass Sie immer Anschluss an die wichtigsten Verkehrsmittel haben.<\/p>\n<\/p>\n<p>Die Wohnanlage, in der sich die Immobilie befindet, verf\u00fcgt \u00fcber einen kontrollierten Zugang und ein 24\/7-Wachsystem, ein elektrisches Tor, Gr\u00fcnfl\u00e4chen und \u00dcberwachungskameras, die die Sicherheit und den Seelenfrieden Ihres Teams und Ihrer Investition garantieren.<\/p>\n<\/p>\n<p>Dar\u00fcber hinaus befindet sich die Immobilie in der N\u00e4he eines bekannten Veranstaltungszentrums, das Ihnen Zugang zu einer Vielzahl von Freizeit- und Gesch\u00e4ftsaktivit\u00e4ten bietet.<\/p>\n<\/p>\n<p>Verpassen Sie nicht die Gelegenheit, dieses spektakul\u00e4re B\u00fcro zu mieten und Ihr Unternehmen in einer modernen, sicheren und komfortablen Umgebung auszubauen!<\/p>\n<\/p>\n<p>Der Mietwert betr\u00e4gt 0,25 UF\/m\u00b2.<\/p>\n<\/p>\n<p>Kontaktieren Sie uns, um einen Besichtigungstermin zu vereinbaren und mehr \u00fcber diese erstaunliche Immobilie zu erfahren.<\/p>\n\t\t\t\t\t\t\t\t<\/div>\n\t\t\t\t\t<\/div>\n\t\t\t\t<\/div>\n\t\t\t\t<\/div>\n\t\t","protected":false},"excerpt":{"rendered":"<p>M\u00f6bliertes B\u00fcro von 124,79m\u00b2 in La Dehesa, Privatr\u00e4ume, Konferenzr\u00e4ume, Empfang.<\/p>\n","protected":false},"featured_media":14517,"template":"","meta":{"_acf_changed":false},"product_brand":[],"product_cat":[163],"product_tag":[443],"regiones":[227],"ciudades":[],"class_list":{"0":"post-15271","1":"product","2":"type-product","3":"status-publish","4":"has-post-thumbnail","6":"product_cat-valparaiso-maule-de","7":"product_tag-stadtische-immobilien","8":"regiones-valparaiso-maule","10":"first","11":"instock","12":"shipping-taxable","13":"purchasable","14":"product-type-simple"},"acf":[],"yoast_head":"<!-- This site is optimized with the Yoast SEO Premium plugin v26.0 (Yoast SEO v27.3) - https:\/\/yoast.com\/product\/yoast-seo-premium-wordpress\/ -->\n<title>Codegua Offices - Renca, Region O&#039;Higgins - Produncan<\/title>\n<meta name=\"description\" content=\"Modernes und sicheres B\u00fcro in Codegua, Rancagua; 15 B\u00fcros, 2 Sitzungsr\u00e4ume, Kantine und 20 Parkpl\u00e4tze. Pacht f\u00fcr 0,25 UF\/m\u00b2.\" \/>\n<meta name=\"robots\" content=\"index, follow, max-snippet:-1, max-image-preview:large, max-video-preview:-1\" \/>\n<link rel=\"canonical\" href=\"https:\/\/produncan.cl\/de\/produkt\/aemter-codegua-renca-r-of-ohiggins\/\" \/>\n<meta property=\"og:locale\" content=\"de_DE\" \/>\n<meta property=\"og:type\" content=\"article\" \/>\n<meta property=\"og:title\" content=\"Codegua Offices - Renca, Region O&#039;Higgins\" \/>\n<meta property=\"og:description\" content=\"Modernes und sicheres B\u00fcro in Codegua, Rancagua; 15 B\u00fcros, 2 Sitzungsr\u00e4ume, Kantine und 20 Parkpl\u00e4tze. Pacht f\u00fcr 0,25 UF\/m\u00b2.\" \/>\n<meta property=\"og:url\" content=\"https:\/\/produncan.cl\/de\/produkt\/aemter-codegua-renca-r-of-ohiggins\/\" \/>\n<meta property=\"og:site_name\" content=\"Produncan\" \/>\n<meta property=\"article:publisher\" content=\"https:\/\/web.facebook.com\/produncanland\" \/>\n<meta property=\"article:modified_time\" content=\"2025-12-26T20:29:20+00:00\" \/>\n<meta property=\"og:image\" content=\"https:\/\/produncan.cl\/wp-content\/uploads\/2023\/05\/Presentacion-scaled.jpg\" \/>\n\t<meta property=\"og:image:width\" content=\"2560\" \/>\n\t<meta property=\"og:image:height\" content=\"1920\" \/>\n\t<meta property=\"og:image:type\" content=\"image\/jpeg\" \/>\n<meta name=\"twitter:card\" content=\"summary_large_image\" \/>\n<meta name=\"twitter:label1\" content=\"Price\" \/>\n\t<meta name=\"twitter:data1\" content=\"USD4.300,00\" \/>\n\t<meta name=\"twitter:label2\" content=\"Availability\" \/>\n\t<meta name=\"twitter:data2\" content=\"In stock\" \/>\n<script type=\"application\/ld+json\" class=\"yoast-schema-graph\">{\"@context\":\"https:\\\/\\\/schema.org\",\"@graph\":[{\"@type\":\"WebPage\",\"@id\":\"https:\\\/\\\/produncan.cl\\\/de\\\/produkt\\\/aemter-codegua-renca-r-of-ohiggins\\\/\",\"url\":\"https:\\\/\\\/produncan.cl\\\/de\\\/produkt\\\/aemter-codegua-renca-r-of-ohiggins\\\/\",\"name\":\"Codegua Offices - Renca, Region O'Higgins - Produncan\",\"isPartOf\":{\"@id\":\"https:\\\/\\\/produncan.cl\\\/de\\\/#website\"},\"primaryImageOfPage\":{\"@id\":\"https:\\\/\\\/produncan.cl\\\/de\\\/produkt\\\/aemter-codegua-renca-r-of-ohiggins\\\/#primaryimage\"},\"image\":{\"@id\":\"https:\\\/\\\/produncan.cl\\\/de\\\/produkt\\\/aemter-codegua-renca-r-of-ohiggins\\\/#primaryimage\"},\"thumbnailUrl\":\"https:\\\/\\\/produncan.cl\\\/wp-content\\\/uploads\\\/2023\\\/05\\\/Presentacion-scaled.jpg\",\"datePublished\":\"2022-04-16T16:29:14+00:00\",\"dateModified\":\"2025-12-26T20:29:20+00:00\",\"description\":\"Modernes und sicheres B\u00fcro in Codegua, Rancagua; 15 B\u00fcros, 2 Sitzungsr\u00e4ume, Kantine und 20 Parkpl\u00e4tze. Pacht f\u00fcr 0,25 UF\\\/m\u00b2.\",\"breadcrumb\":{\"@id\":\"https:\\\/\\\/produncan.cl\\\/de\\\/produkt\\\/aemter-codegua-renca-r-of-ohiggins\\\/#breadcrumb\"},\"inLanguage\":\"de-DE\",\"potentialAction\":[{\"@type\":\"ReadAction\",\"target\":[\"https:\\\/\\\/produncan.cl\\\/de\\\/produkt\\\/aemter-codegua-renca-r-of-ohiggins\\\/\"]}]},{\"@type\":\"ImageObject\",\"inLanguage\":\"de-DE\",\"@id\":\"https:\\\/\\\/produncan.cl\\\/de\\\/produkt\\\/aemter-codegua-renca-r-of-ohiggins\\\/#primaryimage\",\"url\":\"https:\\\/\\\/produncan.cl\\\/wp-content\\\/uploads\\\/2023\\\/05\\\/Presentacion-scaled.jpg\",\"contentUrl\":\"https:\\\/\\\/produncan.cl\\\/wp-content\\\/uploads\\\/2023\\\/05\\\/Presentacion-scaled.jpg\",\"width\":2560,\"height\":1920},{\"@type\":\"BreadcrumbList\",\"@id\":\"https:\\\/\\\/produncan.cl\\\/de\\\/produkt\\\/aemter-codegua-renca-r-of-ohiggins\\\/#breadcrumb\",\"itemListElement\":[{\"@type\":\"ListItem\",\"position\":1,\"name\":\"Inicio\",\"item\":\"https:\\\/\\\/produncan.cl\\\/de\\\/\"},{\"@type\":\"ListItem\",\"position\":2,\"name\":\"Eigenschaften\",\"item\":\"https:\\\/\\\/produncan.cl\\\/propiedades\\\/\"},{\"@type\":\"ListItem\",\"position\":3,\"name\":\"St\u00e4dtische Immobilien\",\"item\":\"https:\\\/\\\/produncan.cl\\\/de\\\/kategorie\\\/stadtische-immobilien\\\/\"},{\"@type\":\"ListItem\",\"position\":4,\"name\":\"Codegua Offices &#8211; Renca, Region O&#8217;Higgins\"}]},{\"@type\":\"WebSite\",\"@id\":\"https:\\\/\\\/produncan.cl\\\/de\\\/#website\",\"url\":\"https:\\\/\\\/produncan.cl\\\/de\\\/\",\"name\":\"Produncan\",\"description\":\"Wir begleiten Sie bei Ihrem Lebensprojekt!\",\"publisher\":{\"@id\":\"https:\\\/\\\/produncan.cl\\\/de\\\/#organization\"},\"potentialAction\":[{\"@type\":\"SearchAction\",\"target\":{\"@type\":\"EntryPoint\",\"urlTemplate\":\"https:\\\/\\\/produncan.cl\\\/de\\\/?s={search_term_string}\"},\"query-input\":{\"@type\":\"PropertyValueSpecification\",\"valueRequired\":true,\"valueName\":\"search_term_string\"}}],\"inLanguage\":\"de-DE\"},{\"@type\":\"Organization\",\"@id\":\"https:\\\/\\\/produncan.cl\\\/de\\\/#organization\",\"name\":\"Produncan\",\"url\":\"https:\\\/\\\/produncan.cl\\\/de\\\/\",\"logo\":{\"@type\":\"ImageObject\",\"inLanguage\":\"de-DE\",\"@id\":\"https:\\\/\\\/produncan.cl\\\/de\\\/#\\\/schema\\\/logo\\\/image\\\/\",\"url\":\"https:\\\/\\\/produncan.cl\\\/wp-content\\\/uploads\\\/2021\\\/03\\\/LOGO.jpeg\",\"contentUrl\":\"https:\\\/\\\/produncan.cl\\\/wp-content\\\/uploads\\\/2021\\\/03\\\/LOGO.jpeg\",\"width\":1280,\"height\":903,\"caption\":\"Produncan\"},\"image\":{\"@id\":\"https:\\\/\\\/produncan.cl\\\/de\\\/#\\\/schema\\\/logo\\\/image\\\/\"},\"sameAs\":[\"https:\\\/\\\/web.facebook.com\\\/produncanland\",\"https:\\\/\\\/www.instagram.com\\\/pro_duncan\\\/\",\"https:\\\/\\\/www.linkedin.com\\\/company\\\/produncan-lands\\\/\",\"https:\\\/\\\/www.youtube.com\\\/channel\\\/UCu7N-f3x0svkazD-Eew1-QQ\"],\"description\":\"En Produncan somos especialistas en la venta de terrenos en el sur de Chile. Proveemos estancias, campos, parcelas y hoteles.\",\"email\":\"info@produncan.cl\"}]}<\/script>\n<meta property=\"og:video\" content=\"https:\/\/www.youtube.com\/embed\/X2QnI4OHnSs\" \/>\n<meta property=\"og:video:type\" content=\"text\/html\" \/>\n<meta property=\"og:video:duration\" content=\"74\" \/>\n<meta property=\"og:video:width\" content=\"480\" \/>\n<meta property=\"og:video:height\" content=\"360\" \/>\n<meta property=\"ya:ovs:adult\" content=\"false\" \/>\n<meta property=\"ya:ovs:upload_date\" content=\"2022-04-16T16:29:14+00:00\" \/>\n<meta property=\"ya:ovs:allow_embed\" content=\"true\" \/>\n<meta property=\"product:price:amount\" content=\"4300.00\" \/>\n<meta property=\"product:price:currency\" content=\"USD\" \/>\n<meta property=\"og:availability\" content=\"instock\" \/>\n<meta property=\"product:availability\" content=\"instock\" \/>\n<meta property=\"product:condition\" content=\"new\" \/>\n<!-- \/ Yoast SEO Premium plugin. -->","yoast_head_json":{"title":"Codegua Offices - Renca, Region O'Higgins - Produncan","description":"Modernes und sicheres B\u00fcro in Codegua, Rancagua; 15 B\u00fcros, 2 Sitzungsr\u00e4ume, Kantine und 20 Parkpl\u00e4tze. Pacht f\u00fcr 0,25 UF\/m\u00b2.","robots":{"index":"index","follow":"follow","max-snippet":"max-snippet:-1","max-image-preview":"max-image-preview:large","max-video-preview":"max-video-preview:-1"},"canonical":"https:\/\/produncan.cl\/de\/produkt\/aemter-codegua-renca-r-of-ohiggins\/","og_locale":"de_DE","og_type":"article","og_title":"Codegua Offices - Renca, Region O'Higgins","og_description":"Modernes und sicheres B\u00fcro in Codegua, Rancagua; 15 B\u00fcros, 2 Sitzungsr\u00e4ume, Kantine und 20 Parkpl\u00e4tze. Pacht f\u00fcr 0,25 UF\/m\u00b2.","og_url":"https:\/\/produncan.cl\/de\/produkt\/aemter-codegua-renca-r-of-ohiggins\/","og_site_name":"Produncan","article_publisher":"https:\/\/web.facebook.com\/produncanland","article_modified_time":"2025-12-26T20:29:20+00:00","og_image":[{"width":2560,"height":1920,"url":"https:\/\/produncan.cl\/wp-content\/uploads\/2023\/05\/Presentacion-scaled.jpg","type":"image\/jpeg"}],"twitter_card":"summary_large_image","twitter_misc":{"Price":"USD4.300,00","Availability":"In stock"},"schema":{"@context":"https:\/\/schema.org","@graph":[{"@type":"WebPage","@id":"https:\/\/produncan.cl\/de\/produkt\/aemter-codegua-renca-r-of-ohiggins\/","url":"https:\/\/produncan.cl\/de\/produkt\/aemter-codegua-renca-r-of-ohiggins\/","name":"Codegua Offices - Renca, Region O'Higgins - Produncan","isPartOf":{"@id":"https:\/\/produncan.cl\/de\/#website"},"primaryImageOfPage":{"@id":"https:\/\/produncan.cl\/de\/produkt\/aemter-codegua-renca-r-of-ohiggins\/#primaryimage"},"image":{"@id":"https:\/\/produncan.cl\/de\/produkt\/aemter-codegua-renca-r-of-ohiggins\/#primaryimage"},"thumbnailUrl":"https:\/\/produncan.cl\/wp-content\/uploads\/2023\/05\/Presentacion-scaled.jpg","datePublished":"2022-04-16T16:29:14+00:00","dateModified":"2025-12-26T20:29:20+00:00","description":"Modernes und sicheres B\u00fcro in Codegua, Rancagua; 15 B\u00fcros, 2 Sitzungsr\u00e4ume, Kantine und 20 Parkpl\u00e4tze. Pacht f\u00fcr 0,25 UF\/m\u00b2.","breadcrumb":{"@id":"https:\/\/produncan.cl\/de\/produkt\/aemter-codegua-renca-r-of-ohiggins\/#breadcrumb"},"inLanguage":"de-DE","potentialAction":[{"@type":"ReadAction","target":["https:\/\/produncan.cl\/de\/produkt\/aemter-codegua-renca-r-of-ohiggins\/"]}]},{"@type":"ImageObject","inLanguage":"de-DE","@id":"https:\/\/produncan.cl\/de\/produkt\/aemter-codegua-renca-r-of-ohiggins\/#primaryimage","url":"https:\/\/produncan.cl\/wp-content\/uploads\/2023\/05\/Presentacion-scaled.jpg","contentUrl":"https:\/\/produncan.cl\/wp-content\/uploads\/2023\/05\/Presentacion-scaled.jpg","width":2560,"height":1920},{"@type":"BreadcrumbList","@id":"https:\/\/produncan.cl\/de\/produkt\/aemter-codegua-renca-r-of-ohiggins\/#breadcrumb","itemListElement":[{"@type":"ListItem","position":1,"name":"Inicio","item":"https:\/\/produncan.cl\/de\/"},{"@type":"ListItem","position":2,"name":"Eigenschaften","item":"https:\/\/produncan.cl\/propiedades\/"},{"@type":"ListItem","position":3,"name":"St\u00e4dtische Immobilien","item":"https:\/\/produncan.cl\/de\/kategorie\/stadtische-immobilien\/"},{"@type":"ListItem","position":4,"name":"Codegua Offices &#8211; Renca, Region O&#8217;Higgins"}]},{"@type":"WebSite","@id":"https:\/\/produncan.cl\/de\/#website","url":"https:\/\/produncan.cl\/de\/","name":"Produncan","description":"Wir begleiten Sie bei Ihrem Lebensprojekt!","publisher":{"@id":"https:\/\/produncan.cl\/de\/#organization"},"potentialAction":[{"@type":"SearchAction","target":{"@type":"EntryPoint","urlTemplate":"https:\/\/produncan.cl\/de\/?s={search_term_string}"},"query-input":{"@type":"PropertyValueSpecification","valueRequired":true,"valueName":"search_term_string"}}],"inLanguage":"de-DE"},{"@type":"Organization","@id":"https:\/\/produncan.cl\/de\/#organization","name":"Produncan","url":"https:\/\/produncan.cl\/de\/","logo":{"@type":"ImageObject","inLanguage":"de-DE","@id":"https:\/\/produncan.cl\/de\/#\/schema\/logo\/image\/","url":"https:\/\/produncan.cl\/wp-content\/uploads\/2021\/03\/LOGO.jpeg","contentUrl":"https:\/\/produncan.cl\/wp-content\/uploads\/2021\/03\/LOGO.jpeg","width":1280,"height":903,"caption":"Produncan"},"image":{"@id":"https:\/\/produncan.cl\/de\/#\/schema\/logo\/image\/"},"sameAs":["https:\/\/web.facebook.com\/produncanland","https:\/\/www.instagram.com\/pro_duncan\/","https:\/\/www.linkedin.com\/company\/produncan-lands\/","https:\/\/www.youtube.com\/channel\/UCu7N-f3x0svkazD-Eew1-QQ"],"description":"En Produncan somos especialistas en la venta de terrenos en el sur de Chile. Proveemos estancias, campos, parcelas y hoteles.","email":"info@produncan.cl"}]},"og_video":"https:\/\/www.youtube.com\/embed\/X2QnI4OHnSs","og_video_type":"text\/html","og_video_duration":"74","og_video_width":"480","og_video_height":"360","ya_ovs_adult":"false","ya_ovs_upload_date":"2022-04-16T16:29:14+00:00","ya_ovs_allow_embed":"true","product_price_amount":"4300.00","product_price_currency":"USD","og_availability":"instock","product_availability":"instock","product_condition":"new"},"_links":{"self":[{"href":"https:\/\/produncan.cl\/de\/wp-json\/wp\/v2\/product\/15271","targetHints":{"allow":["GET"]}}],"collection":[{"href":"https:\/\/produncan.cl\/de\/wp-json\/wp\/v2\/product"}],"about":[{"href":"https:\/\/produncan.cl\/de\/wp-json\/wp\/v2\/types\/product"}],"version-history":[{"count":3,"href":"https:\/\/produncan.cl\/de\/wp-json\/wp\/v2\/product\/15271\/revisions"}],"predecessor-version":[{"id":54215,"href":"https:\/\/produncan.cl\/de\/wp-json\/wp\/v2\/product\/15271\/revisions\/54215"}],"wp:featuredmedia":[{"embeddable":true,"href":"https:\/\/produncan.cl\/de\/wp-json\/wp\/v2\/media\/14517"}],"wp:attachment":[{"href":"https:\/\/produncan.cl\/de\/wp-json\/wp\/v2\/media?parent=15271"}],"wp:term":[{"taxonomy":"product_brand","embeddable":true,"href":"https:\/\/produncan.cl\/de\/wp-json\/wp\/v2\/product_brand?post=15271"},{"taxonomy":"product_cat","embeddable":true,"href":"https:\/\/produncan.cl\/de\/wp-json\/wp\/v2\/product_cat?post=15271"},{"taxonomy":"product_tag","embeddable":true,"href":"https:\/\/produncan.cl\/de\/wp-json\/wp\/v2\/product_tag?post=15271"},{"taxonomy":"regiones","embeddable":true,"href":"https:\/\/produncan.cl\/de\/wp-json\/wp\/v2\/regiones?post=15271"},{"taxonomy":"ciudades","embeddable":true,"href":"https:\/\/produncan.cl\/de\/wp-json\/wp\/v2\/ciudades?post=15271"}],"curies":[{"name":"wp","href":"https:\/\/api.w.org\/{rel}","templated":true}]}}