{"id":15930,"date":"2023-05-18T18:02:38","date_gmt":"2023-05-18T22:02:38","guid":{"rendered":"https:\/\/produncan.cl\/producto\/la-casa-del-lago-villarrica-r-de-la-araucania\/"},"modified":"2025-08-19T11:46:51","modified_gmt":"2025-08-19T15:46:51","slug":"la-casa-del-lago-villarrica-r-de-la-araucania","status":"publish","type":"product","link":"https:\/\/produncan.cl\/de\/produkt\/la-casa-del-lago-villarrica-r-de-la-araucania\/","title":{"rendered":"Haus mit Seeufer &#8211; Villarrica See &#8211; Region Araucan\u00eda"},"content":{"rendered":"\t\t<div data-elementor-type=\"product-post\" data-elementor-id=\"15930\" class=\"elementor elementor-15930 elementor-14893\" data-elementor-post-type=\"product\">\n\t\t\t\t<div class=\"elementor-element elementor-element-72b0b28 e-flex e-con-boxed e-con e-parent\" data-id=\"72b0b28\" data-element_type=\"container\" data-e-type=\"container\" data-settings=\"{&quot;jet_parallax_layout_list&quot;:[]}\">\n\t\t\t\t\t<div class=\"e-con-inner\">\n\t\t\t\t<div class=\"elementor-element elementor-element-265a359 elementor-widget elementor-widget-heading\" data-id=\"265a359\" data-element_type=\"widget\" data-e-type=\"widget\" data-widget_type=\"heading.default\">\n\t\t\t\t\t<h2 class=\"elementor-heading-title elementor-size-default\">Willkommen in Ihrem privaten Paradies am Villarrica-See! <\/h2>\t\t\t\t<\/div>\n\t\t\t\t\t<\/div>\n\t\t\t\t<\/div>\n\t\t<div class=\"elementor-element elementor-element-87f3450 e-flex e-con-boxed e-con e-parent\" data-id=\"87f3450\" data-element_type=\"container\" data-e-type=\"container\" data-settings=\"{&quot;jet_parallax_layout_list&quot;:[]}\">\n\t\t\t\t\t<div class=\"e-con-inner\">\n\t\t\t\t<div class=\"elementor-element elementor-element-78918b2 elementor-widget elementor-widget-text-editor\" data-id=\"78918b2\" data-element_type=\"widget\" data-e-type=\"widget\" data-widget_type=\"text-editor.default\">\n\t\t\t\t\t\t\t\t\t<p>Dieses spektakul\u00e4re Haus am See in Villarrica mit direktem Zugang zur asphaltierten Stra\u00dfe steht f\u00fcr UF113.000 zum Verkauf. Mit einer Gesamtfl\u00e4che von 13.847 m\u00b2 bietet das Anwesen alles, was man sich von einem Haus am See w\u00fcnscht: ein weitl\u00e4ufiges Grundst\u00fcck, Gr\u00fcnfl\u00e4chen und einen atemberaubenden Blick auf den See Villarrica und die Bergkette, mit Ausrichtung nach Norden.<\/p>\n<p>Das Anwesen besteht aus einem Haupthaus, einem G\u00e4stehaus, einem Hausmeisterhaus, einem Swimmingpool, einem Schuppen, einer Pergola, zwei Grillpl\u00e4tzen und einem Bootsanleger mit Steg. Alles zusammen ergibt eine bebaute Fl\u00e4che von 546 m\u00b2.<\/p>\n<p>Das 2004 umgebaute Haupthaus bietet 183,6m\u00b2 Nutzfl\u00e4che und 298m\u00b2 Gesamtfl\u00e4che. Es besteht aus insgesamt 5 Schlafzimmern, 2 davon mit eigenem Bad und 1 Dienstzimmer, 4 B\u00e4dern, einer gro\u00dfen Terrasse mit Blick auf den See und einer zum Wohn-Esszimmer hin offenen K\u00fcche. Au\u00dferdem gibt es zwei Abstellr\u00e4ume (2&#215;2) und Parkpl\u00e4tze f\u00fcr 4 Fahrzeuge, obwohl es auf demselben Grundst\u00fcck noch mehr Parkpl\u00e4tze gibt.<\/p>\n<p>Das Grundst\u00fcck verf\u00fcgt \u00fcber einen Brunnen mit Teich sowie ein- und dreiphasigen unterirdischen Stromanschluss. Im Bereich der Telekommunikation verf\u00fcgt es \u00fcber Glasfaserkabel der Firma Telsur.<\/p>\n<p>Neben dem Haupthaus verf\u00fcgt das Anwesen \u00fcber ein G\u00e4stehaus und ein Mieterhaus, jeweils mit eigenem Wohnzimmer, Esszimmer, integrierter K\u00fcche und Schlafzimmern. Au\u00dferdem gibt es einen nautischen Schuppen, der im Sommer als \u00fcberdachter Parkplatz genutzt werden kann, ein 77,5 m\u00b2 gro\u00dfes Schwimmbad und einen offenen Grillplatz, um die Natur zu genie\u00dfen.<\/p>\n<p>Das vollst\u00e4ndig mit verzinktem Acma-Gitter umz\u00e4unte Grundst\u00fcck ist gr\u00f6\u00dftenteils flach mit einem leichten Gef\u00e4lle zur asphaltierten Stra\u00dfe hin. Obstb\u00e4ume und eine \u00fcppige, farbenfrohe Vegetation schaffen eine ruhige und private Umgebung.<\/p>\n<p>Au\u00dferdem grenzt dieses Grundst\u00fcck auf 95 Metern an den Villarrica-See, was einen atemberaubenden Blick auf das Wasser und einen direkten Zugang zu nautischen Aktivit\u00e4ten erm\u00f6glicht. Au\u00dferdem gibt es einen Bootsanleger und einen Steg mit Anlegestellen.<\/p>\n<p><span style=\"color: var( --e-global-color-text ); font-family: var( --e-global-typography-text-font-family ), Sans-serif; font-weight: var( --e-global-typography-text-font-weight ); text-align: var(--text-align);\">Die Lage ist ausgezeichnet, da sie sich in einem l\u00e4ndlichen Gebiet befindet, das haupts\u00e4chlich von Touristen und Zweitwohnsitzen bewohnt wird und eine geringe Wohndichte aufweist. Es ist nur 9 km von Villarrica und eine Stunde vom Flughafen La Araucan\u00eda &#8211; Temuco entfernt. Mit \u00f6ffentlichen Verkehrsmitteln direkt vor der Haust\u00fcr und einer Vielzahl von Attraktionen in der N\u00e4he, wie dem Villarrica-See, dem Vulkan Villarrica, dem Nationalpark Villarrica, dem Caburga-See, den geothermischen Quellen und dem Huilo-Huilo-Reservat, sind die M\u00f6glichkeiten zur Erkundung endlos;<\/span><\/p>\n<p>Wenn Sie auf der Suche nach einem gro\u00dfen Haus am See mit atemberaubender Aussicht, einer breiten Palette von Einrichtungen und leichtem Zugang zur Natur und zur Stadt sind, ist diese Immobilie genau das Richtige f\u00fcr Sie.<\/p>\n<p>Lassen Sie sich diese einmalige Gelegenheit nicht entgehen! Kontaktieren Sie uns jetzt, um weitere Informationen zu erhalten oder einen Besuchstermin zu vereinbaren.<\/p>\t\t\t\t\t\t\t\t<\/div>\n\t\t\t\t\t<\/div>\n\t\t\t\t<\/div>\n\t\t\t\t<\/div>\n\t\t","protected":false},"excerpt":{"rendered":"<p>Haus mit 95 mts am Villarrica See Ufer in mit direktem Zugang zu asphaltierter Stra\u00dfe und 95 mts vom Villarrica See Ufer. Haupthaus, G\u00e4stehaus, Hausmeister, Swimmingpool, Steg, Schuppen und Grillplatz.<\/p>\n","protected":false},"featured_media":15363,"template":"","meta":{"_acf_changed":false},"product_brand":[],"product_cat":[104],"product_tag":[232,231],"regiones":[226],"ciudades":[221],"class_list":{"0":"post-15930","1":"product","2":"type-product","3":"status-publish","4":"has-post-thumbnail","6":"product_cat-ohiggins-los-lagos","7":"product_tag-grundstuecke","8":"product_tag-touristische-immobilien","9":"regiones-nuble-los_lagos","10":"ciudades-villarrica","12":"first","13":"instock","14":"shipping-taxable","15":"purchasable","16":"product-type-simple"},"acf":[],"yoast_head":"<!-- This site is optimized with the Yoast SEO Premium plugin v26.0 (Yoast SEO v27.3) - https:\/\/yoast.com\/product\/yoast-seo-premium-wordpress\/ -->\n<title>Haus mit Seeufer - Villarrica See - Region Araucan\u00eda - Produncan<\/title>\n<meta name=\"description\" content=\"Spektakul\u00e4res Grundst\u00fcck mit direktem Zugang zu einer asphaltierten Stra\u00dfe, 95 m Seeufer, 13.847m\u00b2 Fl\u00e4che, Schwimmbad, Schuppen, Pergola, zwei Grills;\" \/>\n<meta name=\"robots\" content=\"index, follow, max-snippet:-1, max-image-preview:large, max-video-preview:-1\" \/>\n<link rel=\"canonical\" href=\"https:\/\/produncan.cl\/de\/produkt\/la-casa-del-lago-villarrica-r-de-la-araucania\/\" \/>\n<meta property=\"og:locale\" content=\"de_DE\" \/>\n<meta property=\"og:type\" content=\"article\" \/>\n<meta property=\"og:title\" content=\"Haus mit Seeufer - Villarrica See - Region Araucan\u00eda\" \/>\n<meta property=\"og:description\" content=\"Spektakul\u00e4res Grundst\u00fcck mit direktem Zugang zu einer asphaltierten Stra\u00dfe, 95 m Seeufer, 13.847m\u00b2 Fl\u00e4che, Schwimmbad, Schuppen, Pergola, zwei Grills;\" \/>\n<meta property=\"og:url\" content=\"https:\/\/produncan.cl\/de\/produkt\/la-casa-del-lago-villarrica-r-de-la-araucania\/\" \/>\n<meta property=\"og:site_name\" content=\"Produncan\" \/>\n<meta property=\"article:publisher\" content=\"https:\/\/web.facebook.com\/produncanland\" \/>\n<meta property=\"article:modified_time\" content=\"2025-08-19T15:46:51+00:00\" \/>\n<meta property=\"og:image\" content=\"https:\/\/produncan.cl\/wp-content\/uploads\/2023\/05\/Presentacion-La-Casa-del-Lago-Villarrica.webp\" \/>\n\t<meta property=\"og:image:width\" content=\"600\" \/>\n\t<meta property=\"og:image:height\" content=\"450\" \/>\n\t<meta property=\"og:image:type\" content=\"image\/webp\" \/>\n<meta name=\"twitter:card\" content=\"summary_large_image\" \/>\n<meta name=\"twitter:label1\" content=\"Price\" \/>\n\t<meta name=\"twitter:data1\" content=\"USD4.891.500,00\" \/>\n\t<meta name=\"twitter:label2\" content=\"Availability\" \/>\n\t<meta name=\"twitter:data2\" content=\"In stock\" \/>\n<script type=\"application\/ld+json\" class=\"yoast-schema-graph\">{\"@context\":\"https:\\\/\\\/schema.org\",\"@graph\":[{\"@type\":\"WebPage\",\"@id\":\"https:\\\/\\\/produncan.cl\\\/de\\\/produkt\\\/la-casa-del-lago-villarrica-r-de-la-araucania\\\/\",\"url\":\"https:\\\/\\\/produncan.cl\\\/de\\\/produkt\\\/la-casa-del-lago-villarrica-r-de-la-araucania\\\/\",\"name\":\"Haus mit Seeufer - Villarrica See - Region Araucan\u00eda - Produncan\",\"isPartOf\":{\"@id\":\"https:\\\/\\\/produncan.cl\\\/de\\\/#website\"},\"primaryImageOfPage\":{\"@id\":\"https:\\\/\\\/produncan.cl\\\/de\\\/produkt\\\/la-casa-del-lago-villarrica-r-de-la-araucania\\\/#primaryimage\"},\"image\":{\"@id\":\"https:\\\/\\\/produncan.cl\\\/de\\\/produkt\\\/la-casa-del-lago-villarrica-r-de-la-araucania\\\/#primaryimage\"},\"thumbnailUrl\":\"https:\\\/\\\/produncan.cl\\\/wp-content\\\/uploads\\\/2023\\\/05\\\/Presentacion-La-Casa-del-Lago-Villarrica.webp\",\"datePublished\":\"2023-05-18T22:02:38+00:00\",\"dateModified\":\"2025-08-19T15:46:51+00:00\",\"description\":\"Spektakul\u00e4res Grundst\u00fcck mit direktem Zugang zu einer asphaltierten Stra\u00dfe, 95 m Seeufer, 13.847m\u00b2 Fl\u00e4che, Schwimmbad, Schuppen, Pergola, zwei Grills;\",\"breadcrumb\":{\"@id\":\"https:\\\/\\\/produncan.cl\\\/de\\\/produkt\\\/la-casa-del-lago-villarrica-r-de-la-araucania\\\/#breadcrumb\"},\"inLanguage\":\"de-DE\",\"potentialAction\":[{\"@type\":\"ReadAction\",\"target\":[\"https:\\\/\\\/produncan.cl\\\/de\\\/produkt\\\/la-casa-del-lago-villarrica-r-de-la-araucania\\\/\"]}]},{\"@type\":\"ImageObject\",\"inLanguage\":\"de-DE\",\"@id\":\"https:\\\/\\\/produncan.cl\\\/de\\\/produkt\\\/la-casa-del-lago-villarrica-r-de-la-araucania\\\/#primaryimage\",\"url\":\"https:\\\/\\\/produncan.cl\\\/wp-content\\\/uploads\\\/2023\\\/05\\\/Presentacion-La-Casa-del-Lago-Villarrica.webp\",\"contentUrl\":\"https:\\\/\\\/produncan.cl\\\/wp-content\\\/uploads\\\/2023\\\/05\\\/Presentacion-La-Casa-del-Lago-Villarrica.webp\",\"width\":600,\"height\":450},{\"@type\":\"BreadcrumbList\",\"@id\":\"https:\\\/\\\/produncan.cl\\\/de\\\/produkt\\\/la-casa-del-lago-villarrica-r-de-la-araucania\\\/#breadcrumb\",\"itemListElement\":[{\"@type\":\"ListItem\",\"position\":1,\"name\":\"Inicio\",\"item\":\"https:\\\/\\\/produncan.cl\\\/de\\\/\"},{\"@type\":\"ListItem\",\"position\":2,\"name\":\"Eigenschaften\",\"item\":\"https:\\\/\\\/produncan.cl\\\/propiedades\\\/\"},{\"@type\":\"ListItem\",\"position\":3,\"name\":\"Grundst\u00fccke\",\"item\":\"https:\\\/\\\/produncan.cl\\\/de\\\/kategorie\\\/grundstuecke\\\/\"},{\"@type\":\"ListItem\",\"position\":4,\"name\":\"Haus mit Seeufer &#8211; Villarrica See &#8211; Region Araucan\u00eda\"}]},{\"@type\":\"WebSite\",\"@id\":\"https:\\\/\\\/produncan.cl\\\/de\\\/#website\",\"url\":\"https:\\\/\\\/produncan.cl\\\/de\\\/\",\"name\":\"Produncan\",\"description\":\"Wir begleiten Sie bei Ihrem Lebensprojekt!\",\"publisher\":{\"@id\":\"https:\\\/\\\/produncan.cl\\\/de\\\/#organization\"},\"potentialAction\":[{\"@type\":\"SearchAction\",\"target\":{\"@type\":\"EntryPoint\",\"urlTemplate\":\"https:\\\/\\\/produncan.cl\\\/de\\\/?s={search_term_string}\"},\"query-input\":{\"@type\":\"PropertyValueSpecification\",\"valueRequired\":true,\"valueName\":\"search_term_string\"}}],\"inLanguage\":\"de-DE\"},{\"@type\":\"Organization\",\"@id\":\"https:\\\/\\\/produncan.cl\\\/de\\\/#organization\",\"name\":\"Produncan\",\"url\":\"https:\\\/\\\/produncan.cl\\\/de\\\/\",\"logo\":{\"@type\":\"ImageObject\",\"inLanguage\":\"de-DE\",\"@id\":\"https:\\\/\\\/produncan.cl\\\/de\\\/#\\\/schema\\\/logo\\\/image\\\/\",\"url\":\"https:\\\/\\\/produncan.cl\\\/wp-content\\\/uploads\\\/2021\\\/03\\\/LOGO.jpeg\",\"contentUrl\":\"https:\\\/\\\/produncan.cl\\\/wp-content\\\/uploads\\\/2021\\\/03\\\/LOGO.jpeg\",\"width\":1280,\"height\":903,\"caption\":\"Produncan\"},\"image\":{\"@id\":\"https:\\\/\\\/produncan.cl\\\/de\\\/#\\\/schema\\\/logo\\\/image\\\/\"},\"sameAs\":[\"https:\\\/\\\/web.facebook.com\\\/produncanland\",\"https:\\\/\\\/www.instagram.com\\\/pro_duncan\\\/\",\"https:\\\/\\\/www.linkedin.com\\\/company\\\/produncan-lands\\\/\",\"https:\\\/\\\/www.youtube.com\\\/channel\\\/UCu7N-f3x0svkazD-Eew1-QQ\"],\"description\":\"En Produncan somos especialistas en la venta de terrenos en el sur de Chile. Proveemos estancias, campos, parcelas y hoteles.\",\"email\":\"info@produncan.cl\"}]}<\/script>\n<meta property=\"og:video\" content=\"https:\/\/www.youtube.com\/embed\/msqP6jvRqDA\" \/>\n<meta property=\"og:video:type\" content=\"text\/html\" \/>\n<meta property=\"og:video:duration\" content=\"67\" \/>\n<meta property=\"og:video:width\" content=\"480\" \/>\n<meta property=\"og:video:height\" content=\"360\" \/>\n<meta property=\"ya:ovs:adult\" content=\"false\" \/>\n<meta property=\"ya:ovs:upload_date\" content=\"2023-05-18T22:02:38+00:00\" \/>\n<meta property=\"ya:ovs:allow_embed\" content=\"true\" \/>\n<meta property=\"product:price:amount\" content=\"4891500.00\" \/>\n<meta property=\"product:price:currency\" content=\"USD\" \/>\n<meta property=\"og:availability\" content=\"instock\" \/>\n<meta property=\"product:availability\" content=\"instock\" \/>\n<meta property=\"product:condition\" content=\"new\" \/>\n<!-- \/ Yoast SEO Premium plugin. -->","yoast_head_json":{"title":"Haus mit Seeufer - Villarrica See - Region Araucan\u00eda - Produncan","description":"Spektakul\u00e4res Grundst\u00fcck mit direktem Zugang zu einer asphaltierten Stra\u00dfe, 95 m Seeufer, 13.847m\u00b2 Fl\u00e4che, Schwimmbad, Schuppen, Pergola, zwei Grills;","robots":{"index":"index","follow":"follow","max-snippet":"max-snippet:-1","max-image-preview":"max-image-preview:large","max-video-preview":"max-video-preview:-1"},"canonical":"https:\/\/produncan.cl\/de\/produkt\/la-casa-del-lago-villarrica-r-de-la-araucania\/","og_locale":"de_DE","og_type":"article","og_title":"Haus mit Seeufer - Villarrica See - Region Araucan\u00eda","og_description":"Spektakul\u00e4res Grundst\u00fcck mit direktem Zugang zu einer asphaltierten Stra\u00dfe, 95 m Seeufer, 13.847m\u00b2 Fl\u00e4che, Schwimmbad, Schuppen, Pergola, zwei Grills;","og_url":"https:\/\/produncan.cl\/de\/produkt\/la-casa-del-lago-villarrica-r-de-la-araucania\/","og_site_name":"Produncan","article_publisher":"https:\/\/web.facebook.com\/produncanland","article_modified_time":"2025-08-19T15:46:51+00:00","og_image":[{"width":600,"height":450,"url":"https:\/\/produncan.cl\/wp-content\/uploads\/2023\/05\/Presentacion-La-Casa-del-Lago-Villarrica.webp","type":"image\/webp"}],"twitter_card":"summary_large_image","twitter_misc":{"Price":"USD4.891.500,00","Availability":"In stock"},"schema":{"@context":"https:\/\/schema.org","@graph":[{"@type":"WebPage","@id":"https:\/\/produncan.cl\/de\/produkt\/la-casa-del-lago-villarrica-r-de-la-araucania\/","url":"https:\/\/produncan.cl\/de\/produkt\/la-casa-del-lago-villarrica-r-de-la-araucania\/","name":"Haus mit Seeufer - Villarrica See - Region Araucan\u00eda - Produncan","isPartOf":{"@id":"https:\/\/produncan.cl\/de\/#website"},"primaryImageOfPage":{"@id":"https:\/\/produncan.cl\/de\/produkt\/la-casa-del-lago-villarrica-r-de-la-araucania\/#primaryimage"},"image":{"@id":"https:\/\/produncan.cl\/de\/produkt\/la-casa-del-lago-villarrica-r-de-la-araucania\/#primaryimage"},"thumbnailUrl":"https:\/\/produncan.cl\/wp-content\/uploads\/2023\/05\/Presentacion-La-Casa-del-Lago-Villarrica.webp","datePublished":"2023-05-18T22:02:38+00:00","dateModified":"2025-08-19T15:46:51+00:00","description":"Spektakul\u00e4res Grundst\u00fcck mit direktem Zugang zu einer asphaltierten Stra\u00dfe, 95 m Seeufer, 13.847m\u00b2 Fl\u00e4che, Schwimmbad, Schuppen, Pergola, zwei Grills;","breadcrumb":{"@id":"https:\/\/produncan.cl\/de\/produkt\/la-casa-del-lago-villarrica-r-de-la-araucania\/#breadcrumb"},"inLanguage":"de-DE","potentialAction":[{"@type":"ReadAction","target":["https:\/\/produncan.cl\/de\/produkt\/la-casa-del-lago-villarrica-r-de-la-araucania\/"]}]},{"@type":"ImageObject","inLanguage":"de-DE","@id":"https:\/\/produncan.cl\/de\/produkt\/la-casa-del-lago-villarrica-r-de-la-araucania\/#primaryimage","url":"https:\/\/produncan.cl\/wp-content\/uploads\/2023\/05\/Presentacion-La-Casa-del-Lago-Villarrica.webp","contentUrl":"https:\/\/produncan.cl\/wp-content\/uploads\/2023\/05\/Presentacion-La-Casa-del-Lago-Villarrica.webp","width":600,"height":450},{"@type":"BreadcrumbList","@id":"https:\/\/produncan.cl\/de\/produkt\/la-casa-del-lago-villarrica-r-de-la-araucania\/#breadcrumb","itemListElement":[{"@type":"ListItem","position":1,"name":"Inicio","item":"https:\/\/produncan.cl\/de\/"},{"@type":"ListItem","position":2,"name":"Eigenschaften","item":"https:\/\/produncan.cl\/propiedades\/"},{"@type":"ListItem","position":3,"name":"Grundst\u00fccke","item":"https:\/\/produncan.cl\/de\/kategorie\/grundstuecke\/"},{"@type":"ListItem","position":4,"name":"Haus mit Seeufer &#8211; Villarrica See &#8211; Region Araucan\u00eda"}]},{"@type":"WebSite","@id":"https:\/\/produncan.cl\/de\/#website","url":"https:\/\/produncan.cl\/de\/","name":"Produncan","description":"Wir begleiten Sie bei Ihrem Lebensprojekt!","publisher":{"@id":"https:\/\/produncan.cl\/de\/#organization"},"potentialAction":[{"@type":"SearchAction","target":{"@type":"EntryPoint","urlTemplate":"https:\/\/produncan.cl\/de\/?s={search_term_string}"},"query-input":{"@type":"PropertyValueSpecification","valueRequired":true,"valueName":"search_term_string"}}],"inLanguage":"de-DE"},{"@type":"Organization","@id":"https:\/\/produncan.cl\/de\/#organization","name":"Produncan","url":"https:\/\/produncan.cl\/de\/","logo":{"@type":"ImageObject","inLanguage":"de-DE","@id":"https:\/\/produncan.cl\/de\/#\/schema\/logo\/image\/","url":"https:\/\/produncan.cl\/wp-content\/uploads\/2021\/03\/LOGO.jpeg","contentUrl":"https:\/\/produncan.cl\/wp-content\/uploads\/2021\/03\/LOGO.jpeg","width":1280,"height":903,"caption":"Produncan"},"image":{"@id":"https:\/\/produncan.cl\/de\/#\/schema\/logo\/image\/"},"sameAs":["https:\/\/web.facebook.com\/produncanland","https:\/\/www.instagram.com\/pro_duncan\/","https:\/\/www.linkedin.com\/company\/produncan-lands\/","https:\/\/www.youtube.com\/channel\/UCu7N-f3x0svkazD-Eew1-QQ"],"description":"En Produncan somos especialistas en la venta de terrenos en el sur de Chile. Proveemos estancias, campos, parcelas y hoteles.","email":"info@produncan.cl"}]},"og_video":"https:\/\/www.youtube.com\/embed\/msqP6jvRqDA","og_video_type":"text\/html","og_video_duration":"67","og_video_width":"480","og_video_height":"360","ya_ovs_adult":"false","ya_ovs_upload_date":"2023-05-18T22:02:38+00:00","ya_ovs_allow_embed":"true","product_price_amount":"4891500.00","product_price_currency":"USD","og_availability":"instock","product_availability":"instock","product_condition":"new"},"_links":{"self":[{"href":"https:\/\/produncan.cl\/de\/wp-json\/wp\/v2\/product\/15930","targetHints":{"allow":["GET"]}}],"collection":[{"href":"https:\/\/produncan.cl\/de\/wp-json\/wp\/v2\/product"}],"about":[{"href":"https:\/\/produncan.cl\/de\/wp-json\/wp\/v2\/types\/product"}],"version-history":[{"count":0,"href":"https:\/\/produncan.cl\/de\/wp-json\/wp\/v2\/product\/15930\/revisions"}],"wp:featuredmedia":[{"embeddable":true,"href":"https:\/\/produncan.cl\/de\/wp-json\/wp\/v2\/media\/15363"}],"wp:attachment":[{"href":"https:\/\/produncan.cl\/de\/wp-json\/wp\/v2\/media?parent=15930"}],"wp:term":[{"taxonomy":"product_brand","embeddable":true,"href":"https:\/\/produncan.cl\/de\/wp-json\/wp\/v2\/product_brand?post=15930"},{"taxonomy":"product_cat","embeddable":true,"href":"https:\/\/produncan.cl\/de\/wp-json\/wp\/v2\/product_cat?post=15930"},{"taxonomy":"product_tag","embeddable":true,"href":"https:\/\/produncan.cl\/de\/wp-json\/wp\/v2\/product_tag?post=15930"},{"taxonomy":"regiones","embeddable":true,"href":"https:\/\/produncan.cl\/de\/wp-json\/wp\/v2\/regiones?post=15930"},{"taxonomy":"ciudades","embeddable":true,"href":"https:\/\/produncan.cl\/de\/wp-json\/wp\/v2\/ciudades?post=15930"}],"curies":[{"name":"wp","href":"https:\/\/api.w.org\/{rel}","templated":true}]}}