{"id":15932,"date":"2022-06-01T13:55:56","date_gmt":"2022-06-01T17:55:56","guid":{"rendered":"https:\/\/produncan.cl\/producto\/baugrundstueck-el-olivar-colina-r-metropolitana\/"},"modified":"2025-12-26T17:30:19","modified_gmt":"2025-12-26T20:30:19","slug":"baugrundstueck-el-olivar-colina-r-metropolitana","status":"publish","type":"product","link":"https:\/\/produncan.cl\/de\/produkt\/baugrundstueck-el-olivar-colina-r-metropolitana\/","title":{"rendered":"Parcela El Olivar &#8211; Colina, Metropolregion"},"content":{"rendered":"\t\t<div data-elementor-type=\"product-post\" data-elementor-id=\"15932\" class=\"elementor elementor-15932 elementor-15370\" data-elementor-post-type=\"product\">\n\t\t\t\t<div class=\"elementor-element elementor-element-c403cbb e-flex e-con-boxed e-con e-parent\" data-id=\"c403cbb\" data-element_type=\"container\" data-e-type=\"container\" data-settings=\"{&quot;jet_parallax_layout_list&quot;:[]}\">\n\t\t\t\t\t<div class=\"e-con-inner\">\n\t\t\t\t<div class=\"elementor-element elementor-element-3f54f18 elementor-widget elementor-widget-heading\" data-id=\"3f54f18\" data-element_type=\"widget\" data-e-type=\"widget\" data-widget_type=\"heading.default\">\n\t\t\t\t\t<h2 class=\"elementor-heading-title elementor-size-default\">Grundst\u00fcck in Colina Sektor Chacabuco am Rande der Autobahn!<\/h2>\t\t\t\t<\/div>\n\t\t\t\t\t<\/div>\n\t\t\t\t<\/div>\n\t\t<div class=\"elementor-element elementor-element-23f5bd1 e-flex e-con-boxed e-con e-parent\" data-id=\"23f5bd1\" data-element_type=\"container\" data-e-type=\"container\" data-settings=\"{&quot;jet_parallax_layout_list&quot;:[]}\">\n\t\t\t\t\t<div class=\"e-con-inner\">\n\t\t\t\t<div class=\"elementor-element elementor-element-1ae6eb0 elementor-widget elementor-widget-text-editor\" data-id=\"1ae6eb0\" data-element_type=\"widget\" data-e-type=\"widget\" data-widget_type=\"text-editor.default\">\n\t\t\t\t\t\t\t\t\t<p>Dieses sch\u00f6ne landwirtschaftliche Anwesen mit einem Preis von 9.466 UF bietet eine au\u00dfergew\u00f6hnliche Gelegenheit f\u00fcr diejenigen, die ein ger\u00e4umiges und vielseitiges Grundst\u00fcck suchen. Mit einer Gesamtfl\u00e4che von 2,9 Hektar bietet dieses Grundst\u00fcck alles, was Sie brauchen, um Ihren Lebensstil zu \u00e4ndern!<\/p>\n<p><span style=\"color: var( --e-global-color-text ); font-family: var( --e-global-typography-text-font-family ), Sans-serif; font-weight: var( --e-global-typography-text-font-weight ); text-align: var(--text-align); font-size: 1rem;\">Die Lage des Grundst\u00fccks ist unschlagbar, mit direktem Zugang zur Autobahn Los Libertadores, die 120 Meter vor dem Grundst\u00fcck verl\u00e4uft. Die Stra\u00dfe zum Grundst\u00fcck ist asphaltiert, und es liegt in der N\u00e4he der St\u00e4dte Santiago und Los Andes, so dass ein breites Spektrum an Dienstleistungen und Annehmlichkeiten zur Verf\u00fcgung steht.<\/span><\/p>\n<p><span style=\"color: var( --e-global-color-text ); font-family: var( --e-global-typography-text-font-family ), Sans-serif; font-weight: var( --e-global-typography-text-font-weight ); text-align: var(--text-align); font-size: 1rem;\">Die Topographie des Landes ist flach, was jedes Bauprojekt erleichtert.<\/span><\/p>\n<p><span style=\"color: var( --e-global-color-text ); font-family: var( --e-global-typography-text-font-family ), Sans-serif; font-weight: var( --e-global-typography-text-font-weight ); text-align: var(--text-align); font-size: 1rem;\">Zum Grundst\u00fcck geh\u00f6ren au\u00dferdem Geb\u00e4ude, eine Umz\u00e4unung und St\u00e4lle f\u00fcr 12 Pferde sowie ein Reitplatz. Dies bietet eine gro\u00dfe Flexibilit\u00e4t f\u00fcr diejenigen, die an der Entwicklung eines Unternehmens im Zusammenhang mit dem Reitsport oder einer verwandten T\u00e4tigkeit interessiert sind.<\/span><\/p>\n<p><span style=\"color: var( --e-global-color-text ); font-family: var( --e-global-typography-text-font-family ), Sans-serif; font-weight: var( --e-global-typography-text-font-weight ); text-align: var(--text-align); font-size: 1rem;\">Im Hinblick auf die grundlegenden Dienstleistungen, das Land hat Nieder-und Mittelspannungs-Stromversorgung in der Front des Grundst\u00fccks, wo es notwendig ist, um die eigene Verbindung zu verarbeiten, hat es auch Zugang zu l\u00e4ndlichen Trinkwasser (APR), mit einem eigenen Z\u00e4hler. Au\u00dferdem verf\u00fcgt es \u00fcber Wasserrechte aus dem Kanal Chacabuco &#8211; Polpaico, was f\u00fcr ein Landwirtschafts- oder Bew\u00e4sserungsprojekt einen gro\u00dfen Vorteil darstellt.<\/span><\/p>\n<p><span style=\"color: var( --e-global-color-text ); font-family: var( --e-global-typography-text-font-family ), Sans-serif; font-weight: var( --e-global-typography-text-font-weight ); text-align: var(--text-align); font-size: 1rem;\">Das bestehende Haus auf dem Grundst\u00fcck wurde 2011 gebaut und bietet 130m\u00b2 Wohnfl\u00e4che. Mit insgesamt 5 Schlafzimmern und 3 B\u00e4dern ist dieses Haus perfekt f\u00fcr gro\u00dfe Familien oder diejenigen, die viel Platz f\u00fcr G\u00e4ste haben wollen.<\/span><\/p>\n<p><span style=\"color: var( --e-global-color-text ); font-family: var( --e-global-typography-text-font-family ), Sans-serif; font-weight: var( --e-global-typography-text-font-weight ); text-align: var(--text-align); font-size: 1rem;\">Au\u00dferdem gibt es eine 30 m\u00b2 gro\u00dfe Terrasse, eine 5 m\u00b2 gro\u00dfe Loggia und einen Parkplatz f\u00fcr 5 Fahrzeuge.<\/span><\/p>\n<p><span style=\"color: var( --e-global-color-text ); font-family: var( --e-global-typography-text-font-family ), Sans-serif; font-weight: var( --e-global-typography-text-font-weight ); text-align: var(--text-align); font-size: 1rem;\">Das Haus hat einen hohen Ausbaustandard, eine geschlossene K\u00fcche, Fliesenb\u00f6den in den B\u00e4dern, Schlafzimmern und im Wohnzimmer, Holzfenster und eine Metallrahmenkonstruktion. Au\u00dferdem gibt es einen holzbefeuerten Kamin, der in den Wintermonaten f\u00fcr eine warme und gem\u00fctliche Atmosph\u00e4re sorgt.<\/span><\/p>\n<p><span style=\"color: var( --e-global-color-text ); font-family: var( --e-global-typography-text-font-family ), Sans-serif; font-weight: var( --e-global-typography-text-font-weight ); text-align: var(--text-align); font-size: 1rem;\">In der N\u00e4he des Anwesens befinden sich Attraktionen wie das 13 km entfernte Enjoy Lo Andes Casino, die hei\u00dfen Quellen von Colina und das Heiligtum der Anden. \u00d6ffentliche Verkehrsmittel sind mit \u00dcberlandbussen, Colectivos und \u00f6ffentlichen Verkehrsmitteln verf\u00fcgbar, und das Telekommunikationssignal ist f\u00fcr alle Telefongesellschaften hervorragend.<\/span><\/p>\n<p><span style=\"color: var( --e-global-color-text ); font-family: var( --e-global-typography-text-font-family ), Sans-serif; font-weight: var( --e-global-typography-text-font-weight ); text-align: var(--text-align); font-size: 1rem;\">Kontaktieren Sie uns noch heute, um weitere Informationen zu erhalten und einen Besichtigungstermin f\u00fcr dieses au\u00dfergew\u00f6hnliche Grundst\u00fcck im Sektor Chacabuco in Colina zu vereinbaren. Lassen Sie sich diese Gelegenheit f\u00fcr Investitionen und Lebensqualit\u00e4t nicht entgehen!<\/span><\/p>\n\t\t\t\t\t\t\t\t<\/div>\n\t\t\t\t\t<\/div>\n\t\t\t\t<\/div>\n\t\t\t\t<\/div>\n\t\t","protected":false},"excerpt":{"rendered":"<p>Nur wenige Schritte von der Autobahn entfernt, in der N\u00e4he von Santiago und Los Andes. Flaches Land, 5-Zimmer-Haus, St\u00e4lle f\u00fcr 12 Pferde, niedrige und mittlere Elektrizit\u00e4t, Wasser durch APR.<\/p>\n","protected":false},"featured_media":15376,"template":"","meta":{"_acf_changed":false},"product_brand":[],"product_cat":[163],"product_tag":[232],"regiones":[227],"ciudades":[],"class_list":{"0":"post-15932","1":"product","2":"type-product","3":"status-publish","4":"has-post-thumbnail","6":"product_cat-valparaiso-maule-de","7":"product_tag-grundstuecke","8":"regiones-valparaiso-maule","10":"first","11":"instock","12":"sold-individually","13":"shipping-taxable","14":"purchasable","15":"product-type-simple"},"acf":[],"yoast_head":"<!-- This site is optimized with the Yoast SEO Premium plugin v26.0 (Yoast SEO v27.3) - https:\/\/yoast.com\/product\/yoast-seo-premium-wordpress\/ -->\n<title>Parcela El Olivar - Colina, Metropolregion - Produncan<\/title>\n<meta name=\"description\" content=\"Parcela El Olivar in Colina: ein ruhiger und privilegierter Ort zum Leben in der Metropolregion. Grundst\u00fcck von 5.000 m\u00b2 mit einem spektakul\u00e4ren Blick auf die Anden. Ideal, um Ihr Landhaus zu bauen oder ein agrotouristisches Projekt zu entwickeln.\" \/>\n<meta name=\"robots\" content=\"index, follow, max-snippet:-1, max-image-preview:large, max-video-preview:-1\" \/>\n<link rel=\"canonical\" href=\"https:\/\/produncan.cl\/de\/produkt\/baugrundstueck-el-olivar-colina-r-metropolitana\/\" \/>\n<meta property=\"og:locale\" content=\"de_DE\" \/>\n<meta property=\"og:type\" content=\"article\" \/>\n<meta property=\"og:title\" content=\"Parcela El Olivar - Colina, Metropolregion\" \/>\n<meta property=\"og:description\" content=\"Parcela El Olivar in Colina: ein ruhiger und privilegierter Ort zum Leben in der Metropolregion. Grundst\u00fcck von 5.000 m\u00b2 mit einem spektakul\u00e4ren Blick auf die Anden. Ideal, um Ihr Landhaus zu bauen oder ein agrotouristisches Projekt zu entwickeln.\" \/>\n<meta property=\"og:url\" content=\"https:\/\/produncan.cl\/de\/produkt\/baugrundstueck-el-olivar-colina-r-metropolitana\/\" \/>\n<meta property=\"og:site_name\" content=\"Produncan\" \/>\n<meta property=\"article:publisher\" content=\"https:\/\/web.facebook.com\/produncanland\" \/>\n<meta property=\"article:modified_time\" content=\"2025-12-26T20:30:19+00:00\" \/>\n<meta property=\"og:image\" content=\"https:\/\/produncan.cl\/wp-content\/uploads\/2023\/06\/Presentacion-Parcela-El-Olivar.webp\" \/>\n\t<meta property=\"og:image:width\" content=\"600\" \/>\n\t<meta property=\"og:image:height\" content=\"450\" \/>\n\t<meta property=\"og:image:type\" content=\"image\/webp\" \/>\n<meta name=\"twitter:card\" content=\"summary_large_image\" \/>\n<meta name=\"twitter:label1\" content=\"Price\" \/>\n\t<meta name=\"twitter:data1\" content=\"USD387.000,00\" \/>\n\t<meta name=\"twitter:label2\" content=\"Availability\" \/>\n\t<meta name=\"twitter:data2\" content=\"In stock\" \/>\n<script type=\"application\/ld+json\" class=\"yoast-schema-graph\">{\"@context\":\"https:\\\/\\\/schema.org\",\"@graph\":[{\"@type\":\"WebPage\",\"@id\":\"https:\\\/\\\/produncan.cl\\\/de\\\/produkt\\\/baugrundstueck-el-olivar-colina-r-metropolitana\\\/\",\"url\":\"https:\\\/\\\/produncan.cl\\\/de\\\/produkt\\\/baugrundstueck-el-olivar-colina-r-metropolitana\\\/\",\"name\":\"Parcela El Olivar - Colina, Metropolregion - Produncan\",\"isPartOf\":{\"@id\":\"https:\\\/\\\/produncan.cl\\\/de\\\/#website\"},\"primaryImageOfPage\":{\"@id\":\"https:\\\/\\\/produncan.cl\\\/de\\\/produkt\\\/baugrundstueck-el-olivar-colina-r-metropolitana\\\/#primaryimage\"},\"image\":{\"@id\":\"https:\\\/\\\/produncan.cl\\\/de\\\/produkt\\\/baugrundstueck-el-olivar-colina-r-metropolitana\\\/#primaryimage\"},\"thumbnailUrl\":\"https:\\\/\\\/produncan.cl\\\/wp-content\\\/uploads\\\/2023\\\/06\\\/Presentacion-Parcela-El-Olivar.webp\",\"datePublished\":\"2022-06-01T17:55:56+00:00\",\"dateModified\":\"2025-12-26T20:30:19+00:00\",\"description\":\"Parcela El Olivar in Colina: ein ruhiger und privilegierter Ort zum Leben in der Metropolregion. Grundst\u00fcck von 5.000 m\u00b2 mit einem spektakul\u00e4ren Blick auf die Anden. Ideal, um Ihr Landhaus zu bauen oder ein agrotouristisches Projekt zu entwickeln.\",\"breadcrumb\":{\"@id\":\"https:\\\/\\\/produncan.cl\\\/de\\\/produkt\\\/baugrundstueck-el-olivar-colina-r-metropolitana\\\/#breadcrumb\"},\"inLanguage\":\"de-DE\",\"potentialAction\":[{\"@type\":\"ReadAction\",\"target\":[\"https:\\\/\\\/produncan.cl\\\/de\\\/produkt\\\/baugrundstueck-el-olivar-colina-r-metropolitana\\\/\"]}]},{\"@type\":\"ImageObject\",\"inLanguage\":\"de-DE\",\"@id\":\"https:\\\/\\\/produncan.cl\\\/de\\\/produkt\\\/baugrundstueck-el-olivar-colina-r-metropolitana\\\/#primaryimage\",\"url\":\"https:\\\/\\\/produncan.cl\\\/wp-content\\\/uploads\\\/2023\\\/06\\\/Presentacion-Parcela-El-Olivar.webp\",\"contentUrl\":\"https:\\\/\\\/produncan.cl\\\/wp-content\\\/uploads\\\/2023\\\/06\\\/Presentacion-Parcela-El-Olivar.webp\",\"width\":600,\"height\":450},{\"@type\":\"BreadcrumbList\",\"@id\":\"https:\\\/\\\/produncan.cl\\\/de\\\/produkt\\\/baugrundstueck-el-olivar-colina-r-metropolitana\\\/#breadcrumb\",\"itemListElement\":[{\"@type\":\"ListItem\",\"position\":1,\"name\":\"Inicio\",\"item\":\"https:\\\/\\\/produncan.cl\\\/de\\\/\"},{\"@type\":\"ListItem\",\"position\":2,\"name\":\"Eigenschaften\",\"item\":\"https:\\\/\\\/produncan.cl\\\/propiedades\\\/\"},{\"@type\":\"ListItem\",\"position\":3,\"name\":\"Grundst\u00fccke\",\"item\":\"https:\\\/\\\/produncan.cl\\\/de\\\/kategorie\\\/grundstuecke\\\/\"},{\"@type\":\"ListItem\",\"position\":4,\"name\":\"Parcela El Olivar &#8211; Colina, Metropolregion\"}]},{\"@type\":\"WebSite\",\"@id\":\"https:\\\/\\\/produncan.cl\\\/de\\\/#website\",\"url\":\"https:\\\/\\\/produncan.cl\\\/de\\\/\",\"name\":\"Produncan\",\"description\":\"Wir begleiten Sie bei Ihrem Lebensprojekt!\",\"publisher\":{\"@id\":\"https:\\\/\\\/produncan.cl\\\/de\\\/#organization\"},\"potentialAction\":[{\"@type\":\"SearchAction\",\"target\":{\"@type\":\"EntryPoint\",\"urlTemplate\":\"https:\\\/\\\/produncan.cl\\\/de\\\/?s={search_term_string}\"},\"query-input\":{\"@type\":\"PropertyValueSpecification\",\"valueRequired\":true,\"valueName\":\"search_term_string\"}}],\"inLanguage\":\"de-DE\"},{\"@type\":\"Organization\",\"@id\":\"https:\\\/\\\/produncan.cl\\\/de\\\/#organization\",\"name\":\"Produncan\",\"url\":\"https:\\\/\\\/produncan.cl\\\/de\\\/\",\"logo\":{\"@type\":\"ImageObject\",\"inLanguage\":\"de-DE\",\"@id\":\"https:\\\/\\\/produncan.cl\\\/de\\\/#\\\/schema\\\/logo\\\/image\\\/\",\"url\":\"https:\\\/\\\/produncan.cl\\\/wp-content\\\/uploads\\\/2021\\\/03\\\/LOGO.jpeg\",\"contentUrl\":\"https:\\\/\\\/produncan.cl\\\/wp-content\\\/uploads\\\/2021\\\/03\\\/LOGO.jpeg\",\"width\":1280,\"height\":903,\"caption\":\"Produncan\"},\"image\":{\"@id\":\"https:\\\/\\\/produncan.cl\\\/de\\\/#\\\/schema\\\/logo\\\/image\\\/\"},\"sameAs\":[\"https:\\\/\\\/web.facebook.com\\\/produncanland\",\"https:\\\/\\\/www.instagram.com\\\/pro_duncan\\\/\",\"https:\\\/\\\/www.linkedin.com\\\/company\\\/produncan-lands\\\/\",\"https:\\\/\\\/www.youtube.com\\\/channel\\\/UCu7N-f3x0svkazD-Eew1-QQ\"],\"description\":\"En Produncan somos especialistas en la venta de terrenos en el sur de Chile. Proveemos estancias, campos, parcelas y hoteles.\",\"email\":\"info@produncan.cl\"}]}<\/script>\n<meta property=\"og:video\" content=\"https:\/\/www.youtube.com\/embed\/Wh5M_EThBgM\" \/>\n<meta property=\"og:video:type\" content=\"text\/html\" \/>\n<meta property=\"og:video:duration\" content=\"87\" \/>\n<meta property=\"og:video:width\" content=\"480\" \/>\n<meta property=\"og:video:height\" content=\"360\" \/>\n<meta property=\"ya:ovs:adult\" content=\"false\" \/>\n<meta property=\"ya:ovs:upload_date\" content=\"2022-06-01T17:55:56+00:00\" \/>\n<meta property=\"ya:ovs:allow_embed\" content=\"true\" \/>\n<meta property=\"product:price:amount\" content=\"387000.00\" \/>\n<meta property=\"product:price:currency\" content=\"USD\" \/>\n<meta property=\"og:availability\" content=\"instock\" \/>\n<meta property=\"product:availability\" content=\"instock\" \/>\n<meta property=\"product:condition\" content=\"new\" \/>\n<!-- \/ Yoast SEO Premium plugin. -->","yoast_head_json":{"title":"Parcela El Olivar - Colina, Metropolregion - Produncan","description":"Parcela El Olivar in Colina: ein ruhiger und privilegierter Ort zum Leben in der Metropolregion. Grundst\u00fcck von 5.000 m\u00b2 mit einem spektakul\u00e4ren Blick auf die Anden. Ideal, um Ihr Landhaus zu bauen oder ein agrotouristisches Projekt zu entwickeln.","robots":{"index":"index","follow":"follow","max-snippet":"max-snippet:-1","max-image-preview":"max-image-preview:large","max-video-preview":"max-video-preview:-1"},"canonical":"https:\/\/produncan.cl\/de\/produkt\/baugrundstueck-el-olivar-colina-r-metropolitana\/","og_locale":"de_DE","og_type":"article","og_title":"Parcela El Olivar - Colina, Metropolregion","og_description":"Parcela El Olivar in Colina: ein ruhiger und privilegierter Ort zum Leben in der Metropolregion. Grundst\u00fcck von 5.000 m\u00b2 mit einem spektakul\u00e4ren Blick auf die Anden. Ideal, um Ihr Landhaus zu bauen oder ein agrotouristisches Projekt zu entwickeln.","og_url":"https:\/\/produncan.cl\/de\/produkt\/baugrundstueck-el-olivar-colina-r-metropolitana\/","og_site_name":"Produncan","article_publisher":"https:\/\/web.facebook.com\/produncanland","article_modified_time":"2025-12-26T20:30:19+00:00","og_image":[{"width":600,"height":450,"url":"https:\/\/produncan.cl\/wp-content\/uploads\/2023\/06\/Presentacion-Parcela-El-Olivar.webp","type":"image\/webp"}],"twitter_card":"summary_large_image","twitter_misc":{"Price":"USD387.000,00","Availability":"In stock"},"schema":{"@context":"https:\/\/schema.org","@graph":[{"@type":"WebPage","@id":"https:\/\/produncan.cl\/de\/produkt\/baugrundstueck-el-olivar-colina-r-metropolitana\/","url":"https:\/\/produncan.cl\/de\/produkt\/baugrundstueck-el-olivar-colina-r-metropolitana\/","name":"Parcela El Olivar - Colina, Metropolregion - Produncan","isPartOf":{"@id":"https:\/\/produncan.cl\/de\/#website"},"primaryImageOfPage":{"@id":"https:\/\/produncan.cl\/de\/produkt\/baugrundstueck-el-olivar-colina-r-metropolitana\/#primaryimage"},"image":{"@id":"https:\/\/produncan.cl\/de\/produkt\/baugrundstueck-el-olivar-colina-r-metropolitana\/#primaryimage"},"thumbnailUrl":"https:\/\/produncan.cl\/wp-content\/uploads\/2023\/06\/Presentacion-Parcela-El-Olivar.webp","datePublished":"2022-06-01T17:55:56+00:00","dateModified":"2025-12-26T20:30:19+00:00","description":"Parcela El Olivar in Colina: ein ruhiger und privilegierter Ort zum Leben in der Metropolregion. Grundst\u00fcck von 5.000 m\u00b2 mit einem spektakul\u00e4ren Blick auf die Anden. Ideal, um Ihr Landhaus zu bauen oder ein agrotouristisches Projekt zu entwickeln.","breadcrumb":{"@id":"https:\/\/produncan.cl\/de\/produkt\/baugrundstueck-el-olivar-colina-r-metropolitana\/#breadcrumb"},"inLanguage":"de-DE","potentialAction":[{"@type":"ReadAction","target":["https:\/\/produncan.cl\/de\/produkt\/baugrundstueck-el-olivar-colina-r-metropolitana\/"]}]},{"@type":"ImageObject","inLanguage":"de-DE","@id":"https:\/\/produncan.cl\/de\/produkt\/baugrundstueck-el-olivar-colina-r-metropolitana\/#primaryimage","url":"https:\/\/produncan.cl\/wp-content\/uploads\/2023\/06\/Presentacion-Parcela-El-Olivar.webp","contentUrl":"https:\/\/produncan.cl\/wp-content\/uploads\/2023\/06\/Presentacion-Parcela-El-Olivar.webp","width":600,"height":450},{"@type":"BreadcrumbList","@id":"https:\/\/produncan.cl\/de\/produkt\/baugrundstueck-el-olivar-colina-r-metropolitana\/#breadcrumb","itemListElement":[{"@type":"ListItem","position":1,"name":"Inicio","item":"https:\/\/produncan.cl\/de\/"},{"@type":"ListItem","position":2,"name":"Eigenschaften","item":"https:\/\/produncan.cl\/propiedades\/"},{"@type":"ListItem","position":3,"name":"Grundst\u00fccke","item":"https:\/\/produncan.cl\/de\/kategorie\/grundstuecke\/"},{"@type":"ListItem","position":4,"name":"Parcela El Olivar &#8211; Colina, Metropolregion"}]},{"@type":"WebSite","@id":"https:\/\/produncan.cl\/de\/#website","url":"https:\/\/produncan.cl\/de\/","name":"Produncan","description":"Wir begleiten Sie bei Ihrem Lebensprojekt!","publisher":{"@id":"https:\/\/produncan.cl\/de\/#organization"},"potentialAction":[{"@type":"SearchAction","target":{"@type":"EntryPoint","urlTemplate":"https:\/\/produncan.cl\/de\/?s={search_term_string}"},"query-input":{"@type":"PropertyValueSpecification","valueRequired":true,"valueName":"search_term_string"}}],"inLanguage":"de-DE"},{"@type":"Organization","@id":"https:\/\/produncan.cl\/de\/#organization","name":"Produncan","url":"https:\/\/produncan.cl\/de\/","logo":{"@type":"ImageObject","inLanguage":"de-DE","@id":"https:\/\/produncan.cl\/de\/#\/schema\/logo\/image\/","url":"https:\/\/produncan.cl\/wp-content\/uploads\/2021\/03\/LOGO.jpeg","contentUrl":"https:\/\/produncan.cl\/wp-content\/uploads\/2021\/03\/LOGO.jpeg","width":1280,"height":903,"caption":"Produncan"},"image":{"@id":"https:\/\/produncan.cl\/de\/#\/schema\/logo\/image\/"},"sameAs":["https:\/\/web.facebook.com\/produncanland","https:\/\/www.instagram.com\/pro_duncan\/","https:\/\/www.linkedin.com\/company\/produncan-lands\/","https:\/\/www.youtube.com\/channel\/UCu7N-f3x0svkazD-Eew1-QQ"],"description":"En Produncan somos especialistas en la venta de terrenos en el sur de Chile. Proveemos estancias, campos, parcelas y hoteles.","email":"info@produncan.cl"}]},"og_video":"https:\/\/www.youtube.com\/embed\/Wh5M_EThBgM","og_video_type":"text\/html","og_video_duration":"87","og_video_width":"480","og_video_height":"360","ya_ovs_adult":"false","ya_ovs_upload_date":"2022-06-01T17:55:56+00:00","ya_ovs_allow_embed":"true","product_price_amount":"387000.00","product_price_currency":"USD","og_availability":"instock","product_availability":"instock","product_condition":"new"},"_links":{"self":[{"href":"https:\/\/produncan.cl\/de\/wp-json\/wp\/v2\/product\/15932","targetHints":{"allow":["GET"]}}],"collection":[{"href":"https:\/\/produncan.cl\/de\/wp-json\/wp\/v2\/product"}],"about":[{"href":"https:\/\/produncan.cl\/de\/wp-json\/wp\/v2\/types\/product"}],"version-history":[{"count":2,"href":"https:\/\/produncan.cl\/de\/wp-json\/wp\/v2\/product\/15932\/revisions"}],"predecessor-version":[{"id":54305,"href":"https:\/\/produncan.cl\/de\/wp-json\/wp\/v2\/product\/15932\/revisions\/54305"}],"wp:featuredmedia":[{"embeddable":true,"href":"https:\/\/produncan.cl\/de\/wp-json\/wp\/v2\/media\/15376"}],"wp:attachment":[{"href":"https:\/\/produncan.cl\/de\/wp-json\/wp\/v2\/media?parent=15932"}],"wp:term":[{"taxonomy":"product_brand","embeddable":true,"href":"https:\/\/produncan.cl\/de\/wp-json\/wp\/v2\/product_brand?post=15932"},{"taxonomy":"product_cat","embeddable":true,"href":"https:\/\/produncan.cl\/de\/wp-json\/wp\/v2\/product_cat?post=15932"},{"taxonomy":"product_tag","embeddable":true,"href":"https:\/\/produncan.cl\/de\/wp-json\/wp\/v2\/product_tag?post=15932"},{"taxonomy":"regiones","embeddable":true,"href":"https:\/\/produncan.cl\/de\/wp-json\/wp\/v2\/regiones?post=15932"},{"taxonomy":"ciudades","embeddable":true,"href":"https:\/\/produncan.cl\/de\/wp-json\/wp\/v2\/ciudades?post=15932"}],"curies":[{"name":"wp","href":"https:\/\/api.w.org\/{rel}","templated":true}]}}