{"id":15936,"date":"2021-09-06T18:26:36","date_gmt":"2021-09-06T21:26:36","guid":{"rendered":"https:\/\/produncan.cl\/producto\/lager-la-perdiz-la-union-r-de-los-rios\/"},"modified":"2025-08-14T12:35:21","modified_gmt":"2025-08-14T16:35:21","slug":"lager-la-perdiz-la-union-r-de-los-rios","status":"publish","type":"product","link":"https:\/\/produncan.cl\/de\/produkt\/lager-la-perdiz-la-union-r-de-los-rios\/","title":{"rendered":"&#8220;Campito La Perdiz &#8211; La Uni\u00f3n, Regi\u00f3n de los R\u00edos&#8221; en alem\u00e1n se traduce como:\n\n&#8220;Campito La Perdiz &#8211; La Uni\u00f3n, Region der Fl\u00fcsse&#8221;"},"content":{"rendered":"\t\t<div data-elementor-type=\"product-post\" data-elementor-id=\"15936\" class=\"elementor elementor-15936 elementor-15731\" data-elementor-post-type=\"product\">\n\t\t\t\t<div class=\"elementor-element elementor-element-611e819 e-flex e-con-boxed e-con e-parent\" data-id=\"611e819\" data-element_type=\"container\" data-e-type=\"container\" data-settings=\"{&quot;jet_parallax_layout_list&quot;:[]}\">\n\t\t\t\t\t<div class=\"e-con-inner\">\n\t\t\t\t<div class=\"elementor-element elementor-element-109d8d2 elementor-widget elementor-widget-heading\" data-id=\"109d8d2\" data-element_type=\"widget\" data-e-type=\"widget\" data-widget_type=\"heading.default\">\n\t\t\t\t\t<h2 class=\"elementor-heading-title elementor-size-default\">\u201eEntdecke deine Oase inmitten der Natur im Campito La Perdiz, in der N\u00e4he von La Uni\u00f3n, Region Los R\u00edos!\u201c<\/h2>\t\t\t\t<\/div>\n\t\t\t\t\t<\/div>\n\t\t\t\t<\/div>\n\t\t<div class=\"elementor-element elementor-element-6178d6f e-flex e-con-boxed e-con e-parent\" data-id=\"6178d6f\" data-element_type=\"container\" data-e-type=\"container\" data-settings=\"{&quot;jet_parallax_layout_list&quot;:[]}\">\n\t\t\t\t\t<div class=\"e-con-inner\">\n\t\t\t\t<div class=\"elementor-element elementor-element-1c43be5 elementor-widget elementor-widget-text-editor\" data-id=\"1c43be5\" data-element_type=\"widget\" data-e-type=\"widget\" data-widget_type=\"text-editor.default\">\n\t\t\t\t\t\t\t\t\t&#8220;`html\n<p>Entdecke deine Oase inmitten der Natur im Campito La Perdiz, in der N\u00e4he von La Uni\u00f3n, Region Los R\u00edos!<\/p><p>Dieses sch\u00f6ne Campito von 6,86 Hektar erwartet dich mit allen M\u00f6glichkeiten.<\/p><p>Auf einem 5000m\u00b2 gro\u00dfen Bereich innerhalb des Campitos befindet sich ein Holzhaus mit drei Schlafzimmern, einem gro\u00dfen Badezimmer und einem Wohn-Esszimmer. Au\u00dferdem gibt es in diesem Bereich eine Scheune, zwei Gew\u00e4chsh\u00e4user, ein Bew\u00e4sserungssystem, einen Elektrozaun, einen Holzschuppen und einen Schweinestall.<\/p><p>Mit einem Verkaufspreis von $155.000.000.- ist dieses Grundst\u00fcck ein wahres Juwel. Es hat eine eigene Rolle und ist f\u00fcr landwirtschaftliche Nutzung bestimmt, was dir eine breite Palette von M\u00f6glichkeiten bietet, deine Projekte zu entwickeln.<\/p><p>Auf einem 5000m\u00b2 gro\u00dfen Bereich innerhalb des Campitos befindet sich ein Holzhaus mit drei Schlafzimmern, einem gro\u00dfen Badezimmer und einem Wohn-Esszimmer. Au\u00dferdem gibt es in diesem Bereich eine Scheune, zwei Gew\u00e4chsh\u00e4user, ein Bew\u00e4sserungssystem, einen Elektrozaun, einen Holzschuppen und einen Schweinestall.<\/p><p>Das Campito bietet einen wundersch\u00f6nen Ausblick und bietet dir reichlich Platz, um deiner Kreativit\u00e4t freien Lauf zu lassen. Es gibt keine bestehenden Bauten vor Ort, was dir die Freiheit gibt, nach deinem Geschmack zu gestalten und zu bauen.<\/p><p>Es verf\u00fcgt \u00fcber Strom und Wasser durch einen Brunnen, was deine t\u00e4glichen Aktivit\u00e4ten erleichtert.<\/p><p>Die Topografie des Feldes ist \u00fcberwiegend flach mit sanften H\u00fcgeln, was es dir erm\u00f6glicht, jeden Winkel dieses wunderbaren Grundst\u00fccks optimal zu nutzen. Und wenn du Privatsph\u00e4re und Sicherheit suchst, keine Sorge, es gibt einen Holzperimeterzaun mit Draht und es grenzt an andere Grundst\u00fccke an allen Seiten.<\/p><p>Was die Lage betrifft, bist du nur 300 Meter vom Asphalt entfernt, was dir einen einfachen Zugang und eine gute Anbindung nach La Uni\u00f3n und die nahegelegene Stadt Rio Bueno bietet. Au\u00dferdem bist du nur 40 Minuten vom Flughafen Osorno entfernt, was dir erm\u00f6glicht, schnell zu deinem neuen R\u00fcckzugsort zu gelangen.<\/p><p>Der Zugang zum Campito erfolgt \u00fcber eine 70 Meter lange Dienstbarkeit vom \u00f6ffentlichen Weg aus.<\/p><p>Obwohl du in einer l\u00e4ndlichen Umgebung bist, wirst du \u00fcber Telekommunikationssignale verf\u00fcgen, um die Konnektivit\u00e4t aufrechtzuerhalten. Und wenn du dich entspannen und die Ruhe genie\u00dfen m\u00f6chtest, bist du von wundersch\u00f6nen einheimischen B\u00e4umen wie Hualles, Coihues und Boldos umgeben, die dir eine nat\u00fcrliche und friedliche Umgebung bieten.<\/p><p>In der N\u00e4he kannst du La Uni\u00f3n, Trumao, Alerce Costero, die Str\u00e4nde von Hueicolla, den Lago Ranco und den R\u00edo Bueno erreichen, unter anderem.<\/p><p>Das Klima in der Region ist \u00fcberwiegend gem\u00e4\u00dfigt und regnerisch mit Niederschl\u00e4gen das ganze Jahr \u00fcber, mit einer trockeneren Periode im Sommer. Die Winter sind k\u00fchl und feucht, mit durchschnittlichen Temperaturen zwischen 7 \u00b0C und 11 \u00b0C. Die Sommer sind milder und die Durchschnittstemperaturen liegen zwischen 14 \u00b0C und 25 \u00b0C.<\/p><p>Verpasse nicht die Gelegenheit, dein eigenes Paradies im Campito La Perdiz, La Uni\u00f3n, zu haben.<\/p><p>Dieses Feld wartet darauf, dass du deine Tr\u00e4ume inmitten der Natur verwirklichst!<\/p><p>Kontaktiere uns jetzt und sichere dir deinen Platz in diesem unglaublichen Winkel der Welt.<\/p>\n&#8220;`\t\t\t\t\t\t\t\t<\/div>\n\t\t\t\t\t<\/div>\n\t\t\t\t<\/div>\n\t\t\t\t<\/div>\n\t\t","protected":false},"excerpt":{"rendered":"<p>&#8220;Grundst\u00fcck in der N\u00e4he von La Uni\u00f3n. \u00dcberwiegend Wiesen, mit Haus, Schuppen, Stall, Strom, Quellwasser, Bach und asphaltierter Zufahrt.&#8221;<\/p>\n","protected":false},"featured_media":36278,"template":"","meta":{"_acf_changed":false},"product_brand":[],"product_cat":[104],"product_tag":[232],"regiones":[226],"ciudades":[215],"class_list":{"0":"post-15936","1":"product","2":"type-product","3":"status-publish","4":"has-post-thumbnail","6":"product_cat-ohiggins-los-lagos","7":"product_tag-grundstuecke","8":"regiones-nuble-los_lagos","9":"ciudades-la-union","11":"first","12":"outofstock","13":"sold-individually","14":"shipping-taxable","15":"purchasable","16":"product-type-simple"},"acf":[],"yoast_head":"<!-- This site is optimized with the Yoast SEO Premium plugin v26.0 (Yoast SEO v27.3) - https:\/\/yoast.com\/product\/yoast-seo-premium-wordpress\/ -->\n<title>&quot;Campito La Perdiz - La Uni\u00f3n, Regi\u00f3n de los R\u00edos&quot; en alem\u00e1n se traduce como: &quot;Campito La Perdiz - La Uni\u00f3n, Region der Fl\u00fcsse&quot; - Produncan<\/title>\n<meta name=\"description\" content=\"&quot;Sch\u00f6nes kleines Feld von 6,86 Hektar, haupts\u00e4chlich Wiese und sanfte H\u00fcgel in der N\u00e4he von La Uni\u00f3n. Es hat asphaltierten Zugang, einen Bach und eine sehr sch\u00f6ne Aussicht.&quot;\" \/>\n<meta name=\"robots\" content=\"index, follow, max-snippet:-1, max-image-preview:large, max-video-preview:-1\" \/>\n<link rel=\"canonical\" href=\"https:\/\/produncan.cl\/de\/produkt\/lager-la-perdiz-la-union-r-de-los-rios\/\" \/>\n<meta property=\"og:locale\" content=\"de_DE\" \/>\n<meta property=\"og:type\" content=\"article\" \/>\n<meta property=\"og:title\" content=\"&quot;Campito La Perdiz - La Uni\u00f3n, Regi\u00f3n de los R\u00edos&quot; en alem\u00e1n se traduce como: &quot;Campito La Perdiz - La Uni\u00f3n, Region der Fl\u00fcsse&quot;\" \/>\n<meta property=\"og:description\" content=\"&quot;Sch\u00f6nes kleines Feld von 6,86 Hektar, haupts\u00e4chlich Wiese und sanfte H\u00fcgel in der N\u00e4he von La Uni\u00f3n. Es hat asphaltierten Zugang, einen Bach und eine sehr sch\u00f6ne Aussicht.&quot;\" \/>\n<meta property=\"og:url\" content=\"https:\/\/produncan.cl\/de\/produkt\/lager-la-perdiz-la-union-r-de-los-rios\/\" \/>\n<meta property=\"og:site_name\" content=\"Produncan\" \/>\n<meta property=\"article:publisher\" content=\"https:\/\/web.facebook.com\/produncanland\" \/>\n<meta property=\"article:modified_time\" content=\"2025-08-14T16:35:21+00:00\" \/>\n<meta property=\"og:image\" content=\"https:\/\/produncan.cl\/wp-content\/uploads\/2023\/09\/Campito-La-Perdiz-Vendido.webp\" \/>\n\t<meta property=\"og:image:width\" content=\"600\" \/>\n\t<meta property=\"og:image:height\" content=\"450\" \/>\n\t<meta property=\"og:image:type\" content=\"image\/webp\" \/>\n<meta name=\"twitter:card\" content=\"summary_large_image\" \/>\n<meta name=\"twitter:label1\" content=\"Price\" \/>\n\t<meta name=\"twitter:data1\" content=\"USD168.500,00\" \/>\n\t<meta name=\"twitter:label2\" content=\"Availability\" \/>\n\t<meta name=\"twitter:data2\" content=\"Out of stock\" \/>\n<script type=\"application\/ld+json\" class=\"yoast-schema-graph\">{\"@context\":\"https:\\\/\\\/schema.org\",\"@graph\":[{\"@type\":\"WebPage\",\"@id\":\"https:\\\/\\\/produncan.cl\\\/de\\\/produkt\\\/lager-la-perdiz-la-union-r-de-los-rios\\\/\",\"url\":\"https:\\\/\\\/produncan.cl\\\/de\\\/produkt\\\/lager-la-perdiz-la-union-r-de-los-rios\\\/\",\"name\":\"\\\"Campito La Perdiz - La Uni\u00f3n, Regi\u00f3n de los R\u00edos\\\" en alem\u00e1n se traduce como: \\\"Campito La Perdiz - La Uni\u00f3n, Region der Fl\u00fcsse\\\" - Produncan\",\"isPartOf\":{\"@id\":\"https:\\\/\\\/produncan.cl\\\/de\\\/#website\"},\"primaryImageOfPage\":{\"@id\":\"https:\\\/\\\/produncan.cl\\\/de\\\/produkt\\\/lager-la-perdiz-la-union-r-de-los-rios\\\/#primaryimage\"},\"image\":{\"@id\":\"https:\\\/\\\/produncan.cl\\\/de\\\/produkt\\\/lager-la-perdiz-la-union-r-de-los-rios\\\/#primaryimage\"},\"thumbnailUrl\":\"https:\\\/\\\/produncan.cl\\\/wp-content\\\/uploads\\\/2023\\\/09\\\/Campito-La-Perdiz-Vendido.webp\",\"datePublished\":\"2021-09-06T21:26:36+00:00\",\"dateModified\":\"2025-08-14T16:35:21+00:00\",\"description\":\"\\\"Sch\u00f6nes kleines Feld von 6,86 Hektar, haupts\u00e4chlich Wiese und sanfte H\u00fcgel in der N\u00e4he von La Uni\u00f3n. Es hat asphaltierten Zugang, einen Bach und eine sehr sch\u00f6ne Aussicht.\\\"\",\"breadcrumb\":{\"@id\":\"https:\\\/\\\/produncan.cl\\\/de\\\/produkt\\\/lager-la-perdiz-la-union-r-de-los-rios\\\/#breadcrumb\"},\"inLanguage\":\"de-DE\",\"potentialAction\":[{\"@type\":\"ReadAction\",\"target\":[\"https:\\\/\\\/produncan.cl\\\/de\\\/produkt\\\/lager-la-perdiz-la-union-r-de-los-rios\\\/\"]}]},{\"@type\":\"ImageObject\",\"inLanguage\":\"de-DE\",\"@id\":\"https:\\\/\\\/produncan.cl\\\/de\\\/produkt\\\/lager-la-perdiz-la-union-r-de-los-rios\\\/#primaryimage\",\"url\":\"https:\\\/\\\/produncan.cl\\\/wp-content\\\/uploads\\\/2023\\\/09\\\/Campito-La-Perdiz-Vendido.webp\",\"contentUrl\":\"https:\\\/\\\/produncan.cl\\\/wp-content\\\/uploads\\\/2023\\\/09\\\/Campito-La-Perdiz-Vendido.webp\",\"width\":600,\"height\":450},{\"@type\":\"BreadcrumbList\",\"@id\":\"https:\\\/\\\/produncan.cl\\\/de\\\/produkt\\\/lager-la-perdiz-la-union-r-de-los-rios\\\/#breadcrumb\",\"itemListElement\":[{\"@type\":\"ListItem\",\"position\":1,\"name\":\"Inicio\",\"item\":\"https:\\\/\\\/produncan.cl\\\/de\\\/\"},{\"@type\":\"ListItem\",\"position\":2,\"name\":\"Eigenschaften\",\"item\":\"https:\\\/\\\/produncan.cl\\\/propiedades\\\/\"},{\"@type\":\"ListItem\",\"position\":3,\"name\":\"Grundst\u00fccke\",\"item\":\"https:\\\/\\\/produncan.cl\\\/de\\\/kategorie\\\/grundstuecke\\\/\"},{\"@type\":\"ListItem\",\"position\":4,\"name\":\"&#8220;Campito La Perdiz &#8211; La Uni\u00f3n, Regi\u00f3n de los R\u00edos&#8221; en alem\u00e1n se traduce como: &#8220;Campito La Perdiz &#8211; La Uni\u00f3n, Region der Fl\u00fcsse&#8221;\"}]},{\"@type\":\"WebSite\",\"@id\":\"https:\\\/\\\/produncan.cl\\\/de\\\/#website\",\"url\":\"https:\\\/\\\/produncan.cl\\\/de\\\/\",\"name\":\"Produncan\",\"description\":\"Wir begleiten Sie bei Ihrem Lebensprojekt!\",\"publisher\":{\"@id\":\"https:\\\/\\\/produncan.cl\\\/de\\\/#organization\"},\"potentialAction\":[{\"@type\":\"SearchAction\",\"target\":{\"@type\":\"EntryPoint\",\"urlTemplate\":\"https:\\\/\\\/produncan.cl\\\/de\\\/?s={search_term_string}\"},\"query-input\":{\"@type\":\"PropertyValueSpecification\",\"valueRequired\":true,\"valueName\":\"search_term_string\"}}],\"inLanguage\":\"de-DE\"},{\"@type\":\"Organization\",\"@id\":\"https:\\\/\\\/produncan.cl\\\/de\\\/#organization\",\"name\":\"Produncan\",\"url\":\"https:\\\/\\\/produncan.cl\\\/de\\\/\",\"logo\":{\"@type\":\"ImageObject\",\"inLanguage\":\"de-DE\",\"@id\":\"https:\\\/\\\/produncan.cl\\\/de\\\/#\\\/schema\\\/logo\\\/image\\\/\",\"url\":\"https:\\\/\\\/produncan.cl\\\/wp-content\\\/uploads\\\/2021\\\/03\\\/LOGO.jpeg\",\"contentUrl\":\"https:\\\/\\\/produncan.cl\\\/wp-content\\\/uploads\\\/2021\\\/03\\\/LOGO.jpeg\",\"width\":1280,\"height\":903,\"caption\":\"Produncan\"},\"image\":{\"@id\":\"https:\\\/\\\/produncan.cl\\\/de\\\/#\\\/schema\\\/logo\\\/image\\\/\"},\"sameAs\":[\"https:\\\/\\\/web.facebook.com\\\/produncanland\",\"https:\\\/\\\/www.instagram.com\\\/pro_duncan\\\/\",\"https:\\\/\\\/www.linkedin.com\\\/company\\\/produncan-lands\\\/\",\"https:\\\/\\\/www.youtube.com\\\/channel\\\/UCu7N-f3x0svkazD-Eew1-QQ\"],\"description\":\"En Produncan somos especialistas en la venta de terrenos en el sur de Chile. Proveemos estancias, campos, parcelas y hoteles.\",\"email\":\"info@produncan.cl\"}]}<\/script>\n<meta property=\"og:video\" content=\"https:\/\/www.youtube.com\/embed\/T3wQozu0Tb0\" \/>\n<meta property=\"og:video:type\" content=\"text\/html\" \/>\n<meta property=\"og:video:duration\" content=\"82\" \/>\n<meta property=\"og:video:width\" content=\"480\" \/>\n<meta property=\"og:video:height\" content=\"360\" \/>\n<meta property=\"ya:ovs:adult\" content=\"false\" \/>\n<meta property=\"ya:ovs:upload_date\" content=\"2021-09-06T21:26:36+00:00\" \/>\n<meta property=\"ya:ovs:allow_embed\" content=\"true\" \/>\n<meta property=\"product:price:amount\" content=\"168500.00\" \/>\n<meta property=\"product:price:currency\" content=\"USD\" \/>\n<meta property=\"og:availability\" content=\"out of stock\" \/>\n<meta property=\"product:availability\" content=\"out of stock\" \/>\n<meta property=\"product:condition\" content=\"new\" \/>\n<!-- \/ Yoast SEO Premium plugin. -->","yoast_head_json":{"title":"\"Campito La Perdiz - La Uni\u00f3n, Regi\u00f3n de los R\u00edos\" en alem\u00e1n se traduce como: \"Campito La Perdiz - La Uni\u00f3n, Region der Fl\u00fcsse\" - Produncan","description":"\"Sch\u00f6nes kleines Feld von 6,86 Hektar, haupts\u00e4chlich Wiese und sanfte H\u00fcgel in der N\u00e4he von La Uni\u00f3n. Es hat asphaltierten Zugang, einen Bach und eine sehr sch\u00f6ne Aussicht.\"","robots":{"index":"index","follow":"follow","max-snippet":"max-snippet:-1","max-image-preview":"max-image-preview:large","max-video-preview":"max-video-preview:-1"},"canonical":"https:\/\/produncan.cl\/de\/produkt\/lager-la-perdiz-la-union-r-de-los-rios\/","og_locale":"de_DE","og_type":"article","og_title":"\"Campito La Perdiz - La Uni\u00f3n, Regi\u00f3n de los R\u00edos\" en alem\u00e1n se traduce como: \"Campito La Perdiz - La Uni\u00f3n, Region der Fl\u00fcsse\"","og_description":"\"Sch\u00f6nes kleines Feld von 6,86 Hektar, haupts\u00e4chlich Wiese und sanfte H\u00fcgel in der N\u00e4he von La Uni\u00f3n. Es hat asphaltierten Zugang, einen Bach und eine sehr sch\u00f6ne Aussicht.\"","og_url":"https:\/\/produncan.cl\/de\/produkt\/lager-la-perdiz-la-union-r-de-los-rios\/","og_site_name":"Produncan","article_publisher":"https:\/\/web.facebook.com\/produncanland","article_modified_time":"2025-08-14T16:35:21+00:00","og_image":[{"width":600,"height":450,"url":"https:\/\/produncan.cl\/wp-content\/uploads\/2023\/09\/Campito-La-Perdiz-Vendido.webp","type":"image\/webp"}],"twitter_card":"summary_large_image","twitter_misc":{"Price":"USD168.500,00","Availability":"Out of stock"},"schema":{"@context":"https:\/\/schema.org","@graph":[{"@type":"WebPage","@id":"https:\/\/produncan.cl\/de\/produkt\/lager-la-perdiz-la-union-r-de-los-rios\/","url":"https:\/\/produncan.cl\/de\/produkt\/lager-la-perdiz-la-union-r-de-los-rios\/","name":"\"Campito La Perdiz - La Uni\u00f3n, Regi\u00f3n de los R\u00edos\" en alem\u00e1n se traduce como: \"Campito La Perdiz - La Uni\u00f3n, Region der Fl\u00fcsse\" - Produncan","isPartOf":{"@id":"https:\/\/produncan.cl\/de\/#website"},"primaryImageOfPage":{"@id":"https:\/\/produncan.cl\/de\/produkt\/lager-la-perdiz-la-union-r-de-los-rios\/#primaryimage"},"image":{"@id":"https:\/\/produncan.cl\/de\/produkt\/lager-la-perdiz-la-union-r-de-los-rios\/#primaryimage"},"thumbnailUrl":"https:\/\/produncan.cl\/wp-content\/uploads\/2023\/09\/Campito-La-Perdiz-Vendido.webp","datePublished":"2021-09-06T21:26:36+00:00","dateModified":"2025-08-14T16:35:21+00:00","description":"\"Sch\u00f6nes kleines Feld von 6,86 Hektar, haupts\u00e4chlich Wiese und sanfte H\u00fcgel in der N\u00e4he von La Uni\u00f3n. Es hat asphaltierten Zugang, einen Bach und eine sehr sch\u00f6ne Aussicht.\"","breadcrumb":{"@id":"https:\/\/produncan.cl\/de\/produkt\/lager-la-perdiz-la-union-r-de-los-rios\/#breadcrumb"},"inLanguage":"de-DE","potentialAction":[{"@type":"ReadAction","target":["https:\/\/produncan.cl\/de\/produkt\/lager-la-perdiz-la-union-r-de-los-rios\/"]}]},{"@type":"ImageObject","inLanguage":"de-DE","@id":"https:\/\/produncan.cl\/de\/produkt\/lager-la-perdiz-la-union-r-de-los-rios\/#primaryimage","url":"https:\/\/produncan.cl\/wp-content\/uploads\/2023\/09\/Campito-La-Perdiz-Vendido.webp","contentUrl":"https:\/\/produncan.cl\/wp-content\/uploads\/2023\/09\/Campito-La-Perdiz-Vendido.webp","width":600,"height":450},{"@type":"BreadcrumbList","@id":"https:\/\/produncan.cl\/de\/produkt\/lager-la-perdiz-la-union-r-de-los-rios\/#breadcrumb","itemListElement":[{"@type":"ListItem","position":1,"name":"Inicio","item":"https:\/\/produncan.cl\/de\/"},{"@type":"ListItem","position":2,"name":"Eigenschaften","item":"https:\/\/produncan.cl\/propiedades\/"},{"@type":"ListItem","position":3,"name":"Grundst\u00fccke","item":"https:\/\/produncan.cl\/de\/kategorie\/grundstuecke\/"},{"@type":"ListItem","position":4,"name":"&#8220;Campito La Perdiz &#8211; La Uni\u00f3n, Regi\u00f3n de los R\u00edos&#8221; en alem\u00e1n se traduce como: &#8220;Campito La Perdiz &#8211; La Uni\u00f3n, Region der Fl\u00fcsse&#8221;"}]},{"@type":"WebSite","@id":"https:\/\/produncan.cl\/de\/#website","url":"https:\/\/produncan.cl\/de\/","name":"Produncan","description":"Wir begleiten Sie bei Ihrem Lebensprojekt!","publisher":{"@id":"https:\/\/produncan.cl\/de\/#organization"},"potentialAction":[{"@type":"SearchAction","target":{"@type":"EntryPoint","urlTemplate":"https:\/\/produncan.cl\/de\/?s={search_term_string}"},"query-input":{"@type":"PropertyValueSpecification","valueRequired":true,"valueName":"search_term_string"}}],"inLanguage":"de-DE"},{"@type":"Organization","@id":"https:\/\/produncan.cl\/de\/#organization","name":"Produncan","url":"https:\/\/produncan.cl\/de\/","logo":{"@type":"ImageObject","inLanguage":"de-DE","@id":"https:\/\/produncan.cl\/de\/#\/schema\/logo\/image\/","url":"https:\/\/produncan.cl\/wp-content\/uploads\/2021\/03\/LOGO.jpeg","contentUrl":"https:\/\/produncan.cl\/wp-content\/uploads\/2021\/03\/LOGO.jpeg","width":1280,"height":903,"caption":"Produncan"},"image":{"@id":"https:\/\/produncan.cl\/de\/#\/schema\/logo\/image\/"},"sameAs":["https:\/\/web.facebook.com\/produncanland","https:\/\/www.instagram.com\/pro_duncan\/","https:\/\/www.linkedin.com\/company\/produncan-lands\/","https:\/\/www.youtube.com\/channel\/UCu7N-f3x0svkazD-Eew1-QQ"],"description":"En Produncan somos especialistas en la venta de terrenos en el sur de Chile. Proveemos estancias, campos, parcelas y hoteles.","email":"info@produncan.cl"}]},"og_video":"https:\/\/www.youtube.com\/embed\/T3wQozu0Tb0","og_video_type":"text\/html","og_video_duration":"82","og_video_width":"480","og_video_height":"360","ya_ovs_adult":"false","ya_ovs_upload_date":"2021-09-06T21:26:36+00:00","ya_ovs_allow_embed":"true","product_price_amount":"168500.00","product_price_currency":"USD","og_availability":"out of stock","product_availability":"out of stock","product_condition":"new"},"_links":{"self":[{"href":"https:\/\/produncan.cl\/de\/wp-json\/wp\/v2\/product\/15936","targetHints":{"allow":["GET"]}}],"collection":[{"href":"https:\/\/produncan.cl\/de\/wp-json\/wp\/v2\/product"}],"about":[{"href":"https:\/\/produncan.cl\/de\/wp-json\/wp\/v2\/types\/product"}],"version-history":[{"count":0,"href":"https:\/\/produncan.cl\/de\/wp-json\/wp\/v2\/product\/15936\/revisions"}],"wp:featuredmedia":[{"embeddable":true,"href":"https:\/\/produncan.cl\/de\/wp-json\/wp\/v2\/media\/36278"}],"wp:attachment":[{"href":"https:\/\/produncan.cl\/de\/wp-json\/wp\/v2\/media?parent=15936"}],"wp:term":[{"taxonomy":"product_brand","embeddable":true,"href":"https:\/\/produncan.cl\/de\/wp-json\/wp\/v2\/product_brand?post=15936"},{"taxonomy":"product_cat","embeddable":true,"href":"https:\/\/produncan.cl\/de\/wp-json\/wp\/v2\/product_cat?post=15936"},{"taxonomy":"product_tag","embeddable":true,"href":"https:\/\/produncan.cl\/de\/wp-json\/wp\/v2\/product_tag?post=15936"},{"taxonomy":"regiones","embeddable":true,"href":"https:\/\/produncan.cl\/de\/wp-json\/wp\/v2\/regiones?post=15936"},{"taxonomy":"ciudades","embeddable":true,"href":"https:\/\/produncan.cl\/de\/wp-json\/wp\/v2\/ciudades?post=15936"}],"curies":[{"name":"wp","href":"https:\/\/api.w.org\/{rel}","templated":true}]}}