{"id":16502,"date":"2023-08-23T16:58:23","date_gmt":"2023-08-23T20:58:23","guid":{"rendered":"https:\/\/produncan.cl\/producto\/grundstuecke-rio-huillinco-ancud-chiloe\/"},"modified":"2025-11-24T18:14:48","modified_gmt":"2025-11-24T21:14:48","slug":"grundstuecke-rio-huillinco-ancud-chiloe","status":"publish","type":"product","link":"https:\/\/produncan.cl\/de\/produkt\/grundstuecke-rio-huillinco-ancud-chiloe\/","title":{"rendered":"Grundst\u00fccke in Ancud, R\u00edo Huillinco &#8211; Chilo\u00e9"},"content":{"rendered":"\t\t<div data-elementor-type=\"product-post\" data-elementor-id=\"16502\" class=\"elementor elementor-16502 elementor-16276\" data-elementor-post-type=\"product\">\n\t\t\t\t<div class=\"elementor-element elementor-element-7eb0e2d e-flex e-con-boxed e-con e-parent\" data-id=\"7eb0e2d\" data-element_type=\"container\" data-e-type=\"container\" data-settings=\"{&quot;jet_parallax_layout_list&quot;:[]}\">\n\t\t\t\t\t<div class=\"e-con-inner\">\n\t\t\t\t<div class=\"elementor-element elementor-element-0b68955 elementor-widget elementor-widget-heading\" data-id=\"0b68955\" data-element_type=\"widget\" data-e-type=\"widget\" data-widget_type=\"heading.default\">\n\t\t\t\t\t<h2 class=\"elementor-heading-title elementor-size-default\">Entdecken Sie Ihr Naturparadies in der sch\u00f6nen Gemeinde Ancud! <\/h2>\t\t\t\t<\/div>\n\t\t\t\t\t<\/div>\n\t\t\t\t<\/div>\n\t\t<div class=\"elementor-element elementor-element-ca33632 e-flex e-con-boxed e-con e-parent\" data-id=\"ca33632\" data-element_type=\"container\" data-e-type=\"container\" data-settings=\"{&quot;jet_parallax_layout_list&quot;:[]}\">\n\t\t\t\t\t<div class=\"e-con-inner\">\n\t\t\t\t<div class=\"elementor-element elementor-element-abfce3f elementor-widget elementor-widget-text-editor\" data-id=\"abfce3f\" data-element_type=\"widget\" data-e-type=\"widget\" data-widget_type=\"text-editor.default\">\n\t\t\t\t\t\t\t\t\t<p><strong>Nutzen Sie die exklusive Gelegenheit, 2 Grundst\u00fccke zu einem Preis von je $25.000.000 zu erwerben.<\/strong><br><br>Wir stellen Ihnen ein einzigartiges Grundst\u00fccksprojekt vor, bei dem Sie Ihr Haus inmitten \u00fcppiger Natur bauen und spektakul\u00e4re Gemeinschaftsbereiche genie\u00dfen k\u00f6nnen. Erfahren Sie alles \u00fcber die Details, die diesen Ort zu einem perfekten Wohnort machen.<\/p><p><span style=\"text-align: var(--text-align);\">Diese Grundst\u00fccke in Ancud, mit einer Fl\u00e4che von<\/span><span style=\"color: var( --e-global-color-text ); font-family: var( --e-global-typography-text-font-family ), Sans-serif; font-weight: var( --e-global-typography-text-font-weight ); text-align: var(--text-align);\">Das 5.000 m\u00b2 gro\u00dfe Grundst\u00fcck bietet eine einmalige Gelegenheit, das Haus Ihrer Tr\u00e4ume zu bauen. Mit Werten von 35.000.000 $ f\u00fcr die spektakul\u00e4ren Wiesen im oberen Teil des Projekts und 60.000.000.000 $ f\u00fcr die Grundst\u00fccke mit Blick auf den Huill\u00ednco-Fluss.<\/span><\/p><p><span style=\"color: var( --e-global-color-text ); font-family: var( --e-global-typography-text-font-family ), Sans-serif; font-weight: var( --e-global-typography-text-font-weight ); text-align: var(--text-align);\">Die Wasserversorgung des Projekts erfolgt \u00fcber einen Brunnen mit Teichen, die durch Sandfilter laufen, und wird mit einem Tropfchlorinjektor ausgestattet, um die Qualit\u00e4t des Wassers zu gew\u00e4hrleisten. Au\u00dferdem verf\u00fcgen Sie \u00fcber eine unterirdische Stromversorgung und ein Telekommunikationssignal.<\/span><\/p><p><span style=\"color: var( --e-global-color-text ); font-family: var( --e-global-typography-text-font-family ), Sans-serif; font-weight: var( --e-global-typography-text-font-weight ); text-align: var(--text-align);\">Das Projekt verf\u00fcgt \u00fcber Schotterstra\u00dfen im Inneren, die sich in einem hervorragenden Zustand befinden, sowie \u00fcber ein elektrisches Tor und einen kontrollierten Zugang, um die Sicherheit aller Bewohner zu gew\u00e4hrleisten.<\/span><\/p><p><span style=\"color: var( --e-global-color-text ); font-family: var( --e-global-typography-text-font-family ), Sans-serif; font-weight: var( --e-global-typography-text-font-weight ); text-align: var(--text-align);\">F\u00fcr die Gemeinschaftsfl\u00e4chen sind 5 Hektar vorgesehen, die von allen Bewohnern genutzt werden k\u00f6nnen. Dazu geh\u00f6ren ein wundersch\u00f6nes M\u00fcndungsufer und nautische Bereiche, Wege im Landesinneren und Waldparks. Au\u00dferdem gibt es einen Grillplatz, ideal f\u00fcr besondere Momente mit der Familie und Freunden.<\/span><\/p><p><span style=\"color: var( --e-global-color-text ); font-family: var( --e-global-typography-text-font-family ), Sans-serif; font-weight: var( --e-global-typography-text-font-weight ); text-align: var(--text-align);\">Wenn Sie eine Leidenschaft f\u00fcr die Natur haben, ist dieser Ort genau das Richtige f\u00fcr Sie. Die Umgebung bietet ein breites Spektrum an Freizeitaktivit\u00e4ten wie Wandern, Vogelbeobachtung, Surfen, Tauchen und Camping. Au\u00dferdem haben Sie die M\u00f6glichkeit, nahe gelegene Orte von gro\u00dfer Sch\u00f6nheit zu erkunden, wie Faro Corona und La Ping\u00fcinera und viele andere.<\/span><\/p><p><span style=\"color: var( --e-global-color-text ); font-family: var( --e-global-typography-text-font-family ), Sans-serif; font-weight: var( --e-global-typography-text-font-weight ); text-align: var(--text-align);\">Die Lage bietet Ihnen die Ruhe und die Verbindung, die Sie sich w\u00fcnschen. Man erreicht sie von Ancud oder Puerto Montt aus leicht \u00fcber die Route 5 und dann nur noch 2 Kilometer Schotterstra\u00dfe. Au\u00dferdem sind Sie nur 20 Minuten von Ancud entfernt, wo Sie eine breite Palette von Dienstleistungen und Annehmlichkeiten finden. Der Flughafen Castro ist etwa 45 Minuten entfernt, und auch der Flughafen El Tepual ist nicht weit entfernt, so dass Sie andere Ziele leicht erreichen k\u00f6nnen.<\/span><\/p><p><span style=\"color: var( --e-global-color-text ); font-family: var( --e-global-typography-text-font-family ), Sans-serif; font-weight: var( --e-global-typography-text-font-weight ); text-align: var(--text-align);\">Was die Topographie betrifft, so ist das Gel\u00e4nde \u00fcberwiegend flach, was den Bau Ihres Hauses erleichtert. Dar\u00fcber hinaus liegt das Projekt in einem M\u00fcndungsgebiet, das von acht Fl\u00fcssen gespeist wird und an den Fluss Pudeto grenzt, was eine einzigartige nat\u00fcrliche Umgebung bietet.<\/span><\/p><p><span style=\"color: var( --e-global-color-text ); font-family: var( --e-global-typography-text-font-family ), Sans-serif; font-weight: var( --e-global-typography-text-font-weight ); text-align: var(--text-align);\">Die Flora und Fauna der Gegend ist beeindruckend. Sie k\u00f6nnen B\u00e4ume wie Coig\u00fce, Ulmo, Canelo, Ma\u00f1\u00edo, Huilca, Nalca, Copihue, Array\u00e1n und Calafate genie\u00dfen.<\/span><\/p><p><span style=\"color: var( --e-global-color-text ); font-family: var( --e-global-typography-text-font-family ), Sans-serif; font-weight: var( --e-global-typography-text-font-weight ); text-align: var(--text-align);\">Dar\u00fcber hinaus ist die Vielfalt der Vogelwelt bemerkenswert: \u00dcber 100 Arten wurden registriert, darunter Pelikane, Reiher, Eulen und Falken. Die Fl\u00fcsse Pudeto und Huillinco beherbergen Forellen- und Lachsarten und bieten die M\u00f6glichkeit zum Angeln und zur Nutzung der Wasserwelt.<\/span><\/p><p><span style=\"color: var( --e-global-color-text ); font-family: var( --e-global-typography-text-font-family ), Sans-serif; font-weight: var( --e-global-typography-text-font-weight ); text-align: var(--text-align);\">Das Immobilienb\u00fcro bietet Zahlungsm\u00f6glichkeiten an:<\/span><\/p><ul><li>50% in bar und Restbetrag in 12 Monaten ohne Aufschlag.<\/li><li>50% in bar und Restbetrag in 18 Monaten plus 1 Million Aufschlag<\/li><li>50% in bar und Restbetrag in 24 Monaten plus 2 Millionen Aufschlag<\/li><\/ul><div> <\/div><p>Lassen Sie sich diese Gelegenheit nicht entgehen, in einer unvergleichlichen nat\u00fcrlichen Umgebung zu leben.<\/p><p><span style=\"color: var( --e-global-color-text ); font-family: var( --e-global-typography-text-font-family ), Sans-serif; font-weight: var( --e-global-typography-text-font-weight ); text-align: var(--text-align);\">Nehmen Sie jetzt Kontakt mit uns auf und entdecken Sie, was dieses Projekt Ihnen alles bieten kann!<\/span><\/p>\t\t\t\t\t\t\t\t<\/div>\n\t\t\t\t\t<\/div>\n\t\t\t\t<\/div>\n\t\t\t\t<\/div>\n\t\t","protected":false},"excerpt":{"rendered":"<p>Grundst\u00fccke in Ancud in der besten Lage. Strom unterirdisch, Projekt f\u00fcr Wasser in Bearbeitung, Gemeinschaftsfl\u00e4che angrenzend an M\u00fcndung.  Nur wenige Einheiten verf\u00fcgbar. 20 Minuten von der Stadt entfernt, 2 Kilometer von der Asphaltstra\u00dfe entfernt.<\/p>\n","protected":false},"featured_media":16355,"template":"","meta":{"_acf_changed":false},"product_brand":[],"product_cat":[104],"product_tag":[232],"regiones":[226],"ciudades":[212],"class_list":{"0":"post-16502","1":"product","2":"type-product","3":"status-publish","4":"has-post-thumbnail","6":"product_cat-ohiggins-los-lagos","7":"product_tag-grundstuecke","8":"regiones-nuble-los_lagos","9":"ciudades-ancud","11":"first","12":"instock","13":"featured","14":"shipping-taxable","15":"purchasable","16":"product-type-simple"},"acf":[],"yoast_head":"<!-- This site is optimized with the Yoast SEO Premium plugin v26.0 (Yoast SEO v27.3) - https:\/\/yoast.com\/product\/yoast-seo-premium-wordpress\/ -->\n<title>Grundst\u00fccke in Ancud, R\u00edo Huillinco - Chilo\u00e9 - Produncan<\/title>\n<meta name=\"description\" content=\"Grundst\u00fccke in Ancud, Rio Huillinco, direkt an einer Flussm\u00fcndung mit spektakul\u00e4rer Aussicht. In der N\u00e4he der Stadt und des Flughafens, Strom und Trinkwasser vorhanden.\" \/>\n<meta name=\"robots\" content=\"index, follow, max-snippet:-1, max-image-preview:large, max-video-preview:-1\" \/>\n<link rel=\"canonical\" href=\"https:\/\/produncan.cl\/de\/produkt\/grundstuecke-rio-huillinco-ancud-chiloe\/\" \/>\n<meta property=\"og:locale\" content=\"de_DE\" \/>\n<meta property=\"og:type\" content=\"article\" \/>\n<meta property=\"og:title\" content=\"Grundst\u00fccke in Ancud, R\u00edo Huillinco - Chilo\u00e9\" \/>\n<meta property=\"og:description\" content=\"Grundst\u00fccke in Ancud, Rio Huillinco, direkt an einer Flussm\u00fcndung mit spektakul\u00e4rer Aussicht. In der N\u00e4he der Stadt und des Flughafens, Strom und Trinkwasser vorhanden.\" \/>\n<meta property=\"og:url\" content=\"https:\/\/produncan.cl\/de\/produkt\/grundstuecke-rio-huillinco-ancud-chiloe\/\" \/>\n<meta property=\"og:site_name\" content=\"Produncan\" \/>\n<meta property=\"article:publisher\" content=\"https:\/\/web.facebook.com\/produncanland\" \/>\n<meta property=\"article:modified_time\" content=\"2025-11-24T21:14:48+00:00\" \/>\n<meta property=\"og:image\" content=\"https:\/\/produncan.cl\/wp-content\/uploads\/2023\/06\/Parcelas-en-venta-Rio-Huillinco.webp\" \/>\n\t<meta property=\"og:image:width\" content=\"600\" \/>\n\t<meta property=\"og:image:height\" content=\"450\" \/>\n\t<meta property=\"og:image:type\" content=\"image\/webp\" \/>\n<meta name=\"twitter:card\" content=\"summary_large_image\" \/>\n<meta name=\"twitter:label1\" content=\"Price\" \/>\n\t<meta name=\"twitter:data1\" content=\"USD27.200,00\" \/>\n\t<meta name=\"twitter:label2\" content=\"Availability\" \/>\n\t<meta name=\"twitter:data2\" content=\"In stock\" \/>\n<script type=\"application\/ld+json\" class=\"yoast-schema-graph\">{\"@context\":\"https:\\\/\\\/schema.org\",\"@graph\":[{\"@type\":\"WebPage\",\"@id\":\"https:\\\/\\\/produncan.cl\\\/de\\\/produkt\\\/grundstuecke-rio-huillinco-ancud-chiloe\\\/\",\"url\":\"https:\\\/\\\/produncan.cl\\\/de\\\/produkt\\\/grundstuecke-rio-huillinco-ancud-chiloe\\\/\",\"name\":\"Grundst\u00fccke in Ancud, R\u00edo Huillinco - Chilo\u00e9 - Produncan\",\"isPartOf\":{\"@id\":\"https:\\\/\\\/produncan.cl\\\/de\\\/#website\"},\"primaryImageOfPage\":{\"@id\":\"https:\\\/\\\/produncan.cl\\\/de\\\/produkt\\\/grundstuecke-rio-huillinco-ancud-chiloe\\\/#primaryimage\"},\"image\":{\"@id\":\"https:\\\/\\\/produncan.cl\\\/de\\\/produkt\\\/grundstuecke-rio-huillinco-ancud-chiloe\\\/#primaryimage\"},\"thumbnailUrl\":\"https:\\\/\\\/produncan.cl\\\/wp-content\\\/uploads\\\/2023\\\/06\\\/Parcelas-en-venta-Rio-Huillinco.webp\",\"datePublished\":\"2023-08-23T20:58:23+00:00\",\"dateModified\":\"2025-11-24T21:14:48+00:00\",\"description\":\"Grundst\u00fccke in Ancud, Rio Huillinco, direkt an einer Flussm\u00fcndung mit spektakul\u00e4rer Aussicht. In der N\u00e4he der Stadt und des Flughafens, Strom und Trinkwasser vorhanden.\",\"breadcrumb\":{\"@id\":\"https:\\\/\\\/produncan.cl\\\/de\\\/produkt\\\/grundstuecke-rio-huillinco-ancud-chiloe\\\/#breadcrumb\"},\"inLanguage\":\"de-DE\",\"potentialAction\":[{\"@type\":\"ReadAction\",\"target\":[\"https:\\\/\\\/produncan.cl\\\/de\\\/produkt\\\/grundstuecke-rio-huillinco-ancud-chiloe\\\/\"]}]},{\"@type\":\"ImageObject\",\"inLanguage\":\"de-DE\",\"@id\":\"https:\\\/\\\/produncan.cl\\\/de\\\/produkt\\\/grundstuecke-rio-huillinco-ancud-chiloe\\\/#primaryimage\",\"url\":\"https:\\\/\\\/produncan.cl\\\/wp-content\\\/uploads\\\/2023\\\/06\\\/Parcelas-en-venta-Rio-Huillinco.webp\",\"contentUrl\":\"https:\\\/\\\/produncan.cl\\\/wp-content\\\/uploads\\\/2023\\\/06\\\/Parcelas-en-venta-Rio-Huillinco.webp\",\"width\":600,\"height\":450,\"caption\":\"Grundst\u00fccke zum Verkauf Rio Huillinco\"},{\"@type\":\"BreadcrumbList\",\"@id\":\"https:\\\/\\\/produncan.cl\\\/de\\\/produkt\\\/grundstuecke-rio-huillinco-ancud-chiloe\\\/#breadcrumb\",\"itemListElement\":[{\"@type\":\"ListItem\",\"position\":1,\"name\":\"Inicio\",\"item\":\"https:\\\/\\\/produncan.cl\\\/de\\\/\"},{\"@type\":\"ListItem\",\"position\":2,\"name\":\"Eigenschaften\",\"item\":\"https:\\\/\\\/produncan.cl\\\/propiedades\\\/\"},{\"@type\":\"ListItem\",\"position\":3,\"name\":\"Grundst\u00fccke\",\"item\":\"https:\\\/\\\/produncan.cl\\\/de\\\/kategorie\\\/grundstuecke\\\/\"},{\"@type\":\"ListItem\",\"position\":4,\"name\":\"Grundst\u00fccke in Ancud, R\u00edo Huillinco &#8211; Chilo\u00e9\"}]},{\"@type\":\"WebSite\",\"@id\":\"https:\\\/\\\/produncan.cl\\\/de\\\/#website\",\"url\":\"https:\\\/\\\/produncan.cl\\\/de\\\/\",\"name\":\"Produncan\",\"description\":\"Wir begleiten Sie bei Ihrem Lebensprojekt!\",\"publisher\":{\"@id\":\"https:\\\/\\\/produncan.cl\\\/de\\\/#organization\"},\"potentialAction\":[{\"@type\":\"SearchAction\",\"target\":{\"@type\":\"EntryPoint\",\"urlTemplate\":\"https:\\\/\\\/produncan.cl\\\/de\\\/?s={search_term_string}\"},\"query-input\":{\"@type\":\"PropertyValueSpecification\",\"valueRequired\":true,\"valueName\":\"search_term_string\"}}],\"inLanguage\":\"de-DE\"},{\"@type\":\"Organization\",\"@id\":\"https:\\\/\\\/produncan.cl\\\/de\\\/#organization\",\"name\":\"Produncan\",\"url\":\"https:\\\/\\\/produncan.cl\\\/de\\\/\",\"logo\":{\"@type\":\"ImageObject\",\"inLanguage\":\"de-DE\",\"@id\":\"https:\\\/\\\/produncan.cl\\\/de\\\/#\\\/schema\\\/logo\\\/image\\\/\",\"url\":\"https:\\\/\\\/produncan.cl\\\/wp-content\\\/uploads\\\/2021\\\/03\\\/LOGO.jpeg\",\"contentUrl\":\"https:\\\/\\\/produncan.cl\\\/wp-content\\\/uploads\\\/2021\\\/03\\\/LOGO.jpeg\",\"width\":1280,\"height\":903,\"caption\":\"Produncan\"},\"image\":{\"@id\":\"https:\\\/\\\/produncan.cl\\\/de\\\/#\\\/schema\\\/logo\\\/image\\\/\"},\"sameAs\":[\"https:\\\/\\\/web.facebook.com\\\/produncanland\",\"https:\\\/\\\/www.instagram.com\\\/pro_duncan\\\/\",\"https:\\\/\\\/www.linkedin.com\\\/company\\\/produncan-lands\\\/\",\"https:\\\/\\\/www.youtube.com\\\/channel\\\/UCu7N-f3x0svkazD-Eew1-QQ\"],\"description\":\"En Produncan somos especialistas en la venta de terrenos en el sur de Chile. Proveemos estancias, campos, parcelas y hoteles.\",\"email\":\"info@produncan.cl\"}]}<\/script>\n<meta property=\"og:video\" content=\"https:\/\/www.youtube.com\/embed\/qz4wG_oe9ho\" \/>\n<meta property=\"og:video:type\" content=\"text\/html\" \/>\n<meta property=\"og:video:duration\" content=\"72\" \/>\n<meta property=\"og:video:width\" content=\"480\" \/>\n<meta property=\"og:video:height\" content=\"360\" \/>\n<meta property=\"ya:ovs:adult\" content=\"false\" \/>\n<meta property=\"ya:ovs:upload_date\" content=\"2023-08-23T20:58:23+00:00\" \/>\n<meta property=\"ya:ovs:allow_embed\" content=\"true\" \/>\n<meta property=\"product:price:amount\" content=\"27200.00\" \/>\n<meta property=\"product:price:currency\" content=\"USD\" \/>\n<meta property=\"og:availability\" content=\"instock\" \/>\n<meta property=\"product:availability\" content=\"instock\" \/>\n<meta property=\"product:condition\" content=\"new\" \/>\n<!-- \/ Yoast SEO Premium plugin. -->","yoast_head_json":{"title":"Grundst\u00fccke in Ancud, R\u00edo Huillinco - Chilo\u00e9 - Produncan","description":"Grundst\u00fccke in Ancud, Rio Huillinco, direkt an einer Flussm\u00fcndung mit spektakul\u00e4rer Aussicht. In der N\u00e4he der Stadt und des Flughafens, Strom und Trinkwasser vorhanden.","robots":{"index":"index","follow":"follow","max-snippet":"max-snippet:-1","max-image-preview":"max-image-preview:large","max-video-preview":"max-video-preview:-1"},"canonical":"https:\/\/produncan.cl\/de\/produkt\/grundstuecke-rio-huillinco-ancud-chiloe\/","og_locale":"de_DE","og_type":"article","og_title":"Grundst\u00fccke in Ancud, R\u00edo Huillinco - Chilo\u00e9","og_description":"Grundst\u00fccke in Ancud, Rio Huillinco, direkt an einer Flussm\u00fcndung mit spektakul\u00e4rer Aussicht. In der N\u00e4he der Stadt und des Flughafens, Strom und Trinkwasser vorhanden.","og_url":"https:\/\/produncan.cl\/de\/produkt\/grundstuecke-rio-huillinco-ancud-chiloe\/","og_site_name":"Produncan","article_publisher":"https:\/\/web.facebook.com\/produncanland","article_modified_time":"2025-11-24T21:14:48+00:00","og_image":[{"width":600,"height":450,"url":"https:\/\/produncan.cl\/wp-content\/uploads\/2023\/06\/Parcelas-en-venta-Rio-Huillinco.webp","type":"image\/webp"}],"twitter_card":"summary_large_image","twitter_misc":{"Price":"USD27.200,00","Availability":"In stock"},"schema":{"@context":"https:\/\/schema.org","@graph":[{"@type":"WebPage","@id":"https:\/\/produncan.cl\/de\/produkt\/grundstuecke-rio-huillinco-ancud-chiloe\/","url":"https:\/\/produncan.cl\/de\/produkt\/grundstuecke-rio-huillinco-ancud-chiloe\/","name":"Grundst\u00fccke in Ancud, R\u00edo Huillinco - Chilo\u00e9 - Produncan","isPartOf":{"@id":"https:\/\/produncan.cl\/de\/#website"},"primaryImageOfPage":{"@id":"https:\/\/produncan.cl\/de\/produkt\/grundstuecke-rio-huillinco-ancud-chiloe\/#primaryimage"},"image":{"@id":"https:\/\/produncan.cl\/de\/produkt\/grundstuecke-rio-huillinco-ancud-chiloe\/#primaryimage"},"thumbnailUrl":"https:\/\/produncan.cl\/wp-content\/uploads\/2023\/06\/Parcelas-en-venta-Rio-Huillinco.webp","datePublished":"2023-08-23T20:58:23+00:00","dateModified":"2025-11-24T21:14:48+00:00","description":"Grundst\u00fccke in Ancud, Rio Huillinco, direkt an einer Flussm\u00fcndung mit spektakul\u00e4rer Aussicht. In der N\u00e4he der Stadt und des Flughafens, Strom und Trinkwasser vorhanden.","breadcrumb":{"@id":"https:\/\/produncan.cl\/de\/produkt\/grundstuecke-rio-huillinco-ancud-chiloe\/#breadcrumb"},"inLanguage":"de-DE","potentialAction":[{"@type":"ReadAction","target":["https:\/\/produncan.cl\/de\/produkt\/grundstuecke-rio-huillinco-ancud-chiloe\/"]}]},{"@type":"ImageObject","inLanguage":"de-DE","@id":"https:\/\/produncan.cl\/de\/produkt\/grundstuecke-rio-huillinco-ancud-chiloe\/#primaryimage","url":"https:\/\/produncan.cl\/wp-content\/uploads\/2023\/06\/Parcelas-en-venta-Rio-Huillinco.webp","contentUrl":"https:\/\/produncan.cl\/wp-content\/uploads\/2023\/06\/Parcelas-en-venta-Rio-Huillinco.webp","width":600,"height":450,"caption":"Grundst\u00fccke zum Verkauf Rio Huillinco"},{"@type":"BreadcrumbList","@id":"https:\/\/produncan.cl\/de\/produkt\/grundstuecke-rio-huillinco-ancud-chiloe\/#breadcrumb","itemListElement":[{"@type":"ListItem","position":1,"name":"Inicio","item":"https:\/\/produncan.cl\/de\/"},{"@type":"ListItem","position":2,"name":"Eigenschaften","item":"https:\/\/produncan.cl\/propiedades\/"},{"@type":"ListItem","position":3,"name":"Grundst\u00fccke","item":"https:\/\/produncan.cl\/de\/kategorie\/grundstuecke\/"},{"@type":"ListItem","position":4,"name":"Grundst\u00fccke in Ancud, R\u00edo Huillinco &#8211; Chilo\u00e9"}]},{"@type":"WebSite","@id":"https:\/\/produncan.cl\/de\/#website","url":"https:\/\/produncan.cl\/de\/","name":"Produncan","description":"Wir begleiten Sie bei Ihrem Lebensprojekt!","publisher":{"@id":"https:\/\/produncan.cl\/de\/#organization"},"potentialAction":[{"@type":"SearchAction","target":{"@type":"EntryPoint","urlTemplate":"https:\/\/produncan.cl\/de\/?s={search_term_string}"},"query-input":{"@type":"PropertyValueSpecification","valueRequired":true,"valueName":"search_term_string"}}],"inLanguage":"de-DE"},{"@type":"Organization","@id":"https:\/\/produncan.cl\/de\/#organization","name":"Produncan","url":"https:\/\/produncan.cl\/de\/","logo":{"@type":"ImageObject","inLanguage":"de-DE","@id":"https:\/\/produncan.cl\/de\/#\/schema\/logo\/image\/","url":"https:\/\/produncan.cl\/wp-content\/uploads\/2021\/03\/LOGO.jpeg","contentUrl":"https:\/\/produncan.cl\/wp-content\/uploads\/2021\/03\/LOGO.jpeg","width":1280,"height":903,"caption":"Produncan"},"image":{"@id":"https:\/\/produncan.cl\/de\/#\/schema\/logo\/image\/"},"sameAs":["https:\/\/web.facebook.com\/produncanland","https:\/\/www.instagram.com\/pro_duncan\/","https:\/\/www.linkedin.com\/company\/produncan-lands\/","https:\/\/www.youtube.com\/channel\/UCu7N-f3x0svkazD-Eew1-QQ"],"description":"En Produncan somos especialistas en la venta de terrenos en el sur de Chile. Proveemos estancias, campos, parcelas y hoteles.","email":"info@produncan.cl"}]},"og_video":"https:\/\/www.youtube.com\/embed\/qz4wG_oe9ho","og_video_type":"text\/html","og_video_duration":"72","og_video_width":"480","og_video_height":"360","ya_ovs_adult":"false","ya_ovs_upload_date":"2023-08-23T20:58:23+00:00","ya_ovs_allow_embed":"true","product_price_amount":"27200.00","product_price_currency":"USD","og_availability":"instock","product_availability":"instock","product_condition":"new"},"_links":{"self":[{"href":"https:\/\/produncan.cl\/de\/wp-json\/wp\/v2\/product\/16502","targetHints":{"allow":["GET"]}}],"collection":[{"href":"https:\/\/produncan.cl\/de\/wp-json\/wp\/v2\/product"}],"about":[{"href":"https:\/\/produncan.cl\/de\/wp-json\/wp\/v2\/types\/product"}],"version-history":[{"count":4,"href":"https:\/\/produncan.cl\/de\/wp-json\/wp\/v2\/product\/16502\/revisions"}],"predecessor-version":[{"id":52708,"href":"https:\/\/produncan.cl\/de\/wp-json\/wp\/v2\/product\/16502\/revisions\/52708"}],"wp:featuredmedia":[{"embeddable":true,"href":"https:\/\/produncan.cl\/de\/wp-json\/wp\/v2\/media\/16355"}],"wp:attachment":[{"href":"https:\/\/produncan.cl\/de\/wp-json\/wp\/v2\/media?parent=16502"}],"wp:term":[{"taxonomy":"product_brand","embeddable":true,"href":"https:\/\/produncan.cl\/de\/wp-json\/wp\/v2\/product_brand?post=16502"},{"taxonomy":"product_cat","embeddable":true,"href":"https:\/\/produncan.cl\/de\/wp-json\/wp\/v2\/product_cat?post=16502"},{"taxonomy":"product_tag","embeddable":true,"href":"https:\/\/produncan.cl\/de\/wp-json\/wp\/v2\/product_tag?post=16502"},{"taxonomy":"regiones","embeddable":true,"href":"https:\/\/produncan.cl\/de\/wp-json\/wp\/v2\/regiones?post=16502"},{"taxonomy":"ciudades","embeddable":true,"href":"https:\/\/produncan.cl\/de\/wp-json\/wp\/v2\/ciudades?post=16502"}],"curies":[{"name":"wp","href":"https:\/\/api.w.org\/{rel}","templated":true}]}}