{"id":16606,"date":"2023-07-05T10:54:50","date_gmt":"2023-07-05T14:54:50","guid":{"rendered":"https:\/\/produncan.cl\/producto\/parzelle-las-cumbres-puerto-varas-region-los-lagos\/"},"modified":"2025-08-18T16:45:33","modified_gmt":"2025-08-18T20:45:33","slug":"parzelle-las-cumbres-puerto-varas-region-los-lagos","status":"publish","type":"product","link":"https:\/\/produncan.cl\/de\/produkt\/parzelle-las-cumbres-puerto-varas-region-los-lagos\/","title":{"rendered":"Grundst\u00fcck in Puerto Varas &#8211; Las Cumbres, Seengebiet"},"content":{"rendered":"\t\t<div data-elementor-type=\"product-post\" data-elementor-id=\"16606\" class=\"elementor elementor-16606 elementor-16522\" data-elementor-post-type=\"product\">\n\t\t\t\t<div class=\"elementor-element elementor-element-7b2099a e-flex e-con-boxed e-con e-parent\" data-id=\"7b2099a\" data-element_type=\"container\" data-e-type=\"container\" data-settings=\"{&quot;jet_parallax_layout_list&quot;:[]}\">\n\t\t\t\t\t<div class=\"e-con-inner\">\n\t\t\t\t<div class=\"elementor-element elementor-element-434dbdf elementor-widget elementor-widget-heading\" data-id=\"434dbdf\" data-element_type=\"widget\" data-e-type=\"widget\" data-widget_type=\"heading.default\">\n\t\t\t\t\t<h2 class=\"elementor-heading-title elementor-size-default\">Ein Grundst\u00fcck innerhalb eines konsolidierten Projekts in der N\u00e4he von Puerto Varas!<\/h2>\t\t\t\t<\/div>\n\t\t\t\t\t<\/div>\n\t\t\t\t<\/div>\n\t\t<div class=\"elementor-element elementor-element-fc96111 e-flex e-con-boxed e-con e-parent\" data-id=\"fc96111\" data-element_type=\"container\" data-e-type=\"container\" data-settings=\"{&quot;jet_parallax_layout_list&quot;:[]}\">\n\t\t\t\t\t<div class=\"e-con-inner\">\n\t\t\t\t<div class=\"elementor-element elementor-element-a27c55b elementor-widget elementor-widget-text-editor\" data-id=\"a27c55b\" data-element_type=\"widget\" data-e-type=\"widget\" data-widget_type=\"text-editor.default\">\n\t\t\t\t\t\t\t\t\t<p>Dieses Grundst\u00fcck in Puerto Varas bietet Ihnen die M\u00f6glichkeit, ein einzigartiges Grundst\u00fcck in einer atemberaubenden nat\u00fcrlichen Umgebung zu erwerben. Hier finden Sie alles, was Sie brauchen, um ein ruhiges und angenehmes Leben zu f\u00fchren.<\/p>\n<p><span style=\"color: var( --e-global-color-text ); font-family: var( --e-global-typography-text-font-family ), Sans-serif; font-weight: var( --e-global-typography-text-font-weight ); text-align: var(--text-align);\">Das Grundst\u00fcck hat eine Gesamtfl\u00e4che von 5458 m\u00b2 und bietet Ihnen reichlich Platz, um Ihr Traumhaus zu bauen.<\/span><\/p>\n<p><span style=\"color: var( --e-global-color-text ); font-family: var( --e-global-typography-text-font-family ), Sans-serif; font-weight: var( --e-global-typography-text-font-weight ); text-align: var(--text-align);\">Das Grundst\u00fcck verf\u00fcgt \u00fcber einen unterirdischen Stromanschluss, Trinkwasser aus einem Brunnen, Glasfaserkabel und einen gemeinschaftlichen Grillplatz, wo Sie sich mit Freunden und Familie treffen k\u00f6nnen, um unvergessliche Momente im Freien zu genie\u00dfen.<\/span><\/p>\n<p><span style=\"color: var( --e-global-color-text ); font-family: var( --e-global-typography-text-font-family ), Sans-serif; font-weight: var( --e-global-typography-text-font-weight ); text-align: var(--text-align);\">Dar\u00fcber hinaus ist es sehr sicher, da es zwei elektrische Tore hat, um das Grundst\u00fcck zu erreichen.<\/span><\/p>\n<p><span style=\"color: var( --e-global-color-text ); font-family: var( --e-global-typography-text-font-family ), Sans-serif; font-weight: var( --e-global-typography-text-font-weight ); text-align: var(--text-align);\">Das Grundst\u00fcck verf\u00fcgt \u00fcber einen Bach, der durch einen kleinen Wald mit einheimischen B\u00e4umen flie\u00dft und Ihnen eine Verbindung zur Natur und eine sch\u00f6ne Aussicht bietet.<\/span><\/p>\n<p><span style=\"color: var( --e-global-color-text ); font-family: var( --e-global-typography-text-font-family ), Sans-serif; font-weight: var( --e-global-typography-text-font-weight ); text-align: var(--text-align);\">Die Topographie des Grundst\u00fccks weist ein leichtes Gef\u00e4lle zum Bach hin und einen flachen Bereich auf, was eine vielseitige Nutzung des Grundst\u00fccks erm\u00f6glicht. Dar\u00fcber hinaus wurde zu Ihrer Information eine topografische Vermessung durchgef\u00fchrt. Die Sonneneinstrahlung ist gut, so dass Sie viel nat\u00fcrliches Licht genie\u00dfen k\u00f6nnen.<\/span><\/p>\n<p><span style=\"color: var( --e-global-color-text ); font-family: var( --e-global-typography-text-font-family ), Sans-serif; font-weight: var( --e-global-typography-text-font-weight ); text-align: var(--text-align);\">Was die Flora und Fauna anbelangt, so k\u00f6nnen Sie einen Streifen von B\u00e4umen wie Lorbeer und Ma\u00f1\u00edos, unter anderem, bewundern. Die Fauna des Gebietes umfasst V\u00f6gel und f\u00fcr die Gegend typische Arten, Hasen und eine Vielzahl von V\u00f6geln.<\/span><\/p>\n<p><span style=\"color: var( --e-global-color-text ); font-family: var( --e-global-typography-text-font-family ), Sans-serif; font-weight: var( --e-global-typography-text-font-weight ); text-align: var(--text-align);\">Das Grundst\u00fcck befindet sich in einer privilegierten Umgebung. Es ist nur 11 km von Puerto Varas entfernt, einer charmanten Stadt, die f\u00fcr ihre nat\u00fcrliche Sch\u00f6nheit und freundliche Atmosph\u00e4re bekannt ist. Die Stra\u00dfe zum Grundst\u00fcck ist gr\u00f6\u00dftenteils asphaltiert, ein 800 m langer Schotterweg ist in ausgezeichnetem Zustand.<\/span><\/p>\n<p><span style=\"color: var( --e-global-color-text ); font-family: var( --e-global-typography-text-font-family ), Sans-serif; font-weight: var( --e-global-typography-text-font-weight ); text-align: var(--text-align);\">Die Lage erm\u00f6glicht Ihnen den Zugang zu nahe gelegenen Attraktionen wie den Str\u00e4nden Hermosa und Niklitschek, dem majest\u00e4tischen Vulkan Osorno und vielem mehr. Au\u00dferdem gibt es in ca. 2 km Entfernung \u00f6ffentliche Verkehrsmittel und ein Telekommunikationssignal, damit Sie in Verbindung bleiben.<\/span><\/p>\n<p><span style=\"color: var( --e-global-color-text ); font-family: var( --e-global-typography-text-font-family ), Sans-serif; font-weight: var( --e-global-typography-text-font-weight ); text-align: var(--text-align);\">Das Klima in der Region ist gem\u00e4\u00dfigt und regnerisch, was Ihnen die M\u00f6glichkeit gibt, die \u00fcppige Vegetation und die sch\u00f6nen Landschaften zu genie\u00dfen, die diese Region charakterisieren.<\/span><\/p>\n<p><span style=\"color: var( --e-global-color-text ); font-family: var( --e-global-typography-text-font-family ), Sans-serif; font-weight: var( --e-global-typography-text-font-weight ); text-align: var(--text-align);\">Verpassen Sie nicht die Gelegenheit, dieses sch\u00f6ne Grundst\u00fcck in Puerto Varas zu erwerben.<\/span><\/p>\n<p><span style=\"color: var( --e-global-color-text ); font-family: var( --e-global-typography-text-font-family ), Sans-serif; font-weight: var( --e-global-typography-text-font-weight ); text-align: var(--text-align);\">Nehmen Sie noch heute Kontakt mit uns auf und erfahren Sie, wie Sie Ihren Wohntraum an einem der sch\u00f6nsten Orte im Lake District verwirklichen k\u00f6nnen.<\/span><\/p>\t\t\t\t\t\t\t\t<\/div>\n\t\t\t\t\t<\/div>\n\t\t\t\t<\/div>\n\t\t\t\t<\/div>\n\t\t","protected":false},"excerpt":{"rendered":"<p>Grundst\u00fcck in Puerto Varas innerhalb eines konsolidierten Projekts, mit Dienstleistungen wie unterirdischem Strom, Trinkwasser, Glasfaserkabel und gr\u00f6\u00dftenteils asphaltierter Zufahrt.<\/p>\n","protected":false},"featured_media":39941,"template":"","meta":{"_acf_changed":false},"product_brand":[],"product_cat":[104],"product_tag":[232],"regiones":[226],"ciudades":[218,219],"class_list":{"0":"post-16606","1":"product","2":"type-product","3":"status-publish","4":"has-post-thumbnail","6":"product_cat-ohiggins-los-lagos","7":"product_tag-grundstuecke","8":"regiones-nuble-los_lagos","9":"ciudades-puerto-montt","10":"ciudades-puerto-varas","12":"first","13":"outofstock","14":"sold-individually","15":"shipping-taxable","16":"product-type-simple"},"acf":[],"yoast_head":"<!-- This site is optimized with the Yoast SEO Premium plugin v26.0 (Yoast SEO v27.3) - https:\/\/yoast.com\/product\/yoast-seo-premium-wordpress\/ -->\n<title>Grundst\u00fcck zu verkaufen Las Cumbres - Puerto Varas - Produncan<\/title>\n<meta name=\"description\" content=\"Grundst\u00fcck in Puerto Varas in einem konsolidierten Projekt von 5458m\u00b2 mit unterirdischem Strom, Trinkwasser, Glasfaserkabel, einem Bach und einem gemeinschaftlichen Grillplatz.\" \/>\n<meta name=\"robots\" content=\"index, follow, max-snippet:-1, max-image-preview:large, max-video-preview:-1\" \/>\n<link rel=\"canonical\" href=\"https:\/\/produncan.cl\/de\/produkt\/parzelle-las-cumbres-puerto-varas-region-los-lagos\/\" \/>\n<meta property=\"og:locale\" content=\"de_DE\" \/>\n<meta property=\"og:type\" content=\"article\" \/>\n<meta property=\"og:title\" content=\"Grundst\u00fcck in Puerto Varas - Las Cumbres, Seengebiet\" \/>\n<meta property=\"og:description\" content=\"Grundst\u00fcck in Puerto Varas in einem konsolidierten Projekt von 5458m\u00b2 mit unterirdischem Strom, Trinkwasser, Glasfaserkabel, einem Bach und einem gemeinschaftlichen Grillplatz.\" \/>\n<meta property=\"og:url\" content=\"https:\/\/produncan.cl\/de\/produkt\/parzelle-las-cumbres-puerto-varas-region-los-lagos\/\" \/>\n<meta property=\"og:site_name\" content=\"Produncan\" \/>\n<meta property=\"article:publisher\" content=\"https:\/\/web.facebook.com\/produncanland\" \/>\n<meta property=\"article:modified_time\" content=\"2025-08-18T20:45:33+00:00\" \/>\n<meta property=\"og:image\" content=\"https:\/\/produncan.cl\/wp-content\/uploads\/2023\/07\/Parcela-Las-Cumbres-Vendido.webp\" \/>\n\t<meta property=\"og:image:width\" content=\"800\" \/>\n\t<meta property=\"og:image:height\" content=\"600\" \/>\n\t<meta property=\"og:image:type\" content=\"image\/webp\" \/>\n<meta name=\"twitter:card\" content=\"summary_large_image\" \/>\n<meta name=\"twitter:label1\" content=\"Price\" \/>\n\t<meta name=\"twitter:data1\" content=\"\" \/>\n\t<meta name=\"twitter:label2\" content=\"Availability\" \/>\n\t<meta name=\"twitter:data2\" content=\"Out of stock\" \/>\n<script type=\"application\/ld+json\" class=\"yoast-schema-graph\">{\"@context\":\"https:\\\/\\\/schema.org\",\"@graph\":[{\"@type\":\"WebPage\",\"@id\":\"https:\\\/\\\/produncan.cl\\\/de\\\/produkt\\\/parzelle-las-cumbres-puerto-varas-region-los-lagos\\\/\",\"url\":\"https:\\\/\\\/produncan.cl\\\/de\\\/produkt\\\/parzelle-las-cumbres-puerto-varas-region-los-lagos\\\/\",\"name\":\"Grundst\u00fcck zu verkaufen Las Cumbres - Puerto Varas - Produncan\",\"isPartOf\":{\"@id\":\"https:\\\/\\\/produncan.cl\\\/de\\\/#website\"},\"primaryImageOfPage\":{\"@id\":\"https:\\\/\\\/produncan.cl\\\/de\\\/produkt\\\/parzelle-las-cumbres-puerto-varas-region-los-lagos\\\/#primaryimage\"},\"image\":{\"@id\":\"https:\\\/\\\/produncan.cl\\\/de\\\/produkt\\\/parzelle-las-cumbres-puerto-varas-region-los-lagos\\\/#primaryimage\"},\"thumbnailUrl\":\"https:\\\/\\\/produncan.cl\\\/wp-content\\\/uploads\\\/2023\\\/07\\\/Parcela-Las-Cumbres-Vendido.webp\",\"datePublished\":\"2023-07-05T14:54:50+00:00\",\"dateModified\":\"2025-08-18T20:45:33+00:00\",\"description\":\"Grundst\u00fcck in Puerto Varas in einem konsolidierten Projekt von 5458m\u00b2 mit unterirdischem Strom, Trinkwasser, Glasfaserkabel, einem Bach und einem gemeinschaftlichen Grillplatz.\",\"breadcrumb\":{\"@id\":\"https:\\\/\\\/produncan.cl\\\/de\\\/produkt\\\/parzelle-las-cumbres-puerto-varas-region-los-lagos\\\/#breadcrumb\"},\"inLanguage\":\"de-DE\",\"potentialAction\":[{\"@type\":\"ReadAction\",\"target\":[\"https:\\\/\\\/produncan.cl\\\/de\\\/produkt\\\/parzelle-las-cumbres-puerto-varas-region-los-lagos\\\/\"]}]},{\"@type\":\"ImageObject\",\"inLanguage\":\"de-DE\",\"@id\":\"https:\\\/\\\/produncan.cl\\\/de\\\/produkt\\\/parzelle-las-cumbres-puerto-varas-region-los-lagos\\\/#primaryimage\",\"url\":\"https:\\\/\\\/produncan.cl\\\/wp-content\\\/uploads\\\/2023\\\/07\\\/Parcela-Las-Cumbres-Vendido.webp\",\"contentUrl\":\"https:\\\/\\\/produncan.cl\\\/wp-content\\\/uploads\\\/2023\\\/07\\\/Parcela-Las-Cumbres-Vendido.webp\",\"width\":800,\"height\":600},{\"@type\":\"BreadcrumbList\",\"@id\":\"https:\\\/\\\/produncan.cl\\\/de\\\/produkt\\\/parzelle-las-cumbres-puerto-varas-region-los-lagos\\\/#breadcrumb\",\"itemListElement\":[{\"@type\":\"ListItem\",\"position\":1,\"name\":\"Inicio\",\"item\":\"https:\\\/\\\/produncan.cl\\\/de\\\/\"},{\"@type\":\"ListItem\",\"position\":2,\"name\":\"Eigenschaften\",\"item\":\"https:\\\/\\\/produncan.cl\\\/propiedades\\\/\"},{\"@type\":\"ListItem\",\"position\":3,\"name\":\"Grundst\u00fccke\",\"item\":\"https:\\\/\\\/produncan.cl\\\/de\\\/kategorie\\\/grundstuecke\\\/\"},{\"@type\":\"ListItem\",\"position\":4,\"name\":\"Grundst\u00fcck in Puerto Varas &#8211; Las Cumbres, Seengebiet\"}]},{\"@type\":\"WebSite\",\"@id\":\"https:\\\/\\\/produncan.cl\\\/de\\\/#website\",\"url\":\"https:\\\/\\\/produncan.cl\\\/de\\\/\",\"name\":\"Produncan\",\"description\":\"Wir begleiten Sie bei Ihrem Lebensprojekt!\",\"publisher\":{\"@id\":\"https:\\\/\\\/produncan.cl\\\/de\\\/#organization\"},\"potentialAction\":[{\"@type\":\"SearchAction\",\"target\":{\"@type\":\"EntryPoint\",\"urlTemplate\":\"https:\\\/\\\/produncan.cl\\\/de\\\/?s={search_term_string}\"},\"query-input\":{\"@type\":\"PropertyValueSpecification\",\"valueRequired\":true,\"valueName\":\"search_term_string\"}}],\"inLanguage\":\"de-DE\"},{\"@type\":\"Organization\",\"@id\":\"https:\\\/\\\/produncan.cl\\\/de\\\/#organization\",\"name\":\"Produncan\",\"url\":\"https:\\\/\\\/produncan.cl\\\/de\\\/\",\"logo\":{\"@type\":\"ImageObject\",\"inLanguage\":\"de-DE\",\"@id\":\"https:\\\/\\\/produncan.cl\\\/de\\\/#\\\/schema\\\/logo\\\/image\\\/\",\"url\":\"https:\\\/\\\/produncan.cl\\\/wp-content\\\/uploads\\\/2021\\\/03\\\/LOGO.jpeg\",\"contentUrl\":\"https:\\\/\\\/produncan.cl\\\/wp-content\\\/uploads\\\/2021\\\/03\\\/LOGO.jpeg\",\"width\":1280,\"height\":903,\"caption\":\"Produncan\"},\"image\":{\"@id\":\"https:\\\/\\\/produncan.cl\\\/de\\\/#\\\/schema\\\/logo\\\/image\\\/\"},\"sameAs\":[\"https:\\\/\\\/web.facebook.com\\\/produncanland\",\"https:\\\/\\\/www.instagram.com\\\/pro_duncan\\\/\",\"https:\\\/\\\/www.linkedin.com\\\/company\\\/produncan-lands\\\/\",\"https:\\\/\\\/www.youtube.com\\\/channel\\\/UCu7N-f3x0svkazD-Eew1-QQ\"],\"description\":\"En Produncan somos especialistas en la venta de terrenos en el sur de Chile. Proveemos estancias, campos, parcelas y hoteles.\",\"email\":\"info@produncan.cl\"}]}<\/script>\n<meta property=\"og:video\" content=\"https:\/\/www.youtube.com\/embed\/NetWXWVSYew\" \/>\n<meta property=\"og:video:type\" content=\"text\/html\" \/>\n<meta property=\"og:video:duration\" content=\"73\" \/>\n<meta property=\"og:video:width\" content=\"480\" \/>\n<meta property=\"og:video:height\" content=\"360\" \/>\n<meta property=\"ya:ovs:adult\" content=\"false\" \/>\n<meta property=\"ya:ovs:upload_date\" content=\"2023-07-05T14:54:50+00:00\" \/>\n<meta property=\"ya:ovs:allow_embed\" content=\"true\" \/>\n<meta property=\"product:price:currency\" content=\"USD\" \/>\n<meta property=\"og:availability\" content=\"out of stock\" \/>\n<meta property=\"product:availability\" content=\"out of stock\" \/>\n<meta property=\"product:condition\" content=\"new\" \/>\n<!-- \/ Yoast SEO Premium plugin. -->","yoast_head_json":{"title":"Grundst\u00fcck zu verkaufen Las Cumbres - Puerto Varas - Produncan","description":"Grundst\u00fcck in Puerto Varas in einem konsolidierten Projekt von 5458m\u00b2 mit unterirdischem Strom, Trinkwasser, Glasfaserkabel, einem Bach und einem gemeinschaftlichen Grillplatz.","robots":{"index":"index","follow":"follow","max-snippet":"max-snippet:-1","max-image-preview":"max-image-preview:large","max-video-preview":"max-video-preview:-1"},"canonical":"https:\/\/produncan.cl\/de\/produkt\/parzelle-las-cumbres-puerto-varas-region-los-lagos\/","og_locale":"de_DE","og_type":"article","og_title":"Grundst\u00fcck in Puerto Varas - Las Cumbres, Seengebiet","og_description":"Grundst\u00fcck in Puerto Varas in einem konsolidierten Projekt von 5458m\u00b2 mit unterirdischem Strom, Trinkwasser, Glasfaserkabel, einem Bach und einem gemeinschaftlichen Grillplatz.","og_url":"https:\/\/produncan.cl\/de\/produkt\/parzelle-las-cumbres-puerto-varas-region-los-lagos\/","og_site_name":"Produncan","article_publisher":"https:\/\/web.facebook.com\/produncanland","article_modified_time":"2025-08-18T20:45:33+00:00","og_image":[{"width":800,"height":600,"url":"https:\/\/produncan.cl\/wp-content\/uploads\/2023\/07\/Parcela-Las-Cumbres-Vendido.webp","type":"image\/webp"}],"twitter_card":"summary_large_image","twitter_misc":{"Price":"","Availability":"Out of stock"},"schema":{"@context":"https:\/\/schema.org","@graph":[{"@type":"WebPage","@id":"https:\/\/produncan.cl\/de\/produkt\/parzelle-las-cumbres-puerto-varas-region-los-lagos\/","url":"https:\/\/produncan.cl\/de\/produkt\/parzelle-las-cumbres-puerto-varas-region-los-lagos\/","name":"Grundst\u00fcck zu verkaufen Las Cumbres - Puerto Varas - Produncan","isPartOf":{"@id":"https:\/\/produncan.cl\/de\/#website"},"primaryImageOfPage":{"@id":"https:\/\/produncan.cl\/de\/produkt\/parzelle-las-cumbres-puerto-varas-region-los-lagos\/#primaryimage"},"image":{"@id":"https:\/\/produncan.cl\/de\/produkt\/parzelle-las-cumbres-puerto-varas-region-los-lagos\/#primaryimage"},"thumbnailUrl":"https:\/\/produncan.cl\/wp-content\/uploads\/2023\/07\/Parcela-Las-Cumbres-Vendido.webp","datePublished":"2023-07-05T14:54:50+00:00","dateModified":"2025-08-18T20:45:33+00:00","description":"Grundst\u00fcck in Puerto Varas in einem konsolidierten Projekt von 5458m\u00b2 mit unterirdischem Strom, Trinkwasser, Glasfaserkabel, einem Bach und einem gemeinschaftlichen Grillplatz.","breadcrumb":{"@id":"https:\/\/produncan.cl\/de\/produkt\/parzelle-las-cumbres-puerto-varas-region-los-lagos\/#breadcrumb"},"inLanguage":"de-DE","potentialAction":[{"@type":"ReadAction","target":["https:\/\/produncan.cl\/de\/produkt\/parzelle-las-cumbres-puerto-varas-region-los-lagos\/"]}]},{"@type":"ImageObject","inLanguage":"de-DE","@id":"https:\/\/produncan.cl\/de\/produkt\/parzelle-las-cumbres-puerto-varas-region-los-lagos\/#primaryimage","url":"https:\/\/produncan.cl\/wp-content\/uploads\/2023\/07\/Parcela-Las-Cumbres-Vendido.webp","contentUrl":"https:\/\/produncan.cl\/wp-content\/uploads\/2023\/07\/Parcela-Las-Cumbres-Vendido.webp","width":800,"height":600},{"@type":"BreadcrumbList","@id":"https:\/\/produncan.cl\/de\/produkt\/parzelle-las-cumbres-puerto-varas-region-los-lagos\/#breadcrumb","itemListElement":[{"@type":"ListItem","position":1,"name":"Inicio","item":"https:\/\/produncan.cl\/de\/"},{"@type":"ListItem","position":2,"name":"Eigenschaften","item":"https:\/\/produncan.cl\/propiedades\/"},{"@type":"ListItem","position":3,"name":"Grundst\u00fccke","item":"https:\/\/produncan.cl\/de\/kategorie\/grundstuecke\/"},{"@type":"ListItem","position":4,"name":"Grundst\u00fcck in Puerto Varas &#8211; Las Cumbres, Seengebiet"}]},{"@type":"WebSite","@id":"https:\/\/produncan.cl\/de\/#website","url":"https:\/\/produncan.cl\/de\/","name":"Produncan","description":"Wir begleiten Sie bei Ihrem Lebensprojekt!","publisher":{"@id":"https:\/\/produncan.cl\/de\/#organization"},"potentialAction":[{"@type":"SearchAction","target":{"@type":"EntryPoint","urlTemplate":"https:\/\/produncan.cl\/de\/?s={search_term_string}"},"query-input":{"@type":"PropertyValueSpecification","valueRequired":true,"valueName":"search_term_string"}}],"inLanguage":"de-DE"},{"@type":"Organization","@id":"https:\/\/produncan.cl\/de\/#organization","name":"Produncan","url":"https:\/\/produncan.cl\/de\/","logo":{"@type":"ImageObject","inLanguage":"de-DE","@id":"https:\/\/produncan.cl\/de\/#\/schema\/logo\/image\/","url":"https:\/\/produncan.cl\/wp-content\/uploads\/2021\/03\/LOGO.jpeg","contentUrl":"https:\/\/produncan.cl\/wp-content\/uploads\/2021\/03\/LOGO.jpeg","width":1280,"height":903,"caption":"Produncan"},"image":{"@id":"https:\/\/produncan.cl\/de\/#\/schema\/logo\/image\/"},"sameAs":["https:\/\/web.facebook.com\/produncanland","https:\/\/www.instagram.com\/pro_duncan\/","https:\/\/www.linkedin.com\/company\/produncan-lands\/","https:\/\/www.youtube.com\/channel\/UCu7N-f3x0svkazD-Eew1-QQ"],"description":"En Produncan somos especialistas en la venta de terrenos en el sur de Chile. Proveemos estancias, campos, parcelas y hoteles.","email":"info@produncan.cl"}]},"og_video":"https:\/\/www.youtube.com\/embed\/NetWXWVSYew","og_video_type":"text\/html","og_video_duration":"73","og_video_width":"480","og_video_height":"360","ya_ovs_adult":"false","ya_ovs_upload_date":"2023-07-05T14:54:50+00:00","ya_ovs_allow_embed":"true","product_price_currency":"USD","og_availability":"out of stock","product_availability":"out of stock","product_condition":"new"},"_links":{"self":[{"href":"https:\/\/produncan.cl\/de\/wp-json\/wp\/v2\/product\/16606","targetHints":{"allow":["GET"]}}],"collection":[{"href":"https:\/\/produncan.cl\/de\/wp-json\/wp\/v2\/product"}],"about":[{"href":"https:\/\/produncan.cl\/de\/wp-json\/wp\/v2\/types\/product"}],"version-history":[{"count":0,"href":"https:\/\/produncan.cl\/de\/wp-json\/wp\/v2\/product\/16606\/revisions"}],"wp:featuredmedia":[{"embeddable":true,"href":"https:\/\/produncan.cl\/de\/wp-json\/wp\/v2\/media\/39941"}],"wp:attachment":[{"href":"https:\/\/produncan.cl\/de\/wp-json\/wp\/v2\/media?parent=16606"}],"wp:term":[{"taxonomy":"product_brand","embeddable":true,"href":"https:\/\/produncan.cl\/de\/wp-json\/wp\/v2\/product_brand?post=16606"},{"taxonomy":"product_cat","embeddable":true,"href":"https:\/\/produncan.cl\/de\/wp-json\/wp\/v2\/product_cat?post=16606"},{"taxonomy":"product_tag","embeddable":true,"href":"https:\/\/produncan.cl\/de\/wp-json\/wp\/v2\/product_tag?post=16606"},{"taxonomy":"regiones","embeddable":true,"href":"https:\/\/produncan.cl\/de\/wp-json\/wp\/v2\/regiones?post=16606"},{"taxonomy":"ciudades","embeddable":true,"href":"https:\/\/produncan.cl\/de\/wp-json\/wp\/v2\/ciudades?post=16606"}],"curies":[{"name":"wp","href":"https:\/\/api.w.org\/{rel}","templated":true}]}}