{"id":16760,"date":"2023-07-05T18:43:30","date_gmt":"2023-07-05T22:43:30","guid":{"rendered":"https:\/\/produncan.cl\/producto\/grundstuecke-loncotoro-llanquihue-seengebiet\/"},"modified":"2025-12-26T17:18:46","modified_gmt":"2025-12-26T20:18:46","slug":"grundstuecke-loncotoro-llanquihue-seengebiet","status":"publish","type":"product","link":"https:\/\/produncan.cl\/de\/produkt\/grundstuecke-loncotoro-llanquihue-seengebiet\/","title":{"rendered":"Grundst\u00fccke in Llanquihue &#8211; Loncotoro, Region der Seen"},"content":{"rendered":"\t\t<div data-elementor-type=\"product-post\" data-elementor-id=\"16760\" class=\"elementor elementor-16760 elementor-16259\" data-elementor-post-type=\"product\">\n\t\t\t\t<div class=\"elementor-element elementor-element-2c70002 e-flex e-con-boxed e-con e-parent\" data-id=\"2c70002\" data-element_type=\"container\" data-e-type=\"container\" data-settings=\"{&quot;jet_parallax_layout_list&quot;:[]}\">\n\t\t\t\t\t<div class=\"e-con-inner\">\n\t\t\t\t<div class=\"elementor-element elementor-element-495d42a elementor-widget elementor-widget-heading\" data-id=\"495d42a\" data-element_type=\"widget\" data-e-type=\"widget\" data-widget_type=\"heading.default\">\n\t\t\t\t\t<h2 class=\"elementor-heading-title elementor-size-default\">Grundst\u00fccke mit perfekten Wiesen und bester Aussicht in der N\u00e4he von Frutillar und Puerto Varas.<\/h2>\t\t\t\t<\/div>\n\t\t\t\t\t<\/div>\n\t\t\t\t<\/div>\n\t\t<div class=\"elementor-element elementor-element-a704c2b e-flex e-con-boxed e-con e-parent\" data-id=\"a704c2b\" data-element_type=\"container\" data-e-type=\"container\" data-settings=\"{&quot;jet_parallax_layout_list&quot;:[]}\">\n\t\t\t\t\t<div class=\"e-con-inner\">\n\t\t\t\t<div class=\"elementor-element elementor-element-cceb1b2 elementor-widget elementor-widget-text-editor\" data-id=\"cceb1b2\" data-element_type=\"widget\" data-e-type=\"widget\" data-widget_type=\"text-editor.default\">\n\t\t\t\t\t\t\t\t\t<p>Parcelas Loncotoro ist ein Projekt mit Grundst\u00fccken ab 5000 m2 mit eigenem Grundbuch, 27 km von Frutillar und Puerto Varas entfernt, und mit direkter Zahlungsm\u00f6glichkeit durch die Immobilienagentur.<\/p>\n<p>Das Wohnprojekt zeichnet sich durch \u00fcberwiegend flaches Land aus, das von W\u00e4ldern und Wiesen umgeben ist und einen Blick auf die Vulkane Osorno, Calbuco und Puntiagudo bietet.<\/p>\n<p>Das Projekt umfasst Stra\u00dfen, Strom- und Trinkwasseranschl\u00fcsse f\u00fcr jedes Grundst\u00fcck. Die Arbeiten werden im April 2024 f\u00fcr Phase I und zwischen Juli und Dezember 2025 f\u00fcr Phase II abgeschlossen sein.<\/p>\n<p>Der Zugang zum Projekt erfolgt \u00fcber die Route 5, dann \u00fcber eine geteerte Stra\u00dfe in Richtung Westen und schlie\u00dflich \u00fcber eine Schotterstra\u00dfe in gutem Zustand bis zum Eingang.<\/p>\n<p>Mehrere Touristenattraktionen und Seen sind leicht zu erreichen. Sie k\u00f6nnen auch an einer Vielzahl von Aktivit\u00e4ten teilnehmen, wie z. B. Sportfischen, Wandern, Radfahren, Wassersport, Flussabfahrten und die Str\u00e4nde sowie die gastronomische Vielfalt der St\u00e4dte Puerto Varas und Frutillar genie\u00dfen.<\/p>\n<p>In der Flora findet man einheimische Arten wie Tepas, Zimtb\u00e4ume, Ma\u00f1\u00edos und andere, sowie niedrige Pflanzen wie bl\u00fchende Str\u00e4ucher. Und in der Fauna finden Sie eine gro\u00dfe Vielfalt von V\u00f6geln, sowohl einheimische V\u00f6gel wie Chucaos, Trailer, Bandurrias, und auch Zugv\u00f6gel nach Saison, innerhalb der terrestrischen Fauna k\u00f6nnen Sie beobachten, F\u00fcchse, Gato Gui\u00f1a, unter anderem.<\/p>\n<p>Die Topographie des Gel\u00e4ndes ist \u00fcberwiegend flach, so dass Sie Ihr Traumhaus problemlos bauen k\u00f6nnen. Sie werden auch die Quellen und andere Wasserl\u00e4ufe genie\u00dfen k\u00f6nnen, die durch die zentralen Parzellen des Projekts flie\u00dfen;<\/p>\n<p>Die Preise sind g\u00fcnstig, da es sich um einen Sektor handelt, der immer st\u00e4rker nachgefragt wird.<\/p>\n<p>Was die Zahlungsmodalit\u00e4ten betrifft, so haben Sie die M\u00f6glichkeit, in bar zu bezahlen und einen Rabatt von 10 % zu erhalten. Sie k\u00f6nnen sich auch f\u00fcr einen Direktkredit entscheiden, mit unterschiedlichen Prozents\u00e4tzen und Laufzeiten, die Ihren Bed\u00fcrfnissen entsprechen.<\/p>\n<p>WENN SIE DIE N\u00c4HE ZUR ROUTE 5 SUCHEN, ZWISCHEN FRUTILLAR UND PUERTO VARAS WOHNEN WOLLEN UND EINE SCH\u00d6NE AUSSICHT HABEN WOLLEN, IST DIES IHR ORT!<\/p>\n\t\t\t\t\t\t\t\t<\/div>\n\t\t\t\t\t<\/div>\n\t\t\t\t<\/div>\n\t\t\t\t<\/div>\n\t\t","protected":false},"excerpt":{"rendered":"<p>Flache Grundst\u00fccke in Llanquihue mit Wiesen und Bergblick in der N\u00e4he von Frutillar und Puerto Varas. Mit asphaltiertem Zugang und allen Dienstleistungen bis 2024.<\/p>\n","protected":false},"featured_media":16647,"template":"","meta":{"_acf_changed":false},"product_brand":[],"product_cat":[104],"product_tag":[232],"regiones":[226],"ciudades":[228,229,219],"class_list":{"0":"post-16760","1":"product","2":"type-product","3":"status-publish","4":"has-post-thumbnail","6":"product_cat-ohiggins-los-lagos","7":"product_tag-grundstuecke","8":"regiones-nuble-los_lagos","9":"ciudades-frutillar","10":"ciudades-llanquihue","11":"ciudades-puerto-varas","13":"first","14":"instock","15":"shipping-taxable","16":"purchasable","17":"product-type-simple"},"acf":[],"yoast_head":"<!-- This site is optimized with the Yoast SEO Premium plugin v26.0 (Yoast SEO v27.3) - https:\/\/yoast.com\/product\/yoast-seo-premium-wordpress\/ -->\n<title>Grundst\u00fccke Loncotoro Llanquihue - Regi\u00f3n de Los Lagos - Produncan<\/title>\n<meta name=\"description\" content=\"Grundst\u00fccke Loncotoro in Llanquihue, perfekte Weiden und Blick auf die Vulkane. Zwischen Frutillar und Puerto Varas, in der N\u00e4he der Ruta 5. Ideal f\u00fcr Ihr eigenes Haus.\" \/>\n<meta name=\"robots\" content=\"index, follow, max-snippet:-1, max-image-preview:large, max-video-preview:-1\" \/>\n<link rel=\"canonical\" href=\"https:\/\/produncan.cl\/de\/produkt\/grundstuecke-loncotoro-llanquihue-seengebiet\/\" \/>\n<meta property=\"og:locale\" content=\"de_DE\" \/>\n<meta property=\"og:type\" content=\"article\" \/>\n<meta property=\"og:title\" content=\"Grundst\u00fccke in Llanquihue - Loncotoro, Region der Seen\" \/>\n<meta property=\"og:description\" content=\"Grundst\u00fccke Loncotoro in Llanquihue, perfekte Weiden und Blick auf die Vulkane. Zwischen Frutillar und Puerto Varas, in der N\u00e4he der Ruta 5. Ideal f\u00fcr Ihr eigenes Haus.\" \/>\n<meta property=\"og:url\" content=\"https:\/\/produncan.cl\/de\/produkt\/grundstuecke-loncotoro-llanquihue-seengebiet\/\" \/>\n<meta property=\"og:site_name\" content=\"Produncan\" \/>\n<meta property=\"article:publisher\" content=\"https:\/\/web.facebook.com\/produncanland\" \/>\n<meta property=\"article:modified_time\" content=\"2025-12-26T20:18:46+00:00\" \/>\n<meta property=\"og:image\" content=\"https:\/\/produncan.cl\/wp-content\/uploads\/2023\/07\/Parcelas-en-venta-en-Llanquihue-Loncotoro.webp\" \/>\n\t<meta property=\"og:image:width\" content=\"600\" \/>\n\t<meta property=\"og:image:height\" content=\"450\" \/>\n\t<meta property=\"og:image:type\" content=\"image\/webp\" \/>\n<meta name=\"twitter:card\" content=\"summary_large_image\" \/>\n<meta name=\"twitter:label1\" content=\"Price\" \/>\n\t<meta name=\"twitter:data1\" content=\"USD37.600,00\" \/>\n\t<meta name=\"twitter:label2\" content=\"Availability\" \/>\n\t<meta name=\"twitter:data2\" content=\"In stock\" \/>\n<script type=\"application\/ld+json\" class=\"yoast-schema-graph\">{\"@context\":\"https:\\\/\\\/schema.org\",\"@graph\":[{\"@type\":\"WebPage\",\"@id\":\"https:\\\/\\\/produncan.cl\\\/de\\\/produkt\\\/grundstuecke-loncotoro-llanquihue-seengebiet\\\/\",\"url\":\"https:\\\/\\\/produncan.cl\\\/de\\\/produkt\\\/grundstuecke-loncotoro-llanquihue-seengebiet\\\/\",\"name\":\"Grundst\u00fccke Loncotoro Llanquihue - Regi\u00f3n de Los Lagos - Produncan\",\"isPartOf\":{\"@id\":\"https:\\\/\\\/produncan.cl\\\/de\\\/#website\"},\"primaryImageOfPage\":{\"@id\":\"https:\\\/\\\/produncan.cl\\\/de\\\/produkt\\\/grundstuecke-loncotoro-llanquihue-seengebiet\\\/#primaryimage\"},\"image\":{\"@id\":\"https:\\\/\\\/produncan.cl\\\/de\\\/produkt\\\/grundstuecke-loncotoro-llanquihue-seengebiet\\\/#primaryimage\"},\"thumbnailUrl\":\"https:\\\/\\\/produncan.cl\\\/wp-content\\\/uploads\\\/2023\\\/07\\\/Parcelas-en-venta-en-Llanquihue-Loncotoro.webp\",\"datePublished\":\"2023-07-05T22:43:30+00:00\",\"dateModified\":\"2025-12-26T20:18:46+00:00\",\"description\":\"Grundst\u00fccke Loncotoro in Llanquihue, perfekte Weiden und Blick auf die Vulkane. Zwischen Frutillar und Puerto Varas, in der N\u00e4he der Ruta 5. Ideal f\u00fcr Ihr eigenes Haus.\",\"breadcrumb\":{\"@id\":\"https:\\\/\\\/produncan.cl\\\/de\\\/produkt\\\/grundstuecke-loncotoro-llanquihue-seengebiet\\\/#breadcrumb\"},\"inLanguage\":\"de-DE\",\"potentialAction\":[{\"@type\":\"ReadAction\",\"target\":[\"https:\\\/\\\/produncan.cl\\\/de\\\/produkt\\\/grundstuecke-loncotoro-llanquihue-seengebiet\\\/\"]}]},{\"@type\":\"ImageObject\",\"inLanguage\":\"de-DE\",\"@id\":\"https:\\\/\\\/produncan.cl\\\/de\\\/produkt\\\/grundstuecke-loncotoro-llanquihue-seengebiet\\\/#primaryimage\",\"url\":\"https:\\\/\\\/produncan.cl\\\/wp-content\\\/uploads\\\/2023\\\/07\\\/Parcelas-en-venta-en-Llanquihue-Loncotoro.webp\",\"contentUrl\":\"https:\\\/\\\/produncan.cl\\\/wp-content\\\/uploads\\\/2023\\\/07\\\/Parcelas-en-venta-en-Llanquihue-Loncotoro.webp\",\"width\":600,\"height\":450,\"caption\":\"Grundst\u00fcck zum Verkauf in Llanquihue Loncotoro\"},{\"@type\":\"BreadcrumbList\",\"@id\":\"https:\\\/\\\/produncan.cl\\\/de\\\/produkt\\\/grundstuecke-loncotoro-llanquihue-seengebiet\\\/#breadcrumb\",\"itemListElement\":[{\"@type\":\"ListItem\",\"position\":1,\"name\":\"Inicio\",\"item\":\"https:\\\/\\\/produncan.cl\\\/de\\\/\"},{\"@type\":\"ListItem\",\"position\":2,\"name\":\"Eigenschaften\",\"item\":\"https:\\\/\\\/produncan.cl\\\/propiedades\\\/\"},{\"@type\":\"ListItem\",\"position\":3,\"name\":\"Grundst\u00fccke\",\"item\":\"https:\\\/\\\/produncan.cl\\\/de\\\/kategorie\\\/grundstuecke\\\/\"},{\"@type\":\"ListItem\",\"position\":4,\"name\":\"Grundst\u00fccke in Llanquihue &#8211; Loncotoro, Region der Seen\"}]},{\"@type\":\"WebSite\",\"@id\":\"https:\\\/\\\/produncan.cl\\\/de\\\/#website\",\"url\":\"https:\\\/\\\/produncan.cl\\\/de\\\/\",\"name\":\"Produncan\",\"description\":\"Wir begleiten Sie bei Ihrem Lebensprojekt!\",\"publisher\":{\"@id\":\"https:\\\/\\\/produncan.cl\\\/de\\\/#organization\"},\"potentialAction\":[{\"@type\":\"SearchAction\",\"target\":{\"@type\":\"EntryPoint\",\"urlTemplate\":\"https:\\\/\\\/produncan.cl\\\/de\\\/?s={search_term_string}\"},\"query-input\":{\"@type\":\"PropertyValueSpecification\",\"valueRequired\":true,\"valueName\":\"search_term_string\"}}],\"inLanguage\":\"de-DE\"},{\"@type\":\"Organization\",\"@id\":\"https:\\\/\\\/produncan.cl\\\/de\\\/#organization\",\"name\":\"Produncan\",\"url\":\"https:\\\/\\\/produncan.cl\\\/de\\\/\",\"logo\":{\"@type\":\"ImageObject\",\"inLanguage\":\"de-DE\",\"@id\":\"https:\\\/\\\/produncan.cl\\\/de\\\/#\\\/schema\\\/logo\\\/image\\\/\",\"url\":\"https:\\\/\\\/produncan.cl\\\/wp-content\\\/uploads\\\/2021\\\/03\\\/LOGO.jpeg\",\"contentUrl\":\"https:\\\/\\\/produncan.cl\\\/wp-content\\\/uploads\\\/2021\\\/03\\\/LOGO.jpeg\",\"width\":1280,\"height\":903,\"caption\":\"Produncan\"},\"image\":{\"@id\":\"https:\\\/\\\/produncan.cl\\\/de\\\/#\\\/schema\\\/logo\\\/image\\\/\"},\"sameAs\":[\"https:\\\/\\\/web.facebook.com\\\/produncanland\",\"https:\\\/\\\/www.instagram.com\\\/pro_duncan\\\/\",\"https:\\\/\\\/www.linkedin.com\\\/company\\\/produncan-lands\\\/\",\"https:\\\/\\\/www.youtube.com\\\/channel\\\/UCu7N-f3x0svkazD-Eew1-QQ\"],\"description\":\"En Produncan somos especialistas en la venta de terrenos en el sur de Chile. Proveemos estancias, campos, parcelas y hoteles.\",\"email\":\"info@produncan.cl\"}]}<\/script>\n<meta property=\"og:video\" content=\"https:\/\/www.youtube.com\/embed\/RLvC2LE4oNs\" \/>\n<meta property=\"og:video:type\" content=\"text\/html\" \/>\n<meta property=\"og:video:duration\" content=\"78\" \/>\n<meta property=\"og:video:width\" content=\"480\" \/>\n<meta property=\"og:video:height\" content=\"360\" \/>\n<meta property=\"ya:ovs:adult\" content=\"false\" \/>\n<meta property=\"ya:ovs:upload_date\" content=\"2023-07-05T22:43:30+00:00\" \/>\n<meta property=\"ya:ovs:allow_embed\" content=\"true\" \/>\n<meta property=\"product:price:amount\" content=\"37600.00\" \/>\n<meta property=\"product:price:currency\" content=\"USD\" \/>\n<meta property=\"og:availability\" content=\"instock\" \/>\n<meta property=\"product:availability\" content=\"instock\" \/>\n<meta property=\"product:condition\" content=\"new\" \/>\n<!-- \/ Yoast SEO Premium plugin. -->","yoast_head_json":{"title":"Grundst\u00fccke Loncotoro Llanquihue - Regi\u00f3n de Los Lagos - Produncan","description":"Grundst\u00fccke Loncotoro in Llanquihue, perfekte Weiden und Blick auf die Vulkane. Zwischen Frutillar und Puerto Varas, in der N\u00e4he der Ruta 5. Ideal f\u00fcr Ihr eigenes Haus.","robots":{"index":"index","follow":"follow","max-snippet":"max-snippet:-1","max-image-preview":"max-image-preview:large","max-video-preview":"max-video-preview:-1"},"canonical":"https:\/\/produncan.cl\/de\/produkt\/grundstuecke-loncotoro-llanquihue-seengebiet\/","og_locale":"de_DE","og_type":"article","og_title":"Grundst\u00fccke in Llanquihue - Loncotoro, Region der Seen","og_description":"Grundst\u00fccke Loncotoro in Llanquihue, perfekte Weiden und Blick auf die Vulkane. Zwischen Frutillar und Puerto Varas, in der N\u00e4he der Ruta 5. Ideal f\u00fcr Ihr eigenes Haus.","og_url":"https:\/\/produncan.cl\/de\/produkt\/grundstuecke-loncotoro-llanquihue-seengebiet\/","og_site_name":"Produncan","article_publisher":"https:\/\/web.facebook.com\/produncanland","article_modified_time":"2025-12-26T20:18:46+00:00","og_image":[{"width":600,"height":450,"url":"https:\/\/produncan.cl\/wp-content\/uploads\/2023\/07\/Parcelas-en-venta-en-Llanquihue-Loncotoro.webp","type":"image\/webp"}],"twitter_card":"summary_large_image","twitter_misc":{"Price":"USD37.600,00","Availability":"In stock"},"schema":{"@context":"https:\/\/schema.org","@graph":[{"@type":"WebPage","@id":"https:\/\/produncan.cl\/de\/produkt\/grundstuecke-loncotoro-llanquihue-seengebiet\/","url":"https:\/\/produncan.cl\/de\/produkt\/grundstuecke-loncotoro-llanquihue-seengebiet\/","name":"Grundst\u00fccke Loncotoro Llanquihue - Regi\u00f3n de Los Lagos - Produncan","isPartOf":{"@id":"https:\/\/produncan.cl\/de\/#website"},"primaryImageOfPage":{"@id":"https:\/\/produncan.cl\/de\/produkt\/grundstuecke-loncotoro-llanquihue-seengebiet\/#primaryimage"},"image":{"@id":"https:\/\/produncan.cl\/de\/produkt\/grundstuecke-loncotoro-llanquihue-seengebiet\/#primaryimage"},"thumbnailUrl":"https:\/\/produncan.cl\/wp-content\/uploads\/2023\/07\/Parcelas-en-venta-en-Llanquihue-Loncotoro.webp","datePublished":"2023-07-05T22:43:30+00:00","dateModified":"2025-12-26T20:18:46+00:00","description":"Grundst\u00fccke Loncotoro in Llanquihue, perfekte Weiden und Blick auf die Vulkane. Zwischen Frutillar und Puerto Varas, in der N\u00e4he der Ruta 5. Ideal f\u00fcr Ihr eigenes Haus.","breadcrumb":{"@id":"https:\/\/produncan.cl\/de\/produkt\/grundstuecke-loncotoro-llanquihue-seengebiet\/#breadcrumb"},"inLanguage":"de-DE","potentialAction":[{"@type":"ReadAction","target":["https:\/\/produncan.cl\/de\/produkt\/grundstuecke-loncotoro-llanquihue-seengebiet\/"]}]},{"@type":"ImageObject","inLanguage":"de-DE","@id":"https:\/\/produncan.cl\/de\/produkt\/grundstuecke-loncotoro-llanquihue-seengebiet\/#primaryimage","url":"https:\/\/produncan.cl\/wp-content\/uploads\/2023\/07\/Parcelas-en-venta-en-Llanquihue-Loncotoro.webp","contentUrl":"https:\/\/produncan.cl\/wp-content\/uploads\/2023\/07\/Parcelas-en-venta-en-Llanquihue-Loncotoro.webp","width":600,"height":450,"caption":"Grundst\u00fcck zum Verkauf in Llanquihue Loncotoro"},{"@type":"BreadcrumbList","@id":"https:\/\/produncan.cl\/de\/produkt\/grundstuecke-loncotoro-llanquihue-seengebiet\/#breadcrumb","itemListElement":[{"@type":"ListItem","position":1,"name":"Inicio","item":"https:\/\/produncan.cl\/de\/"},{"@type":"ListItem","position":2,"name":"Eigenschaften","item":"https:\/\/produncan.cl\/propiedades\/"},{"@type":"ListItem","position":3,"name":"Grundst\u00fccke","item":"https:\/\/produncan.cl\/de\/kategorie\/grundstuecke\/"},{"@type":"ListItem","position":4,"name":"Grundst\u00fccke in Llanquihue &#8211; Loncotoro, Region der Seen"}]},{"@type":"WebSite","@id":"https:\/\/produncan.cl\/de\/#website","url":"https:\/\/produncan.cl\/de\/","name":"Produncan","description":"Wir begleiten Sie bei Ihrem Lebensprojekt!","publisher":{"@id":"https:\/\/produncan.cl\/de\/#organization"},"potentialAction":[{"@type":"SearchAction","target":{"@type":"EntryPoint","urlTemplate":"https:\/\/produncan.cl\/de\/?s={search_term_string}"},"query-input":{"@type":"PropertyValueSpecification","valueRequired":true,"valueName":"search_term_string"}}],"inLanguage":"de-DE"},{"@type":"Organization","@id":"https:\/\/produncan.cl\/de\/#organization","name":"Produncan","url":"https:\/\/produncan.cl\/de\/","logo":{"@type":"ImageObject","inLanguage":"de-DE","@id":"https:\/\/produncan.cl\/de\/#\/schema\/logo\/image\/","url":"https:\/\/produncan.cl\/wp-content\/uploads\/2021\/03\/LOGO.jpeg","contentUrl":"https:\/\/produncan.cl\/wp-content\/uploads\/2021\/03\/LOGO.jpeg","width":1280,"height":903,"caption":"Produncan"},"image":{"@id":"https:\/\/produncan.cl\/de\/#\/schema\/logo\/image\/"},"sameAs":["https:\/\/web.facebook.com\/produncanland","https:\/\/www.instagram.com\/pro_duncan\/","https:\/\/www.linkedin.com\/company\/produncan-lands\/","https:\/\/www.youtube.com\/channel\/UCu7N-f3x0svkazD-Eew1-QQ"],"description":"En Produncan somos especialistas en la venta de terrenos en el sur de Chile. Proveemos estancias, campos, parcelas y hoteles.","email":"info@produncan.cl"}]},"og_video":"https:\/\/www.youtube.com\/embed\/RLvC2LE4oNs","og_video_type":"text\/html","og_video_duration":"78","og_video_width":"480","og_video_height":"360","ya_ovs_adult":"false","ya_ovs_upload_date":"2023-07-05T22:43:30+00:00","ya_ovs_allow_embed":"true","product_price_amount":"37600.00","product_price_currency":"USD","og_availability":"instock","product_availability":"instock","product_condition":"new"},"_links":{"self":[{"href":"https:\/\/produncan.cl\/de\/wp-json\/wp\/v2\/product\/16760","targetHints":{"allow":["GET"]}}],"collection":[{"href":"https:\/\/produncan.cl\/de\/wp-json\/wp\/v2\/product"}],"about":[{"href":"https:\/\/produncan.cl\/de\/wp-json\/wp\/v2\/types\/product"}],"version-history":[{"count":2,"href":"https:\/\/produncan.cl\/de\/wp-json\/wp\/v2\/product\/16760\/revisions"}],"predecessor-version":[{"id":54116,"href":"https:\/\/produncan.cl\/de\/wp-json\/wp\/v2\/product\/16760\/revisions\/54116"}],"wp:featuredmedia":[{"embeddable":true,"href":"https:\/\/produncan.cl\/de\/wp-json\/wp\/v2\/media\/16647"}],"wp:attachment":[{"href":"https:\/\/produncan.cl\/de\/wp-json\/wp\/v2\/media?parent=16760"}],"wp:term":[{"taxonomy":"product_brand","embeddable":true,"href":"https:\/\/produncan.cl\/de\/wp-json\/wp\/v2\/product_brand?post=16760"},{"taxonomy":"product_cat","embeddable":true,"href":"https:\/\/produncan.cl\/de\/wp-json\/wp\/v2\/product_cat?post=16760"},{"taxonomy":"product_tag","embeddable":true,"href":"https:\/\/produncan.cl\/de\/wp-json\/wp\/v2\/product_tag?post=16760"},{"taxonomy":"regiones","embeddable":true,"href":"https:\/\/produncan.cl\/de\/wp-json\/wp\/v2\/regiones?post=16760"},{"taxonomy":"ciudades","embeddable":true,"href":"https:\/\/produncan.cl\/de\/wp-json\/wp\/v2\/ciudades?post=16760"}],"curies":[{"name":"wp","href":"https:\/\/api.w.org\/{rel}","templated":true}]}}