{"id":17482,"date":"2022-07-27T17:35:36","date_gmt":"2022-07-27T21:35:36","guid":{"rendered":"https:\/\/produncan.cl\/producto\/landhaus-villa-ohiggins-victoria-region-araucania\/"},"modified":"2025-12-26T17:29:20","modified_gmt":"2025-12-26T20:29:20","slug":"landhaus-villa-ohiggins-victoria-region-araucania","status":"publish","type":"product","link":"https:\/\/produncan.cl\/de\/produkt\/landhaus-villa-ohiggins-victoria-region-araucania\/","title":{"rendered":"Landhaus Villa O&#8217;Higgins &#8211; Victoria &#8211; Region Araucan\u00eda"},"content":{"rendered":"\t\t<div data-elementor-type=\"product-post\" data-elementor-id=\"17482\" class=\"elementor elementor-17482 elementor-17189\" data-elementor-post-type=\"product\">\n\t\t\t\t<div class=\"elementor-element elementor-element-c8f0638 e-flex e-con-boxed e-con e-parent\" data-id=\"c8f0638\" data-element_type=\"container\" data-e-type=\"container\" data-settings=\"{&quot;jet_parallax_layout_list&quot;:[]}\">\n\t\t\t\t\t<div class=\"e-con-inner\">\n\t\t\t\t<div class=\"elementor-element elementor-element-8f1e79f elementor-widget elementor-widget-heading\" data-id=\"8f1e79f\" data-element_type=\"widget\" data-e-type=\"widget\" data-widget_type=\"heading.default\">\n\t\t\t\t\t<h2 class=\"elementor-heading-title elementor-size-default\">Bauernhof zu verkaufen in Villa O'Higgins, Victoria, Region Araucan\u00eda<\/h2>\t\t\t\t<\/div>\n\t\t\t\t\t<\/div>\n\t\t\t\t<\/div>\n\t\t<div class=\"elementor-element elementor-element-74f5bc0 e-flex e-con-boxed e-con e-parent\" data-id=\"74f5bc0\" data-element_type=\"container\" data-e-type=\"container\" data-settings=\"{&quot;jet_parallax_layout_list&quot;:[]}\">\n\t\t\t\t\t<div class=\"e-con-inner\">\n\t\t\t\t<div class=\"elementor-element elementor-element-0569ea1 elementor-widget elementor-widget-text-editor\" data-id=\"0569ea1\" data-element_type=\"widget\" data-e-type=\"widget\" data-widget_type=\"text-editor.default\">\n\t\t\t\t\t\t\t\t\t<p>Diese bezaubernde Landschaft befindet sich im Sektor Villa O&#8217;Higgins, in der Gemeinde Victoria, Provinz Malleco, Region Araucan\u00eda; Das Grundst\u00fcck hat eine Fl\u00e4che von 47,8 Hektar und liegt 16 km vom Asphalt entfernt; Es gibt ein Asphaltierungsprojekt, bei dem das Land 2 km vom Asphalt entfernt bleiben w\u00fcrde; Auf dem Grundst\u00fcck befinden sich ein Haus, ein Schuppen, ein Weinkeller, ein Grillplatz, eine H\u00fctte und ein Holzschuppen;<\/p>\n<p><\/p>\n<p>Das Haus wurde im Jahr 2008 gebaut und hat eine Wohnfl\u00e4che von 143 m\u00b2; Das Haus verf\u00fcgt \u00fcber vier Schlafzimmer, alle mit eigenem Bad, f\u00fcnf B\u00e4der, eine Steinterrasse, eine Loggia, einen \u00fcberdachten Parkplatz, einen Keller, ein Gas-Warmwassersystem und ein langsames Heizsystem; Das Haus ist nach S\u00fcden ausgerichtet und hat keinen st\u00e4dtischen Empfang;<\/p>\n<p><\/p>\n<p>Die H\u00fctte ist klein und reparaturbed\u00fcrftig; Es verf\u00fcgt \u00fcber zwei Schlafzimmer, ein Badezimmer, eine offene K\u00fcche mit integriertem Esszimmer, ein Wohnzimmer, einen Warmwasserbereiter und einen Herd mit langsamer Verbrennung.<\/p>\n<p><\/p>\n<p>Der Hof verf\u00fcgt \u00fcber unterirdische Elektrizit\u00e4t, Brunnenwasser, 3 B\u00e4che, von denen 2 im Sommer versiegen, 5 Quellen, keine Wasserrechte, die Topographie ist flach mit leichten Schwankungen, der Zugang erfolgt direkt von einer Landstra\u00dfe aus, der Hof hat keine Dienstbarkeit f\u00fcr andere Grundst\u00fccke, es gibt keine Landwirtschaft oder Viehzucht;<\/p>\n<p><\/p>\n<p>Das Camp befindet sich in einer atemberaubenden nat\u00fcrlichen Umgebung, umgeben von einheimischen W\u00e4ldern und Bergen. Das Klima ist gem\u00e4\u00dfigt und angenehm, und die Tierwelt ist vielf\u00e4ltig;<\/p>\n<p><\/p>\n<p>In der Flora finden Sie Hagebutte, Maqui, Myrte, Haselnuss, Kastanie, Coihue, Hualle-Eiche, Ma\u00f1\u00edo, Radal und einige Kiefern; Was die Fauna betrifft, so findet man hier Pud\u00fa, Culpeo-Fuchs, Otter, Kondor, Adler, Andenkondor und Schwarzspecht;<\/p>\n<p><\/p>\n<p>Montags, mittwochs und freitags k\u00f6nnen Sie mit den \u00f6ffentlichen Verkehrsmitteln fahren, so dass Sie unbesorgt unterwegs sein k\u00f6nnen;<\/p>\n<p><\/p>\n<p>Das Grundst\u00fcck ist gut gelegen, in der N\u00e4he von mehreren touristischen Attraktionen, wie dem Nationalpark Tolhuaca, den hei\u00dfen Quellen von Malleco, Curacaut\u00edn, Malalcahuello, Corralco, Lonquimay und 16 km von der internationalen Stra\u00dfe entfernt.<\/p>\n<p><\/p>\n<p>Diese Landschaft ist ideal f\u00fcr diejenigen, die ein ruhiges Leben in Kontakt mit der Natur suchen;<\/p>\n<p><\/p>\n<p>Bitte kontaktieren Sie uns f\u00fcr weitere Informationen!<\/p>\t\t\t\t\t\t\t\t<\/div>\n\t\t\t\t\t<\/div>\n\t\t\t\t<\/div>\n\t\t\t\t<\/div>\n\t\t","protected":false},"excerpt":{"rendered":"<p>Bauernhof in Villa O&#8217;Higgins, Haus, Schuppen, unterirdischer Strom, Brunnen, Quellen.<\/p>\n","protected":false},"featured_media":17201,"template":"","meta":{"_acf_changed":false},"product_brand":[],"product_cat":[104],"product_tag":[235],"regiones":[226],"ciudades":[],"class_list":{"0":"post-17482","1":"product","2":"type-product","3":"status-publish","4":"has-post-thumbnail","6":"product_cat-ohiggins-los-lagos","7":"product_tag-felder","8":"regiones-nuble-los_lagos","10":"first","11":"instock","12":"shipping-taxable","13":"purchasable","14":"product-type-simple"},"acf":[],"yoast_head":"<!-- This site is optimized with the Yoast SEO Premium plugin v26.0 (Yoast SEO v27.3) - https:\/\/yoast.com\/product\/yoast-seo-premium-wordpress\/ -->\n<title>Landhaus Villa O&#039;Higgins - Victoria - Region Araucan\u00eda - Produncan<\/title>\n<meta name=\"description\" content=\"Landhaus Villa O&#039;Higgins ist ein wundersch\u00f6nes, 500 Hektar gro\u00dfes Anwesen in der Gemeinde Villa O&#039;Higgins in Chile Ideal f\u00fcr die Landwirtschaft, Viehzucht, den Tourismus und die Immobilienentwicklung. Derzeit im Verkauf.\" \/>\n<meta name=\"robots\" content=\"index, follow, max-snippet:-1, max-image-preview:large, max-video-preview:-1\" \/>\n<link rel=\"canonical\" href=\"https:\/\/produncan.cl\/de\/produkt\/landhaus-villa-ohiggins-victoria-region-araucania\/\" \/>\n<meta property=\"og:locale\" content=\"de_DE\" \/>\n<meta property=\"og:type\" content=\"article\" \/>\n<meta property=\"og:title\" content=\"Landhaus Villa O&#039;Higgins - Victoria - Region Araucan\u00eda\" \/>\n<meta property=\"og:description\" content=\"Landhaus Villa O&#039;Higgins ist ein wundersch\u00f6nes, 500 Hektar gro\u00dfes Anwesen in der Gemeinde Villa O&#039;Higgins in Chile Ideal f\u00fcr die Landwirtschaft, Viehzucht, den Tourismus und die Immobilienentwicklung. Derzeit im Verkauf.\" \/>\n<meta property=\"og:url\" content=\"https:\/\/produncan.cl\/de\/produkt\/landhaus-villa-ohiggins-victoria-region-araucania\/\" \/>\n<meta property=\"og:site_name\" content=\"Produncan\" \/>\n<meta property=\"article:publisher\" content=\"https:\/\/web.facebook.com\/produncanland\" \/>\n<meta property=\"article:modified_time\" content=\"2025-12-26T20:29:20+00:00\" \/>\n<meta property=\"og:image\" content=\"https:\/\/produncan.cl\/wp-content\/uploads\/2023\/07\/Campo-en-venta-en-Villa-OHiggins.webp\" \/>\n\t<meta property=\"og:image:width\" content=\"600\" \/>\n\t<meta property=\"og:image:height\" content=\"450\" \/>\n\t<meta property=\"og:image:type\" content=\"image\/webp\" \/>\n<meta name=\"twitter:card\" content=\"summary_large_image\" \/>\n<meta name=\"twitter:label1\" content=\"Price\" \/>\n\t<meta name=\"twitter:data1\" content=\"USD630.500,00\" \/>\n\t<meta name=\"twitter:label2\" content=\"Availability\" \/>\n\t<meta name=\"twitter:data2\" content=\"In stock\" \/>\n<script type=\"application\/ld+json\" class=\"yoast-schema-graph\">{\"@context\":\"https:\\\/\\\/schema.org\",\"@graph\":[{\"@type\":\"WebPage\",\"@id\":\"https:\\\/\\\/produncan.cl\\\/de\\\/produkt\\\/landhaus-villa-ohiggins-victoria-region-araucania\\\/\",\"url\":\"https:\\\/\\\/produncan.cl\\\/de\\\/produkt\\\/landhaus-villa-ohiggins-victoria-region-araucania\\\/\",\"name\":\"Landhaus Villa O'Higgins - Victoria - Region Araucan\u00eda - Produncan\",\"isPartOf\":{\"@id\":\"https:\\\/\\\/produncan.cl\\\/de\\\/#website\"},\"primaryImageOfPage\":{\"@id\":\"https:\\\/\\\/produncan.cl\\\/de\\\/produkt\\\/landhaus-villa-ohiggins-victoria-region-araucania\\\/#primaryimage\"},\"image\":{\"@id\":\"https:\\\/\\\/produncan.cl\\\/de\\\/produkt\\\/landhaus-villa-ohiggins-victoria-region-araucania\\\/#primaryimage\"},\"thumbnailUrl\":\"https:\\\/\\\/produncan.cl\\\/wp-content\\\/uploads\\\/2023\\\/07\\\/Campo-en-venta-en-Villa-OHiggins.webp\",\"datePublished\":\"2022-07-27T21:35:36+00:00\",\"dateModified\":\"2025-12-26T20:29:20+00:00\",\"description\":\"Landhaus Villa O'Higgins ist ein wundersch\u00f6nes, 500 Hektar gro\u00dfes Anwesen in der Gemeinde Villa O'Higgins in Chile Ideal f\u00fcr die Landwirtschaft, Viehzucht, den Tourismus und die Immobilienentwicklung. Derzeit im Verkauf.\",\"breadcrumb\":{\"@id\":\"https:\\\/\\\/produncan.cl\\\/de\\\/produkt\\\/landhaus-villa-ohiggins-victoria-region-araucania\\\/#breadcrumb\"},\"inLanguage\":\"de-DE\",\"potentialAction\":[{\"@type\":\"ReadAction\",\"target\":[\"https:\\\/\\\/produncan.cl\\\/de\\\/produkt\\\/landhaus-villa-ohiggins-victoria-region-araucania\\\/\"]}]},{\"@type\":\"ImageObject\",\"inLanguage\":\"de-DE\",\"@id\":\"https:\\\/\\\/produncan.cl\\\/de\\\/produkt\\\/landhaus-villa-ohiggins-victoria-region-araucania\\\/#primaryimage\",\"url\":\"https:\\\/\\\/produncan.cl\\\/wp-content\\\/uploads\\\/2023\\\/07\\\/Campo-en-venta-en-Villa-OHiggins.webp\",\"contentUrl\":\"https:\\\/\\\/produncan.cl\\\/wp-content\\\/uploads\\\/2023\\\/07\\\/Campo-en-venta-en-Villa-OHiggins.webp\",\"width\":600,\"height\":450},{\"@type\":\"BreadcrumbList\",\"@id\":\"https:\\\/\\\/produncan.cl\\\/de\\\/produkt\\\/landhaus-villa-ohiggins-victoria-region-araucania\\\/#breadcrumb\",\"itemListElement\":[{\"@type\":\"ListItem\",\"position\":1,\"name\":\"Inicio\",\"item\":\"https:\\\/\\\/produncan.cl\\\/de\\\/\"},{\"@type\":\"ListItem\",\"position\":2,\"name\":\"Eigenschaften\",\"item\":\"https:\\\/\\\/produncan.cl\\\/propiedades\\\/\"},{\"@type\":\"ListItem\",\"position\":3,\"name\":\"Felder\",\"item\":\"https:\\\/\\\/produncan.cl\\\/de\\\/kategorie\\\/felder\\\/\"},{\"@type\":\"ListItem\",\"position\":4,\"name\":\"Landhaus Villa O&#8217;Higgins &#8211; Victoria &#8211; Region Araucan\u00eda\"}]},{\"@type\":\"WebSite\",\"@id\":\"https:\\\/\\\/produncan.cl\\\/de\\\/#website\",\"url\":\"https:\\\/\\\/produncan.cl\\\/de\\\/\",\"name\":\"Produncan\",\"description\":\"Wir begleiten Sie bei Ihrem Lebensprojekt!\",\"publisher\":{\"@id\":\"https:\\\/\\\/produncan.cl\\\/de\\\/#organization\"},\"potentialAction\":[{\"@type\":\"SearchAction\",\"target\":{\"@type\":\"EntryPoint\",\"urlTemplate\":\"https:\\\/\\\/produncan.cl\\\/de\\\/?s={search_term_string}\"},\"query-input\":{\"@type\":\"PropertyValueSpecification\",\"valueRequired\":true,\"valueName\":\"search_term_string\"}}],\"inLanguage\":\"de-DE\"},{\"@type\":\"Organization\",\"@id\":\"https:\\\/\\\/produncan.cl\\\/de\\\/#organization\",\"name\":\"Produncan\",\"url\":\"https:\\\/\\\/produncan.cl\\\/de\\\/\",\"logo\":{\"@type\":\"ImageObject\",\"inLanguage\":\"de-DE\",\"@id\":\"https:\\\/\\\/produncan.cl\\\/de\\\/#\\\/schema\\\/logo\\\/image\\\/\",\"url\":\"https:\\\/\\\/produncan.cl\\\/wp-content\\\/uploads\\\/2021\\\/03\\\/LOGO.jpeg\",\"contentUrl\":\"https:\\\/\\\/produncan.cl\\\/wp-content\\\/uploads\\\/2021\\\/03\\\/LOGO.jpeg\",\"width\":1280,\"height\":903,\"caption\":\"Produncan\"},\"image\":{\"@id\":\"https:\\\/\\\/produncan.cl\\\/de\\\/#\\\/schema\\\/logo\\\/image\\\/\"},\"sameAs\":[\"https:\\\/\\\/web.facebook.com\\\/produncanland\",\"https:\\\/\\\/www.instagram.com\\\/pro_duncan\\\/\",\"https:\\\/\\\/www.linkedin.com\\\/company\\\/produncan-lands\\\/\",\"https:\\\/\\\/www.youtube.com\\\/channel\\\/UCu7N-f3x0svkazD-Eew1-QQ\"],\"description\":\"En Produncan somos especialistas en la venta de terrenos en el sur de Chile. Proveemos estancias, campos, parcelas y hoteles.\",\"email\":\"info@produncan.cl\"}]}<\/script>\n<meta property=\"og:video\" content=\"https:\/\/www.youtube.com\/embed\/-JALZjG2_sQ\" \/>\n<meta property=\"og:video:type\" content=\"text\/html\" \/>\n<meta property=\"og:video:duration\" content=\"91\" \/>\n<meta property=\"og:video:width\" content=\"480\" \/>\n<meta property=\"og:video:height\" content=\"360\" \/>\n<meta property=\"ya:ovs:adult\" content=\"false\" \/>\n<meta property=\"ya:ovs:upload_date\" content=\"2022-07-27T21:35:36+00:00\" \/>\n<meta property=\"ya:ovs:allow_embed\" content=\"true\" \/>\n<meta property=\"product:price:amount\" content=\"630500.00\" \/>\n<meta property=\"product:price:currency\" content=\"USD\" \/>\n<meta property=\"og:availability\" content=\"instock\" \/>\n<meta property=\"product:availability\" content=\"instock\" \/>\n<meta property=\"product:condition\" content=\"new\" \/>\n<!-- \/ Yoast SEO Premium plugin. -->","yoast_head_json":{"title":"Landhaus Villa O'Higgins - Victoria - Region Araucan\u00eda - Produncan","description":"Landhaus Villa O'Higgins ist ein wundersch\u00f6nes, 500 Hektar gro\u00dfes Anwesen in der Gemeinde Villa O'Higgins in Chile Ideal f\u00fcr die Landwirtschaft, Viehzucht, den Tourismus und die Immobilienentwicklung. Derzeit im Verkauf.","robots":{"index":"index","follow":"follow","max-snippet":"max-snippet:-1","max-image-preview":"max-image-preview:large","max-video-preview":"max-video-preview:-1"},"canonical":"https:\/\/produncan.cl\/de\/produkt\/landhaus-villa-ohiggins-victoria-region-araucania\/","og_locale":"de_DE","og_type":"article","og_title":"Landhaus Villa O'Higgins - Victoria - Region Araucan\u00eda","og_description":"Landhaus Villa O'Higgins ist ein wundersch\u00f6nes, 500 Hektar gro\u00dfes Anwesen in der Gemeinde Villa O'Higgins in Chile Ideal f\u00fcr die Landwirtschaft, Viehzucht, den Tourismus und die Immobilienentwicklung. Derzeit im Verkauf.","og_url":"https:\/\/produncan.cl\/de\/produkt\/landhaus-villa-ohiggins-victoria-region-araucania\/","og_site_name":"Produncan","article_publisher":"https:\/\/web.facebook.com\/produncanland","article_modified_time":"2025-12-26T20:29:20+00:00","og_image":[{"width":600,"height":450,"url":"https:\/\/produncan.cl\/wp-content\/uploads\/2023\/07\/Campo-en-venta-en-Villa-OHiggins.webp","type":"image\/webp"}],"twitter_card":"summary_large_image","twitter_misc":{"Price":"USD630.500,00","Availability":"In stock"},"schema":{"@context":"https:\/\/schema.org","@graph":[{"@type":"WebPage","@id":"https:\/\/produncan.cl\/de\/produkt\/landhaus-villa-ohiggins-victoria-region-araucania\/","url":"https:\/\/produncan.cl\/de\/produkt\/landhaus-villa-ohiggins-victoria-region-araucania\/","name":"Landhaus Villa O'Higgins - Victoria - Region Araucan\u00eda - Produncan","isPartOf":{"@id":"https:\/\/produncan.cl\/de\/#website"},"primaryImageOfPage":{"@id":"https:\/\/produncan.cl\/de\/produkt\/landhaus-villa-ohiggins-victoria-region-araucania\/#primaryimage"},"image":{"@id":"https:\/\/produncan.cl\/de\/produkt\/landhaus-villa-ohiggins-victoria-region-araucania\/#primaryimage"},"thumbnailUrl":"https:\/\/produncan.cl\/wp-content\/uploads\/2023\/07\/Campo-en-venta-en-Villa-OHiggins.webp","datePublished":"2022-07-27T21:35:36+00:00","dateModified":"2025-12-26T20:29:20+00:00","description":"Landhaus Villa O'Higgins ist ein wundersch\u00f6nes, 500 Hektar gro\u00dfes Anwesen in der Gemeinde Villa O'Higgins in Chile Ideal f\u00fcr die Landwirtschaft, Viehzucht, den Tourismus und die Immobilienentwicklung. Derzeit im Verkauf.","breadcrumb":{"@id":"https:\/\/produncan.cl\/de\/produkt\/landhaus-villa-ohiggins-victoria-region-araucania\/#breadcrumb"},"inLanguage":"de-DE","potentialAction":[{"@type":"ReadAction","target":["https:\/\/produncan.cl\/de\/produkt\/landhaus-villa-ohiggins-victoria-region-araucania\/"]}]},{"@type":"ImageObject","inLanguage":"de-DE","@id":"https:\/\/produncan.cl\/de\/produkt\/landhaus-villa-ohiggins-victoria-region-araucania\/#primaryimage","url":"https:\/\/produncan.cl\/wp-content\/uploads\/2023\/07\/Campo-en-venta-en-Villa-OHiggins.webp","contentUrl":"https:\/\/produncan.cl\/wp-content\/uploads\/2023\/07\/Campo-en-venta-en-Villa-OHiggins.webp","width":600,"height":450},{"@type":"BreadcrumbList","@id":"https:\/\/produncan.cl\/de\/produkt\/landhaus-villa-ohiggins-victoria-region-araucania\/#breadcrumb","itemListElement":[{"@type":"ListItem","position":1,"name":"Inicio","item":"https:\/\/produncan.cl\/de\/"},{"@type":"ListItem","position":2,"name":"Eigenschaften","item":"https:\/\/produncan.cl\/propiedades\/"},{"@type":"ListItem","position":3,"name":"Felder","item":"https:\/\/produncan.cl\/de\/kategorie\/felder\/"},{"@type":"ListItem","position":4,"name":"Landhaus Villa O&#8217;Higgins &#8211; Victoria &#8211; Region Araucan\u00eda"}]},{"@type":"WebSite","@id":"https:\/\/produncan.cl\/de\/#website","url":"https:\/\/produncan.cl\/de\/","name":"Produncan","description":"Wir begleiten Sie bei Ihrem Lebensprojekt!","publisher":{"@id":"https:\/\/produncan.cl\/de\/#organization"},"potentialAction":[{"@type":"SearchAction","target":{"@type":"EntryPoint","urlTemplate":"https:\/\/produncan.cl\/de\/?s={search_term_string}"},"query-input":{"@type":"PropertyValueSpecification","valueRequired":true,"valueName":"search_term_string"}}],"inLanguage":"de-DE"},{"@type":"Organization","@id":"https:\/\/produncan.cl\/de\/#organization","name":"Produncan","url":"https:\/\/produncan.cl\/de\/","logo":{"@type":"ImageObject","inLanguage":"de-DE","@id":"https:\/\/produncan.cl\/de\/#\/schema\/logo\/image\/","url":"https:\/\/produncan.cl\/wp-content\/uploads\/2021\/03\/LOGO.jpeg","contentUrl":"https:\/\/produncan.cl\/wp-content\/uploads\/2021\/03\/LOGO.jpeg","width":1280,"height":903,"caption":"Produncan"},"image":{"@id":"https:\/\/produncan.cl\/de\/#\/schema\/logo\/image\/"},"sameAs":["https:\/\/web.facebook.com\/produncanland","https:\/\/www.instagram.com\/pro_duncan\/","https:\/\/www.linkedin.com\/company\/produncan-lands\/","https:\/\/www.youtube.com\/channel\/UCu7N-f3x0svkazD-Eew1-QQ"],"description":"En Produncan somos especialistas en la venta de terrenos en el sur de Chile. Proveemos estancias, campos, parcelas y hoteles.","email":"info@produncan.cl"}]},"og_video":"https:\/\/www.youtube.com\/embed\/-JALZjG2_sQ","og_video_type":"text\/html","og_video_duration":"91","og_video_width":"480","og_video_height":"360","ya_ovs_adult":"false","ya_ovs_upload_date":"2022-07-27T21:35:36+00:00","ya_ovs_allow_embed":"true","product_price_amount":"630500.00","product_price_currency":"USD","og_availability":"instock","product_availability":"instock","product_condition":"new"},"_links":{"self":[{"href":"https:\/\/produncan.cl\/de\/wp-json\/wp\/v2\/product\/17482","targetHints":{"allow":["GET"]}}],"collection":[{"href":"https:\/\/produncan.cl\/de\/wp-json\/wp\/v2\/product"}],"about":[{"href":"https:\/\/produncan.cl\/de\/wp-json\/wp\/v2\/types\/product"}],"version-history":[{"count":2,"href":"https:\/\/produncan.cl\/de\/wp-json\/wp\/v2\/product\/17482\/revisions"}],"predecessor-version":[{"id":54223,"href":"https:\/\/produncan.cl\/de\/wp-json\/wp\/v2\/product\/17482\/revisions\/54223"}],"wp:featuredmedia":[{"embeddable":true,"href":"https:\/\/produncan.cl\/de\/wp-json\/wp\/v2\/media\/17201"}],"wp:attachment":[{"href":"https:\/\/produncan.cl\/de\/wp-json\/wp\/v2\/media?parent=17482"}],"wp:term":[{"taxonomy":"product_brand","embeddable":true,"href":"https:\/\/produncan.cl\/de\/wp-json\/wp\/v2\/product_brand?post=17482"},{"taxonomy":"product_cat","embeddable":true,"href":"https:\/\/produncan.cl\/de\/wp-json\/wp\/v2\/product_cat?post=17482"},{"taxonomy":"product_tag","embeddable":true,"href":"https:\/\/produncan.cl\/de\/wp-json\/wp\/v2\/product_tag?post=17482"},{"taxonomy":"regiones","embeddable":true,"href":"https:\/\/produncan.cl\/de\/wp-json\/wp\/v2\/regiones?post=17482"},{"taxonomy":"ciudades","embeddable":true,"href":"https:\/\/produncan.cl\/de\/wp-json\/wp\/v2\/ciudades?post=17482"}],"curies":[{"name":"wp","href":"https:\/\/api.w.org\/{rel}","templated":true}]}}