{"id":17484,"date":"2023-07-25T18:28:06","date_gmt":"2023-07-25T22:28:06","guid":{"rendered":"https:\/\/produncan.cl\/producto\/lager-santa-maria-fresia-llanquihue\/"},"modified":"2025-11-24T18:14:48","modified_gmt":"2025-11-24T21:14:48","slug":"lager-santa-maria-fresia-llanquihue","status":"publish","type":"product","link":"https:\/\/produncan.cl\/de\/produkt\/lager-santa-maria-fresia-llanquihue\/","title":{"rendered":"Landleben in Fresia &#8211; Santa Mar\u00eda, Seengebiet"},"content":{"rendered":"\t\t<div data-elementor-type=\"product-post\" data-elementor-id=\"17484\" class=\"elementor elementor-17484 elementor-17095\" data-elementor-post-type=\"product\">\n\t\t\t\t<div class=\"elementor-element elementor-element-68b774b e-flex e-con-boxed e-con e-parent\" data-id=\"68b774b\" data-element_type=\"container\" data-e-type=\"container\" data-settings=\"{&quot;jet_parallax_layout_list&quot;:[]}\">\n\t\t\t\t\t<div class=\"e-con-inner\">\n\t\t\t\t<div class=\"elementor-element elementor-element-9a23c2a elementor-widget elementor-widget-heading\" data-id=\"9a23c2a\" data-element_type=\"widget\" data-e-type=\"widget\" data-widget_type=\"heading.default\">\n\t\t\t\t\t<h2 class=\"elementor-heading-title elementor-size-default\">Feld von 30 Hektar bei Fresia<\/h2>\t\t\t\t<\/div>\n\t\t\t\t\t<\/div>\n\t\t\t\t<\/div>\n\t\t<div class=\"elementor-element elementor-element-dc58372 e-flex e-con-boxed e-con e-parent\" data-id=\"dc58372\" data-element_type=\"container\" data-e-type=\"container\" data-settings=\"{&quot;jet_parallax_layout_list&quot;:[]}\">\n\t\t\t\t\t<div class=\"e-con-inner\">\n\t\t\t\t<div class=\"elementor-element elementor-element-b7f4ce4 elementor-widget elementor-widget-text-editor\" data-id=\"b7f4ce4\" data-element_type=\"widget\" data-e-type=\"widget\" data-widget_type=\"text-editor.default\">\n\t\t\t\t\t\t\t\t\t<p>Wir pr\u00e4sentieren Ihnen eine ausgezeichnete Investitionsm\u00f6glichkeit in diesem 30 Hektar gro\u00dfen Feld mit eigener Rolle und Wald landwirtschaftliche Nutzung, in der N\u00e4he der Stadt Fresia, Los Lagos Region;<\/p><p>Stellen Sie sich vor, Sie h\u00e4tten Ihre eigene Oase mitten in der Natur, umgeben von wundersch\u00f6nen Landschaften, einem Fluss, Flussm\u00fcndungen, Wiesen, viel einheimischem Wald und das alles ganz nah an der Stadt durch eine asphaltierte Stra\u00dfe; Dieses Grundst\u00fcck hat einen Verkaufspreis von 240.000.000 $ und bietet eine Reihe von Merkmalen, die es besonders hervorheben:<\/p><ul><li>Viel Platz f\u00fcr Ihr Projekt: Mit einer Fl\u00e4che von 300.000 m\u00b2 haben Sie eine Welt zum Entdecken und Genie\u00dfen;<\/li><li>Die Natur in ihrer ganzen Pracht: Dieser Platz ist privilegiert durch die Anwesenheit eines Flusses, der das Land auf einer L\u00e4nge von 460 Metern majest\u00e4tisch durchquert, sowie durch Flussm\u00fcndungen, die einen magischen Touch und eine nat\u00fcrliche Wasserversorgung bieten;<\/li><li>Lassen Sie sich von Lichtungen, sanften H\u00e4ngen und \u00fcppigen Waldgebieten \u00fcberraschen, die ein wundersch\u00f6nes Erlebnis bieten;<\/li><li>Diese Landschaft beherbergt eine Vielzahl einheimischer B\u00e4ume wie Coig\u00fce, Canelo, Array\u00e1n und Mait\u00e9n sowie eine vielf\u00e4ltige Tierwelt, darunter S\u00e4ugetiere wie Kaninchen, F\u00fcchse und Pud\u00fa, Spechte und Drosseln;<\/li><li>Bequemlichkeit und Erreichbarkeit: Nur 1300 Meter von der Asphaltstra\u00dfe entfernt, ist die Anreise einfach und bequem; Es gibt auch \u00f6ffentliche Verkehrsmittel und ein Telekommunikationssignal.<\/li><li>Geeignet f\u00fcr Ihre Landwirtschafts- und Viehzuchtprojekte: Dieser Bereich erm\u00f6glicht es Ihnen, Viehzucht und Landwirtschaft auf famili\u00e4rer Ebene zu betreiben und sich Ihren Traum vom eigenen Ackerbau- oder Zuchtbetrieb zu erf\u00fcllen;<\/li><li>Attraktionen in der N\u00e4he: Sie sind umgeben von Wundern wie dem Llanquihue-See, dem majest\u00e4tischen Vulkan Osorno und den charmanten St\u00e4dten Frutillar, Puerto Varas und Puerto Montt;<\/li><\/ul><div> <\/div><div><span style=\"color: var( --e-global-color-text ); font-family: var( --e-global-typography-text-font-family ), Sans-serif; font-weight: var( --e-global-typography-text-font-weight ); text-align: var(--text-align);\">Dar\u00fcber hinaus verf\u00fcgt die Farm \u00fcber Strom, Telefon in mehreren Sektoren, Zugang durch eine Dienstbarkeit von 1300 Metern Schotter und hat einen Anteil von einheimischen vs. Gr\u00fcnland von etwa 70% &#8211; 30%; Es hat keine Geb\u00e4ude, ist in einigen Bereichen umz\u00e4unt und grenzt auf einer Seite an einen Wald;<\/span><br><span style=\"color: var( --e-global-color-text ); font-family: var( --e-global-typography-text-font-family ), Sans-serif; font-weight: var( --e-global-typography-text-font-weight ); text-align: var(--text-align);\">La vida en este lugar es simplemente incomparable.Es hat keine Geb\u00e4ude, ist in einigen Bereichen eingez\u00e4unt und grenzt auf einer Seite an einen Wald; Con un clima agradable durante todo el a\u00f1o, promediando 12\u00b0C, y precipitaciones que revitalizan la tierra entre mayo y agosto.Das Leben an diesem Ort ist einfach unvergleichlich, da er nicht bebaut ist, in einigen Bereichen eingez\u00e4unt ist und auf einer Seite an einen Wald grenzt;<\/span><br><span style=\"color: var( --e-global-color-text ); font-family: var( --e-global-typography-text-font-family ), Sans-serif; font-weight: var( --e-global-typography-text-font-weight ); text-align: var(--text-align);\"><br><\/span><span style=\"color: var( --e-global-color-text ); font-family: var( --e-global-typography-text-font-family ), Sans-serif; font-weight: var( --e-global-typography-text-font-weight ); text-align: var(--text-align);\">Entdecken Sie die Pracht des Lake District in dieser Landschaft, die alles bietet, was Sie f\u00fcr eine vielversprechende Zukunft und eine unvergleichliche Lebensqualit\u00e4t brauchen; Verpassen Sie nicht diese einmalige Gelegenheit, in dieses Naturparadies zu investieren. Wir warten auf Sie!<\/span><\/div>\t\t\t\t\t\t\t\t<\/div>\n\t\t\t\t\t<\/div>\n\t\t\t\t<\/div>\n\t\t\t\t<\/div>\n\t\t","protected":false},"excerpt":{"rendered":"<p>Weitgehend flaches Feld in Fresia am Stadtrand. Zufahrt \u00fcber eine asphaltierte Stra\u00dfe, 460 Meter Fluss, S\u00fcmpfe, Stromanschluss und Signal. <\/p>\n","protected":false},"featured_media":17101,"template":"","meta":{"_acf_changed":false},"product_brand":[],"product_cat":[104],"product_tag":[235],"regiones":[226],"ciudades":[214,229],"class_list":{"0":"post-17484","1":"product","2":"type-product","3":"status-publish","4":"has-post-thumbnail","6":"product_cat-ohiggins-los-lagos","7":"product_tag-felder","8":"regiones-nuble-los_lagos","9":"ciudades-fresia","10":"ciudades-llanquihue","12":"first","13":"instock","14":"shipping-taxable","15":"purchasable","16":"product-type-simple"},"acf":[],"yoast_head":"<!-- This site is optimized with the Yoast SEO Premium plugin v26.0 (Yoast SEO v27.3) - https:\/\/yoast.com\/product\/yoast-seo-premium-wordpress\/ -->\n<title>Landleben in Fresia - Santa Mar\u00eda, Seengebiet - Produncan<\/title>\n<meta name=\"description\" content=\"Campo Santa Mar\u00eda: ein sch\u00f6nes, 30 Hektar gro\u00dfes Anwesen in der Gemeinde Fresia in Chile. Ideal f\u00fcr Landwirtschaft, Viehzucht und Tourismus.\" \/>\n<meta name=\"robots\" content=\"index, follow, max-snippet:-1, max-image-preview:large, max-video-preview:-1\" \/>\n<link rel=\"canonical\" href=\"https:\/\/produncan.cl\/de\/produkt\/lager-santa-maria-fresia-llanquihue\/\" \/>\n<meta property=\"og:locale\" content=\"de_DE\" \/>\n<meta property=\"og:type\" content=\"article\" \/>\n<meta property=\"og:title\" content=\"Landleben in Fresia - Santa Mar\u00eda, Seengebiet\" \/>\n<meta property=\"og:description\" content=\"Campo Santa Mar\u00eda: ein sch\u00f6nes, 30 Hektar gro\u00dfes Anwesen in der Gemeinde Fresia in Chile. Ideal f\u00fcr Landwirtschaft, Viehzucht und Tourismus.\" \/>\n<meta property=\"og:url\" content=\"https:\/\/produncan.cl\/de\/produkt\/lager-santa-maria-fresia-llanquihue\/\" \/>\n<meta property=\"og:site_name\" content=\"Produncan\" \/>\n<meta property=\"article:publisher\" content=\"https:\/\/web.facebook.com\/produncanland\" \/>\n<meta property=\"article:modified_time\" content=\"2025-11-24T21:14:48+00:00\" \/>\n<meta property=\"og:image\" content=\"https:\/\/produncan.cl\/wp-content\/uploads\/2023\/07\/Campo-en-Venta-Santa-Maria.webp\" \/>\n\t<meta property=\"og:image:width\" content=\"600\" \/>\n\t<meta property=\"og:image:height\" content=\"450\" \/>\n\t<meta property=\"og:image:type\" content=\"image\/webp\" \/>\n<meta name=\"twitter:card\" content=\"summary_large_image\" \/>\n<meta name=\"twitter:label1\" content=\"Price\" \/>\n\t<meta name=\"twitter:data1\" content=\"USD260.900,00\" \/>\n\t<meta name=\"twitter:label2\" content=\"Availability\" \/>\n\t<meta name=\"twitter:data2\" content=\"In stock\" \/>\n<script type=\"application\/ld+json\" class=\"yoast-schema-graph\">{\"@context\":\"https:\\\/\\\/schema.org\",\"@graph\":[{\"@type\":\"WebPage\",\"@id\":\"https:\\\/\\\/produncan.cl\\\/de\\\/produkt\\\/lager-santa-maria-fresia-llanquihue\\\/\",\"url\":\"https:\\\/\\\/produncan.cl\\\/de\\\/produkt\\\/lager-santa-maria-fresia-llanquihue\\\/\",\"name\":\"Landleben in Fresia - Santa Mar\u00eda, Seengebiet - Produncan\",\"isPartOf\":{\"@id\":\"https:\\\/\\\/produncan.cl\\\/de\\\/#website\"},\"primaryImageOfPage\":{\"@id\":\"https:\\\/\\\/produncan.cl\\\/de\\\/produkt\\\/lager-santa-maria-fresia-llanquihue\\\/#primaryimage\"},\"image\":{\"@id\":\"https:\\\/\\\/produncan.cl\\\/de\\\/produkt\\\/lager-santa-maria-fresia-llanquihue\\\/#primaryimage\"},\"thumbnailUrl\":\"https:\\\/\\\/produncan.cl\\\/wp-content\\\/uploads\\\/2023\\\/07\\\/Campo-en-Venta-Santa-Maria.webp\",\"datePublished\":\"2023-07-25T22:28:06+00:00\",\"dateModified\":\"2025-11-24T21:14:48+00:00\",\"description\":\"Campo Santa Mar\u00eda: ein sch\u00f6nes, 30 Hektar gro\u00dfes Anwesen in der Gemeinde Fresia in Chile. Ideal f\u00fcr Landwirtschaft, Viehzucht und Tourismus.\",\"breadcrumb\":{\"@id\":\"https:\\\/\\\/produncan.cl\\\/de\\\/produkt\\\/lager-santa-maria-fresia-llanquihue\\\/#breadcrumb\"},\"inLanguage\":\"de-DE\",\"potentialAction\":[{\"@type\":\"ReadAction\",\"target\":[\"https:\\\/\\\/produncan.cl\\\/de\\\/produkt\\\/lager-santa-maria-fresia-llanquihue\\\/\"]}]},{\"@type\":\"ImageObject\",\"inLanguage\":\"de-DE\",\"@id\":\"https:\\\/\\\/produncan.cl\\\/de\\\/produkt\\\/lager-santa-maria-fresia-llanquihue\\\/#primaryimage\",\"url\":\"https:\\\/\\\/produncan.cl\\\/wp-content\\\/uploads\\\/2023\\\/07\\\/Campo-en-Venta-Santa-Maria.webp\",\"contentUrl\":\"https:\\\/\\\/produncan.cl\\\/wp-content\\\/uploads\\\/2023\\\/07\\\/Campo-en-Venta-Santa-Maria.webp\",\"width\":600,\"height\":450,\"caption\":\"Grundst\u00fcck zum Verkauf Santa Mar\u00eda\"},{\"@type\":\"BreadcrumbList\",\"@id\":\"https:\\\/\\\/produncan.cl\\\/de\\\/produkt\\\/lager-santa-maria-fresia-llanquihue\\\/#breadcrumb\",\"itemListElement\":[{\"@type\":\"ListItem\",\"position\":1,\"name\":\"Inicio\",\"item\":\"https:\\\/\\\/produncan.cl\\\/de\\\/\"},{\"@type\":\"ListItem\",\"position\":2,\"name\":\"Eigenschaften\",\"item\":\"https:\\\/\\\/produncan.cl\\\/propiedades\\\/\"},{\"@type\":\"ListItem\",\"position\":3,\"name\":\"Felder\",\"item\":\"https:\\\/\\\/produncan.cl\\\/de\\\/kategorie\\\/felder\\\/\"},{\"@type\":\"ListItem\",\"position\":4,\"name\":\"Landleben in Fresia &#8211; Santa Mar\u00eda, Seengebiet\"}]},{\"@type\":\"WebSite\",\"@id\":\"https:\\\/\\\/produncan.cl\\\/de\\\/#website\",\"url\":\"https:\\\/\\\/produncan.cl\\\/de\\\/\",\"name\":\"Produncan\",\"description\":\"Wir begleiten Sie bei Ihrem Lebensprojekt!\",\"publisher\":{\"@id\":\"https:\\\/\\\/produncan.cl\\\/de\\\/#organization\"},\"potentialAction\":[{\"@type\":\"SearchAction\",\"target\":{\"@type\":\"EntryPoint\",\"urlTemplate\":\"https:\\\/\\\/produncan.cl\\\/de\\\/?s={search_term_string}\"},\"query-input\":{\"@type\":\"PropertyValueSpecification\",\"valueRequired\":true,\"valueName\":\"search_term_string\"}}],\"inLanguage\":\"de-DE\"},{\"@type\":\"Organization\",\"@id\":\"https:\\\/\\\/produncan.cl\\\/de\\\/#organization\",\"name\":\"Produncan\",\"url\":\"https:\\\/\\\/produncan.cl\\\/de\\\/\",\"logo\":{\"@type\":\"ImageObject\",\"inLanguage\":\"de-DE\",\"@id\":\"https:\\\/\\\/produncan.cl\\\/de\\\/#\\\/schema\\\/logo\\\/image\\\/\",\"url\":\"https:\\\/\\\/produncan.cl\\\/wp-content\\\/uploads\\\/2021\\\/03\\\/LOGO.jpeg\",\"contentUrl\":\"https:\\\/\\\/produncan.cl\\\/wp-content\\\/uploads\\\/2021\\\/03\\\/LOGO.jpeg\",\"width\":1280,\"height\":903,\"caption\":\"Produncan\"},\"image\":{\"@id\":\"https:\\\/\\\/produncan.cl\\\/de\\\/#\\\/schema\\\/logo\\\/image\\\/\"},\"sameAs\":[\"https:\\\/\\\/web.facebook.com\\\/produncanland\",\"https:\\\/\\\/www.instagram.com\\\/pro_duncan\\\/\",\"https:\\\/\\\/www.linkedin.com\\\/company\\\/produncan-lands\\\/\",\"https:\\\/\\\/www.youtube.com\\\/channel\\\/UCu7N-f3x0svkazD-Eew1-QQ\"],\"description\":\"En Produncan somos especialistas en la venta de terrenos en el sur de Chile. Proveemos estancias, campos, parcelas y hoteles.\",\"email\":\"info@produncan.cl\"}]}<\/script>\n<meta property=\"og:video\" content=\"https:\/\/www.youtube.com\/embed\/o7ErfQgQrKs\" \/>\n<meta property=\"og:video:type\" content=\"text\/html\" \/>\n<meta property=\"og:video:duration\" content=\"71\" \/>\n<meta property=\"og:video:width\" content=\"480\" \/>\n<meta property=\"og:video:height\" content=\"360\" \/>\n<meta property=\"ya:ovs:adult\" content=\"false\" \/>\n<meta property=\"ya:ovs:upload_date\" content=\"2023-07-25T22:28:06+00:00\" \/>\n<meta property=\"ya:ovs:allow_embed\" content=\"true\" \/>\n<meta property=\"product:price:amount\" content=\"260900.00\" \/>\n<meta property=\"product:price:currency\" content=\"USD\" \/>\n<meta property=\"og:availability\" content=\"instock\" \/>\n<meta property=\"product:availability\" content=\"instock\" \/>\n<meta property=\"product:condition\" content=\"new\" \/>\n<!-- \/ Yoast SEO Premium plugin. -->","yoast_head_json":{"title":"Landleben in Fresia - Santa Mar\u00eda, Seengebiet - Produncan","description":"Campo Santa Mar\u00eda: ein sch\u00f6nes, 30 Hektar gro\u00dfes Anwesen in der Gemeinde Fresia in Chile. Ideal f\u00fcr Landwirtschaft, Viehzucht und Tourismus.","robots":{"index":"index","follow":"follow","max-snippet":"max-snippet:-1","max-image-preview":"max-image-preview:large","max-video-preview":"max-video-preview:-1"},"canonical":"https:\/\/produncan.cl\/de\/produkt\/lager-santa-maria-fresia-llanquihue\/","og_locale":"de_DE","og_type":"article","og_title":"Landleben in Fresia - Santa Mar\u00eda, Seengebiet","og_description":"Campo Santa Mar\u00eda: ein sch\u00f6nes, 30 Hektar gro\u00dfes Anwesen in der Gemeinde Fresia in Chile. Ideal f\u00fcr Landwirtschaft, Viehzucht und Tourismus.","og_url":"https:\/\/produncan.cl\/de\/produkt\/lager-santa-maria-fresia-llanquihue\/","og_site_name":"Produncan","article_publisher":"https:\/\/web.facebook.com\/produncanland","article_modified_time":"2025-11-24T21:14:48+00:00","og_image":[{"width":600,"height":450,"url":"https:\/\/produncan.cl\/wp-content\/uploads\/2023\/07\/Campo-en-Venta-Santa-Maria.webp","type":"image\/webp"}],"twitter_card":"summary_large_image","twitter_misc":{"Price":"USD260.900,00","Availability":"In stock"},"schema":{"@context":"https:\/\/schema.org","@graph":[{"@type":"WebPage","@id":"https:\/\/produncan.cl\/de\/produkt\/lager-santa-maria-fresia-llanquihue\/","url":"https:\/\/produncan.cl\/de\/produkt\/lager-santa-maria-fresia-llanquihue\/","name":"Landleben in Fresia - Santa Mar\u00eda, Seengebiet - Produncan","isPartOf":{"@id":"https:\/\/produncan.cl\/de\/#website"},"primaryImageOfPage":{"@id":"https:\/\/produncan.cl\/de\/produkt\/lager-santa-maria-fresia-llanquihue\/#primaryimage"},"image":{"@id":"https:\/\/produncan.cl\/de\/produkt\/lager-santa-maria-fresia-llanquihue\/#primaryimage"},"thumbnailUrl":"https:\/\/produncan.cl\/wp-content\/uploads\/2023\/07\/Campo-en-Venta-Santa-Maria.webp","datePublished":"2023-07-25T22:28:06+00:00","dateModified":"2025-11-24T21:14:48+00:00","description":"Campo Santa Mar\u00eda: ein sch\u00f6nes, 30 Hektar gro\u00dfes Anwesen in der Gemeinde Fresia in Chile. Ideal f\u00fcr Landwirtschaft, Viehzucht und Tourismus.","breadcrumb":{"@id":"https:\/\/produncan.cl\/de\/produkt\/lager-santa-maria-fresia-llanquihue\/#breadcrumb"},"inLanguage":"de-DE","potentialAction":[{"@type":"ReadAction","target":["https:\/\/produncan.cl\/de\/produkt\/lager-santa-maria-fresia-llanquihue\/"]}]},{"@type":"ImageObject","inLanguage":"de-DE","@id":"https:\/\/produncan.cl\/de\/produkt\/lager-santa-maria-fresia-llanquihue\/#primaryimage","url":"https:\/\/produncan.cl\/wp-content\/uploads\/2023\/07\/Campo-en-Venta-Santa-Maria.webp","contentUrl":"https:\/\/produncan.cl\/wp-content\/uploads\/2023\/07\/Campo-en-Venta-Santa-Maria.webp","width":600,"height":450,"caption":"Grundst\u00fcck zum Verkauf Santa Mar\u00eda"},{"@type":"BreadcrumbList","@id":"https:\/\/produncan.cl\/de\/produkt\/lager-santa-maria-fresia-llanquihue\/#breadcrumb","itemListElement":[{"@type":"ListItem","position":1,"name":"Inicio","item":"https:\/\/produncan.cl\/de\/"},{"@type":"ListItem","position":2,"name":"Eigenschaften","item":"https:\/\/produncan.cl\/propiedades\/"},{"@type":"ListItem","position":3,"name":"Felder","item":"https:\/\/produncan.cl\/de\/kategorie\/felder\/"},{"@type":"ListItem","position":4,"name":"Landleben in Fresia &#8211; Santa Mar\u00eda, Seengebiet"}]},{"@type":"WebSite","@id":"https:\/\/produncan.cl\/de\/#website","url":"https:\/\/produncan.cl\/de\/","name":"Produncan","description":"Wir begleiten Sie bei Ihrem Lebensprojekt!","publisher":{"@id":"https:\/\/produncan.cl\/de\/#organization"},"potentialAction":[{"@type":"SearchAction","target":{"@type":"EntryPoint","urlTemplate":"https:\/\/produncan.cl\/de\/?s={search_term_string}"},"query-input":{"@type":"PropertyValueSpecification","valueRequired":true,"valueName":"search_term_string"}}],"inLanguage":"de-DE"},{"@type":"Organization","@id":"https:\/\/produncan.cl\/de\/#organization","name":"Produncan","url":"https:\/\/produncan.cl\/de\/","logo":{"@type":"ImageObject","inLanguage":"de-DE","@id":"https:\/\/produncan.cl\/de\/#\/schema\/logo\/image\/","url":"https:\/\/produncan.cl\/wp-content\/uploads\/2021\/03\/LOGO.jpeg","contentUrl":"https:\/\/produncan.cl\/wp-content\/uploads\/2021\/03\/LOGO.jpeg","width":1280,"height":903,"caption":"Produncan"},"image":{"@id":"https:\/\/produncan.cl\/de\/#\/schema\/logo\/image\/"},"sameAs":["https:\/\/web.facebook.com\/produncanland","https:\/\/www.instagram.com\/pro_duncan\/","https:\/\/www.linkedin.com\/company\/produncan-lands\/","https:\/\/www.youtube.com\/channel\/UCu7N-f3x0svkazD-Eew1-QQ"],"description":"En Produncan somos especialistas en la venta de terrenos en el sur de Chile. Proveemos estancias, campos, parcelas y hoteles.","email":"info@produncan.cl"}]},"og_video":"https:\/\/www.youtube.com\/embed\/o7ErfQgQrKs","og_video_type":"text\/html","og_video_duration":"71","og_video_width":"480","og_video_height":"360","ya_ovs_adult":"false","ya_ovs_upload_date":"2023-07-25T22:28:06+00:00","ya_ovs_allow_embed":"true","product_price_amount":"260900.00","product_price_currency":"USD","og_availability":"instock","product_availability":"instock","product_condition":"new"},"_links":{"self":[{"href":"https:\/\/produncan.cl\/de\/wp-json\/wp\/v2\/product\/17484","targetHints":{"allow":["GET"]}}],"collection":[{"href":"https:\/\/produncan.cl\/de\/wp-json\/wp\/v2\/product"}],"about":[{"href":"https:\/\/produncan.cl\/de\/wp-json\/wp\/v2\/types\/product"}],"version-history":[{"count":1,"href":"https:\/\/produncan.cl\/de\/wp-json\/wp\/v2\/product\/17484\/revisions"}],"predecessor-version":[{"id":52682,"href":"https:\/\/produncan.cl\/de\/wp-json\/wp\/v2\/product\/17484\/revisions\/52682"}],"wp:featuredmedia":[{"embeddable":true,"href":"https:\/\/produncan.cl\/de\/wp-json\/wp\/v2\/media\/17101"}],"wp:attachment":[{"href":"https:\/\/produncan.cl\/de\/wp-json\/wp\/v2\/media?parent=17484"}],"wp:term":[{"taxonomy":"product_brand","embeddable":true,"href":"https:\/\/produncan.cl\/de\/wp-json\/wp\/v2\/product_brand?post=17484"},{"taxonomy":"product_cat","embeddable":true,"href":"https:\/\/produncan.cl\/de\/wp-json\/wp\/v2\/product_cat?post=17484"},{"taxonomy":"product_tag","embeddable":true,"href":"https:\/\/produncan.cl\/de\/wp-json\/wp\/v2\/product_tag?post=17484"},{"taxonomy":"regiones","embeddable":true,"href":"https:\/\/produncan.cl\/de\/wp-json\/wp\/v2\/regiones?post=17484"},{"taxonomy":"ciudades","embeddable":true,"href":"https:\/\/produncan.cl\/de\/wp-json\/wp\/v2\/ciudades?post=17484"}],"curies":[{"name":"wp","href":"https:\/\/api.w.org\/{rel}","templated":true}]}}