{"id":17486,"date":"2023-07-19T16:04:22","date_gmt":"2023-07-19T20:04:22","guid":{"rendered":"https:\/\/produncan.cl\/producto\/parcela-pedregoso-huillipilun-villarricaimmobilien-in-huillipilun-villarrica\/"},"modified":"2025-11-24T18:14:49","modified_gmt":"2025-11-24T21:14:49","slug":"parcela-pedregoso-huillipilun-villarricaimmobilien-in-huillipilun-villarrica","status":"publish","type":"product","link":"https:\/\/produncan.cl\/de\/produkt\/parcela-pedregoso-huillipilun-villarricaimmobilien-in-huillipilun-villarrica\/","title":{"rendered":"Parcela Pedregoso &#8211; Huillipil\u00fan, VillarricaImmobilien in Huillipil\u00fan Villarrica"},"content":{"rendered":"\t\t<div data-elementor-type=\"product-post\" data-elementor-id=\"17486\" class=\"elementor elementor-17486 elementor-17016\" data-elementor-post-type=\"product\">\n\t\t\t\t<div class=\"elementor-element elementor-element-42a565c e-flex e-con-boxed e-con e-parent\" data-id=\"42a565c\" data-element_type=\"container\" data-e-type=\"container\" data-settings=\"{&quot;jet_parallax_layout_list&quot;:[]}\">\n\t\t\t\t\t<div class=\"e-con-inner\">\n\t\t\t\t<div class=\"elementor-element elementor-element-a3ee60f elementor-widget elementor-widget-heading\" data-id=\"a3ee60f\" data-element_type=\"widget\" data-e-type=\"widget\" data-widget_type=\"heading.default\">\n\t\t\t\t\t<h2 class=\"elementor-heading-title elementor-size-default\">Entdecken Sie die Sch\u00f6nheit der Natur auf einem Grundst\u00fcck mit Blick auf den See und den Vulkan Villarrica! <\/h2>\t\t\t\t<\/div>\n\t\t\t\t\t<\/div>\n\t\t\t\t<\/div>\n\t\t<div class=\"elementor-element elementor-element-588907f e-flex e-con-boxed e-con e-parent\" data-id=\"588907f\" data-element_type=\"container\" data-e-type=\"container\" data-settings=\"{&quot;jet_parallax_layout_list&quot;:[]}\">\n\t\t\t\t\t<div class=\"e-con-inner\">\n\t\t\t\t<div class=\"elementor-element elementor-element-1cdb7b3 elementor-widget elementor-widget-text-editor\" data-id=\"1cdb7b3\" data-element_type=\"widget\" data-e-type=\"widget\" data-widget_type=\"text-editor.default\">\n\t\t\t\t\t\t\t\t\t<p>Willkommen auf diesem wunderbaren Grundst\u00fcck in Huillipil\u00fan, einem ruhigen und malerischen Ort in der Gemeinde Villarrica, in der sch\u00f6nen Region Araucan\u00eda;<\/p><p>Dieses Grundst\u00fcck bietet Ihnen die M\u00f6glichkeit, ein landwirtschaftliches Grundst\u00fcck mit einer au\u00dfergew\u00f6hnlichen nat\u00fcrlichen Umgebung und unbegrenztem Potenzial zu erwerben;<\/p><p><span style=\"color: var( --e-global-color-text ); font-family: var( --e-global-typography-text-font-family ), Sans-serif; font-weight: var( --e-global-typography-text-font-weight ); text-align: var(--text-align);\">Hier finden Sie alles, was Sie brauchen, um das Leben im sch\u00f6nen S\u00fcden Chiles zu genie\u00dfen!<\/span><\/p><p>Das Grundst\u00fcck, das eine eigene Rolle spielt, hat eine Gesamtfl\u00e4che von 5026 m\u00b2 und bietet Ihnen viel Platz f\u00fcr Ihre Familienprojekte;<\/p><p>Das Grundst\u00fcck verf\u00fcgt \u00fcber Strom, unterirdische Glasfaserkabel und Trinkwasser;<\/p><p>Die Topographie des Grundst\u00fccks ist leicht abfallend und besteht haupts\u00e4chlich aus Wiesen und einheimischen W\u00e4ldern, so dass Sie eine vielf\u00e4ltige nat\u00fcrliche Umgebung genie\u00dfen k\u00f6nnen; Die Sonneneinstrahlung ist ausgezeichnet;<\/p><p>Die Topographie des Grundst\u00fccks ist leicht abfallend und besteht haupts\u00e4chlich aus Wiesen und einheimischen W\u00e4ldern, so dass Sie eine vielf\u00e4ltige nat\u00fcrliche Umgebung genie\u00dfen k\u00f6nnen; Eichen sind die vorherrschenden B\u00e4ume, gefolgt von Eichen und Aromos, unter anderem;<\/p><p>Das Grundst\u00fcck befindet sich in einer privilegierten Lage; Es ist nur 20 Minuten von der Stadt Villarrica entfernt, wo Sie Dienstleistungen, Gesch\u00e4fte und ein pulsierendes Stadtleben finden. Die Stra\u00dfe zum Grundst\u00fcck ist gr\u00f6\u00dftenteils asphaltiert und geht dann in ein St\u00fcck Schotter in gutem Zustand \u00fcber; Abschnitt im Pflasterprojekt;<\/p><p>In der Umgebung k\u00f6nnen Sie zahlreiche Attraktionen genie\u00dfen; Puc\u00f3n, Licanray, Lago Colico, Lago Huilipilun und drei Stunden von Argentinien entfernt \u00fcber den Pass Pino Hachado; Adem\u00e1s, tendr\u00e1s acceso a termas, caminatas en bosques, pesca y navegaci\u00f3n.Puc\u00f3n, Licanray, Lago Colico, Lago Huilipilun und drei Stunden von Argentinien \u00fcber den Pass Pino Hachado;<\/p><p>Verpassen Sie nicht die Gelegenheit, dieses Grundst\u00fcck zu erwerben, inmitten der Natur zu leben und von all den Aktivit\u00e4ten und Reizen zu profitieren, die die Region Araucan\u00eda zu bieten hat!<\/p><p>Setzen Sie sich noch heute mit uns in Verbindung und erfahren Sie, wie Sie Ihren Traum vom eigenen Grundst\u00fcck in diesem l\u00e4ndlichen Paradies verwirklichen k\u00f6nnen.<\/p>\t\t\t\t\t\t\t\t<\/div>\n\t\t\t\t\t<\/div>\n\t\t\t\t<\/div>\n\t\t\t\t<\/div>\n\t\t","protected":false},"excerpt":{"rendered":"<p>Grundst\u00fcck in einem konsolidierten Projekt in der N\u00e4he der Stadt Villarrica. Mit Blick auf den See und die Bergkette. Unterirdische Strom- und Glasfaserleitungen, Trinkwasser.<\/p>\n","protected":false},"featured_media":17022,"template":"","meta":{"_acf_changed":false},"product_brand":[],"product_cat":[104],"product_tag":[232],"regiones":[226],"ciudades":[221],"class_list":{"0":"post-17486","1":"product","2":"type-product","3":"status-publish","4":"has-post-thumbnail","6":"product_cat-ohiggins-los-lagos","7":"product_tag-grundstuecke","8":"regiones-nuble-los_lagos","9":"ciudades-villarrica","11":"first","12":"instock","13":"shipping-taxable","14":"purchasable","15":"product-type-simple"},"acf":[],"yoast_head":"<!-- This site is optimized with the Yoast SEO Premium plugin v26.0 (Yoast SEO v27.3) - https:\/\/yoast.com\/product\/yoast-seo-premium-wordpress\/ -->\n<title>Parcela Pedregoso in Huillipil\u00fan - Villarrica - Produncan<\/title>\n<meta name=\"description\" content=\"Wundersch\u00f6nes, gr\u00f6\u00dftenteils ger\u00e4umtes Grundst\u00fcck von 5026m\u00b2 mit Blick auf den See und den Vulkan Villarrica mit ausgezeichnetem Zugang. Nur 12 Minuten von Villarrica entfernt;\" \/>\n<meta name=\"robots\" content=\"index, follow, max-snippet:-1, max-image-preview:large, max-video-preview:-1\" \/>\n<link rel=\"canonical\" href=\"https:\/\/produncan.cl\/de\/produkt\/parcela-pedregoso-huillipilun-villarricaimmobilien-in-huillipilun-villarrica\/\" \/>\n<meta property=\"og:locale\" content=\"de_DE\" \/>\n<meta property=\"og:type\" content=\"article\" \/>\n<meta property=\"og:title\" content=\"Parcela Pedregoso - Huillipil\u00fan, VillarricaImmobilien in Huillipil\u00fan Villarrica\" \/>\n<meta property=\"og:description\" content=\"Wundersch\u00f6nes, gr\u00f6\u00dftenteils ger\u00e4umtes Grundst\u00fcck von 5026m\u00b2 mit Blick auf den See und den Vulkan Villarrica mit ausgezeichnetem Zugang. Nur 12 Minuten von Villarrica entfernt;\" \/>\n<meta property=\"og:url\" content=\"https:\/\/produncan.cl\/de\/produkt\/parcela-pedregoso-huillipilun-villarricaimmobilien-in-huillipilun-villarrica\/\" \/>\n<meta property=\"og:site_name\" content=\"Produncan\" \/>\n<meta property=\"article:publisher\" content=\"https:\/\/web.facebook.com\/produncanland\" \/>\n<meta property=\"article:modified_time\" content=\"2025-11-24T21:14:49+00:00\" \/>\n<meta property=\"og:image\" content=\"https:\/\/produncan.cl\/wp-content\/uploads\/2023\/07\/Parcela-en-venta-Rio-Pedregoso-Huillipilun.webp\" \/>\n\t<meta property=\"og:image:width\" content=\"600\" \/>\n\t<meta property=\"og:image:height\" content=\"450\" \/>\n\t<meta property=\"og:image:type\" content=\"image\/webp\" \/>\n<meta name=\"twitter:card\" content=\"summary_large_image\" \/>\n<meta name=\"twitter:label1\" content=\"Price\" \/>\n\t<meta name=\"twitter:data1\" content=\"USD67.400,00\" \/>\n\t<meta name=\"twitter:label2\" content=\"Availability\" \/>\n\t<meta name=\"twitter:data2\" content=\"In stock\" \/>\n<script type=\"application\/ld+json\" class=\"yoast-schema-graph\">{\"@context\":\"https:\\\/\\\/schema.org\",\"@graph\":[{\"@type\":\"WebPage\",\"@id\":\"https:\\\/\\\/produncan.cl\\\/de\\\/produkt\\\/parcela-pedregoso-huillipilun-villarricaimmobilien-in-huillipilun-villarrica\\\/\",\"url\":\"https:\\\/\\\/produncan.cl\\\/de\\\/produkt\\\/parcela-pedregoso-huillipilun-villarricaimmobilien-in-huillipilun-villarrica\\\/\",\"name\":\"Parcela Pedregoso in Huillipil\u00fan - Villarrica - Produncan\",\"isPartOf\":{\"@id\":\"https:\\\/\\\/produncan.cl\\\/de\\\/#website\"},\"primaryImageOfPage\":{\"@id\":\"https:\\\/\\\/produncan.cl\\\/de\\\/produkt\\\/parcela-pedregoso-huillipilun-villarricaimmobilien-in-huillipilun-villarrica\\\/#primaryimage\"},\"image\":{\"@id\":\"https:\\\/\\\/produncan.cl\\\/de\\\/produkt\\\/parcela-pedregoso-huillipilun-villarricaimmobilien-in-huillipilun-villarrica\\\/#primaryimage\"},\"thumbnailUrl\":\"https:\\\/\\\/produncan.cl\\\/wp-content\\\/uploads\\\/2023\\\/07\\\/Parcela-en-venta-Rio-Pedregoso-Huillipilun.webp\",\"datePublished\":\"2023-07-19T20:04:22+00:00\",\"dateModified\":\"2025-11-24T21:14:49+00:00\",\"description\":\"Wundersch\u00f6nes, gr\u00f6\u00dftenteils ger\u00e4umtes Grundst\u00fcck von 5026m\u00b2 mit Blick auf den See und den Vulkan Villarrica mit ausgezeichnetem Zugang. Nur 12 Minuten von Villarrica entfernt;\",\"breadcrumb\":{\"@id\":\"https:\\\/\\\/produncan.cl\\\/de\\\/produkt\\\/parcela-pedregoso-huillipilun-villarricaimmobilien-in-huillipilun-villarrica\\\/#breadcrumb\"},\"inLanguage\":\"de-DE\",\"potentialAction\":[{\"@type\":\"ReadAction\",\"target\":[\"https:\\\/\\\/produncan.cl\\\/de\\\/produkt\\\/parcela-pedregoso-huillipilun-villarricaimmobilien-in-huillipilun-villarrica\\\/\"]}]},{\"@type\":\"ImageObject\",\"inLanguage\":\"de-DE\",\"@id\":\"https:\\\/\\\/produncan.cl\\\/de\\\/produkt\\\/parcela-pedregoso-huillipilun-villarricaimmobilien-in-huillipilun-villarrica\\\/#primaryimage\",\"url\":\"https:\\\/\\\/produncan.cl\\\/wp-content\\\/uploads\\\/2023\\\/07\\\/Parcela-en-venta-Rio-Pedregoso-Huillipilun.webp\",\"contentUrl\":\"https:\\\/\\\/produncan.cl\\\/wp-content\\\/uploads\\\/2023\\\/07\\\/Parcela-en-venta-Rio-Pedregoso-Huillipilun.webp\",\"width\":600,\"height\":450,\"caption\":\"Grundst\u00fcck zum Verkauf Rio Pedregoso Huillipil\u00fan\"},{\"@type\":\"BreadcrumbList\",\"@id\":\"https:\\\/\\\/produncan.cl\\\/de\\\/produkt\\\/parcela-pedregoso-huillipilun-villarricaimmobilien-in-huillipilun-villarrica\\\/#breadcrumb\",\"itemListElement\":[{\"@type\":\"ListItem\",\"position\":1,\"name\":\"Inicio\",\"item\":\"https:\\\/\\\/produncan.cl\\\/de\\\/\"},{\"@type\":\"ListItem\",\"position\":2,\"name\":\"Eigenschaften\",\"item\":\"https:\\\/\\\/produncan.cl\\\/propiedades\\\/\"},{\"@type\":\"ListItem\",\"position\":3,\"name\":\"Grundst\u00fccke\",\"item\":\"https:\\\/\\\/produncan.cl\\\/de\\\/kategorie\\\/grundstuecke\\\/\"},{\"@type\":\"ListItem\",\"position\":4,\"name\":\"Parcela Pedregoso &#8211; Huillipil\u00fan, VillarricaImmobilien in Huillipil\u00fan Villarrica\"}]},{\"@type\":\"WebSite\",\"@id\":\"https:\\\/\\\/produncan.cl\\\/de\\\/#website\",\"url\":\"https:\\\/\\\/produncan.cl\\\/de\\\/\",\"name\":\"Produncan\",\"description\":\"Wir begleiten Sie bei Ihrem Lebensprojekt!\",\"publisher\":{\"@id\":\"https:\\\/\\\/produncan.cl\\\/de\\\/#organization\"},\"potentialAction\":[{\"@type\":\"SearchAction\",\"target\":{\"@type\":\"EntryPoint\",\"urlTemplate\":\"https:\\\/\\\/produncan.cl\\\/de\\\/?s={search_term_string}\"},\"query-input\":{\"@type\":\"PropertyValueSpecification\",\"valueRequired\":true,\"valueName\":\"search_term_string\"}}],\"inLanguage\":\"de-DE\"},{\"@type\":\"Organization\",\"@id\":\"https:\\\/\\\/produncan.cl\\\/de\\\/#organization\",\"name\":\"Produncan\",\"url\":\"https:\\\/\\\/produncan.cl\\\/de\\\/\",\"logo\":{\"@type\":\"ImageObject\",\"inLanguage\":\"de-DE\",\"@id\":\"https:\\\/\\\/produncan.cl\\\/de\\\/#\\\/schema\\\/logo\\\/image\\\/\",\"url\":\"https:\\\/\\\/produncan.cl\\\/wp-content\\\/uploads\\\/2021\\\/03\\\/LOGO.jpeg\",\"contentUrl\":\"https:\\\/\\\/produncan.cl\\\/wp-content\\\/uploads\\\/2021\\\/03\\\/LOGO.jpeg\",\"width\":1280,\"height\":903,\"caption\":\"Produncan\"},\"image\":{\"@id\":\"https:\\\/\\\/produncan.cl\\\/de\\\/#\\\/schema\\\/logo\\\/image\\\/\"},\"sameAs\":[\"https:\\\/\\\/web.facebook.com\\\/produncanland\",\"https:\\\/\\\/www.instagram.com\\\/pro_duncan\\\/\",\"https:\\\/\\\/www.linkedin.com\\\/company\\\/produncan-lands\\\/\",\"https:\\\/\\\/www.youtube.com\\\/channel\\\/UCu7N-f3x0svkazD-Eew1-QQ\"],\"description\":\"En Produncan somos especialistas en la venta de terrenos en el sur de Chile. Proveemos estancias, campos, parcelas y hoteles.\",\"email\":\"info@produncan.cl\"}]}<\/script>\n<meta property=\"og:video\" content=\"https:\/\/www.youtube.com\/embed\/Zlqgy3S5gGo\" \/>\n<meta property=\"og:video:type\" content=\"text\/html\" \/>\n<meta property=\"og:video:duration\" content=\"57\" \/>\n<meta property=\"og:video:width\" content=\"480\" \/>\n<meta property=\"og:video:height\" content=\"360\" \/>\n<meta property=\"ya:ovs:adult\" content=\"false\" \/>\n<meta property=\"ya:ovs:upload_date\" content=\"2023-07-19T20:04:22+00:00\" \/>\n<meta property=\"ya:ovs:allow_embed\" content=\"true\" \/>\n<meta property=\"product:price:amount\" content=\"67400.00\" \/>\n<meta property=\"product:price:currency\" content=\"USD\" \/>\n<meta property=\"og:availability\" content=\"instock\" \/>\n<meta property=\"product:availability\" content=\"instock\" \/>\n<meta property=\"product:condition\" content=\"new\" \/>\n<!-- \/ Yoast SEO Premium plugin. -->","yoast_head_json":{"title":"Parcela Pedregoso in Huillipil\u00fan - Villarrica - Produncan","description":"Wundersch\u00f6nes, gr\u00f6\u00dftenteils ger\u00e4umtes Grundst\u00fcck von 5026m\u00b2 mit Blick auf den See und den Vulkan Villarrica mit ausgezeichnetem Zugang. Nur 12 Minuten von Villarrica entfernt;","robots":{"index":"index","follow":"follow","max-snippet":"max-snippet:-1","max-image-preview":"max-image-preview:large","max-video-preview":"max-video-preview:-1"},"canonical":"https:\/\/produncan.cl\/de\/produkt\/parcela-pedregoso-huillipilun-villarricaimmobilien-in-huillipilun-villarrica\/","og_locale":"de_DE","og_type":"article","og_title":"Parcela Pedregoso - Huillipil\u00fan, VillarricaImmobilien in Huillipil\u00fan Villarrica","og_description":"Wundersch\u00f6nes, gr\u00f6\u00dftenteils ger\u00e4umtes Grundst\u00fcck von 5026m\u00b2 mit Blick auf den See und den Vulkan Villarrica mit ausgezeichnetem Zugang. Nur 12 Minuten von Villarrica entfernt;","og_url":"https:\/\/produncan.cl\/de\/produkt\/parcela-pedregoso-huillipilun-villarricaimmobilien-in-huillipilun-villarrica\/","og_site_name":"Produncan","article_publisher":"https:\/\/web.facebook.com\/produncanland","article_modified_time":"2025-11-24T21:14:49+00:00","og_image":[{"width":600,"height":450,"url":"https:\/\/produncan.cl\/wp-content\/uploads\/2023\/07\/Parcela-en-venta-Rio-Pedregoso-Huillipilun.webp","type":"image\/webp"}],"twitter_card":"summary_large_image","twitter_misc":{"Price":"USD67.400,00","Availability":"In stock"},"schema":{"@context":"https:\/\/schema.org","@graph":[{"@type":"WebPage","@id":"https:\/\/produncan.cl\/de\/produkt\/parcela-pedregoso-huillipilun-villarricaimmobilien-in-huillipilun-villarrica\/","url":"https:\/\/produncan.cl\/de\/produkt\/parcela-pedregoso-huillipilun-villarricaimmobilien-in-huillipilun-villarrica\/","name":"Parcela Pedregoso in Huillipil\u00fan - Villarrica - Produncan","isPartOf":{"@id":"https:\/\/produncan.cl\/de\/#website"},"primaryImageOfPage":{"@id":"https:\/\/produncan.cl\/de\/produkt\/parcela-pedregoso-huillipilun-villarricaimmobilien-in-huillipilun-villarrica\/#primaryimage"},"image":{"@id":"https:\/\/produncan.cl\/de\/produkt\/parcela-pedregoso-huillipilun-villarricaimmobilien-in-huillipilun-villarrica\/#primaryimage"},"thumbnailUrl":"https:\/\/produncan.cl\/wp-content\/uploads\/2023\/07\/Parcela-en-venta-Rio-Pedregoso-Huillipilun.webp","datePublished":"2023-07-19T20:04:22+00:00","dateModified":"2025-11-24T21:14:49+00:00","description":"Wundersch\u00f6nes, gr\u00f6\u00dftenteils ger\u00e4umtes Grundst\u00fcck von 5026m\u00b2 mit Blick auf den See und den Vulkan Villarrica mit ausgezeichnetem Zugang. Nur 12 Minuten von Villarrica entfernt;","breadcrumb":{"@id":"https:\/\/produncan.cl\/de\/produkt\/parcela-pedregoso-huillipilun-villarricaimmobilien-in-huillipilun-villarrica\/#breadcrumb"},"inLanguage":"de-DE","potentialAction":[{"@type":"ReadAction","target":["https:\/\/produncan.cl\/de\/produkt\/parcela-pedregoso-huillipilun-villarricaimmobilien-in-huillipilun-villarrica\/"]}]},{"@type":"ImageObject","inLanguage":"de-DE","@id":"https:\/\/produncan.cl\/de\/produkt\/parcela-pedregoso-huillipilun-villarricaimmobilien-in-huillipilun-villarrica\/#primaryimage","url":"https:\/\/produncan.cl\/wp-content\/uploads\/2023\/07\/Parcela-en-venta-Rio-Pedregoso-Huillipilun.webp","contentUrl":"https:\/\/produncan.cl\/wp-content\/uploads\/2023\/07\/Parcela-en-venta-Rio-Pedregoso-Huillipilun.webp","width":600,"height":450,"caption":"Grundst\u00fcck zum Verkauf Rio Pedregoso Huillipil\u00fan"},{"@type":"BreadcrumbList","@id":"https:\/\/produncan.cl\/de\/produkt\/parcela-pedregoso-huillipilun-villarricaimmobilien-in-huillipilun-villarrica\/#breadcrumb","itemListElement":[{"@type":"ListItem","position":1,"name":"Inicio","item":"https:\/\/produncan.cl\/de\/"},{"@type":"ListItem","position":2,"name":"Eigenschaften","item":"https:\/\/produncan.cl\/propiedades\/"},{"@type":"ListItem","position":3,"name":"Grundst\u00fccke","item":"https:\/\/produncan.cl\/de\/kategorie\/grundstuecke\/"},{"@type":"ListItem","position":4,"name":"Parcela Pedregoso &#8211; Huillipil\u00fan, VillarricaImmobilien in Huillipil\u00fan Villarrica"}]},{"@type":"WebSite","@id":"https:\/\/produncan.cl\/de\/#website","url":"https:\/\/produncan.cl\/de\/","name":"Produncan","description":"Wir begleiten Sie bei Ihrem Lebensprojekt!","publisher":{"@id":"https:\/\/produncan.cl\/de\/#organization"},"potentialAction":[{"@type":"SearchAction","target":{"@type":"EntryPoint","urlTemplate":"https:\/\/produncan.cl\/de\/?s={search_term_string}"},"query-input":{"@type":"PropertyValueSpecification","valueRequired":true,"valueName":"search_term_string"}}],"inLanguage":"de-DE"},{"@type":"Organization","@id":"https:\/\/produncan.cl\/de\/#organization","name":"Produncan","url":"https:\/\/produncan.cl\/de\/","logo":{"@type":"ImageObject","inLanguage":"de-DE","@id":"https:\/\/produncan.cl\/de\/#\/schema\/logo\/image\/","url":"https:\/\/produncan.cl\/wp-content\/uploads\/2021\/03\/LOGO.jpeg","contentUrl":"https:\/\/produncan.cl\/wp-content\/uploads\/2021\/03\/LOGO.jpeg","width":1280,"height":903,"caption":"Produncan"},"image":{"@id":"https:\/\/produncan.cl\/de\/#\/schema\/logo\/image\/"},"sameAs":["https:\/\/web.facebook.com\/produncanland","https:\/\/www.instagram.com\/pro_duncan\/","https:\/\/www.linkedin.com\/company\/produncan-lands\/","https:\/\/www.youtube.com\/channel\/UCu7N-f3x0svkazD-Eew1-QQ"],"description":"En Produncan somos especialistas en la venta de terrenos en el sur de Chile. Proveemos estancias, campos, parcelas y hoteles.","email":"info@produncan.cl"}]},"og_video":"https:\/\/www.youtube.com\/embed\/Zlqgy3S5gGo","og_video_type":"text\/html","og_video_duration":"57","og_video_width":"480","og_video_height":"360","ya_ovs_adult":"false","ya_ovs_upload_date":"2023-07-19T20:04:22+00:00","ya_ovs_allow_embed":"true","product_price_amount":"67400.00","product_price_currency":"USD","og_availability":"instock","product_availability":"instock","product_condition":"new"},"_links":{"self":[{"href":"https:\/\/produncan.cl\/de\/wp-json\/wp\/v2\/product\/17486","targetHints":{"allow":["GET"]}}],"collection":[{"href":"https:\/\/produncan.cl\/de\/wp-json\/wp\/v2\/product"}],"about":[{"href":"https:\/\/produncan.cl\/de\/wp-json\/wp\/v2\/types\/product"}],"version-history":[{"count":4,"href":"https:\/\/produncan.cl\/de\/wp-json\/wp\/v2\/product\/17486\/revisions"}],"predecessor-version":[{"id":52732,"href":"https:\/\/produncan.cl\/de\/wp-json\/wp\/v2\/product\/17486\/revisions\/52732"}],"wp:featuredmedia":[{"embeddable":true,"href":"https:\/\/produncan.cl\/de\/wp-json\/wp\/v2\/media\/17022"}],"wp:attachment":[{"href":"https:\/\/produncan.cl\/de\/wp-json\/wp\/v2\/media?parent=17486"}],"wp:term":[{"taxonomy":"product_brand","embeddable":true,"href":"https:\/\/produncan.cl\/de\/wp-json\/wp\/v2\/product_brand?post=17486"},{"taxonomy":"product_cat","embeddable":true,"href":"https:\/\/produncan.cl\/de\/wp-json\/wp\/v2\/product_cat?post=17486"},{"taxonomy":"product_tag","embeddable":true,"href":"https:\/\/produncan.cl\/de\/wp-json\/wp\/v2\/product_tag?post=17486"},{"taxonomy":"regiones","embeddable":true,"href":"https:\/\/produncan.cl\/de\/wp-json\/wp\/v2\/regiones?post=17486"},{"taxonomy":"ciudades","embeddable":true,"href":"https:\/\/produncan.cl\/de\/wp-json\/wp\/v2\/ciudades?post=17486"}],"curies":[{"name":"wp","href":"https:\/\/api.w.org\/{rel}","templated":true}]}}