{"id":17488,"date":"2022-07-17T17:02:07","date_gmt":"2022-07-17T21:02:07","guid":{"rendered":"https:\/\/produncan.cl\/producto\/ralun-tourist-complex-cochamo-region-los-lagos\/"},"modified":"2025-12-26T17:30:18","modified_gmt":"2025-12-26T20:30:18","slug":"ralun-tourist-complex-cochamo-region-los-lagos","status":"publish","type":"product","link":"https:\/\/produncan.cl\/de\/produkt\/ralun-tourist-complex-cochamo-region-los-lagos\/","title":{"rendered":"Ral\u00fan Tourist Complex, Cocham\u00f3 &#8211; Region Los Lagos"},"content":{"rendered":"\t\t<div data-elementor-type=\"product-post\" data-elementor-id=\"17488\" class=\"elementor elementor-17488 elementor-16939\" data-elementor-post-type=\"product\">\n\t\t\t\t<div class=\"elementor-element elementor-element-82015f5 e-flex e-con-boxed e-con e-parent\" data-id=\"82015f5\" data-element_type=\"container\" data-e-type=\"container\" data-settings=\"{&quot;jet_parallax_layout_list&quot;:[]}\">\n\t\t\t\t\t<div class=\"e-con-inner\">\n\t\t\t\t<div class=\"elementor-element elementor-element-b4a249b elementor-widget elementor-widget-heading\" data-id=\"b4a249b\" data-element_type=\"widget\" data-e-type=\"widget\" data-widget_type=\"heading.default\">\n\t\t\t\t\t<h2 class=\"elementor-heading-title elementor-size-default\">Touristischer Komplex an einem zauberhaften Ort am Ufer des Flusses Petrohu\u00e9<\/h2>\t\t\t\t<\/div>\n\t\t\t\t\t<\/div>\n\t\t\t\t<\/div>\n\t\t<div class=\"elementor-element elementor-element-76c681d e-flex e-con-boxed e-con e-parent\" data-id=\"76c681d\" data-element_type=\"container\" data-e-type=\"container\" data-settings=\"{&quot;jet_parallax_layout_list&quot;:[]}\">\n\t\t\t\t\t<div class=\"e-con-inner\">\n\t\t\t\t<div class=\"elementor-element elementor-element-b1ddd83 elementor-widget elementor-widget-text-editor\" data-id=\"b1ddd83\" data-element_type=\"widget\" data-e-type=\"widget\" data-widget_type=\"text-editor.default\">\n\t\t\t\t\t\t\t\t\t<p>Entwickeln Sie Ihr Projekt in einem Touristenkomplex an einem magischen Ort am Ufer des Petrohu\u00e9-Flusses in der Gemeinde Puerto Varas; Diese Immobilie bietet Ihnen eine einzigartige Investitionsm\u00f6glichkeit in einer atemberaubenden nat\u00fcrlichen Umgebung;<\/p>\n<p>Mit einer Gesamtfl\u00e4che von 10.200 m\u00b2 und einer Vielzahl von H\u00fctten, die im Jahr 2010 gebaut wurden, bietet dieser Komplex die M\u00f6glichkeit, ein erfolgreiches Unternehmen im Tourismussektor zu gr\u00fcnden;<\/p>\n<p>Das Anwesen besteht aus einem Haupthaus und drei Cottages mit insgesamt 8 Schlafzimmern und 6 B\u00e4dern; Das Haupthaus hat 3 Schlafzimmer, 2 B\u00e4der, ein Wohnzimmer und ein Esszimmer in der K\u00fcche; Die beiden gro\u00dfen H\u00fctten haben jeweils 2 Schlafzimmer und 1 Badezimmer, w\u00e4hrend die kleine H\u00fctte \u00fcber 1 Schlafzimmer und 1 Badezimmer verf\u00fcgt; Dar\u00fcber hinaus gibt es einen zus\u00e4tzlichen Raum mit 1 Schlafzimmer und 1 Badezimmer, der f\u00fcr verschiedene Zwecke genutzt werden kann, z. B. f\u00fcr den Verkauf von Lebensmitteln oder ein Touristenb\u00fcro; Jede Anlage verf\u00fcgt \u00fcber eine eigene Kl\u00e4rgrube;<\/p>\n<p>Die Anlage verf\u00fcgt \u00fcber gro\u00dfe Terrassen in jeder H\u00fctte, von denen aus Sie einen Panoramablick auf die Berge und den Fluss genie\u00dfen k\u00f6nnen, alles in einer spektakul\u00e4ren nat\u00fcrlichen Umgebung;<\/p>\n<p>Die Anlage ist mit einem Warmwassersystem mit Kalefont- und Thermo-Holzkochern sowie mit Heizsystemen ausgestattet, die langsame Verbrennungs\u00f6fen und \u00d6l umfassen; Die Fenster sind aus PVC gefertigt, das f\u00fcr Isolierung und Energieeffizienz sorgt. Die Wand- und Bodenbel\u00e4ge im Wohn- und Esszimmer sind aus Holz und schaffen eine warme und gem\u00fctliche Atmosph\u00e4re;<\/p>\n<p>Die Anlage verf\u00fcgt \u00fcber 3 Whirlpools, die zum Entspannen und Genie\u00dfen besonderer Momente einladen; Au\u00dferdem gibt es ausreichend Parkpl\u00e4tze f\u00fcr mehr als 15 Fahrzeuge;<\/p>\n<p>Der Komplex wird mit allen M\u00f6beln verkauft, mit Ausnahme des Haupthauses;<\/p>\n<p>Der Zugang zum Grundst\u00fcck erfolgt direkt von einer asphaltierten Stra\u00dfe aus, und das Grundst\u00fcck grenzt auf einer L\u00e4nge von etwa 100 Metern an den Fluss Petrohu\u00e9. Au\u00dferdem gibt es ein gutes Telekommunikationssignal und der Komplex verf\u00fcgt \u00fcber ein Handelspatent f\u00fcr den Verkauf von Lebensmitteln;<\/p>\n<p>In der N\u00e4he befinden sich au\u00dferdem zahlreiche Attraktionen wie der Vulkan Osorno, die Petrohu\u00e9-Wasserf\u00e4lle, Cocham\u00f3, Termas del Sol und der Chapo-See, so dass Ihre G\u00e4ste die M\u00f6glichkeit haben, die Natursch\u00f6nheiten der Region zu erkunden und zu genie\u00dfen;<\/p>\n<p>Der Touristenkomplex R\u00edo Petrohu\u00e9 liegt eine Stunde von Puerto Varas und 20 Minuten von Ensenada entfernt und bietet Ihnen Zugang zu Dienstleistungen, Gesch\u00e4ften und einer breiten Palette an touristischen Aktivit\u00e4ten. Au\u00dferdem gibt es auf der asphaltierten Strecke \u00f6ffentliche Verkehrsmittel, die den G\u00e4sten und dem Personal die Fortbewegung erleichtern.<\/p>\n<p><span style=\"color: var( --e-global-color-text ); font-family: var( --e-global-typography-text-font-family ), Sans-serif; font-weight: var( --e-global-typography-text-font-weight ); text-align: var(--text-align);\">Verpassen Sie nicht die Gelegenheit, in Ihr Traum-Tourismusprojekt zu investieren und Teil dieser aufregenden Branche zu werden; Genie\u00dfen Sie die Vorteile eines eigenen Unternehmens, w\u00e4hrend Sie in einer traumhaften Umgebung leben<\/span><\/p>\n<p>Nehmen Sie noch heute Kontakt mit uns auf und finden Sie heraus, wie Sie es schaffen k\u00f6nnen!<\/p>\n\t\t\t\t\t\t\t\t<\/div>\n\t\t\t\t\t<\/div>\n\t\t\t\t<\/div>\n\t\t\t\t<\/div>\n\t\t","protected":false},"excerpt":{"rendered":"<p>Touristischer Komplex in 100 m Entfernung vom Ufer des Flusses Petrohu\u00e9. Haupthaus, 3 H\u00fctten, Whirlpools, Parkplatz, direkter Zugang von der asphaltierten Stra\u00dfe.<\/p>\n","protected":false},"featured_media":16945,"template":"","meta":{"_acf_changed":false},"product_brand":[],"product_cat":[104],"product_tag":[232,231],"regiones":[226],"ciudades":[],"class_list":{"0":"post-17488","1":"product","2":"type-product","3":"status-publish","4":"has-post-thumbnail","6":"product_cat-ohiggins-los-lagos","7":"product_tag-grundstuecke","8":"product_tag-touristische-immobilien","9":"regiones-nuble-los_lagos","11":"first","12":"instock","13":"shipping-taxable","14":"purchasable","15":"product-type-simple"},"acf":[],"yoast_head":"<!-- This site is optimized with the Yoast SEO Premium plugin v26.0 (Yoast SEO v27.4) - https:\/\/yoast.com\/product\/yoast-seo-premium-wordpress\/ -->\n<title>Ral\u00fan Tourist Complex, Cocham\u00f3 - Region Los Lagos - Produncan<\/title>\n<meta name=\"description\" content=\"Ral\u00fan Tourist Complex, Cocham\u00f3: ein einzigartiger Ort, um die Natur im S\u00fcden Chiles zu genie\u00dfen. H\u00fctten, Camping, Schwimmb\u00e4der und Blick auf den Fluss Ral\u00fan.\" \/>\n<meta name=\"robots\" content=\"index, follow, max-snippet:-1, max-image-preview:large, max-video-preview:-1\" \/>\n<link rel=\"canonical\" href=\"https:\/\/produncan.cl\/de\/produkt\/ralun-tourist-complex-cochamo-region-los-lagos\/\" \/>\n<meta property=\"og:locale\" content=\"de_DE\" \/>\n<meta property=\"og:type\" content=\"article\" \/>\n<meta property=\"og:title\" content=\"Ral\u00fan Tourist Complex, Cocham\u00f3 - Region Los Lagos\" \/>\n<meta property=\"og:description\" content=\"Ral\u00fan Tourist Complex, Cocham\u00f3: ein einzigartiger Ort, um die Natur im S\u00fcden Chiles zu genie\u00dfen. H\u00fctten, Camping, Schwimmb\u00e4der und Blick auf den Fluss Ral\u00fan.\" \/>\n<meta property=\"og:url\" content=\"https:\/\/produncan.cl\/de\/produkt\/ralun-tourist-complex-cochamo-region-los-lagos\/\" \/>\n<meta property=\"og:site_name\" content=\"Produncan\" \/>\n<meta property=\"article:publisher\" content=\"https:\/\/web.facebook.com\/produncanland\" \/>\n<meta property=\"article:modified_time\" content=\"2025-12-26T20:30:18+00:00\" \/>\n<meta property=\"og:image\" content=\"https:\/\/produncan.cl\/wp-content\/uploads\/2023\/07\/Complejo-Turistico-a-la-venta-en-Ralun.webp\" \/>\n\t<meta property=\"og:image:width\" content=\"600\" \/>\n\t<meta property=\"og:image:height\" content=\"450\" \/>\n\t<meta property=\"og:image:type\" content=\"image\/webp\" \/>\n<meta name=\"twitter:card\" content=\"summary_large_image\" \/>\n<meta name=\"twitter:label1\" content=\"Price\" \/>\n\t<meta name=\"twitter:data1\" content=\"USD849.800,00\" \/>\n\t<meta name=\"twitter:label2\" content=\"Availability\" \/>\n\t<meta name=\"twitter:data2\" content=\"In stock\" \/>\n<script type=\"application\/ld+json\" class=\"yoast-schema-graph\">{\"@context\":\"https:\\\/\\\/schema.org\",\"@graph\":[{\"@type\":\"WebPage\",\"@id\":\"https:\\\/\\\/produncan.cl\\\/de\\\/produkt\\\/ralun-tourist-complex-cochamo-region-los-lagos\\\/\",\"url\":\"https:\\\/\\\/produncan.cl\\\/de\\\/produkt\\\/ralun-tourist-complex-cochamo-region-los-lagos\\\/\",\"name\":\"Ral\u00fan Tourist Complex, Cocham\u00f3 - Region Los Lagos - Produncan\",\"isPartOf\":{\"@id\":\"https:\\\/\\\/produncan.cl\\\/de\\\/#website\"},\"primaryImageOfPage\":{\"@id\":\"https:\\\/\\\/produncan.cl\\\/de\\\/produkt\\\/ralun-tourist-complex-cochamo-region-los-lagos\\\/#primaryimage\"},\"image\":{\"@id\":\"https:\\\/\\\/produncan.cl\\\/de\\\/produkt\\\/ralun-tourist-complex-cochamo-region-los-lagos\\\/#primaryimage\"},\"thumbnailUrl\":\"https:\\\/\\\/produncan.cl\\\/wp-content\\\/uploads\\\/2023\\\/07\\\/Complejo-Turistico-a-la-venta-en-Ralun.webp\",\"datePublished\":\"2022-07-17T21:02:07+00:00\",\"dateModified\":\"2025-12-26T20:30:18+00:00\",\"description\":\"Ral\u00fan Tourist Complex, Cocham\u00f3: ein einzigartiger Ort, um die Natur im S\u00fcden Chiles zu genie\u00dfen. H\u00fctten, Camping, Schwimmb\u00e4der und Blick auf den Fluss Ral\u00fan.\",\"breadcrumb\":{\"@id\":\"https:\\\/\\\/produncan.cl\\\/de\\\/produkt\\\/ralun-tourist-complex-cochamo-region-los-lagos\\\/#breadcrumb\"},\"inLanguage\":\"de-DE\",\"potentialAction\":[{\"@type\":\"ReadAction\",\"target\":[\"https:\\\/\\\/produncan.cl\\\/de\\\/produkt\\\/ralun-tourist-complex-cochamo-region-los-lagos\\\/\"]}]},{\"@type\":\"ImageObject\",\"inLanguage\":\"de-DE\",\"@id\":\"https:\\\/\\\/produncan.cl\\\/de\\\/produkt\\\/ralun-tourist-complex-cochamo-region-los-lagos\\\/#primaryimage\",\"url\":\"https:\\\/\\\/produncan.cl\\\/wp-content\\\/uploads\\\/2023\\\/07\\\/Complejo-Turistico-a-la-venta-en-Ralun.webp\",\"contentUrl\":\"https:\\\/\\\/produncan.cl\\\/wp-content\\\/uploads\\\/2023\\\/07\\\/Complejo-Turistico-a-la-venta-en-Ralun.webp\",\"width\":600,\"height\":450},{\"@type\":\"BreadcrumbList\",\"@id\":\"https:\\\/\\\/produncan.cl\\\/de\\\/produkt\\\/ralun-tourist-complex-cochamo-region-los-lagos\\\/#breadcrumb\",\"itemListElement\":[{\"@type\":\"ListItem\",\"position\":1,\"name\":\"Inicio\",\"item\":\"https:\\\/\\\/produncan.cl\\\/de\\\/\"},{\"@type\":\"ListItem\",\"position\":2,\"name\":\"Eigenschaften\",\"item\":\"https:\\\/\\\/produncan.cl\\\/propiedades\\\/\"},{\"@type\":\"ListItem\",\"position\":3,\"name\":\"Grundst\u00fccke\",\"item\":\"https:\\\/\\\/produncan.cl\\\/de\\\/kategorie\\\/grundstuecke\\\/\"},{\"@type\":\"ListItem\",\"position\":4,\"name\":\"Ral\u00fan Tourist Complex, Cocham\u00f3 &#8211; Region Los Lagos\"}]},{\"@type\":\"WebSite\",\"@id\":\"https:\\\/\\\/produncan.cl\\\/de\\\/#website\",\"url\":\"https:\\\/\\\/produncan.cl\\\/de\\\/\",\"name\":\"Produncan\",\"description\":\"Wir begleiten Sie bei Ihrem Lebensprojekt!\",\"publisher\":{\"@id\":\"https:\\\/\\\/produncan.cl\\\/de\\\/#organization\"},\"potentialAction\":[{\"@type\":\"SearchAction\",\"target\":{\"@type\":\"EntryPoint\",\"urlTemplate\":\"https:\\\/\\\/produncan.cl\\\/de\\\/?s={search_term_string}\"},\"query-input\":{\"@type\":\"PropertyValueSpecification\",\"valueRequired\":true,\"valueName\":\"search_term_string\"}}],\"inLanguage\":\"de-DE\"},{\"@type\":\"Organization\",\"@id\":\"https:\\\/\\\/produncan.cl\\\/de\\\/#organization\",\"name\":\"Produncan\",\"url\":\"https:\\\/\\\/produncan.cl\\\/de\\\/\",\"logo\":{\"@type\":\"ImageObject\",\"inLanguage\":\"de-DE\",\"@id\":\"https:\\\/\\\/produncan.cl\\\/de\\\/#\\\/schema\\\/logo\\\/image\\\/\",\"url\":\"https:\\\/\\\/produncan.cl\\\/wp-content\\\/uploads\\\/2021\\\/03\\\/LOGO.jpeg\",\"contentUrl\":\"https:\\\/\\\/produncan.cl\\\/wp-content\\\/uploads\\\/2021\\\/03\\\/LOGO.jpeg\",\"width\":1280,\"height\":903,\"caption\":\"Produncan\"},\"image\":{\"@id\":\"https:\\\/\\\/produncan.cl\\\/de\\\/#\\\/schema\\\/logo\\\/image\\\/\"},\"sameAs\":[\"https:\\\/\\\/web.facebook.com\\\/produncanland\",\"https:\\\/\\\/www.instagram.com\\\/pro_duncan\\\/\",\"https:\\\/\\\/www.linkedin.com\\\/company\\\/produncan-lands\\\/\",\"https:\\\/\\\/www.youtube.com\\\/channel\\\/UCu7N-f3x0svkazD-Eew1-QQ\"],\"description\":\"En Produncan somos especialistas en la venta de terrenos en el sur de Chile. Proveemos estancias, campos, parcelas y hoteles.\",\"email\":\"info@produncan.cl\"}]}<\/script>\n<meta property=\"og:video\" content=\"https:\/\/www.youtube.com\/embed\/IxQTkQ-vtsk\" \/>\n<meta property=\"og:video:type\" content=\"text\/html\" \/>\n<meta property=\"og:video:duration\" content=\"88\" \/>\n<meta property=\"og:video:width\" content=\"480\" \/>\n<meta property=\"og:video:height\" content=\"360\" \/>\n<meta property=\"ya:ovs:adult\" content=\"false\" \/>\n<meta property=\"ya:ovs:upload_date\" content=\"2022-07-17T21:02:07+00:00\" \/>\n<meta property=\"ya:ovs:allow_embed\" content=\"true\" \/>\n<meta property=\"product:price:amount\" content=\"849800.00\" \/>\n<meta property=\"product:price:currency\" content=\"USD\" \/>\n<meta property=\"og:availability\" content=\"instock\" \/>\n<meta property=\"product:availability\" content=\"instock\" \/>\n<meta property=\"product:condition\" content=\"new\" \/>\n<!-- \/ Yoast SEO Premium plugin. -->","yoast_head_json":{"title":"Ral\u00fan Tourist Complex, Cocham\u00f3 - Region Los Lagos - Produncan","description":"Ral\u00fan Tourist Complex, Cocham\u00f3: ein einzigartiger Ort, um die Natur im S\u00fcden Chiles zu genie\u00dfen. H\u00fctten, Camping, Schwimmb\u00e4der und Blick auf den Fluss Ral\u00fan.","robots":{"index":"index","follow":"follow","max-snippet":"max-snippet:-1","max-image-preview":"max-image-preview:large","max-video-preview":"max-video-preview:-1"},"canonical":"https:\/\/produncan.cl\/de\/produkt\/ralun-tourist-complex-cochamo-region-los-lagos\/","og_locale":"de_DE","og_type":"article","og_title":"Ral\u00fan Tourist Complex, Cocham\u00f3 - Region Los Lagos","og_description":"Ral\u00fan Tourist Complex, Cocham\u00f3: ein einzigartiger Ort, um die Natur im S\u00fcden Chiles zu genie\u00dfen. H\u00fctten, Camping, Schwimmb\u00e4der und Blick auf den Fluss Ral\u00fan.","og_url":"https:\/\/produncan.cl\/de\/produkt\/ralun-tourist-complex-cochamo-region-los-lagos\/","og_site_name":"Produncan","article_publisher":"https:\/\/web.facebook.com\/produncanland","article_modified_time":"2025-12-26T20:30:18+00:00","og_image":[{"width":600,"height":450,"url":"https:\/\/produncan.cl\/wp-content\/uploads\/2023\/07\/Complejo-Turistico-a-la-venta-en-Ralun.webp","type":"image\/webp"}],"twitter_card":"summary_large_image","twitter_misc":{"Price":"USD849.800,00","Availability":"In stock"},"schema":{"@context":"https:\/\/schema.org","@graph":[{"@type":"WebPage","@id":"https:\/\/produncan.cl\/de\/produkt\/ralun-tourist-complex-cochamo-region-los-lagos\/","url":"https:\/\/produncan.cl\/de\/produkt\/ralun-tourist-complex-cochamo-region-los-lagos\/","name":"Ral\u00fan Tourist Complex, Cocham\u00f3 - Region Los Lagos - Produncan","isPartOf":{"@id":"https:\/\/produncan.cl\/de\/#website"},"primaryImageOfPage":{"@id":"https:\/\/produncan.cl\/de\/produkt\/ralun-tourist-complex-cochamo-region-los-lagos\/#primaryimage"},"image":{"@id":"https:\/\/produncan.cl\/de\/produkt\/ralun-tourist-complex-cochamo-region-los-lagos\/#primaryimage"},"thumbnailUrl":"https:\/\/produncan.cl\/wp-content\/uploads\/2023\/07\/Complejo-Turistico-a-la-venta-en-Ralun.webp","datePublished":"2022-07-17T21:02:07+00:00","dateModified":"2025-12-26T20:30:18+00:00","description":"Ral\u00fan Tourist Complex, Cocham\u00f3: ein einzigartiger Ort, um die Natur im S\u00fcden Chiles zu genie\u00dfen. H\u00fctten, Camping, Schwimmb\u00e4der und Blick auf den Fluss Ral\u00fan.","breadcrumb":{"@id":"https:\/\/produncan.cl\/de\/produkt\/ralun-tourist-complex-cochamo-region-los-lagos\/#breadcrumb"},"inLanguage":"de-DE","potentialAction":[{"@type":"ReadAction","target":["https:\/\/produncan.cl\/de\/produkt\/ralun-tourist-complex-cochamo-region-los-lagos\/"]}]},{"@type":"ImageObject","inLanguage":"de-DE","@id":"https:\/\/produncan.cl\/de\/produkt\/ralun-tourist-complex-cochamo-region-los-lagos\/#primaryimage","url":"https:\/\/produncan.cl\/wp-content\/uploads\/2023\/07\/Complejo-Turistico-a-la-venta-en-Ralun.webp","contentUrl":"https:\/\/produncan.cl\/wp-content\/uploads\/2023\/07\/Complejo-Turistico-a-la-venta-en-Ralun.webp","width":600,"height":450},{"@type":"BreadcrumbList","@id":"https:\/\/produncan.cl\/de\/produkt\/ralun-tourist-complex-cochamo-region-los-lagos\/#breadcrumb","itemListElement":[{"@type":"ListItem","position":1,"name":"Inicio","item":"https:\/\/produncan.cl\/de\/"},{"@type":"ListItem","position":2,"name":"Eigenschaften","item":"https:\/\/produncan.cl\/propiedades\/"},{"@type":"ListItem","position":3,"name":"Grundst\u00fccke","item":"https:\/\/produncan.cl\/de\/kategorie\/grundstuecke\/"},{"@type":"ListItem","position":4,"name":"Ral\u00fan Tourist Complex, Cocham\u00f3 &#8211; Region Los Lagos"}]},{"@type":"WebSite","@id":"https:\/\/produncan.cl\/de\/#website","url":"https:\/\/produncan.cl\/de\/","name":"Produncan","description":"Wir begleiten Sie bei Ihrem Lebensprojekt!","publisher":{"@id":"https:\/\/produncan.cl\/de\/#organization"},"potentialAction":[{"@type":"SearchAction","target":{"@type":"EntryPoint","urlTemplate":"https:\/\/produncan.cl\/de\/?s={search_term_string}"},"query-input":{"@type":"PropertyValueSpecification","valueRequired":true,"valueName":"search_term_string"}}],"inLanguage":"de-DE"},{"@type":"Organization","@id":"https:\/\/produncan.cl\/de\/#organization","name":"Produncan","url":"https:\/\/produncan.cl\/de\/","logo":{"@type":"ImageObject","inLanguage":"de-DE","@id":"https:\/\/produncan.cl\/de\/#\/schema\/logo\/image\/","url":"https:\/\/produncan.cl\/wp-content\/uploads\/2021\/03\/LOGO.jpeg","contentUrl":"https:\/\/produncan.cl\/wp-content\/uploads\/2021\/03\/LOGO.jpeg","width":1280,"height":903,"caption":"Produncan"},"image":{"@id":"https:\/\/produncan.cl\/de\/#\/schema\/logo\/image\/"},"sameAs":["https:\/\/web.facebook.com\/produncanland","https:\/\/www.instagram.com\/pro_duncan\/","https:\/\/www.linkedin.com\/company\/produncan-lands\/","https:\/\/www.youtube.com\/channel\/UCu7N-f3x0svkazD-Eew1-QQ"],"description":"En Produncan somos especialistas en la venta de terrenos en el sur de Chile. Proveemos estancias, campos, parcelas y hoteles.","email":"info@produncan.cl"}]},"og_video":"https:\/\/www.youtube.com\/embed\/IxQTkQ-vtsk","og_video_type":"text\/html","og_video_duration":"88","og_video_width":"480","og_video_height":"360","ya_ovs_adult":"false","ya_ovs_upload_date":"2022-07-17T21:02:07+00:00","ya_ovs_allow_embed":"true","product_price_amount":"849800.00","product_price_currency":"USD","og_availability":"instock","product_availability":"instock","product_condition":"new"},"_links":{"self":[{"href":"https:\/\/produncan.cl\/de\/wp-json\/wp\/v2\/product\/17488","targetHints":{"allow":["GET"]}}],"collection":[{"href":"https:\/\/produncan.cl\/de\/wp-json\/wp\/v2\/product"}],"about":[{"href":"https:\/\/produncan.cl\/de\/wp-json\/wp\/v2\/types\/product"}],"version-history":[{"count":2,"href":"https:\/\/produncan.cl\/de\/wp-json\/wp\/v2\/product\/17488\/revisions"}],"predecessor-version":[{"id":54289,"href":"https:\/\/produncan.cl\/de\/wp-json\/wp\/v2\/product\/17488\/revisions\/54289"}],"wp:featuredmedia":[{"embeddable":true,"href":"https:\/\/produncan.cl\/de\/wp-json\/wp\/v2\/media\/16945"}],"wp:attachment":[{"href":"https:\/\/produncan.cl\/de\/wp-json\/wp\/v2\/media?parent=17488"}],"wp:term":[{"taxonomy":"product_brand","embeddable":true,"href":"https:\/\/produncan.cl\/de\/wp-json\/wp\/v2\/product_brand?post=17488"},{"taxonomy":"product_cat","embeddable":true,"href":"https:\/\/produncan.cl\/de\/wp-json\/wp\/v2\/product_cat?post=17488"},{"taxonomy":"product_tag","embeddable":true,"href":"https:\/\/produncan.cl\/de\/wp-json\/wp\/v2\/product_tag?post=17488"},{"taxonomy":"regiones","embeddable":true,"href":"https:\/\/produncan.cl\/de\/wp-json\/wp\/v2\/regiones?post=17488"},{"taxonomy":"ciudades","embeddable":true,"href":"https:\/\/produncan.cl\/de\/wp-json\/wp\/v2\/ciudades?post=17488"}],"curies":[{"name":"wp","href":"https:\/\/api.w.org\/{rel}","templated":true}]}}