{"id":17648,"date":"2023-08-21T16:58:18","date_gmt":"2023-08-21T20:58:18","guid":{"rendered":"https:\/\/produncan.cl\/producto\/grundstueck-mit-haus-los-ulmos-ensenada-puerto-varas\/"},"modified":"2025-12-26T17:19:54","modified_gmt":"2025-12-26T20:19:54","slug":"grundstueck-mit-haus-los-ulmos-ensenada-puerto-varas","status":"publish","type":"product","link":"https:\/\/produncan.cl\/de\/produkt\/grundstueck-mit-haus-los-ulmos-ensenada-puerto-varas\/","title":{"rendered":"Grundst\u00fcck mit Haus Los Ulmos &#8211; Ensenada, Puerto Varas"},"content":{"rendered":"\t\t<div data-elementor-type=\"product-post\" data-elementor-id=\"17648\" class=\"elementor elementor-17648 elementor-17550\" data-elementor-post-type=\"product\">\n\t\t\t\t<div class=\"elementor-element elementor-element-2e816de e-flex e-con-boxed e-con e-parent\" data-id=\"2e816de\" data-element_type=\"container\" data-e-type=\"container\" data-settings=\"{&quot;jet_parallax_layout_list&quot;:[]}\">\n\t\t\t\t\t<div class=\"e-con-inner\">\n\t\t\t\t<div class=\"elementor-element elementor-element-d34b2b7 elementor-widget elementor-widget-heading\" data-id=\"d34b2b7\" data-element_type=\"widget\" data-e-type=\"widget\" data-widget_type=\"heading.default\">\n\t\t\t\t\t<h2 class=\"elementor-heading-title elementor-size-default\">Spektakul\u00e4res Grundst\u00fcck mit Haus in der N\u00e4he von Ensenada<\/h2>\t\t\t\t<\/div>\n\t\t\t\t\t<\/div>\n\t\t\t\t<\/div>\n\t\t<div class=\"elementor-element elementor-element-69fcc34 e-flex e-con-boxed e-con e-parent\" data-id=\"69fcc34\" data-element_type=\"container\" data-e-type=\"container\" data-settings=\"{&quot;jet_parallax_layout_list&quot;:[]}\">\n\t\t\t\t\t<div class=\"e-con-inner\">\n\t\t\t\t<div class=\"elementor-element elementor-element-dabd5cc elementor-widget elementor-widget-text-editor\" data-id=\"dabd5cc\" data-element_type=\"widget\" data-e-type=\"widget\" data-widget_type=\"text-editor.default\">\n\t\t\t\t\t\t\t\t\t<p>Entdecken Sie die Parcela con casa de los Ulmos in Ensenada, Puerto Varas, eine Ecke mit Charme und Gelassenheit, eingebettet in ein sch\u00f6nes \u00f6kologisches Projekt mit kontrolliertem Zugang.<\/p>\n<p><span style=\"color: var( --e-global-color-text ); font-family: var( --e-global-typography-text-font-family ), Sans-serif; font-weight: var( --e-global-typography-text-font-weight ); text-align: var(--text-align);\">Dieses Grundst\u00fcck mit Haus ist au\u00dfergew\u00f6hnlich, es liegt auf einem 5000m\u00b2 gro\u00dfen Grundst\u00fcck mit majest\u00e4tischer Aussicht und bietet Ihnen die M\u00f6glichkeit, unabh\u00e4ngig und in v\u00f6lliger Harmonie mit der Natur zu leben. Hier sind Sie von einheimischen B\u00e4umen umgeben, haben einen Panoramablick auf die Vulkane Calbuco und Osorno und befinden sich in der N\u00e4he der Fl\u00fcsse Tepu und Blanco.<\/span><\/p>\n<p><span style=\"color: var( --e-global-color-text ); font-family: var( --e-global-typography-text-font-family ), Sans-serif; font-weight: var( --e-global-typography-text-font-weight ); text-align: var(--text-align);\">Dieses im Jahr 2010 erbaute Haus mit 300 m\u00b2 Wohnfl\u00e4che und 35 m\u00b2 Terrasse ist auf drei Ebenen verteilt.<\/span><\/p>\n<p><span style=\"color: var( --e-global-color-text ); font-family: var( --e-global-typography-text-font-family ), Sans-serif; font-weight: var( --e-global-typography-text-font-weight ); text-align: var(--text-align);\">Im ersten Stock finden Sie zwei \u00fcberdachte Parkpl\u00e4tze, eine Waschk\u00fcche, ein gro\u00dfes Wohnzimmer mit Bad und einen Holzofen zum Heizen. Im ersten Stock befinden sich ein Wohn- und Esszimmer mit gro\u00dfz\u00fcgigen Fenstern, eine ger\u00e4umige \u00fcberdachte Terrasse, die den gesamten Umfang des Wohnzimmers umgibt, und eine offene K\u00fcche auf einer h\u00f6heren Ebene als das Wohnzimmer, zusammen mit einem ger\u00e4umigen Esszimmer aus Holz. Au\u00dferdem befinden sich auf dieser Ebene das Hauptschlafzimmer, ein Badezimmer, ein Wohnzimmer und eine langsame Verbrennungsheizung. Im dritten Stock befinden sich zwei Schlafzimmer, ein Badezimmer und ein zus\u00e4tzliches gem\u00fctliches Wohnzimmer.<\/span><\/p>\n<p><span style=\"color: var( --e-global-color-text ); font-family: var( --e-global-typography-text-font-family ), Sans-serif; font-weight: var( --e-global-typography-text-font-weight ); text-align: var(--text-align);\">Das Innere des Hauses ist vollst\u00e4ndig mit einheimischem Holz verkleidet, weist freiliegende Oregon-Kiefernbalken und Massivholzt\u00fcren auf und ist von au\u00dfen mit Zink verkleidet, was seine Langlebigkeit garantiert.<\/span><\/p>\n<p><span style=\"color: var( --e-global-color-text ); font-family: var( --e-global-typography-text-font-family ), Sans-serif; font-weight: var( --e-global-typography-text-font-weight ); text-align: var(--text-align);\">Au\u00dferdem verf\u00fcgt das Grundst\u00fcck mit Haus in Ensenada \u00fcber einen Weinkeller, den Sie je nach Wunsch behalten oder abbauen k\u00f6nnen, wobei sich der Eigent\u00fcmer verpflichtet, das Material mitzunehmen, wenn Sie es w\u00fcnschen. La casa se vende tanto con muebles como sin ellos, adapt\u00e1ndose a tus necesidades.<\/span><\/p>\n<p><span style=\"color: var( --e-global-color-text ); font-family: var( --e-global-typography-text-font-family ), Sans-serif; font-weight: var( --e-global-typography-text-font-weight ); text-align: var(--text-align);\">Das Haus ist so konzipiert, dass es den Panoramablick auf den Llanquihue-See, die Vulkane und die Gebirgskette voll ausnutzt und Ihnen einen idealen Platz bietet, um die Natur zu genie\u00dfen.<\/span><\/p>\n<p><span style=\"color: var( --e-global-color-text ); font-family: var( --e-global-typography-text-font-family ), Sans-serif; font-weight: var( --e-global-typography-text-font-weight ); text-align: var(--text-align);\">Auf dem Grundst\u00fcck gibt es Strom von der Firma Crell, ein solides Telefonsignal und Wasser aus einem Bach, der von der Schmelze des Vulkans Calbuco gespeist wird und f\u00fcr seine Reinheit bekannt ist.<\/span><\/p>\n<p><span style=\"color: var( --e-global-color-text ); font-family: var( --e-global-typography-text-font-family ), Sans-serif; font-weight: var( --e-global-typography-text-font-weight ); text-align: var(--text-align);\">Das Grundst\u00fcck liegt 6,5 km von der Asphaltstra\u00dfe entfernt, die n\u00e4chste Stadt ist Ensenada und Puerto Varas ist nur eine kurze Autofahrt entfernt. Der Flughafen ist etwa eine Stunde entfernt, und \u00f6ffentliche Verkehrsmittel gibt es entlang der Route 225;<\/span><\/p>\n<p><span style=\"color: var( --e-global-color-text ); font-family: var( --e-global-typography-text-font-family ), Sans-serif; font-weight: var( --e-global-typography-text-font-weight ); text-align: var(--text-align);\">Umgeben von unber\u00fchrter Natur bietet das Grundst\u00fcck eine vielf\u00e4ltige Flora des Valdivianischen Waldes, mit vorherrschenden Arten wie Coig\u00fce und Ulmo, sowie eine reiche einheimische Fauna, zu der unter anderem F\u00fcchse, Hasen, Chucaos, Adler und Kondore geh\u00f6ren;<\/span><\/p>\n<p><span style=\"color: var( --e-global-color-text ); font-family: var( --e-global-typography-text-font-family ), Sans-serif; font-weight: var( --e-global-typography-text-font-weight ); text-align: var(--text-align);\">Das Grundst\u00fcck ist derzeit Teil eines \u00f6kologischen Schutzprojekts, bei dem jeder Eigent\u00fcmer einen Anteil besitzt, der ihm Zugang zu 5000 m\u00b2 f\u00fcr den Bau des Hauses und 300 Hektar Gemeindeland gew\u00e4hrt; Mit einem &#8220;Dorf&#8221; Zonierung und interne Vorschriften, gemeinsame Kosten von UF1,4 pro Monat sind derzeit bezahlt; Die Verwaltung hat beschlossen, dass jeder Eigent\u00fcmer seine eigene Rolle erh\u00e4lt, die in den kommenden Monaten in Kraft treten wird;<\/span><\/p>\n<p><span style=\"color: var( --e-global-color-text ); font-family: var( --e-global-typography-text-font-family ), Sans-serif; font-weight: var( --e-global-typography-text-font-weight ); text-align: var(--text-align);\">Sein Verkaufspreis betr\u00e4gt $270.000.000.<\/span><\/p>\n<p><span style=\"color: var( --e-global-color-text ); font-family: var( --e-global-typography-text-font-family ), Sans-serif; font-weight: var( --e-global-typography-text-font-weight ); text-align: var(--text-align);\">Lassen Sie sich diese einmalige Gelegenheit nicht entgehen, an einem Ort zu leben, der unvergleichliche Ausblicke, Ruhe, Privatsph\u00e4re und eine vollst\u00e4ndige Gemeinschaft mit der Natur bietet; Kontaktieren Sie uns noch heute und erfahren Sie mehr \u00fcber Casa de los Ulmos in Ensenada, Puerto Varas;<\/span><\/p>\n\t\t\t\t\t\t\t\t<\/div>\n\t\t\t\t\t<\/div>\n\t\t\t\t<\/div>\n\t\t\t\t<\/div>\n\t\t","protected":false},"excerpt":{"rendered":"<p>Grundst\u00fcck mit Haus in Ensenada. 300 m\u00b2 Nutzfl\u00e4che auf 3 Etagen. Majest\u00e4tischer Blick auf den See Llanquihue und die Vulkane. Strom, Wasser aus einer Quelle und guter Empfang. Innerhalb des Projekts mit spektakul\u00e4ren Gemeinschaftsbereichen.    <\/p>\n","protected":false},"featured_media":17632,"template":"","meta":{"_acf_changed":false},"product_brand":[],"product_cat":[104],"product_tag":[232],"regiones":[226],"ciudades":[213,219],"class_list":{"0":"post-17648","1":"product","2":"type-product","3":"status-publish","4":"has-post-thumbnail","6":"product_cat-ohiggins-los-lagos","7":"product_tag-grundstuecke","8":"regiones-nuble-los_lagos","9":"ciudades-ensenada","10":"ciudades-puerto-varas","12":"first","13":"instock","14":"shipping-taxable","15":"purchasable","16":"product-type-simple"},"acf":[],"yoast_head":"<!-- This site is optimized with the Yoast SEO Premium plugin v26.0 (Yoast SEO v27.3) - https:\/\/yoast.com\/product\/yoast-seo-premium-wordpress\/ -->\n<title>Grundst\u00fcck mit Haus in Ensenada - Puerto Varas - Produncan<\/title>\n<meta name=\"description\" content=\"Haus in der N\u00e4he von Ensenada 300m\u00b2 auf drei Ebenen auf einem Grundst\u00fcck von 5000m\u00b2 mit Blick auf den See Llanquihue, Vulkane und Bergkette, innerhalb eines \u00f6kologischen Projekts.\" \/>\n<meta name=\"robots\" content=\"index, follow, max-snippet:-1, max-image-preview:large, max-video-preview:-1\" \/>\n<link rel=\"canonical\" href=\"https:\/\/produncan.cl\/de\/produkt\/grundstueck-mit-haus-los-ulmos-ensenada-puerto-varas\/\" \/>\n<meta property=\"og:locale\" content=\"de_DE\" \/>\n<meta property=\"og:type\" content=\"article\" \/>\n<meta property=\"og:title\" content=\"Grundst\u00fcck mit Haus Los Ulmos - Ensenada, Puerto Varas\" \/>\n<meta property=\"og:description\" content=\"Haus in der N\u00e4he von Ensenada 300m\u00b2 auf drei Ebenen auf einem Grundst\u00fcck von 5000m\u00b2 mit Blick auf den See Llanquihue, Vulkane und Bergkette, innerhalb eines \u00f6kologischen Projekts.\" \/>\n<meta property=\"og:url\" content=\"https:\/\/produncan.cl\/de\/produkt\/grundstueck-mit-haus-los-ulmos-ensenada-puerto-varas\/\" \/>\n<meta property=\"og:site_name\" content=\"Produncan\" \/>\n<meta property=\"article:publisher\" content=\"https:\/\/web.facebook.com\/produncanland\" \/>\n<meta property=\"article:modified_time\" content=\"2025-12-26T20:19:54+00:00\" \/>\n<meta property=\"og:image\" content=\"https:\/\/produncan.cl\/wp-content\/uploads\/2023\/08\/Parcela-con-Casa-Los-Ulmos-Ensenada-en-venta-Puerto-Varas-Produncan.webp\" \/>\n\t<meta property=\"og:image:width\" content=\"600\" \/>\n\t<meta property=\"og:image:height\" content=\"450\" \/>\n\t<meta property=\"og:image:type\" content=\"image\/webp\" \/>\n<meta name=\"twitter:card\" content=\"summary_large_image\" \/>\n<meta name=\"twitter:label1\" content=\"Price\" \/>\n\t<meta name=\"twitter:data1\" content=\"USD293.500,00\" \/>\n\t<meta name=\"twitter:label2\" content=\"Availability\" \/>\n\t<meta name=\"twitter:data2\" content=\"In stock\" \/>\n<script type=\"application\/ld+json\" class=\"yoast-schema-graph\">{\"@context\":\"https:\\\/\\\/schema.org\",\"@graph\":[{\"@type\":\"WebPage\",\"@id\":\"https:\\\/\\\/produncan.cl\\\/de\\\/produkt\\\/grundstueck-mit-haus-los-ulmos-ensenada-puerto-varas\\\/\",\"url\":\"https:\\\/\\\/produncan.cl\\\/de\\\/produkt\\\/grundstueck-mit-haus-los-ulmos-ensenada-puerto-varas\\\/\",\"name\":\"Grundst\u00fcck mit Haus in Ensenada - Puerto Varas - Produncan\",\"isPartOf\":{\"@id\":\"https:\\\/\\\/produncan.cl\\\/de\\\/#website\"},\"primaryImageOfPage\":{\"@id\":\"https:\\\/\\\/produncan.cl\\\/de\\\/produkt\\\/grundstueck-mit-haus-los-ulmos-ensenada-puerto-varas\\\/#primaryimage\"},\"image\":{\"@id\":\"https:\\\/\\\/produncan.cl\\\/de\\\/produkt\\\/grundstueck-mit-haus-los-ulmos-ensenada-puerto-varas\\\/#primaryimage\"},\"thumbnailUrl\":\"https:\\\/\\\/produncan.cl\\\/wp-content\\\/uploads\\\/2023\\\/08\\\/Parcela-con-Casa-Los-Ulmos-Ensenada-en-venta-Puerto-Varas-Produncan.webp\",\"datePublished\":\"2023-08-21T20:58:18+00:00\",\"dateModified\":\"2025-12-26T20:19:54+00:00\",\"description\":\"Haus in der N\u00e4he von Ensenada 300m\u00b2 auf drei Ebenen auf einem Grundst\u00fcck von 5000m\u00b2 mit Blick auf den See Llanquihue, Vulkane und Bergkette, innerhalb eines \u00f6kologischen Projekts.\",\"breadcrumb\":{\"@id\":\"https:\\\/\\\/produncan.cl\\\/de\\\/produkt\\\/grundstueck-mit-haus-los-ulmos-ensenada-puerto-varas\\\/#breadcrumb\"},\"inLanguage\":\"de-DE\",\"potentialAction\":[{\"@type\":\"ReadAction\",\"target\":[\"https:\\\/\\\/produncan.cl\\\/de\\\/produkt\\\/grundstueck-mit-haus-los-ulmos-ensenada-puerto-varas\\\/\"]}]},{\"@type\":\"ImageObject\",\"inLanguage\":\"de-DE\",\"@id\":\"https:\\\/\\\/produncan.cl\\\/de\\\/produkt\\\/grundstueck-mit-haus-los-ulmos-ensenada-puerto-varas\\\/#primaryimage\",\"url\":\"https:\\\/\\\/produncan.cl\\\/wp-content\\\/uploads\\\/2023\\\/08\\\/Parcela-con-Casa-Los-Ulmos-Ensenada-en-venta-Puerto-Varas-Produncan.webp\",\"contentUrl\":\"https:\\\/\\\/produncan.cl\\\/wp-content\\\/uploads\\\/2023\\\/08\\\/Parcela-con-Casa-Los-Ulmos-Ensenada-en-venta-Puerto-Varas-Produncan.webp\",\"width\":600,\"height\":450,\"caption\":\"Grundst\u00fcck mit Casa Los Ulmos Ensenada zum Verkauf Puerto Varas Produncan\"},{\"@type\":\"BreadcrumbList\",\"@id\":\"https:\\\/\\\/produncan.cl\\\/de\\\/produkt\\\/grundstueck-mit-haus-los-ulmos-ensenada-puerto-varas\\\/#breadcrumb\",\"itemListElement\":[{\"@type\":\"ListItem\",\"position\":1,\"name\":\"Inicio\",\"item\":\"https:\\\/\\\/produncan.cl\\\/de\\\/\"},{\"@type\":\"ListItem\",\"position\":2,\"name\":\"Eigenschaften\",\"item\":\"https:\\\/\\\/produncan.cl\\\/propiedades\\\/\"},{\"@type\":\"ListItem\",\"position\":3,\"name\":\"Grundst\u00fccke\",\"item\":\"https:\\\/\\\/produncan.cl\\\/de\\\/kategorie\\\/grundstuecke\\\/\"},{\"@type\":\"ListItem\",\"position\":4,\"name\":\"Grundst\u00fcck mit Haus Los Ulmos &#8211; Ensenada, Puerto Varas\"}]},{\"@type\":\"WebSite\",\"@id\":\"https:\\\/\\\/produncan.cl\\\/de\\\/#website\",\"url\":\"https:\\\/\\\/produncan.cl\\\/de\\\/\",\"name\":\"Produncan\",\"description\":\"Wir begleiten Sie bei Ihrem Lebensprojekt!\",\"publisher\":{\"@id\":\"https:\\\/\\\/produncan.cl\\\/de\\\/#organization\"},\"potentialAction\":[{\"@type\":\"SearchAction\",\"target\":{\"@type\":\"EntryPoint\",\"urlTemplate\":\"https:\\\/\\\/produncan.cl\\\/de\\\/?s={search_term_string}\"},\"query-input\":{\"@type\":\"PropertyValueSpecification\",\"valueRequired\":true,\"valueName\":\"search_term_string\"}}],\"inLanguage\":\"de-DE\"},{\"@type\":\"Organization\",\"@id\":\"https:\\\/\\\/produncan.cl\\\/de\\\/#organization\",\"name\":\"Produncan\",\"url\":\"https:\\\/\\\/produncan.cl\\\/de\\\/\",\"logo\":{\"@type\":\"ImageObject\",\"inLanguage\":\"de-DE\",\"@id\":\"https:\\\/\\\/produncan.cl\\\/de\\\/#\\\/schema\\\/logo\\\/image\\\/\",\"url\":\"https:\\\/\\\/produncan.cl\\\/wp-content\\\/uploads\\\/2021\\\/03\\\/LOGO.jpeg\",\"contentUrl\":\"https:\\\/\\\/produncan.cl\\\/wp-content\\\/uploads\\\/2021\\\/03\\\/LOGO.jpeg\",\"width\":1280,\"height\":903,\"caption\":\"Produncan\"},\"image\":{\"@id\":\"https:\\\/\\\/produncan.cl\\\/de\\\/#\\\/schema\\\/logo\\\/image\\\/\"},\"sameAs\":[\"https:\\\/\\\/web.facebook.com\\\/produncanland\",\"https:\\\/\\\/www.instagram.com\\\/pro_duncan\\\/\",\"https:\\\/\\\/www.linkedin.com\\\/company\\\/produncan-lands\\\/\",\"https:\\\/\\\/www.youtube.com\\\/channel\\\/UCu7N-f3x0svkazD-Eew1-QQ\"],\"description\":\"En Produncan somos especialistas en la venta de terrenos en el sur de Chile. Proveemos estancias, campos, parcelas y hoteles.\",\"email\":\"info@produncan.cl\"}]}<\/script>\n<meta property=\"og:video\" content=\"https:\/\/www.youtube.com\/embed\/cRkRPRSAe6Q\" \/>\n<meta property=\"og:video:type\" content=\"text\/html\" \/>\n<meta property=\"og:video:duration\" content=\"86\" \/>\n<meta property=\"og:video:width\" content=\"480\" \/>\n<meta property=\"og:video:height\" content=\"360\" \/>\n<meta property=\"ya:ovs:adult\" content=\"false\" \/>\n<meta property=\"ya:ovs:upload_date\" content=\"2023-08-21T20:58:18+00:00\" \/>\n<meta property=\"ya:ovs:allow_embed\" content=\"true\" \/>\n<meta property=\"product:price:amount\" content=\"293500.00\" \/>\n<meta property=\"product:price:currency\" content=\"USD\" \/>\n<meta property=\"og:availability\" content=\"instock\" \/>\n<meta property=\"product:availability\" content=\"instock\" \/>\n<meta property=\"product:condition\" content=\"new\" \/>\n<!-- \/ Yoast SEO Premium plugin. -->","yoast_head_json":{"title":"Grundst\u00fcck mit Haus in Ensenada - Puerto Varas - Produncan","description":"Haus in der N\u00e4he von Ensenada 300m\u00b2 auf drei Ebenen auf einem Grundst\u00fcck von 5000m\u00b2 mit Blick auf den See Llanquihue, Vulkane und Bergkette, innerhalb eines \u00f6kologischen Projekts.","robots":{"index":"index","follow":"follow","max-snippet":"max-snippet:-1","max-image-preview":"max-image-preview:large","max-video-preview":"max-video-preview:-1"},"canonical":"https:\/\/produncan.cl\/de\/produkt\/grundstueck-mit-haus-los-ulmos-ensenada-puerto-varas\/","og_locale":"de_DE","og_type":"article","og_title":"Grundst\u00fcck mit Haus Los Ulmos - Ensenada, Puerto Varas","og_description":"Haus in der N\u00e4he von Ensenada 300m\u00b2 auf drei Ebenen auf einem Grundst\u00fcck von 5000m\u00b2 mit Blick auf den See Llanquihue, Vulkane und Bergkette, innerhalb eines \u00f6kologischen Projekts.","og_url":"https:\/\/produncan.cl\/de\/produkt\/grundstueck-mit-haus-los-ulmos-ensenada-puerto-varas\/","og_site_name":"Produncan","article_publisher":"https:\/\/web.facebook.com\/produncanland","article_modified_time":"2025-12-26T20:19:54+00:00","og_image":[{"width":600,"height":450,"url":"https:\/\/produncan.cl\/wp-content\/uploads\/2023\/08\/Parcela-con-Casa-Los-Ulmos-Ensenada-en-venta-Puerto-Varas-Produncan.webp","type":"image\/webp"}],"twitter_card":"summary_large_image","twitter_misc":{"Price":"USD293.500,00","Availability":"In stock"},"schema":{"@context":"https:\/\/schema.org","@graph":[{"@type":"WebPage","@id":"https:\/\/produncan.cl\/de\/produkt\/grundstueck-mit-haus-los-ulmos-ensenada-puerto-varas\/","url":"https:\/\/produncan.cl\/de\/produkt\/grundstueck-mit-haus-los-ulmos-ensenada-puerto-varas\/","name":"Grundst\u00fcck mit Haus in Ensenada - Puerto Varas - Produncan","isPartOf":{"@id":"https:\/\/produncan.cl\/de\/#website"},"primaryImageOfPage":{"@id":"https:\/\/produncan.cl\/de\/produkt\/grundstueck-mit-haus-los-ulmos-ensenada-puerto-varas\/#primaryimage"},"image":{"@id":"https:\/\/produncan.cl\/de\/produkt\/grundstueck-mit-haus-los-ulmos-ensenada-puerto-varas\/#primaryimage"},"thumbnailUrl":"https:\/\/produncan.cl\/wp-content\/uploads\/2023\/08\/Parcela-con-Casa-Los-Ulmos-Ensenada-en-venta-Puerto-Varas-Produncan.webp","datePublished":"2023-08-21T20:58:18+00:00","dateModified":"2025-12-26T20:19:54+00:00","description":"Haus in der N\u00e4he von Ensenada 300m\u00b2 auf drei Ebenen auf einem Grundst\u00fcck von 5000m\u00b2 mit Blick auf den See Llanquihue, Vulkane und Bergkette, innerhalb eines \u00f6kologischen Projekts.","breadcrumb":{"@id":"https:\/\/produncan.cl\/de\/produkt\/grundstueck-mit-haus-los-ulmos-ensenada-puerto-varas\/#breadcrumb"},"inLanguage":"de-DE","potentialAction":[{"@type":"ReadAction","target":["https:\/\/produncan.cl\/de\/produkt\/grundstueck-mit-haus-los-ulmos-ensenada-puerto-varas\/"]}]},{"@type":"ImageObject","inLanguage":"de-DE","@id":"https:\/\/produncan.cl\/de\/produkt\/grundstueck-mit-haus-los-ulmos-ensenada-puerto-varas\/#primaryimage","url":"https:\/\/produncan.cl\/wp-content\/uploads\/2023\/08\/Parcela-con-Casa-Los-Ulmos-Ensenada-en-venta-Puerto-Varas-Produncan.webp","contentUrl":"https:\/\/produncan.cl\/wp-content\/uploads\/2023\/08\/Parcela-con-Casa-Los-Ulmos-Ensenada-en-venta-Puerto-Varas-Produncan.webp","width":600,"height":450,"caption":"Grundst\u00fcck mit Casa Los Ulmos Ensenada zum Verkauf Puerto Varas Produncan"},{"@type":"BreadcrumbList","@id":"https:\/\/produncan.cl\/de\/produkt\/grundstueck-mit-haus-los-ulmos-ensenada-puerto-varas\/#breadcrumb","itemListElement":[{"@type":"ListItem","position":1,"name":"Inicio","item":"https:\/\/produncan.cl\/de\/"},{"@type":"ListItem","position":2,"name":"Eigenschaften","item":"https:\/\/produncan.cl\/propiedades\/"},{"@type":"ListItem","position":3,"name":"Grundst\u00fccke","item":"https:\/\/produncan.cl\/de\/kategorie\/grundstuecke\/"},{"@type":"ListItem","position":4,"name":"Grundst\u00fcck mit Haus Los Ulmos &#8211; Ensenada, Puerto Varas"}]},{"@type":"WebSite","@id":"https:\/\/produncan.cl\/de\/#website","url":"https:\/\/produncan.cl\/de\/","name":"Produncan","description":"Wir begleiten Sie bei Ihrem Lebensprojekt!","publisher":{"@id":"https:\/\/produncan.cl\/de\/#organization"},"potentialAction":[{"@type":"SearchAction","target":{"@type":"EntryPoint","urlTemplate":"https:\/\/produncan.cl\/de\/?s={search_term_string}"},"query-input":{"@type":"PropertyValueSpecification","valueRequired":true,"valueName":"search_term_string"}}],"inLanguage":"de-DE"},{"@type":"Organization","@id":"https:\/\/produncan.cl\/de\/#organization","name":"Produncan","url":"https:\/\/produncan.cl\/de\/","logo":{"@type":"ImageObject","inLanguage":"de-DE","@id":"https:\/\/produncan.cl\/de\/#\/schema\/logo\/image\/","url":"https:\/\/produncan.cl\/wp-content\/uploads\/2021\/03\/LOGO.jpeg","contentUrl":"https:\/\/produncan.cl\/wp-content\/uploads\/2021\/03\/LOGO.jpeg","width":1280,"height":903,"caption":"Produncan"},"image":{"@id":"https:\/\/produncan.cl\/de\/#\/schema\/logo\/image\/"},"sameAs":["https:\/\/web.facebook.com\/produncanland","https:\/\/www.instagram.com\/pro_duncan\/","https:\/\/www.linkedin.com\/company\/produncan-lands\/","https:\/\/www.youtube.com\/channel\/UCu7N-f3x0svkazD-Eew1-QQ"],"description":"En Produncan somos especialistas en la venta de terrenos en el sur de Chile. Proveemos estancias, campos, parcelas y hoteles.","email":"info@produncan.cl"}]},"og_video":"https:\/\/www.youtube.com\/embed\/cRkRPRSAe6Q","og_video_type":"text\/html","og_video_duration":"86","og_video_width":"480","og_video_height":"360","ya_ovs_adult":"false","ya_ovs_upload_date":"2023-08-21T20:58:18+00:00","ya_ovs_allow_embed":"true","product_price_amount":"293500.00","product_price_currency":"USD","og_availability":"instock","product_availability":"instock","product_condition":"new"},"_links":{"self":[{"href":"https:\/\/produncan.cl\/de\/wp-json\/wp\/v2\/product\/17648","targetHints":{"allow":["GET"]}}],"collection":[{"href":"https:\/\/produncan.cl\/de\/wp-json\/wp\/v2\/product"}],"about":[{"href":"https:\/\/produncan.cl\/de\/wp-json\/wp\/v2\/types\/product"}],"version-history":[{"count":2,"href":"https:\/\/produncan.cl\/de\/wp-json\/wp\/v2\/product\/17648\/revisions"}],"predecessor-version":[{"id":54124,"href":"https:\/\/produncan.cl\/de\/wp-json\/wp\/v2\/product\/17648\/revisions\/54124"}],"wp:featuredmedia":[{"embeddable":true,"href":"https:\/\/produncan.cl\/de\/wp-json\/wp\/v2\/media\/17632"}],"wp:attachment":[{"href":"https:\/\/produncan.cl\/de\/wp-json\/wp\/v2\/media?parent=17648"}],"wp:term":[{"taxonomy":"product_brand","embeddable":true,"href":"https:\/\/produncan.cl\/de\/wp-json\/wp\/v2\/product_brand?post=17648"},{"taxonomy":"product_cat","embeddable":true,"href":"https:\/\/produncan.cl\/de\/wp-json\/wp\/v2\/product_cat?post=17648"},{"taxonomy":"product_tag","embeddable":true,"href":"https:\/\/produncan.cl\/de\/wp-json\/wp\/v2\/product_tag?post=17648"},{"taxonomy":"regiones","embeddable":true,"href":"https:\/\/produncan.cl\/de\/wp-json\/wp\/v2\/regiones?post=17648"},{"taxonomy":"ciudades","embeddable":true,"href":"https:\/\/produncan.cl\/de\/wp-json\/wp\/v2\/ciudades?post=17648"}],"curies":[{"name":"wp","href":"https:\/\/api.w.org\/{rel}","templated":true}]}}