{"id":18031,"date":"2021-09-01T17:39:10","date_gmt":"2021-09-01T21:39:10","guid":{"rendered":"https:\/\/produncan.cl\/producto\/grundstueck-los-riscos-ensenada-puerto-varas\/"},"modified":"2025-08-07T17:52:48","modified_gmt":"2025-08-07T21:52:48","slug":"grundstueck-los-riscos-ensenada-puerto-varas","status":"publish","type":"product","link":"https:\/\/produncan.cl\/de\/produkt\/grundstueck-los-riscos-ensenada-puerto-varas\/","title":{"rendered":"Grundst\u00fcck Los Riscos &#8211; Ensenada, Puerto Varas"},"content":{"rendered":"\t\t<div data-elementor-type=\"product-post\" data-elementor-id=\"18031\" class=\"elementor elementor-18031 elementor-17910\" data-elementor-post-type=\"product\">\n\t\t\t\t<div class=\"elementor-element elementor-element-14e1a38 e-flex e-con-boxed e-con e-parent\" data-id=\"14e1a38\" data-element_type=\"container\" data-e-type=\"container\" data-settings=\"{&quot;jet_parallax_layout_list&quot;:[]}\">\n\t\t\t\t\t<div class=\"e-con-inner\">\n\t\t\t\t<div class=\"elementor-element elementor-element-7d4c49e elementor-widget elementor-widget-heading\" data-id=\"7d4c49e\" data-element_type=\"widget\" data-e-type=\"widget\" data-widget_type=\"heading.default\">\n\t\t\t\t\t<h2 class=\"elementor-heading-title elementor-size-default\">Au\u00dfergew\u00f6hnliches Grundst\u00fcck zwischen Puerto Varas und Ensenada zu verkaufen<\/h2>\t\t\t\t<\/div>\n\t\t\t\t\t<\/div>\n\t\t\t\t<\/div>\n\t\t<div class=\"elementor-element elementor-element-d7ca659 e-flex e-con-boxed e-con e-parent\" data-id=\"d7ca659\" data-element_type=\"container\" data-e-type=\"container\" data-settings=\"{&quot;jet_parallax_layout_list&quot;:[]}\">\n\t\t\t\t\t<div class=\"e-con-inner\">\n\t\t\t\t<div class=\"elementor-element elementor-element-8d8da47 elementor-widget elementor-widget-text-editor\" data-id=\"8d8da47\" data-element_type=\"widget\" data-e-type=\"widget\" data-widget_type=\"text-editor.default\">\n\t\t\t\t\t\t\t\t\t<p>Entdecken Sie die au\u00dfergew\u00f6hnliche Gelegenheit, die Ihnen dieses Grundst\u00fcck in der Gegend von Los Riscos, zwischen den St\u00e4dten Puerto Varas und Ensenada, bietet.<\/p>\n<p><span style=\"color: var( --e-global-color-text ); font-family: var( --e-global-typography-text-font-family ), Sans-serif; font-weight: var( --e-global-typography-text-font-weight ); text-align: var(--text-align);\">Diese Immobilie ist die ideale Wahl f\u00fcr alle, die sich in der N\u00e4he von Puerto Varas aufhalten m\u00f6chten. Sie bietet einen atemberaubenden Blick auf den See und die Vulkane, Zugang zum Llanquihue-See und un\u00fcbertroffene Sicherheit. Hier k\u00f6nnen Sie ein Leben in v\u00f6lliger Harmonie mit der Natur erleben und eine privilegierte Lage im Lake District genie\u00dfen.<\/span><\/p>\n<p><span style=\"color: var( --e-global-color-text ); font-family: var( --e-global-typography-text-font-family ), Sans-serif; font-weight: var( --e-global-typography-text-font-weight ); text-align: var(--text-align);\">Mit einer Preisvorstellung von 150.000.000 $ ist dieses Grundst\u00fcck ein echtes Juwel, das Sie sich nicht entgehen lassen sollten. Es hat seine eigene Rolle und umfasst 5.000 m\u00b2 Land, das Ihnen eine leere Leinwand f\u00fcr den Bau Ihres Traumhauses bietet. Au\u00dferdem verf\u00fcgt es \u00fcber alle wesentlichen Dienstleistungen wie unterirdischen Strom, Trinkwasser und ein ausgezeichnetes Telefonsignal. <\/span><\/p>\n<p><span style=\"color: var( --e-global-color-text ); font-family: var( --e-global-typography-text-font-family ), Sans-serif; font-weight: var( --e-global-typography-text-font-weight ); text-align: var(--text-align);\">Die Topographie des Grundst\u00fccks kombiniert erh\u00f6hte Bereiche in Bezug auf die Stra\u00dfe, die Ihnen Sicherheit geben und es Ihnen erm\u00f6glichen, mit einem atemberaubenden Panoramablick zu bauen, mit flachen und leicht abfallenden Bereichen, die M\u00f6glichkeiten bieten, Ihren Raum nach Ihren W\u00fcnschen zu gestalten;. Dieses Grundst\u00fcck bietet Ihnen die perfekte Kombination aus einheimischen B\u00e4umen und Wiesen. Dar\u00fcber hinaus genie\u00dfen Sie eine optimale Sonneneinstrahlung, die das nat\u00fcrliche Licht und die W\u00e4rme des Tages optimal ausnutzt.<\/span><\/p>\n<p><span style=\"color: var( --e-global-color-text ); font-family: var( --e-global-typography-text-font-family ), Sans-serif; font-weight: var( --e-global-typography-text-font-weight ); text-align: var(--text-align);\">Die Flora und Fauna des Gebietes sind ein wahrer Schatz. Sie finden hier Arten wie Myrten und Boldos sowie eine einheimische Fauna mit Enten, Schw\u00e4nen, Reihern, Papageien und Kolibris, die ein Paradies f\u00fcr Naturliebhaber und Vogelbeobachter darstellen.<\/span><\/p>\n<p><span style=\"color: var( --e-global-color-text ); font-family: var( --e-global-typography-text-font-family ), Sans-serif; font-weight: var( --e-global-typography-text-font-weight ); text-align: var(--text-align);\">Das Gebiet Los Riscos in Puerto Varas ist eine atemberaubende Naturlandschaft mit nahe gelegenen Attraktionen wie den Petrohu\u00e9-Wasserf\u00e4llen, dem majest\u00e4tischen Vulkan Osorno und dem ruhigen Llanquihue-See. Das Grundst\u00fcck liegt nur wenige Meter vom B\u00fcrgersteig entfernt, mit direktem Zugang durch ein elektrisches Tor und ist nur 23 Minuten von Puerto Varas und 15 Minuten von Ensenada entfernt.<\/span><\/p>\n<p><span style=\"color: var( --e-global-color-text ); font-family: var( --e-global-typography-text-font-family ), Sans-serif; font-weight: var( --e-global-typography-text-font-weight ); text-align: var(--text-align);\">Dieses Grundst\u00fcck ist Teil einer konsolidierten Wohnanlage, die das Recht zur Nutzung des Strandes am Llanquihue-See bietet und Ihnen die M\u00f6glichkeit gibt, dessen kristallklares Wasser zu genie\u00dfen. K\u00fcnftig soll f\u00fcr die Anwohner ein Bootssteg gebaut werden. Es gibt auch einen Grillplatz, den Sie mit Ihrer Familie und Ihren Freunden nutzen k\u00f6nnen.<\/span><\/p>\n<p><span style=\"color: var( --e-global-color-text ); font-family: var( --e-global-typography-text-font-family ), Sans-serif; font-weight: var( --e-global-typography-text-font-weight ); text-align: var(--text-align);\">Au\u00dferdem verf\u00fcgt es \u00fcber ein Telekommunikationssignal, Zugang zu \u00f6ffentlichen Verkehrsmitteln und einen Holzzaun, der Ihre Privatsph\u00e4re garantiert.<\/span><\/p>\n<p><span style=\"color: var( --e-global-color-text ); font-family: var( --e-global-typography-text-font-family ), Sans-serif; font-weight: var( --e-global-typography-text-font-weight ); text-align: var(--text-align);\">Verpassen Sie nicht die Gelegenheit, Eigent\u00fcmer dieses Juwels in der Gegend von Los Riscos zu werden. Setzen Sie sich noch heute mit uns in Verbindung, um weitere Informationen zu erhalten und diese aufregende Gelegenheit zu erkunden, die nur 30 Minuten von Puerto Varas entfernt liegt.<\/span><\/p>\n\t\t\t\t\t\t\t\t<\/div>\n\t\t\t\t\t<\/div>\n\t\t\t\t<\/div>\n\t\t\t\t<\/div>\n\t\t","protected":false},"excerpt":{"rendered":"<p>Grundst\u00fcck zwischen Puerto Varas und Ensenada, unterirdische Stromversorgung, Zugang zum See.<\/p>\n","protected":false},"featured_media":24025,"template":"","meta":{"_acf_changed":false},"product_brand":[],"product_cat":[104],"product_tag":[232],"regiones":[226],"ciudades":[218,219],"class_list":{"0":"post-18031","1":"product","2":"type-product","3":"status-publish","4":"has-post-thumbnail","6":"product_cat-ohiggins-los-lagos","7":"product_tag-grundstuecke","8":"regiones-nuble-los_lagos","9":"ciudades-puerto-montt","10":"ciudades-puerto-varas","12":"first","13":"outofstock","14":"shipping-taxable","15":"product-type-simple"},"acf":[],"yoast_head":"<!-- This site is optimized with the Yoast SEO Premium plugin v26.0 (Yoast SEO v27.3) - https:\/\/yoast.com\/product\/yoast-seo-premium-wordpress\/ -->\n<title>Grundst\u00fcck zu verkaufen Los Riscos - Ensenada Puerto Varas - Produncan<\/title>\n<meta name=\"description\" content=\"Grundst\u00fcck zwischen Puerto Varas und Ensenada innerhalb eines konsolidierten Projekts, alle Dienstleistungen, unterirdische Stromversorgung, direkte Stra\u00dfenzufahrt.\" \/>\n<meta name=\"robots\" content=\"index, follow, max-snippet:-1, max-image-preview:large, max-video-preview:-1\" \/>\n<link rel=\"canonical\" href=\"https:\/\/produncan.cl\/de\/produkt\/grundstueck-los-riscos-ensenada-puerto-varas\/\" \/>\n<meta property=\"og:locale\" content=\"de_DE\" \/>\n<meta property=\"og:type\" content=\"article\" \/>\n<meta property=\"og:title\" content=\"Grundst\u00fcck Los Riscos - Ensenada, Puerto Varas\" \/>\n<meta property=\"og:description\" content=\"Grundst\u00fcck zwischen Puerto Varas und Ensenada innerhalb eines konsolidierten Projekts, alle Dienstleistungen, unterirdische Stromversorgung, direkte Stra\u00dfenzufahrt.\" \/>\n<meta property=\"og:url\" content=\"https:\/\/produncan.cl\/de\/produkt\/grundstueck-los-riscos-ensenada-puerto-varas\/\" \/>\n<meta property=\"og:site_name\" content=\"Produncan\" \/>\n<meta property=\"article:publisher\" content=\"https:\/\/web.facebook.com\/produncanland\" \/>\n<meta property=\"article:modified_time\" content=\"2025-08-07T21:52:48+00:00\" \/>\n<meta property=\"og:image\" content=\"https:\/\/produncan.cl\/wp-content\/uploads\/2023\/09\/Parcela-Los-Riscos-Vendido.webp\" \/>\n\t<meta property=\"og:image:width\" content=\"600\" \/>\n\t<meta property=\"og:image:height\" content=\"450\" \/>\n\t<meta property=\"og:image:type\" content=\"image\/webp\" \/>\n<meta name=\"twitter:card\" content=\"summary_large_image\" \/>\n<meta name=\"twitter:label1\" content=\"Price\" \/>\n\t<meta name=\"twitter:data1\" content=\"\" \/>\n\t<meta name=\"twitter:label2\" content=\"Availability\" \/>\n\t<meta name=\"twitter:data2\" content=\"Out of stock\" \/>\n<script type=\"application\/ld+json\" class=\"yoast-schema-graph\">{\"@context\":\"https:\\\/\\\/schema.org\",\"@graph\":[{\"@type\":\"WebPage\",\"@id\":\"https:\\\/\\\/produncan.cl\\\/de\\\/produkt\\\/grundstueck-los-riscos-ensenada-puerto-varas\\\/\",\"url\":\"https:\\\/\\\/produncan.cl\\\/de\\\/produkt\\\/grundstueck-los-riscos-ensenada-puerto-varas\\\/\",\"name\":\"Grundst\u00fcck zu verkaufen Los Riscos - Ensenada Puerto Varas - Produncan\",\"isPartOf\":{\"@id\":\"https:\\\/\\\/produncan.cl\\\/de\\\/#website\"},\"primaryImageOfPage\":{\"@id\":\"https:\\\/\\\/produncan.cl\\\/de\\\/produkt\\\/grundstueck-los-riscos-ensenada-puerto-varas\\\/#primaryimage\"},\"image\":{\"@id\":\"https:\\\/\\\/produncan.cl\\\/de\\\/produkt\\\/grundstueck-los-riscos-ensenada-puerto-varas\\\/#primaryimage\"},\"thumbnailUrl\":\"https:\\\/\\\/produncan.cl\\\/wp-content\\\/uploads\\\/2023\\\/09\\\/Parcela-Los-Riscos-Vendido.webp\",\"datePublished\":\"2021-09-01T21:39:10+00:00\",\"dateModified\":\"2025-08-07T21:52:48+00:00\",\"description\":\"Grundst\u00fcck zwischen Puerto Varas und Ensenada innerhalb eines konsolidierten Projekts, alle Dienstleistungen, unterirdische Stromversorgung, direkte Stra\u00dfenzufahrt.\",\"breadcrumb\":{\"@id\":\"https:\\\/\\\/produncan.cl\\\/de\\\/produkt\\\/grundstueck-los-riscos-ensenada-puerto-varas\\\/#breadcrumb\"},\"inLanguage\":\"de-DE\",\"potentialAction\":[{\"@type\":\"ReadAction\",\"target\":[\"https:\\\/\\\/produncan.cl\\\/de\\\/produkt\\\/grundstueck-los-riscos-ensenada-puerto-varas\\\/\"]}]},{\"@type\":\"ImageObject\",\"inLanguage\":\"de-DE\",\"@id\":\"https:\\\/\\\/produncan.cl\\\/de\\\/produkt\\\/grundstueck-los-riscos-ensenada-puerto-varas\\\/#primaryimage\",\"url\":\"https:\\\/\\\/produncan.cl\\\/wp-content\\\/uploads\\\/2023\\\/09\\\/Parcela-Los-Riscos-Vendido.webp\",\"contentUrl\":\"https:\\\/\\\/produncan.cl\\\/wp-content\\\/uploads\\\/2023\\\/09\\\/Parcela-Los-Riscos-Vendido.webp\",\"width\":600,\"height\":450},{\"@type\":\"BreadcrumbList\",\"@id\":\"https:\\\/\\\/produncan.cl\\\/de\\\/produkt\\\/grundstueck-los-riscos-ensenada-puerto-varas\\\/#breadcrumb\",\"itemListElement\":[{\"@type\":\"ListItem\",\"position\":1,\"name\":\"Inicio\",\"item\":\"https:\\\/\\\/produncan.cl\\\/de\\\/\"},{\"@type\":\"ListItem\",\"position\":2,\"name\":\"Eigenschaften\",\"item\":\"https:\\\/\\\/produncan.cl\\\/propiedades\\\/\"},{\"@type\":\"ListItem\",\"position\":3,\"name\":\"Grundst\u00fccke\",\"item\":\"https:\\\/\\\/produncan.cl\\\/de\\\/kategorie\\\/grundstuecke\\\/\"},{\"@type\":\"ListItem\",\"position\":4,\"name\":\"Grundst\u00fcck Los Riscos &#8211; Ensenada, Puerto Varas\"}]},{\"@type\":\"WebSite\",\"@id\":\"https:\\\/\\\/produncan.cl\\\/de\\\/#website\",\"url\":\"https:\\\/\\\/produncan.cl\\\/de\\\/\",\"name\":\"Produncan\",\"description\":\"Wir begleiten Sie bei Ihrem Lebensprojekt!\",\"publisher\":{\"@id\":\"https:\\\/\\\/produncan.cl\\\/de\\\/#organization\"},\"potentialAction\":[{\"@type\":\"SearchAction\",\"target\":{\"@type\":\"EntryPoint\",\"urlTemplate\":\"https:\\\/\\\/produncan.cl\\\/de\\\/?s={search_term_string}\"},\"query-input\":{\"@type\":\"PropertyValueSpecification\",\"valueRequired\":true,\"valueName\":\"search_term_string\"}}],\"inLanguage\":\"de-DE\"},{\"@type\":\"Organization\",\"@id\":\"https:\\\/\\\/produncan.cl\\\/de\\\/#organization\",\"name\":\"Produncan\",\"url\":\"https:\\\/\\\/produncan.cl\\\/de\\\/\",\"logo\":{\"@type\":\"ImageObject\",\"inLanguage\":\"de-DE\",\"@id\":\"https:\\\/\\\/produncan.cl\\\/de\\\/#\\\/schema\\\/logo\\\/image\\\/\",\"url\":\"https:\\\/\\\/produncan.cl\\\/wp-content\\\/uploads\\\/2021\\\/03\\\/LOGO.jpeg\",\"contentUrl\":\"https:\\\/\\\/produncan.cl\\\/wp-content\\\/uploads\\\/2021\\\/03\\\/LOGO.jpeg\",\"width\":1280,\"height\":903,\"caption\":\"Produncan\"},\"image\":{\"@id\":\"https:\\\/\\\/produncan.cl\\\/de\\\/#\\\/schema\\\/logo\\\/image\\\/\"},\"sameAs\":[\"https:\\\/\\\/web.facebook.com\\\/produncanland\",\"https:\\\/\\\/www.instagram.com\\\/pro_duncan\\\/\",\"https:\\\/\\\/www.linkedin.com\\\/company\\\/produncan-lands\\\/\",\"https:\\\/\\\/www.youtube.com\\\/channel\\\/UCu7N-f3x0svkazD-Eew1-QQ\"],\"description\":\"En Produncan somos especialistas en la venta de terrenos en el sur de Chile. Proveemos estancias, campos, parcelas y hoteles.\",\"email\":\"info@produncan.cl\"}]}<\/script>\n<meta property=\"og:video\" content=\"https:\/\/www.youtube.com\/embed\/P8UsYNr840I\" \/>\n<meta property=\"og:video:type\" content=\"text\/html\" \/>\n<meta property=\"og:video:duration\" content=\"72\" \/>\n<meta property=\"og:video:width\" content=\"480\" \/>\n<meta property=\"og:video:height\" content=\"360\" \/>\n<meta property=\"ya:ovs:adult\" content=\"false\" \/>\n<meta property=\"ya:ovs:upload_date\" content=\"2021-09-01T21:39:10+00:00\" \/>\n<meta property=\"ya:ovs:allow_embed\" content=\"true\" \/>\n<meta property=\"product:price:currency\" content=\"USD\" \/>\n<meta property=\"og:availability\" content=\"out of stock\" \/>\n<meta property=\"product:availability\" content=\"out of stock\" \/>\n<meta property=\"product:condition\" content=\"new\" \/>\n<!-- \/ Yoast SEO Premium plugin. -->","yoast_head_json":{"title":"Grundst\u00fcck zu verkaufen Los Riscos - Ensenada Puerto Varas - Produncan","description":"Grundst\u00fcck zwischen Puerto Varas und Ensenada innerhalb eines konsolidierten Projekts, alle Dienstleistungen, unterirdische Stromversorgung, direkte Stra\u00dfenzufahrt.","robots":{"index":"index","follow":"follow","max-snippet":"max-snippet:-1","max-image-preview":"max-image-preview:large","max-video-preview":"max-video-preview:-1"},"canonical":"https:\/\/produncan.cl\/de\/produkt\/grundstueck-los-riscos-ensenada-puerto-varas\/","og_locale":"de_DE","og_type":"article","og_title":"Grundst\u00fcck Los Riscos - Ensenada, Puerto Varas","og_description":"Grundst\u00fcck zwischen Puerto Varas und Ensenada innerhalb eines konsolidierten Projekts, alle Dienstleistungen, unterirdische Stromversorgung, direkte Stra\u00dfenzufahrt.","og_url":"https:\/\/produncan.cl\/de\/produkt\/grundstueck-los-riscos-ensenada-puerto-varas\/","og_site_name":"Produncan","article_publisher":"https:\/\/web.facebook.com\/produncanland","article_modified_time":"2025-08-07T21:52:48+00:00","og_image":[{"width":600,"height":450,"url":"https:\/\/produncan.cl\/wp-content\/uploads\/2023\/09\/Parcela-Los-Riscos-Vendido.webp","type":"image\/webp"}],"twitter_card":"summary_large_image","twitter_misc":{"Price":"","Availability":"Out of stock"},"schema":{"@context":"https:\/\/schema.org","@graph":[{"@type":"WebPage","@id":"https:\/\/produncan.cl\/de\/produkt\/grundstueck-los-riscos-ensenada-puerto-varas\/","url":"https:\/\/produncan.cl\/de\/produkt\/grundstueck-los-riscos-ensenada-puerto-varas\/","name":"Grundst\u00fcck zu verkaufen Los Riscos - Ensenada Puerto Varas - Produncan","isPartOf":{"@id":"https:\/\/produncan.cl\/de\/#website"},"primaryImageOfPage":{"@id":"https:\/\/produncan.cl\/de\/produkt\/grundstueck-los-riscos-ensenada-puerto-varas\/#primaryimage"},"image":{"@id":"https:\/\/produncan.cl\/de\/produkt\/grundstueck-los-riscos-ensenada-puerto-varas\/#primaryimage"},"thumbnailUrl":"https:\/\/produncan.cl\/wp-content\/uploads\/2023\/09\/Parcela-Los-Riscos-Vendido.webp","datePublished":"2021-09-01T21:39:10+00:00","dateModified":"2025-08-07T21:52:48+00:00","description":"Grundst\u00fcck zwischen Puerto Varas und Ensenada innerhalb eines konsolidierten Projekts, alle Dienstleistungen, unterirdische Stromversorgung, direkte Stra\u00dfenzufahrt.","breadcrumb":{"@id":"https:\/\/produncan.cl\/de\/produkt\/grundstueck-los-riscos-ensenada-puerto-varas\/#breadcrumb"},"inLanguage":"de-DE","potentialAction":[{"@type":"ReadAction","target":["https:\/\/produncan.cl\/de\/produkt\/grundstueck-los-riscos-ensenada-puerto-varas\/"]}]},{"@type":"ImageObject","inLanguage":"de-DE","@id":"https:\/\/produncan.cl\/de\/produkt\/grundstueck-los-riscos-ensenada-puerto-varas\/#primaryimage","url":"https:\/\/produncan.cl\/wp-content\/uploads\/2023\/09\/Parcela-Los-Riscos-Vendido.webp","contentUrl":"https:\/\/produncan.cl\/wp-content\/uploads\/2023\/09\/Parcela-Los-Riscos-Vendido.webp","width":600,"height":450},{"@type":"BreadcrumbList","@id":"https:\/\/produncan.cl\/de\/produkt\/grundstueck-los-riscos-ensenada-puerto-varas\/#breadcrumb","itemListElement":[{"@type":"ListItem","position":1,"name":"Inicio","item":"https:\/\/produncan.cl\/de\/"},{"@type":"ListItem","position":2,"name":"Eigenschaften","item":"https:\/\/produncan.cl\/propiedades\/"},{"@type":"ListItem","position":3,"name":"Grundst\u00fccke","item":"https:\/\/produncan.cl\/de\/kategorie\/grundstuecke\/"},{"@type":"ListItem","position":4,"name":"Grundst\u00fcck Los Riscos &#8211; Ensenada, Puerto Varas"}]},{"@type":"WebSite","@id":"https:\/\/produncan.cl\/de\/#website","url":"https:\/\/produncan.cl\/de\/","name":"Produncan","description":"Wir begleiten Sie bei Ihrem Lebensprojekt!","publisher":{"@id":"https:\/\/produncan.cl\/de\/#organization"},"potentialAction":[{"@type":"SearchAction","target":{"@type":"EntryPoint","urlTemplate":"https:\/\/produncan.cl\/de\/?s={search_term_string}"},"query-input":{"@type":"PropertyValueSpecification","valueRequired":true,"valueName":"search_term_string"}}],"inLanguage":"de-DE"},{"@type":"Organization","@id":"https:\/\/produncan.cl\/de\/#organization","name":"Produncan","url":"https:\/\/produncan.cl\/de\/","logo":{"@type":"ImageObject","inLanguage":"de-DE","@id":"https:\/\/produncan.cl\/de\/#\/schema\/logo\/image\/","url":"https:\/\/produncan.cl\/wp-content\/uploads\/2021\/03\/LOGO.jpeg","contentUrl":"https:\/\/produncan.cl\/wp-content\/uploads\/2021\/03\/LOGO.jpeg","width":1280,"height":903,"caption":"Produncan"},"image":{"@id":"https:\/\/produncan.cl\/de\/#\/schema\/logo\/image\/"},"sameAs":["https:\/\/web.facebook.com\/produncanland","https:\/\/www.instagram.com\/pro_duncan\/","https:\/\/www.linkedin.com\/company\/produncan-lands\/","https:\/\/www.youtube.com\/channel\/UCu7N-f3x0svkazD-Eew1-QQ"],"description":"En Produncan somos especialistas en la venta de terrenos en el sur de Chile. Proveemos estancias, campos, parcelas y hoteles.","email":"info@produncan.cl"}]},"og_video":"https:\/\/www.youtube.com\/embed\/P8UsYNr840I","og_video_type":"text\/html","og_video_duration":"72","og_video_width":"480","og_video_height":"360","ya_ovs_adult":"false","ya_ovs_upload_date":"2021-09-01T21:39:10+00:00","ya_ovs_allow_embed":"true","product_price_currency":"USD","og_availability":"out of stock","product_availability":"out of stock","product_condition":"new"},"_links":{"self":[{"href":"https:\/\/produncan.cl\/de\/wp-json\/wp\/v2\/product\/18031","targetHints":{"allow":["GET"]}}],"collection":[{"href":"https:\/\/produncan.cl\/de\/wp-json\/wp\/v2\/product"}],"about":[{"href":"https:\/\/produncan.cl\/de\/wp-json\/wp\/v2\/types\/product"}],"version-history":[{"count":0,"href":"https:\/\/produncan.cl\/de\/wp-json\/wp\/v2\/product\/18031\/revisions"}],"wp:featuredmedia":[{"embeddable":true,"href":"https:\/\/produncan.cl\/de\/wp-json\/wp\/v2\/media\/24025"}],"wp:attachment":[{"href":"https:\/\/produncan.cl\/de\/wp-json\/wp\/v2\/media?parent=18031"}],"wp:term":[{"taxonomy":"product_brand","embeddable":true,"href":"https:\/\/produncan.cl\/de\/wp-json\/wp\/v2\/product_brand?post=18031"},{"taxonomy":"product_cat","embeddable":true,"href":"https:\/\/produncan.cl\/de\/wp-json\/wp\/v2\/product_cat?post=18031"},{"taxonomy":"product_tag","embeddable":true,"href":"https:\/\/produncan.cl\/de\/wp-json\/wp\/v2\/product_tag?post=18031"},{"taxonomy":"regiones","embeddable":true,"href":"https:\/\/produncan.cl\/de\/wp-json\/wp\/v2\/regiones?post=18031"},{"taxonomy":"ciudades","embeddable":true,"href":"https:\/\/produncan.cl\/de\/wp-json\/wp\/v2\/ciudades?post=18031"}],"curies":[{"name":"wp","href":"https:\/\/api.w.org\/{rel}","templated":true}]}}