{"id":18113,"date":"2023-09-07T19:09:32","date_gmt":"2023-09-07T22:09:32","guid":{"rendered":"https:\/\/produncan.cl\/producto\/condor-river-lodge-tierra-del-fuego-region-magallanes\/"},"modified":"2025-12-26T17:19:54","modified_gmt":"2025-12-26T20:19:54","slug":"condor-river-lodge-tierra-del-fuego-region-magallanes","status":"publish","type":"product","link":"https:\/\/produncan.cl\/de\/produkt\/condor-river-lodge-tierra-del-fuego-region-magallanes\/","title":{"rendered":"Condor River Lodge &#8211; Tierra del Fuego &#8211; Region Magallanes"},"content":{"rendered":"\t\t<div data-elementor-type=\"product-post\" data-elementor-id=\"18113\" class=\"elementor elementor-18113 elementor-18037\" data-elementor-post-type=\"product\">\n\t\t\t\t<div class=\"elementor-element elementor-element-95766ec e-flex e-con-boxed e-con e-parent\" data-id=\"95766ec\" data-element_type=\"container\" data-e-type=\"container\" data-settings=\"{&quot;jet_parallax_layout_list&quot;:[]}\">\n\t\t\t\t\t<div class=\"e-con-inner\">\n\t\t\t\t<div class=\"elementor-element elementor-element-e34b2d0 elementor-widget elementor-widget-heading\" data-id=\"e34b2d0\" data-element_type=\"widget\" data-e-type=\"widget\" data-widget_type=\"heading.default\">\n\t\t\t\t\t<h2 class=\"elementor-heading-title elementor-size-default\">Eine fantastische H\u00fctte mit allem, was Sie f\u00fcr Ihr Projekt brauchen.<\/h2>\t\t\t\t<\/div>\n\t\t\t\t\t<\/div>\n\t\t\t\t<\/div>\n\t\t<div class=\"elementor-element elementor-element-017ce62 e-flex e-con-boxed e-con e-parent\" data-id=\"017ce62\" data-element_type=\"container\" data-e-type=\"container\" data-settings=\"{&quot;jet_parallax_layout_list&quot;:[]}\">\n\t\t\t\t\t<div class=\"e-con-inner\">\n\t\t\t\t<div class=\"elementor-element elementor-element-19228b8 elementor-widget elementor-widget-text-editor\" data-id=\"19228b8\" data-element_type=\"widget\" data-e-type=\"widget\" data-widget_type=\"text-editor.default\">\n\t\t\t\t\t\t\t\t\t<p data-start=\"131\" data-end=\"356\">Entdecken Sie diese atemberaubende Immobilie in Puerto Arturo, Tierra del Fuego, Region Magallanes! Es ist die perfekte Gelegenheit f\u00fcr diejenigen, die ein hochwertiges Tourismusprojekt in einer einzigartigen nat\u00fcrlichen Umgebung entwickeln m\u00f6chten.<\/p>\n<p data-start=\"358\" data-end=\"500\">Mit 21,31 Hektar und <strong>einem unglaublichen K\u00fcstenstreifen von 200 Metern<\/strong> bietet dieses Grundst\u00fcck ein ein a12&gt; Fl\u00e4che mehr als gro\u00dfz\u00fcgig f\u00fcr die Verwirklichung Ihres Projekts.<\/p>\n<p data-start=\"502\" data-end=\"868\">Ein herausragendes Merkmal dieses Anwesens ist <strong>sein kilometerlanger K\u00fcstenabschnitt am R\u00edo C\u00f3ndor<\/strong>, der Zugang zu Aktivit\u00e4ten wie Angeln und Beobachtung der reichen lokalen Tierwelt bietet. Zu den Tierarten, denen Sie begegnen k\u00f6nnen, geh\u00f6ren K\u00f6nigspinguine, Seeleoparden, Rotf\u00fcchse und eine erstaunliche Vielfalt an V\u00f6geln wie Albatrosse, Welse und Andenkondore.<\/p>\n<p data-start=\"870\" data-end=\"1292\">En cuanto a las construcciones, verf\u00fcgt das Anwesen \u00fcber vier<strong> bezaubernde H\u00fctten<\/strong>, einen gem\u00fctlichen Grillplatz und einen soliden Weinkeller, alles gebaut mit Materialien von hoher Qualit\u00e4t. Diese Ferienh\u00e4user wurden 2022 komplett renoviert und bieten komfortable R\u00e4umlichkeiten f\u00fcr Ihre G\u00e4ste. Der Quincho ist ein perfekter Ort f\u00fcr Unterhaltung, ausgestattet mit einem Billardtisch, einer Sitzecke und einem atemberaubenden Panoramablick aufs Meer.<\/p>\n<p data-start=\"1294\" data-end=\"1611\">Dar\u00fcber hinaus umfasst diese Immobilie <strong>eine Vielzahl von Fahrzeugen<\/strong>, wie zum Beispiel einen K\u00fchlwagen , eine R\u00e4ucherkammer f\u00fcr Fleisch, einem Lkw Ural, einem Pickup Ford F350 4&#215;4, ein Quad Can Am 1000, ein Quad Yamaha Grizzly, Autos, ein Suzuki 4&#215;4 Jeep und, zu guter Letzt, aber nicht weniger wichtig, ein Zodiac neu mit einem Motor mit 80 PS.<\/p>\n<p data-start=\"1613\" data-end=\"1998\">Das Anwesen verf\u00fcgt \u00fcber Strom, <strong>der von einem<\/strong> 5-kW-Dieselgenerator geliefert wird, der durch einen weiteren Notstromgenerator unterst\u00fctzt wird. <strong>Au\u00dferdem wurde eine Photovoltaikanlage mit einer Leistung von 25 kWh installiert<\/strong>, die eine gr\u00f6\u00dfere Energieautonomie erm\u00f6glicht. Dar\u00fcber hinaus verf\u00fcgt die Immobilie \u00fcber einen <strong>Starlink-Satelliten-Internetanschluss<\/strong>, der auch in dieser abgelegenen Umgebung eine Hochgeschwindigkeitsverbindung gew\u00e4hrleistet. <\/p>\n<p data-start=\"2000\" data-end=\"2193\">Auch profitiert von einer <strong>zertifizierten Wasserversorgung mit<\/strong>, mit einem Tank von 6000 Litern f\u00fcr die H\u00fctten und einem weiteren mit 3000 Litern f\u00fcr den Grillplatz. Dar\u00fcber hinaus gibt es in einigen Gebieten ein Telefonsignal.<\/p>\n<p data-start=\"2195\" data-end=\"2445\">Obwohl der Ort abgelegen ist, kann man ihn von Punta Arenas aus mit der F\u00e4hre nach Porvenir und dann weiter nach Cameron erreichen, gefolgt von einer 7-st\u00fcndigen Fahrt \u00fcber eine unbefestigte Stra\u00dfe. Sie ist auch auf dem Seeweg oder per Hubschrauber erreichbar.<\/p>\n<p data-start=\"2447\" data-end=\"2625\">Die nat\u00fcrliche Umgebung bietet eine Reihe von Attraktionen in der N\u00e4he, darunter der Feuerland-Nationalpark, das Magallanes-Nationalreservat, die Estancia Harberton und Puerto Williams.<\/p>\n<p data-start=\"2627\" data-end=\"2869\">Zusammenfassend ist diese Immobilie in Tierra del Fuego eine a9&gt; einzigartige Gelegenheit f\u00fcr diejenigen die in einer nat\u00fcrlichen Umgebung leben m\u00f6chten in einer atemberaubenden Umgebung mit einer einem Umfeld nat\u00fcrlicher beeindruckender Art leben m\u00f6chten, mit allem was a23&gt; notwendig ist um das Projekt ihrer Tr\u00e4ume zu beginnen. <strong>Der Verkaufspreis betr\u00e4gt USD\u202f6.000.000<\/strong>.<\/p>\n<p data-start=\"2871\" data-end=\"2997\">Z\u00f6gern Sie nicht, uns noch heute zu kontaktieren, um weitere Informationen \u00fcber diese au\u00dfergew\u00f6hnliche Immobilie zu erhalten und Ihre Tr\u00e4ume wahr werden zu lassen!<\/p>\n\t\t\t\t\t\t\t\t<\/div>\n\t\t\t\t\t<\/div>\n\t\t\t\t<\/div>\n\t\t\t\t<\/div>\n\t\t","protected":false},"excerpt":{"rendered":"<p>Grundst\u00fcck in Feuerland mit 187 Metern K\u00fcstenlinie und 1 Kilometer Flussufer. Haus, Grillplatz, vier H\u00fctten, komplett ausgestattet, schl\u00fcsselfertig zu verkaufen. Ideal f\u00fcr die Entwicklung einer Lodge und f\u00fcr den Tourismus.  <\/p>\n","protected":false},"featured_media":18043,"template":"","meta":{"_acf_changed":false},"product_brand":[],"product_cat":[116],"product_tag":[235,231],"regiones":[225],"ciudades":[518,211],"class_list":{"0":"post-18113","1":"product","2":"type-product","3":"status-publish","4":"has-post-thumbnail","6":"product_cat-aysen-magallanes-de","7":"product_tag-felder","8":"product_tag-touristische-immobilien","9":"regiones-aysen-magallanes","10":"ciudades-puerto-williams","11":"ciudades-punta-arenas","13":"first","14":"instock","15":"shipping-taxable","16":"purchasable","17":"product-type-simple"},"acf":[],"yoast_head":"<!-- This site is optimized with the Yoast SEO Premium plugin v26.0 (Yoast SEO v27.3) - https:\/\/yoast.com\/product\/yoast-seo-premium-wordpress\/ -->\n<title>Condor River Lodge - Tierra del Fuego - Region Magallanes - Produncan<\/title>\n<meta name=\"description\" content=\"Lodge in Feuerland mit einer Fl\u00e4che von 21,31 ha, mit 187 m Meeresufer und einem Kilometer Fluss. Das Anwesen ist schl\u00fcsselfertig mit 4 H\u00fctten und Grillplatz verkauft.\" \/>\n<meta name=\"robots\" content=\"index, follow, max-snippet:-1, max-image-preview:large, max-video-preview:-1\" \/>\n<link rel=\"canonical\" href=\"https:\/\/produncan.cl\/de\/produkt\/condor-river-lodge-tierra-del-fuego-region-magallanes\/\" \/>\n<meta property=\"og:locale\" content=\"de_DE\" \/>\n<meta property=\"og:type\" content=\"article\" \/>\n<meta property=\"og:title\" content=\"Condor River Lodge - Tierra del Fuego - Region Magallanes\" \/>\n<meta property=\"og:description\" content=\"Lodge in Feuerland mit einer Fl\u00e4che von 21,31 ha, mit 187 m Meeresufer und einem Kilometer Fluss. Das Anwesen ist schl\u00fcsselfertig mit 4 H\u00fctten und Grillplatz verkauft.\" \/>\n<meta property=\"og:url\" content=\"https:\/\/produncan.cl\/de\/produkt\/condor-river-lodge-tierra-del-fuego-region-magallanes\/\" \/>\n<meta property=\"og:site_name\" content=\"Produncan\" \/>\n<meta property=\"article:publisher\" content=\"https:\/\/web.facebook.com\/produncanland\" \/>\n<meta property=\"article:modified_time\" content=\"2025-12-26T20:19:54+00:00\" \/>\n<meta property=\"og:image\" content=\"https:\/\/produncan.cl\/wp-content\/uploads\/2023\/09\/Lodge-en-venta-rio-Condor.webp\" \/>\n\t<meta property=\"og:image:width\" content=\"600\" \/>\n\t<meta property=\"og:image:height\" content=\"450\" \/>\n\t<meta property=\"og:image:type\" content=\"image\/webp\" \/>\n<meta name=\"twitter:card\" content=\"summary_large_image\" \/>\n<meta name=\"twitter:label1\" content=\"Price\" \/>\n\t<meta name=\"twitter:data1\" content=\"USD5.978.500,00\" \/>\n\t<meta name=\"twitter:label2\" content=\"Availability\" \/>\n\t<meta name=\"twitter:data2\" content=\"In stock\" \/>\n<script type=\"application\/ld+json\" class=\"yoast-schema-graph\">{\"@context\":\"https:\\\/\\\/schema.org\",\"@graph\":[{\"@type\":\"WebPage\",\"@id\":\"https:\\\/\\\/produncan.cl\\\/de\\\/produkt\\\/condor-river-lodge-tierra-del-fuego-region-magallanes\\\/\",\"url\":\"https:\\\/\\\/produncan.cl\\\/de\\\/produkt\\\/condor-river-lodge-tierra-del-fuego-region-magallanes\\\/\",\"name\":\"Condor River Lodge - Tierra del Fuego - Region Magallanes - Produncan\",\"isPartOf\":{\"@id\":\"https:\\\/\\\/produncan.cl\\\/de\\\/#website\"},\"primaryImageOfPage\":{\"@id\":\"https:\\\/\\\/produncan.cl\\\/de\\\/produkt\\\/condor-river-lodge-tierra-del-fuego-region-magallanes\\\/#primaryimage\"},\"image\":{\"@id\":\"https:\\\/\\\/produncan.cl\\\/de\\\/produkt\\\/condor-river-lodge-tierra-del-fuego-region-magallanes\\\/#primaryimage\"},\"thumbnailUrl\":\"https:\\\/\\\/produncan.cl\\\/wp-content\\\/uploads\\\/2023\\\/09\\\/Lodge-en-venta-rio-Condor.webp\",\"datePublished\":\"2023-09-07T22:09:32+00:00\",\"dateModified\":\"2025-12-26T20:19:54+00:00\",\"description\":\"Lodge in Feuerland mit einer Fl\u00e4che von 21,31 ha, mit 187 m Meeresufer und einem Kilometer Fluss. Das Anwesen ist schl\u00fcsselfertig mit 4 H\u00fctten und Grillplatz verkauft.\",\"breadcrumb\":{\"@id\":\"https:\\\/\\\/produncan.cl\\\/de\\\/produkt\\\/condor-river-lodge-tierra-del-fuego-region-magallanes\\\/#breadcrumb\"},\"inLanguage\":\"de-DE\",\"potentialAction\":[{\"@type\":\"ReadAction\",\"target\":[\"https:\\\/\\\/produncan.cl\\\/de\\\/produkt\\\/condor-river-lodge-tierra-del-fuego-region-magallanes\\\/\"]}]},{\"@type\":\"ImageObject\",\"inLanguage\":\"de-DE\",\"@id\":\"https:\\\/\\\/produncan.cl\\\/de\\\/produkt\\\/condor-river-lodge-tierra-del-fuego-region-magallanes\\\/#primaryimage\",\"url\":\"https:\\\/\\\/produncan.cl\\\/wp-content\\\/uploads\\\/2023\\\/09\\\/Lodge-en-venta-rio-Condor.webp\",\"contentUrl\":\"https:\\\/\\\/produncan.cl\\\/wp-content\\\/uploads\\\/2023\\\/09\\\/Lodge-en-venta-rio-Condor.webp\",\"width\":600,\"height\":450,\"caption\":\"Lodge zum Verkauf River Condor\"},{\"@type\":\"BreadcrumbList\",\"@id\":\"https:\\\/\\\/produncan.cl\\\/de\\\/produkt\\\/condor-river-lodge-tierra-del-fuego-region-magallanes\\\/#breadcrumb\",\"itemListElement\":[{\"@type\":\"ListItem\",\"position\":1,\"name\":\"Inicio\",\"item\":\"https:\\\/\\\/produncan.cl\\\/de\\\/\"},{\"@type\":\"ListItem\",\"position\":2,\"name\":\"Eigenschaften\",\"item\":\"https:\\\/\\\/produncan.cl\\\/propiedades\\\/\"},{\"@type\":\"ListItem\",\"position\":3,\"name\":\"Felder\",\"item\":\"https:\\\/\\\/produncan.cl\\\/de\\\/kategorie\\\/felder\\\/\"},{\"@type\":\"ListItem\",\"position\":4,\"name\":\"Condor River Lodge &#8211; Tierra del Fuego &#8211; Region Magallanes\"}]},{\"@type\":\"WebSite\",\"@id\":\"https:\\\/\\\/produncan.cl\\\/de\\\/#website\",\"url\":\"https:\\\/\\\/produncan.cl\\\/de\\\/\",\"name\":\"Produncan\",\"description\":\"Wir begleiten Sie bei Ihrem Lebensprojekt!\",\"publisher\":{\"@id\":\"https:\\\/\\\/produncan.cl\\\/de\\\/#organization\"},\"potentialAction\":[{\"@type\":\"SearchAction\",\"target\":{\"@type\":\"EntryPoint\",\"urlTemplate\":\"https:\\\/\\\/produncan.cl\\\/de\\\/?s={search_term_string}\"},\"query-input\":{\"@type\":\"PropertyValueSpecification\",\"valueRequired\":true,\"valueName\":\"search_term_string\"}}],\"inLanguage\":\"de-DE\"},{\"@type\":\"Organization\",\"@id\":\"https:\\\/\\\/produncan.cl\\\/de\\\/#organization\",\"name\":\"Produncan\",\"url\":\"https:\\\/\\\/produncan.cl\\\/de\\\/\",\"logo\":{\"@type\":\"ImageObject\",\"inLanguage\":\"de-DE\",\"@id\":\"https:\\\/\\\/produncan.cl\\\/de\\\/#\\\/schema\\\/logo\\\/image\\\/\",\"url\":\"https:\\\/\\\/produncan.cl\\\/wp-content\\\/uploads\\\/2021\\\/03\\\/LOGO.jpeg\",\"contentUrl\":\"https:\\\/\\\/produncan.cl\\\/wp-content\\\/uploads\\\/2021\\\/03\\\/LOGO.jpeg\",\"width\":1280,\"height\":903,\"caption\":\"Produncan\"},\"image\":{\"@id\":\"https:\\\/\\\/produncan.cl\\\/de\\\/#\\\/schema\\\/logo\\\/image\\\/\"},\"sameAs\":[\"https:\\\/\\\/web.facebook.com\\\/produncanland\",\"https:\\\/\\\/www.instagram.com\\\/pro_duncan\\\/\",\"https:\\\/\\\/www.linkedin.com\\\/company\\\/produncan-lands\\\/\",\"https:\\\/\\\/www.youtube.com\\\/channel\\\/UCu7N-f3x0svkazD-Eew1-QQ\"],\"description\":\"En Produncan somos especialistas en la venta de terrenos en el sur de Chile. Proveemos estancias, campos, parcelas y hoteles.\",\"email\":\"info@produncan.cl\"}]}<\/script>\n<meta property=\"og:video\" content=\"https:\/\/www.youtube.com\/embed\/7kefsiM5ROE\" \/>\n<meta property=\"og:video:type\" content=\"text\/html\" \/>\n<meta property=\"og:video:duration\" content=\"107\" \/>\n<meta property=\"og:video:width\" content=\"480\" \/>\n<meta property=\"og:video:height\" content=\"360\" \/>\n<meta property=\"ya:ovs:adult\" content=\"false\" \/>\n<meta property=\"ya:ovs:upload_date\" content=\"2023-09-07T22:09:32+00:00\" \/>\n<meta property=\"ya:ovs:allow_embed\" content=\"true\" \/>\n<meta property=\"product:price:amount\" content=\"5978500.00\" \/>\n<meta property=\"product:price:currency\" content=\"USD\" \/>\n<meta property=\"og:availability\" content=\"instock\" \/>\n<meta property=\"product:availability\" content=\"instock\" \/>\n<meta property=\"product:condition\" content=\"new\" \/>\n<!-- \/ Yoast SEO Premium plugin. -->","yoast_head_json":{"title":"Condor River Lodge - Tierra del Fuego - Region Magallanes - Produncan","description":"Lodge in Feuerland mit einer Fl\u00e4che von 21,31 ha, mit 187 m Meeresufer und einem Kilometer Fluss. Das Anwesen ist schl\u00fcsselfertig mit 4 H\u00fctten und Grillplatz verkauft.","robots":{"index":"index","follow":"follow","max-snippet":"max-snippet:-1","max-image-preview":"max-image-preview:large","max-video-preview":"max-video-preview:-1"},"canonical":"https:\/\/produncan.cl\/de\/produkt\/condor-river-lodge-tierra-del-fuego-region-magallanes\/","og_locale":"de_DE","og_type":"article","og_title":"Condor River Lodge - Tierra del Fuego - Region Magallanes","og_description":"Lodge in Feuerland mit einer Fl\u00e4che von 21,31 ha, mit 187 m Meeresufer und einem Kilometer Fluss. Das Anwesen ist schl\u00fcsselfertig mit 4 H\u00fctten und Grillplatz verkauft.","og_url":"https:\/\/produncan.cl\/de\/produkt\/condor-river-lodge-tierra-del-fuego-region-magallanes\/","og_site_name":"Produncan","article_publisher":"https:\/\/web.facebook.com\/produncanland","article_modified_time":"2025-12-26T20:19:54+00:00","og_image":[{"width":600,"height":450,"url":"https:\/\/produncan.cl\/wp-content\/uploads\/2023\/09\/Lodge-en-venta-rio-Condor.webp","type":"image\/webp"}],"twitter_card":"summary_large_image","twitter_misc":{"Price":"USD5.978.500,00","Availability":"In stock"},"schema":{"@context":"https:\/\/schema.org","@graph":[{"@type":"WebPage","@id":"https:\/\/produncan.cl\/de\/produkt\/condor-river-lodge-tierra-del-fuego-region-magallanes\/","url":"https:\/\/produncan.cl\/de\/produkt\/condor-river-lodge-tierra-del-fuego-region-magallanes\/","name":"Condor River Lodge - Tierra del Fuego - Region Magallanes - Produncan","isPartOf":{"@id":"https:\/\/produncan.cl\/de\/#website"},"primaryImageOfPage":{"@id":"https:\/\/produncan.cl\/de\/produkt\/condor-river-lodge-tierra-del-fuego-region-magallanes\/#primaryimage"},"image":{"@id":"https:\/\/produncan.cl\/de\/produkt\/condor-river-lodge-tierra-del-fuego-region-magallanes\/#primaryimage"},"thumbnailUrl":"https:\/\/produncan.cl\/wp-content\/uploads\/2023\/09\/Lodge-en-venta-rio-Condor.webp","datePublished":"2023-09-07T22:09:32+00:00","dateModified":"2025-12-26T20:19:54+00:00","description":"Lodge in Feuerland mit einer Fl\u00e4che von 21,31 ha, mit 187 m Meeresufer und einem Kilometer Fluss. Das Anwesen ist schl\u00fcsselfertig mit 4 H\u00fctten und Grillplatz verkauft.","breadcrumb":{"@id":"https:\/\/produncan.cl\/de\/produkt\/condor-river-lodge-tierra-del-fuego-region-magallanes\/#breadcrumb"},"inLanguage":"de-DE","potentialAction":[{"@type":"ReadAction","target":["https:\/\/produncan.cl\/de\/produkt\/condor-river-lodge-tierra-del-fuego-region-magallanes\/"]}]},{"@type":"ImageObject","inLanguage":"de-DE","@id":"https:\/\/produncan.cl\/de\/produkt\/condor-river-lodge-tierra-del-fuego-region-magallanes\/#primaryimage","url":"https:\/\/produncan.cl\/wp-content\/uploads\/2023\/09\/Lodge-en-venta-rio-Condor.webp","contentUrl":"https:\/\/produncan.cl\/wp-content\/uploads\/2023\/09\/Lodge-en-venta-rio-Condor.webp","width":600,"height":450,"caption":"Lodge zum Verkauf River Condor"},{"@type":"BreadcrumbList","@id":"https:\/\/produncan.cl\/de\/produkt\/condor-river-lodge-tierra-del-fuego-region-magallanes\/#breadcrumb","itemListElement":[{"@type":"ListItem","position":1,"name":"Inicio","item":"https:\/\/produncan.cl\/de\/"},{"@type":"ListItem","position":2,"name":"Eigenschaften","item":"https:\/\/produncan.cl\/propiedades\/"},{"@type":"ListItem","position":3,"name":"Felder","item":"https:\/\/produncan.cl\/de\/kategorie\/felder\/"},{"@type":"ListItem","position":4,"name":"Condor River Lodge &#8211; Tierra del Fuego &#8211; Region Magallanes"}]},{"@type":"WebSite","@id":"https:\/\/produncan.cl\/de\/#website","url":"https:\/\/produncan.cl\/de\/","name":"Produncan","description":"Wir begleiten Sie bei Ihrem Lebensprojekt!","publisher":{"@id":"https:\/\/produncan.cl\/de\/#organization"},"potentialAction":[{"@type":"SearchAction","target":{"@type":"EntryPoint","urlTemplate":"https:\/\/produncan.cl\/de\/?s={search_term_string}"},"query-input":{"@type":"PropertyValueSpecification","valueRequired":true,"valueName":"search_term_string"}}],"inLanguage":"de-DE"},{"@type":"Organization","@id":"https:\/\/produncan.cl\/de\/#organization","name":"Produncan","url":"https:\/\/produncan.cl\/de\/","logo":{"@type":"ImageObject","inLanguage":"de-DE","@id":"https:\/\/produncan.cl\/de\/#\/schema\/logo\/image\/","url":"https:\/\/produncan.cl\/wp-content\/uploads\/2021\/03\/LOGO.jpeg","contentUrl":"https:\/\/produncan.cl\/wp-content\/uploads\/2021\/03\/LOGO.jpeg","width":1280,"height":903,"caption":"Produncan"},"image":{"@id":"https:\/\/produncan.cl\/de\/#\/schema\/logo\/image\/"},"sameAs":["https:\/\/web.facebook.com\/produncanland","https:\/\/www.instagram.com\/pro_duncan\/","https:\/\/www.linkedin.com\/company\/produncan-lands\/","https:\/\/www.youtube.com\/channel\/UCu7N-f3x0svkazD-Eew1-QQ"],"description":"En Produncan somos especialistas en la venta de terrenos en el sur de Chile. Proveemos estancias, campos, parcelas y hoteles.","email":"info@produncan.cl"}]},"og_video":"https:\/\/www.youtube.com\/embed\/7kefsiM5ROE","og_video_type":"text\/html","og_video_duration":"107","og_video_width":"480","og_video_height":"360","ya_ovs_adult":"false","ya_ovs_upload_date":"2023-09-07T22:09:32+00:00","ya_ovs_allow_embed":"true","product_price_amount":"5978500.00","product_price_currency":"USD","og_availability":"instock","product_availability":"instock","product_condition":"new"},"_links":{"self":[{"href":"https:\/\/produncan.cl\/de\/wp-json\/wp\/v2\/product\/18113","targetHints":{"allow":["GET"]}}],"collection":[{"href":"https:\/\/produncan.cl\/de\/wp-json\/wp\/v2\/product"}],"about":[{"href":"https:\/\/produncan.cl\/de\/wp-json\/wp\/v2\/types\/product"}],"version-history":[{"count":2,"href":"https:\/\/produncan.cl\/de\/wp-json\/wp\/v2\/product\/18113\/revisions"}],"predecessor-version":[{"id":54132,"href":"https:\/\/produncan.cl\/de\/wp-json\/wp\/v2\/product\/18113\/revisions\/54132"}],"wp:featuredmedia":[{"embeddable":true,"href":"https:\/\/produncan.cl\/de\/wp-json\/wp\/v2\/media\/18043"}],"wp:attachment":[{"href":"https:\/\/produncan.cl\/de\/wp-json\/wp\/v2\/media?parent=18113"}],"wp:term":[{"taxonomy":"product_brand","embeddable":true,"href":"https:\/\/produncan.cl\/de\/wp-json\/wp\/v2\/product_brand?post=18113"},{"taxonomy":"product_cat","embeddable":true,"href":"https:\/\/produncan.cl\/de\/wp-json\/wp\/v2\/product_cat?post=18113"},{"taxonomy":"product_tag","embeddable":true,"href":"https:\/\/produncan.cl\/de\/wp-json\/wp\/v2\/product_tag?post=18113"},{"taxonomy":"regiones","embeddable":true,"href":"https:\/\/produncan.cl\/de\/wp-json\/wp\/v2\/regiones?post=18113"},{"taxonomy":"ciudades","embeddable":true,"href":"https:\/\/produncan.cl\/de\/wp-json\/wp\/v2\/ciudades?post=18113"}],"curies":[{"name":"wp","href":"https:\/\/api.w.org\/{rel}","templated":true}]}}