{"id":19021,"date":"2023-09-21T18:32:44","date_gmt":"2023-09-21T21:32:44","guid":{"rendered":"https:\/\/produncan.cl\/producto\/vista-hermosa-bauernhof-region-de-los-rios\/"},"modified":"2025-11-24T18:06:10","modified_gmt":"2025-11-24T21:06:10","slug":"vista-hermosa-bauernhof-region-de-los-rios","status":"publish","type":"product","link":"https:\/\/produncan.cl\/de\/produkt\/vista-hermosa-bauernhof-region-de-los-rios\/","title":{"rendered":"Landleben in La Uni\u00f3n &#8211; Vista Hermosa &#8211; Region Los R\u00edos"},"content":{"rendered":"\t\t<div data-elementor-type=\"product-post\" data-elementor-id=\"19021\" class=\"elementor elementor-19021 elementor-18770\" data-elementor-post-type=\"product\">\n\t\t\t\t<div class=\"elementor-element elementor-element-8a8a3c9 e-flex e-con-boxed e-con e-parent\" data-id=\"8a8a3c9\" data-element_type=\"container\" data-e-type=\"container\" data-settings=\"{&quot;jet_parallax_layout_list&quot;:[]}\">\n\t\t\t\t\t<div class=\"e-con-inner\">\n\t\t\t\t<div class=\"elementor-element elementor-element-021455e elementor-widget elementor-widget-heading\" data-id=\"021455e\" data-element_type=\"widget\" data-e-type=\"widget\" data-widget_type=\"heading.default\">\n\t\t\t\t\t<h2 class=\"elementor-heading-title elementor-size-default\">Eine Landschaft, die in der Flussregion viel zu bieten hat<\/h2>\t\t\t\t<\/div>\n\t\t\t\t\t<\/div>\n\t\t\t\t<\/div>\n\t\t<div class=\"elementor-element elementor-element-e9c00e7 e-flex e-con-boxed e-con e-parent\" data-id=\"e9c00e7\" data-element_type=\"container\" data-e-type=\"container\" data-settings=\"{&quot;jet_parallax_layout_list&quot;:[]}\">\n\t\t\t\t\t<div class=\"e-con-inner\">\n\t\t\t\t<div class=\"elementor-element elementor-element-041f6cb elementor-widget elementor-widget-text-editor\" data-id=\"041f6cb\" data-element_type=\"widget\" data-e-type=\"widget\" data-widget_type=\"text-editor.default\">\n\t\t\t\t\t\t\t\t\t<p>Dieses Landgut in La Union hat viel zu bieten und ist eine gute Gelegenheit f\u00fcr alle, die ein stadtnahes Grundst\u00fcck mit sch\u00f6ner Aussicht suchen.<\/p><p><span style=\"color: var( --e-global-color-text ); font-family: var( --e-global-typography-text-font-family ), Sans-serif; font-weight: var( --e-global-typography-text-font-weight ); text-align: var(--text-align);\">Das Land hat laut CBR-Titel eine Fl\u00e4che von 20 Hektar, obwohl eine topographische Vermessung 21,32 Hektar angibt. Es ist als landwirtschaftliche Fl\u00e4che eingestuft und bietet eine Vielzahl von M\u00f6glichkeiten.<\/span><\/p><p><span style=\"color: var( --e-global-color-text ); font-family: var( --e-global-typography-text-font-family ), Sans-serif; font-weight: var( --e-global-typography-text-font-weight ); text-align: var(--text-align);\">Der Zugang zum Grundst\u00fcck erfolgt \u00fcber einen Schotterweg, der nur wenige Meter von einer asphaltierten Stra\u00dfe entfernt ist.<\/span><\/p><p><span style=\"color: var( --e-global-color-text ); font-family: var( --e-global-typography-text-font-family ), Sans-serif; font-weight: var( --e-global-typography-text-font-weight ); text-align: var(--text-align);\">Die Immobilie verf\u00fcgt \u00fcber einen einphasigen und einen dreiphasigen Stromanschluss, was f\u00fcr verschiedene Nutzungen von Vorteil ist. Au\u00dferdem gibt es hier Quellwasser, das erforscht wurde und genutzt werden kann.<\/span><\/p><p><span style=\"color: var( --e-global-color-text ); font-family: var( --e-global-typography-text-font-family ), Sans-serif; font-weight: var( --e-global-typography-text-font-weight ); text-align: var(--text-align);\">Auf dem Grundst\u00fcck befindet sich ein 169 Quadratmeter gro\u00dfer Schuppen, der zur Lagerung von Ballen dient. Er besteht aus einer Holzkonstruktion, einer Holz- und Zinkblechverkleidung und einem Zinkdach.<\/span><\/p><p><span style=\"color: var( --e-global-color-text ); font-family: var( --e-global-typography-text-font-family ), Sans-serif; font-weight: var( --e-global-typography-text-font-weight ); text-align: var(--text-align);\">Die Topographie des Gel\u00e4ndes ist abwechslungsreich, mit Abschnitten mit sanftem Relief, die einen Panoramablick auf die Vulkane der Region bieten, was den Wert des Grundst\u00fccks steigern kann.<\/span><\/p><p><span style=\"color: var( --e-global-color-text ); font-family: var( --e-global-typography-text-font-family ), Sans-serif; font-weight: var( --e-global-typography-text-font-weight ); text-align: var(--text-align);\">In der Vergangenheit wurde das Grundst\u00fcck f\u00fcr die Vieh- und Schafzucht genutzt, weshalb es noch immer \u00fcber Einrichtungen wie Tr\u00e4nken und einen Teich verf\u00fcgt.<\/span><\/p><p><span style=\"color: var( --e-global-color-text ); font-family: var( --e-global-typography-text-font-family ), Sans-serif; font-weight: var( --e-global-typography-text-font-weight ); text-align: var(--text-align);\">Die Sonneneinstrahlung ist gut, was f\u00fcr verschiedene Aktivit\u00e4ten auf dem Grundst\u00fcck von Vorteil ist. Das Land besteht haupts\u00e4chlich aus Wiesen, aber auch aus einheimischen B\u00e4umen wie Magerrasen und Weiden, und in einigen Bereichen gibt es Kiefern und Eukalyptusb\u00e4ume.<\/span><\/p><p><span style=\"color: var( --e-global-color-text ); font-family: var( --e-global-typography-text-font-family ), Sans-serif; font-weight: var( --e-global-typography-text-font-weight ); text-align: var(--text-align);\">Das Grundst\u00fcck befindet sich in einem Gebiet mit einer Vielzahl von Wildtieren, darunter Hasen, Tigerkatzen, Wanderer, Drosseln, Kolibris, Kolibris und andere.<\/span><\/p><p><span style=\"color: var( --e-global-color-text ); font-family: var( --e-global-typography-text-font-family ), Sans-serif; font-weight: var( --e-global-typography-text-font-weight ); text-align: var(--text-align);\">Kurzum, dieses 20 Hektar gro\u00dfe landwirtschaftliche Grundst\u00fcck bietet eine Vielzahl von M\u00f6glichkeiten und Annehmlichkeiten, sei es f\u00fcr die Landwirtschaft, die Viehzucht oder andere Projekte. Der Verkaufspreis betr\u00e4gt UF8894.<\/span><\/p><p><span style=\"color: var( --e-global-color-text ); font-family: var( --e-global-typography-text-font-family ), Sans-serif; font-weight: var( --e-global-typography-text-font-weight ); text-align: var(--text-align);\">Kontaktieren Sie uns f\u00fcr weitere Informationen oder um einen Besichtigungstermin zu vereinbaren!<\/span><\/p>\t\t\t\t\t\t\t\t<\/div>\n\t\t\t\t\t<\/div>\n\t\t\t\t<\/div>\n\t\t\t\t<\/div>\n\t\t","protected":false},"excerpt":{"rendered":"<p>Landgut in La Uni\u00f3n, nur 10 Minuten von der Stadt entfernt. Asphaltierte Zufahrt, \u00fcberwiegend Wiesen mit herrlichem Blick auf die Bergkette. Mit Quelle, Schuppen und Stromanschluss. Direkter Zugang \u00fcber \u00f6ffentliche Stra\u00dfe.   <\/p>\n","protected":false},"featured_media":18826,"template":"","meta":{"_acf_changed":false},"product_brand":[],"product_cat":[104],"product_tag":[235,231],"regiones":[226],"ciudades":[215],"class_list":{"0":"post-19021","1":"product","2":"type-product","3":"status-publish","4":"has-post-thumbnail","6":"product_cat-ohiggins-los-lagos","7":"product_tag-felder","8":"product_tag-touristische-immobilien","9":"regiones-nuble-los_lagos","10":"ciudades-la-union","12":"first","13":"instock","14":"shipping-taxable","15":"purchasable","16":"product-type-simple"},"acf":[],"yoast_head":"<!-- This site is optimized with the Yoast SEO Premium plugin v26.0 (Yoast SEO v27.3) - https:\/\/yoast.com\/product\/yoast-seo-premium-wordpress\/ -->\n<title>Vista Hermosa Bauernhof - Region Los R\u00edos - Produncan<\/title>\n<meta name=\"description\" content=\"Bauernhof in La Uni\u00f3n, 20 ha mit sch\u00f6nen Wiesen, Blick auf die Vulkane, Hanglage, Stromleitung und einem Ballenschuppen.\" \/>\n<meta name=\"robots\" content=\"index, follow, max-snippet:-1, max-image-preview:large, max-video-preview:-1\" \/>\n<link rel=\"canonical\" href=\"https:\/\/produncan.cl\/de\/produkt\/vista-hermosa-bauernhof-region-de-los-rios\/\" \/>\n<meta property=\"og:locale\" content=\"de_DE\" \/>\n<meta property=\"og:type\" content=\"article\" \/>\n<meta property=\"og:title\" content=\"Landleben in La Uni\u00f3n - Vista Hermosa - Region Los R\u00edos\" \/>\n<meta property=\"og:description\" content=\"Bauernhof in La Uni\u00f3n, 20 ha mit sch\u00f6nen Wiesen, Blick auf die Vulkane, Hanglage, Stromleitung und einem Ballenschuppen.\" \/>\n<meta property=\"og:url\" content=\"https:\/\/produncan.cl\/de\/produkt\/vista-hermosa-bauernhof-region-de-los-rios\/\" \/>\n<meta property=\"og:site_name\" content=\"Produncan\" \/>\n<meta property=\"article:publisher\" content=\"https:\/\/web.facebook.com\/produncanland\" \/>\n<meta property=\"article:modified_time\" content=\"2025-11-24T21:06:10+00:00\" \/>\n<meta property=\"og:image\" content=\"https:\/\/produncan.cl\/wp-content\/uploads\/2023\/09\/Campo-en-venta-Vista-Hermosa.webp\" \/>\n\t<meta property=\"og:image:width\" content=\"600\" \/>\n\t<meta property=\"og:image:height\" content=\"450\" \/>\n\t<meta property=\"og:image:type\" content=\"image\/webp\" \/>\n<meta name=\"twitter:card\" content=\"summary_large_image\" \/>\n<meta name=\"twitter:label1\" content=\"Price\" \/>\n\t<meta name=\"twitter:data1\" content=\"USD380.500,00\" \/>\n\t<meta name=\"twitter:label2\" content=\"Availability\" \/>\n\t<meta name=\"twitter:data2\" content=\"In stock\" \/>\n<script type=\"application\/ld+json\" class=\"yoast-schema-graph\">{\"@context\":\"https:\\\/\\\/schema.org\",\"@graph\":[{\"@type\":\"WebPage\",\"@id\":\"https:\\\/\\\/produncan.cl\\\/de\\\/produkt\\\/vista-hermosa-bauernhof-region-de-los-rios\\\/\",\"url\":\"https:\\\/\\\/produncan.cl\\\/de\\\/produkt\\\/vista-hermosa-bauernhof-region-de-los-rios\\\/\",\"name\":\"Vista Hermosa Bauernhof - Region Los R\u00edos - Produncan\",\"isPartOf\":{\"@id\":\"https:\\\/\\\/produncan.cl\\\/de\\\/#website\"},\"primaryImageOfPage\":{\"@id\":\"https:\\\/\\\/produncan.cl\\\/de\\\/produkt\\\/vista-hermosa-bauernhof-region-de-los-rios\\\/#primaryimage\"},\"image\":{\"@id\":\"https:\\\/\\\/produncan.cl\\\/de\\\/produkt\\\/vista-hermosa-bauernhof-region-de-los-rios\\\/#primaryimage\"},\"thumbnailUrl\":\"https:\\\/\\\/produncan.cl\\\/wp-content\\\/uploads\\\/2023\\\/09\\\/Campo-en-venta-Vista-Hermosa.webp\",\"datePublished\":\"2023-09-21T21:32:44+00:00\",\"dateModified\":\"2025-11-24T21:06:10+00:00\",\"description\":\"Bauernhof in La Uni\u00f3n, 20 ha mit sch\u00f6nen Wiesen, Blick auf die Vulkane, Hanglage, Stromleitung und einem Ballenschuppen.\",\"breadcrumb\":{\"@id\":\"https:\\\/\\\/produncan.cl\\\/de\\\/produkt\\\/vista-hermosa-bauernhof-region-de-los-rios\\\/#breadcrumb\"},\"inLanguage\":\"de-DE\",\"potentialAction\":[{\"@type\":\"ReadAction\",\"target\":[\"https:\\\/\\\/produncan.cl\\\/de\\\/produkt\\\/vista-hermosa-bauernhof-region-de-los-rios\\\/\"]}]},{\"@type\":\"ImageObject\",\"inLanguage\":\"de-DE\",\"@id\":\"https:\\\/\\\/produncan.cl\\\/de\\\/produkt\\\/vista-hermosa-bauernhof-region-de-los-rios\\\/#primaryimage\",\"url\":\"https:\\\/\\\/produncan.cl\\\/wp-content\\\/uploads\\\/2023\\\/09\\\/Campo-en-venta-Vista-Hermosa.webp\",\"contentUrl\":\"https:\\\/\\\/produncan.cl\\\/wp-content\\\/uploads\\\/2023\\\/09\\\/Campo-en-venta-Vista-Hermosa.webp\",\"width\":600,\"height\":450,\"caption\":\"Feld zum Verkauf Vista Hermosa\"},{\"@type\":\"BreadcrumbList\",\"@id\":\"https:\\\/\\\/produncan.cl\\\/de\\\/produkt\\\/vista-hermosa-bauernhof-region-de-los-rios\\\/#breadcrumb\",\"itemListElement\":[{\"@type\":\"ListItem\",\"position\":1,\"name\":\"Inicio\",\"item\":\"https:\\\/\\\/produncan.cl\\\/de\\\/\"},{\"@type\":\"ListItem\",\"position\":2,\"name\":\"Eigenschaften\",\"item\":\"https:\\\/\\\/produncan.cl\\\/propiedades\\\/\"},{\"@type\":\"ListItem\",\"position\":3,\"name\":\"Felder\",\"item\":\"https:\\\/\\\/produncan.cl\\\/de\\\/kategorie\\\/felder\\\/\"},{\"@type\":\"ListItem\",\"position\":4,\"name\":\"Landleben in La Uni\u00f3n &#8211; Vista Hermosa &#8211; Region Los R\u00edos\"}]},{\"@type\":\"WebSite\",\"@id\":\"https:\\\/\\\/produncan.cl\\\/de\\\/#website\",\"url\":\"https:\\\/\\\/produncan.cl\\\/de\\\/\",\"name\":\"Produncan\",\"description\":\"Wir begleiten Sie bei Ihrem Lebensprojekt!\",\"publisher\":{\"@id\":\"https:\\\/\\\/produncan.cl\\\/de\\\/#organization\"},\"potentialAction\":[{\"@type\":\"SearchAction\",\"target\":{\"@type\":\"EntryPoint\",\"urlTemplate\":\"https:\\\/\\\/produncan.cl\\\/de\\\/?s={search_term_string}\"},\"query-input\":{\"@type\":\"PropertyValueSpecification\",\"valueRequired\":true,\"valueName\":\"search_term_string\"}}],\"inLanguage\":\"de-DE\"},{\"@type\":\"Organization\",\"@id\":\"https:\\\/\\\/produncan.cl\\\/de\\\/#organization\",\"name\":\"Produncan\",\"url\":\"https:\\\/\\\/produncan.cl\\\/de\\\/\",\"logo\":{\"@type\":\"ImageObject\",\"inLanguage\":\"de-DE\",\"@id\":\"https:\\\/\\\/produncan.cl\\\/de\\\/#\\\/schema\\\/logo\\\/image\\\/\",\"url\":\"https:\\\/\\\/produncan.cl\\\/wp-content\\\/uploads\\\/2021\\\/03\\\/LOGO.jpeg\",\"contentUrl\":\"https:\\\/\\\/produncan.cl\\\/wp-content\\\/uploads\\\/2021\\\/03\\\/LOGO.jpeg\",\"width\":1280,\"height\":903,\"caption\":\"Produncan\"},\"image\":{\"@id\":\"https:\\\/\\\/produncan.cl\\\/de\\\/#\\\/schema\\\/logo\\\/image\\\/\"},\"sameAs\":[\"https:\\\/\\\/web.facebook.com\\\/produncanland\",\"https:\\\/\\\/www.instagram.com\\\/pro_duncan\\\/\",\"https:\\\/\\\/www.linkedin.com\\\/company\\\/produncan-lands\\\/\",\"https:\\\/\\\/www.youtube.com\\\/channel\\\/UCu7N-f3x0svkazD-Eew1-QQ\"],\"description\":\"En Produncan somos especialistas en la venta de terrenos en el sur de Chile. Proveemos estancias, campos, parcelas y hoteles.\",\"email\":\"info@produncan.cl\"}]}<\/script>\n<meta property=\"og:video\" content=\"https:\/\/www.youtube.com\/embed\/g_6brzspC_Y\" \/>\n<meta property=\"og:video:type\" content=\"text\/html\" \/>\n<meta property=\"og:video:duration\" content=\"67\" \/>\n<meta property=\"og:video:width\" content=\"480\" \/>\n<meta property=\"og:video:height\" content=\"360\" \/>\n<meta property=\"ya:ovs:adult\" content=\"false\" \/>\n<meta property=\"ya:ovs:upload_date\" content=\"2023-09-21T21:32:44+00:00\" \/>\n<meta property=\"ya:ovs:allow_embed\" content=\"true\" \/>\n<meta property=\"product:price:amount\" content=\"380500.00\" \/>\n<meta property=\"product:price:currency\" content=\"USD\" \/>\n<meta property=\"og:availability\" content=\"instock\" \/>\n<meta property=\"product:availability\" content=\"instock\" \/>\n<meta property=\"product:condition\" content=\"new\" \/>\n<!-- \/ Yoast SEO Premium plugin. -->","yoast_head_json":{"title":"Vista Hermosa Bauernhof - Region Los R\u00edos - Produncan","description":"Bauernhof in La Uni\u00f3n, 20 ha mit sch\u00f6nen Wiesen, Blick auf die Vulkane, Hanglage, Stromleitung und einem Ballenschuppen.","robots":{"index":"index","follow":"follow","max-snippet":"max-snippet:-1","max-image-preview":"max-image-preview:large","max-video-preview":"max-video-preview:-1"},"canonical":"https:\/\/produncan.cl\/de\/produkt\/vista-hermosa-bauernhof-region-de-los-rios\/","og_locale":"de_DE","og_type":"article","og_title":"Landleben in La Uni\u00f3n - Vista Hermosa - Region Los R\u00edos","og_description":"Bauernhof in La Uni\u00f3n, 20 ha mit sch\u00f6nen Wiesen, Blick auf die Vulkane, Hanglage, Stromleitung und einem Ballenschuppen.","og_url":"https:\/\/produncan.cl\/de\/produkt\/vista-hermosa-bauernhof-region-de-los-rios\/","og_site_name":"Produncan","article_publisher":"https:\/\/web.facebook.com\/produncanland","article_modified_time":"2025-11-24T21:06:10+00:00","og_image":[{"width":600,"height":450,"url":"https:\/\/produncan.cl\/wp-content\/uploads\/2023\/09\/Campo-en-venta-Vista-Hermosa.webp","type":"image\/webp"}],"twitter_card":"summary_large_image","twitter_misc":{"Price":"USD380.500,00","Availability":"In stock"},"schema":{"@context":"https:\/\/schema.org","@graph":[{"@type":"WebPage","@id":"https:\/\/produncan.cl\/de\/produkt\/vista-hermosa-bauernhof-region-de-los-rios\/","url":"https:\/\/produncan.cl\/de\/produkt\/vista-hermosa-bauernhof-region-de-los-rios\/","name":"Vista Hermosa Bauernhof - Region Los R\u00edos - Produncan","isPartOf":{"@id":"https:\/\/produncan.cl\/de\/#website"},"primaryImageOfPage":{"@id":"https:\/\/produncan.cl\/de\/produkt\/vista-hermosa-bauernhof-region-de-los-rios\/#primaryimage"},"image":{"@id":"https:\/\/produncan.cl\/de\/produkt\/vista-hermosa-bauernhof-region-de-los-rios\/#primaryimage"},"thumbnailUrl":"https:\/\/produncan.cl\/wp-content\/uploads\/2023\/09\/Campo-en-venta-Vista-Hermosa.webp","datePublished":"2023-09-21T21:32:44+00:00","dateModified":"2025-11-24T21:06:10+00:00","description":"Bauernhof in La Uni\u00f3n, 20 ha mit sch\u00f6nen Wiesen, Blick auf die Vulkane, Hanglage, Stromleitung und einem Ballenschuppen.","breadcrumb":{"@id":"https:\/\/produncan.cl\/de\/produkt\/vista-hermosa-bauernhof-region-de-los-rios\/#breadcrumb"},"inLanguage":"de-DE","potentialAction":[{"@type":"ReadAction","target":["https:\/\/produncan.cl\/de\/produkt\/vista-hermosa-bauernhof-region-de-los-rios\/"]}]},{"@type":"ImageObject","inLanguage":"de-DE","@id":"https:\/\/produncan.cl\/de\/produkt\/vista-hermosa-bauernhof-region-de-los-rios\/#primaryimage","url":"https:\/\/produncan.cl\/wp-content\/uploads\/2023\/09\/Campo-en-venta-Vista-Hermosa.webp","contentUrl":"https:\/\/produncan.cl\/wp-content\/uploads\/2023\/09\/Campo-en-venta-Vista-Hermosa.webp","width":600,"height":450,"caption":"Feld zum Verkauf Vista Hermosa"},{"@type":"BreadcrumbList","@id":"https:\/\/produncan.cl\/de\/produkt\/vista-hermosa-bauernhof-region-de-los-rios\/#breadcrumb","itemListElement":[{"@type":"ListItem","position":1,"name":"Inicio","item":"https:\/\/produncan.cl\/de\/"},{"@type":"ListItem","position":2,"name":"Eigenschaften","item":"https:\/\/produncan.cl\/propiedades\/"},{"@type":"ListItem","position":3,"name":"Felder","item":"https:\/\/produncan.cl\/de\/kategorie\/felder\/"},{"@type":"ListItem","position":4,"name":"Landleben in La Uni\u00f3n &#8211; Vista Hermosa &#8211; Region Los R\u00edos"}]},{"@type":"WebSite","@id":"https:\/\/produncan.cl\/de\/#website","url":"https:\/\/produncan.cl\/de\/","name":"Produncan","description":"Wir begleiten Sie bei Ihrem Lebensprojekt!","publisher":{"@id":"https:\/\/produncan.cl\/de\/#organization"},"potentialAction":[{"@type":"SearchAction","target":{"@type":"EntryPoint","urlTemplate":"https:\/\/produncan.cl\/de\/?s={search_term_string}"},"query-input":{"@type":"PropertyValueSpecification","valueRequired":true,"valueName":"search_term_string"}}],"inLanguage":"de-DE"},{"@type":"Organization","@id":"https:\/\/produncan.cl\/de\/#organization","name":"Produncan","url":"https:\/\/produncan.cl\/de\/","logo":{"@type":"ImageObject","inLanguage":"de-DE","@id":"https:\/\/produncan.cl\/de\/#\/schema\/logo\/image\/","url":"https:\/\/produncan.cl\/wp-content\/uploads\/2021\/03\/LOGO.jpeg","contentUrl":"https:\/\/produncan.cl\/wp-content\/uploads\/2021\/03\/LOGO.jpeg","width":1280,"height":903,"caption":"Produncan"},"image":{"@id":"https:\/\/produncan.cl\/de\/#\/schema\/logo\/image\/"},"sameAs":["https:\/\/web.facebook.com\/produncanland","https:\/\/www.instagram.com\/pro_duncan\/","https:\/\/www.linkedin.com\/company\/produncan-lands\/","https:\/\/www.youtube.com\/channel\/UCu7N-f3x0svkazD-Eew1-QQ"],"description":"En Produncan somos especialistas en la venta de terrenos en el sur de Chile. Proveemos estancias, campos, parcelas y hoteles.","email":"info@produncan.cl"}]},"og_video":"https:\/\/www.youtube.com\/embed\/g_6brzspC_Y","og_video_type":"text\/html","og_video_duration":"67","og_video_width":"480","og_video_height":"360","ya_ovs_adult":"false","ya_ovs_upload_date":"2023-09-21T21:32:44+00:00","ya_ovs_allow_embed":"true","product_price_amount":"380500.00","product_price_currency":"USD","og_availability":"instock","product_availability":"instock","product_condition":"new"},"_links":{"self":[{"href":"https:\/\/produncan.cl\/de\/wp-json\/wp\/v2\/product\/19021","targetHints":{"allow":["GET"]}}],"collection":[{"href":"https:\/\/produncan.cl\/de\/wp-json\/wp\/v2\/product"}],"about":[{"href":"https:\/\/produncan.cl\/de\/wp-json\/wp\/v2\/types\/product"}],"version-history":[{"count":2,"href":"https:\/\/produncan.cl\/de\/wp-json\/wp\/v2\/product\/19021\/revisions"}],"predecessor-version":[{"id":52632,"href":"https:\/\/produncan.cl\/de\/wp-json\/wp\/v2\/product\/19021\/revisions\/52632"}],"wp:featuredmedia":[{"embeddable":true,"href":"https:\/\/produncan.cl\/de\/wp-json\/wp\/v2\/media\/18826"}],"wp:attachment":[{"href":"https:\/\/produncan.cl\/de\/wp-json\/wp\/v2\/media?parent=19021"}],"wp:term":[{"taxonomy":"product_brand","embeddable":true,"href":"https:\/\/produncan.cl\/de\/wp-json\/wp\/v2\/product_brand?post=19021"},{"taxonomy":"product_cat","embeddable":true,"href":"https:\/\/produncan.cl\/de\/wp-json\/wp\/v2\/product_cat?post=19021"},{"taxonomy":"product_tag","embeddable":true,"href":"https:\/\/produncan.cl\/de\/wp-json\/wp\/v2\/product_tag?post=19021"},{"taxonomy":"regiones","embeddable":true,"href":"https:\/\/produncan.cl\/de\/wp-json\/wp\/v2\/regiones?post=19021"},{"taxonomy":"ciudades","embeddable":true,"href":"https:\/\/produncan.cl\/de\/wp-json\/wp\/v2\/ciudades?post=19021"}],"curies":[{"name":"wp","href":"https:\/\/api.w.org\/{rel}","templated":true}]}}