{"id":23489,"date":"2023-10-30T16:38:31","date_gmt":"2023-10-30T19:38:31","guid":{"rendered":"https:\/\/produncan.cl\/producto\/grundstuecke-alto-sofia-puerto-natales-region-magallanes\/"},"modified":"2026-03-12T13:00:35","modified_gmt":"2026-03-12T16:00:35","slug":"grundstuecke-alto-sofia-puerto-natales-region-magallanes","status":"publish","type":"product","link":"https:\/\/produncan.cl\/de\/produkt\/grundstuecke-alto-sofia-puerto-natales-region-magallanes\/","title":{"rendered":"Grundst\u00fccke in Puerto Natales &#8211; Alto Laguna Sof\u00eda &#8211; Region Magallanes"},"content":{"rendered":"\t\t<div data-elementor-type=\"product-post\" data-elementor-id=\"23489\" class=\"elementor elementor-23489 elementor-22211\" data-elementor-post-type=\"product\">\n\t\t\t\t<div class=\"elementor-element elementor-element-477a0a2 e-flex e-con-boxed e-con e-parent\" data-id=\"477a0a2\" data-element_type=\"container\" data-e-type=\"container\" data-settings=\"{&quot;jet_parallax_layout_list&quot;:[]}\">\n\t\t\t\t\t<div class=\"e-con-inner\">\n\t\t\t\t<div class=\"elementor-element elementor-element-fe19be9 elementor-widget elementor-widget-heading\" data-id=\"fe19be9\" data-element_type=\"widget\" data-e-type=\"widget\" data-widget_type=\"heading.default\">\n\t\t\t\t\t<h2 class=\"elementor-heading-title elementor-size-default\">Willkommen in einem der attraktivsten Projekte in der N\u00e4he von Puerto Natales!<\/h2>\t\t\t\t<\/div>\n\t\t\t\t\t<\/div>\n\t\t\t\t<\/div>\n\t\t<div class=\"elementor-element elementor-element-604b1c6 e-flex e-con-boxed e-con e-parent\" data-id=\"604b1c6\" data-element_type=\"container\" data-e-type=\"container\" data-settings=\"{&quot;jet_parallax_layout_list&quot;:[]}\">\n\t\t\t\t\t<div class=\"e-con-inner\">\n\t\t\t\t<div class=\"elementor-element elementor-element-575de6a elementor-widget elementor-widget-text-editor\" data-id=\"575de6a\" data-element_type=\"widget\" data-e-type=\"widget\" data-widget_type=\"text-editor.default\">\n\t\t\t\t\t\t\t\t\t<p>Dieses Projekt mit 21 Parzellen in der Gemeinde Puerto Natales, Region Magallanes, hat alle notwendigen Qualit\u00e4ten , um sich als die attraktivste als die attraktivste Option in der Region.<\/p>\n<p>Lotes Alto Laguna Sofia hat eine unvergleichliche Zufahrt, denn es grenzt an die asphaltierte Stra\u00dfe (Route 9) und liegt nur 18 Minuten oder 22 Kilometer n\u00f6rdlich von Puerto Natales, auf dem Weg zum Cerro Castillo und zum Torres del Paine Park.<\/p>\n<p>Die Grundst\u00fccke sind flach, haben eine Fl\u00e4che zwischen 5344m\u00b2 und 7210m\u00b2 und verf\u00fcgen gr\u00f6\u00dftenteils \u00fcber saubere Wiesen mit fruchtbaren Naturweiden und einem sch\u00f6nen Blick auf die Laguna Sofia, Cerro Benitez und Sierra Prat.<\/p>\n<p>Obwohl das Projekt einen Wohncharakter hat, k\u00f6nnen die sieben an die Route 9 angrenzenden Grundst\u00fccke f\u00fcr kommerzielle Aktivit\u00e4ten im Zusammenhang mit der Tourismusindustrie, Restaurants, Hotels, Einzelhandel und kulturellen Veranstaltungen genutzt werden.<\/p>\n<p>Das Projekt verf\u00fcgt \u00fcber interne Stra\u00dfen und die Grundst\u00fccke werden eingez\u00e4unt geliefert. Dar\u00fcber hinaus wird f\u00fcr die Zukunft der Zugang zu Erdgas erwartet, da ein Antrag bei der ENAP gestellt wurde, um die Versorgung zwischen Puerto Natales und Cerro Castillo zu verbinden.<\/p>\n<p>Das Projekt wird zun\u00e4chst von der Immobiliengesellschaft verwaltet, bis 80 % der Einheiten verkauft sind. Anschlie\u00dfend bilden die Eigent\u00fcmer einen Vorstand, der die Satzung festlegt und die Verwaltung \u00fcbernimmt<\/p>\n<p>Das Projekt verf\u00fcgt \u00fcber eine interne Regelung zur F\u00f6rderung der Koexistenz und des Umweltschutzes, die bei der Gr\u00fcndung der Eigent\u00fcmergemeinschaft ge\u00e4ndert werden kann.<\/p>\n<p>In der N\u00e4he des Projekts gibt es zahlreiche Attraktionen, wie den \u00f6ffentlichen Strand von Laguna Sofia, die Milodon-H\u00f6hle, Puerto Prat, Puerto Natales, Cerro Castillo und den Nationalpark Torres del Paine.<\/p>\n<p>Der Flughafen Julio Gallardo ist nur 11 Minuten (15 km) vom Projekt entfernt und bietet derzeit ganzj\u00e4hrig kommerzielle und private Fl\u00fcge an.<\/p>\n<p>Klimatisch gesehen hat das Gebiet eine durchschnittliche Jahrestemperatur von 6,7 \u00b0C, mit warmen Sommern von November bis M\u00e4rz (durchschnittlich 14 \u00b0C) und Schnee zwischen Juli und August.<\/p>\n<p>Die Grundst\u00fccke haben einen Verkaufspreis von UF2.800 f\u00fcr die erste Reihe mit Zugang zur Route 9 und UF2.600 f\u00fcr die zweite Reihe.<\/p>\n<p>Z\u00f6gern Sie nicht, uns f\u00fcr weitere Details zu diesem au\u00dfergew\u00f6hnlichen Projekt zu kontaktieren!<\/p>\n\t\t\t\t\t\t\t\t<\/div>\n\t\t\t\t\t<\/div>\n\t\t\t\t<\/div>\n\t\t\t\t<\/div>\n\t\t","protected":false},"excerpt":{"rendered":"<p>Grundst\u00fccke in Laguna Sofia, Puerto Natales. 21 Grundst\u00fccke an der K\u00fcste der Route 9, 18 Minuten von Puerto Natales. Ideal touristische Projekt, hohe Exposition, in der N\u00e4he von Laguna Sofia und Sehensw\u00fcrdigkeiten wie die Milodon-H\u00f6hle, Puerto Prat und Torres del Paine.  <\/p>\n","protected":false},"featured_media":22217,"template":"","meta":{"_acf_changed":false},"product_brand":[],"product_cat":[116],"product_tag":[232,231],"regiones":[225],"ciudades":[210],"class_list":{"0":"post-23489","1":"product","2":"type-product","3":"status-publish","4":"has-post-thumbnail","6":"product_cat-aysen-magallanes-de","7":"product_tag-grundstuecke","8":"product_tag-touristische-immobilien","9":"regiones-aysen-magallanes","10":"ciudades-puerto-natales","12":"first","13":"instock","14":"shipping-taxable","15":"purchasable","16":"product-type-simple"},"acf":[],"yoast_head":"<!-- This site is optimized with the Yoast SEO Premium plugin v26.0 (Yoast SEO v27.3) - https:\/\/yoast.com\/product\/yoast-seo-premium-wordpress\/ -->\n<title>Grundst\u00fccke Alto Laguna Sofia - Puerto Natales - Magallanes - Produncan<\/title>\n<meta name=\"description\" content=\"Lotes Alto Laguna Sofia besteht aus 66 Parzellen an der Route 9, 18 Minuten von Puerto Natales. Ideal touristischen Projekt, hohe Exposition.\" \/>\n<meta name=\"robots\" content=\"index, follow, max-snippet:-1, max-image-preview:large, max-video-preview:-1\" \/>\n<link rel=\"canonical\" href=\"https:\/\/produncan.cl\/de\/produkt\/grundstuecke-alto-sofia-puerto-natales-region-magallanes\/\" \/>\n<meta property=\"og:locale\" content=\"de_DE\" \/>\n<meta property=\"og:type\" content=\"article\" \/>\n<meta property=\"og:title\" content=\"Grundst\u00fccke in Puerto Natales - Alto Laguna Sof\u00eda - Region Magallanes\" \/>\n<meta property=\"og:description\" content=\"Lotes Alto Laguna Sofia besteht aus 66 Parzellen an der Route 9, 18 Minuten von Puerto Natales. Ideal touristischen Projekt, hohe Exposition.\" \/>\n<meta property=\"og:url\" content=\"https:\/\/produncan.cl\/de\/produkt\/grundstuecke-alto-sofia-puerto-natales-region-magallanes\/\" \/>\n<meta property=\"og:site_name\" content=\"Produncan\" \/>\n<meta property=\"article:publisher\" content=\"https:\/\/web.facebook.com\/produncanland\" \/>\n<meta property=\"article:modified_time\" content=\"2026-03-12T16:00:35+00:00\" \/>\n<meta property=\"og:image\" content=\"https:\/\/produncan.cl\/wp-content\/uploads\/2023\/10\/Parcelas-Alto-Sofia-Puerto-Natales-en-venta.webp\" \/>\n\t<meta property=\"og:image:width\" content=\"600\" \/>\n\t<meta property=\"og:image:height\" content=\"450\" \/>\n\t<meta property=\"og:image:type\" content=\"image\/webp\" \/>\n<meta name=\"twitter:card\" content=\"summary_large_image\" \/>\n<meta name=\"twitter:label1\" content=\"Price\" \/>\n\t<meta name=\"twitter:data1\" content=\"USD107.700,00\" \/>\n\t<meta name=\"twitter:label2\" content=\"Availability\" \/>\n\t<meta name=\"twitter:data2\" content=\"In stock\" \/>\n<script type=\"application\/ld+json\" class=\"yoast-schema-graph\">{\"@context\":\"https:\\\/\\\/schema.org\",\"@graph\":[{\"@type\":\"WebPage\",\"@id\":\"https:\\\/\\\/produncan.cl\\\/de\\\/produkt\\\/grundstuecke-alto-sofia-puerto-natales-region-magallanes\\\/\",\"url\":\"https:\\\/\\\/produncan.cl\\\/de\\\/produkt\\\/grundstuecke-alto-sofia-puerto-natales-region-magallanes\\\/\",\"name\":\"Grundst\u00fccke Alto Laguna Sofia - Puerto Natales - Magallanes - Produncan\",\"isPartOf\":{\"@id\":\"https:\\\/\\\/produncan.cl\\\/de\\\/#website\"},\"primaryImageOfPage\":{\"@id\":\"https:\\\/\\\/produncan.cl\\\/de\\\/produkt\\\/grundstuecke-alto-sofia-puerto-natales-region-magallanes\\\/#primaryimage\"},\"image\":{\"@id\":\"https:\\\/\\\/produncan.cl\\\/de\\\/produkt\\\/grundstuecke-alto-sofia-puerto-natales-region-magallanes\\\/#primaryimage\"},\"thumbnailUrl\":\"https:\\\/\\\/produncan.cl\\\/wp-content\\\/uploads\\\/2023\\\/10\\\/Parcelas-Alto-Sofia-Puerto-Natales-en-venta.webp\",\"datePublished\":\"2023-10-30T19:38:31+00:00\",\"dateModified\":\"2026-03-12T16:00:35+00:00\",\"description\":\"Lotes Alto Laguna Sofia besteht aus 66 Parzellen an der Route 9, 18 Minuten von Puerto Natales. Ideal touristischen Projekt, hohe Exposition.\",\"breadcrumb\":{\"@id\":\"https:\\\/\\\/produncan.cl\\\/de\\\/produkt\\\/grundstuecke-alto-sofia-puerto-natales-region-magallanes\\\/#breadcrumb\"},\"inLanguage\":\"de-DE\",\"potentialAction\":[{\"@type\":\"ReadAction\",\"target\":[\"https:\\\/\\\/produncan.cl\\\/de\\\/produkt\\\/grundstuecke-alto-sofia-puerto-natales-region-magallanes\\\/\"]}]},{\"@type\":\"ImageObject\",\"inLanguage\":\"de-DE\",\"@id\":\"https:\\\/\\\/produncan.cl\\\/de\\\/produkt\\\/grundstuecke-alto-sofia-puerto-natales-region-magallanes\\\/#primaryimage\",\"url\":\"https:\\\/\\\/produncan.cl\\\/wp-content\\\/uploads\\\/2023\\\/10\\\/Parcelas-Alto-Sofia-Puerto-Natales-en-venta.webp\",\"contentUrl\":\"https:\\\/\\\/produncan.cl\\\/wp-content\\\/uploads\\\/2023\\\/10\\\/Parcelas-Alto-Sofia-Puerto-Natales-en-venta.webp\",\"width\":600,\"height\":450,\"caption\":\"Grundst\u00fcck zum Verkauf Alto Sof\u00eda Puerto Natales\"},{\"@type\":\"BreadcrumbList\",\"@id\":\"https:\\\/\\\/produncan.cl\\\/de\\\/produkt\\\/grundstuecke-alto-sofia-puerto-natales-region-magallanes\\\/#breadcrumb\",\"itemListElement\":[{\"@type\":\"ListItem\",\"position\":1,\"name\":\"Inicio\",\"item\":\"https:\\\/\\\/produncan.cl\\\/de\\\/\"},{\"@type\":\"ListItem\",\"position\":2,\"name\":\"Eigenschaften\",\"item\":\"https:\\\/\\\/produncan.cl\\\/propiedades\\\/\"},{\"@type\":\"ListItem\",\"position\":3,\"name\":\"Grundst\u00fccke\",\"item\":\"https:\\\/\\\/produncan.cl\\\/de\\\/kategorie\\\/grundstuecke\\\/\"},{\"@type\":\"ListItem\",\"position\":4,\"name\":\"Grundst\u00fccke in Puerto Natales &#8211; Alto Laguna Sof\u00eda &#8211; Region Magallanes\"}]},{\"@type\":\"WebSite\",\"@id\":\"https:\\\/\\\/produncan.cl\\\/de\\\/#website\",\"url\":\"https:\\\/\\\/produncan.cl\\\/de\\\/\",\"name\":\"Produncan\",\"description\":\"Wir begleiten Sie bei Ihrem Lebensprojekt!\",\"publisher\":{\"@id\":\"https:\\\/\\\/produncan.cl\\\/de\\\/#organization\"},\"potentialAction\":[{\"@type\":\"SearchAction\",\"target\":{\"@type\":\"EntryPoint\",\"urlTemplate\":\"https:\\\/\\\/produncan.cl\\\/de\\\/?s={search_term_string}\"},\"query-input\":{\"@type\":\"PropertyValueSpecification\",\"valueRequired\":true,\"valueName\":\"search_term_string\"}}],\"inLanguage\":\"de-DE\"},{\"@type\":\"Organization\",\"@id\":\"https:\\\/\\\/produncan.cl\\\/de\\\/#organization\",\"name\":\"Produncan\",\"url\":\"https:\\\/\\\/produncan.cl\\\/de\\\/\",\"logo\":{\"@type\":\"ImageObject\",\"inLanguage\":\"de-DE\",\"@id\":\"https:\\\/\\\/produncan.cl\\\/de\\\/#\\\/schema\\\/logo\\\/image\\\/\",\"url\":\"https:\\\/\\\/produncan.cl\\\/wp-content\\\/uploads\\\/2021\\\/03\\\/LOGO.jpeg\",\"contentUrl\":\"https:\\\/\\\/produncan.cl\\\/wp-content\\\/uploads\\\/2021\\\/03\\\/LOGO.jpeg\",\"width\":1280,\"height\":903,\"caption\":\"Produncan\"},\"image\":{\"@id\":\"https:\\\/\\\/produncan.cl\\\/de\\\/#\\\/schema\\\/logo\\\/image\\\/\"},\"sameAs\":[\"https:\\\/\\\/web.facebook.com\\\/produncanland\",\"https:\\\/\\\/www.instagram.com\\\/pro_duncan\\\/\",\"https:\\\/\\\/www.linkedin.com\\\/company\\\/produncan-lands\\\/\",\"https:\\\/\\\/www.youtube.com\\\/channel\\\/UCu7N-f3x0svkazD-Eew1-QQ\"],\"description\":\"En Produncan somos especialistas en la venta de terrenos en el sur de Chile. Proveemos estancias, campos, parcelas y hoteles.\",\"email\":\"info@produncan.cl\"}]}<\/script>\n<meta property=\"og:video\" content=\"https:\/\/www.youtube.com\/embed\/sqoQRagy1NM\" \/>\n<meta property=\"og:video:type\" content=\"text\/html\" \/>\n<meta property=\"og:video:duration\" content=\"71\" \/>\n<meta property=\"og:video:width\" content=\"480\" \/>\n<meta property=\"og:video:height\" content=\"270\" \/>\n<meta property=\"ya:ovs:adult\" content=\"false\" \/>\n<meta property=\"ya:ovs:upload_date\" content=\"2023-10-30T19:38:31+00:00\" \/>\n<meta property=\"ya:ovs:allow_embed\" content=\"true\" \/>\n<meta property=\"product:price:amount\" content=\"107700.00\" \/>\n<meta property=\"product:price:currency\" content=\"USD\" \/>\n<meta property=\"og:availability\" content=\"instock\" \/>\n<meta property=\"product:availability\" content=\"instock\" \/>\n<meta property=\"product:condition\" content=\"new\" \/>\n<!-- \/ Yoast SEO Premium plugin. -->","yoast_head_json":{"title":"Grundst\u00fccke Alto Laguna Sofia - Puerto Natales - Magallanes - Produncan","description":"Lotes Alto Laguna Sofia besteht aus 66 Parzellen an der Route 9, 18 Minuten von Puerto Natales. Ideal touristischen Projekt, hohe Exposition.","robots":{"index":"index","follow":"follow","max-snippet":"max-snippet:-1","max-image-preview":"max-image-preview:large","max-video-preview":"max-video-preview:-1"},"canonical":"https:\/\/produncan.cl\/de\/produkt\/grundstuecke-alto-sofia-puerto-natales-region-magallanes\/","og_locale":"de_DE","og_type":"article","og_title":"Grundst\u00fccke in Puerto Natales - Alto Laguna Sof\u00eda - Region Magallanes","og_description":"Lotes Alto Laguna Sofia besteht aus 66 Parzellen an der Route 9, 18 Minuten von Puerto Natales. Ideal touristischen Projekt, hohe Exposition.","og_url":"https:\/\/produncan.cl\/de\/produkt\/grundstuecke-alto-sofia-puerto-natales-region-magallanes\/","og_site_name":"Produncan","article_publisher":"https:\/\/web.facebook.com\/produncanland","article_modified_time":"2026-03-12T16:00:35+00:00","og_image":[{"width":600,"height":450,"url":"https:\/\/produncan.cl\/wp-content\/uploads\/2023\/10\/Parcelas-Alto-Sofia-Puerto-Natales-en-venta.webp","type":"image\/webp"}],"twitter_card":"summary_large_image","twitter_misc":{"Price":"USD107.700,00","Availability":"In stock"},"schema":{"@context":"https:\/\/schema.org","@graph":[{"@type":"WebPage","@id":"https:\/\/produncan.cl\/de\/produkt\/grundstuecke-alto-sofia-puerto-natales-region-magallanes\/","url":"https:\/\/produncan.cl\/de\/produkt\/grundstuecke-alto-sofia-puerto-natales-region-magallanes\/","name":"Grundst\u00fccke Alto Laguna Sofia - Puerto Natales - Magallanes - Produncan","isPartOf":{"@id":"https:\/\/produncan.cl\/de\/#website"},"primaryImageOfPage":{"@id":"https:\/\/produncan.cl\/de\/produkt\/grundstuecke-alto-sofia-puerto-natales-region-magallanes\/#primaryimage"},"image":{"@id":"https:\/\/produncan.cl\/de\/produkt\/grundstuecke-alto-sofia-puerto-natales-region-magallanes\/#primaryimage"},"thumbnailUrl":"https:\/\/produncan.cl\/wp-content\/uploads\/2023\/10\/Parcelas-Alto-Sofia-Puerto-Natales-en-venta.webp","datePublished":"2023-10-30T19:38:31+00:00","dateModified":"2026-03-12T16:00:35+00:00","description":"Lotes Alto Laguna Sofia besteht aus 66 Parzellen an der Route 9, 18 Minuten von Puerto Natales. Ideal touristischen Projekt, hohe Exposition.","breadcrumb":{"@id":"https:\/\/produncan.cl\/de\/produkt\/grundstuecke-alto-sofia-puerto-natales-region-magallanes\/#breadcrumb"},"inLanguage":"de-DE","potentialAction":[{"@type":"ReadAction","target":["https:\/\/produncan.cl\/de\/produkt\/grundstuecke-alto-sofia-puerto-natales-region-magallanes\/"]}]},{"@type":"ImageObject","inLanguage":"de-DE","@id":"https:\/\/produncan.cl\/de\/produkt\/grundstuecke-alto-sofia-puerto-natales-region-magallanes\/#primaryimage","url":"https:\/\/produncan.cl\/wp-content\/uploads\/2023\/10\/Parcelas-Alto-Sofia-Puerto-Natales-en-venta.webp","contentUrl":"https:\/\/produncan.cl\/wp-content\/uploads\/2023\/10\/Parcelas-Alto-Sofia-Puerto-Natales-en-venta.webp","width":600,"height":450,"caption":"Grundst\u00fcck zum Verkauf Alto Sof\u00eda Puerto Natales"},{"@type":"BreadcrumbList","@id":"https:\/\/produncan.cl\/de\/produkt\/grundstuecke-alto-sofia-puerto-natales-region-magallanes\/#breadcrumb","itemListElement":[{"@type":"ListItem","position":1,"name":"Inicio","item":"https:\/\/produncan.cl\/de\/"},{"@type":"ListItem","position":2,"name":"Eigenschaften","item":"https:\/\/produncan.cl\/propiedades\/"},{"@type":"ListItem","position":3,"name":"Grundst\u00fccke","item":"https:\/\/produncan.cl\/de\/kategorie\/grundstuecke\/"},{"@type":"ListItem","position":4,"name":"Grundst\u00fccke in Puerto Natales &#8211; Alto Laguna Sof\u00eda &#8211; Region Magallanes"}]},{"@type":"WebSite","@id":"https:\/\/produncan.cl\/de\/#website","url":"https:\/\/produncan.cl\/de\/","name":"Produncan","description":"Wir begleiten Sie bei Ihrem Lebensprojekt!","publisher":{"@id":"https:\/\/produncan.cl\/de\/#organization"},"potentialAction":[{"@type":"SearchAction","target":{"@type":"EntryPoint","urlTemplate":"https:\/\/produncan.cl\/de\/?s={search_term_string}"},"query-input":{"@type":"PropertyValueSpecification","valueRequired":true,"valueName":"search_term_string"}}],"inLanguage":"de-DE"},{"@type":"Organization","@id":"https:\/\/produncan.cl\/de\/#organization","name":"Produncan","url":"https:\/\/produncan.cl\/de\/","logo":{"@type":"ImageObject","inLanguage":"de-DE","@id":"https:\/\/produncan.cl\/de\/#\/schema\/logo\/image\/","url":"https:\/\/produncan.cl\/wp-content\/uploads\/2021\/03\/LOGO.jpeg","contentUrl":"https:\/\/produncan.cl\/wp-content\/uploads\/2021\/03\/LOGO.jpeg","width":1280,"height":903,"caption":"Produncan"},"image":{"@id":"https:\/\/produncan.cl\/de\/#\/schema\/logo\/image\/"},"sameAs":["https:\/\/web.facebook.com\/produncanland","https:\/\/www.instagram.com\/pro_duncan\/","https:\/\/www.linkedin.com\/company\/produncan-lands\/","https:\/\/www.youtube.com\/channel\/UCu7N-f3x0svkazD-Eew1-QQ"],"description":"En Produncan somos especialistas en la venta de terrenos en el sur de Chile. Proveemos estancias, campos, parcelas y hoteles.","email":"info@produncan.cl"}]},"og_video":"https:\/\/www.youtube.com\/embed\/sqoQRagy1NM","og_video_type":"text\/html","og_video_duration":"71","og_video_width":"480","og_video_height":"270","ya_ovs_adult":"false","ya_ovs_upload_date":"2023-10-30T19:38:31+00:00","ya_ovs_allow_embed":"true","product_price_amount":"107700.00","product_price_currency":"USD","og_availability":"instock","product_availability":"instock","product_condition":"new"},"_links":{"self":[{"href":"https:\/\/produncan.cl\/de\/wp-json\/wp\/v2\/product\/23489","targetHints":{"allow":["GET"]}}],"collection":[{"href":"https:\/\/produncan.cl\/de\/wp-json\/wp\/v2\/product"}],"about":[{"href":"https:\/\/produncan.cl\/de\/wp-json\/wp\/v2\/types\/product"}],"version-history":[{"count":3,"href":"https:\/\/produncan.cl\/de\/wp-json\/wp\/v2\/product\/23489\/revisions"}],"predecessor-version":[{"id":54862,"href":"https:\/\/produncan.cl\/de\/wp-json\/wp\/v2\/product\/23489\/revisions\/54862"}],"wp:featuredmedia":[{"embeddable":true,"href":"https:\/\/produncan.cl\/de\/wp-json\/wp\/v2\/media\/22217"}],"wp:attachment":[{"href":"https:\/\/produncan.cl\/de\/wp-json\/wp\/v2\/media?parent=23489"}],"wp:term":[{"taxonomy":"product_brand","embeddable":true,"href":"https:\/\/produncan.cl\/de\/wp-json\/wp\/v2\/product_brand?post=23489"},{"taxonomy":"product_cat","embeddable":true,"href":"https:\/\/produncan.cl\/de\/wp-json\/wp\/v2\/product_cat?post=23489"},{"taxonomy":"product_tag","embeddable":true,"href":"https:\/\/produncan.cl\/de\/wp-json\/wp\/v2\/product_tag?post=23489"},{"taxonomy":"regiones","embeddable":true,"href":"https:\/\/produncan.cl\/de\/wp-json\/wp\/v2\/regiones?post=23489"},{"taxonomy":"ciudades","embeddable":true,"href":"https:\/\/produncan.cl\/de\/wp-json\/wp\/v2\/ciudades?post=23489"}],"curies":[{"name":"wp","href":"https:\/\/api.w.org\/{rel}","templated":true}]}}