{"id":24322,"date":"2024-05-12T17:11:28","date_gmt":"2024-05-12T21:11:28","guid":{"rendered":"https:\/\/produncan.cl\/producto\/campo-pradera-oeste-los-muermos-los-muermos-seengebiet\/"},"modified":"2025-08-18T16:55:52","modified_gmt":"2025-08-18T20:55:52","slug":"campo-pradera-oeste-los-muermos-los-muermos-seengebiet","status":"publish","type":"product","link":"https:\/\/produncan.cl\/de\/produkt\/campo-pradera-oeste-los-muermos-los-muermos-seengebiet\/","title":{"rendered":"Landleben in Los Muermos &#8211; Pradera Oeste, Seengebiet"},"content":{"rendered":"\t\t<div data-elementor-type=\"product-post\" data-elementor-id=\"24322\" class=\"elementor elementor-24322 elementor-24077\" data-elementor-post-type=\"product\">\n\t\t\t\t<div class=\"elementor-element elementor-element-4e94c89 e-flex e-con-boxed e-con e-parent\" data-id=\"4e94c89\" data-element_type=\"container\" data-e-type=\"container\" data-settings=\"{&quot;jet_parallax_layout_list&quot;:[]}\">\n\t\t\t\t\t<div class=\"e-con-inner\">\n\t\t\t\t<div class=\"elementor-element elementor-element-f926d9c elementor-widget elementor-widget-heading\" data-id=\"f926d9c\" data-element_type=\"widget\" data-e-type=\"widget\" data-widget_type=\"heading.default\">\n\t\t\t\t\t<h2 class=\"elementor-heading-title elementor-size-default\">Landwirtschaftliche Oase in Los Muermos: 44,6 Hektar mit reichhaltiger Wasserversorgung und Bebauung  <\/h2>\t\t\t\t<\/div>\n\t\t\t\t\t<\/div>\n\t\t\t\t<\/div>\n\t\t<div class=\"elementor-element elementor-element-45ec125 e-flex e-con-boxed e-con e-parent\" data-id=\"45ec125\" data-element_type=\"container\" data-e-type=\"container\" data-settings=\"{&quot;jet_parallax_layout_list&quot;:[]}\">\n\t\t\t\t\t<div class=\"e-con-inner\">\n\t\t\t\t<div class=\"elementor-element elementor-element-43f3c43 elementor-widget elementor-widget-text-editor\" data-id=\"43f3c43\" data-element_type=\"widget\" data-e-type=\"widget\" data-widget_type=\"text-editor.default\">\n\t\t\t\t\t\t\t\t\t<p>Wir pr\u00e4sentieren eine au\u00dfergew\u00f6hnliche Investitionsm\u00f6glichkeit in Los Muermos mit dem Verkauf von 44,6 Hektar landwirtschaftlicher Nutzfl\u00e4che, die \u00fcber eine \u00f6ffentliche Stra\u00dfe erschlossen ist und einen wundersch\u00f6nen Panoramablick bietet.<\/p>\n<p>Bei einem Verkaufspreis von CLP10 000.000 pro Hektar, Es hat alle Eigenschaften , die f\u00fcr ein erfolgreiches Projekt in der Landwirtschaft oderViehzucht erforderlich sind.<\/p>\n<p>Das Grundst\u00fcck verf\u00fcgt \u00fcber ein eigenes Grundbuch und ist f\u00fcr die landwirtschaftliche Nutzung ausgewiesen. Der Ort verf\u00fcgt \u00fcber eine einphasige Stromversorgung, eine reichliche Wasserversorgung durch Quellen und ein gutes Telekommunikationssignal dank mehrerer Antennen, die auf den nahe gelegenen Feldern installiert sind.<\/p>\n<p>Au\u00dferdem gibt es drei Quellen und zwei gro\u00dfe Flussm\u00fcndungen, die sich \u00fcber einen gro\u00dfen Teil des Gel\u00e4ndes erstrecken und auch im Sommer nie austrocknen, so dass eine konstante Wasserversorgung gew\u00e4hrleistet ist.<\/p>\n<p>Zu den Geb\u00e4uden geh\u00f6ren ein 16 Jahre altes L\u00e4rchenholzhaus, ein Schuppen aus Blech und L\u00e4rchenholz, ein Stall und ein Obstgarten. Das 64 m\u00b2 gro\u00dfe Haus hat drei Schlafzimmer, ein Badezimmer, ein Wohnzimmer und eine K\u00fcche. Es hat einen Warmwasserboiler und einen Holzofen zum Heizen.<\/p>\n<p>Das Grundst\u00fcck ist komplett eingez\u00e4unt, ideal f\u00fcr die Tierhaltung, und verf\u00fcgt \u00fcber eine Koppel von einem Hektar. Auf dem Grundst\u00fcck k\u00f6nnen bis zu 25 Tiere gehalten werden. 14 Hektar sind bereits gerodet und f\u00fcr den Anbau von Kartoffeln, Hafer und Weizen genutzt worden.<\/p>\n<p>Das Grundst\u00fcck ist 7 km vom Asphalt entfernt und die n\u00e4chste Stadt ist Los Muermos. Die \u00f6ffentlichen Verkehrsmittel beschr\u00e4nken sich auf Taxidienste.<\/p>\n<p>Das Grundst\u00fcck verf\u00fcgt \u00fcber eine vielf\u00e4ltige Flora, darunter Eukalyptus, Canelo, Luma, Meli, Tepa, Ma\u00f1\u00edo, Hualle, Pell\u00edn, Maqui, Array\u00e1n und Lingue, und die lokale Fauna umfasst F\u00fcchse und Hasen, w\u00e4hrend Pumas in der Gegend nicht vorkommen.<\/p>\n<p>Diese Immobilie ist ideal f\u00fcr diejenigen, die ein ruhiges Leben auf dem Lande suchen, mit der M\u00f6glichkeit, ein landwirtschaftliches Projekt oder eine Viehzucht zu entwickeln, in einer nat\u00fcrlich reichen und gut vernetzten Umgebung. Mit seiner gro\u00dfz\u00fcgigen Anbaufl\u00e4che, den Wasser- und Stromquellen sowie einem Haus und weiteren Strukturen, die bereits vorhanden sind, bietet dieses Feld eine solide Grundlage f\u00fcr eine Vielzahl l\u00e4ndlicher Projekte.<\/p>\t\t\t\t\t\t\t\t<\/div>\n\t\t\t\t\t<\/div>\n\t\t\t\t<\/div>\n\t\t\t\t<\/div>\n\t\t","protected":false},"excerpt":{"rendered":"<p>Bauernhof in Los Muermos mit 44,6 Hektar Landwirtschafts-\/Viehzuchtfl\u00e4che mit Panoramablick. Mit Haus, Scheune, Stall und Obstgarten. Elektrizit\u00e4t, Quellen, S\u00fcmpfe und gutes Signal. 7 Kilometer von der Asphaltstra\u00dfe entfernt.<\/p>\n","protected":false},"featured_media":24083,"template":"","meta":{"_acf_changed":false},"product_brand":[],"product_cat":[104],"product_tag":[235],"regiones":[226],"ciudades":[216],"class_list":{"0":"post-24322","1":"product","2":"type-product","3":"status-publish","4":"has-post-thumbnail","6":"product_cat-ohiggins-los-lagos","7":"product_tag-felder","8":"regiones-nuble-los_lagos","9":"ciudades-los-muermos","11":"first","12":"instock","13":"shipping-taxable","14":"purchasable","15":"product-type-simple"},"acf":[],"yoast_head":"<!-- This site is optimized with the Yoast SEO Premium plugin v26.0 (Yoast SEO v27.3) - https:\/\/yoast.com\/product\/yoast-seo-premium-wordpress\/ -->\n<title>Landleben in Los Muermos - Pradera Oeste, Seengebiet - Produncan<\/title>\n<meta name=\"description\" content=\"44,6 Hektar Land in Los Muermos zu verkaufen. Reichlich Wasser, bestehende Geb\u00e4ude, ideal f\u00fcr landwirtschaftliche\/viehwirtschaftliche Projekte, gut erschlossen.\" \/>\n<meta name=\"robots\" content=\"index, follow, max-snippet:-1, max-image-preview:large, max-video-preview:-1\" \/>\n<link rel=\"canonical\" href=\"https:\/\/produncan.cl\/de\/produkt\/campo-pradera-oeste-los-muermos-los-muermos-seengebiet\/\" \/>\n<meta property=\"og:locale\" content=\"de_DE\" \/>\n<meta property=\"og:type\" content=\"article\" \/>\n<meta property=\"og:title\" content=\"Landleben in Los Muermos - Pradera Oeste, Seengebiet\" \/>\n<meta property=\"og:description\" content=\"44,6 Hektar Land in Los Muermos zu verkaufen. Reichlich Wasser, bestehende Geb\u00e4ude, ideal f\u00fcr landwirtschaftliche\/viehwirtschaftliche Projekte, gut erschlossen.\" \/>\n<meta property=\"og:url\" content=\"https:\/\/produncan.cl\/de\/produkt\/campo-pradera-oeste-los-muermos-los-muermos-seengebiet\/\" \/>\n<meta property=\"og:site_name\" content=\"Produncan\" \/>\n<meta property=\"article:publisher\" content=\"https:\/\/web.facebook.com\/produncanland\" \/>\n<meta property=\"article:modified_time\" content=\"2025-08-18T20:55:52+00:00\" \/>\n<meta property=\"og:image\" content=\"https:\/\/produncan.cl\/wp-content\/uploads\/2023\/11\/Campo-en-Venta-Pradera-Oeste.webp\" \/>\n<meta name=\"twitter:card\" content=\"summary_large_image\" \/>\n<meta name=\"twitter:label1\" content=\"Price\" \/>\n\t<meta name=\"twitter:data1\" content=\"USD484.900,00\" \/>\n\t<meta name=\"twitter:label2\" content=\"Availability\" \/>\n\t<meta name=\"twitter:data2\" content=\"In stock\" \/>\n<script type=\"application\/ld+json\" class=\"yoast-schema-graph\">{\"@context\":\"https:\\\/\\\/schema.org\",\"@graph\":[{\"@type\":\"WebPage\",\"@id\":\"https:\\\/\\\/produncan.cl\\\/de\\\/produkt\\\/campo-pradera-oeste-los-muermos-los-muermos-seengebiet\\\/\",\"url\":\"https:\\\/\\\/produncan.cl\\\/de\\\/produkt\\\/campo-pradera-oeste-los-muermos-los-muermos-seengebiet\\\/\",\"name\":\"Landleben in Los Muermos - Pradera Oeste, Seengebiet - Produncan\",\"isPartOf\":{\"@id\":\"https:\\\/\\\/produncan.cl\\\/de\\\/#website\"},\"primaryImageOfPage\":{\"@id\":\"https:\\\/\\\/produncan.cl\\\/de\\\/produkt\\\/campo-pradera-oeste-los-muermos-los-muermos-seengebiet\\\/#primaryimage\"},\"image\":{\"@id\":\"https:\\\/\\\/produncan.cl\\\/de\\\/produkt\\\/campo-pradera-oeste-los-muermos-los-muermos-seengebiet\\\/#primaryimage\"},\"thumbnailUrl\":\"https:\\\/\\\/produncan.cl\\\/wp-content\\\/uploads\\\/2023\\\/11\\\/Campo-en-Venta-Pradera-Oeste.webp\",\"datePublished\":\"2024-05-12T21:11:28+00:00\",\"dateModified\":\"2025-08-18T20:55:52+00:00\",\"description\":\"44,6 Hektar Land in Los Muermos zu verkaufen. Reichlich Wasser, bestehende Geb\u00e4ude, ideal f\u00fcr landwirtschaftliche\\\/viehwirtschaftliche Projekte, gut erschlossen.\",\"breadcrumb\":{\"@id\":\"https:\\\/\\\/produncan.cl\\\/de\\\/produkt\\\/campo-pradera-oeste-los-muermos-los-muermos-seengebiet\\\/#breadcrumb\"},\"inLanguage\":\"de-DE\",\"potentialAction\":[{\"@type\":\"ReadAction\",\"target\":[\"https:\\\/\\\/produncan.cl\\\/de\\\/produkt\\\/campo-pradera-oeste-los-muermos-los-muermos-seengebiet\\\/\"]}]},{\"@type\":\"ImageObject\",\"inLanguage\":\"de-DE\",\"@id\":\"https:\\\/\\\/produncan.cl\\\/de\\\/produkt\\\/campo-pradera-oeste-los-muermos-los-muermos-seengebiet\\\/#primaryimage\",\"url\":\"https:\\\/\\\/produncan.cl\\\/wp-content\\\/uploads\\\/2023\\\/11\\\/Campo-en-Venta-Pradera-Oeste.webp\",\"contentUrl\":\"https:\\\/\\\/produncan.cl\\\/wp-content\\\/uploads\\\/2023\\\/11\\\/Campo-en-Venta-Pradera-Oeste.webp\",\"width\":600,\"height\":450},{\"@type\":\"BreadcrumbList\",\"@id\":\"https:\\\/\\\/produncan.cl\\\/de\\\/produkt\\\/campo-pradera-oeste-los-muermos-los-muermos-seengebiet\\\/#breadcrumb\",\"itemListElement\":[{\"@type\":\"ListItem\",\"position\":1,\"name\":\"Inicio\",\"item\":\"https:\\\/\\\/produncan.cl\\\/de\\\/\"},{\"@type\":\"ListItem\",\"position\":2,\"name\":\"Eigenschaften\",\"item\":\"https:\\\/\\\/produncan.cl\\\/propiedades\\\/\"},{\"@type\":\"ListItem\",\"position\":3,\"name\":\"Felder\",\"item\":\"https:\\\/\\\/produncan.cl\\\/de\\\/kategorie\\\/felder\\\/\"},{\"@type\":\"ListItem\",\"position\":4,\"name\":\"Landleben in Los Muermos &#8211; Pradera Oeste, Seengebiet\"}]},{\"@type\":\"WebSite\",\"@id\":\"https:\\\/\\\/produncan.cl\\\/de\\\/#website\",\"url\":\"https:\\\/\\\/produncan.cl\\\/de\\\/\",\"name\":\"Produncan\",\"description\":\"Wir begleiten Sie bei Ihrem Lebensprojekt!\",\"publisher\":{\"@id\":\"https:\\\/\\\/produncan.cl\\\/de\\\/#organization\"},\"potentialAction\":[{\"@type\":\"SearchAction\",\"target\":{\"@type\":\"EntryPoint\",\"urlTemplate\":\"https:\\\/\\\/produncan.cl\\\/de\\\/?s={search_term_string}\"},\"query-input\":{\"@type\":\"PropertyValueSpecification\",\"valueRequired\":true,\"valueName\":\"search_term_string\"}}],\"inLanguage\":\"de-DE\"},{\"@type\":\"Organization\",\"@id\":\"https:\\\/\\\/produncan.cl\\\/de\\\/#organization\",\"name\":\"Produncan\",\"url\":\"https:\\\/\\\/produncan.cl\\\/de\\\/\",\"logo\":{\"@type\":\"ImageObject\",\"inLanguage\":\"de-DE\",\"@id\":\"https:\\\/\\\/produncan.cl\\\/de\\\/#\\\/schema\\\/logo\\\/image\\\/\",\"url\":\"https:\\\/\\\/produncan.cl\\\/wp-content\\\/uploads\\\/2021\\\/03\\\/LOGO.jpeg\",\"contentUrl\":\"https:\\\/\\\/produncan.cl\\\/wp-content\\\/uploads\\\/2021\\\/03\\\/LOGO.jpeg\",\"width\":1280,\"height\":903,\"caption\":\"Produncan\"},\"image\":{\"@id\":\"https:\\\/\\\/produncan.cl\\\/de\\\/#\\\/schema\\\/logo\\\/image\\\/\"},\"sameAs\":[\"https:\\\/\\\/web.facebook.com\\\/produncanland\",\"https:\\\/\\\/www.instagram.com\\\/pro_duncan\\\/\",\"https:\\\/\\\/www.linkedin.com\\\/company\\\/produncan-lands\\\/\",\"https:\\\/\\\/www.youtube.com\\\/channel\\\/UCu7N-f3x0svkazD-Eew1-QQ\"],\"description\":\"En Produncan somos especialistas en la venta de terrenos en el sur de Chile. Proveemos estancias, campos, parcelas y hoteles.\",\"email\":\"info@produncan.cl\"}]}<\/script>\n<meta property=\"og:video\" content=\"https:\/\/www.youtube.com\/embed\/aUALoGQOKVM\" \/>\n<meta property=\"og:video:type\" content=\"text\/html\" \/>\n<meta property=\"og:video:duration\" content=\"68\" \/>\n<meta property=\"og:video:width\" content=\"480\" \/>\n<meta property=\"og:video:height\" content=\"270\" \/>\n<meta property=\"ya:ovs:adult\" content=\"false\" \/>\n<meta property=\"ya:ovs:upload_date\" content=\"2024-05-12T21:11:28+00:00\" \/>\n<meta property=\"ya:ovs:allow_embed\" content=\"true\" \/>\n<meta property=\"product:price:amount\" content=\"484900.00\" \/>\n<meta property=\"product:price:currency\" content=\"USD\" \/>\n<meta property=\"og:availability\" content=\"instock\" \/>\n<meta property=\"product:availability\" content=\"instock\" \/>\n<meta property=\"product:condition\" content=\"new\" \/>\n<!-- \/ Yoast SEO Premium plugin. -->","yoast_head_json":{"title":"Landleben in Los Muermos - Pradera Oeste, Seengebiet - Produncan","description":"44,6 Hektar Land in Los Muermos zu verkaufen. Reichlich Wasser, bestehende Geb\u00e4ude, ideal f\u00fcr landwirtschaftliche\/viehwirtschaftliche Projekte, gut erschlossen.","robots":{"index":"index","follow":"follow","max-snippet":"max-snippet:-1","max-image-preview":"max-image-preview:large","max-video-preview":"max-video-preview:-1"},"canonical":"https:\/\/produncan.cl\/de\/produkt\/campo-pradera-oeste-los-muermos-los-muermos-seengebiet\/","og_locale":"de_DE","og_type":"article","og_title":"Landleben in Los Muermos - Pradera Oeste, Seengebiet","og_description":"44,6 Hektar Land in Los Muermos zu verkaufen. Reichlich Wasser, bestehende Geb\u00e4ude, ideal f\u00fcr landwirtschaftliche\/viehwirtschaftliche Projekte, gut erschlossen.","og_url":"https:\/\/produncan.cl\/de\/produkt\/campo-pradera-oeste-los-muermos-los-muermos-seengebiet\/","og_site_name":"Produncan","article_publisher":"https:\/\/web.facebook.com\/produncanland","article_modified_time":"2025-08-18T20:55:52+00:00","og_image":[{"url":"https:\/\/produncan.cl\/wp-content\/uploads\/2023\/11\/Campo-en-Venta-Pradera-Oeste.webp","type":"","width":"","height":""}],"twitter_card":"summary_large_image","twitter_misc":{"Price":"USD484.900,00","Availability":"In stock"},"schema":{"@context":"https:\/\/schema.org","@graph":[{"@type":"WebPage","@id":"https:\/\/produncan.cl\/de\/produkt\/campo-pradera-oeste-los-muermos-los-muermos-seengebiet\/","url":"https:\/\/produncan.cl\/de\/produkt\/campo-pradera-oeste-los-muermos-los-muermos-seengebiet\/","name":"Landleben in Los Muermos - Pradera Oeste, Seengebiet - Produncan","isPartOf":{"@id":"https:\/\/produncan.cl\/de\/#website"},"primaryImageOfPage":{"@id":"https:\/\/produncan.cl\/de\/produkt\/campo-pradera-oeste-los-muermos-los-muermos-seengebiet\/#primaryimage"},"image":{"@id":"https:\/\/produncan.cl\/de\/produkt\/campo-pradera-oeste-los-muermos-los-muermos-seengebiet\/#primaryimage"},"thumbnailUrl":"https:\/\/produncan.cl\/wp-content\/uploads\/2023\/11\/Campo-en-Venta-Pradera-Oeste.webp","datePublished":"2024-05-12T21:11:28+00:00","dateModified":"2025-08-18T20:55:52+00:00","description":"44,6 Hektar Land in Los Muermos zu verkaufen. Reichlich Wasser, bestehende Geb\u00e4ude, ideal f\u00fcr landwirtschaftliche\/viehwirtschaftliche Projekte, gut erschlossen.","breadcrumb":{"@id":"https:\/\/produncan.cl\/de\/produkt\/campo-pradera-oeste-los-muermos-los-muermos-seengebiet\/#breadcrumb"},"inLanguage":"de-DE","potentialAction":[{"@type":"ReadAction","target":["https:\/\/produncan.cl\/de\/produkt\/campo-pradera-oeste-los-muermos-los-muermos-seengebiet\/"]}]},{"@type":"ImageObject","inLanguage":"de-DE","@id":"https:\/\/produncan.cl\/de\/produkt\/campo-pradera-oeste-los-muermos-los-muermos-seengebiet\/#primaryimage","url":"https:\/\/produncan.cl\/wp-content\/uploads\/2023\/11\/Campo-en-Venta-Pradera-Oeste.webp","contentUrl":"https:\/\/produncan.cl\/wp-content\/uploads\/2023\/11\/Campo-en-Venta-Pradera-Oeste.webp","width":600,"height":450},{"@type":"BreadcrumbList","@id":"https:\/\/produncan.cl\/de\/produkt\/campo-pradera-oeste-los-muermos-los-muermos-seengebiet\/#breadcrumb","itemListElement":[{"@type":"ListItem","position":1,"name":"Inicio","item":"https:\/\/produncan.cl\/de\/"},{"@type":"ListItem","position":2,"name":"Eigenschaften","item":"https:\/\/produncan.cl\/propiedades\/"},{"@type":"ListItem","position":3,"name":"Felder","item":"https:\/\/produncan.cl\/de\/kategorie\/felder\/"},{"@type":"ListItem","position":4,"name":"Landleben in Los Muermos &#8211; Pradera Oeste, Seengebiet"}]},{"@type":"WebSite","@id":"https:\/\/produncan.cl\/de\/#website","url":"https:\/\/produncan.cl\/de\/","name":"Produncan","description":"Wir begleiten Sie bei Ihrem Lebensprojekt!","publisher":{"@id":"https:\/\/produncan.cl\/de\/#organization"},"potentialAction":[{"@type":"SearchAction","target":{"@type":"EntryPoint","urlTemplate":"https:\/\/produncan.cl\/de\/?s={search_term_string}"},"query-input":{"@type":"PropertyValueSpecification","valueRequired":true,"valueName":"search_term_string"}}],"inLanguage":"de-DE"},{"@type":"Organization","@id":"https:\/\/produncan.cl\/de\/#organization","name":"Produncan","url":"https:\/\/produncan.cl\/de\/","logo":{"@type":"ImageObject","inLanguage":"de-DE","@id":"https:\/\/produncan.cl\/de\/#\/schema\/logo\/image\/","url":"https:\/\/produncan.cl\/wp-content\/uploads\/2021\/03\/LOGO.jpeg","contentUrl":"https:\/\/produncan.cl\/wp-content\/uploads\/2021\/03\/LOGO.jpeg","width":1280,"height":903,"caption":"Produncan"},"image":{"@id":"https:\/\/produncan.cl\/de\/#\/schema\/logo\/image\/"},"sameAs":["https:\/\/web.facebook.com\/produncanland","https:\/\/www.instagram.com\/pro_duncan\/","https:\/\/www.linkedin.com\/company\/produncan-lands\/","https:\/\/www.youtube.com\/channel\/UCu7N-f3x0svkazD-Eew1-QQ"],"description":"En Produncan somos especialistas en la venta de terrenos en el sur de Chile. Proveemos estancias, campos, parcelas y hoteles.","email":"info@produncan.cl"}]},"og_video":"https:\/\/www.youtube.com\/embed\/aUALoGQOKVM","og_video_type":"text\/html","og_video_duration":"68","og_video_width":"480","og_video_height":"270","ya_ovs_adult":"false","ya_ovs_upload_date":"2024-05-12T21:11:28+00:00","ya_ovs_allow_embed":"true","product_price_amount":"484900.00","product_price_currency":"USD","og_availability":"instock","product_availability":"instock","product_condition":"new"},"_links":{"self":[{"href":"https:\/\/produncan.cl\/de\/wp-json\/wp\/v2\/product\/24322","targetHints":{"allow":["GET"]}}],"collection":[{"href":"https:\/\/produncan.cl\/de\/wp-json\/wp\/v2\/product"}],"about":[{"href":"https:\/\/produncan.cl\/de\/wp-json\/wp\/v2\/types\/product"}],"version-history":[{"count":0,"href":"https:\/\/produncan.cl\/de\/wp-json\/wp\/v2\/product\/24322\/revisions"}],"wp:featuredmedia":[{"embeddable":true,"href":"https:\/\/produncan.cl\/de\/wp-json\/wp\/v2\/media\/24083"}],"wp:attachment":[{"href":"https:\/\/produncan.cl\/de\/wp-json\/wp\/v2\/media?parent=24322"}],"wp:term":[{"taxonomy":"product_brand","embeddable":true,"href":"https:\/\/produncan.cl\/de\/wp-json\/wp\/v2\/product_brand?post=24322"},{"taxonomy":"product_cat","embeddable":true,"href":"https:\/\/produncan.cl\/de\/wp-json\/wp\/v2\/product_cat?post=24322"},{"taxonomy":"product_tag","embeddable":true,"href":"https:\/\/produncan.cl\/de\/wp-json\/wp\/v2\/product_tag?post=24322"},{"taxonomy":"regiones","embeddable":true,"href":"https:\/\/produncan.cl\/de\/wp-json\/wp\/v2\/regiones?post=24322"},{"taxonomy":"ciudades","embeddable":true,"href":"https:\/\/produncan.cl\/de\/wp-json\/wp\/v2\/ciudades?post=24322"}],"curies":[{"name":"wp","href":"https:\/\/api.w.org\/{rel}","templated":true}]}}