{"id":24324,"date":"2023-11-20T18:51:42","date_gmt":"2023-11-20T21:51:42","guid":{"rendered":"https:\/\/produncan.cl\/producto\/rio-blanco-reservate-chapo-see-puerto-montt\/"},"modified":"2025-11-24T18:05:02","modified_gmt":"2025-11-24T21:05:02","slug":"rio-blanco-reservate-chapo-see-puerto-montt","status":"publish","type":"product","link":"https:\/\/produncan.cl\/de\/produkt\/rio-blanco-reservate-chapo-see-puerto-montt\/","title":{"rendered":"Rio-Blanco-Reservate &#8211; Chapo-See &#8211; Puerto Montt"},"content":{"rendered":"\t\t<div data-elementor-type=\"product-post\" data-elementor-id=\"24324\" class=\"elementor elementor-24324 elementor-23924\" data-elementor-post-type=\"product\">\n\t\t\t\t<div class=\"elementor-element elementor-element-bc12394 e-flex e-con-boxed e-con e-parent\" data-id=\"bc12394\" data-element_type=\"container\" data-e-type=\"container\" data-settings=\"{&quot;jet_parallax_layout_list&quot;:[]}\">\n\t\t\t\t\t<div class=\"e-con-inner\">\n\t\t\t\t<div class=\"elementor-element elementor-element-7899047 elementor-widget elementor-widget-heading\" data-id=\"7899047\" data-element_type=\"widget\" data-e-type=\"widget\" data-widget_type=\"heading.default\">\n\t\t\t\t\t<h2 class=\"elementor-heading-title elementor-size-default\">Makrofl\u00e4chen 40 Minuten von Puerto Montt entfernt<\/h2>\t\t\t\t<\/div>\n\t\t\t\t\t<\/div>\n\t\t\t\t<\/div>\n\t\t<div class=\"elementor-element elementor-element-3513ead e-flex e-con-boxed e-con e-parent\" data-id=\"3513ead\" data-element_type=\"container\" data-e-type=\"container\" data-settings=\"{&quot;jet_parallax_layout_list&quot;:[]}\">\n\t\t\t\t\t<div class=\"e-con-inner\">\n\t\t\t\t<div class=\"elementor-element elementor-element-87d0c0a elementor-widget elementor-widget-text-editor\" data-id=\"87d0c0a\" data-element_type=\"widget\" data-e-type=\"widget\" data-widget_type=\"text-editor.default\">\n\t\t\t\t\t\t\t\t\t<p>Das Projekt Reservas del R\u00edo Blanco, 40 Minuten von Puerto Montt entfernt, bietet eine au\u00dfergew\u00f6hnliche Gelegenheit, Ihr lang ersehntes kleines Camp zu einem erschwinglichen Preis zu verwirklichen. Die N\u00e4he zur Stadt Puerto Montt, die asphaltierte Zufahrt und die Verf\u00fcgbarkeit aller wichtigen Dienstleistungen machen dieses Projekt zu einem einzigartigen Erlebnis.<\/p><p>Die Makroparzellen sind zwischen 3,1 und 3,5 Hektar gro\u00df, wobei 10 Einheiten an den Rio Blanco und 4 Einheiten an eine Landstra\u00dfe grenzen. Die Grundst\u00fccke sind flach, so dass ihre Fl\u00e4che zu 100 % genutzt werden kann, und sie sind von einem wundersch\u00f6nen einheimischen Wald umgeben.<\/p><p>Was die Dienstleistungen betrifft, so wird die Immobiliengesellschaft Strom \u00fcber Freileitungen und ein Wassernetz bereitstellen, das aus dem Rio Blanco gespeist wird. Das Telekommunikationssignal ist derzeit verf\u00fcgbar und wird sich mit der Entwicklung des Sektors voraussichtlich verbessern.<\/p><p>Au\u00dferdem verf\u00fcgt das Projekt \u00fcber ein manuelles Zugangstor, und in K\u00fcrze wird mit dem Bau der inneren Stra\u00dfe begonnen, die den Zugang zu den 10 Makroparzellen am Fluss erm\u00f6glichen wird. Au\u00dferdem soll ein Fu\u00dfg\u00e4ngerweg zum Flussufer gebaut werden.<\/p><p>Das Projekt sieht eine Erkl\u00e4rung zu den Grunds\u00e4tzen der Koexistenz vor, die ein harmonisches Zusammenleben und den Schutz der Umwelt gew\u00e4hrleisten und eine hohe Umweltqualit\u00e4t f\u00fcr die Bewohner f\u00f6rdern soll.<\/p><p>Neben der atemberaubenden Natursch\u00f6nheit der Reservas del Rio Blanco liegt das Projekt in der N\u00e4he von Attraktionen wie dem Chapo-See, dem Rio-Blanco-Wasserfall, dem Aussichtspunkt auf den Vulkan Calbuco, dem Llanquihue-Nationalreservat, dem Alerce-Andino-Nationalpark, Puerto Varas und Ensenada sowie der Carretera Austral und vielen anderen.<\/p><p>Die Preise f\u00fcr die 14 verf\u00fcgbaren Makro-Lose reichen von 84 bis 105 Millionen Dollar. Es gibt verschiedene Zahlungsm\u00f6glichkeiten, darunter eine Anzahlung von 50 % und die Zahlung des Restbetrags in Raten \u00fcber einen Zeitraum von bis zu 36 Monaten zu einem j\u00e4hrlichen Zinssatz von 5 %. Dar\u00fcber hinaus wird auf die ersten 4 verkauften Grundst\u00fccke ein Einf\u00fchrungsrabatt von 10 % gew\u00e4hrt.<\/p><p>Dieses Projekt ist ideal f\u00fcr alle, die ein ruhiges, naturverbundenes Leben suchen. Es bietet ein perfektes Gleichgewicht zwischen modernem Komfort und einer atemberaubenden nat\u00fcrlichen Umgebung. Mit ihrer Infrastruktur, ihrer strategischen Lage und ihren Zahlungsm\u00f6glichkeiten sind die Reservas del R\u00edo Blanco eine hervorragende Option, um im S\u00fcden Chiles ein Haus oder eine Zuflucht zu errichten.<\/p><p>Fordern Sie weitere Informationen an, und verpassen Sie nicht die Gelegenheit, Ihr Traumcamp zu erleben!<\/p>\t\t\t\t\t\t\t\t<\/div>\n\t\t\t\t\t<\/div>\n\t\t\t\t<\/div>\n\t\t\t\t<\/div>\n\t\t","protected":false},"excerpt":{"rendered":"<p>Land von 3,1 bis 3,5 Hektar mit Flussufer, allen wichtigen Dienstleistungen, asphaltierte Zufahrt, 40 Minuten von Puerto Montt entfernt und in der N\u00e4he des Chapo-Sees.<\/p>\n","protected":false},"featured_media":24688,"template":"","meta":{"_acf_changed":false},"product_brand":[],"product_cat":[104],"product_tag":[232,231],"regiones":[226],"ciudades":[218],"class_list":{"0":"post-24324","1":"product","2":"type-product","3":"status-publish","4":"has-post-thumbnail","6":"product_cat-ohiggins-los-lagos","7":"product_tag-grundstuecke","8":"product_tag-touristische-immobilien","9":"regiones-nuble-los_lagos","10":"ciudades-puerto-montt","12":"first","13":"instock","14":"shipping-taxable","15":"purchasable","16":"product-type-simple"},"acf":[],"yoast_head":"<!-- This site is optimized with the Yoast SEO Premium plugin v26.0 (Yoast SEO v27.3) - https:\/\/yoast.com\/product\/yoast-seo-premium-wordpress\/ -->\n<title>Rio-Blanco-Reservate - Chapo-See - Puerto Montt - Produncan<\/title>\n<meta name=\"description\" content=\"Reservas del Rio Blanco, 14 Makro-Parzellen, 40 Minuten von Puerto Montt entfernt, Strom und Wasser, Zufahrtstor, innere Stra\u00dfen und Zahlungsm\u00f6glichkeiten.\" \/>\n<meta name=\"robots\" content=\"index, follow, max-snippet:-1, max-image-preview:large, max-video-preview:-1\" \/>\n<link rel=\"canonical\" href=\"https:\/\/produncan.cl\/de\/produkt\/rio-blanco-reservate-chapo-see-puerto-montt\/\" \/>\n<meta property=\"og:locale\" content=\"de_DE\" \/>\n<meta property=\"og:type\" content=\"article\" \/>\n<meta property=\"og:title\" content=\"Rio-Blanco-Reservate - Chapo-See - Puerto Montt\" \/>\n<meta property=\"og:description\" content=\"Reservas del Rio Blanco, 14 Makro-Parzellen, 40 Minuten von Puerto Montt entfernt, Strom und Wasser, Zufahrtstor, innere Stra\u00dfen und Zahlungsm\u00f6glichkeiten.\" \/>\n<meta property=\"og:url\" content=\"https:\/\/produncan.cl\/de\/produkt\/rio-blanco-reservate-chapo-see-puerto-montt\/\" \/>\n<meta property=\"og:site_name\" content=\"Produncan\" \/>\n<meta property=\"article:publisher\" content=\"https:\/\/web.facebook.com\/produncanland\" \/>\n<meta property=\"article:modified_time\" content=\"2025-11-24T21:05:02+00:00\" \/>\n<meta property=\"og:image\" content=\"https:\/\/produncan.cl\/wp-content\/uploads\/2023\/11\/Reservas-del-Rio-Blanco.webp\" \/>\n<meta name=\"twitter:card\" content=\"summary_large_image\" \/>\n<meta name=\"twitter:label1\" content=\"Price\" \/>\n\t<meta name=\"twitter:data1\" content=\"USD91.400,00\" \/>\n\t<meta name=\"twitter:label2\" content=\"Availability\" \/>\n\t<meta name=\"twitter:data2\" content=\"In stock\" \/>\n<script type=\"application\/ld+json\" class=\"yoast-schema-graph\">{\"@context\":\"https:\\\/\\\/schema.org\",\"@graph\":[{\"@type\":\"WebPage\",\"@id\":\"https:\\\/\\\/produncan.cl\\\/de\\\/produkt\\\/rio-blanco-reservate-chapo-see-puerto-montt\\\/\",\"url\":\"https:\\\/\\\/produncan.cl\\\/de\\\/produkt\\\/rio-blanco-reservate-chapo-see-puerto-montt\\\/\",\"name\":\"Rio-Blanco-Reservate - Chapo-See - Puerto Montt - Produncan\",\"isPartOf\":{\"@id\":\"https:\\\/\\\/produncan.cl\\\/de\\\/#website\"},\"primaryImageOfPage\":{\"@id\":\"https:\\\/\\\/produncan.cl\\\/de\\\/produkt\\\/rio-blanco-reservate-chapo-see-puerto-montt\\\/#primaryimage\"},\"image\":{\"@id\":\"https:\\\/\\\/produncan.cl\\\/de\\\/produkt\\\/rio-blanco-reservate-chapo-see-puerto-montt\\\/#primaryimage\"},\"thumbnailUrl\":\"https:\\\/\\\/produncan.cl\\\/wp-content\\\/uploads\\\/2023\\\/11\\\/Macro-Lotes-en-Venta-Reservas-del-Rio-Blanco-Puerto-Montt.webp\",\"datePublished\":\"2023-11-20T21:51:42+00:00\",\"dateModified\":\"2025-11-24T21:05:02+00:00\",\"description\":\"Reservas del Rio Blanco, 14 Makro-Parzellen, 40 Minuten von Puerto Montt entfernt, Strom und Wasser, Zufahrtstor, innere Stra\u00dfen und Zahlungsm\u00f6glichkeiten.\",\"breadcrumb\":{\"@id\":\"https:\\\/\\\/produncan.cl\\\/de\\\/produkt\\\/rio-blanco-reservate-chapo-see-puerto-montt\\\/#breadcrumb\"},\"inLanguage\":\"de-DE\",\"potentialAction\":[{\"@type\":\"ReadAction\",\"target\":[\"https:\\\/\\\/produncan.cl\\\/de\\\/produkt\\\/rio-blanco-reservate-chapo-see-puerto-montt\\\/\"]}]},{\"@type\":\"ImageObject\",\"inLanguage\":\"de-DE\",\"@id\":\"https:\\\/\\\/produncan.cl\\\/de\\\/produkt\\\/rio-blanco-reservate-chapo-see-puerto-montt\\\/#primaryimage\",\"url\":\"https:\\\/\\\/produncan.cl\\\/wp-content\\\/uploads\\\/2023\\\/11\\\/Macro-Lotes-en-Venta-Reservas-del-Rio-Blanco-Puerto-Montt.webp\",\"contentUrl\":\"https:\\\/\\\/produncan.cl\\\/wp-content\\\/uploads\\\/2023\\\/11\\\/Macro-Lotes-en-Venta-Reservas-del-Rio-Blanco-Puerto-Montt.webp\",\"width\":600,\"height\":450,\"caption\":\"Macro Lotes zum Verkauf Reservierungen des White River Puerto Montt\"},{\"@type\":\"BreadcrumbList\",\"@id\":\"https:\\\/\\\/produncan.cl\\\/de\\\/produkt\\\/rio-blanco-reservate-chapo-see-puerto-montt\\\/#breadcrumb\",\"itemListElement\":[{\"@type\":\"ListItem\",\"position\":1,\"name\":\"Inicio\",\"item\":\"https:\\\/\\\/produncan.cl\\\/de\\\/\"},{\"@type\":\"ListItem\",\"position\":2,\"name\":\"Eigenschaften\",\"item\":\"https:\\\/\\\/produncan.cl\\\/propiedades\\\/\"},{\"@type\":\"ListItem\",\"position\":3,\"name\":\"Grundst\u00fccke\",\"item\":\"https:\\\/\\\/produncan.cl\\\/de\\\/kategorie\\\/grundstuecke\\\/\"},{\"@type\":\"ListItem\",\"position\":4,\"name\":\"Rio-Blanco-Reservate &#8211; Chapo-See &#8211; Puerto Montt\"}]},{\"@type\":\"WebSite\",\"@id\":\"https:\\\/\\\/produncan.cl\\\/de\\\/#website\",\"url\":\"https:\\\/\\\/produncan.cl\\\/de\\\/\",\"name\":\"Produncan\",\"description\":\"Wir begleiten Sie bei Ihrem Lebensprojekt!\",\"publisher\":{\"@id\":\"https:\\\/\\\/produncan.cl\\\/de\\\/#organization\"},\"potentialAction\":[{\"@type\":\"SearchAction\",\"target\":{\"@type\":\"EntryPoint\",\"urlTemplate\":\"https:\\\/\\\/produncan.cl\\\/de\\\/?s={search_term_string}\"},\"query-input\":{\"@type\":\"PropertyValueSpecification\",\"valueRequired\":true,\"valueName\":\"search_term_string\"}}],\"inLanguage\":\"de-DE\"},{\"@type\":\"Organization\",\"@id\":\"https:\\\/\\\/produncan.cl\\\/de\\\/#organization\",\"name\":\"Produncan\",\"url\":\"https:\\\/\\\/produncan.cl\\\/de\\\/\",\"logo\":{\"@type\":\"ImageObject\",\"inLanguage\":\"de-DE\",\"@id\":\"https:\\\/\\\/produncan.cl\\\/de\\\/#\\\/schema\\\/logo\\\/image\\\/\",\"url\":\"https:\\\/\\\/produncan.cl\\\/wp-content\\\/uploads\\\/2021\\\/03\\\/LOGO.jpeg\",\"contentUrl\":\"https:\\\/\\\/produncan.cl\\\/wp-content\\\/uploads\\\/2021\\\/03\\\/LOGO.jpeg\",\"width\":1280,\"height\":903,\"caption\":\"Produncan\"},\"image\":{\"@id\":\"https:\\\/\\\/produncan.cl\\\/de\\\/#\\\/schema\\\/logo\\\/image\\\/\"},\"sameAs\":[\"https:\\\/\\\/web.facebook.com\\\/produncanland\",\"https:\\\/\\\/www.instagram.com\\\/pro_duncan\\\/\",\"https:\\\/\\\/www.linkedin.com\\\/company\\\/produncan-lands\\\/\",\"https:\\\/\\\/www.youtube.com\\\/channel\\\/UCu7N-f3x0svkazD-Eew1-QQ\"],\"description\":\"En Produncan somos especialistas en la venta de terrenos en el sur de Chile. Proveemos estancias, campos, parcelas y hoteles.\",\"email\":\"info@produncan.cl\"}]}<\/script>\n<meta property=\"og:video\" content=\"https:\/\/www.youtube.com\/embed\/KHeXdEQBQtU\" \/>\n<meta property=\"og:video:type\" content=\"text\/html\" \/>\n<meta property=\"og:video:duration\" content=\"78\" \/>\n<meta property=\"og:video:width\" content=\"480\" \/>\n<meta property=\"og:video:height\" content=\"360\" \/>\n<meta property=\"ya:ovs:adult\" content=\"false\" \/>\n<meta property=\"ya:ovs:upload_date\" content=\"2023-11-20T21:51:42+00:00\" \/>\n<meta property=\"ya:ovs:allow_embed\" content=\"true\" \/>\n<meta property=\"product:price:amount\" content=\"91400.00\" \/>\n<meta property=\"product:price:currency\" content=\"USD\" \/>\n<meta property=\"og:availability\" content=\"instock\" \/>\n<meta property=\"product:availability\" content=\"instock\" \/>\n<meta property=\"product:condition\" content=\"new\" \/>\n<!-- \/ Yoast SEO Premium plugin. -->","yoast_head_json":{"title":"Rio-Blanco-Reservate - Chapo-See - Puerto Montt - Produncan","description":"Reservas del Rio Blanco, 14 Makro-Parzellen, 40 Minuten von Puerto Montt entfernt, Strom und Wasser, Zufahrtstor, innere Stra\u00dfen und Zahlungsm\u00f6glichkeiten.","robots":{"index":"index","follow":"follow","max-snippet":"max-snippet:-1","max-image-preview":"max-image-preview:large","max-video-preview":"max-video-preview:-1"},"canonical":"https:\/\/produncan.cl\/de\/produkt\/rio-blanco-reservate-chapo-see-puerto-montt\/","og_locale":"de_DE","og_type":"article","og_title":"Rio-Blanco-Reservate - Chapo-See - Puerto Montt","og_description":"Reservas del Rio Blanco, 14 Makro-Parzellen, 40 Minuten von Puerto Montt entfernt, Strom und Wasser, Zufahrtstor, innere Stra\u00dfen und Zahlungsm\u00f6glichkeiten.","og_url":"https:\/\/produncan.cl\/de\/produkt\/rio-blanco-reservate-chapo-see-puerto-montt\/","og_site_name":"Produncan","article_publisher":"https:\/\/web.facebook.com\/produncanland","article_modified_time":"2025-11-24T21:05:02+00:00","og_image":[{"url":"https:\/\/produncan.cl\/wp-content\/uploads\/2023\/11\/Reservas-del-Rio-Blanco.webp","type":"","width":"","height":""}],"twitter_card":"summary_large_image","twitter_misc":{"Price":"USD91.400,00","Availability":"In stock"},"schema":{"@context":"https:\/\/schema.org","@graph":[{"@type":"WebPage","@id":"https:\/\/produncan.cl\/de\/produkt\/rio-blanco-reservate-chapo-see-puerto-montt\/","url":"https:\/\/produncan.cl\/de\/produkt\/rio-blanco-reservate-chapo-see-puerto-montt\/","name":"Rio-Blanco-Reservate - Chapo-See - Puerto Montt - Produncan","isPartOf":{"@id":"https:\/\/produncan.cl\/de\/#website"},"primaryImageOfPage":{"@id":"https:\/\/produncan.cl\/de\/produkt\/rio-blanco-reservate-chapo-see-puerto-montt\/#primaryimage"},"image":{"@id":"https:\/\/produncan.cl\/de\/produkt\/rio-blanco-reservate-chapo-see-puerto-montt\/#primaryimage"},"thumbnailUrl":"https:\/\/produncan.cl\/wp-content\/uploads\/2023\/11\/Macro-Lotes-en-Venta-Reservas-del-Rio-Blanco-Puerto-Montt.webp","datePublished":"2023-11-20T21:51:42+00:00","dateModified":"2025-11-24T21:05:02+00:00","description":"Reservas del Rio Blanco, 14 Makro-Parzellen, 40 Minuten von Puerto Montt entfernt, Strom und Wasser, Zufahrtstor, innere Stra\u00dfen und Zahlungsm\u00f6glichkeiten.","breadcrumb":{"@id":"https:\/\/produncan.cl\/de\/produkt\/rio-blanco-reservate-chapo-see-puerto-montt\/#breadcrumb"},"inLanguage":"de-DE","potentialAction":[{"@type":"ReadAction","target":["https:\/\/produncan.cl\/de\/produkt\/rio-blanco-reservate-chapo-see-puerto-montt\/"]}]},{"@type":"ImageObject","inLanguage":"de-DE","@id":"https:\/\/produncan.cl\/de\/produkt\/rio-blanco-reservate-chapo-see-puerto-montt\/#primaryimage","url":"https:\/\/produncan.cl\/wp-content\/uploads\/2023\/11\/Macro-Lotes-en-Venta-Reservas-del-Rio-Blanco-Puerto-Montt.webp","contentUrl":"https:\/\/produncan.cl\/wp-content\/uploads\/2023\/11\/Macro-Lotes-en-Venta-Reservas-del-Rio-Blanco-Puerto-Montt.webp","width":600,"height":450,"caption":"Macro Lotes zum Verkauf Reservierungen des White River Puerto Montt"},{"@type":"BreadcrumbList","@id":"https:\/\/produncan.cl\/de\/produkt\/rio-blanco-reservate-chapo-see-puerto-montt\/#breadcrumb","itemListElement":[{"@type":"ListItem","position":1,"name":"Inicio","item":"https:\/\/produncan.cl\/de\/"},{"@type":"ListItem","position":2,"name":"Eigenschaften","item":"https:\/\/produncan.cl\/propiedades\/"},{"@type":"ListItem","position":3,"name":"Grundst\u00fccke","item":"https:\/\/produncan.cl\/de\/kategorie\/grundstuecke\/"},{"@type":"ListItem","position":4,"name":"Rio-Blanco-Reservate &#8211; Chapo-See &#8211; Puerto Montt"}]},{"@type":"WebSite","@id":"https:\/\/produncan.cl\/de\/#website","url":"https:\/\/produncan.cl\/de\/","name":"Produncan","description":"Wir begleiten Sie bei Ihrem Lebensprojekt!","publisher":{"@id":"https:\/\/produncan.cl\/de\/#organization"},"potentialAction":[{"@type":"SearchAction","target":{"@type":"EntryPoint","urlTemplate":"https:\/\/produncan.cl\/de\/?s={search_term_string}"},"query-input":{"@type":"PropertyValueSpecification","valueRequired":true,"valueName":"search_term_string"}}],"inLanguage":"de-DE"},{"@type":"Organization","@id":"https:\/\/produncan.cl\/de\/#organization","name":"Produncan","url":"https:\/\/produncan.cl\/de\/","logo":{"@type":"ImageObject","inLanguage":"de-DE","@id":"https:\/\/produncan.cl\/de\/#\/schema\/logo\/image\/","url":"https:\/\/produncan.cl\/wp-content\/uploads\/2021\/03\/LOGO.jpeg","contentUrl":"https:\/\/produncan.cl\/wp-content\/uploads\/2021\/03\/LOGO.jpeg","width":1280,"height":903,"caption":"Produncan"},"image":{"@id":"https:\/\/produncan.cl\/de\/#\/schema\/logo\/image\/"},"sameAs":["https:\/\/web.facebook.com\/produncanland","https:\/\/www.instagram.com\/pro_duncan\/","https:\/\/www.linkedin.com\/company\/produncan-lands\/","https:\/\/www.youtube.com\/channel\/UCu7N-f3x0svkazD-Eew1-QQ"],"description":"En Produncan somos especialistas en la venta de terrenos en el sur de Chile. Proveemos estancias, campos, parcelas y hoteles.","email":"info@produncan.cl"}]},"og_video":"https:\/\/www.youtube.com\/embed\/KHeXdEQBQtU","og_video_type":"text\/html","og_video_duration":"78","og_video_width":"480","og_video_height":"360","ya_ovs_adult":"false","ya_ovs_upload_date":"2023-11-20T21:51:42+00:00","ya_ovs_allow_embed":"true","product_price_amount":"91400.00","product_price_currency":"USD","og_availability":"instock","product_availability":"instock","product_condition":"new"},"_links":{"self":[{"href":"https:\/\/produncan.cl\/de\/wp-json\/wp\/v2\/product\/24324","targetHints":{"allow":["GET"]}}],"collection":[{"href":"https:\/\/produncan.cl\/de\/wp-json\/wp\/v2\/product"}],"about":[{"href":"https:\/\/produncan.cl\/de\/wp-json\/wp\/v2\/types\/product"}],"version-history":[{"count":2,"href":"https:\/\/produncan.cl\/de\/wp-json\/wp\/v2\/product\/24324\/revisions"}],"predecessor-version":[{"id":52572,"href":"https:\/\/produncan.cl\/de\/wp-json\/wp\/v2\/product\/24324\/revisions\/52572"}],"wp:featuredmedia":[{"embeddable":true,"href":"https:\/\/produncan.cl\/de\/wp-json\/wp\/v2\/media\/24688"}],"wp:attachment":[{"href":"https:\/\/produncan.cl\/de\/wp-json\/wp\/v2\/media?parent=24324"}],"wp:term":[{"taxonomy":"product_brand","embeddable":true,"href":"https:\/\/produncan.cl\/de\/wp-json\/wp\/v2\/product_brand?post=24324"},{"taxonomy":"product_cat","embeddable":true,"href":"https:\/\/produncan.cl\/de\/wp-json\/wp\/v2\/product_cat?post=24324"},{"taxonomy":"product_tag","embeddable":true,"href":"https:\/\/produncan.cl\/de\/wp-json\/wp\/v2\/product_tag?post=24324"},{"taxonomy":"regiones","embeddable":true,"href":"https:\/\/produncan.cl\/de\/wp-json\/wp\/v2\/regiones?post=24324"},{"taxonomy":"ciudades","embeddable":true,"href":"https:\/\/produncan.cl\/de\/wp-json\/wp\/v2\/ciudades?post=24324"}],"curies":[{"name":"wp","href":"https:\/\/api.w.org\/{rel}","templated":true}]}}