{"id":25828,"date":"2024-05-13T13:03:40","date_gmt":"2024-05-13T17:03:40","guid":{"rendered":"https:\/\/produncan.cl\/producto\/bauernhof-el-calafate-fresia\/"},"modified":"2025-12-15T18:34:02","modified_gmt":"2025-12-15T21:34:02","slug":"bauernhof-el-calafate-fresia","status":"publish","type":"product","link":"https:\/\/produncan.cl\/de\/produkt\/bauernhof-el-calafate-fresia\/","title":{"rendered":"Landgut mit Haus in Fresia &#8211; El Calafate &#8211; Seengebiet"},"content":{"rendered":"\t\t<div data-elementor-type=\"product-post\" data-elementor-id=\"25828\" class=\"elementor elementor-25828 elementor-25582\" data-elementor-post-type=\"product\">\n\t\t\t\t<div class=\"elementor-element elementor-element-f03a4dc e-flex e-con-boxed e-con e-parent\" data-id=\"f03a4dc\" data-element_type=\"container\" data-e-type=\"container\" data-settings=\"{&quot;jet_parallax_layout_list&quot;:[]}\">\n\t\t\t\t\t<div class=\"e-con-inner\">\n\t\t\t\t<div class=\"elementor-element elementor-element-b774032 elementor-widget elementor-widget-heading\" data-id=\"b774032\" data-element_type=\"widget\" data-e-type=\"widget\" data-widget_type=\"heading.default\">\n\t\t\t\t\t<h2 class=\"elementor-heading-title elementor-size-default\">19,43 Hektar Feld mit Wohnen und landwirtschaftlicher Nutzung<\/h2>\t\t\t\t<\/div>\n\t\t\t\t\t<\/div>\n\t\t\t\t<\/div>\n\t\t<div class=\"elementor-element elementor-element-942fd84 e-flex e-con-boxed e-con e-parent\" data-id=\"942fd84\" data-element_type=\"container\" data-e-type=\"container\" data-settings=\"{&quot;jet_parallax_layout_list&quot;:[]}\">\n\t\t\t\t\t<div class=\"e-con-inner\">\n\t\t\t\t<div class=\"elementor-element elementor-element-4602916 elementor-widget elementor-widget-text-editor\" data-id=\"4602916\" data-element_type=\"widget\" data-e-type=\"widget\" data-widget_type=\"text-editor.default\">\n\t\t\t\t\t\t\t\t\t<p>Dieses 19,43 Hektar gro\u00dfe Landgut mit Haus in Fresia ist ein Juwel f\u00fcr diejenigen, die ein ruhiges Leben in Kontakt mit der Natur suchen.<\/p>\n<p>Mit einer Preisvorstellung von $13.000.000 pro Hektar bietet dieses Land eine einmalige Gelegenheit f\u00fcr die Entwicklung von Landwirtschaft und Viehzucht, ein idealer Ort f\u00fcr den Anbau von Weizen, Luzerne, Kartoffeln und Hafer sowie f\u00fcr die Weidehaltung von Tieren.<\/p>\n<p>Das Anwesen besteht aus einem Haupthaus und zwei Kellern sowie drei Gew\u00e4chsh\u00e4usern. Die meist flache Topografie mit Schluchten, die zu den S\u00fcmpfen hinunterf\u00fchren, die die Landschaft umgeben, tr\u00e4gt zu ihrem einzigartigen Charme bei.<\/p>\n<p>Von der \u00f6ffentlichen Stra\u00dfe aus gibt es einen kleinen ebenen Bereich, gefolgt von einem Abstieg zum ersten Bach, einem Anstieg zu einem hohen, ebenen Bereich und schlie\u00dflich zum zweiten Bach, dem Llico und dem Picaflor, die einen gro\u00dfen Teil des Feldes durchflie\u00dfen und im Sommer nicht austrocknen.<\/p>\n<p>Das Anwesen profitiert von Strom durch eine l\u00e4ndliche Stra\u00dfe Post. Au\u00dferdem verf\u00fcgt er \u00fcber eine Wasserversorgung durch Quellen, die mit einem Motor in einen 1000 Liter fassenden Teich gepumpt und dann \u00fcber ein Schlauchnetz an das Haus, die Gew\u00e4chsh\u00e4user und die Obstg\u00e4rten verteilt werden.<\/p>\n<p>Das Haus, das 2005 mit einigen Renovierungen gebaut wurde, hat eine ungef\u00e4hre Gr\u00f6\u00dfe von 6m x 8m, mit 2 Schlafzimmern, 1 Badezimmer und einer kleinen Terrasse. Die offene K\u00fcche, die Holz- und Keramikfliesenb\u00f6den in den Badezimmern und die Fenster mit Aluminiumrahmen verleihen dem Raum einen rustikalen und gem\u00fctlichen Touch. Obwohl es keine Zentralheizung gibt, sorgt der Holzofen in den k\u00e4lteren Monaten f\u00fcr angenehme W\u00e4rme.<\/p>\n<p>Dieses Feld ist zu 60 % von einheimischen B\u00e4umen und zu 40 % von Grasland umgeben, auf dem Arten wie Canelo, Coig\u00fce, Ma\u00f1\u00edo, Ulmo, Ciruelillo, Notro und Luma vorkommen. Die \u00f6rtliche Tierwelt mit F\u00fcchsen, Hasen, Chucao, Ringeltauben, Bandurrias und Drosseln ist ein Paradies f\u00fcr Naturliebhaber.<\/p>\n<p>Die Zufahrt erfolgt \u00fcber eine gr\u00f6\u00dftenteils asphaltierte Stra\u00dfe, nur 3 km Schotterstra\u00dfe werden gerade asphaltiert, so dass eine einfache und bequeme Anbindung gew\u00e4hrleistet ist. Nur eine Stunde vom Flughafen entfernt und in der N\u00e4he von Los Muermos gelegen, ist die Lage ideal f\u00fcr alle, die einen ruhigen R\u00fcckzugsort suchen, ohne zu weit von den st\u00e4dtischen Annehmlichkeiten entfernt zu sein.<\/p>\n<p>Kurzum, diese Landschaft ist eine au\u00dfergew\u00f6hnliche Gelegenheit, das Landleben mit allem modernen Komfort in einer nat\u00fcrlich sch\u00f6nen und ruhigen Umgebung zu genie\u00dfen.<\/p>\t\t\t\t\t\t\t\t<\/div>\n\t\t\t\t\t<\/div>\n\t\t\t\t<\/div>\n\t\t\t\t<\/div>\n\t\t","protected":false},"excerpt":{"rendered":"<p>Bauernhof mit Haus in Fresia von 19,43 Hektar ideal f\u00fcr Landwirtschaft und Viehzucht, eine Stunde von Puerto Varas. Mit S\u00fcmpfen und Fluss an seinem Rand, alle Dienstleistungen, Haus, Scheune, Stall und Gew\u00e4chsh\u00e4user.<\/p>\n","protected":false},"featured_media":25594,"template":"","meta":{"_acf_changed":false},"product_brand":[],"product_cat":[104],"product_tag":[235],"regiones":[226],"ciudades":[214,216],"class_list":{"0":"post-25828","1":"product","2":"type-product","3":"status-publish","4":"has-post-thumbnail","6":"product_cat-ohiggins-los-lagos","7":"product_tag-felder","8":"regiones-nuble-los_lagos","9":"ciudades-fresia","10":"ciudades-los-muermos","12":"first","13":"instock","14":"shipping-taxable","15":"purchasable","16":"product-type-simple"},"acf":[],"yoast_head":"<!-- This site is optimized with the Yoast SEO Premium plugin v26.0 (Yoast SEO v27.3) - https:\/\/yoast.com\/product\/yoast-seo-premium-wordpress\/ -->\n<title>Landgut mit Haus in Fresia - El Calafate - Seengebiet - Produncan<\/title>\n<meta name=\"description\" content=\"Feld von 19,43has in Fresia, ideal f\u00fcr Landwirtschaft und Viehzucht, eine Stunde von Puerto Varas entfernt. Mit S\u00fcmpfen auf seinem Umfang, alle Dienstleistungen, Haus, Schuppen.\" \/>\n<meta name=\"robots\" content=\"index, follow, max-snippet:-1, max-image-preview:large, max-video-preview:-1\" \/>\n<link rel=\"canonical\" href=\"https:\/\/produncan.cl\/de\/produkt\/bauernhof-el-calafate-fresia\/\" \/>\n<meta property=\"og:locale\" content=\"de_DE\" \/>\n<meta property=\"og:type\" content=\"article\" \/>\n<meta property=\"og:title\" content=\"Landgut mit Haus in Fresia - El Calafate - Seengebiet\" \/>\n<meta property=\"og:description\" content=\"Feld von 19,43has in Fresia, ideal f\u00fcr Landwirtschaft und Viehzucht, eine Stunde von Puerto Varas entfernt. Mit S\u00fcmpfen auf seinem Umfang, alle Dienstleistungen, Haus, Schuppen.\" \/>\n<meta property=\"og:url\" content=\"https:\/\/produncan.cl\/de\/produkt\/bauernhof-el-calafate-fresia\/\" \/>\n<meta property=\"og:site_name\" content=\"Produncan\" \/>\n<meta property=\"article:publisher\" content=\"https:\/\/web.facebook.com\/produncanland\" \/>\n<meta property=\"article:modified_time\" content=\"2025-12-15T21:34:02+00:00\" \/>\n<meta property=\"og:image\" content=\"https:\/\/produncan.cl\/wp-content\/uploads\/2023\/12\/Campo-Fundo-El-Calafate-En-Venta-Los-Muermos.webp\" \/>\n<meta name=\"twitter:card\" content=\"summary_large_image\" \/>\n<meta name=\"twitter:label1\" content=\"Price\" \/>\n\t<meta name=\"twitter:data1\" content=\"USD275.100,00\" \/>\n\t<meta name=\"twitter:label2\" content=\"Availability\" \/>\n\t<meta name=\"twitter:data2\" content=\"In stock\" \/>\n<script type=\"application\/ld+json\" class=\"yoast-schema-graph\">{\"@context\":\"https:\\\/\\\/schema.org\",\"@graph\":[{\"@type\":\"WebPage\",\"@id\":\"https:\\\/\\\/produncan.cl\\\/de\\\/produkt\\\/bauernhof-el-calafate-fresia\\\/\",\"url\":\"https:\\\/\\\/produncan.cl\\\/de\\\/produkt\\\/bauernhof-el-calafate-fresia\\\/\",\"name\":\"Landgut mit Haus in Fresia - El Calafate - Seengebiet - Produncan\",\"isPartOf\":{\"@id\":\"https:\\\/\\\/produncan.cl\\\/de\\\/#website\"},\"primaryImageOfPage\":{\"@id\":\"https:\\\/\\\/produncan.cl\\\/de\\\/produkt\\\/bauernhof-el-calafate-fresia\\\/#primaryimage\"},\"image\":{\"@id\":\"https:\\\/\\\/produncan.cl\\\/de\\\/produkt\\\/bauernhof-el-calafate-fresia\\\/#primaryimage\"},\"thumbnailUrl\":\"https:\\\/\\\/produncan.cl\\\/wp-content\\\/uploads\\\/2023\\\/12\\\/Campo-Fundo-El-Calafate-En-Venta-Los-Muermos.webp\",\"datePublished\":\"2024-05-13T17:03:40+00:00\",\"dateModified\":\"2025-12-15T21:34:02+00:00\",\"description\":\"Feld von 19,43has in Fresia, ideal f\u00fcr Landwirtschaft und Viehzucht, eine Stunde von Puerto Varas entfernt. Mit S\u00fcmpfen auf seinem Umfang, alle Dienstleistungen, Haus, Schuppen.\",\"breadcrumb\":{\"@id\":\"https:\\\/\\\/produncan.cl\\\/de\\\/produkt\\\/bauernhof-el-calafate-fresia\\\/#breadcrumb\"},\"inLanguage\":\"de-DE\",\"potentialAction\":[{\"@type\":\"ReadAction\",\"target\":[\"https:\\\/\\\/produncan.cl\\\/de\\\/produkt\\\/bauernhof-el-calafate-fresia\\\/\"]}]},{\"@type\":\"ImageObject\",\"inLanguage\":\"de-DE\",\"@id\":\"https:\\\/\\\/produncan.cl\\\/de\\\/produkt\\\/bauernhof-el-calafate-fresia\\\/#primaryimage\",\"url\":\"https:\\\/\\\/produncan.cl\\\/wp-content\\\/uploads\\\/2023\\\/12\\\/Campo-Fundo-El-Calafate-En-Venta-Los-Muermos.webp\",\"contentUrl\":\"https:\\\/\\\/produncan.cl\\\/wp-content\\\/uploads\\\/2023\\\/12\\\/Campo-Fundo-El-Calafate-En-Venta-Los-Muermos.webp\",\"width\":600,\"height\":450,\"caption\":\"Campo Fundo El Calafate zum Verkauf\"},{\"@type\":\"BreadcrumbList\",\"@id\":\"https:\\\/\\\/produncan.cl\\\/de\\\/produkt\\\/bauernhof-el-calafate-fresia\\\/#breadcrumb\",\"itemListElement\":[{\"@type\":\"ListItem\",\"position\":1,\"name\":\"Inicio\",\"item\":\"https:\\\/\\\/produncan.cl\\\/de\\\/\"},{\"@type\":\"ListItem\",\"position\":2,\"name\":\"Eigenschaften\",\"item\":\"https:\\\/\\\/produncan.cl\\\/propiedades\\\/\"},{\"@type\":\"ListItem\",\"position\":3,\"name\":\"Felder\",\"item\":\"https:\\\/\\\/produncan.cl\\\/de\\\/kategorie\\\/felder\\\/\"},{\"@type\":\"ListItem\",\"position\":4,\"name\":\"Landgut mit Haus in Fresia &#8211; El Calafate &#8211; Seengebiet\"}]},{\"@type\":\"WebSite\",\"@id\":\"https:\\\/\\\/produncan.cl\\\/de\\\/#website\",\"url\":\"https:\\\/\\\/produncan.cl\\\/de\\\/\",\"name\":\"Produncan\",\"description\":\"Wir begleiten Sie bei Ihrem Lebensprojekt!\",\"publisher\":{\"@id\":\"https:\\\/\\\/produncan.cl\\\/de\\\/#organization\"},\"potentialAction\":[{\"@type\":\"SearchAction\",\"target\":{\"@type\":\"EntryPoint\",\"urlTemplate\":\"https:\\\/\\\/produncan.cl\\\/de\\\/?s={search_term_string}\"},\"query-input\":{\"@type\":\"PropertyValueSpecification\",\"valueRequired\":true,\"valueName\":\"search_term_string\"}}],\"inLanguage\":\"de-DE\"},{\"@type\":\"Organization\",\"@id\":\"https:\\\/\\\/produncan.cl\\\/de\\\/#organization\",\"name\":\"Produncan\",\"url\":\"https:\\\/\\\/produncan.cl\\\/de\\\/\",\"logo\":{\"@type\":\"ImageObject\",\"inLanguage\":\"de-DE\",\"@id\":\"https:\\\/\\\/produncan.cl\\\/de\\\/#\\\/schema\\\/logo\\\/image\\\/\",\"url\":\"https:\\\/\\\/produncan.cl\\\/wp-content\\\/uploads\\\/2021\\\/03\\\/LOGO.jpeg\",\"contentUrl\":\"https:\\\/\\\/produncan.cl\\\/wp-content\\\/uploads\\\/2021\\\/03\\\/LOGO.jpeg\",\"width\":1280,\"height\":903,\"caption\":\"Produncan\"},\"image\":{\"@id\":\"https:\\\/\\\/produncan.cl\\\/de\\\/#\\\/schema\\\/logo\\\/image\\\/\"},\"sameAs\":[\"https:\\\/\\\/web.facebook.com\\\/produncanland\",\"https:\\\/\\\/www.instagram.com\\\/pro_duncan\\\/\",\"https:\\\/\\\/www.linkedin.com\\\/company\\\/produncan-lands\\\/\",\"https:\\\/\\\/www.youtube.com\\\/channel\\\/UCu7N-f3x0svkazD-Eew1-QQ\"],\"description\":\"En Produncan somos especialistas en la venta de terrenos en el sur de Chile. Proveemos estancias, campos, parcelas y hoteles.\",\"email\":\"info@produncan.cl\"}]}<\/script>\n<meta property=\"og:video\" content=\"https:\/\/www.youtube.com\/embed\/Ct9SsSgPJ04\" \/>\n<meta property=\"og:video:type\" content=\"text\/html\" \/>\n<meta property=\"og:video:duration\" content=\"149\" \/>\n<meta property=\"og:video:width\" content=\"480\" \/>\n<meta property=\"og:video:height\" content=\"360\" \/>\n<meta property=\"ya:ovs:adult\" content=\"false\" \/>\n<meta property=\"ya:ovs:upload_date\" content=\"2024-05-13T17:03:40+00:00\" \/>\n<meta property=\"ya:ovs:allow_embed\" content=\"true\" \/>\n<meta property=\"product:price:amount\" content=\"275100.00\" \/>\n<meta property=\"product:price:currency\" content=\"USD\" \/>\n<meta property=\"og:availability\" content=\"instock\" \/>\n<meta property=\"product:availability\" content=\"instock\" \/>\n<meta property=\"product:condition\" content=\"new\" \/>\n<!-- \/ Yoast SEO Premium plugin. -->","yoast_head_json":{"title":"Landgut mit Haus in Fresia - El Calafate - Seengebiet - Produncan","description":"Feld von 19,43has in Fresia, ideal f\u00fcr Landwirtschaft und Viehzucht, eine Stunde von Puerto Varas entfernt. Mit S\u00fcmpfen auf seinem Umfang, alle Dienstleistungen, Haus, Schuppen.","robots":{"index":"index","follow":"follow","max-snippet":"max-snippet:-1","max-image-preview":"max-image-preview:large","max-video-preview":"max-video-preview:-1"},"canonical":"https:\/\/produncan.cl\/de\/produkt\/bauernhof-el-calafate-fresia\/","og_locale":"de_DE","og_type":"article","og_title":"Landgut mit Haus in Fresia - El Calafate - Seengebiet","og_description":"Feld von 19,43has in Fresia, ideal f\u00fcr Landwirtschaft und Viehzucht, eine Stunde von Puerto Varas entfernt. Mit S\u00fcmpfen auf seinem Umfang, alle Dienstleistungen, Haus, Schuppen.","og_url":"https:\/\/produncan.cl\/de\/produkt\/bauernhof-el-calafate-fresia\/","og_site_name":"Produncan","article_publisher":"https:\/\/web.facebook.com\/produncanland","article_modified_time":"2025-12-15T21:34:02+00:00","og_image":[{"url":"https:\/\/produncan.cl\/wp-content\/uploads\/2023\/12\/Campo-Fundo-El-Calafate-En-Venta-Los-Muermos.webp","type":"","width":"","height":""}],"twitter_card":"summary_large_image","twitter_misc":{"Price":"USD275.100,00","Availability":"In stock"},"schema":{"@context":"https:\/\/schema.org","@graph":[{"@type":"WebPage","@id":"https:\/\/produncan.cl\/de\/produkt\/bauernhof-el-calafate-fresia\/","url":"https:\/\/produncan.cl\/de\/produkt\/bauernhof-el-calafate-fresia\/","name":"Landgut mit Haus in Fresia - El Calafate - Seengebiet - Produncan","isPartOf":{"@id":"https:\/\/produncan.cl\/de\/#website"},"primaryImageOfPage":{"@id":"https:\/\/produncan.cl\/de\/produkt\/bauernhof-el-calafate-fresia\/#primaryimage"},"image":{"@id":"https:\/\/produncan.cl\/de\/produkt\/bauernhof-el-calafate-fresia\/#primaryimage"},"thumbnailUrl":"https:\/\/produncan.cl\/wp-content\/uploads\/2023\/12\/Campo-Fundo-El-Calafate-En-Venta-Los-Muermos.webp","datePublished":"2024-05-13T17:03:40+00:00","dateModified":"2025-12-15T21:34:02+00:00","description":"Feld von 19,43has in Fresia, ideal f\u00fcr Landwirtschaft und Viehzucht, eine Stunde von Puerto Varas entfernt. Mit S\u00fcmpfen auf seinem Umfang, alle Dienstleistungen, Haus, Schuppen.","breadcrumb":{"@id":"https:\/\/produncan.cl\/de\/produkt\/bauernhof-el-calafate-fresia\/#breadcrumb"},"inLanguage":"de-DE","potentialAction":[{"@type":"ReadAction","target":["https:\/\/produncan.cl\/de\/produkt\/bauernhof-el-calafate-fresia\/"]}]},{"@type":"ImageObject","inLanguage":"de-DE","@id":"https:\/\/produncan.cl\/de\/produkt\/bauernhof-el-calafate-fresia\/#primaryimage","url":"https:\/\/produncan.cl\/wp-content\/uploads\/2023\/12\/Campo-Fundo-El-Calafate-En-Venta-Los-Muermos.webp","contentUrl":"https:\/\/produncan.cl\/wp-content\/uploads\/2023\/12\/Campo-Fundo-El-Calafate-En-Venta-Los-Muermos.webp","width":600,"height":450,"caption":"Campo Fundo El Calafate zum Verkauf"},{"@type":"BreadcrumbList","@id":"https:\/\/produncan.cl\/de\/produkt\/bauernhof-el-calafate-fresia\/#breadcrumb","itemListElement":[{"@type":"ListItem","position":1,"name":"Inicio","item":"https:\/\/produncan.cl\/de\/"},{"@type":"ListItem","position":2,"name":"Eigenschaften","item":"https:\/\/produncan.cl\/propiedades\/"},{"@type":"ListItem","position":3,"name":"Felder","item":"https:\/\/produncan.cl\/de\/kategorie\/felder\/"},{"@type":"ListItem","position":4,"name":"Landgut mit Haus in Fresia &#8211; El Calafate &#8211; Seengebiet"}]},{"@type":"WebSite","@id":"https:\/\/produncan.cl\/de\/#website","url":"https:\/\/produncan.cl\/de\/","name":"Produncan","description":"Wir begleiten Sie bei Ihrem Lebensprojekt!","publisher":{"@id":"https:\/\/produncan.cl\/de\/#organization"},"potentialAction":[{"@type":"SearchAction","target":{"@type":"EntryPoint","urlTemplate":"https:\/\/produncan.cl\/de\/?s={search_term_string}"},"query-input":{"@type":"PropertyValueSpecification","valueRequired":true,"valueName":"search_term_string"}}],"inLanguage":"de-DE"},{"@type":"Organization","@id":"https:\/\/produncan.cl\/de\/#organization","name":"Produncan","url":"https:\/\/produncan.cl\/de\/","logo":{"@type":"ImageObject","inLanguage":"de-DE","@id":"https:\/\/produncan.cl\/de\/#\/schema\/logo\/image\/","url":"https:\/\/produncan.cl\/wp-content\/uploads\/2021\/03\/LOGO.jpeg","contentUrl":"https:\/\/produncan.cl\/wp-content\/uploads\/2021\/03\/LOGO.jpeg","width":1280,"height":903,"caption":"Produncan"},"image":{"@id":"https:\/\/produncan.cl\/de\/#\/schema\/logo\/image\/"},"sameAs":["https:\/\/web.facebook.com\/produncanland","https:\/\/www.instagram.com\/pro_duncan\/","https:\/\/www.linkedin.com\/company\/produncan-lands\/","https:\/\/www.youtube.com\/channel\/UCu7N-f3x0svkazD-Eew1-QQ"],"description":"En Produncan somos especialistas en la venta de terrenos en el sur de Chile. Proveemos estancias, campos, parcelas y hoteles.","email":"info@produncan.cl"}]},"og_video":"https:\/\/www.youtube.com\/embed\/Ct9SsSgPJ04","og_video_type":"text\/html","og_video_duration":"149","og_video_width":"480","og_video_height":"360","ya_ovs_adult":"false","ya_ovs_upload_date":"2024-05-13T17:03:40+00:00","ya_ovs_allow_embed":"true","product_price_amount":"275100.00","product_price_currency":"USD","og_availability":"instock","product_availability":"instock","product_condition":"new"},"_links":{"self":[{"href":"https:\/\/produncan.cl\/de\/wp-json\/wp\/v2\/product\/25828","targetHints":{"allow":["GET"]}}],"collection":[{"href":"https:\/\/produncan.cl\/de\/wp-json\/wp\/v2\/product"}],"about":[{"href":"https:\/\/produncan.cl\/de\/wp-json\/wp\/v2\/types\/product"}],"version-history":[{"count":2,"href":"https:\/\/produncan.cl\/de\/wp-json\/wp\/v2\/product\/25828\/revisions"}],"predecessor-version":[{"id":53098,"href":"https:\/\/produncan.cl\/de\/wp-json\/wp\/v2\/product\/25828\/revisions\/53098"}],"wp:featuredmedia":[{"embeddable":true,"href":"https:\/\/produncan.cl\/de\/wp-json\/wp\/v2\/media\/25594"}],"wp:attachment":[{"href":"https:\/\/produncan.cl\/de\/wp-json\/wp\/v2\/media?parent=25828"}],"wp:term":[{"taxonomy":"product_brand","embeddable":true,"href":"https:\/\/produncan.cl\/de\/wp-json\/wp\/v2\/product_brand?post=25828"},{"taxonomy":"product_cat","embeddable":true,"href":"https:\/\/produncan.cl\/de\/wp-json\/wp\/v2\/product_cat?post=25828"},{"taxonomy":"product_tag","embeddable":true,"href":"https:\/\/produncan.cl\/de\/wp-json\/wp\/v2\/product_tag?post=25828"},{"taxonomy":"regiones","embeddable":true,"href":"https:\/\/produncan.cl\/de\/wp-json\/wp\/v2\/regiones?post=25828"},{"taxonomy":"ciudades","embeddable":true,"href":"https:\/\/produncan.cl\/de\/wp-json\/wp\/v2\/ciudades?post=25828"}],"curies":[{"name":"wp","href":"https:\/\/api.w.org\/{rel}","templated":true}]}}