{"id":26248,"date":"2024-05-09T17:58:32","date_gmt":"2024-05-09T21:58:32","guid":{"rendered":"https:\/\/produncan.cl\/producto\/grundstuecke-punta-corona-chiloe\/"},"modified":"2025-12-15T18:34:03","modified_gmt":"2025-12-15T21:34:03","slug":"grundstuecke-punta-corona-chiloe","status":"publish","type":"product","link":"https:\/\/produncan.cl\/de\/produkt\/grundstuecke-punta-corona-chiloe\/","title":{"rendered":"Grundst\u00fccke Punta Corona &#8211; Chilo\u00e9"},"content":{"rendered":"\t\t<div data-elementor-type=\"product-post\" data-elementor-id=\"26248\" class=\"elementor elementor-26248 elementor-25956\" data-elementor-post-type=\"product\">\n\t\t\t\t<div class=\"elementor-element elementor-element-91ced87 e-flex e-con-boxed e-con e-parent\" data-id=\"91ced87\" data-element_type=\"container\" data-e-type=\"container\" data-settings=\"{&quot;jet_parallax_layout_list&quot;:[]}\">\n\t\t\t\t\t<div class=\"e-con-inner\">\n\t\t\t\t<div class=\"elementor-element elementor-element-a52a131 elementor-widget elementor-widget-heading\" data-id=\"a52a131\" data-element_type=\"widget\" data-e-type=\"widget\" data-widget_type=\"heading.default\">\n\t\t\t\t\t<h2 class=\"elementor-heading-title elementor-size-default\">Grundst\u00fccke in Ancud mit privilegiertem Blick auf das Meer<\/h2>\t\t\t\t<\/div>\n\t\t\t\t\t<\/div>\n\t\t\t\t<\/div>\n\t\t<div class=\"elementor-element elementor-element-41a7330 e-flex e-con-boxed e-con e-parent\" data-id=\"41a7330\" data-element_type=\"container\" data-e-type=\"container\" data-settings=\"{&quot;jet_parallax_layout_list&quot;:[]}\">\n\t\t\t\t\t<div class=\"e-con-inner\">\n\t\t\t\t<div class=\"elementor-element elementor-element-69537ea elementor-widget elementor-widget-text-editor\" data-id=\"69537ea\" data-element_type=\"widget\" data-e-type=\"widget\" data-widget_type=\"text-editor.default\">\n\t\t\t\t\t\t\t\t\t<p>Entdecken Sie die au\u00dfergew\u00f6hnliche Gelegenheit, die sich Ihnen mit diesen beiden verf\u00fcgbaren Grundst\u00fccken in Ancud bietet, die jeweils 5000 m\u00b2 gro\u00df sind und aneinander grenzen. Sie befinden sich im Sektor Faro Corona, der f\u00fcr seine atemberaubende Landschaft, seine wei\u00dfen Sandstr\u00e4nde und seine Wellen zum Surfen bekannt ist.<\/p><p>Diese beiden Grundst\u00fccke sind die ideale Wahl f\u00fcr diejenigen, die eine exklusive Lage mit wenigen Nachbarn suchen, ideal f\u00fcr einen Zweitwohnsitz oder ein touristisches Projekt. Der Zugang erfolgt direkt von einer asphaltierten Stra\u00dfe aus, gefolgt von einer kurzen Schneise, die zur Spitze eines H\u00fcgels f\u00fchrt, wo sich die beiden Grundst\u00fccke befinden.<\/p><p>Von dort aus kann man direkt zu einem Strand mit wei\u00dfem Sand und ruhigem Wasser hinuntersteigen, der zu Fu\u00df oder mit dem Auto leicht erreichbar ist. Nur einen kurzen Spaziergang entfernt k\u00f6nnen Meeres- und Wassersportler die ber\u00fchmte Surfwelle von Punta Corona genie\u00dfen, ein Juwel, wo man sogar in Begleitung von Delfinen surfen kann.<\/p><p>Die meist flache Topographie der Grundst\u00fccke mit einem leichten Gef\u00e4lle tr\u00e4gt zur Attraktivit\u00e4t der Landschaft bei und bietet eine vielseitige Leinwand f\u00fcr Projekte oder Traumh\u00e4user.<\/p><p>Der Strom, der unterirdisch zur Verf\u00fcgung steht, ist bereits gemessen, und es muss nur noch die Leitung zu jedem Grundst\u00fcck verlegt werden. Was die Wasserversorgung angeht, so gibt es l\u00e4ndliches Trinkwasser (Agua Potable Rural &#8211; APR) und Wasser aus einem Brunnen. Dar\u00fcber hinaus ist ein gutes Telekommunikationssignal gew\u00e4hrleistet.<\/p><p>Das Projekt ist mit einem Zaun aus Holz und Draht umgeben, der Sicherheit bietet und den Raum auf nat\u00fcrliche Weise abgrenzt.<\/p><p>Die reiche lokale Flora und Fauna beherbergt eine Vielzahl von Arten, die auf der Insel Chilo\u00e9 endemisch sind, was diesen Ort zu einem wahren Schatz macht.<\/p><p>Es liegt nur 28 Kilometer, etwa 30 Minuten mit dem Auto, von der charmanten Stadt Ancud und nur 1 Stunde und 15 Minuten vom Flughafen El Tepual entfernt.<\/p><p>Die Gegend um Faro Corona bietet eine atemberaubende nat\u00fcrliche Umgebung mit nahegelegenen Attraktionen wie der Halbinsel von Lacuy, Playa Chauman, den Str\u00e4nden von Fuerte und Ahui, Playa Guabun, Playa Rosaura, Playa Mar Brava, Pu\u00f1ihuil (Pinguineras), der malerischen Bucht von Quetalmahue und vielen anderen.<\/p><p>Sie k\u00f6nnen eine oder beide Parzellen zu einem Preis von $105.000.000 pro St\u00fcck, angesichts ihrer privilegierten Lage und der M\u00f6glichkeiten , die sie bieten, eine attraktive Investition darstellen. Dies ist ein einzigartiges Angebot f\u00fcr diejenigen, die ein St\u00fcck Paradies im sch\u00f6nen Chilo\u00e9 suchen.<\/p>\t\t\t\t\t\t\t\t<\/div>\n\t\t\t\t\t<\/div>\n\t\t\t\t<\/div>\n\t\t\t\t<\/div>\n\t\t","protected":false},"excerpt":{"rendered":"<p>Au\u00dfergew\u00f6hnliches Grundst\u00fcck von 5000m\u00b2 mit 360\u00b0 Meerblick in Faro Corona, Ancud. Ideal f\u00fcr Surfer, Zweitwohnungen und touristische Projekte. Asphaltierter Zugang und alle Dienstleistungen!<\/p>\n","protected":false},"featured_media":26024,"template":"","meta":{"_acf_changed":false},"product_brand":[],"product_cat":[104],"product_tag":[232,231],"regiones":[226],"ciudades":[212],"class_list":{"0":"post-26248","1":"product","2":"type-product","3":"status-publish","4":"has-post-thumbnail","6":"product_cat-ohiggins-los-lagos","7":"product_tag-grundstuecke","8":"product_tag-touristische-immobilien","9":"regiones-nuble-los_lagos","10":"ciudades-ancud","12":"first","13":"instock","14":"shipping-taxable","15":"purchasable","16":"product-type-simple"},"acf":[],"yoast_head":"<!-- This site is optimized with the Yoast SEO Premium plugin v26.0 (Yoast SEO v27.3) - https:\/\/yoast.com\/product\/yoast-seo-premium-wordpress\/ -->\n<title>Grundst\u00fccke Punta Corona - Chilo\u00e9 - Produncan<\/title>\n<meta name=\"description\" content=\"Grundst\u00fcck von 5000m\u00b2 mit 360\u00b0 Meerblick in Faro Corona, Ancud. Ideal f\u00fcr Surfer, Zweitwohnungen und touristische Projekte. Alle Dienstleistungen\" \/>\n<meta name=\"robots\" content=\"index, follow, max-snippet:-1, max-image-preview:large, max-video-preview:-1\" \/>\n<link rel=\"canonical\" href=\"https:\/\/produncan.cl\/de\/produkt\/grundstuecke-punta-corona-chiloe\/\" \/>\n<meta property=\"og:locale\" content=\"de_DE\" \/>\n<meta property=\"og:type\" content=\"article\" \/>\n<meta property=\"og:title\" content=\"Grundst\u00fccke Punta Corona - Chilo\u00e9\" \/>\n<meta property=\"og:description\" content=\"Grundst\u00fcck von 5000m\u00b2 mit 360\u00b0 Meerblick in Faro Corona, Ancud. Ideal f\u00fcr Surfer, Zweitwohnungen und touristische Projekte. Alle Dienstleistungen\" \/>\n<meta property=\"og:url\" content=\"https:\/\/produncan.cl\/de\/produkt\/grundstuecke-punta-corona-chiloe\/\" \/>\n<meta property=\"og:site_name\" content=\"Produncan\" \/>\n<meta property=\"article:publisher\" content=\"https:\/\/web.facebook.com\/produncanland\" \/>\n<meta property=\"article:modified_time\" content=\"2025-12-15T21:34:03+00:00\" \/>\n<meta property=\"og:image\" content=\"https:\/\/produncan.cl\/wp-content\/uploads\/2024\/01\/Parcelas-Punta-Corona-en-venta-Chiloe.webp\" \/>\n<meta name=\"twitter:card\" content=\"summary_large_image\" \/>\n<meta name=\"twitter:label1\" content=\"Price\" \/>\n\t<meta name=\"twitter:data1\" content=\"USD114.200,00\" \/>\n\t<meta name=\"twitter:label2\" content=\"Availability\" \/>\n\t<meta name=\"twitter:data2\" content=\"In stock\" \/>\n<script type=\"application\/ld+json\" class=\"yoast-schema-graph\">{\"@context\":\"https:\\\/\\\/schema.org\",\"@graph\":[{\"@type\":\"WebPage\",\"@id\":\"https:\\\/\\\/produncan.cl\\\/de\\\/produkt\\\/grundstuecke-punta-corona-chiloe\\\/\",\"url\":\"https:\\\/\\\/produncan.cl\\\/de\\\/produkt\\\/grundstuecke-punta-corona-chiloe\\\/\",\"name\":\"Grundst\u00fccke Punta Corona - Chilo\u00e9 - Produncan\",\"isPartOf\":{\"@id\":\"https:\\\/\\\/produncan.cl\\\/de\\\/#website\"},\"primaryImageOfPage\":{\"@id\":\"https:\\\/\\\/produncan.cl\\\/de\\\/produkt\\\/grundstuecke-punta-corona-chiloe\\\/#primaryimage\"},\"image\":{\"@id\":\"https:\\\/\\\/produncan.cl\\\/de\\\/produkt\\\/grundstuecke-punta-corona-chiloe\\\/#primaryimage\"},\"thumbnailUrl\":\"https:\\\/\\\/produncan.cl\\\/wp-content\\\/uploads\\\/2024\\\/01\\\/Parcelas-Punta-Corona-en-venta-Chiloe.webp\",\"datePublished\":\"2024-05-09T21:58:32+00:00\",\"dateModified\":\"2025-12-15T21:34:03+00:00\",\"description\":\"Grundst\u00fcck von 5000m\u00b2 mit 360\u00b0 Meerblick in Faro Corona, Ancud. Ideal f\u00fcr Surfer, Zweitwohnungen und touristische Projekte. Alle Dienstleistungen\",\"breadcrumb\":{\"@id\":\"https:\\\/\\\/produncan.cl\\\/de\\\/produkt\\\/grundstuecke-punta-corona-chiloe\\\/#breadcrumb\"},\"inLanguage\":\"de-DE\",\"potentialAction\":[{\"@type\":\"ReadAction\",\"target\":[\"https:\\\/\\\/produncan.cl\\\/de\\\/produkt\\\/grundstuecke-punta-corona-chiloe\\\/\"]}]},{\"@type\":\"ImageObject\",\"inLanguage\":\"de-DE\",\"@id\":\"https:\\\/\\\/produncan.cl\\\/de\\\/produkt\\\/grundstuecke-punta-corona-chiloe\\\/#primaryimage\",\"url\":\"https:\\\/\\\/produncan.cl\\\/wp-content\\\/uploads\\\/2024\\\/01\\\/Parcelas-Punta-Corona-en-venta-Chiloe.webp\",\"contentUrl\":\"https:\\\/\\\/produncan.cl\\\/wp-content\\\/uploads\\\/2024\\\/01\\\/Parcelas-Punta-Corona-en-venta-Chiloe.webp\",\"width\":600,\"height\":450,\"caption\":\"Parcelas Punta Corona kaufen Chiloe\"},{\"@type\":\"BreadcrumbList\",\"@id\":\"https:\\\/\\\/produncan.cl\\\/de\\\/produkt\\\/grundstuecke-punta-corona-chiloe\\\/#breadcrumb\",\"itemListElement\":[{\"@type\":\"ListItem\",\"position\":1,\"name\":\"Inicio\",\"item\":\"https:\\\/\\\/produncan.cl\\\/de\\\/\"},{\"@type\":\"ListItem\",\"position\":2,\"name\":\"Eigenschaften\",\"item\":\"https:\\\/\\\/produncan.cl\\\/propiedades\\\/\"},{\"@type\":\"ListItem\",\"position\":3,\"name\":\"Grundst\u00fccke\",\"item\":\"https:\\\/\\\/produncan.cl\\\/de\\\/kategorie\\\/grundstuecke\\\/\"},{\"@type\":\"ListItem\",\"position\":4,\"name\":\"Grundst\u00fccke Punta Corona &#8211; Chilo\u00e9\"}]},{\"@type\":\"WebSite\",\"@id\":\"https:\\\/\\\/produncan.cl\\\/de\\\/#website\",\"url\":\"https:\\\/\\\/produncan.cl\\\/de\\\/\",\"name\":\"Produncan\",\"description\":\"Wir begleiten Sie bei Ihrem Lebensprojekt!\",\"publisher\":{\"@id\":\"https:\\\/\\\/produncan.cl\\\/de\\\/#organization\"},\"potentialAction\":[{\"@type\":\"SearchAction\",\"target\":{\"@type\":\"EntryPoint\",\"urlTemplate\":\"https:\\\/\\\/produncan.cl\\\/de\\\/?s={search_term_string}\"},\"query-input\":{\"@type\":\"PropertyValueSpecification\",\"valueRequired\":true,\"valueName\":\"search_term_string\"}}],\"inLanguage\":\"de-DE\"},{\"@type\":\"Organization\",\"@id\":\"https:\\\/\\\/produncan.cl\\\/de\\\/#organization\",\"name\":\"Produncan\",\"url\":\"https:\\\/\\\/produncan.cl\\\/de\\\/\",\"logo\":{\"@type\":\"ImageObject\",\"inLanguage\":\"de-DE\",\"@id\":\"https:\\\/\\\/produncan.cl\\\/de\\\/#\\\/schema\\\/logo\\\/image\\\/\",\"url\":\"https:\\\/\\\/produncan.cl\\\/wp-content\\\/uploads\\\/2021\\\/03\\\/LOGO.jpeg\",\"contentUrl\":\"https:\\\/\\\/produncan.cl\\\/wp-content\\\/uploads\\\/2021\\\/03\\\/LOGO.jpeg\",\"width\":1280,\"height\":903,\"caption\":\"Produncan\"},\"image\":{\"@id\":\"https:\\\/\\\/produncan.cl\\\/de\\\/#\\\/schema\\\/logo\\\/image\\\/\"},\"sameAs\":[\"https:\\\/\\\/web.facebook.com\\\/produncanland\",\"https:\\\/\\\/www.instagram.com\\\/pro_duncan\\\/\",\"https:\\\/\\\/www.linkedin.com\\\/company\\\/produncan-lands\\\/\",\"https:\\\/\\\/www.youtube.com\\\/channel\\\/UCu7N-f3x0svkazD-Eew1-QQ\"],\"description\":\"En Produncan somos especialistas en la venta de terrenos en el sur de Chile. Proveemos estancias, campos, parcelas y hoteles.\",\"email\":\"info@produncan.cl\"}]}<\/script>\n<meta property=\"og:video\" content=\"https:\/\/www.youtube.com\/embed\/TNDd402zc5I\" \/>\n<meta property=\"og:video:type\" content=\"text\/html\" \/>\n<meta property=\"og:video:duration\" content=\"65\" \/>\n<meta property=\"og:video:width\" content=\"480\" \/>\n<meta property=\"og:video:height\" content=\"360\" \/>\n<meta property=\"ya:ovs:adult\" content=\"false\" \/>\n<meta property=\"ya:ovs:upload_date\" content=\"2024-05-09T21:58:32+00:00\" \/>\n<meta property=\"ya:ovs:allow_embed\" content=\"true\" \/>\n<meta property=\"product:price:amount\" content=\"114200.00\" \/>\n<meta property=\"product:price:currency\" content=\"USD\" \/>\n<meta property=\"og:availability\" content=\"instock\" \/>\n<meta property=\"product:availability\" content=\"instock\" \/>\n<meta property=\"product:condition\" content=\"new\" \/>\n<!-- \/ Yoast SEO Premium plugin. -->","yoast_head_json":{"title":"Grundst\u00fccke Punta Corona - Chilo\u00e9 - Produncan","description":"Grundst\u00fcck von 5000m\u00b2 mit 360\u00b0 Meerblick in Faro Corona, Ancud. Ideal f\u00fcr Surfer, Zweitwohnungen und touristische Projekte. Alle Dienstleistungen","robots":{"index":"index","follow":"follow","max-snippet":"max-snippet:-1","max-image-preview":"max-image-preview:large","max-video-preview":"max-video-preview:-1"},"canonical":"https:\/\/produncan.cl\/de\/produkt\/grundstuecke-punta-corona-chiloe\/","og_locale":"de_DE","og_type":"article","og_title":"Grundst\u00fccke Punta Corona - Chilo\u00e9","og_description":"Grundst\u00fcck von 5000m\u00b2 mit 360\u00b0 Meerblick in Faro Corona, Ancud. Ideal f\u00fcr Surfer, Zweitwohnungen und touristische Projekte. Alle Dienstleistungen","og_url":"https:\/\/produncan.cl\/de\/produkt\/grundstuecke-punta-corona-chiloe\/","og_site_name":"Produncan","article_publisher":"https:\/\/web.facebook.com\/produncanland","article_modified_time":"2025-12-15T21:34:03+00:00","og_image":[{"url":"https:\/\/produncan.cl\/wp-content\/uploads\/2024\/01\/Parcelas-Punta-Corona-en-venta-Chiloe.webp","type":"","width":"","height":""}],"twitter_card":"summary_large_image","twitter_misc":{"Price":"USD114.200,00","Availability":"In stock"},"schema":{"@context":"https:\/\/schema.org","@graph":[{"@type":"WebPage","@id":"https:\/\/produncan.cl\/de\/produkt\/grundstuecke-punta-corona-chiloe\/","url":"https:\/\/produncan.cl\/de\/produkt\/grundstuecke-punta-corona-chiloe\/","name":"Grundst\u00fccke Punta Corona - Chilo\u00e9 - Produncan","isPartOf":{"@id":"https:\/\/produncan.cl\/de\/#website"},"primaryImageOfPage":{"@id":"https:\/\/produncan.cl\/de\/produkt\/grundstuecke-punta-corona-chiloe\/#primaryimage"},"image":{"@id":"https:\/\/produncan.cl\/de\/produkt\/grundstuecke-punta-corona-chiloe\/#primaryimage"},"thumbnailUrl":"https:\/\/produncan.cl\/wp-content\/uploads\/2024\/01\/Parcelas-Punta-Corona-en-venta-Chiloe.webp","datePublished":"2024-05-09T21:58:32+00:00","dateModified":"2025-12-15T21:34:03+00:00","description":"Grundst\u00fcck von 5000m\u00b2 mit 360\u00b0 Meerblick in Faro Corona, Ancud. Ideal f\u00fcr Surfer, Zweitwohnungen und touristische Projekte. Alle Dienstleistungen","breadcrumb":{"@id":"https:\/\/produncan.cl\/de\/produkt\/grundstuecke-punta-corona-chiloe\/#breadcrumb"},"inLanguage":"de-DE","potentialAction":[{"@type":"ReadAction","target":["https:\/\/produncan.cl\/de\/produkt\/grundstuecke-punta-corona-chiloe\/"]}]},{"@type":"ImageObject","inLanguage":"de-DE","@id":"https:\/\/produncan.cl\/de\/produkt\/grundstuecke-punta-corona-chiloe\/#primaryimage","url":"https:\/\/produncan.cl\/wp-content\/uploads\/2024\/01\/Parcelas-Punta-Corona-en-venta-Chiloe.webp","contentUrl":"https:\/\/produncan.cl\/wp-content\/uploads\/2024\/01\/Parcelas-Punta-Corona-en-venta-Chiloe.webp","width":600,"height":450,"caption":"Parcelas Punta Corona kaufen Chiloe"},{"@type":"BreadcrumbList","@id":"https:\/\/produncan.cl\/de\/produkt\/grundstuecke-punta-corona-chiloe\/#breadcrumb","itemListElement":[{"@type":"ListItem","position":1,"name":"Inicio","item":"https:\/\/produncan.cl\/de\/"},{"@type":"ListItem","position":2,"name":"Eigenschaften","item":"https:\/\/produncan.cl\/propiedades\/"},{"@type":"ListItem","position":3,"name":"Grundst\u00fccke","item":"https:\/\/produncan.cl\/de\/kategorie\/grundstuecke\/"},{"@type":"ListItem","position":4,"name":"Grundst\u00fccke Punta Corona &#8211; Chilo\u00e9"}]},{"@type":"WebSite","@id":"https:\/\/produncan.cl\/de\/#website","url":"https:\/\/produncan.cl\/de\/","name":"Produncan","description":"Wir begleiten Sie bei Ihrem Lebensprojekt!","publisher":{"@id":"https:\/\/produncan.cl\/de\/#organization"},"potentialAction":[{"@type":"SearchAction","target":{"@type":"EntryPoint","urlTemplate":"https:\/\/produncan.cl\/de\/?s={search_term_string}"},"query-input":{"@type":"PropertyValueSpecification","valueRequired":true,"valueName":"search_term_string"}}],"inLanguage":"de-DE"},{"@type":"Organization","@id":"https:\/\/produncan.cl\/de\/#organization","name":"Produncan","url":"https:\/\/produncan.cl\/de\/","logo":{"@type":"ImageObject","inLanguage":"de-DE","@id":"https:\/\/produncan.cl\/de\/#\/schema\/logo\/image\/","url":"https:\/\/produncan.cl\/wp-content\/uploads\/2021\/03\/LOGO.jpeg","contentUrl":"https:\/\/produncan.cl\/wp-content\/uploads\/2021\/03\/LOGO.jpeg","width":1280,"height":903,"caption":"Produncan"},"image":{"@id":"https:\/\/produncan.cl\/de\/#\/schema\/logo\/image\/"},"sameAs":["https:\/\/web.facebook.com\/produncanland","https:\/\/www.instagram.com\/pro_duncan\/","https:\/\/www.linkedin.com\/company\/produncan-lands\/","https:\/\/www.youtube.com\/channel\/UCu7N-f3x0svkazD-Eew1-QQ"],"description":"En Produncan somos especialistas en la venta de terrenos en el sur de Chile. Proveemos estancias, campos, parcelas y hoteles.","email":"info@produncan.cl"}]},"og_video":"https:\/\/www.youtube.com\/embed\/TNDd402zc5I","og_video_type":"text\/html","og_video_duration":"65","og_video_width":"480","og_video_height":"360","ya_ovs_adult":"false","ya_ovs_upload_date":"2024-05-09T21:58:32+00:00","ya_ovs_allow_embed":"true","product_price_amount":"114200.00","product_price_currency":"USD","og_availability":"instock","product_availability":"instock","product_condition":"new"},"_links":{"self":[{"href":"https:\/\/produncan.cl\/de\/wp-json\/wp\/v2\/product\/26248","targetHints":{"allow":["GET"]}}],"collection":[{"href":"https:\/\/produncan.cl\/de\/wp-json\/wp\/v2\/product"}],"about":[{"href":"https:\/\/produncan.cl\/de\/wp-json\/wp\/v2\/types\/product"}],"version-history":[{"count":2,"href":"https:\/\/produncan.cl\/de\/wp-json\/wp\/v2\/product\/26248\/revisions"}],"predecessor-version":[{"id":53114,"href":"https:\/\/produncan.cl\/de\/wp-json\/wp\/v2\/product\/26248\/revisions\/53114"}],"wp:featuredmedia":[{"embeddable":true,"href":"https:\/\/produncan.cl\/de\/wp-json\/wp\/v2\/media\/26024"}],"wp:attachment":[{"href":"https:\/\/produncan.cl\/de\/wp-json\/wp\/v2\/media?parent=26248"}],"wp:term":[{"taxonomy":"product_brand","embeddable":true,"href":"https:\/\/produncan.cl\/de\/wp-json\/wp\/v2\/product_brand?post=26248"},{"taxonomy":"product_cat","embeddable":true,"href":"https:\/\/produncan.cl\/de\/wp-json\/wp\/v2\/product_cat?post=26248"},{"taxonomy":"product_tag","embeddable":true,"href":"https:\/\/produncan.cl\/de\/wp-json\/wp\/v2\/product_tag?post=26248"},{"taxonomy":"regiones","embeddable":true,"href":"https:\/\/produncan.cl\/de\/wp-json\/wp\/v2\/regiones?post=26248"},{"taxonomy":"ciudades","embeddable":true,"href":"https:\/\/produncan.cl\/de\/wp-json\/wp\/v2\/ciudades?post=26248"}],"curies":[{"name":"wp","href":"https:\/\/api.w.org\/{rel}","templated":true}]}}