{"id":28022,"date":"2024-01-30T16:48:17","date_gmt":"2024-01-30T19:48:17","guid":{"rendered":"https:\/\/produncan.cl\/producto\/grundstueck-mit-huette-puerto-varas-region-los-lagos\/"},"modified":"2026-03-12T13:01:42","modified_gmt":"2026-03-12T16:01:42","slug":"grundstueck-mit-huette-puerto-varas-region-los-lagos","status":"publish","type":"product","link":"https:\/\/produncan.cl\/de\/produkt\/grundstueck-mit-huette-puerto-varas-region-los-lagos\/","title":{"rendered":"Grundst\u00fcck mit H\u00fctte &#8211; Puerto Varas, Region Los Lagos"},"content":{"rendered":"\t\t<div data-elementor-type=\"product-post\" data-elementor-id=\"28022\" class=\"elementor elementor-28022 elementor-26391\" data-elementor-post-type=\"product\">\n\t\t\t\t<div class=\"elementor-element elementor-element-7336465 e-flex e-con-boxed e-con e-parent\" data-id=\"7336465\" data-element_type=\"container\" data-e-type=\"container\" data-settings=\"{&quot;jet_parallax_layout_list&quot;:[]}\">\n\t\t\t\t\t<div class=\"e-con-inner\">\n\t\t\t\t<div class=\"elementor-element elementor-element-345c1d8 elementor-widget elementor-widget-heading\" data-id=\"345c1d8\" data-element_type=\"widget\" data-e-type=\"widget\" data-widget_type=\"heading.default\">\n\t\t\t\t\t<h2 class=\"elementor-heading-title elementor-size-default\">Grundst\u00fcck mit H\u00fctte nur 15 Minuten von Puerto Varas entfernt<\/h2>\t\t\t\t<\/div>\n\t\t\t\t\t<\/div>\n\t\t\t\t<\/div>\n\t\t<div class=\"elementor-element elementor-element-2a241fc e-flex e-con-boxed e-con e-parent\" data-id=\"2a241fc\" data-element_type=\"container\" data-e-type=\"container\" data-settings=\"{&quot;jet_parallax_layout_list&quot;:[]}\">\n\t\t\t\t\t<div class=\"e-con-inner\">\n\t\t\t\t<div class=\"elementor-element elementor-element-84eda1f elementor-widget elementor-widget-text-editor\" data-id=\"84eda1f\" data-element_type=\"widget\" data-e-type=\"widget\" data-widget_type=\"text-editor.default\">\n\t\t\t\t\t\t\t\t\t<p>Wenn Sie auf der Suche nach einem Grundst\u00fcck mit einer neuen H\u00fctte, Blick auf den Vulkan und nur 15 Minuten von Puerto Varas entfernt sind, ist dies Ihre Chance!<\/p>\n<p>Wir laden Sie ein, dieses sch\u00f6ne 5000 m\u00b2 gro\u00dfe Grundst\u00fcck zu erkunden, das \u00fcber eine asphaltierte Stra\u00dfe leicht zu erreichen ist und nur 15 Minuten von Puerto Varas und 5 Minuten vom Niklitschek-Strand am Llanquihue-See entfernt liegt.<\/p>\n<p>Auf dem Grundst\u00fcck befindet sich ein charmantes H\u00e4uschen von 45 m\u00b2 mit einem Schlafzimmer, einem Badezimmer, einer offenen, m\u00f6blierten K\u00fcche, einem gem\u00fctlichen Wohnzimmer mit Kamin und einer Bodega f\u00fcr W\u00e4sche und Lagerung an der Seite. Das Haus wurde mit hochwertigen Materialien gebaut und wurde nur w\u00e4hrend der Bauzeit genutzt.<\/p>\n<p>Das Grundst\u00fcck hat einen Wasseranschluss, ist vollst\u00e4ndig eingez\u00e4unt und der Strommast verl\u00e4uft direkt vor dem Grundst\u00fcck. Es besteht haupts\u00e4chlich aus Wiesen mit einigen einheimischen B\u00e4umen und hat eine sanft gerundete Erhebung, die einen sch\u00f6nen Blick auf die Vulkane Calbuco und Osorno bietet.<\/p>\n<p>Das Grundst\u00fcck ist strategisch g\u00fcnstig gelegen, so dass die beeindruckendsten Orte des Sektors Llanquihue wie der Vulkan Calbuco, Ensenada, Todos los Santos und Ral\u00fan leicht zu erreichen sind. \u00dcber eine asphaltierte Stra\u00dfe sind auch Puerto Montt und die Carretera Austral bequem zu erreichen.<\/p>\n<p>Z\u00f6gern Sie nicht, uns f\u00fcr weitere Informationen \u00fcber diese Immobilie zu kontaktieren.<\/p>\n\t\t\t\t\t\t\t\t<\/div>\n\t\t\t\t\t<\/div>\n\t\t\t\t<\/div>\n\t\t\t\t<\/div>\n\t\t","protected":false},"excerpt":{"rendered":"<p>Grundst\u00fcck von 5000m\u00b2 mit 45m\u00b2 H\u00fctte 15 Minuten von Puerto Varas entfernt. Blick auf Vulkane, asphaltierte Zufahrt, 5 min von Playa Niklitschek entfernt. Wasser, eingez\u00e4unt, Strom. Strategische Lage zur Erkundung von Llanquihue.<\/p>\n","protected":false},"featured_media":54532,"template":"","meta":{"_acf_changed":false},"product_brand":[],"product_cat":[104],"product_tag":[232,231],"regiones":[226],"ciudades":[218,219],"class_list":{"0":"post-28022","1":"product","2":"type-product","3":"status-publish","4":"has-post-thumbnail","6":"product_cat-ohiggins-los-lagos","7":"product_tag-grundstuecke","8":"product_tag-touristische-immobilien","9":"regiones-nuble-los_lagos","10":"ciudades-puerto-montt","11":"ciudades-puerto-varas","13":"first","14":"outofstock","15":"shipping-taxable","16":"product-type-simple"},"acf":[],"yoast_head":"<!-- This site is optimized with the Yoast SEO Premium plugin v26.0 (Yoast SEO v27.3) - https:\/\/yoast.com\/product\/yoast-seo-premium-wordpress\/ -->\n<title>Grundst\u00fcck mit H\u00fctte - Puerto Varas, Region Los Lagos - Produncan<\/title>\n<meta name=\"description\" content=\"Grundst\u00fcck von 5000m\u00b2 mit 45m\u00b2 H\u00fctte 15 Minuten von Puerto Varas entfernt. Blick auf Vulkane, asphaltierte Zufahrt, 5 min von Playa Niklitschek entfernt.\" \/>\n<meta name=\"robots\" content=\"index, follow, max-snippet:-1, max-image-preview:large, max-video-preview:-1\" \/>\n<link rel=\"canonical\" href=\"https:\/\/produncan.cl\/de\/produkt\/grundstueck-mit-huette-puerto-varas-region-los-lagos\/\" \/>\n<meta property=\"og:locale\" content=\"de_DE\" \/>\n<meta property=\"og:type\" content=\"article\" \/>\n<meta property=\"og:title\" content=\"Grundst\u00fcck mit H\u00fctte - Puerto Varas, Region Los Lagos\" \/>\n<meta property=\"og:description\" content=\"Grundst\u00fcck von 5000m\u00b2 mit 45m\u00b2 H\u00fctte 15 Minuten von Puerto Varas entfernt. Blick auf Vulkane, asphaltierte Zufahrt, 5 min von Playa Niklitschek entfernt.\" \/>\n<meta property=\"og:url\" content=\"https:\/\/produncan.cl\/de\/produkt\/grundstueck-mit-huette-puerto-varas-region-los-lagos\/\" \/>\n<meta property=\"og:site_name\" content=\"Produncan\" \/>\n<meta property=\"article:publisher\" content=\"https:\/\/web.facebook.com\/produncanland\" \/>\n<meta property=\"article:modified_time\" content=\"2026-03-12T16:01:42+00:00\" \/>\n<meta property=\"og:image\" content=\"https:\/\/produncan.cl\/wp-content\/uploads\/2024\/01\/CABANA.webp\" \/>\n<meta name=\"twitter:card\" content=\"summary_large_image\" \/>\n<meta name=\"twitter:label1\" content=\"Price\" \/>\n\t<meta name=\"twitter:data1\" content=\"\" \/>\n\t<meta name=\"twitter:label2\" content=\"Availability\" \/>\n\t<meta name=\"twitter:data2\" content=\"Out of stock\" \/>\n<script type=\"application\/ld+json\" class=\"yoast-schema-graph\">{\"@context\":\"https:\\\/\\\/schema.org\",\"@graph\":[{\"@type\":\"WebPage\",\"@id\":\"https:\\\/\\\/produncan.cl\\\/de\\\/produkt\\\/grundstueck-mit-huette-puerto-varas-region-los-lagos\\\/\",\"url\":\"https:\\\/\\\/produncan.cl\\\/de\\\/produkt\\\/grundstueck-mit-huette-puerto-varas-region-los-lagos\\\/\",\"name\":\"Grundst\u00fcck mit H\u00fctte - Puerto Varas, Region Los Lagos - Produncan\",\"isPartOf\":{\"@id\":\"https:\\\/\\\/produncan.cl\\\/de\\\/#website\"},\"primaryImageOfPage\":{\"@id\":\"https:\\\/\\\/produncan.cl\\\/de\\\/produkt\\\/grundstueck-mit-huette-puerto-varas-region-los-lagos\\\/#primaryimage\"},\"image\":{\"@id\":\"https:\\\/\\\/produncan.cl\\\/de\\\/produkt\\\/grundstueck-mit-huette-puerto-varas-region-los-lagos\\\/#primaryimage\"},\"thumbnailUrl\":\"https:\\\/\\\/produncan.cl\\\/wp-content\\\/uploads\\\/2024\\\/01\\\/Parcela-Cabana-Santa-Ana-Vendido.webp\",\"datePublished\":\"2024-01-30T19:48:17+00:00\",\"dateModified\":\"2026-03-12T16:01:42+00:00\",\"description\":\"Grundst\u00fcck von 5000m\u00b2 mit 45m\u00b2 H\u00fctte 15 Minuten von Puerto Varas entfernt. Blick auf Vulkane, asphaltierte Zufahrt, 5 min von Playa Niklitschek entfernt.\",\"breadcrumb\":{\"@id\":\"https:\\\/\\\/produncan.cl\\\/de\\\/produkt\\\/grundstueck-mit-huette-puerto-varas-region-los-lagos\\\/#breadcrumb\"},\"inLanguage\":\"de-DE\",\"potentialAction\":[{\"@type\":\"ReadAction\",\"target\":[\"https:\\\/\\\/produncan.cl\\\/de\\\/produkt\\\/grundstueck-mit-huette-puerto-varas-region-los-lagos\\\/\"]}]},{\"@type\":\"ImageObject\",\"inLanguage\":\"de-DE\",\"@id\":\"https:\\\/\\\/produncan.cl\\\/de\\\/produkt\\\/grundstueck-mit-huette-puerto-varas-region-los-lagos\\\/#primaryimage\",\"url\":\"https:\\\/\\\/produncan.cl\\\/wp-content\\\/uploads\\\/2024\\\/01\\\/Parcela-Cabana-Santa-Ana-Vendido.webp\",\"contentUrl\":\"https:\\\/\\\/produncan.cl\\\/wp-content\\\/uploads\\\/2024\\\/01\\\/Parcela-Cabana-Santa-Ana-Vendido.webp\",\"width\":600,\"height\":450,\"caption\":\"Parcela Caba\u00f1a Santa Ana Vendido\"},{\"@type\":\"BreadcrumbList\",\"@id\":\"https:\\\/\\\/produncan.cl\\\/de\\\/produkt\\\/grundstueck-mit-huette-puerto-varas-region-los-lagos\\\/#breadcrumb\",\"itemListElement\":[{\"@type\":\"ListItem\",\"position\":1,\"name\":\"Inicio\",\"item\":\"https:\\\/\\\/produncan.cl\\\/de\\\/\"},{\"@type\":\"ListItem\",\"position\":2,\"name\":\"Eigenschaften\",\"item\":\"https:\\\/\\\/produncan.cl\\\/propiedades\\\/\"},{\"@type\":\"ListItem\",\"position\":3,\"name\":\"Grundst\u00fccke\",\"item\":\"https:\\\/\\\/produncan.cl\\\/de\\\/kategorie\\\/grundstuecke\\\/\"},{\"@type\":\"ListItem\",\"position\":4,\"name\":\"Grundst\u00fcck mit H\u00fctte &#8211; Puerto Varas, Region Los Lagos\"}]},{\"@type\":\"WebSite\",\"@id\":\"https:\\\/\\\/produncan.cl\\\/de\\\/#website\",\"url\":\"https:\\\/\\\/produncan.cl\\\/de\\\/\",\"name\":\"Produncan\",\"description\":\"Wir begleiten Sie bei Ihrem Lebensprojekt!\",\"publisher\":{\"@id\":\"https:\\\/\\\/produncan.cl\\\/de\\\/#organization\"},\"potentialAction\":[{\"@type\":\"SearchAction\",\"target\":{\"@type\":\"EntryPoint\",\"urlTemplate\":\"https:\\\/\\\/produncan.cl\\\/de\\\/?s={search_term_string}\"},\"query-input\":{\"@type\":\"PropertyValueSpecification\",\"valueRequired\":true,\"valueName\":\"search_term_string\"}}],\"inLanguage\":\"de-DE\"},{\"@type\":\"Organization\",\"@id\":\"https:\\\/\\\/produncan.cl\\\/de\\\/#organization\",\"name\":\"Produncan\",\"url\":\"https:\\\/\\\/produncan.cl\\\/de\\\/\",\"logo\":{\"@type\":\"ImageObject\",\"inLanguage\":\"de-DE\",\"@id\":\"https:\\\/\\\/produncan.cl\\\/de\\\/#\\\/schema\\\/logo\\\/image\\\/\",\"url\":\"https:\\\/\\\/produncan.cl\\\/wp-content\\\/uploads\\\/2021\\\/03\\\/LOGO.jpeg\",\"contentUrl\":\"https:\\\/\\\/produncan.cl\\\/wp-content\\\/uploads\\\/2021\\\/03\\\/LOGO.jpeg\",\"width\":1280,\"height\":903,\"caption\":\"Produncan\"},\"image\":{\"@id\":\"https:\\\/\\\/produncan.cl\\\/de\\\/#\\\/schema\\\/logo\\\/image\\\/\"},\"sameAs\":[\"https:\\\/\\\/web.facebook.com\\\/produncanland\",\"https:\\\/\\\/www.instagram.com\\\/pro_duncan\\\/\",\"https:\\\/\\\/www.linkedin.com\\\/company\\\/produncan-lands\\\/\",\"https:\\\/\\\/www.youtube.com\\\/channel\\\/UCu7N-f3x0svkazD-Eew1-QQ\"],\"description\":\"En Produncan somos especialistas en la venta de terrenos en el sur de Chile. Proveemos estancias, campos, parcelas y hoteles.\",\"email\":\"info@produncan.cl\"}]}<\/script>\n<meta property=\"og:video\" content=\"https:\/\/www.youtube.com\/embed\/FK9CmNQECQU\" \/>\n<meta property=\"og:video:type\" content=\"text\/html\" \/>\n<meta property=\"og:video:duration\" content=\"61\" \/>\n<meta property=\"og:video:width\" content=\"480\" \/>\n<meta property=\"og:video:height\" content=\"360\" \/>\n<meta property=\"ya:ovs:adult\" content=\"false\" \/>\n<meta property=\"ya:ovs:upload_date\" content=\"2024-01-30T19:48:17+00:00\" \/>\n<meta property=\"ya:ovs:allow_embed\" content=\"true\" \/>\n<meta property=\"product:price:currency\" content=\"USD\" \/>\n<meta property=\"og:availability\" content=\"out of stock\" \/>\n<meta property=\"product:availability\" content=\"out of stock\" \/>\n<meta property=\"product:condition\" content=\"new\" \/>\n<!-- \/ Yoast SEO Premium plugin. -->","yoast_head_json":{"title":"Grundst\u00fcck mit H\u00fctte - Puerto Varas, Region Los Lagos - Produncan","description":"Grundst\u00fcck von 5000m\u00b2 mit 45m\u00b2 H\u00fctte 15 Minuten von Puerto Varas entfernt. Blick auf Vulkane, asphaltierte Zufahrt, 5 min von Playa Niklitschek entfernt.","robots":{"index":"index","follow":"follow","max-snippet":"max-snippet:-1","max-image-preview":"max-image-preview:large","max-video-preview":"max-video-preview:-1"},"canonical":"https:\/\/produncan.cl\/de\/produkt\/grundstueck-mit-huette-puerto-varas-region-los-lagos\/","og_locale":"de_DE","og_type":"article","og_title":"Grundst\u00fcck mit H\u00fctte - Puerto Varas, Region Los Lagos","og_description":"Grundst\u00fcck von 5000m\u00b2 mit 45m\u00b2 H\u00fctte 15 Minuten von Puerto Varas entfernt. Blick auf Vulkane, asphaltierte Zufahrt, 5 min von Playa Niklitschek entfernt.","og_url":"https:\/\/produncan.cl\/de\/produkt\/grundstueck-mit-huette-puerto-varas-region-los-lagos\/","og_site_name":"Produncan","article_publisher":"https:\/\/web.facebook.com\/produncanland","article_modified_time":"2026-03-12T16:01:42+00:00","og_image":[{"url":"https:\/\/produncan.cl\/wp-content\/uploads\/2024\/01\/CABANA.webp","type":"","width":"","height":""}],"twitter_card":"summary_large_image","twitter_misc":{"Price":"","Availability":"Out of stock"},"schema":{"@context":"https:\/\/schema.org","@graph":[{"@type":"WebPage","@id":"https:\/\/produncan.cl\/de\/produkt\/grundstueck-mit-huette-puerto-varas-region-los-lagos\/","url":"https:\/\/produncan.cl\/de\/produkt\/grundstueck-mit-huette-puerto-varas-region-los-lagos\/","name":"Grundst\u00fcck mit H\u00fctte - Puerto Varas, Region Los Lagos - Produncan","isPartOf":{"@id":"https:\/\/produncan.cl\/de\/#website"},"primaryImageOfPage":{"@id":"https:\/\/produncan.cl\/de\/produkt\/grundstueck-mit-huette-puerto-varas-region-los-lagos\/#primaryimage"},"image":{"@id":"https:\/\/produncan.cl\/de\/produkt\/grundstueck-mit-huette-puerto-varas-region-los-lagos\/#primaryimage"},"thumbnailUrl":"https:\/\/produncan.cl\/wp-content\/uploads\/2024\/01\/Parcela-Cabana-Santa-Ana-Vendido.webp","datePublished":"2024-01-30T19:48:17+00:00","dateModified":"2026-03-12T16:01:42+00:00","description":"Grundst\u00fcck von 5000m\u00b2 mit 45m\u00b2 H\u00fctte 15 Minuten von Puerto Varas entfernt. Blick auf Vulkane, asphaltierte Zufahrt, 5 min von Playa Niklitschek entfernt.","breadcrumb":{"@id":"https:\/\/produncan.cl\/de\/produkt\/grundstueck-mit-huette-puerto-varas-region-los-lagos\/#breadcrumb"},"inLanguage":"de-DE","potentialAction":[{"@type":"ReadAction","target":["https:\/\/produncan.cl\/de\/produkt\/grundstueck-mit-huette-puerto-varas-region-los-lagos\/"]}]},{"@type":"ImageObject","inLanguage":"de-DE","@id":"https:\/\/produncan.cl\/de\/produkt\/grundstueck-mit-huette-puerto-varas-region-los-lagos\/#primaryimage","url":"https:\/\/produncan.cl\/wp-content\/uploads\/2024\/01\/Parcela-Cabana-Santa-Ana-Vendido.webp","contentUrl":"https:\/\/produncan.cl\/wp-content\/uploads\/2024\/01\/Parcela-Cabana-Santa-Ana-Vendido.webp","width":600,"height":450,"caption":"Parcela Caba\u00f1a Santa Ana Vendido"},{"@type":"BreadcrumbList","@id":"https:\/\/produncan.cl\/de\/produkt\/grundstueck-mit-huette-puerto-varas-region-los-lagos\/#breadcrumb","itemListElement":[{"@type":"ListItem","position":1,"name":"Inicio","item":"https:\/\/produncan.cl\/de\/"},{"@type":"ListItem","position":2,"name":"Eigenschaften","item":"https:\/\/produncan.cl\/propiedades\/"},{"@type":"ListItem","position":3,"name":"Grundst\u00fccke","item":"https:\/\/produncan.cl\/de\/kategorie\/grundstuecke\/"},{"@type":"ListItem","position":4,"name":"Grundst\u00fcck mit H\u00fctte &#8211; Puerto Varas, Region Los Lagos"}]},{"@type":"WebSite","@id":"https:\/\/produncan.cl\/de\/#website","url":"https:\/\/produncan.cl\/de\/","name":"Produncan","description":"Wir begleiten Sie bei Ihrem Lebensprojekt!","publisher":{"@id":"https:\/\/produncan.cl\/de\/#organization"},"potentialAction":[{"@type":"SearchAction","target":{"@type":"EntryPoint","urlTemplate":"https:\/\/produncan.cl\/de\/?s={search_term_string}"},"query-input":{"@type":"PropertyValueSpecification","valueRequired":true,"valueName":"search_term_string"}}],"inLanguage":"de-DE"},{"@type":"Organization","@id":"https:\/\/produncan.cl\/de\/#organization","name":"Produncan","url":"https:\/\/produncan.cl\/de\/","logo":{"@type":"ImageObject","inLanguage":"de-DE","@id":"https:\/\/produncan.cl\/de\/#\/schema\/logo\/image\/","url":"https:\/\/produncan.cl\/wp-content\/uploads\/2021\/03\/LOGO.jpeg","contentUrl":"https:\/\/produncan.cl\/wp-content\/uploads\/2021\/03\/LOGO.jpeg","width":1280,"height":903,"caption":"Produncan"},"image":{"@id":"https:\/\/produncan.cl\/de\/#\/schema\/logo\/image\/"},"sameAs":["https:\/\/web.facebook.com\/produncanland","https:\/\/www.instagram.com\/pro_duncan\/","https:\/\/www.linkedin.com\/company\/produncan-lands\/","https:\/\/www.youtube.com\/channel\/UCu7N-f3x0svkazD-Eew1-QQ"],"description":"En Produncan somos especialistas en la venta de terrenos en el sur de Chile. Proveemos estancias, campos, parcelas y hoteles.","email":"info@produncan.cl"}]},"og_video":"https:\/\/www.youtube.com\/embed\/FK9CmNQECQU","og_video_type":"text\/html","og_video_duration":"61","og_video_width":"480","og_video_height":"360","ya_ovs_adult":"false","ya_ovs_upload_date":"2024-01-30T19:48:17+00:00","ya_ovs_allow_embed":"true","product_price_currency":"USD","og_availability":"out of stock","product_availability":"out of stock","product_condition":"new"},"_links":{"self":[{"href":"https:\/\/produncan.cl\/de\/wp-json\/wp\/v2\/product\/28022","targetHints":{"allow":["GET"]}}],"collection":[{"href":"https:\/\/produncan.cl\/de\/wp-json\/wp\/v2\/product"}],"about":[{"href":"https:\/\/produncan.cl\/de\/wp-json\/wp\/v2\/types\/product"}],"version-history":[{"count":2,"href":"https:\/\/produncan.cl\/de\/wp-json\/wp\/v2\/product\/28022\/revisions"}],"predecessor-version":[{"id":52564,"href":"https:\/\/produncan.cl\/de\/wp-json\/wp\/v2\/product\/28022\/revisions\/52564"}],"wp:featuredmedia":[{"embeddable":true,"href":"https:\/\/produncan.cl\/de\/wp-json\/wp\/v2\/media\/54532"}],"wp:attachment":[{"href":"https:\/\/produncan.cl\/de\/wp-json\/wp\/v2\/media?parent=28022"}],"wp:term":[{"taxonomy":"product_brand","embeddable":true,"href":"https:\/\/produncan.cl\/de\/wp-json\/wp\/v2\/product_brand?post=28022"},{"taxonomy":"product_cat","embeddable":true,"href":"https:\/\/produncan.cl\/de\/wp-json\/wp\/v2\/product_cat?post=28022"},{"taxonomy":"product_tag","embeddable":true,"href":"https:\/\/produncan.cl\/de\/wp-json\/wp\/v2\/product_tag?post=28022"},{"taxonomy":"regiones","embeddable":true,"href":"https:\/\/produncan.cl\/de\/wp-json\/wp\/v2\/regiones?post=28022"},{"taxonomy":"ciudades","embeddable":true,"href":"https:\/\/produncan.cl\/de\/wp-json\/wp\/v2\/ciudades?post=28022"}],"curies":[{"name":"wp","href":"https:\/\/api.w.org\/{rel}","templated":true}]}}