{"id":28531,"date":"2024-03-11T17:48:11","date_gmt":"2024-03-11T20:48:11","guid":{"rendered":"https:\/\/produncan.cl\/producto\/bauernhof-san-carlos-de-la-vega-los-muermos-region-der-seen\/"},"modified":"2025-12-04T17:16:40","modified_gmt":"2025-12-04T20:16:40","slug":"bauernhof-san-carlos-de-la-vega-los-muermos-region-der-seen","status":"publish","type":"product","link":"https:\/\/produncan.cl\/de\/produkt\/bauernhof-san-carlos-de-la-vega-los-muermos-region-der-seen\/","title":{"rendered":"Landleben in Los Muermos &#8211; San Carlos de la Vega, Seengebiet"},"content":{"rendered":"\t\t<div data-elementor-type=\"product-post\" data-elementor-id=\"28531\" class=\"elementor elementor-28531 elementor-28360\" data-elementor-post-type=\"product\">\n\t\t\t\t<div class=\"elementor-element elementor-element-a71b096 e-flex e-con-boxed e-con e-parent\" data-id=\"a71b096\" data-element_type=\"container\" data-e-type=\"container\" data-settings=\"{&quot;jet_parallax_layout_list&quot;:[]}\">\n\t\t\t\t\t<div class=\"e-con-inner\">\n\t\t\t\t<div class=\"elementor-element elementor-element-1301391 elementor-widget elementor-widget-heading\" data-id=\"1301391\" data-element_type=\"widget\" data-e-type=\"widget\" data-widget_type=\"heading.default\">\n\t\t\t\t\t<h2 class=\"elementor-heading-title elementor-size-default\">Feld in Los Muermos 55 Minuten von Puerto Varas mit reichlich Wasser.<\/h2>\t\t\t\t<\/div>\n\t\t\t\t<div class=\"elementor-element elementor-element-5f1ef39 elementor-widget elementor-widget-text-editor\" data-id=\"5f1ef39\" data-element_type=\"widget\" data-e-type=\"widget\" data-widget_type=\"text-editor.default\">\n\t\t\t\t\t\t\t\t\t<p>Wundersch\u00f6ne Landschaft in Los Muermos bereit, Ihr nat\u00fcrliches Paradies zu werden. Hier sind die Details, die dieses Land zu einem Juwel machen:<\/p>\n<ul>\n<li>Fl\u00e4che: 16,56 Hektar, eine gro\u00dfe Fl\u00e4che, um Ihr Projekt zu verwirklichen.<\/li>\n<li>Strom- und Telefonsignal: Bereit f\u00fcr den Bau Ihres Traumparadieses.<\/li>\n<li>Angrenzend an den Fluss Llico: Genie\u00dfen Sie die nat\u00fcrliche Sch\u00f6nheit des Flusses auf einer L\u00e4nge von ca. 550 Metern. des Ufers.<\/li>\n<li>Wasserversorgung: St\u00e4ndiges ganzj\u00e4hriges Wasserreservoir und ein 3 m tiefes Wasserrad, das eine reichliche Wasserversorgung f\u00fcr Ihre Pflanzen und Tiere gew\u00e4hrleistet.<\/li>\n<li>Flaches Land neben dem Fluss: Ideal f\u00fcr die Landwirtschaft.<\/li>\n<li>2 Obstplantagen: Stellen Sie sich vor, Sie ernten Ihr eigenes frisches Obst und genie\u00dfen dessen Geschmack.<\/li>\n<li>Blick auf die Vulkane: Atemberaubende Landschaften, die Ihnen den Atem rauben werden.<\/li>\n<li>100% einheimische B\u00e4ume: Erhaltung der Artenvielfalt und Leben im Einklang mit der Natur.<\/li>\n<li>Guter Zugang: 3,9 Kilometer Schotter in gutem Zustand verbinden Sie mit der Asphaltstra\u00dfe.<\/li>\n<li>55 Minuten von Puerto Varas: Nahe der Stadt, aber weit genug entfernt, um die Ruhe zu genie\u00dfen.<\/li>\n<li>Zwischen Fresia und Los Muermos: Ein strategischer Standort f\u00fcr die Erkundung der Region.\n<\/li>\n<\/ul>\n<p>Ideal f\u00fcr:<\/p>\n<ul>\n<li>Liebhaber der Natur und des Lebens im Freien.<\/li>\n<li>Menschen, die einen ruhigen Ort suchen, der vom L\u00e4rm der Stadt abgeschnitten ist.<\/li>\n<li>Landwirte auf der Suche nach fruchtbarem Land mit reichlich Wasser.<\/li>\n<li>Investoren auf der Suche nach einem einzigartigen Refugium in Patagonien.\n<\/li>\n<\/ul>\n<p>Verpassen Sie nicht diese einmalige Gelegenheit, in einer magischen Landschaft im chilenischen Patagonien zu leben.<\/p>\n<p>Kontaktieren Sie uns noch heute, um weitere Informationen zu erhalten und einen Besichtigungstermin zu vereinbaren.<\/p>\t\t\t\t\t\t\t\t<\/div>\n\t\t\t\t\t<\/div>\n\t\t\t\t<\/div>\n\t\t\t\t<\/div>\n\t\t","protected":false},"excerpt":{"rendered":"<p>Bauernhof in Los Muermos, 55 Minuten von Puerto Varas entfernt, mit Stromanschluss, Signal, angrenzend an den Fluss Llico, st\u00e4ndiger Wasserlauf, Wasserbrunnen, ideales Land f\u00fcr den Anbau, Obstb\u00e4ume, Blick auf die Vulkane und Zugang in gutem Zustand.<\/p>\n","protected":false},"featured_media":28366,"template":"","meta":{"_acf_changed":false},"product_brand":[],"product_cat":[104],"product_tag":[235],"regiones":[226],"ciudades":[214,216],"class_list":{"0":"post-28531","1":"product","2":"type-product","3":"status-publish","4":"has-post-thumbnail","6":"product_cat-ohiggins-los-lagos","7":"product_tag-felder","8":"regiones-nuble-los_lagos","9":"ciudades-fresia","10":"ciudades-los-muermos","12":"first","13":"instock","14":"shipping-taxable","15":"purchasable","16":"product-type-simple"},"acf":[],"yoast_head":"<!-- This site is optimized with the Yoast SEO Premium plugin v26.0 (Yoast SEO v27.3) - https:\/\/yoast.com\/product\/yoast-seo-premium-wordpress\/ -->\n<title>Bauernhof in Los Muermos, San Carlos de la Vega - Produncan<\/title>\n<meta name=\"description\" content=\"Bauernhof San Carlos de la Vega 55min von Puerto Varas, mit Strom, Signal, angrenzend an den Rio Llico, st\u00e4ndige M\u00fcndung, Wasserrad, ideal f\u00fcr die Landwirtschaft.\" \/>\n<meta name=\"robots\" content=\"index, follow, max-snippet:-1, max-image-preview:large, max-video-preview:-1\" \/>\n<link rel=\"canonical\" href=\"https:\/\/produncan.cl\/de\/produkt\/bauernhof-san-carlos-de-la-vega-los-muermos-region-der-seen\/\" \/>\n<meta property=\"og:locale\" content=\"de_DE\" \/>\n<meta property=\"og:type\" content=\"article\" \/>\n<meta property=\"og:title\" content=\"Landleben in Los Muermos - San Carlos de la Vega, Seengebiet\" \/>\n<meta property=\"og:description\" content=\"Bauernhof San Carlos de la Vega 55min von Puerto Varas, mit Strom, Signal, angrenzend an den Rio Llico, st\u00e4ndige M\u00fcndung, Wasserrad, ideal f\u00fcr die Landwirtschaft.\" \/>\n<meta property=\"og:url\" content=\"https:\/\/produncan.cl\/de\/produkt\/bauernhof-san-carlos-de-la-vega-los-muermos-region-der-seen\/\" \/>\n<meta property=\"og:site_name\" content=\"Produncan\" \/>\n<meta property=\"article:publisher\" content=\"https:\/\/web.facebook.com\/produncanland\" \/>\n<meta property=\"article:modified_time\" content=\"2025-12-04T20:16:40+00:00\" \/>\n<meta property=\"og:image\" content=\"https:\/\/produncan.cl\/wp-content\/uploads\/2024\/03\/Campo-San-Carlos-de-la-Vega.webp\" \/>\n<meta name=\"twitter:card\" content=\"summary_large_image\" \/>\n<meta name=\"twitter:label1\" content=\"Price\" \/>\n\t<meta name=\"twitter:data1\" content=\"USD144.800,00\" \/>\n\t<meta name=\"twitter:label2\" content=\"Availability\" \/>\n\t<meta name=\"twitter:data2\" content=\"In stock\" \/>\n<script type=\"application\/ld+json\" class=\"yoast-schema-graph\">{\"@context\":\"https:\\\/\\\/schema.org\",\"@graph\":[{\"@type\":\"WebPage\",\"@id\":\"https:\\\/\\\/produncan.cl\\\/de\\\/produkt\\\/bauernhof-san-carlos-de-la-vega-los-muermos-region-der-seen\\\/\",\"url\":\"https:\\\/\\\/produncan.cl\\\/de\\\/produkt\\\/bauernhof-san-carlos-de-la-vega-los-muermos-region-der-seen\\\/\",\"name\":\"Bauernhof in Los Muermos, San Carlos de la Vega - Produncan\",\"isPartOf\":{\"@id\":\"https:\\\/\\\/produncan.cl\\\/de\\\/#website\"},\"primaryImageOfPage\":{\"@id\":\"https:\\\/\\\/produncan.cl\\\/de\\\/produkt\\\/bauernhof-san-carlos-de-la-vega-los-muermos-region-der-seen\\\/#primaryimage\"},\"image\":{\"@id\":\"https:\\\/\\\/produncan.cl\\\/de\\\/produkt\\\/bauernhof-san-carlos-de-la-vega-los-muermos-region-der-seen\\\/#primaryimage\"},\"thumbnailUrl\":\"https:\\\/\\\/produncan.cl\\\/wp-content\\\/uploads\\\/2024\\\/03\\\/Campo-San-Carlos-de-la-Vega.webp\",\"datePublished\":\"2024-03-11T20:48:11+00:00\",\"dateModified\":\"2025-12-04T20:16:40+00:00\",\"description\":\"Bauernhof San Carlos de la Vega 55min von Puerto Varas, mit Strom, Signal, angrenzend an den Rio Llico, st\u00e4ndige M\u00fcndung, Wasserrad, ideal f\u00fcr die Landwirtschaft.\",\"breadcrumb\":{\"@id\":\"https:\\\/\\\/produncan.cl\\\/de\\\/produkt\\\/bauernhof-san-carlos-de-la-vega-los-muermos-region-der-seen\\\/#breadcrumb\"},\"inLanguage\":\"de-DE\",\"potentialAction\":[{\"@type\":\"ReadAction\",\"target\":[\"https:\\\/\\\/produncan.cl\\\/de\\\/produkt\\\/bauernhof-san-carlos-de-la-vega-los-muermos-region-der-seen\\\/\"]}]},{\"@type\":\"ImageObject\",\"inLanguage\":\"de-DE\",\"@id\":\"https:\\\/\\\/produncan.cl\\\/de\\\/produkt\\\/bauernhof-san-carlos-de-la-vega-los-muermos-region-der-seen\\\/#primaryimage\",\"url\":\"https:\\\/\\\/produncan.cl\\\/wp-content\\\/uploads\\\/2024\\\/03\\\/Campo-San-Carlos-de-la-Vega.webp\",\"contentUrl\":\"https:\\\/\\\/produncan.cl\\\/wp-content\\\/uploads\\\/2024\\\/03\\\/Campo-San-Carlos-de-la-Vega.webp\",\"width\":600,\"height\":450,\"caption\":\"San Diego Carlos de la Vega\"},{\"@type\":\"BreadcrumbList\",\"@id\":\"https:\\\/\\\/produncan.cl\\\/de\\\/produkt\\\/bauernhof-san-carlos-de-la-vega-los-muermos-region-der-seen\\\/#breadcrumb\",\"itemListElement\":[{\"@type\":\"ListItem\",\"position\":1,\"name\":\"Inicio\",\"item\":\"https:\\\/\\\/produncan.cl\\\/de\\\/\"},{\"@type\":\"ListItem\",\"position\":2,\"name\":\"Eigenschaften\",\"item\":\"https:\\\/\\\/produncan.cl\\\/propiedades\\\/\"},{\"@type\":\"ListItem\",\"position\":3,\"name\":\"Felder\",\"item\":\"https:\\\/\\\/produncan.cl\\\/de\\\/kategorie\\\/felder\\\/\"},{\"@type\":\"ListItem\",\"position\":4,\"name\":\"Landleben in Los Muermos &#8211; San Carlos de la Vega, Seengebiet\"}]},{\"@type\":\"WebSite\",\"@id\":\"https:\\\/\\\/produncan.cl\\\/de\\\/#website\",\"url\":\"https:\\\/\\\/produncan.cl\\\/de\\\/\",\"name\":\"Produncan\",\"description\":\"Wir begleiten Sie bei Ihrem Lebensprojekt!\",\"publisher\":{\"@id\":\"https:\\\/\\\/produncan.cl\\\/de\\\/#organization\"},\"potentialAction\":[{\"@type\":\"SearchAction\",\"target\":{\"@type\":\"EntryPoint\",\"urlTemplate\":\"https:\\\/\\\/produncan.cl\\\/de\\\/?s={search_term_string}\"},\"query-input\":{\"@type\":\"PropertyValueSpecification\",\"valueRequired\":true,\"valueName\":\"search_term_string\"}}],\"inLanguage\":\"de-DE\"},{\"@type\":\"Organization\",\"@id\":\"https:\\\/\\\/produncan.cl\\\/de\\\/#organization\",\"name\":\"Produncan\",\"url\":\"https:\\\/\\\/produncan.cl\\\/de\\\/\",\"logo\":{\"@type\":\"ImageObject\",\"inLanguage\":\"de-DE\",\"@id\":\"https:\\\/\\\/produncan.cl\\\/de\\\/#\\\/schema\\\/logo\\\/image\\\/\",\"url\":\"https:\\\/\\\/produncan.cl\\\/wp-content\\\/uploads\\\/2021\\\/03\\\/LOGO.jpeg\",\"contentUrl\":\"https:\\\/\\\/produncan.cl\\\/wp-content\\\/uploads\\\/2021\\\/03\\\/LOGO.jpeg\",\"width\":1280,\"height\":903,\"caption\":\"Produncan\"},\"image\":{\"@id\":\"https:\\\/\\\/produncan.cl\\\/de\\\/#\\\/schema\\\/logo\\\/image\\\/\"},\"sameAs\":[\"https:\\\/\\\/web.facebook.com\\\/produncanland\",\"https:\\\/\\\/www.instagram.com\\\/pro_duncan\\\/\",\"https:\\\/\\\/www.linkedin.com\\\/company\\\/produncan-lands\\\/\",\"https:\\\/\\\/www.youtube.com\\\/channel\\\/UCu7N-f3x0svkazD-Eew1-QQ\"],\"description\":\"En Produncan somos especialistas en la venta de terrenos en el sur de Chile. Proveemos estancias, campos, parcelas y hoteles.\",\"email\":\"info@produncan.cl\"}]}<\/script>\n<meta property=\"og:video\" content=\"https:\/\/www.youtube.com\/embed\/PRtQwTQBCh8\" \/>\n<meta property=\"og:video:type\" content=\"text\/html\" \/>\n<meta property=\"og:video:duration\" content=\"72\" \/>\n<meta property=\"og:video:width\" content=\"480\" \/>\n<meta property=\"og:video:height\" content=\"360\" \/>\n<meta property=\"ya:ovs:adult\" content=\"false\" \/>\n<meta property=\"ya:ovs:upload_date\" content=\"2024-03-11T20:48:11+00:00\" \/>\n<meta property=\"ya:ovs:allow_embed\" content=\"true\" \/>\n<meta property=\"product:price:amount\" content=\"144800.00\" \/>\n<meta property=\"product:price:currency\" content=\"USD\" \/>\n<meta property=\"og:availability\" content=\"instock\" \/>\n<meta property=\"product:availability\" content=\"instock\" \/>\n<meta property=\"product:condition\" content=\"new\" \/>\n<!-- \/ Yoast SEO Premium plugin. -->","yoast_head_json":{"title":"Bauernhof in Los Muermos, San Carlos de la Vega - Produncan","description":"Bauernhof San Carlos de la Vega 55min von Puerto Varas, mit Strom, Signal, angrenzend an den Rio Llico, st\u00e4ndige M\u00fcndung, Wasserrad, ideal f\u00fcr die Landwirtschaft.","robots":{"index":"index","follow":"follow","max-snippet":"max-snippet:-1","max-image-preview":"max-image-preview:large","max-video-preview":"max-video-preview:-1"},"canonical":"https:\/\/produncan.cl\/de\/produkt\/bauernhof-san-carlos-de-la-vega-los-muermos-region-der-seen\/","og_locale":"de_DE","og_type":"article","og_title":"Landleben in Los Muermos - San Carlos de la Vega, Seengebiet","og_description":"Bauernhof San Carlos de la Vega 55min von Puerto Varas, mit Strom, Signal, angrenzend an den Rio Llico, st\u00e4ndige M\u00fcndung, Wasserrad, ideal f\u00fcr die Landwirtschaft.","og_url":"https:\/\/produncan.cl\/de\/produkt\/bauernhof-san-carlos-de-la-vega-los-muermos-region-der-seen\/","og_site_name":"Produncan","article_publisher":"https:\/\/web.facebook.com\/produncanland","article_modified_time":"2025-12-04T20:16:40+00:00","og_image":[{"url":"https:\/\/produncan.cl\/wp-content\/uploads\/2024\/03\/Campo-San-Carlos-de-la-Vega.webp","type":"","width":"","height":""}],"twitter_card":"summary_large_image","twitter_misc":{"Price":"USD144.800,00","Availability":"In stock"},"schema":{"@context":"https:\/\/schema.org","@graph":[{"@type":"WebPage","@id":"https:\/\/produncan.cl\/de\/produkt\/bauernhof-san-carlos-de-la-vega-los-muermos-region-der-seen\/","url":"https:\/\/produncan.cl\/de\/produkt\/bauernhof-san-carlos-de-la-vega-los-muermos-region-der-seen\/","name":"Bauernhof in Los Muermos, San Carlos de la Vega - Produncan","isPartOf":{"@id":"https:\/\/produncan.cl\/de\/#website"},"primaryImageOfPage":{"@id":"https:\/\/produncan.cl\/de\/produkt\/bauernhof-san-carlos-de-la-vega-los-muermos-region-der-seen\/#primaryimage"},"image":{"@id":"https:\/\/produncan.cl\/de\/produkt\/bauernhof-san-carlos-de-la-vega-los-muermos-region-der-seen\/#primaryimage"},"thumbnailUrl":"https:\/\/produncan.cl\/wp-content\/uploads\/2024\/03\/Campo-San-Carlos-de-la-Vega.webp","datePublished":"2024-03-11T20:48:11+00:00","dateModified":"2025-12-04T20:16:40+00:00","description":"Bauernhof San Carlos de la Vega 55min von Puerto Varas, mit Strom, Signal, angrenzend an den Rio Llico, st\u00e4ndige M\u00fcndung, Wasserrad, ideal f\u00fcr die Landwirtschaft.","breadcrumb":{"@id":"https:\/\/produncan.cl\/de\/produkt\/bauernhof-san-carlos-de-la-vega-los-muermos-region-der-seen\/#breadcrumb"},"inLanguage":"de-DE","potentialAction":[{"@type":"ReadAction","target":["https:\/\/produncan.cl\/de\/produkt\/bauernhof-san-carlos-de-la-vega-los-muermos-region-der-seen\/"]}]},{"@type":"ImageObject","inLanguage":"de-DE","@id":"https:\/\/produncan.cl\/de\/produkt\/bauernhof-san-carlos-de-la-vega-los-muermos-region-der-seen\/#primaryimage","url":"https:\/\/produncan.cl\/wp-content\/uploads\/2024\/03\/Campo-San-Carlos-de-la-Vega.webp","contentUrl":"https:\/\/produncan.cl\/wp-content\/uploads\/2024\/03\/Campo-San-Carlos-de-la-Vega.webp","width":600,"height":450,"caption":"San Diego Carlos de la Vega"},{"@type":"BreadcrumbList","@id":"https:\/\/produncan.cl\/de\/produkt\/bauernhof-san-carlos-de-la-vega-los-muermos-region-der-seen\/#breadcrumb","itemListElement":[{"@type":"ListItem","position":1,"name":"Inicio","item":"https:\/\/produncan.cl\/de\/"},{"@type":"ListItem","position":2,"name":"Eigenschaften","item":"https:\/\/produncan.cl\/propiedades\/"},{"@type":"ListItem","position":3,"name":"Felder","item":"https:\/\/produncan.cl\/de\/kategorie\/felder\/"},{"@type":"ListItem","position":4,"name":"Landleben in Los Muermos &#8211; San Carlos de la Vega, Seengebiet"}]},{"@type":"WebSite","@id":"https:\/\/produncan.cl\/de\/#website","url":"https:\/\/produncan.cl\/de\/","name":"Produncan","description":"Wir begleiten Sie bei Ihrem Lebensprojekt!","publisher":{"@id":"https:\/\/produncan.cl\/de\/#organization"},"potentialAction":[{"@type":"SearchAction","target":{"@type":"EntryPoint","urlTemplate":"https:\/\/produncan.cl\/de\/?s={search_term_string}"},"query-input":{"@type":"PropertyValueSpecification","valueRequired":true,"valueName":"search_term_string"}}],"inLanguage":"de-DE"},{"@type":"Organization","@id":"https:\/\/produncan.cl\/de\/#organization","name":"Produncan","url":"https:\/\/produncan.cl\/de\/","logo":{"@type":"ImageObject","inLanguage":"de-DE","@id":"https:\/\/produncan.cl\/de\/#\/schema\/logo\/image\/","url":"https:\/\/produncan.cl\/wp-content\/uploads\/2021\/03\/LOGO.jpeg","contentUrl":"https:\/\/produncan.cl\/wp-content\/uploads\/2021\/03\/LOGO.jpeg","width":1280,"height":903,"caption":"Produncan"},"image":{"@id":"https:\/\/produncan.cl\/de\/#\/schema\/logo\/image\/"},"sameAs":["https:\/\/web.facebook.com\/produncanland","https:\/\/www.instagram.com\/pro_duncan\/","https:\/\/www.linkedin.com\/company\/produncan-lands\/","https:\/\/www.youtube.com\/channel\/UCu7N-f3x0svkazD-Eew1-QQ"],"description":"En Produncan somos especialistas en la venta de terrenos en el sur de Chile. Proveemos estancias, campos, parcelas y hoteles.","email":"info@produncan.cl"}]},"og_video":"https:\/\/www.youtube.com\/embed\/PRtQwTQBCh8","og_video_type":"text\/html","og_video_duration":"72","og_video_width":"480","og_video_height":"360","ya_ovs_adult":"false","ya_ovs_upload_date":"2024-03-11T20:48:11+00:00","ya_ovs_allow_embed":"true","product_price_amount":"144800.00","product_price_currency":"USD","og_availability":"instock","product_availability":"instock","product_condition":"new"},"_links":{"self":[{"href":"https:\/\/produncan.cl\/de\/wp-json\/wp\/v2\/product\/28531","targetHints":{"allow":["GET"]}}],"collection":[{"href":"https:\/\/produncan.cl\/de\/wp-json\/wp\/v2\/product"}],"about":[{"href":"https:\/\/produncan.cl\/de\/wp-json\/wp\/v2\/types\/product"}],"version-history":[{"count":2,"href":"https:\/\/produncan.cl\/de\/wp-json\/wp\/v2\/product\/28531\/revisions"}],"predecessor-version":[{"id":52556,"href":"https:\/\/produncan.cl\/de\/wp-json\/wp\/v2\/product\/28531\/revisions\/52556"}],"wp:featuredmedia":[{"embeddable":true,"href":"https:\/\/produncan.cl\/de\/wp-json\/wp\/v2\/media\/28366"}],"wp:attachment":[{"href":"https:\/\/produncan.cl\/de\/wp-json\/wp\/v2\/media?parent=28531"}],"wp:term":[{"taxonomy":"product_brand","embeddable":true,"href":"https:\/\/produncan.cl\/de\/wp-json\/wp\/v2\/product_brand?post=28531"},{"taxonomy":"product_cat","embeddable":true,"href":"https:\/\/produncan.cl\/de\/wp-json\/wp\/v2\/product_cat?post=28531"},{"taxonomy":"product_tag","embeddable":true,"href":"https:\/\/produncan.cl\/de\/wp-json\/wp\/v2\/product_tag?post=28531"},{"taxonomy":"regiones","embeddable":true,"href":"https:\/\/produncan.cl\/de\/wp-json\/wp\/v2\/regiones?post=28531"},{"taxonomy":"ciudades","embeddable":true,"href":"https:\/\/produncan.cl\/de\/wp-json\/wp\/v2\/ciudades?post=28531"}],"curies":[{"name":"wp","href":"https:\/\/api.w.org\/{rel}","templated":true}]}}