{"id":28545,"date":"2024-03-21T20:05:24","date_gmt":"2024-03-21T23:05:24","guid":{"rendered":"https:\/\/produncan.cl\/producto\/grundstueck-club-de-campo-puerto-varas-region-los-lagos\/"},"modified":"2025-08-18T16:59:37","modified_gmt":"2025-08-18T20:59:37","slug":"grundstueck-club-de-campo-puerto-varas-region-los-lagos","status":"publish","type":"product","link":"https:\/\/produncan.cl\/de\/produkt\/grundstueck-club-de-campo-puerto-varas-region-los-lagos\/","title":{"rendered":"Baugrundst\u00fcck in Puerto Varas &#8211; Club de Campo, Region Los Lagos"},"content":{"rendered":"\t\t<div data-elementor-type=\"product-post\" data-elementor-id=\"28545\" class=\"elementor elementor-28545 elementor-28459\" data-elementor-post-type=\"product\">\n\t\t\t\t<div class=\"elementor-element elementor-element-3520ac3 e-flex e-con-boxed e-con e-parent\" data-id=\"3520ac3\" data-element_type=\"container\" data-e-type=\"container\" data-settings=\"{&quot;jet_parallax_layout_list&quot;:[]}\">\n\t\t\t\t\t<div class=\"e-con-inner\">\n\t\t\t\t<div class=\"elementor-element elementor-element-f6b6923 elementor-widget elementor-widget-heading\" data-id=\"f6b6923\" data-element_type=\"widget\" data-e-type=\"widget\" data-widget_type=\"heading.default\">\n\t\t\t\t\t<h2 class=\"elementor-heading-title elementor-size-default\">Grundst\u00fcck nur 10 Minuten von Puerto Varas entfernt mit einheimischem Wald<\/h2>\t\t\t\t<\/div>\n\t\t\t\t\t<\/div>\n\t\t\t\t<\/div>\n\t\t<div class=\"elementor-element elementor-element-612bb81 e-flex e-con-boxed e-con e-parent\" data-id=\"612bb81\" data-element_type=\"container\" data-e-type=\"container\" data-settings=\"{&quot;jet_parallax_layout_list&quot;:[]}\">\n\t\t\t\t\t<div class=\"e-con-inner\">\n\t\t\t\t<div class=\"elementor-element elementor-element-6b6601f elementor-widget elementor-widget-text-editor\" data-id=\"6b6601f\" data-element_type=\"widget\" data-e-type=\"widget\" data-widget_type=\"text-editor.default\">\n\t\t\t\t\t\t\t\t\t<p>Dieses 5000 m\u00b2 gro\u00dfe Grundst\u00fcck in Puerto Varas, Club de Campo, ist eine ausgezeichnete Gelegenheit f\u00fcr diejenigen, die in einem konsolidierten Projekt leben m\u00f6chten. Mit kontrolliertem Zugang, allen Serviceleistungen und einer schnellen Anbindung an die Route 5 South bietet es unvergleichliche Sicherheit und Komfort.<\/p>\n<p>Hier sind die Einzelheiten:<\/p>\n<ul>\n<li>Dieses Grundst\u00fcck ist das sch\u00f6nste des Projekts, da es mit einem unglaublichen Urwald bewachsen ist, der eine Bebauung mit viel Privatsph\u00e4re erm\u00f6glicht.<\/li>\n<li>Strom ist auf dem Postweg erh\u00e4ltlich, nur der Anschluss ist erforderlich. Dar\u00fcber hinaus fordert die Verwaltung eine unterirdische Stromversorgung.<\/li>\n<li>Minsal-zertifiziertes Trinkwasser: Genie\u00dfen Sie sauberes und sicheres Wasser mit einer monatlichen Zahlung f\u00fcr den Verbrauch.<\/li>\n<li>Keine Bauarbeiten, so dass Sie Ihr eigenes Haus gestalten k\u00f6nnen.<\/li>\n<li>Flache Topographie, die den Bau und die Raumnutzung erleichtert.<\/li>\n<li>24\/7 kontrolliertes Zugangstor: Ihre Sicherheit steht an erster Stelle.<\/li>\n<li>Gemeinsame Kosten: ca. 12.000 $ pro Monat.\n<\/li>\n<\/ul>\n<p>Perfekte Lage:<\/p>\n<ul>\n<li>Nur 1 Kilometer von der Asphaltstra\u00dfe und 5 Kilometer von der Ruta 5 Sur entfernt.<\/li>\n<li>Eine 10-min\u00fctige Fahrt zur charmanten Stadt Puerto Varas.<\/li>\n<li>Flughafen in bequemer Entfernung und ohne Stau.<\/li>\n<li>Ausgezeichnetes Telsur-Telekommunikations- und Internetsignal.\n<\/li>\n<\/ul>\n<p>Nahe gelegene Attraktionen:<\/p>\n<ul>\n<li>Puerto Varas: Nur 10 Minuten entfernt, genie\u00dfen Sie die deutsche Architektur, den Llanquihue-See und den Blick auf den Vulkan Osorno.<\/li>\n<li>Puerto Montt: 20 Minuten entfernt finden Sie Einkaufsm\u00f6glichkeiten, Fischm\u00e4rkte, Strandpromenaden und ein pulsierendes Stadtleben.\n<\/li>\n<\/ul>\n<p>Wenn Sie Ihrer Familie Komfort und Sicherheit bieten und in einem der privilegiertesten Grundst\u00fccke des Projekts wohnen m\u00f6chten, sollten Sie diese Gelegenheit nicht verpassen! Kontaktieren Sie uns f\u00fcr weitere Informationen.<\/p>\t\t\t\t\t\t\t\t<\/div>\n\t\t\t\t\t<\/div>\n\t\t\t\t<\/div>\n\t\t\t\t<\/div>\n\t\t","protected":false},"excerpt":{"rendered":"<p>Grundst\u00fcck in Puerto Varas mit Urwald und 10 Minuten von der Stadt entfernt, in der N\u00e4he der Ruta 5 Sur. Es verf\u00fcgt \u00fcber Strom, zertifiziertes Trinkwasser, Glasfaserkabel, einheimischen Wald und kontrollierten Zugang rund um die Uhr.<\/p>\n","protected":false},"featured_media":39966,"template":"","meta":{"_acf_changed":false},"product_brand":[],"product_cat":[104],"product_tag":[232],"regiones":[226],"ciudades":[218,219],"class_list":{"0":"post-28545","1":"product","2":"type-product","3":"status-publish","4":"has-post-thumbnail","6":"product_cat-ohiggins-los-lagos","7":"product_tag-grundstuecke","8":"regiones-nuble-los_lagos","9":"ciudades-puerto-montt","10":"ciudades-puerto-varas","12":"first","13":"outofstock","14":"sold-individually","15":"shipping-taxable","16":"product-type-simple"},"acf":[],"yoast_head":"<!-- This site is optimized with the Yoast SEO Premium plugin v26.0 (Yoast SEO v27.4) - https:\/\/yoast.com\/product\/yoast-seo-premium-wordpress\/ -->\n<title>Baugrundst\u00fcck in Puerto Varas - Club de Campo, Region Los Lagos - Produncan<\/title>\n<meta name=\"description\" content=\"Grundst\u00fcck in einer Wohnanlage mit Urwald, 10 Minuten von Puerto Varas entfernt und in der N\u00e4he der Ruta 5 Sur. Elektrizit\u00e4t, zertifiziertes Wasser und Glasfaserkabel\" \/>\n<meta name=\"robots\" content=\"index, follow, max-snippet:-1, max-image-preview:large, max-video-preview:-1\" \/>\n<link rel=\"canonical\" href=\"https:\/\/produncan.cl\/de\/produkt\/grundstueck-club-de-campo-puerto-varas-region-los-lagos\/\" \/>\n<meta property=\"og:locale\" content=\"de_DE\" \/>\n<meta property=\"og:type\" content=\"article\" \/>\n<meta property=\"og:title\" content=\"Baugrundst\u00fcck in Puerto Varas - Club de Campo, Region Los Lagos\" \/>\n<meta property=\"og:description\" content=\"Grundst\u00fcck in einer Wohnanlage mit Urwald, 10 Minuten von Puerto Varas entfernt und in der N\u00e4he der Ruta 5 Sur. Elektrizit\u00e4t, zertifiziertes Wasser und Glasfaserkabel\" \/>\n<meta property=\"og:url\" content=\"https:\/\/produncan.cl\/de\/produkt\/grundstueck-club-de-campo-puerto-varas-region-los-lagos\/\" \/>\n<meta property=\"og:site_name\" content=\"Produncan\" \/>\n<meta property=\"article:publisher\" content=\"https:\/\/web.facebook.com\/produncanland\" \/>\n<meta property=\"article:modified_time\" content=\"2025-08-18T20:59:37+00:00\" \/>\n<meta property=\"og:image\" content=\"https:\/\/produncan.cl\/wp-content\/uploads\/2024\/03\/Parcela-Club-de-Campo-en-Venta-Puerto-Varas.webp\" \/>\n<meta name=\"twitter:card\" content=\"summary_large_image\" \/>\n<meta name=\"twitter:label1\" content=\"Price\" \/>\n\t<meta name=\"twitter:data1\" content=\"\" \/>\n\t<meta name=\"twitter:label2\" content=\"Availability\" \/>\n\t<meta name=\"twitter:data2\" content=\"Out of stock\" \/>\n<script type=\"application\/ld+json\" class=\"yoast-schema-graph\">{\"@context\":\"https:\\\/\\\/schema.org\",\"@graph\":[{\"@type\":\"WebPage\",\"@id\":\"https:\\\/\\\/produncan.cl\\\/de\\\/produkt\\\/grundstueck-club-de-campo-puerto-varas-region-los-lagos\\\/\",\"url\":\"https:\\\/\\\/produncan.cl\\\/de\\\/produkt\\\/grundstueck-club-de-campo-puerto-varas-region-los-lagos\\\/\",\"name\":\"Baugrundst\u00fcck in Puerto Varas - Club de Campo, Region Los Lagos - Produncan\",\"isPartOf\":{\"@id\":\"https:\\\/\\\/produncan.cl\\\/de\\\/#website\"},\"primaryImageOfPage\":{\"@id\":\"https:\\\/\\\/produncan.cl\\\/de\\\/produkt\\\/grundstueck-club-de-campo-puerto-varas-region-los-lagos\\\/#primaryimage\"},\"image\":{\"@id\":\"https:\\\/\\\/produncan.cl\\\/de\\\/produkt\\\/grundstueck-club-de-campo-puerto-varas-region-los-lagos\\\/#primaryimage\"},\"thumbnailUrl\":\"https:\\\/\\\/produncan.cl\\\/wp-content\\\/uploads\\\/2024\\\/03\\\/Club-de-campo-vendida.webp\",\"datePublished\":\"2024-03-21T23:05:24+00:00\",\"dateModified\":\"2025-08-18T20:59:37+00:00\",\"description\":\"Grundst\u00fcck in einer Wohnanlage mit Urwald, 10 Minuten von Puerto Varas entfernt und in der N\u00e4he der Ruta 5 Sur. Elektrizit\u00e4t, zertifiziertes Wasser und Glasfaserkabel\",\"breadcrumb\":{\"@id\":\"https:\\\/\\\/produncan.cl\\\/de\\\/produkt\\\/grundstueck-club-de-campo-puerto-varas-region-los-lagos\\\/#breadcrumb\"},\"inLanguage\":\"de-DE\",\"potentialAction\":[{\"@type\":\"ReadAction\",\"target\":[\"https:\\\/\\\/produncan.cl\\\/de\\\/produkt\\\/grundstueck-club-de-campo-puerto-varas-region-los-lagos\\\/\"]}]},{\"@type\":\"ImageObject\",\"inLanguage\":\"de-DE\",\"@id\":\"https:\\\/\\\/produncan.cl\\\/de\\\/produkt\\\/grundstueck-club-de-campo-puerto-varas-region-los-lagos\\\/#primaryimage\",\"url\":\"https:\\\/\\\/produncan.cl\\\/wp-content\\\/uploads\\\/2024\\\/03\\\/Club-de-campo-vendida.webp\",\"contentUrl\":\"https:\\\/\\\/produncan.cl\\\/wp-content\\\/uploads\\\/2024\\\/03\\\/Club-de-campo-vendida.webp\",\"width\":600,\"height\":450},{\"@type\":\"BreadcrumbList\",\"@id\":\"https:\\\/\\\/produncan.cl\\\/de\\\/produkt\\\/grundstueck-club-de-campo-puerto-varas-region-los-lagos\\\/#breadcrumb\",\"itemListElement\":[{\"@type\":\"ListItem\",\"position\":1,\"name\":\"Inicio\",\"item\":\"https:\\\/\\\/produncan.cl\\\/de\\\/\"},{\"@type\":\"ListItem\",\"position\":2,\"name\":\"Eigenschaften\",\"item\":\"https:\\\/\\\/produncan.cl\\\/propiedades\\\/\"},{\"@type\":\"ListItem\",\"position\":3,\"name\":\"Grundst\u00fccke\",\"item\":\"https:\\\/\\\/produncan.cl\\\/de\\\/kategorie\\\/grundstuecke\\\/\"},{\"@type\":\"ListItem\",\"position\":4,\"name\":\"Baugrundst\u00fcck in Puerto Varas &#8211; Club de Campo, Region Los Lagos\"}]},{\"@type\":\"WebSite\",\"@id\":\"https:\\\/\\\/produncan.cl\\\/de\\\/#website\",\"url\":\"https:\\\/\\\/produncan.cl\\\/de\\\/\",\"name\":\"Produncan\",\"description\":\"Wir begleiten Sie bei Ihrem Lebensprojekt!\",\"publisher\":{\"@id\":\"https:\\\/\\\/produncan.cl\\\/de\\\/#organization\"},\"potentialAction\":[{\"@type\":\"SearchAction\",\"target\":{\"@type\":\"EntryPoint\",\"urlTemplate\":\"https:\\\/\\\/produncan.cl\\\/de\\\/?s={search_term_string}\"},\"query-input\":{\"@type\":\"PropertyValueSpecification\",\"valueRequired\":true,\"valueName\":\"search_term_string\"}}],\"inLanguage\":\"de-DE\"},{\"@type\":\"Organization\",\"@id\":\"https:\\\/\\\/produncan.cl\\\/de\\\/#organization\",\"name\":\"Produncan\",\"url\":\"https:\\\/\\\/produncan.cl\\\/de\\\/\",\"logo\":{\"@type\":\"ImageObject\",\"inLanguage\":\"de-DE\",\"@id\":\"https:\\\/\\\/produncan.cl\\\/de\\\/#\\\/schema\\\/logo\\\/image\\\/\",\"url\":\"https:\\\/\\\/produncan.cl\\\/wp-content\\\/uploads\\\/2021\\\/03\\\/LOGO.jpeg\",\"contentUrl\":\"https:\\\/\\\/produncan.cl\\\/wp-content\\\/uploads\\\/2021\\\/03\\\/LOGO.jpeg\",\"width\":1280,\"height\":903,\"caption\":\"Produncan\"},\"image\":{\"@id\":\"https:\\\/\\\/produncan.cl\\\/de\\\/#\\\/schema\\\/logo\\\/image\\\/\"},\"sameAs\":[\"https:\\\/\\\/web.facebook.com\\\/produncanland\",\"https:\\\/\\\/www.instagram.com\\\/pro_duncan\\\/\",\"https:\\\/\\\/www.linkedin.com\\\/company\\\/produncan-lands\\\/\",\"https:\\\/\\\/www.youtube.com\\\/channel\\\/UCu7N-f3x0svkazD-Eew1-QQ\"],\"description\":\"En Produncan somos especialistas en la venta de terrenos en el sur de Chile. Proveemos estancias, campos, parcelas y hoteles.\",\"email\":\"info@produncan.cl\"}]}<\/script>\n<meta property=\"og:video\" content=\"https:\/\/www.youtube.com\/embed\/a_4_KWLOHbQ\" \/>\n<meta property=\"og:video:type\" content=\"text\/html\" \/>\n<meta property=\"og:video:duration\" content=\"71\" \/>\n<meta property=\"og:video:width\" content=\"480\" \/>\n<meta property=\"og:video:height\" content=\"360\" \/>\n<meta property=\"ya:ovs:adult\" content=\"false\" \/>\n<meta property=\"ya:ovs:upload_date\" content=\"2024-03-21T23:05:24+00:00\" \/>\n<meta property=\"ya:ovs:allow_embed\" content=\"true\" \/>\n<meta property=\"product:price:currency\" content=\"USD\" \/>\n<meta property=\"og:availability\" content=\"out of stock\" \/>\n<meta property=\"product:availability\" content=\"out of stock\" \/>\n<meta property=\"product:condition\" content=\"new\" \/>\n<!-- \/ Yoast SEO Premium plugin. -->","yoast_head_json":{"title":"Baugrundst\u00fcck in Puerto Varas - Club de Campo, Region Los Lagos - Produncan","description":"Grundst\u00fcck in einer Wohnanlage mit Urwald, 10 Minuten von Puerto Varas entfernt und in der N\u00e4he der Ruta 5 Sur. Elektrizit\u00e4t, zertifiziertes Wasser und Glasfaserkabel","robots":{"index":"index","follow":"follow","max-snippet":"max-snippet:-1","max-image-preview":"max-image-preview:large","max-video-preview":"max-video-preview:-1"},"canonical":"https:\/\/produncan.cl\/de\/produkt\/grundstueck-club-de-campo-puerto-varas-region-los-lagos\/","og_locale":"de_DE","og_type":"article","og_title":"Baugrundst\u00fcck in Puerto Varas - Club de Campo, Region Los Lagos","og_description":"Grundst\u00fcck in einer Wohnanlage mit Urwald, 10 Minuten von Puerto Varas entfernt und in der N\u00e4he der Ruta 5 Sur. Elektrizit\u00e4t, zertifiziertes Wasser und Glasfaserkabel","og_url":"https:\/\/produncan.cl\/de\/produkt\/grundstueck-club-de-campo-puerto-varas-region-los-lagos\/","og_site_name":"Produncan","article_publisher":"https:\/\/web.facebook.com\/produncanland","article_modified_time":"2025-08-18T20:59:37+00:00","og_image":[{"url":"https:\/\/produncan.cl\/wp-content\/uploads\/2024\/03\/Parcela-Club-de-Campo-en-Venta-Puerto-Varas.webp","type":"","width":"","height":""}],"twitter_card":"summary_large_image","twitter_misc":{"Price":"","Availability":"Out of stock"},"schema":{"@context":"https:\/\/schema.org","@graph":[{"@type":"WebPage","@id":"https:\/\/produncan.cl\/de\/produkt\/grundstueck-club-de-campo-puerto-varas-region-los-lagos\/","url":"https:\/\/produncan.cl\/de\/produkt\/grundstueck-club-de-campo-puerto-varas-region-los-lagos\/","name":"Baugrundst\u00fcck in Puerto Varas - Club de Campo, Region Los Lagos - Produncan","isPartOf":{"@id":"https:\/\/produncan.cl\/de\/#website"},"primaryImageOfPage":{"@id":"https:\/\/produncan.cl\/de\/produkt\/grundstueck-club-de-campo-puerto-varas-region-los-lagos\/#primaryimage"},"image":{"@id":"https:\/\/produncan.cl\/de\/produkt\/grundstueck-club-de-campo-puerto-varas-region-los-lagos\/#primaryimage"},"thumbnailUrl":"https:\/\/produncan.cl\/wp-content\/uploads\/2024\/03\/Club-de-campo-vendida.webp","datePublished":"2024-03-21T23:05:24+00:00","dateModified":"2025-08-18T20:59:37+00:00","description":"Grundst\u00fcck in einer Wohnanlage mit Urwald, 10 Minuten von Puerto Varas entfernt und in der N\u00e4he der Ruta 5 Sur. Elektrizit\u00e4t, zertifiziertes Wasser und Glasfaserkabel","breadcrumb":{"@id":"https:\/\/produncan.cl\/de\/produkt\/grundstueck-club-de-campo-puerto-varas-region-los-lagos\/#breadcrumb"},"inLanguage":"de-DE","potentialAction":[{"@type":"ReadAction","target":["https:\/\/produncan.cl\/de\/produkt\/grundstueck-club-de-campo-puerto-varas-region-los-lagos\/"]}]},{"@type":"ImageObject","inLanguage":"de-DE","@id":"https:\/\/produncan.cl\/de\/produkt\/grundstueck-club-de-campo-puerto-varas-region-los-lagos\/#primaryimage","url":"https:\/\/produncan.cl\/wp-content\/uploads\/2024\/03\/Club-de-campo-vendida.webp","contentUrl":"https:\/\/produncan.cl\/wp-content\/uploads\/2024\/03\/Club-de-campo-vendida.webp","width":600,"height":450},{"@type":"BreadcrumbList","@id":"https:\/\/produncan.cl\/de\/produkt\/grundstueck-club-de-campo-puerto-varas-region-los-lagos\/#breadcrumb","itemListElement":[{"@type":"ListItem","position":1,"name":"Inicio","item":"https:\/\/produncan.cl\/de\/"},{"@type":"ListItem","position":2,"name":"Eigenschaften","item":"https:\/\/produncan.cl\/propiedades\/"},{"@type":"ListItem","position":3,"name":"Grundst\u00fccke","item":"https:\/\/produncan.cl\/de\/kategorie\/grundstuecke\/"},{"@type":"ListItem","position":4,"name":"Baugrundst\u00fcck in Puerto Varas &#8211; Club de Campo, Region Los Lagos"}]},{"@type":"WebSite","@id":"https:\/\/produncan.cl\/de\/#website","url":"https:\/\/produncan.cl\/de\/","name":"Produncan","description":"Wir begleiten Sie bei Ihrem Lebensprojekt!","publisher":{"@id":"https:\/\/produncan.cl\/de\/#organization"},"potentialAction":[{"@type":"SearchAction","target":{"@type":"EntryPoint","urlTemplate":"https:\/\/produncan.cl\/de\/?s={search_term_string}"},"query-input":{"@type":"PropertyValueSpecification","valueRequired":true,"valueName":"search_term_string"}}],"inLanguage":"de-DE"},{"@type":"Organization","@id":"https:\/\/produncan.cl\/de\/#organization","name":"Produncan","url":"https:\/\/produncan.cl\/de\/","logo":{"@type":"ImageObject","inLanguage":"de-DE","@id":"https:\/\/produncan.cl\/de\/#\/schema\/logo\/image\/","url":"https:\/\/produncan.cl\/wp-content\/uploads\/2021\/03\/LOGO.jpeg","contentUrl":"https:\/\/produncan.cl\/wp-content\/uploads\/2021\/03\/LOGO.jpeg","width":1280,"height":903,"caption":"Produncan"},"image":{"@id":"https:\/\/produncan.cl\/de\/#\/schema\/logo\/image\/"},"sameAs":["https:\/\/web.facebook.com\/produncanland","https:\/\/www.instagram.com\/pro_duncan\/","https:\/\/www.linkedin.com\/company\/produncan-lands\/","https:\/\/www.youtube.com\/channel\/UCu7N-f3x0svkazD-Eew1-QQ"],"description":"En Produncan somos especialistas en la venta de terrenos en el sur de Chile. Proveemos estancias, campos, parcelas y hoteles.","email":"info@produncan.cl"}]},"og_video":"https:\/\/www.youtube.com\/embed\/a_4_KWLOHbQ","og_video_type":"text\/html","og_video_duration":"71","og_video_width":"480","og_video_height":"360","ya_ovs_adult":"false","ya_ovs_upload_date":"2024-03-21T23:05:24+00:00","ya_ovs_allow_embed":"true","product_price_currency":"USD","og_availability":"out of stock","product_availability":"out of stock","product_condition":"new"},"_links":{"self":[{"href":"https:\/\/produncan.cl\/de\/wp-json\/wp\/v2\/product\/28545","targetHints":{"allow":["GET"]}}],"collection":[{"href":"https:\/\/produncan.cl\/de\/wp-json\/wp\/v2\/product"}],"about":[{"href":"https:\/\/produncan.cl\/de\/wp-json\/wp\/v2\/types\/product"}],"version-history":[{"count":0,"href":"https:\/\/produncan.cl\/de\/wp-json\/wp\/v2\/product\/28545\/revisions"}],"wp:featuredmedia":[{"embeddable":true,"href":"https:\/\/produncan.cl\/de\/wp-json\/wp\/v2\/media\/39966"}],"wp:attachment":[{"href":"https:\/\/produncan.cl\/de\/wp-json\/wp\/v2\/media?parent=28545"}],"wp:term":[{"taxonomy":"product_brand","embeddable":true,"href":"https:\/\/produncan.cl\/de\/wp-json\/wp\/v2\/product_brand?post=28545"},{"taxonomy":"product_cat","embeddable":true,"href":"https:\/\/produncan.cl\/de\/wp-json\/wp\/v2\/product_cat?post=28545"},{"taxonomy":"product_tag","embeddable":true,"href":"https:\/\/produncan.cl\/de\/wp-json\/wp\/v2\/product_tag?post=28545"},{"taxonomy":"regiones","embeddable":true,"href":"https:\/\/produncan.cl\/de\/wp-json\/wp\/v2\/regiones?post=28545"},{"taxonomy":"ciudades","embeddable":true,"href":"https:\/\/produncan.cl\/de\/wp-json\/wp\/v2\/ciudades?post=28545"}],"curies":[{"name":"wp","href":"https:\/\/api.w.org\/{rel}","templated":true}]}}