{"id":28764,"date":"2021-04-01T13:40:31","date_gmt":"2021-04-01T16:40:31","guid":{"rendered":"https:\/\/produncan.cl\/producto\/grundstueck-alto-frutillar-region-los-lagos\/"},"modified":"2025-08-07T16:54:06","modified_gmt":"2025-08-07T20:54:06","slug":"grundstueck-alto-frutillar-region-los-lagos","status":"publish","type":"product","link":"https:\/\/produncan.cl\/de\/produkt\/grundstueck-alto-frutillar-region-los-lagos\/","title":{"rendered":"&#8220;Grundst\u00fcck Alto Frutillar &#8211; Region Los Lagos&#8221;"},"content":{"rendered":"\t\t<div data-elementor-type=\"product-post\" data-elementor-id=\"28764\" class=\"elementor elementor-28764 elementor-28598\" data-elementor-post-type=\"product\">\n\t\t\t\t<div class=\"elementor-element elementor-element-6ac6583 e-flex e-con-boxed e-con e-parent\" data-id=\"6ac6583\" data-element_type=\"container\" data-e-type=\"container\" data-settings=\"{&quot;jet_parallax_layout_list&quot;:[]}\">\n\t\t\t\t\t<div class=\"e-con-inner\">\n\t\t\t\t<div class=\"elementor-element elementor-element-7d4a064 elementor-widget elementor-widget-heading\" data-id=\"7d4a064\" data-element_type=\"widget\" data-e-type=\"widget\" data-widget_type=\"heading.default\">\n\t\t\t\t\t<h2 class=\"elementor-heading-title elementor-size-default\">\"Ein Grundst\u00fcck mit st\u00e4dtischen Annehmlichkeiten nur 5 Minuten von Frutillar entfernt\"<\/h2>\t\t\t\t<\/div>\n\t\t\t\t\t<\/div>\n\t\t\t\t<\/div>\n\t\t<div class=\"elementor-element elementor-element-657e5db e-flex e-con-boxed e-con e-parent\" data-id=\"657e5db\" data-element_type=\"container\" data-e-type=\"container\" data-settings=\"{&quot;jet_parallax_layout_list&quot;:[]}\">\n\t\t\t\t\t<div class=\"e-con-inner\">\n\t\t\t\t<div class=\"elementor-element elementor-element-e0774c9 elementor-widget elementor-widget-text-editor\" data-id=\"e0774c9\" data-element_type=\"widget\" data-e-type=\"widget\" data-widget_type=\"text-editor.default\">\n\t\t\t\t\t\t\t\t\t&#8220;`html\n<p>M\u00f6chten Sie Ihr neues Zuhause in einem konsolidierten Projekt in der N\u00e4he von Frutillar bauen, eingebettet in die Natur und mit der Ruhe, die ein direkter Zugang zur Stra\u00dfe bietet?<\/p>\n<p>Dieses Grundst\u00fcck bietet Ihnen die perfekte Gelegenheit!<\/p>\n<p><strong>Dieses Grundst\u00fcck bietet Ihnen einen einzigartigen Raum:<\/strong><\/p>\n<ul>\n<li>700 m\u00b2 flaches Land mit fruchtbarem Gras.<\/li>\n<li>Komplette Umz\u00e4unung und Tor an der Vorderseite.<\/li>\n<li>Elektrisches Tor f\u00fcr den Zugang zum Projekt und ein zweites elektrisches Tor f\u00fcr den Zugang zum Mikrovierteil, das volle Sicherheit und Privatsph\u00e4re f\u00fcr Ihre Familie bietet.<\/li>\n<li>Lagerhaus von 8&#215;4 Metern mit Bad, ideal f\u00fcr den Beginn des Baus Ihres endg\u00fcltigen Hauses.<\/li>\n<li>Gute Sonneneinstrahlung den ganzen Tag.<\/li>\n<li>Gemeinschaftskosten von 1 UF.<\/li>\n<li>Regelwerk und Eigent\u00fcmerkomitee.<\/li>\n<li>24\/7 Sicherheitskameras im Wohnkomplex.<br><br><\/li>\n<\/ul>\n<p><strong>Konnektivit\u00e4t und Dienstleistungen:<\/strong><\/p>\n<ul>\n<li>Asphaltierte Stra\u00dfe bis zum Eingang des Grundst\u00fccks.<\/li>\n<li>Unterirdische Elektrizit\u00e4t.<\/li>\n<li>Trinkwasser aus einem Brunnen, abh\u00e4ngig von der Parzellierung.<\/li>\n<li>Gute Telekommunikationsverbindung und Glasfaser IP Patagonia.<\/li>\n<li>Clubhaus, Grillplatz, Kinderspielpl\u00e4tze und M\u00fcllentsorgung.<\/li>\n<li>Nur 5 Minuten von Frutillar entfernt.<\/li>\n<li>40 Minuten vom Flughafen Puerto Montt entfernt.<\/li>\n<li>\u00d6ffentliche Verkehrsmittel verf\u00fcgbar.<br><br><\/li>\n<\/ul>\n<p><strong>Privilegierte Umgebung:<\/strong><\/p>\n<ul>\n<li>In der N\u00e4he von Schulen, Museen, dem Nationalpark Vicente P\u00e9rez Rosales, dem Botanischen Garten von Frutillar, dem Teatro del Lago und Puerto Octay.<\/li>\n<li>Tauchen Sie ein in die Ruhe des Landes und die N\u00e4he zur Stadt in einem Projekt mit au\u00dfergew\u00f6hnlichem Landschaftsdesign.<br><br><\/li>\n<\/ul>\n<p>Verpassen Sie nicht diese einzigartige Gelegenheit, in einer unvergleichlichen nat\u00fcrlichen Umgebung zu leben! Nutzen Sie den gro\u00dfen Rabatt dieses Grundst\u00fccks im Vergleich zu \u00e4hnlichen!<\/p>\n<p>Preis: $63.000.000<\/p>\n<p><strong>Zahlungsarten:<\/strong><\/p>\n<ul>\n<li>Barzahlung<\/li>\n<li>Hypothekendarlehen<br><br><\/li>\n<\/ul>\n<p>Kontaktieren Sie uns noch heute und erfahren Sie, wie Sie Ihren Traum auf diesem Grundst\u00fcck in Frutillar verwirklichen k\u00f6nnen.<\/p>\n&#8220;`\t\t\t\t\t\t\t\t<\/div>\n\t\t\t\t\t<\/div>\n\t\t\t\t<\/div>\n\t\t\t\t<\/div>\n\t\t","protected":false},"excerpt":{"rendered":"<p>&#8220;Grundst\u00fcck 5 Minuten von Frutillar entfernt mit Lagerraum, Umz\u00e4unung und Tor, innerhalb eines konsolidierten Projekts mit Trinkwasser, Strom, Glasfaser, asphaltierten Stra\u00dfen und elektrischem Tor.&#8221;<\/p>\n","protected":false},"featured_media":29834,"template":"","meta":{"_acf_changed":false},"product_brand":[],"product_cat":[104],"product_tag":[232],"regiones":[226],"ciudades":[228],"class_list":{"0":"post-28764","1":"product","2":"type-product","3":"status-publish","4":"has-post-thumbnail","6":"product_cat-ohiggins-los-lagos","7":"product_tag-grundstuecke","8":"regiones-nuble-los_lagos","9":"ciudades-frutillar","11":"first","12":"instock","13":"shipping-taxable","14":"purchasable","15":"product-type-simple"},"acf":[],"yoast_head":"<!-- This site is optimized with the Yoast SEO Premium plugin v26.0 (Yoast SEO v27.3) - https:\/\/yoast.com\/product\/yoast-seo-premium-wordpress\/ -->\n<title>&quot;Grundst\u00fcck Alto Frutillar - Region Los Lagos&quot; - Produncan<\/title>\n<meta name=\"description\" content=\"&quot;Grundst\u00fcck 5 Minuten von Frutillar entfernt mit Lagerhaus, Umz\u00e4unung und Tor, innerhalb eines konsolidierten Projekts mit Trinkwasser, Strom und Glasfaser.&quot;\" \/>\n<meta name=\"robots\" content=\"index, follow, max-snippet:-1, max-image-preview:large, max-video-preview:-1\" \/>\n<link rel=\"canonical\" href=\"https:\/\/produncan.cl\/de\/produkt\/grundstueck-alto-frutillar-region-los-lagos\/\" \/>\n<meta property=\"og:locale\" content=\"de_DE\" \/>\n<meta property=\"og:type\" content=\"article\" \/>\n<meta property=\"og:title\" content=\"&quot;Grundst\u00fcck Alto Frutillar - Region Los Lagos&quot;\" \/>\n<meta property=\"og:description\" content=\"&quot;Grundst\u00fcck 5 Minuten von Frutillar entfernt mit Lagerhaus, Umz\u00e4unung und Tor, innerhalb eines konsolidierten Projekts mit Trinkwasser, Strom und Glasfaser.&quot;\" \/>\n<meta property=\"og:url\" content=\"https:\/\/produncan.cl\/de\/produkt\/grundstueck-alto-frutillar-region-los-lagos\/\" \/>\n<meta property=\"og:site_name\" content=\"Produncan\" \/>\n<meta property=\"article:publisher\" content=\"https:\/\/web.facebook.com\/produncanland\" \/>\n<meta property=\"article:modified_time\" content=\"2025-08-07T20:54:06+00:00\" \/>\n<meta property=\"og:image\" content=\"https:\/\/produncan.cl\/wp-content\/uploads\/2021\/04\/Parcela-Alto-Frutillar-Vendido.webp\" \/>\n\t<meta property=\"og:image:width\" content=\"600\" \/>\n\t<meta property=\"og:image:height\" content=\"450\" \/>\n\t<meta property=\"og:image:type\" content=\"image\/webp\" \/>\n<meta name=\"twitter:card\" content=\"summary_large_image\" \/>\n<meta name=\"twitter:label1\" content=\"Price\" \/>\n\t<meta name=\"twitter:data1\" content=\"USD68.500,00\" \/>\n\t<meta name=\"twitter:label2\" content=\"Availability\" \/>\n\t<meta name=\"twitter:data2\" content=\"In stock\" \/>\n<script type=\"application\/ld+json\" class=\"yoast-schema-graph\">{\"@context\":\"https:\\\/\\\/schema.org\",\"@graph\":[{\"@type\":\"WebPage\",\"@id\":\"https:\\\/\\\/produncan.cl\\\/de\\\/produkt\\\/grundstueck-alto-frutillar-region-los-lagos\\\/\",\"url\":\"https:\\\/\\\/produncan.cl\\\/de\\\/produkt\\\/grundstueck-alto-frutillar-region-los-lagos\\\/\",\"name\":\"\\\"Grundst\u00fcck Alto Frutillar - Region Los Lagos\\\" - Produncan\",\"isPartOf\":{\"@id\":\"https:\\\/\\\/produncan.cl\\\/de\\\/#website\"},\"primaryImageOfPage\":{\"@id\":\"https:\\\/\\\/produncan.cl\\\/de\\\/produkt\\\/grundstueck-alto-frutillar-region-los-lagos\\\/#primaryimage\"},\"image\":{\"@id\":\"https:\\\/\\\/produncan.cl\\\/de\\\/produkt\\\/grundstueck-alto-frutillar-region-los-lagos\\\/#primaryimage\"},\"thumbnailUrl\":\"https:\\\/\\\/produncan.cl\\\/wp-content\\\/uploads\\\/2021\\\/04\\\/Parcela-Alto-Frutillar-Vendido.webp\",\"datePublished\":\"2021-04-01T16:40:31+00:00\",\"dateModified\":\"2025-08-07T20:54:06+00:00\",\"description\":\"\\\"Grundst\u00fcck 5 Minuten von Frutillar entfernt mit Lagerhaus, Umz\u00e4unung und Tor, innerhalb eines konsolidierten Projekts mit Trinkwasser, Strom und Glasfaser.\\\"\",\"breadcrumb\":{\"@id\":\"https:\\\/\\\/produncan.cl\\\/de\\\/produkt\\\/grundstueck-alto-frutillar-region-los-lagos\\\/#breadcrumb\"},\"inLanguage\":\"de-DE\",\"potentialAction\":[{\"@type\":\"ReadAction\",\"target\":[\"https:\\\/\\\/produncan.cl\\\/de\\\/produkt\\\/grundstueck-alto-frutillar-region-los-lagos\\\/\"]}]},{\"@type\":\"ImageObject\",\"inLanguage\":\"de-DE\",\"@id\":\"https:\\\/\\\/produncan.cl\\\/de\\\/produkt\\\/grundstueck-alto-frutillar-region-los-lagos\\\/#primaryimage\",\"url\":\"https:\\\/\\\/produncan.cl\\\/wp-content\\\/uploads\\\/2021\\\/04\\\/Parcela-Alto-Frutillar-Vendido.webp\",\"contentUrl\":\"https:\\\/\\\/produncan.cl\\\/wp-content\\\/uploads\\\/2021\\\/04\\\/Parcela-Alto-Frutillar-Vendido.webp\",\"width\":600,\"height\":450},{\"@type\":\"BreadcrumbList\",\"@id\":\"https:\\\/\\\/produncan.cl\\\/de\\\/produkt\\\/grundstueck-alto-frutillar-region-los-lagos\\\/#breadcrumb\",\"itemListElement\":[{\"@type\":\"ListItem\",\"position\":1,\"name\":\"Inicio\",\"item\":\"https:\\\/\\\/produncan.cl\\\/de\\\/\"},{\"@type\":\"ListItem\",\"position\":2,\"name\":\"Eigenschaften\",\"item\":\"https:\\\/\\\/produncan.cl\\\/propiedades\\\/\"},{\"@type\":\"ListItem\",\"position\":3,\"name\":\"Grundst\u00fccke\",\"item\":\"https:\\\/\\\/produncan.cl\\\/de\\\/kategorie\\\/grundstuecke\\\/\"},{\"@type\":\"ListItem\",\"position\":4,\"name\":\"&#8220;Grundst\u00fcck Alto Frutillar &#8211; Region Los Lagos&#8221;\"}]},{\"@type\":\"WebSite\",\"@id\":\"https:\\\/\\\/produncan.cl\\\/de\\\/#website\",\"url\":\"https:\\\/\\\/produncan.cl\\\/de\\\/\",\"name\":\"Produncan\",\"description\":\"Wir begleiten Sie bei Ihrem Lebensprojekt!\",\"publisher\":{\"@id\":\"https:\\\/\\\/produncan.cl\\\/de\\\/#organization\"},\"potentialAction\":[{\"@type\":\"SearchAction\",\"target\":{\"@type\":\"EntryPoint\",\"urlTemplate\":\"https:\\\/\\\/produncan.cl\\\/de\\\/?s={search_term_string}\"},\"query-input\":{\"@type\":\"PropertyValueSpecification\",\"valueRequired\":true,\"valueName\":\"search_term_string\"}}],\"inLanguage\":\"de-DE\"},{\"@type\":\"Organization\",\"@id\":\"https:\\\/\\\/produncan.cl\\\/de\\\/#organization\",\"name\":\"Produncan\",\"url\":\"https:\\\/\\\/produncan.cl\\\/de\\\/\",\"logo\":{\"@type\":\"ImageObject\",\"inLanguage\":\"de-DE\",\"@id\":\"https:\\\/\\\/produncan.cl\\\/de\\\/#\\\/schema\\\/logo\\\/image\\\/\",\"url\":\"https:\\\/\\\/produncan.cl\\\/wp-content\\\/uploads\\\/2021\\\/03\\\/LOGO.jpeg\",\"contentUrl\":\"https:\\\/\\\/produncan.cl\\\/wp-content\\\/uploads\\\/2021\\\/03\\\/LOGO.jpeg\",\"width\":1280,\"height\":903,\"caption\":\"Produncan\"},\"image\":{\"@id\":\"https:\\\/\\\/produncan.cl\\\/de\\\/#\\\/schema\\\/logo\\\/image\\\/\"},\"sameAs\":[\"https:\\\/\\\/web.facebook.com\\\/produncanland\",\"https:\\\/\\\/www.instagram.com\\\/pro_duncan\\\/\",\"https:\\\/\\\/www.linkedin.com\\\/company\\\/produncan-lands\\\/\",\"https:\\\/\\\/www.youtube.com\\\/channel\\\/UCu7N-f3x0svkazD-Eew1-QQ\"],\"description\":\"En Produncan somos especialistas en la venta de terrenos en el sur de Chile. Proveemos estancias, campos, parcelas y hoteles.\",\"email\":\"info@produncan.cl\"}]}<\/script>\n<meta property=\"og:video\" content=\"https:\/\/www.youtube.com\/embed\/Mn_RckkSG6Q\" \/>\n<meta property=\"og:video:type\" content=\"text\/html\" \/>\n<meta property=\"og:video:duration\" content=\"62\" \/>\n<meta property=\"og:video:width\" content=\"480\" \/>\n<meta property=\"og:video:height\" content=\"360\" \/>\n<meta property=\"ya:ovs:adult\" content=\"false\" \/>\n<meta property=\"ya:ovs:upload_date\" content=\"2021-04-01T16:40:31+00:00\" \/>\n<meta property=\"ya:ovs:allow_embed\" content=\"true\" \/>\n<meta property=\"product:price:amount\" content=\"68500.00\" \/>\n<meta property=\"product:price:currency\" content=\"USD\" \/>\n<meta property=\"og:availability\" content=\"instock\" \/>\n<meta property=\"product:availability\" content=\"instock\" \/>\n<meta property=\"product:condition\" content=\"new\" \/>\n<!-- \/ Yoast SEO Premium plugin. -->","yoast_head_json":{"title":"\"Grundst\u00fcck Alto Frutillar - Region Los Lagos\" - Produncan","description":"\"Grundst\u00fcck 5 Minuten von Frutillar entfernt mit Lagerhaus, Umz\u00e4unung und Tor, innerhalb eines konsolidierten Projekts mit Trinkwasser, Strom und Glasfaser.\"","robots":{"index":"index","follow":"follow","max-snippet":"max-snippet:-1","max-image-preview":"max-image-preview:large","max-video-preview":"max-video-preview:-1"},"canonical":"https:\/\/produncan.cl\/de\/produkt\/grundstueck-alto-frutillar-region-los-lagos\/","og_locale":"de_DE","og_type":"article","og_title":"\"Grundst\u00fcck Alto Frutillar - Region Los Lagos\"","og_description":"\"Grundst\u00fcck 5 Minuten von Frutillar entfernt mit Lagerhaus, Umz\u00e4unung und Tor, innerhalb eines konsolidierten Projekts mit Trinkwasser, Strom und Glasfaser.\"","og_url":"https:\/\/produncan.cl\/de\/produkt\/grundstueck-alto-frutillar-region-los-lagos\/","og_site_name":"Produncan","article_publisher":"https:\/\/web.facebook.com\/produncanland","article_modified_time":"2025-08-07T20:54:06+00:00","og_image":[{"width":600,"height":450,"url":"https:\/\/produncan.cl\/wp-content\/uploads\/2021\/04\/Parcela-Alto-Frutillar-Vendido.webp","type":"image\/webp"}],"twitter_card":"summary_large_image","twitter_misc":{"Price":"USD68.500,00","Availability":"In stock"},"schema":{"@context":"https:\/\/schema.org","@graph":[{"@type":"WebPage","@id":"https:\/\/produncan.cl\/de\/produkt\/grundstueck-alto-frutillar-region-los-lagos\/","url":"https:\/\/produncan.cl\/de\/produkt\/grundstueck-alto-frutillar-region-los-lagos\/","name":"\"Grundst\u00fcck Alto Frutillar - Region Los Lagos\" - Produncan","isPartOf":{"@id":"https:\/\/produncan.cl\/de\/#website"},"primaryImageOfPage":{"@id":"https:\/\/produncan.cl\/de\/produkt\/grundstueck-alto-frutillar-region-los-lagos\/#primaryimage"},"image":{"@id":"https:\/\/produncan.cl\/de\/produkt\/grundstueck-alto-frutillar-region-los-lagos\/#primaryimage"},"thumbnailUrl":"https:\/\/produncan.cl\/wp-content\/uploads\/2021\/04\/Parcela-Alto-Frutillar-Vendido.webp","datePublished":"2021-04-01T16:40:31+00:00","dateModified":"2025-08-07T20:54:06+00:00","description":"\"Grundst\u00fcck 5 Minuten von Frutillar entfernt mit Lagerhaus, Umz\u00e4unung und Tor, innerhalb eines konsolidierten Projekts mit Trinkwasser, Strom und Glasfaser.\"","breadcrumb":{"@id":"https:\/\/produncan.cl\/de\/produkt\/grundstueck-alto-frutillar-region-los-lagos\/#breadcrumb"},"inLanguage":"de-DE","potentialAction":[{"@type":"ReadAction","target":["https:\/\/produncan.cl\/de\/produkt\/grundstueck-alto-frutillar-region-los-lagos\/"]}]},{"@type":"ImageObject","inLanguage":"de-DE","@id":"https:\/\/produncan.cl\/de\/produkt\/grundstueck-alto-frutillar-region-los-lagos\/#primaryimage","url":"https:\/\/produncan.cl\/wp-content\/uploads\/2021\/04\/Parcela-Alto-Frutillar-Vendido.webp","contentUrl":"https:\/\/produncan.cl\/wp-content\/uploads\/2021\/04\/Parcela-Alto-Frutillar-Vendido.webp","width":600,"height":450},{"@type":"BreadcrumbList","@id":"https:\/\/produncan.cl\/de\/produkt\/grundstueck-alto-frutillar-region-los-lagos\/#breadcrumb","itemListElement":[{"@type":"ListItem","position":1,"name":"Inicio","item":"https:\/\/produncan.cl\/de\/"},{"@type":"ListItem","position":2,"name":"Eigenschaften","item":"https:\/\/produncan.cl\/propiedades\/"},{"@type":"ListItem","position":3,"name":"Grundst\u00fccke","item":"https:\/\/produncan.cl\/de\/kategorie\/grundstuecke\/"},{"@type":"ListItem","position":4,"name":"&#8220;Grundst\u00fcck Alto Frutillar &#8211; Region Los Lagos&#8221;"}]},{"@type":"WebSite","@id":"https:\/\/produncan.cl\/de\/#website","url":"https:\/\/produncan.cl\/de\/","name":"Produncan","description":"Wir begleiten Sie bei Ihrem Lebensprojekt!","publisher":{"@id":"https:\/\/produncan.cl\/de\/#organization"},"potentialAction":[{"@type":"SearchAction","target":{"@type":"EntryPoint","urlTemplate":"https:\/\/produncan.cl\/de\/?s={search_term_string}"},"query-input":{"@type":"PropertyValueSpecification","valueRequired":true,"valueName":"search_term_string"}}],"inLanguage":"de-DE"},{"@type":"Organization","@id":"https:\/\/produncan.cl\/de\/#organization","name":"Produncan","url":"https:\/\/produncan.cl\/de\/","logo":{"@type":"ImageObject","inLanguage":"de-DE","@id":"https:\/\/produncan.cl\/de\/#\/schema\/logo\/image\/","url":"https:\/\/produncan.cl\/wp-content\/uploads\/2021\/03\/LOGO.jpeg","contentUrl":"https:\/\/produncan.cl\/wp-content\/uploads\/2021\/03\/LOGO.jpeg","width":1280,"height":903,"caption":"Produncan"},"image":{"@id":"https:\/\/produncan.cl\/de\/#\/schema\/logo\/image\/"},"sameAs":["https:\/\/web.facebook.com\/produncanland","https:\/\/www.instagram.com\/pro_duncan\/","https:\/\/www.linkedin.com\/company\/produncan-lands\/","https:\/\/www.youtube.com\/channel\/UCu7N-f3x0svkazD-Eew1-QQ"],"description":"En Produncan somos especialistas en la venta de terrenos en el sur de Chile. Proveemos estancias, campos, parcelas y hoteles.","email":"info@produncan.cl"}]},"og_video":"https:\/\/www.youtube.com\/embed\/Mn_RckkSG6Q","og_video_type":"text\/html","og_video_duration":"62","og_video_width":"480","og_video_height":"360","ya_ovs_adult":"false","ya_ovs_upload_date":"2021-04-01T16:40:31+00:00","ya_ovs_allow_embed":"true","product_price_amount":"68500.00","product_price_currency":"USD","og_availability":"instock","product_availability":"instock","product_condition":"new"},"_links":{"self":[{"href":"https:\/\/produncan.cl\/de\/wp-json\/wp\/v2\/product\/28764","targetHints":{"allow":["GET"]}}],"collection":[{"href":"https:\/\/produncan.cl\/de\/wp-json\/wp\/v2\/product"}],"about":[{"href":"https:\/\/produncan.cl\/de\/wp-json\/wp\/v2\/types\/product"}],"version-history":[{"count":0,"href":"https:\/\/produncan.cl\/de\/wp-json\/wp\/v2\/product\/28764\/revisions"}],"wp:featuredmedia":[{"embeddable":true,"href":"https:\/\/produncan.cl\/de\/wp-json\/wp\/v2\/media\/29834"}],"wp:attachment":[{"href":"https:\/\/produncan.cl\/de\/wp-json\/wp\/v2\/media?parent=28764"}],"wp:term":[{"taxonomy":"product_brand","embeddable":true,"href":"https:\/\/produncan.cl\/de\/wp-json\/wp\/v2\/product_brand?post=28764"},{"taxonomy":"product_cat","embeddable":true,"href":"https:\/\/produncan.cl\/de\/wp-json\/wp\/v2\/product_cat?post=28764"},{"taxonomy":"product_tag","embeddable":true,"href":"https:\/\/produncan.cl\/de\/wp-json\/wp\/v2\/product_tag?post=28764"},{"taxonomy":"regiones","embeddable":true,"href":"https:\/\/produncan.cl\/de\/wp-json\/wp\/v2\/regiones?post=28764"},{"taxonomy":"ciudades","embeddable":true,"href":"https:\/\/produncan.cl\/de\/wp-json\/wp\/v2\/ciudades?post=28764"}],"curies":[{"name":"wp","href":"https:\/\/api.w.org\/{rel}","templated":true}]}}