{"id":29458,"date":"2024-04-15T16:59:18","date_gmt":"2024-04-15T20:59:18","guid":{"rendered":"https:\/\/produncan.cl\/producto\/campito-las-torres-region-aysen\/"},"modified":"2026-03-11T13:24:52","modified_gmt":"2026-03-11T16:24:52","slug":"campito-las-torres-region-aysen","status":"publish","type":"product","link":"https:\/\/produncan.cl\/de\/produkt\/campito-las-torres-region-aysen\/","title":{"rendered":"Landleben in Ays\u00e9n &#8211; Coyhaique und Puerto Ays\u00e9n &#8211; Los Torreones, Region Ays\u00e9n"},"content":{"rendered":"\t\t<div data-elementor-type=\"product-post\" data-elementor-id=\"29458\" class=\"elementor elementor-29458 elementor-28951\" data-elementor-post-type=\"product\">\n\t\t\t\t<div class=\"elementor-element elementor-element-4b0de4e e-flex e-con-boxed e-con e-parent\" data-id=\"4b0de4e\" data-element_type=\"container\" data-e-type=\"container\" data-settings=\"{&quot;jet_parallax_layout_list&quot;:[]}\">\n\t\t\t\t\t<div class=\"e-con-inner\">\n\t\t\t\t<div class=\"elementor-element elementor-element-09740d6 elementor-widget elementor-widget-heading\" data-id=\"09740d6\" data-element_type=\"widget\" data-e-type=\"widget\" data-widget_type=\"heading.default\">\n\t\t\t\t\t<h2 class=\"elementor-heading-title elementor-size-default\">15,11 Hektar mit Panoramablick, Wasser und gro\u00dfem touristischem Potenzial<\/h2>\t\t\t\t<\/div>\n\t\t\t\t\t<\/div>\n\t\t\t\t<\/div>\n\t\t<div class=\"elementor-element elementor-element-3625a96 e-flex e-con-boxed e-con e-parent\" data-id=\"3625a96\" data-element_type=\"container\" data-e-type=\"container\" data-settings=\"{&quot;jet_parallax_layout_list&quot;:[]}\">\n\t\t\t\t\t<div class=\"e-con-inner\">\n\t\t\t\t<div class=\"elementor-element elementor-element-a65d397 elementor-widget elementor-widget-text-editor\" data-id=\"a65d397\" data-element_type=\"widget\" data-e-type=\"widget\" data-widget_type=\"text-editor.default\">\n\t\t\t\t\t\t\t\t\t<p>Dieses Feld in Ays\u00e9n, das strategisch g\u00fcnstig an der Stra\u00dfe zwischen Coyhaique und Puerto Ays\u00e9n liegt, umfasst 15,11 Hektar und stellt eine einzigartige Gelegenheit f\u00fcr diejenigen die ein Grundst\u00fcck mit spektakul\u00e4rer Aussicht suchen, leichten Zugang und N\u00e4he zur Stadt suchen.<\/p>\n<p>Das Grundst\u00fcck liegt auf einem Felsmassiv, auf dem ausgedehnte Wiesen liegen und das an den R\u00e4ndern von einheimischen B\u00e4umen ges\u00e4umt ist.<\/p>\n<p>Mit einem Verkaufswert von $150.000.000.000 verf\u00fcgt es \u00fcber ein eigenes Grundbuch und ist f\u00fcr eine gemischte Nutzung, einschlie\u00dflich Landwirtschaft und Viehzucht, klassifiziert. Aufgrund der N\u00e4he zur Autobahn und der beeindruckenden Fl\u00fcsse Simpson und Caracoles, die durch den unteren Teil des Grundst\u00fccks flie\u00dfen, sowie des spektakul\u00e4ren Panoramablicks ist es eine hervorragende Option f\u00fcr den Tourismus. <\/p>\n<p>Das Grundst\u00fcck ist durch eine eingetragene Grunddienstbarkeit erschlossen, verf\u00fcgt \u00fcber eine Stromleitung, die durch eine einen Kilometer vom Grundst\u00fcck entfernte Landstra\u00dfe verl\u00e4uft, hat ein Telekommunikationssignal und verf\u00fcgt \u00fcber Wasser aus zwei Quellen und einem Bach.<\/p>\n<p>Das Grundst\u00fcck hat eine gesicherte Nordlage, mit Wiesen im oberen Teil und Klippen in einigen Bereichen auf der Nordseite, die in ihrem unteren Teil auf den gro\u00dfen Simpson River treffen, der eine abwechslungsreiche und malerische Landschaft bietet. Hier finden sich auch einheimische B\u00e4ume wie Coig\u00fces, Tepas, Macchia, Calafate und andere, die zur Biodiversit\u00e4t des Ortes beitragen. <\/p>\n<p>Die Tierwelt in diesem Gebiet umfasst Hasen, F\u00fcchse, Kondore und vieles mehr, was eine einzigartige nat\u00fcrliche Umgebung schafft. Obwohl auf dem Grundst\u00fcck nichts gebaut wird, wird die M\u00f6glichkeit, ein Tourismusprojekt, einen Baumkronenbaum oder sogar den Bau einer Lodge zu entwickeln, als attraktive Option angesehen. <\/p>\n<p>Was die Lage betrifft, so erfolgt die Zufahrt \u00fcber eine \u00f6ffentliche Stra\u00dfe und das Grundst\u00fcck ist nur 1 km vom Asphalt entfernt. Die n\u00e4chstgelegenen St\u00e4dte sind Puerto Ays\u00e9n und Coyhaique und das Camp ist 2 Stunden vom Flughafen entfernt. Dar\u00fcber hinaus erleichtert das Vorhandensein von \u00f6ffentlichen Verkehrsmitteln und Telekommunikationssignalen die Anbindung.  <\/p>\n<p>Das Land grenzt an ein weiteres Grundst\u00fcck von 17 Hektar, das ebenfalls zum Verkauf steht. Wenn Sie beide Grundst\u00fccke erwerben, erhalten Sie das gesamte Massiv, einschlie\u00dflich der gesamten Wiese auf dem Gipfel . Au\u00dferdem grenzt dieses zus\u00e4tzliche Grundst\u00fcck an den Fluss Caracoles, was eine zus\u00e4tzliche Attraktion f\u00fcr die Investition darstellt. Die 17 Hektar k\u00f6nnen f\u00fcr 10 Mio. USD pro Hektar erworben werden.   <\/p>\n<p>Die Umgebung ist reich an Natursch\u00f6nheiten wie die Cascada de la Virgen, der Velo de la Novia, der Queque Ingl\u00e9s, B\u00e4che und Berge. Charakteristisch f\u00fcr die Region ist das gem\u00e4\u00dfigte, regenreiche Klima mit ausgepr\u00e4gten Jahreszeiten. <\/p>\n<p>Diese Landschaft bietet nicht nur atemberaubende und abwechslungsreiche Landschaften, sondern auch eine Gelegenheit f\u00fcr diejenigen, die in ein Tourismusprojekt investieren oder einfach die Ruhe und Abgeschiedenheit genie\u00dfen m\u00f6chten, die diese sch\u00f6ne Ecke von Ays\u00e9n zu bieten hat.<\/p>\n<p>Kontaktieren Sie uns noch heute und erfahren Sie, wie Sie Ihren Traum von diesem spektakul\u00e4ren Grundst\u00fcck verwirklichen k\u00f6nnen!<\/p>\n\t\t\t\t\t\t\t\t<\/div>\n\t\t\t\t\t<\/div>\n\t\t\t\t<\/div>\n\t\t\t\t<\/div>\n\t\t","protected":false},"excerpt":{"rendered":"<p>Feld in Ays\u00e9n zwischen Coyhaique und Puerto Ays\u00e9n. Bergmassiv mit beeindruckender Aussicht, einen Kilometer von der Stra\u00dfe entfernt. Wiese, Feuchtgebiete, Quellen und Stromanschluss m\u00f6glich.   Ideal f\u00fcr touristische Aktivit\u00e4ten.<\/p>\n","protected":false},"featured_media":54852,"template":"","meta":{"_acf_changed":false},"product_brand":[],"product_cat":[116],"product_tag":[235,231],"regiones":[225],"ciudades":[209,448],"class_list":{"0":"post-29458","1":"product","2":"type-product","3":"status-publish","4":"has-post-thumbnail","6":"product_cat-aysen-magallanes-de","7":"product_tag-felder","8":"product_tag-touristische-immobilien","9":"regiones-aysen-magallanes","10":"ciudades-coyhaique","11":"ciudades-puerto-aysen","13":"first","14":"outofstock","15":"shipping-taxable","16":"product-type-simple"},"acf":[],"yoast_head":"<!-- This site is optimized with the Yoast SEO Premium plugin v26.0 (Yoast SEO v27.3) - https:\/\/yoast.com\/product\/yoast-seo-premium-wordpress\/ -->\n<title>Feld in Ays\u00e9n zwischen Coyhaique und Puerto Ays\u00e9n - Los Torreones<\/title>\n<meta name=\"description\" content=\"15 Hektar gro\u00dfes Grundst\u00fcck zwischen Coyhaique und Puerto Ays\u00e9n, mit atemberaubender Aussicht und nur einen Kilometer von der Hauptstra\u00dfe entfernt.\" \/>\n<meta name=\"robots\" content=\"index, follow, max-snippet:-1, max-image-preview:large, max-video-preview:-1\" \/>\n<link rel=\"canonical\" href=\"https:\/\/produncan.cl\/de\/produkt\/campito-las-torres-region-aysen\/\" \/>\n<meta property=\"og:locale\" content=\"de_DE\" \/>\n<meta property=\"og:type\" content=\"article\" \/>\n<meta property=\"og:title\" content=\"Landleben in Ays\u00e9n - Coyhaique und Puerto Ays\u00e9n - Los Torreones, Region Ays\u00e9n\" \/>\n<meta property=\"og:description\" content=\"15 Hektar gro\u00dfes Grundst\u00fcck zwischen Coyhaique und Puerto Ays\u00e9n, mit atemberaubender Aussicht und nur einen Kilometer von der Hauptstra\u00dfe entfernt.\" \/>\n<meta property=\"og:url\" content=\"https:\/\/produncan.cl\/de\/produkt\/campito-las-torres-region-aysen\/\" \/>\n<meta property=\"og:site_name\" content=\"Produncan\" \/>\n<meta property=\"article:publisher\" content=\"https:\/\/web.facebook.com\/produncanland\" \/>\n<meta property=\"article:modified_time\" content=\"2026-03-11T16:24:52+00:00\" \/>\n<meta property=\"og:image\" content=\"https:\/\/produncan.cl\/wp-content\/uploads\/2024\/04\/Campo-Los-Torreones-vendido.webp\" \/>\n\t<meta property=\"og:image:width\" content=\"600\" \/>\n\t<meta property=\"og:image:height\" content=\"450\" \/>\n\t<meta property=\"og:image:type\" content=\"image\/webp\" \/>\n<meta name=\"twitter:card\" content=\"summary_large_image\" \/>\n<meta name=\"twitter:label1\" content=\"Price\" \/>\n\t<meta name=\"twitter:data1\" content=\"\" \/>\n\t<meta name=\"twitter:label2\" content=\"Availability\" \/>\n\t<meta name=\"twitter:data2\" content=\"Out of stock\" \/>\n<script type=\"application\/ld+json\" class=\"yoast-schema-graph\">{\"@context\":\"https:\\\/\\\/schema.org\",\"@graph\":[{\"@type\":\"WebPage\",\"@id\":\"https:\\\/\\\/produncan.cl\\\/de\\\/produkt\\\/campito-las-torres-region-aysen\\\/\",\"url\":\"https:\\\/\\\/produncan.cl\\\/de\\\/produkt\\\/campito-las-torres-region-aysen\\\/\",\"name\":\"Feld in Ays\u00e9n zwischen Coyhaique und Puerto Ays\u00e9n - Los Torreones\",\"isPartOf\":{\"@id\":\"https:\\\/\\\/produncan.cl\\\/de\\\/#website\"},\"primaryImageOfPage\":{\"@id\":\"https:\\\/\\\/produncan.cl\\\/de\\\/produkt\\\/campito-las-torres-region-aysen\\\/#primaryimage\"},\"image\":{\"@id\":\"https:\\\/\\\/produncan.cl\\\/de\\\/produkt\\\/campito-las-torres-region-aysen\\\/#primaryimage\"},\"thumbnailUrl\":\"https:\\\/\\\/produncan.cl\\\/wp-content\\\/uploads\\\/2024\\\/04\\\/Campo-Los-Torreones-vendido.webp\",\"datePublished\":\"2024-04-15T20:59:18+00:00\",\"dateModified\":\"2026-03-11T16:24:52+00:00\",\"description\":\"15 Hektar gro\u00dfes Grundst\u00fcck zwischen Coyhaique und Puerto Ays\u00e9n, mit atemberaubender Aussicht und nur einen Kilometer von der Hauptstra\u00dfe entfernt.\",\"breadcrumb\":{\"@id\":\"https:\\\/\\\/produncan.cl\\\/de\\\/produkt\\\/campito-las-torres-region-aysen\\\/#breadcrumb\"},\"inLanguage\":\"de-DE\",\"potentialAction\":[{\"@type\":\"ReadAction\",\"target\":[\"https:\\\/\\\/produncan.cl\\\/de\\\/produkt\\\/campito-las-torres-region-aysen\\\/\"]}]},{\"@type\":\"ImageObject\",\"inLanguage\":\"de-DE\",\"@id\":\"https:\\\/\\\/produncan.cl\\\/de\\\/produkt\\\/campito-las-torres-region-aysen\\\/#primaryimage\",\"url\":\"https:\\\/\\\/produncan.cl\\\/wp-content\\\/uploads\\\/2024\\\/04\\\/Campo-Los-Torreones-vendido.webp\",\"contentUrl\":\"https:\\\/\\\/produncan.cl\\\/wp-content\\\/uploads\\\/2024\\\/04\\\/Campo-Los-Torreones-vendido.webp\",\"width\":600,\"height\":450,\"caption\":\"Campo Los Torreones vendido\"},{\"@type\":\"BreadcrumbList\",\"@id\":\"https:\\\/\\\/produncan.cl\\\/de\\\/produkt\\\/campito-las-torres-region-aysen\\\/#breadcrumb\",\"itemListElement\":[{\"@type\":\"ListItem\",\"position\":1,\"name\":\"Inicio\",\"item\":\"https:\\\/\\\/produncan.cl\\\/de\\\/\"},{\"@type\":\"ListItem\",\"position\":2,\"name\":\"Eigenschaften\",\"item\":\"https:\\\/\\\/produncan.cl\\\/propiedades\\\/\"},{\"@type\":\"ListItem\",\"position\":3,\"name\":\"Felder\",\"item\":\"https:\\\/\\\/produncan.cl\\\/de\\\/kategorie\\\/felder\\\/\"},{\"@type\":\"ListItem\",\"position\":4,\"name\":\"Landleben in Ays\u00e9n &#8211; Coyhaique und Puerto Ays\u00e9n &#8211; Los Torreones, Region Ays\u00e9n\"}]},{\"@type\":\"WebSite\",\"@id\":\"https:\\\/\\\/produncan.cl\\\/de\\\/#website\",\"url\":\"https:\\\/\\\/produncan.cl\\\/de\\\/\",\"name\":\"Produncan\",\"description\":\"Wir begleiten Sie bei Ihrem Lebensprojekt!\",\"publisher\":{\"@id\":\"https:\\\/\\\/produncan.cl\\\/de\\\/#organization\"},\"potentialAction\":[{\"@type\":\"SearchAction\",\"target\":{\"@type\":\"EntryPoint\",\"urlTemplate\":\"https:\\\/\\\/produncan.cl\\\/de\\\/?s={search_term_string}\"},\"query-input\":{\"@type\":\"PropertyValueSpecification\",\"valueRequired\":true,\"valueName\":\"search_term_string\"}}],\"inLanguage\":\"de-DE\"},{\"@type\":\"Organization\",\"@id\":\"https:\\\/\\\/produncan.cl\\\/de\\\/#organization\",\"name\":\"Produncan\",\"url\":\"https:\\\/\\\/produncan.cl\\\/de\\\/\",\"logo\":{\"@type\":\"ImageObject\",\"inLanguage\":\"de-DE\",\"@id\":\"https:\\\/\\\/produncan.cl\\\/de\\\/#\\\/schema\\\/logo\\\/image\\\/\",\"url\":\"https:\\\/\\\/produncan.cl\\\/wp-content\\\/uploads\\\/2021\\\/03\\\/LOGO.jpeg\",\"contentUrl\":\"https:\\\/\\\/produncan.cl\\\/wp-content\\\/uploads\\\/2021\\\/03\\\/LOGO.jpeg\",\"width\":1280,\"height\":903,\"caption\":\"Produncan\"},\"image\":{\"@id\":\"https:\\\/\\\/produncan.cl\\\/de\\\/#\\\/schema\\\/logo\\\/image\\\/\"},\"sameAs\":[\"https:\\\/\\\/web.facebook.com\\\/produncanland\",\"https:\\\/\\\/www.instagram.com\\\/pro_duncan\\\/\",\"https:\\\/\\\/www.linkedin.com\\\/company\\\/produncan-lands\\\/\",\"https:\\\/\\\/www.youtube.com\\\/channel\\\/UCu7N-f3x0svkazD-Eew1-QQ\"],\"description\":\"En Produncan somos especialistas en la venta de terrenos en el sur de Chile. Proveemos estancias, campos, parcelas y hoteles.\",\"email\":\"info@produncan.cl\"}]}<\/script>\n<meta property=\"og:video\" content=\"https:\/\/www.youtube.com\/embed\/_3UE01D_3NE\" \/>\n<meta property=\"og:video:type\" content=\"text\/html\" \/>\n<meta property=\"og:video:duration\" content=\"84\" \/>\n<meta property=\"og:video:width\" content=\"480\" \/>\n<meta property=\"og:video:height\" content=\"270\" \/>\n<meta property=\"ya:ovs:adult\" content=\"false\" \/>\n<meta property=\"ya:ovs:upload_date\" content=\"2024-04-15T20:59:18+00:00\" \/>\n<meta property=\"ya:ovs:allow_embed\" content=\"true\" \/>\n<meta property=\"product:price:currency\" content=\"USD\" \/>\n<meta property=\"og:availability\" content=\"out of stock\" \/>\n<meta property=\"product:availability\" content=\"out of stock\" \/>\n<meta property=\"product:condition\" content=\"new\" \/>\n<!-- \/ Yoast SEO Premium plugin. -->","yoast_head_json":{"title":"Feld in Ays\u00e9n zwischen Coyhaique und Puerto Ays\u00e9n - Los Torreones","description":"15 Hektar gro\u00dfes Grundst\u00fcck zwischen Coyhaique und Puerto Ays\u00e9n, mit atemberaubender Aussicht und nur einen Kilometer von der Hauptstra\u00dfe entfernt.","robots":{"index":"index","follow":"follow","max-snippet":"max-snippet:-1","max-image-preview":"max-image-preview:large","max-video-preview":"max-video-preview:-1"},"canonical":"https:\/\/produncan.cl\/de\/produkt\/campito-las-torres-region-aysen\/","og_locale":"de_DE","og_type":"article","og_title":"Landleben in Ays\u00e9n - Coyhaique und Puerto Ays\u00e9n - Los Torreones, Region Ays\u00e9n","og_description":"15 Hektar gro\u00dfes Grundst\u00fcck zwischen Coyhaique und Puerto Ays\u00e9n, mit atemberaubender Aussicht und nur einen Kilometer von der Hauptstra\u00dfe entfernt.","og_url":"https:\/\/produncan.cl\/de\/produkt\/campito-las-torres-region-aysen\/","og_site_name":"Produncan","article_publisher":"https:\/\/web.facebook.com\/produncanland","article_modified_time":"2026-03-11T16:24:52+00:00","og_image":[{"width":600,"height":450,"url":"https:\/\/produncan.cl\/wp-content\/uploads\/2024\/04\/Campo-Los-Torreones-vendido.webp","type":"image\/webp"}],"twitter_card":"summary_large_image","twitter_misc":{"Price":"","Availability":"Out of stock"},"schema":{"@context":"https:\/\/schema.org","@graph":[{"@type":"WebPage","@id":"https:\/\/produncan.cl\/de\/produkt\/campito-las-torres-region-aysen\/","url":"https:\/\/produncan.cl\/de\/produkt\/campito-las-torres-region-aysen\/","name":"Feld in Ays\u00e9n zwischen Coyhaique und Puerto Ays\u00e9n - Los Torreones","isPartOf":{"@id":"https:\/\/produncan.cl\/de\/#website"},"primaryImageOfPage":{"@id":"https:\/\/produncan.cl\/de\/produkt\/campito-las-torres-region-aysen\/#primaryimage"},"image":{"@id":"https:\/\/produncan.cl\/de\/produkt\/campito-las-torres-region-aysen\/#primaryimage"},"thumbnailUrl":"https:\/\/produncan.cl\/wp-content\/uploads\/2024\/04\/Campo-Los-Torreones-vendido.webp","datePublished":"2024-04-15T20:59:18+00:00","dateModified":"2026-03-11T16:24:52+00:00","description":"15 Hektar gro\u00dfes Grundst\u00fcck zwischen Coyhaique und Puerto Ays\u00e9n, mit atemberaubender Aussicht und nur einen Kilometer von der Hauptstra\u00dfe entfernt.","breadcrumb":{"@id":"https:\/\/produncan.cl\/de\/produkt\/campito-las-torres-region-aysen\/#breadcrumb"},"inLanguage":"de-DE","potentialAction":[{"@type":"ReadAction","target":["https:\/\/produncan.cl\/de\/produkt\/campito-las-torres-region-aysen\/"]}]},{"@type":"ImageObject","inLanguage":"de-DE","@id":"https:\/\/produncan.cl\/de\/produkt\/campito-las-torres-region-aysen\/#primaryimage","url":"https:\/\/produncan.cl\/wp-content\/uploads\/2024\/04\/Campo-Los-Torreones-vendido.webp","contentUrl":"https:\/\/produncan.cl\/wp-content\/uploads\/2024\/04\/Campo-Los-Torreones-vendido.webp","width":600,"height":450,"caption":"Campo Los Torreones vendido"},{"@type":"BreadcrumbList","@id":"https:\/\/produncan.cl\/de\/produkt\/campito-las-torres-region-aysen\/#breadcrumb","itemListElement":[{"@type":"ListItem","position":1,"name":"Inicio","item":"https:\/\/produncan.cl\/de\/"},{"@type":"ListItem","position":2,"name":"Eigenschaften","item":"https:\/\/produncan.cl\/propiedades\/"},{"@type":"ListItem","position":3,"name":"Felder","item":"https:\/\/produncan.cl\/de\/kategorie\/felder\/"},{"@type":"ListItem","position":4,"name":"Landleben in Ays\u00e9n &#8211; Coyhaique und Puerto Ays\u00e9n &#8211; Los Torreones, Region Ays\u00e9n"}]},{"@type":"WebSite","@id":"https:\/\/produncan.cl\/de\/#website","url":"https:\/\/produncan.cl\/de\/","name":"Produncan","description":"Wir begleiten Sie bei Ihrem Lebensprojekt!","publisher":{"@id":"https:\/\/produncan.cl\/de\/#organization"},"potentialAction":[{"@type":"SearchAction","target":{"@type":"EntryPoint","urlTemplate":"https:\/\/produncan.cl\/de\/?s={search_term_string}"},"query-input":{"@type":"PropertyValueSpecification","valueRequired":true,"valueName":"search_term_string"}}],"inLanguage":"de-DE"},{"@type":"Organization","@id":"https:\/\/produncan.cl\/de\/#organization","name":"Produncan","url":"https:\/\/produncan.cl\/de\/","logo":{"@type":"ImageObject","inLanguage":"de-DE","@id":"https:\/\/produncan.cl\/de\/#\/schema\/logo\/image\/","url":"https:\/\/produncan.cl\/wp-content\/uploads\/2021\/03\/LOGO.jpeg","contentUrl":"https:\/\/produncan.cl\/wp-content\/uploads\/2021\/03\/LOGO.jpeg","width":1280,"height":903,"caption":"Produncan"},"image":{"@id":"https:\/\/produncan.cl\/de\/#\/schema\/logo\/image\/"},"sameAs":["https:\/\/web.facebook.com\/produncanland","https:\/\/www.instagram.com\/pro_duncan\/","https:\/\/www.linkedin.com\/company\/produncan-lands\/","https:\/\/www.youtube.com\/channel\/UCu7N-f3x0svkazD-Eew1-QQ"],"description":"En Produncan somos especialistas en la venta de terrenos en el sur de Chile. Proveemos estancias, campos, parcelas y hoteles.","email":"info@produncan.cl"}]},"og_video":"https:\/\/www.youtube.com\/embed\/_3UE01D_3NE","og_video_type":"text\/html","og_video_duration":"84","og_video_width":"480","og_video_height":"270","ya_ovs_adult":"false","ya_ovs_upload_date":"2024-04-15T20:59:18+00:00","ya_ovs_allow_embed":"true","product_price_currency":"USD","og_availability":"out of stock","product_availability":"out of stock","product_condition":"new"},"_links":{"self":[{"href":"https:\/\/produncan.cl\/de\/wp-json\/wp\/v2\/product\/29458","targetHints":{"allow":["GET"]}}],"collection":[{"href":"https:\/\/produncan.cl\/de\/wp-json\/wp\/v2\/product"}],"about":[{"href":"https:\/\/produncan.cl\/de\/wp-json\/wp\/v2\/types\/product"}],"version-history":[{"count":2,"href":"https:\/\/produncan.cl\/de\/wp-json\/wp\/v2\/product\/29458\/revisions"}],"predecessor-version":[{"id":54857,"href":"https:\/\/produncan.cl\/de\/wp-json\/wp\/v2\/product\/29458\/revisions\/54857"}],"wp:featuredmedia":[{"embeddable":true,"href":"https:\/\/produncan.cl\/de\/wp-json\/wp\/v2\/media\/54852"}],"wp:attachment":[{"href":"https:\/\/produncan.cl\/de\/wp-json\/wp\/v2\/media?parent=29458"}],"wp:term":[{"taxonomy":"product_brand","embeddable":true,"href":"https:\/\/produncan.cl\/de\/wp-json\/wp\/v2\/product_brand?post=29458"},{"taxonomy":"product_cat","embeddable":true,"href":"https:\/\/produncan.cl\/de\/wp-json\/wp\/v2\/product_cat?post=29458"},{"taxonomy":"product_tag","embeddable":true,"href":"https:\/\/produncan.cl\/de\/wp-json\/wp\/v2\/product_tag?post=29458"},{"taxonomy":"regiones","embeddable":true,"href":"https:\/\/produncan.cl\/de\/wp-json\/wp\/v2\/regiones?post=29458"},{"taxonomy":"ciudades","embeddable":true,"href":"https:\/\/produncan.cl\/de\/wp-json\/wp\/v2\/ciudades?post=29458"}],"curies":[{"name":"wp","href":"https:\/\/api.w.org\/{rel}","templated":true}]}}