{"id":29460,"date":"2021-05-15T18:35:20","date_gmt":"2021-05-15T22:35:20","guid":{"rendered":"https:\/\/produncan.cl\/producto\/haus-alto-frutillar-region-los-lagos\/"},"modified":"2025-06-29T01:13:15","modified_gmt":"2025-06-29T05:13:15","slug":"haus-alto-frutillar-region-los-lagos","status":"publish","type":"product","link":"https:\/\/produncan.cl\/de\/produkt\/haus-alto-frutillar-region-los-lagos\/","title":{"rendered":"Haus Alto Frutillar &#8211; Region Los Lagos"},"content":{"rendered":"\t\t<div data-elementor-type=\"product-post\" data-elementor-id=\"29460\" class=\"elementor elementor-29460 elementor-29080\" data-elementor-post-type=\"product\">\n\t\t\t\t<div class=\"elementor-element elementor-element-d9e14ce e-flex e-con-boxed e-con e-parent\" data-id=\"d9e14ce\" data-element_type=\"container\" data-e-type=\"container\" data-settings=\"{&quot;jet_parallax_layout_list&quot;:[]}\">\n\t\t\t\t\t<div class=\"e-con-inner\">\n\t\t\t\t<div class=\"elementor-element elementor-element-e32ffbc elementor-widget elementor-widget-heading\" data-id=\"e32ffbc\" data-element_type=\"widget\" data-e-type=\"widget\" data-widget_type=\"heading.default\">\n\t\t\t\t\t<h2 class=\"elementor-heading-title elementor-size-default\">Spektakul\u00e4re Gelegenheit eines Grundst\u00fccks mit Haus in Frutillar <\/h2>\t\t\t\t<\/div>\n\t\t\t\t\t<\/div>\n\t\t\t\t<\/div>\n\t\t<div class=\"elementor-element elementor-element-0cac74c e-flex e-con-boxed e-con e-parent\" data-id=\"0cac74c\" data-element_type=\"container\" data-e-type=\"container\" data-settings=\"{&quot;jet_parallax_layout_list&quot;:[]}\">\n\t\t\t\t\t<div class=\"e-con-inner\">\n\t\t\t\t<div class=\"elementor-element elementor-element-438c774 elementor-widget elementor-widget-text-editor\" data-id=\"438c774\" data-element_type=\"widget\" data-e-type=\"widget\" data-widget_type=\"text-editor.default\">\n\t\t\t\t\t\t\t\t\t<p>Verpassen Sie nicht diese unglaubliche Gelegenheit in Frutillar! Entdecken Sie dieses spektakul\u00e4re Grundst\u00fcck mit Haus zum Verkauf f\u00fcr $215.000.000, mit schnellem Zugang zur Ruta 5 Sur, nur 5 Minuten vom Hafen von Frutillar und 40 Minuten vom Flughafen Puerto Montt entfernt. <\/p><p>Die Immobilie erstreckt sich \u00fcber eine Gesamtfl\u00e4che von 5000 m\u00b2 und befindet sich in einem konsolidierten Projekt mit einem au\u00dfergew\u00f6hnlichen \u00e4sthetischen Design und wundersch\u00f6nen Gemeinschaftsr\u00e4umen. Es verf\u00fcgt \u00fcber unterirdische Strom- und Wasseranschl\u00fcsse und alle notwendigen Annehmlichkeiten. <\/p><p>Das im Jahr 2023 erbaute Haus hat eine Wohnfl\u00e4che von 164m\u00b2 und bietet 4 Schlafzimmer, 2 B\u00e4der, 2 Terrassen und 1 Loggia. Die zum Wohn-\/Esszimmer hin offene K\u00fcche sorgt f\u00fcr eine gem\u00fctliche Atmosph\u00e4re, w\u00e4hrend das Hauptschlafzimmer \u00fcber ein eigenes Bad mit begehbarem Kleiderschrank verf\u00fcgt. <\/p><p>Zu den Ausstattungsmerkmalen geh\u00f6ren eine \u00d6l-Zentralheizung, ein Warmwassersystem mit Junkers-Warmwasserbereiter, Porzellanfliesenb\u00f6den in den B\u00e4dern und schwimmend verlegte B\u00f6den in den Schlafzimmern und im Wohnzimmer, Thermopane-Fenster und eine Konstruktion im mediterranen Stil mit Trennw\u00e4nden und Metallverkleidungen zur Isolierung.<\/p><p>Dar\u00fcber hinaus umfasst das Anwesen einen 8&#215;4 Meter gro\u00dfen Keller mit Bad. Das Land ist gr\u00f6\u00dftenteils Wiese, flach und hat eine ausgezeichnete Sonneneinstrahlung w\u00e4hrend des Tages. Die Umz\u00e4unung ist vollst\u00e4ndig, mit einem sch\u00f6nen Tor an der Vorderseite, und der Zugang zum Projekt ist mit einem elektrischen Tor und einem zweiten elektrischen Tor f\u00fcr die Mikro-Nachbarschaft gesichert, was eine gro\u00dfe Sicherheit f\u00fcr seine Bewohner.  <\/p><p>Das Haus verf\u00fcgt \u00fcber eine Baugenehmigung, die den Erwerb \u00fcber einen Hypothekenkredit erm\u00f6glicht. Zus\u00e4tzlich zu seiner attraktiven Gestaltung, genie\u00dfen die Bewohner einen spektakul\u00e4ren Grillplatz, Co-Working-B\u00fcros, Abfallentsorgung Bereich, Kinderspielpl\u00e4tze und alle inneren Stra\u00dfen sind asphaltiert. <\/p><p>In der N\u00e4he finden Sie \u00f6ffentliche Verkehrsmittel, die Sie in nur 20 Minuten nach Puerto Varas bringen und Sie schnell mit Osorno verbinden. Au\u00dferdem gibt es Attraktionen wie das Teatro del Lago, Museen, Nationalparks, Krankenh\u00e4user, Superm\u00e4rkte und Banken, die ein komfortables und bequemes Leben erm\u00f6glichen. <\/p><p>Nutzen Sie die einmalige Gelegenheit, diese wundersch\u00f6ne Immobilie mit Unterst\u00fctzung von Produncan zu erwerben!<\/p>\t\t\t\t\t\t\t\t<\/div>\n\t\t\t\t\t<\/div>\n\t\t\t\t<\/div>\n\t\t\t\t<\/div>\n\t\t","protected":false},"excerpt":{"rendered":"<p>Grundst\u00fcck in Frutillar mit 164m\u00b2 Haus in konsolidierten Projekt mit schnellem Zugang zur Route 5 S\u00fcd. Es hat unterirdische Energie, Trinkwasser, Sicherheit und spektakul\u00e4re Gemeinschaftsr\u00e4ume. <\/p>\n","protected":false},"featured_media":38480,"template":"","meta":{"_acf_changed":false},"product_brand":[],"product_cat":[104],"product_tag":[232],"regiones":[226],"ciudades":[228],"class_list":{"0":"post-29460","1":"product","2":"type-product","3":"status-publish","4":"has-post-thumbnail","6":"product_cat-ohiggins-los-lagos","7":"product_tag-grundstuecke","8":"regiones-nuble-los_lagos","9":"ciudades-frutillar","11":"first","12":"outofstock","13":"sold-individually","14":"shipping-taxable","15":"product-type-simple"},"acf":[],"yoast_head":"<!-- This site is optimized with the Yoast SEO Premium plugin v26.0 (Yoast SEO v27.3) - https:\/\/yoast.com\/product\/yoast-seo-premium-wordpress\/ -->\n<title>Grundst\u00fcck mit Haus in Frutillar -% Haus Alto Frutillar - Produncan<\/title>\n<meta name=\"description\" content=\"Grundst\u00fcck in Frutillar mit 164m\u00b2 Haus in konsolidiertem Projekt mit schnellem Zugang zur Route 5 S\u00fcd. Underground Energie, Trinkwasser und Gemeinschaftsr\u00e4ume.\" \/>\n<meta name=\"robots\" content=\"index, follow, max-snippet:-1, max-image-preview:large, max-video-preview:-1\" \/>\n<link rel=\"canonical\" href=\"https:\/\/produncan.cl\/de\/produkt\/haus-alto-frutillar-region-los-lagos\/\" \/>\n<meta property=\"og:locale\" content=\"de_DE\" \/>\n<meta property=\"og:type\" content=\"article\" \/>\n<meta property=\"og:title\" content=\"Haus Alto Frutillar - Region Los Lagos\" \/>\n<meta property=\"og:description\" content=\"Grundst\u00fcck in Frutillar mit 164m\u00b2 Haus in konsolidiertem Projekt mit schnellem Zugang zur Route 5 S\u00fcd. Underground Energie, Trinkwasser und Gemeinschaftsr\u00e4ume.\" \/>\n<meta property=\"og:url\" content=\"https:\/\/produncan.cl\/de\/produkt\/haus-alto-frutillar-region-los-lagos\/\" \/>\n<meta property=\"og:site_name\" content=\"Produncan\" \/>\n<meta property=\"article:publisher\" content=\"https:\/\/web.facebook.com\/produncanland\" \/>\n<meta property=\"article:modified_time\" content=\"2025-06-29T05:13:15+00:00\" \/>\n<meta property=\"og:image\" content=\"https:\/\/produncan.cl\/wp-content\/uploads\/2024\/05\/Plantilla-proyecto-vendido.webp\" \/>\n\t<meta property=\"og:image:width\" content=\"800\" \/>\n\t<meta property=\"og:image:height\" content=\"600\" \/>\n\t<meta property=\"og:image:type\" content=\"image\/webp\" \/>\n<meta name=\"twitter:card\" content=\"summary_large_image\" \/>\n<meta name=\"twitter:label1\" content=\"Price\" \/>\n\t<meta name=\"twitter:data1\" content=\"\" \/>\n\t<meta name=\"twitter:label2\" content=\"Availability\" \/>\n\t<meta name=\"twitter:data2\" content=\"Out of stock\" \/>\n<script type=\"application\/ld+json\" class=\"yoast-schema-graph\">{\"@context\":\"https:\\\/\\\/schema.org\",\"@graph\":[{\"@type\":\"WebPage\",\"@id\":\"https:\\\/\\\/produncan.cl\\\/de\\\/produkt\\\/haus-alto-frutillar-region-los-lagos\\\/\",\"url\":\"https:\\\/\\\/produncan.cl\\\/de\\\/produkt\\\/haus-alto-frutillar-region-los-lagos\\\/\",\"name\":\"Grundst\u00fcck mit Haus in Frutillar -% Haus Alto Frutillar - Produncan\",\"isPartOf\":{\"@id\":\"https:\\\/\\\/produncan.cl\\\/de\\\/#website\"},\"primaryImageOfPage\":{\"@id\":\"https:\\\/\\\/produncan.cl\\\/de\\\/produkt\\\/haus-alto-frutillar-region-los-lagos\\\/#primaryimage\"},\"image\":{\"@id\":\"https:\\\/\\\/produncan.cl\\\/de\\\/produkt\\\/haus-alto-frutillar-region-los-lagos\\\/#primaryimage\"},\"thumbnailUrl\":\"https:\\\/\\\/produncan.cl\\\/wp-content\\\/uploads\\\/2024\\\/05\\\/Plantilla-proyecto-vendido.webp\",\"datePublished\":\"2021-05-15T22:35:20+00:00\",\"dateModified\":\"2025-06-29T05:13:15+00:00\",\"description\":\"Grundst\u00fcck in Frutillar mit 164m\u00b2 Haus in konsolidiertem Projekt mit schnellem Zugang zur Route 5 S\u00fcd. Underground Energie, Trinkwasser und Gemeinschaftsr\u00e4ume.\",\"breadcrumb\":{\"@id\":\"https:\\\/\\\/produncan.cl\\\/de\\\/produkt\\\/haus-alto-frutillar-region-los-lagos\\\/#breadcrumb\"},\"inLanguage\":\"de-DE\",\"potentialAction\":[{\"@type\":\"ReadAction\",\"target\":[\"https:\\\/\\\/produncan.cl\\\/de\\\/produkt\\\/haus-alto-frutillar-region-los-lagos\\\/\"]}]},{\"@type\":\"ImageObject\",\"inLanguage\":\"de-DE\",\"@id\":\"https:\\\/\\\/produncan.cl\\\/de\\\/produkt\\\/haus-alto-frutillar-region-los-lagos\\\/#primaryimage\",\"url\":\"https:\\\/\\\/produncan.cl\\\/wp-content\\\/uploads\\\/2024\\\/05\\\/Plantilla-proyecto-vendido.webp\",\"contentUrl\":\"https:\\\/\\\/produncan.cl\\\/wp-content\\\/uploads\\\/2024\\\/05\\\/Plantilla-proyecto-vendido.webp\",\"width\":800,\"height\":600},{\"@type\":\"BreadcrumbList\",\"@id\":\"https:\\\/\\\/produncan.cl\\\/de\\\/produkt\\\/haus-alto-frutillar-region-los-lagos\\\/#breadcrumb\",\"itemListElement\":[{\"@type\":\"ListItem\",\"position\":1,\"name\":\"Inicio\",\"item\":\"https:\\\/\\\/produncan.cl\\\/de\\\/\"},{\"@type\":\"ListItem\",\"position\":2,\"name\":\"Eigenschaften\",\"item\":\"https:\\\/\\\/produncan.cl\\\/propiedades\\\/\"},{\"@type\":\"ListItem\",\"position\":3,\"name\":\"Grundst\u00fccke\",\"item\":\"https:\\\/\\\/produncan.cl\\\/de\\\/kategorie\\\/grundstuecke\\\/\"},{\"@type\":\"ListItem\",\"position\":4,\"name\":\"Haus Alto Frutillar &#8211; Region Los Lagos\"}]},{\"@type\":\"WebSite\",\"@id\":\"https:\\\/\\\/produncan.cl\\\/de\\\/#website\",\"url\":\"https:\\\/\\\/produncan.cl\\\/de\\\/\",\"name\":\"Produncan\",\"description\":\"Wir begleiten Sie bei Ihrem Lebensprojekt!\",\"publisher\":{\"@id\":\"https:\\\/\\\/produncan.cl\\\/de\\\/#organization\"},\"potentialAction\":[{\"@type\":\"SearchAction\",\"target\":{\"@type\":\"EntryPoint\",\"urlTemplate\":\"https:\\\/\\\/produncan.cl\\\/de\\\/?s={search_term_string}\"},\"query-input\":{\"@type\":\"PropertyValueSpecification\",\"valueRequired\":true,\"valueName\":\"search_term_string\"}}],\"inLanguage\":\"de-DE\"},{\"@type\":\"Organization\",\"@id\":\"https:\\\/\\\/produncan.cl\\\/de\\\/#organization\",\"name\":\"Produncan\",\"url\":\"https:\\\/\\\/produncan.cl\\\/de\\\/\",\"logo\":{\"@type\":\"ImageObject\",\"inLanguage\":\"de-DE\",\"@id\":\"https:\\\/\\\/produncan.cl\\\/de\\\/#\\\/schema\\\/logo\\\/image\\\/\",\"url\":\"https:\\\/\\\/produncan.cl\\\/wp-content\\\/uploads\\\/2021\\\/03\\\/LOGO.jpeg\",\"contentUrl\":\"https:\\\/\\\/produncan.cl\\\/wp-content\\\/uploads\\\/2021\\\/03\\\/LOGO.jpeg\",\"width\":1280,\"height\":903,\"caption\":\"Produncan\"},\"image\":{\"@id\":\"https:\\\/\\\/produncan.cl\\\/de\\\/#\\\/schema\\\/logo\\\/image\\\/\"},\"sameAs\":[\"https:\\\/\\\/web.facebook.com\\\/produncanland\",\"https:\\\/\\\/www.instagram.com\\\/pro_duncan\\\/\",\"https:\\\/\\\/www.linkedin.com\\\/company\\\/produncan-lands\\\/\",\"https:\\\/\\\/www.youtube.com\\\/channel\\\/UCu7N-f3x0svkazD-Eew1-QQ\"],\"description\":\"En Produncan somos especialistas en la venta de terrenos en el sur de Chile. Proveemos estancias, campos, parcelas y hoteles.\",\"email\":\"info@produncan.cl\"}]}<\/script>\n<meta property=\"og:video\" content=\"https:\/\/www.youtube.com\/embed\/N3wnBPddb8U\" \/>\n<meta property=\"og:video:type\" content=\"text\/html\" \/>\n<meta property=\"og:video:duration\" content=\"85\" \/>\n<meta property=\"og:video:width\" content=\"480\" \/>\n<meta property=\"og:video:height\" content=\"360\" \/>\n<meta property=\"ya:ovs:adult\" content=\"false\" \/>\n<meta property=\"ya:ovs:upload_date\" content=\"2021-05-15T22:35:20+00:00\" \/>\n<meta property=\"ya:ovs:allow_embed\" content=\"true\" \/>\n<meta property=\"product:price:currency\" content=\"USD\" \/>\n<meta property=\"og:availability\" content=\"out of stock\" \/>\n<meta property=\"product:availability\" content=\"out of stock\" \/>\n<meta property=\"product:condition\" content=\"new\" \/>\n<!-- \/ Yoast SEO Premium plugin. -->","yoast_head_json":{"title":"Grundst\u00fcck mit Haus in Frutillar -% Haus Alto Frutillar - Produncan","description":"Grundst\u00fcck in Frutillar mit 164m\u00b2 Haus in konsolidiertem Projekt mit schnellem Zugang zur Route 5 S\u00fcd. Underground Energie, Trinkwasser und Gemeinschaftsr\u00e4ume.","robots":{"index":"index","follow":"follow","max-snippet":"max-snippet:-1","max-image-preview":"max-image-preview:large","max-video-preview":"max-video-preview:-1"},"canonical":"https:\/\/produncan.cl\/de\/produkt\/haus-alto-frutillar-region-los-lagos\/","og_locale":"de_DE","og_type":"article","og_title":"Haus Alto Frutillar - Region Los Lagos","og_description":"Grundst\u00fcck in Frutillar mit 164m\u00b2 Haus in konsolidiertem Projekt mit schnellem Zugang zur Route 5 S\u00fcd. Underground Energie, Trinkwasser und Gemeinschaftsr\u00e4ume.","og_url":"https:\/\/produncan.cl\/de\/produkt\/haus-alto-frutillar-region-los-lagos\/","og_site_name":"Produncan","article_publisher":"https:\/\/web.facebook.com\/produncanland","article_modified_time":"2025-06-29T05:13:15+00:00","og_image":[{"width":800,"height":600,"url":"https:\/\/produncan.cl\/wp-content\/uploads\/2024\/05\/Plantilla-proyecto-vendido.webp","type":"image\/webp"}],"twitter_card":"summary_large_image","twitter_misc":{"Price":"","Availability":"Out of stock"},"schema":{"@context":"https:\/\/schema.org","@graph":[{"@type":"WebPage","@id":"https:\/\/produncan.cl\/de\/produkt\/haus-alto-frutillar-region-los-lagos\/","url":"https:\/\/produncan.cl\/de\/produkt\/haus-alto-frutillar-region-los-lagos\/","name":"Grundst\u00fcck mit Haus in Frutillar -% Haus Alto Frutillar - Produncan","isPartOf":{"@id":"https:\/\/produncan.cl\/de\/#website"},"primaryImageOfPage":{"@id":"https:\/\/produncan.cl\/de\/produkt\/haus-alto-frutillar-region-los-lagos\/#primaryimage"},"image":{"@id":"https:\/\/produncan.cl\/de\/produkt\/haus-alto-frutillar-region-los-lagos\/#primaryimage"},"thumbnailUrl":"https:\/\/produncan.cl\/wp-content\/uploads\/2024\/05\/Plantilla-proyecto-vendido.webp","datePublished":"2021-05-15T22:35:20+00:00","dateModified":"2025-06-29T05:13:15+00:00","description":"Grundst\u00fcck in Frutillar mit 164m\u00b2 Haus in konsolidiertem Projekt mit schnellem Zugang zur Route 5 S\u00fcd. Underground Energie, Trinkwasser und Gemeinschaftsr\u00e4ume.","breadcrumb":{"@id":"https:\/\/produncan.cl\/de\/produkt\/haus-alto-frutillar-region-los-lagos\/#breadcrumb"},"inLanguage":"de-DE","potentialAction":[{"@type":"ReadAction","target":["https:\/\/produncan.cl\/de\/produkt\/haus-alto-frutillar-region-los-lagos\/"]}]},{"@type":"ImageObject","inLanguage":"de-DE","@id":"https:\/\/produncan.cl\/de\/produkt\/haus-alto-frutillar-region-los-lagos\/#primaryimage","url":"https:\/\/produncan.cl\/wp-content\/uploads\/2024\/05\/Plantilla-proyecto-vendido.webp","contentUrl":"https:\/\/produncan.cl\/wp-content\/uploads\/2024\/05\/Plantilla-proyecto-vendido.webp","width":800,"height":600},{"@type":"BreadcrumbList","@id":"https:\/\/produncan.cl\/de\/produkt\/haus-alto-frutillar-region-los-lagos\/#breadcrumb","itemListElement":[{"@type":"ListItem","position":1,"name":"Inicio","item":"https:\/\/produncan.cl\/de\/"},{"@type":"ListItem","position":2,"name":"Eigenschaften","item":"https:\/\/produncan.cl\/propiedades\/"},{"@type":"ListItem","position":3,"name":"Grundst\u00fccke","item":"https:\/\/produncan.cl\/de\/kategorie\/grundstuecke\/"},{"@type":"ListItem","position":4,"name":"Haus Alto Frutillar &#8211; Region Los Lagos"}]},{"@type":"WebSite","@id":"https:\/\/produncan.cl\/de\/#website","url":"https:\/\/produncan.cl\/de\/","name":"Produncan","description":"Wir begleiten Sie bei Ihrem Lebensprojekt!","publisher":{"@id":"https:\/\/produncan.cl\/de\/#organization"},"potentialAction":[{"@type":"SearchAction","target":{"@type":"EntryPoint","urlTemplate":"https:\/\/produncan.cl\/de\/?s={search_term_string}"},"query-input":{"@type":"PropertyValueSpecification","valueRequired":true,"valueName":"search_term_string"}}],"inLanguage":"de-DE"},{"@type":"Organization","@id":"https:\/\/produncan.cl\/de\/#organization","name":"Produncan","url":"https:\/\/produncan.cl\/de\/","logo":{"@type":"ImageObject","inLanguage":"de-DE","@id":"https:\/\/produncan.cl\/de\/#\/schema\/logo\/image\/","url":"https:\/\/produncan.cl\/wp-content\/uploads\/2021\/03\/LOGO.jpeg","contentUrl":"https:\/\/produncan.cl\/wp-content\/uploads\/2021\/03\/LOGO.jpeg","width":1280,"height":903,"caption":"Produncan"},"image":{"@id":"https:\/\/produncan.cl\/de\/#\/schema\/logo\/image\/"},"sameAs":["https:\/\/web.facebook.com\/produncanland","https:\/\/www.instagram.com\/pro_duncan\/","https:\/\/www.linkedin.com\/company\/produncan-lands\/","https:\/\/www.youtube.com\/channel\/UCu7N-f3x0svkazD-Eew1-QQ"],"description":"En Produncan somos especialistas en la venta de terrenos en el sur de Chile. Proveemos estancias, campos, parcelas y hoteles.","email":"info@produncan.cl"}]},"og_video":"https:\/\/www.youtube.com\/embed\/N3wnBPddb8U","og_video_type":"text\/html","og_video_duration":"85","og_video_width":"480","og_video_height":"360","ya_ovs_adult":"false","ya_ovs_upload_date":"2021-05-15T22:35:20+00:00","ya_ovs_allow_embed":"true","product_price_currency":"USD","og_availability":"out of stock","product_availability":"out of stock","product_condition":"new"},"_links":{"self":[{"href":"https:\/\/produncan.cl\/de\/wp-json\/wp\/v2\/product\/29460","targetHints":{"allow":["GET"]}}],"collection":[{"href":"https:\/\/produncan.cl\/de\/wp-json\/wp\/v2\/product"}],"about":[{"href":"https:\/\/produncan.cl\/de\/wp-json\/wp\/v2\/types\/product"}],"version-history":[{"count":0,"href":"https:\/\/produncan.cl\/de\/wp-json\/wp\/v2\/product\/29460\/revisions"}],"wp:featuredmedia":[{"embeddable":true,"href":"https:\/\/produncan.cl\/de\/wp-json\/wp\/v2\/media\/38480"}],"wp:attachment":[{"href":"https:\/\/produncan.cl\/de\/wp-json\/wp\/v2\/media?parent=29460"}],"wp:term":[{"taxonomy":"product_brand","embeddable":true,"href":"https:\/\/produncan.cl\/de\/wp-json\/wp\/v2\/product_brand?post=29460"},{"taxonomy":"product_cat","embeddable":true,"href":"https:\/\/produncan.cl\/de\/wp-json\/wp\/v2\/product_cat?post=29460"},{"taxonomy":"product_tag","embeddable":true,"href":"https:\/\/produncan.cl\/de\/wp-json\/wp\/v2\/product_tag?post=29460"},{"taxonomy":"regiones","embeddable":true,"href":"https:\/\/produncan.cl\/de\/wp-json\/wp\/v2\/regiones?post=29460"},{"taxonomy":"ciudades","embeddable":true,"href":"https:\/\/produncan.cl\/de\/wp-json\/wp\/v2\/ciudades?post=29460"}],"curies":[{"name":"wp","href":"https:\/\/api.w.org\/{rel}","templated":true}]}}