{"id":29462,"date":"2021-02-25T11:31:40","date_gmt":"2021-02-25T14:31:40","guid":{"rendered":"https:\/\/produncan.cl\/producto\/grundstueck-rincon-anima-los-muermos-seengebiet\/"},"modified":"2025-07-02T12:40:38","modified_gmt":"2025-07-02T16:40:38","slug":"grundstueck-rincon-anima-los-muermos-seengebiet","status":"publish","type":"product","link":"https:\/\/produncan.cl\/de\/produkt\/grundstueck-rincon-anima-los-muermos-seengebiet\/","title":{"rendered":"Grundst\u00fcck Rinc\u00f3n \u00c1nima &#8211; Los Muermos &#8211; Seengebiet"},"content":{"rendered":"\t\t<div data-elementor-type=\"product-post\" data-elementor-id=\"29462\" class=\"elementor elementor-29462 elementor-29184\" data-elementor-post-type=\"product\">\n\t\t\t\t<div class=\"elementor-element elementor-element-6466e16 e-flex e-con-boxed e-con e-parent\" data-id=\"6466e16\" data-element_type=\"container\" data-e-type=\"container\" data-settings=\"{&quot;jet_parallax_layout_list&quot;:[]}\">\n\t\t\t\t\t<div class=\"e-con-inner\">\n\t\t\t\t<div class=\"elementor-element elementor-element-f97180b elementor-widget elementor-widget-heading\" data-id=\"f97180b\" data-element_type=\"widget\" data-e-type=\"widget\" data-widget_type=\"heading.default\">\n\t\t\t\t\t<h2 class=\"elementor-heading-title elementor-size-default\">Grundst\u00fcck im Sektor Rinc\u00f3n \u00c1nima mit Flussufer und idealer Topographie f\u00fcr Ihr Projekt.<\/h2>\t\t\t\t<\/div>\n\t\t\t\t\t<\/div>\n\t\t\t\t<\/div>\n\t\t<div class=\"elementor-element elementor-element-4d4e924 e-flex e-con-boxed e-con e-parent\" data-id=\"4d4e924\" data-element_type=\"container\" data-e-type=\"container\" data-settings=\"{&quot;jet_parallax_layout_list&quot;:[]}\">\n\t\t\t\t\t<div class=\"e-con-inner\">\n\t\t\t\t<div class=\"elementor-element elementor-element-0c5b089 elementor-widget elementor-widget-text-editor\" data-id=\"0c5b089\" data-element_type=\"widget\" data-e-type=\"widget\" data-widget_type=\"text-editor.default\">\n\t\t\t\t\t\t\t\t\t<p>K\u00f6nnen Sie sich Ihre Zuflucht im S\u00fcden an einem Fluss vorstellen?<\/p><p>Dieses 7000 m\u00b2 gro\u00dfe Grundst\u00fcck zwischen Estaci\u00f3n R\u00edo Fr\u00edo und Llico Bajo ist Ihre Gelegenheit, Ihr eigenes Paradies zu schaffen.\nWachen Sie mit dem Rauschen des Hua Huar-Flusses zu Ihren F\u00fc\u00dfen auf und betrachten Sie das 220 Meter lange Flussufer.\nHier k\u00f6nnen Sie Ihre eigenen Lebensmittel anbauen und ein Tourismusprojekt in einer aufstrebenden Region entwickeln.  <\/p><p>Es ist sehr gut erschlossen, da die \u00f6ffentliche Stra\u00dfe direkt an das Grundst\u00fcck angrenzt.\nVon Los Muermos aus gelangt man in nur 35 Minuten \u00fcber eine asphaltierte Stra\u00dfe, gefolgt von 14 Kilometern Schotterstra\u00dfe in gutem Zustand. <\/p><p>Das Grundst\u00fcck verf\u00fcgt \u00fcber einen Stromanschluss, der \u00fcber die Stromleitung an der Stra\u00dfe zug\u00e4nglich ist, und es besteht die M\u00f6glichkeit, ein Wasserrad zu bauen, um Wasser zu gewinnen, sowie den Fluss zu nutzen.<\/p><p>Die flache Topographie macht es ideal f\u00fcr verschiedene Projekte, w\u00e4hrend die gute Sonneneinstrahlung ein warmes und helles Klima f\u00fcr den gr\u00f6\u00dften Teil des Jahres garantiert.\nMit 60 % Wiesen und 40 % einheimischen B\u00e4umen genie\u00dfen Sie eine abwechslungsreiche und ausgewogene Natur. <\/p><p>In der N\u00e4he befinden sich zwei Krankenstationen, eine Schule und die sch\u00f6ne chilenische K\u00fcste bei Llico Bajo.\nSie sind auch nur 35 Minuten von Los Muermos, 1 Stunde und 20 Minuten von Puerto Varas und dem Flughafen El Tepual in Puerto Montt entfernt. <\/p><p>Verpassen Sie nicht diese einmalige Gelegenheit, ein exklusives Grundst\u00fcck zu einem sehr g\u00fcnstigen Preis zu erwerben!<\/p>\t\t\t\t\t\t\t\t<\/div>\n\t\t\t\t\t<\/div>\n\t\t\t\t<\/div>\n\t\t\t\t<\/div>\n\t\t","protected":false},"excerpt":{"rendered":"<p>Einzigartiges Grundst\u00fcck von 7000m\u00b2 mit 220 Metern Flusslauf in 1:20 Stunden westlich von Puerto Varas mit Stromanschluss, flacher Topographie und direktem Zugang zur \u00f6ffentlichen Stra\u00dfe.<br \/>\nEs besteht zu 60 % aus Gr\u00fcnland und zu 40 % aus einheimischen Pflanzen. <\/p>\n","protected":false},"featured_media":38473,"template":"","meta":{"_acf_changed":false},"product_brand":[],"product_cat":[104],"product_tag":[232],"regiones":[226],"ciudades":[216],"class_list":{"0":"post-29462","1":"product","2":"type-product","3":"status-publish","4":"has-post-thumbnail","6":"product_cat-ohiggins-los-lagos","7":"product_tag-grundstuecke","8":"regiones-nuble-los_lagos","9":"ciudades-los-muermos","11":"first","12":"outofstock","13":"sold-individually","14":"shipping-taxable","15":"product-type-simple"},"acf":[],"yoast_head":"<!-- This site is optimized with the Yoast SEO Premium plugin v26.0 (Yoast SEO v27.3) - https:\/\/yoast.com\/product\/yoast-seo-premium-wordpress\/ -->\n<title>Grundst\u00fcck Rinc\u00f3n \u00c1nima - Los Muermos - Seengebiet - Produncan<\/title>\n<meta name=\"description\" content=\"Parzelle Rinc\u00f3n \u00c1nima von 7000m\u00b2 und 220 Metern Flussl\u00e4nge, 1:20 Stunden von Puerto Varas entfernt, mit Stromanschluss, flacher Topographie und direktem Zugang zur \u00f6ffentlichen Stra\u00dfe;\" \/>\n<meta name=\"robots\" content=\"index, follow, max-snippet:-1, max-image-preview:large, max-video-preview:-1\" \/>\n<link rel=\"canonical\" href=\"https:\/\/produncan.cl\/de\/produkt\/grundstueck-rincon-anima-los-muermos-seengebiet\/\" \/>\n<meta property=\"og:locale\" content=\"de_DE\" \/>\n<meta property=\"og:type\" content=\"article\" \/>\n<meta property=\"og:title\" content=\"Grundst\u00fcck Rinc\u00f3n \u00c1nima - Los Muermos - Seengebiet\" \/>\n<meta property=\"og:description\" content=\"Parzelle Rinc\u00f3n \u00c1nima von 7000m\u00b2 und 220 Metern Flussl\u00e4nge, 1:20 Stunden von Puerto Varas entfernt, mit Stromanschluss, flacher Topographie und direktem Zugang zur \u00f6ffentlichen Stra\u00dfe;\" \/>\n<meta property=\"og:url\" content=\"https:\/\/produncan.cl\/de\/produkt\/grundstueck-rincon-anima-los-muermos-seengebiet\/\" \/>\n<meta property=\"og:site_name\" content=\"Produncan\" \/>\n<meta property=\"article:publisher\" content=\"https:\/\/web.facebook.com\/produncanland\" \/>\n<meta property=\"article:modified_time\" content=\"2025-07-02T16:40:38+00:00\" \/>\n<meta property=\"og:image\" content=\"https:\/\/produncan.cl\/wp-content\/uploads\/2024\/04\/Parcela-en-venta-sector-Rincon-Anima-Los-Muermos.webp\" \/>\n<meta name=\"twitter:card\" content=\"summary_large_image\" \/>\n<meta name=\"twitter:label1\" content=\"Price\" \/>\n\t<meta name=\"twitter:data1\" content=\"\" \/>\n\t<meta name=\"twitter:label2\" content=\"Availability\" \/>\n\t<meta name=\"twitter:data2\" content=\"Out of stock\" \/>\n<script type=\"application\/ld+json\" class=\"yoast-schema-graph\">{\"@context\":\"https:\\\/\\\/schema.org\",\"@graph\":[{\"@type\":\"WebPage\",\"@id\":\"https:\\\/\\\/produncan.cl\\\/de\\\/produkt\\\/grundstueck-rincon-anima-los-muermos-seengebiet\\\/\",\"url\":\"https:\\\/\\\/produncan.cl\\\/de\\\/produkt\\\/grundstueck-rincon-anima-los-muermos-seengebiet\\\/\",\"name\":\"Grundst\u00fcck Rinc\u00f3n \u00c1nima - Los Muermos - Seengebiet - Produncan\",\"isPartOf\":{\"@id\":\"https:\\\/\\\/produncan.cl\\\/de\\\/#website\"},\"primaryImageOfPage\":{\"@id\":\"https:\\\/\\\/produncan.cl\\\/de\\\/produkt\\\/grundstueck-rincon-anima-los-muermos-seengebiet\\\/#primaryimage\"},\"image\":{\"@id\":\"https:\\\/\\\/produncan.cl\\\/de\\\/produkt\\\/grundstueck-rincon-anima-los-muermos-seengebiet\\\/#primaryimage\"},\"thumbnailUrl\":\"https:\\\/\\\/produncan.cl\\\/wp-content\\\/uploads\\\/2024\\\/02\\\/Parcela-Rincon-Anima-Vendido.webp\",\"datePublished\":\"2021-02-25T14:31:40+00:00\",\"dateModified\":\"2025-07-02T16:40:38+00:00\",\"description\":\"Parzelle Rinc\u00f3n \u00c1nima von 7000m\u00b2 und 220 Metern Flussl\u00e4nge, 1:20 Stunden von Puerto Varas entfernt, mit Stromanschluss, flacher Topographie und direktem Zugang zur \u00f6ffentlichen Stra\u00dfe;\",\"breadcrumb\":{\"@id\":\"https:\\\/\\\/produncan.cl\\\/de\\\/produkt\\\/grundstueck-rincon-anima-los-muermos-seengebiet\\\/#breadcrumb\"},\"inLanguage\":\"de-DE\",\"potentialAction\":[{\"@type\":\"ReadAction\",\"target\":[\"https:\\\/\\\/produncan.cl\\\/de\\\/produkt\\\/grundstueck-rincon-anima-los-muermos-seengebiet\\\/\"]}]},{\"@type\":\"ImageObject\",\"inLanguage\":\"de-DE\",\"@id\":\"https:\\\/\\\/produncan.cl\\\/de\\\/produkt\\\/grundstueck-rincon-anima-los-muermos-seengebiet\\\/#primaryimage\",\"url\":\"https:\\\/\\\/produncan.cl\\\/wp-content\\\/uploads\\\/2024\\\/02\\\/Parcela-Rincon-Anima-Vendido.webp\",\"contentUrl\":\"https:\\\/\\\/produncan.cl\\\/wp-content\\\/uploads\\\/2024\\\/02\\\/Parcela-Rincon-Anima-Vendido.webp\",\"width\":800,\"height\":600},{\"@type\":\"BreadcrumbList\",\"@id\":\"https:\\\/\\\/produncan.cl\\\/de\\\/produkt\\\/grundstueck-rincon-anima-los-muermos-seengebiet\\\/#breadcrumb\",\"itemListElement\":[{\"@type\":\"ListItem\",\"position\":1,\"name\":\"Inicio\",\"item\":\"https:\\\/\\\/produncan.cl\\\/de\\\/\"},{\"@type\":\"ListItem\",\"position\":2,\"name\":\"Eigenschaften\",\"item\":\"https:\\\/\\\/produncan.cl\\\/propiedades\\\/\"},{\"@type\":\"ListItem\",\"position\":3,\"name\":\"Grundst\u00fccke\",\"item\":\"https:\\\/\\\/produncan.cl\\\/de\\\/kategorie\\\/grundstuecke\\\/\"},{\"@type\":\"ListItem\",\"position\":4,\"name\":\"Grundst\u00fcck Rinc\u00f3n \u00c1nima &#8211; Los Muermos &#8211; Seengebiet\"}]},{\"@type\":\"WebSite\",\"@id\":\"https:\\\/\\\/produncan.cl\\\/de\\\/#website\",\"url\":\"https:\\\/\\\/produncan.cl\\\/de\\\/\",\"name\":\"Produncan\",\"description\":\"Wir begleiten Sie bei Ihrem Lebensprojekt!\",\"publisher\":{\"@id\":\"https:\\\/\\\/produncan.cl\\\/de\\\/#organization\"},\"potentialAction\":[{\"@type\":\"SearchAction\",\"target\":{\"@type\":\"EntryPoint\",\"urlTemplate\":\"https:\\\/\\\/produncan.cl\\\/de\\\/?s={search_term_string}\"},\"query-input\":{\"@type\":\"PropertyValueSpecification\",\"valueRequired\":true,\"valueName\":\"search_term_string\"}}],\"inLanguage\":\"de-DE\"},{\"@type\":\"Organization\",\"@id\":\"https:\\\/\\\/produncan.cl\\\/de\\\/#organization\",\"name\":\"Produncan\",\"url\":\"https:\\\/\\\/produncan.cl\\\/de\\\/\",\"logo\":{\"@type\":\"ImageObject\",\"inLanguage\":\"de-DE\",\"@id\":\"https:\\\/\\\/produncan.cl\\\/de\\\/#\\\/schema\\\/logo\\\/image\\\/\",\"url\":\"https:\\\/\\\/produncan.cl\\\/wp-content\\\/uploads\\\/2021\\\/03\\\/LOGO.jpeg\",\"contentUrl\":\"https:\\\/\\\/produncan.cl\\\/wp-content\\\/uploads\\\/2021\\\/03\\\/LOGO.jpeg\",\"width\":1280,\"height\":903,\"caption\":\"Produncan\"},\"image\":{\"@id\":\"https:\\\/\\\/produncan.cl\\\/de\\\/#\\\/schema\\\/logo\\\/image\\\/\"},\"sameAs\":[\"https:\\\/\\\/web.facebook.com\\\/produncanland\",\"https:\\\/\\\/www.instagram.com\\\/pro_duncan\\\/\",\"https:\\\/\\\/www.linkedin.com\\\/company\\\/produncan-lands\\\/\",\"https:\\\/\\\/www.youtube.com\\\/channel\\\/UCu7N-f3x0svkazD-Eew1-QQ\"],\"description\":\"En Produncan somos especialistas en la venta de terrenos en el sur de Chile. Proveemos estancias, campos, parcelas y hoteles.\",\"email\":\"info@produncan.cl\"}]}<\/script>\n<meta property=\"og:video\" content=\"https:\/\/www.youtube.com\/embed\/tIrRRFqHG9M\" \/>\n<meta property=\"og:video:type\" content=\"text\/html\" \/>\n<meta property=\"og:video:duration\" content=\"81\" \/>\n<meta property=\"og:video:width\" content=\"480\" \/>\n<meta property=\"og:video:height\" content=\"360\" \/>\n<meta property=\"ya:ovs:adult\" content=\"false\" \/>\n<meta property=\"ya:ovs:upload_date\" content=\"2021-02-25T14:31:40+00:00\" \/>\n<meta property=\"ya:ovs:allow_embed\" content=\"true\" \/>\n<meta property=\"product:price:currency\" content=\"USD\" \/>\n<meta property=\"og:availability\" content=\"out of stock\" \/>\n<meta property=\"product:availability\" content=\"out of stock\" \/>\n<meta property=\"product:condition\" content=\"new\" \/>\n<!-- \/ Yoast SEO Premium plugin. -->","yoast_head_json":{"title":"Grundst\u00fcck Rinc\u00f3n \u00c1nima - Los Muermos - Seengebiet - Produncan","description":"Parzelle Rinc\u00f3n \u00c1nima von 7000m\u00b2 und 220 Metern Flussl\u00e4nge, 1:20 Stunden von Puerto Varas entfernt, mit Stromanschluss, flacher Topographie und direktem Zugang zur \u00f6ffentlichen Stra\u00dfe;","robots":{"index":"index","follow":"follow","max-snippet":"max-snippet:-1","max-image-preview":"max-image-preview:large","max-video-preview":"max-video-preview:-1"},"canonical":"https:\/\/produncan.cl\/de\/produkt\/grundstueck-rincon-anima-los-muermos-seengebiet\/","og_locale":"de_DE","og_type":"article","og_title":"Grundst\u00fcck Rinc\u00f3n \u00c1nima - Los Muermos - Seengebiet","og_description":"Parzelle Rinc\u00f3n \u00c1nima von 7000m\u00b2 und 220 Metern Flussl\u00e4nge, 1:20 Stunden von Puerto Varas entfernt, mit Stromanschluss, flacher Topographie und direktem Zugang zur \u00f6ffentlichen Stra\u00dfe;","og_url":"https:\/\/produncan.cl\/de\/produkt\/grundstueck-rincon-anima-los-muermos-seengebiet\/","og_site_name":"Produncan","article_publisher":"https:\/\/web.facebook.com\/produncanland","article_modified_time":"2025-07-02T16:40:38+00:00","og_image":[{"url":"https:\/\/produncan.cl\/wp-content\/uploads\/2024\/04\/Parcela-en-venta-sector-Rincon-Anima-Los-Muermos.webp","type":"","width":"","height":""}],"twitter_card":"summary_large_image","twitter_misc":{"Price":"","Availability":"Out of stock"},"schema":{"@context":"https:\/\/schema.org","@graph":[{"@type":"WebPage","@id":"https:\/\/produncan.cl\/de\/produkt\/grundstueck-rincon-anima-los-muermos-seengebiet\/","url":"https:\/\/produncan.cl\/de\/produkt\/grundstueck-rincon-anima-los-muermos-seengebiet\/","name":"Grundst\u00fcck Rinc\u00f3n \u00c1nima - Los Muermos - Seengebiet - Produncan","isPartOf":{"@id":"https:\/\/produncan.cl\/de\/#website"},"primaryImageOfPage":{"@id":"https:\/\/produncan.cl\/de\/produkt\/grundstueck-rincon-anima-los-muermos-seengebiet\/#primaryimage"},"image":{"@id":"https:\/\/produncan.cl\/de\/produkt\/grundstueck-rincon-anima-los-muermos-seengebiet\/#primaryimage"},"thumbnailUrl":"https:\/\/produncan.cl\/wp-content\/uploads\/2024\/02\/Parcela-Rincon-Anima-Vendido.webp","datePublished":"2021-02-25T14:31:40+00:00","dateModified":"2025-07-02T16:40:38+00:00","description":"Parzelle Rinc\u00f3n \u00c1nima von 7000m\u00b2 und 220 Metern Flussl\u00e4nge, 1:20 Stunden von Puerto Varas entfernt, mit Stromanschluss, flacher Topographie und direktem Zugang zur \u00f6ffentlichen Stra\u00dfe;","breadcrumb":{"@id":"https:\/\/produncan.cl\/de\/produkt\/grundstueck-rincon-anima-los-muermos-seengebiet\/#breadcrumb"},"inLanguage":"de-DE","potentialAction":[{"@type":"ReadAction","target":["https:\/\/produncan.cl\/de\/produkt\/grundstueck-rincon-anima-los-muermos-seengebiet\/"]}]},{"@type":"ImageObject","inLanguage":"de-DE","@id":"https:\/\/produncan.cl\/de\/produkt\/grundstueck-rincon-anima-los-muermos-seengebiet\/#primaryimage","url":"https:\/\/produncan.cl\/wp-content\/uploads\/2024\/02\/Parcela-Rincon-Anima-Vendido.webp","contentUrl":"https:\/\/produncan.cl\/wp-content\/uploads\/2024\/02\/Parcela-Rincon-Anima-Vendido.webp","width":800,"height":600},{"@type":"BreadcrumbList","@id":"https:\/\/produncan.cl\/de\/produkt\/grundstueck-rincon-anima-los-muermos-seengebiet\/#breadcrumb","itemListElement":[{"@type":"ListItem","position":1,"name":"Inicio","item":"https:\/\/produncan.cl\/de\/"},{"@type":"ListItem","position":2,"name":"Eigenschaften","item":"https:\/\/produncan.cl\/propiedades\/"},{"@type":"ListItem","position":3,"name":"Grundst\u00fccke","item":"https:\/\/produncan.cl\/de\/kategorie\/grundstuecke\/"},{"@type":"ListItem","position":4,"name":"Grundst\u00fcck Rinc\u00f3n \u00c1nima &#8211; Los Muermos &#8211; Seengebiet"}]},{"@type":"WebSite","@id":"https:\/\/produncan.cl\/de\/#website","url":"https:\/\/produncan.cl\/de\/","name":"Produncan","description":"Wir begleiten Sie bei Ihrem Lebensprojekt!","publisher":{"@id":"https:\/\/produncan.cl\/de\/#organization"},"potentialAction":[{"@type":"SearchAction","target":{"@type":"EntryPoint","urlTemplate":"https:\/\/produncan.cl\/de\/?s={search_term_string}"},"query-input":{"@type":"PropertyValueSpecification","valueRequired":true,"valueName":"search_term_string"}}],"inLanguage":"de-DE"},{"@type":"Organization","@id":"https:\/\/produncan.cl\/de\/#organization","name":"Produncan","url":"https:\/\/produncan.cl\/de\/","logo":{"@type":"ImageObject","inLanguage":"de-DE","@id":"https:\/\/produncan.cl\/de\/#\/schema\/logo\/image\/","url":"https:\/\/produncan.cl\/wp-content\/uploads\/2021\/03\/LOGO.jpeg","contentUrl":"https:\/\/produncan.cl\/wp-content\/uploads\/2021\/03\/LOGO.jpeg","width":1280,"height":903,"caption":"Produncan"},"image":{"@id":"https:\/\/produncan.cl\/de\/#\/schema\/logo\/image\/"},"sameAs":["https:\/\/web.facebook.com\/produncanland","https:\/\/www.instagram.com\/pro_duncan\/","https:\/\/www.linkedin.com\/company\/produncan-lands\/","https:\/\/www.youtube.com\/channel\/UCu7N-f3x0svkazD-Eew1-QQ"],"description":"En Produncan somos especialistas en la venta de terrenos en el sur de Chile. Proveemos estancias, campos, parcelas y hoteles.","email":"info@produncan.cl"}]},"og_video":"https:\/\/www.youtube.com\/embed\/tIrRRFqHG9M","og_video_type":"text\/html","og_video_duration":"81","og_video_width":"480","og_video_height":"360","ya_ovs_adult":"false","ya_ovs_upload_date":"2021-02-25T14:31:40+00:00","ya_ovs_allow_embed":"true","product_price_currency":"USD","og_availability":"out of stock","product_availability":"out of stock","product_condition":"new"},"_links":{"self":[{"href":"https:\/\/produncan.cl\/de\/wp-json\/wp\/v2\/product\/29462","targetHints":{"allow":["GET"]}}],"collection":[{"href":"https:\/\/produncan.cl\/de\/wp-json\/wp\/v2\/product"}],"about":[{"href":"https:\/\/produncan.cl\/de\/wp-json\/wp\/v2\/types\/product"}],"version-history":[{"count":0,"href":"https:\/\/produncan.cl\/de\/wp-json\/wp\/v2\/product\/29462\/revisions"}],"wp:featuredmedia":[{"embeddable":true,"href":"https:\/\/produncan.cl\/de\/wp-json\/wp\/v2\/media\/38473"}],"wp:attachment":[{"href":"https:\/\/produncan.cl\/de\/wp-json\/wp\/v2\/media?parent=29462"}],"wp:term":[{"taxonomy":"product_brand","embeddable":true,"href":"https:\/\/produncan.cl\/de\/wp-json\/wp\/v2\/product_brand?post=29462"},{"taxonomy":"product_cat","embeddable":true,"href":"https:\/\/produncan.cl\/de\/wp-json\/wp\/v2\/product_cat?post=29462"},{"taxonomy":"product_tag","embeddable":true,"href":"https:\/\/produncan.cl\/de\/wp-json\/wp\/v2\/product_tag?post=29462"},{"taxonomy":"regiones","embeddable":true,"href":"https:\/\/produncan.cl\/de\/wp-json\/wp\/v2\/regiones?post=29462"},{"taxonomy":"ciudades","embeddable":true,"href":"https:\/\/produncan.cl\/de\/wp-json\/wp\/v2\/ciudades?post=29462"}],"curies":[{"name":"wp","href":"https:\/\/api.w.org\/{rel}","templated":true}]}}